{"id":9897,"date":"2025-08-08T11:11:26","date_gmt":"2025-08-08T15:11:26","guid":{"rendered":"https:\/\/lowimpacthydro.org\/?page_id=9897"},"modified":"2026-03-12T13:44:02","modified_gmt":"2026-03-12T17:44:02","slug":"center-rutland-project-vermont","status":"publish","type":"page","link":"https:\/\/lowimpacthydro.org\/fr\/center-rutland-project-vermont\/","title":{"rendered":"Certificat LIHI #206 Projet Center Rutland \u2013 Vermont"},"content":{"rendered":"<table class=\"alignright\" style=\"width: 351px; border: 2px; cellspacing: 2px; cellpadding: 2px; margin-left: 50px;\">\n<tbody>\n<tr>\n<td style=\"border-style: solid;\" width=\"162\"><strong>Nom du projet<\/strong><\/td>\n<td style=\"border-style: solid;\" width=\"180\">Centre Rutland<\/td>\n<\/tr>\n<tr>\n<td style=\"border-style: solid;\"><strong>Num\u00e9ro de certificat LIHI<br \/>\n<\/strong><\/td>\n<td style=\"border-style: solid;\">206<\/td>\n<\/tr>\n<tr>\n<td style=\"border-style: solid;\"><strong>Dur\u00e9e du certificat LIHI<br \/>\n<\/strong><\/td>\n<td style=\"border-style: solid;\">30 septembre 2025 - 29 septembre 2035<\/td>\n<\/tr>\n<tr>\n<td style=\"border-style: solid;\" width=\"162\"><strong>Propri\u00e9taire<\/strong><\/td>\n<td style=\"border-style: solid;\" width=\"180\">Green Mountain Power Corp.<\/td>\n<\/tr>\n<tr>\n<td style=\"border-style: solid;\" width=\"162\"><strong>\u00c9tat<\/strong><\/td>\n<td style=\"border-style: solid;\" width=\"180\">Vermont<\/td>\n<\/tr>\n<tr>\n<td style=\"border-style: solid;\" width=\"162\"><strong>Emplacement<\/strong><\/td>\n<td style=\"border-style: solid;\" width=\"180\">Rivi\u00e8re Mile 71 sur Otter Creek<\/td>\n<\/tr>\n<tr>\n<td style=\"border-style: solid;\" width=\"162\"><strong>Capacit\u00e9 install\u00e9e<\/strong><\/td>\n<td style=\"border-style: solid;\" width=\"180\">0,275 MW<\/td>\n<\/tr>\n<tr>\n<td style=\"border-style: solid;\" width=\"162\"><strong>G\u00e9n\u00e9ration annuelle moyenne<\/strong><\/td>\n<td style=\"border-style: solid;\" width=\"180\">541 MWh<\/td>\n<\/tr>\n<tr>\n<td style=\"border-style: solid;\" width=\"162\"><strong>Type d&#039;\u00e9tablissement<\/strong><\/td>\n<td style=\"border-style: solid;\" width=\"180\"><span class='tooltipsall tooltip_post_id_5643 classtoolTips52'>Au fil de l&#039;eau<\/span><\/td>\n<\/tr>\n<tr>\n<td style=\"border-style: solid;\" width=\"162\"><strong><span class='tooltipsall tooltip_post_id_5565 classtoolTips152'>F\u00e9d\u00e9ration internationale de radio-t\u00e9l\u00e9vision (FERC)<\/span> Non.<\/strong><\/td>\n<td style=\"border-style: solid;\" width=\"180\">P-2445 d\u00e9livr\u00e9 le 26 d\u00e9cembre 2024\u00a0; expire le 30\/11\/2064<\/td>\n<\/tr>\n<\/tbody>\n<\/table>\n<p>Le projet hydro\u00e9lectrique de Center Rutland est situ\u00e9 sur Otter Creek, dans la ville de Rutland (adjacente \u00e0 la ville de Rutland), dans le comt\u00e9 de Rutland, au Vermont. Il est situ\u00e9 au kilom\u00e8tre 71 de la rivi\u00e8re. Plusieurs autres barrages sont situ\u00e9s sur la rivi\u00e8re, notamment en aval. <a href=\"https:\/\/lowimpacthydro.org\/fr\/lihi-certificate-128-otter-creek-project-vt\/\">Projet Otter Creek, LIHI #128<\/a>, et bien en aval, <a href=\"https:\/\/lowimpacthydro.org\/fr\/lihi-certificate-99-middlebury-lower-vermont\/\">Middlebury Lower, LIHI #99<\/a>, <a href=\"https:\/\/lowimpacthydro.org\/fr\/lihi-certificate-98-weybridge-hydroelectric-project-vermont\/\">Weybridge, LIHI 1TP 5T98<\/a>, et <a href=\"https:\/\/lowimpacthydro.org\/fr\/lihi-certificate-134-vergennes-hydroelectric-project-vermont\/\">Vergennes, LIHI #134<\/a>.<\/p>\n<p>Construit \u00e0 l&#039;origine en 1850 et reconstruit en 1928, le <span class='tooltipsall tooltip_post_id_5545 classtoolTips158'>barrage<\/span> il s&#039;agit d&#039;une structure gravitaire en b\u00e9ton et en ma\u00e7onnerie de pierre de 190 pieds de long, compos\u00e9e d&#039;une section sans d\u00e9bordement de 16 pieds de long et d&#039;une section de 174 pieds de long <span class='tooltipsall tooltip_post_id_5651 classtoolTips116'>d\u00e9versoir<\/span>, et une section sans d\u00e9bordement de 5 m\u00e8tres de long. Le bassin de retenue a une superficie de 4,3 hectares (10,97 acres) sans capacit\u00e9 de stockage utilisable \u00e0 la hauteur normale de la surface de l&#039;eau (505,05 pieds). <span class='tooltipsall tooltip_post_id_5605 classtoolTips2'>Syst\u00e8me national de r\u00e9f\u00e9rence verticale g\u00e9od\u00e9sique<\/span> de 1929 (<span class='tooltipsall tooltip_post_id_5608 classtoolTips155'>NGVD<\/span> 29). Le barrage cr\u00e9e un court tron\u00e7on contourn\u00e9 de 76 m\u00e8tres de long, comprenant une chute rocheuse pr\u00e9sentant peu de valeur pour l&#039;habitat aquatique, ainsi qu&#039;un bassin profond \u00e0 l&#039;extr\u00e9mit\u00e9 aval de la chute rocheuse, qui est retenu et reli\u00e9 hydrauliquement au canal de fuite \u00e0 tous les d\u00e9bits de 11,8 m\u00b3\/s ou plus.<\/p>\n<p>Un petit bassin d&#039;amont et une prise d&#039;eau en ma\u00e7onnerie de b\u00e9ton et de marbre acheminent l&#039;eau vers un barrage en acier de 6 pieds de diam\u00e8tre et de 75 pieds de long. <span class='tooltipsall tooltip_post_id_5619 classtoolTips124'>conduite forc\u00e9e<\/span> menant \u00e0 la ma\u00e7onnerie en pierre et en marbre de 40 pieds de long et 33 pieds de large <span class='tooltipsall tooltip_post_id_5624 classtoolTips102'>centrale<\/span>La centrale comprend une turbine \u00e0 arbre horizontal entra\u00eenant un g\u00e9n\u00e9rateur de 0,275 MW. Les autres infrastructures de l&#039;installation comprennent un <span class='tooltipsall tooltip_post_id_5656 classtoolTips92'>sous-station<\/span>; une ligne de transmission d&#039;environ 24 m\u00e8tres de long et de 12,47 kilovolts ; un c\u00e2ble \u00e0 fibre optique de 560 m\u00e8tres de long pour fournir les communications du r\u00e9seau intelligent au projet ; ainsi que les \u00e9quipements et installations connexes. Bien que des prises pour <span class='tooltipsall tooltip_post_id_5569 classtoolTips79'>tableau flash<\/span> des broches existent le long de la cr\u00eate du d\u00e9versoir en b\u00e9ton, le bois <span class='tooltipsall tooltip_post_id_5569 classtoolTips79'>tableaux d&#039;affichage<\/span> ne sont pas actuellement install\u00e9s et ne sont plus en place depuis 2012.<\/p>\n<p>Le projet op\u00e8re dans un <span class='tooltipsall tooltip_post_id_5643 classtoolTips52'>au fil de l&#039;eau<\/span> Mode o\u00f9 le d\u00e9bit sortant est proche du d\u00e9bit entrant et g\u00e9r\u00e9 conform\u00e9ment \u00e0 un plan de gestion et de surveillance des d\u00e9bits. Le d\u00e9bit minimal du tron\u00e7on contourn\u00e9 est de 80 pi\u00b3\/s ou du d\u00e9bit entrant, selon le moins \u00e9lev\u00e9 des deux, du 1er juin au 15 octobre, et de 60 pi\u00b3\/s ou du d\u00e9bit entrant, selon le moins \u00e9lev\u00e9 des deux, du 16 octobre au 31 mai. Ces niveaux de d\u00e9bit d\u00e9passent la recommandation de l&#039;Agence des ressources naturelles du Vermont (VANR).<\/p>\n<p>Les eaux de la zone du projet sont class\u00e9es comme habitats piscicoles d&#039;eau froide de classe B(2), adapt\u00e9s aux usages d\u00e9sign\u00e9s\u00a0: biote aquatique, faune et habitat aquatique\u00a0; esth\u00e9tique\u00a0; approvisionnement public en eau\u00a0; irrigation des cultures et autres usages agricoles\u00a0; baignade et autres loisirs de contact\u00a0; navigation de plaisance, p\u00eache et autres usages r\u00e9cr\u00e9atifs. La zone du projet n&#039;est pas class\u00e9e comme d\u00e9grad\u00e9e par le VANR et le suivi de la qualit\u00e9 de l&#039;eau a indiqu\u00e9 que le projet n&#039;a pas d&#039;impact n\u00e9gatif sur la qualit\u00e9 de l&#039;eau.<\/p>\n<p>Otter Creek abrite des esp\u00e8ces de poissons d&#039;eau froide et d&#039;eau chaude et n&#039;en poss\u00e8de actuellement aucune. <span class='tooltipsall tooltip_post_id_5549 classtoolTips96'>diadrome<\/span> Esp\u00e8ces de poissons pr\u00e9sentes dans les eaux du projet\u00a0; toutefois, le projet se situe dans l&#039;aire de r\u00e9partition historique de l&#039;anguille d&#039;Am\u00e9rique et des plans de passage de l&#039;anguille d&#039;Am\u00e9rique sont pr\u00e9vus dans l&#039;ann\u00e9e suivant la mise en \u0153uvre des mesures de passage de l&#039;anguille en amont au projet hydro\u00e9lectrique d&#039;Otter Creek (FERC n\u00b0\u00a02558), situ\u00e9 imm\u00e9diatement en aval. Les esp\u00e8ces r\u00e9sidentes comprennent des esp\u00e8ces typiques des eaux froides et chaudes. Les grilles \u00e0 d\u00e9chets sont espac\u00e9es de 9\/16\u00a0po, ce qui prot\u00e8ge les poissons de l&#039;entra\u00eenement. La vitesse d&#039;approche \u00e0 la prise d&#039;eau est inf\u00e9rieure \u00e0 30\u00a0cm par seconde (0,70\u00a0pi\/s) en pleine production, ce qui r\u00e9duit consid\u00e9rablement le risque de <span class='tooltipsall tooltip_post_id_5587 classtoolTips82'>empi\u00e8tement<\/span> et <span class='tooltipsall tooltip_post_id_5558 classtoolTips77'>entra\u00eenement<\/span> parce que les poissons peuvent nager loin de la prise d&#039;eau.<\/p>\n<p>Le projet est situ\u00e9 dans une zone industrialis\u00e9e du bassin versant d&#039;Otter Creek et poss\u00e8de une rive limit\u00e9e \u00e0 l&#039;int\u00e9rieur du bassin de retenue. L&#039;exploitation au fil de l&#039;eau limite le risque d&#039;\u00e9rosion des rives. La superficie des terres non aquatiques du projet est limit\u00e9e \u00e0 environ 0,6 acre autour des structures.<\/p>\n<p>Parmi les esp\u00e8ces menac\u00e9es et en voie de disparition potentiellement pr\u00e9sentes figurent la chauve-souris nordique et la chauve-souris de l&#039;Est, dont l&#039;inscription est propos\u00e9e. Cependant, il n&#039;existe aucun g\u00eete d&#039;hibernation ni site de maternit\u00e9 estivale connus \u00e0 proximit\u00e9 du projet. Le papillon monarque, dont l&#039;inscription est propos\u00e9e, et le pygargue \u00e0 t\u00eate blanche, esp\u00e8ce prot\u00e9g\u00e9e, pourraient \u00e9galement \u00eatre pr\u00e9sents. Parmi les esp\u00e8ces de moules inscrites au registre de l&#039;\u00c9tat pr\u00e9sentes dans le bassin de retenue, on compte le lasmigone compress\u00e9 (Lasmigona compressa) et le grimpereau (Strophitus undulatus). Le projet \u00e9tant exploit\u00e9 au fil de l&#039;eau, son exploitation normale ne devrait pas avoir d&#039;impact sur les esp\u00e8ces de moules. Si le bassin de retenue devait \u00eatre abaiss\u00e9, les propri\u00e9taires consulteraient le VANR avant toute op\u00e9ration d&#039;abaissement pr\u00e9vue. Compte tenu de la faible superficie du terrain (1,4 hectare) et de l&#039;absence de n\u00e9cessit\u00e9 d&#039;abattage d&#039;arbres ou de gestion non syst\u00e9matique de la v\u00e9g\u00e9tation, il est peu probable que le projet ait un impact sur les esp\u00e8ces prot\u00e9g\u00e9es.<\/p>\n<p>L&#039;ensemble du complexe hydro\u00e9lectrique de Center Rutland a d\u00e9j\u00e0 \u00e9t\u00e9 document\u00e9 dans un <span class='tooltipsall tooltip_post_id_5606 classtoolTips1'>Registre national des lieux historiques<\/span> Formulaire d&#039;inscription pour le district historique de la centrale hydro\u00e9lectrique de Center Rutland (district). La candidature n&#039;a jamais \u00e9t\u00e9 soumise au Registre national, mais a \u00e9t\u00e9 conserv\u00e9e au D\u00e9partement de la pr\u00e9servation historique du Vermont (VDHP). Le district comprend la centrale, les chutes Mead et les b\u00e2timents environnants. Des artefacts am\u00e9rindiens ont \u00e9galement \u00e9t\u00e9 d\u00e9couverts. Le projet est r\u00e9gi par un plan de gestion des propri\u00e9t\u00e9s historiques qui exige la consultation du VDHP et des tribus avant la r\u00e9alisation de certaines activit\u00e9s afin de minimiser les impacts potentiels sur les ressources culturelles et tribales. La licence de la FERC exige \u00e9galement que le propri\u00e9taire con\u00e7oive et installe un kiosque d&#039;information sur le patrimoine culturel pour la ville de Rutland, qui sera situ\u00e9 dans le parc municipal non concern\u00e9 par le projet.<\/p>\n<p>Dans le cadre de l&#039;obtention de la nouvelle licence de la FERC, le projet \u00e9labore un plan de gestion des loisirs. Les am\u00e9nagements r\u00e9cr\u00e9atifs actuels comprennent un acc\u00e8s public informel \u00e0 Otter Creek, juste en aval du barrage, sur la rive nord. Cet acc\u00e8s se fait par un sentier de terre suffisamment large pour le passage des cano\u00ebs, avec un stationnement informel \u00e0 proximit\u00e9. Les p\u00eacheurs utilisent ce point d&#039;acc\u00e8s sur la rive nord et acc\u00e8dent \u00e0 la rive sud en aval du barrage, depuis l&#039;avenue Simons. Compte tenu de l&#039;utilisation historique de ce secteur, la ville de Rutland a entam\u00e9 des discussions avec le propri\u00e9taire en 2018 afin d&#039;envisager l&#039;am\u00e9nagement conjoint d&#039;un petit parc au sein de cette zone d&#039;utilisation informelle. L&#039;acc\u00e8s y est gratuit.<\/p>\n<hr \/>\n<h3>\u00c9tat de conformit\u00e9<\/h3>\n<p><strong>Le certificat comprend les conditions sp\u00e9cifiques \u00e0 l&#039;\u00e9tablissement suivantes :<\/strong><\/p>\n<ul style=\"color: black;\">\n<li><strong>Condition 1 :<\/strong> D\u00e8s l&#039;approbation par la FERC du plan de gestion des installations de traitement des sols (HPMP) requis par l&#039;article 409, le propri\u00e9taire de l&#039;installation doit fournir \u00e0 LIHI une copie du HPMP approuv\u00e9, la documentation relative aux consultations men\u00e9es aupr\u00e8s du VDHP et des nations tribales concern\u00e9es, ainsi qu&#039;un bref r\u00e9sum\u00e9 de son \u00e9tat d&#039;avancement. Des mises \u00e0 jour concernant la mise en \u0153uvre du HPMP et toute consultation men\u00e9e aupr\u00e8s du VDHP et des nations tribales lors des travaux de terrassement doivent \u00e9galement \u00eatre fournies dans les rapports annuels de conformit\u00e9 soumis \u00e0 LIHI.<\/li>\n<li><strong>Condition 2 :<\/strong> Apr\u00e8s approbation par la FERC du plan de surveillance des activit\u00e9s r\u00e9cr\u00e9atives requis par l&#039;article 407, le propri\u00e9taire de l&#039;installation doit d\u00e9poser le plan approuv\u00e9 aupr\u00e8s de LIHI. Les rapports annuels de conformit\u00e9 \u00e0 soumettre \u00e0 LIHI doivent r\u00e9sumer l&#039;utilisation r\u00e9cr\u00e9ative, la coordination du d\u00e9veloppement du kiosque avec la ville de Rutland et tout changement des conditions d&#039;acc\u00e8s du public.<\/li>\n<\/ul>\n<p><strong>2025:<\/strong> Le rapport annuel pour le certificat actuel n&#039;est pas encore entr\u00e9 en vigueur.<\/p>\n<h3>Historique des certifications<\/h3>\n<p><strong>6 janvier 2026\u00a0:<\/strong> L&#039;Institut de l&#039;hydro\u00e9lectricit\u00e9 \u00e0 faible impact a rendu sa d\u00e9cision finale concernant la certification du projet hydro\u00e9lectrique de Center Rutland. Aucun recours n&#039;a \u00e9t\u00e9 re\u00e7u durant la p\u00e9riode d&#039;appel, qui s&#039;est termin\u00e9e le 4 janvier 2026. La certification, d&#039;une dur\u00e9e de 10 ans, court du 30 septembre 2025 au 29 septembre 2035.<\/p>\n<p><strong>5 d\u00e9cembre 2025 :<\/strong> L&#039;Institut de l&#039;hydro\u00e9lectricit\u00e9 \u00e0 faible impact (LIHI) a approuv\u00e9 \u00e0 titre pr\u00e9liminaire la certification \u00e0 faible impact du projet hydro\u00e9lectrique de Center Rutland (en attente de la certification LIHI #206). Le dossier de demande complet et le rapport d&#039;\u00e9valuation sont disponibles ci-dessous.<\/p>\n<p>Cette d\u00e9cision est pr\u00e9liminaire, dans l&#039;attente d&#039;un d\u00e9lai d&#039;appel de 30 jours. Seuls les candidats ayant comment\u00e9 les demandes initiales pendant ce d\u00e9lai de 60 jours sont autoris\u00e9s \u00e0 d\u00e9poser un recours. Ce recours doit inclure une explication expliquant en quoi les projets ne r\u00e9pondent pas aux crit\u00e8res du LIHI. Les demandes de recours peuvent \u00eatre soumises par courriel \u00e0 l&#039;adresse suivante\u00a0: <a href=\"mailto:comments@lowimpacthydro.org\">comments@lowimpacthydro.org<\/a> Veuillez indiquer \u201c\u00a0Projet Center Rutland\u00a0\u201d dans l\u2019objet de votre courriel ou envoyer votre demande par courrier \u00e0 l\u2019adresse suivante\u00a0: Low Impact Hydropower Institute, 68 Harrison Ave Ste 605, PMB 113938 Boston, Massachusetts 02111-1929. Toutes les demandes seront publi\u00e9es sur le site web. Le demandeur aura la possibilit\u00e9 de r\u00e9pondre et toute r\u00e9ponse sera \u00e9galement publi\u00e9e. <strong>Les demandes doivent \u00eatre re\u00e7ues avant 17 h, heure de l&#039;Est, le 4 janvier 2026.\u00a0<\/strong>Si aucune demande d&#039;appel n&#039;est re\u00e7ue, la p\u00e9riode de certification s&#039;\u00e9tendra du 30 septembre 2025 au 29 septembre 2035.<\/p>\n<p><strong>30 septembre 2025<\/strong><strong>: <\/strong>Le Low Impact Hydropower Institute a re\u00e7u une demande compl\u00e8te de certification de faible impact pour le projet hydro\u00e9lectrique de Center Rutland. Le LIHI sollicite les commentaires du public sur cette demande. Plus pr\u00e9cis\u00e9ment, nous souhaitons savoir si, selon vous, le projet r\u00e9pond aux crit\u00e8res de certification de faible impact du LIHI, tels que r\u00e9vis\u00e9s dans la 2e \u00e9dition du manuel en vigueur au moment de la demande initiale. Veuillez consulter le programme et les crit\u00e8res du LIHI. <a href=\"https:\/\/lowimpacthydro.org\/wp-content\/uploads\/2025\/02\/2nd-Edition-Handbook-Rev.-2.06-clean-final.pdf\">Manuel R\u00e9vision 2.06<\/a> et consultez ensuite les documents de candidature du projet ci-dessous.<\/p>\n<p>Commentaires directement li\u00e9s \u00e0 des crit\u00e8res sp\u00e9cifiques du LIHI (d\u00e9bits, qualit\u00e9 de l&#039;eau, <span class='tooltipsall tooltip_post_id_5566 classtoolTips59'>passage des poissons<\/span>, etc.) seront tr\u00e8s utiles, mais tous les commentaires seront pris en compte. Les commentaires peuvent \u00eatre soumis \u00e0 l&#039;Institut par courrier \u00e9lectronique \u00e0 l&#039;adresse <a href=\"mailto:comments@lowimpacthydro.org\">comments@lowimpacthydro.org<\/a> avec \u00ab Commentaires sur le projet Center Rutland \u00bb dans l&#039;objet, ou par courrier adress\u00e9 au Low Impact Hydropower Institute, 68 Harrison Ave Ste 605, PMB 113938 Boston, Massachusetts 02111-1929.\u00a0 <strong>Les commentaires doivent \u00eatre re\u00e7us au plus tard \u00e0 17 heures, heure de l&#039;Est, le 28 novembre 2025.<\/strong>\u00a0\u00e0 prendre en consid\u00e9ration. Tous les commentaires seront publi\u00e9s sur le site Web et le candidat aura la possibilit\u00e9 d&#039;y r\u00e9pondre. Toute r\u00e9ponse sera \u00e9galement publi\u00e9e.<\/p>\n<hr \/>\n<h3>Dossiers de certification<\/h3>\n<h4>Candidature 2025<\/h4>\n<ul style=\"color: black;\">\n<li><a href=\"https:\/\/lowimpacthydro.org\/wp-content\/uploads\/2025\/12\/Center-Rutland_LIHI_Review_Report_Final-Clean.pdf\">Rapport d&#039;\u00e9valuation du centre de Rutland 2025<\/a><\/li>\n<li><a href=\"https:\/\/lowimpacthydro.org\/wp-content\/uploads\/2025\/09\/P-2445_Center-Rutland-LIHI-Application_20250523-updated.pdf\">Demande de certification du Centre Rutland 2025<\/a><\/li>\n<li><a href=\"https:\/\/lowimpacthydro.org\/wp-content\/uploads\/2025\/12\/Nulhegan-Band-of-the-Coosuk-Abenaki-Nation-Comment-Center-Rutland.pdf\">Lettre de commentaires Bande Nulhegan des Coosuk \u2013 Nation Ab\u00e9naquise<\/a><\/li>\n<li><a href=\"https:\/\/lowimpacthydro.org\/wp-content\/uploads\/2025\/12\/Elnu-Abenaki-Comment-Center-Rutland.pdf\">Lettre de commentaires d&#039;Elnu Abenaki<\/a><\/li>\n<\/ul>\n<hr \/>\n<h3>Documents cl\u00e9s<\/h3>\n<ul style=\"color: black;\">\n<li><a href=\"https:\/\/lowimpacthydro.org\/wp-content\/uploads\/2025\/08\/20241226-Center-Rutland-license-and-WQC.pdf\">Licence FERC et certification de la qualit\u00e9 de l&#039;eau de Center Rutland 2024<\/a><\/li>\n<li><a href=\"https:\/\/lowimpacthydro.org\/wp-content\/uploads\/2025\/08\/20240424-FERC-EA_Center-Rutland.pdf\">\u00c9valuation environnementale FERC de Center Rutland 2024<\/a><\/li>\n<\/ul>","protected":false},"excerpt":{"rendered":"<p>Project Name Center Rutland LIHI Certificate No. 206 LIHI Certificate Term September 30, 2025 -September 29, 2035 Owner Green Mountain Power Corp. State Vermont Location River<span class=\"excerpt-hellip\"> [\u2026]<\/span><\/p>\n","protected":false},"author":4,"featured_media":-1,"parent":0,"menu_order":0,"comment_status":"closed","ping_status":"closed","template":"","meta":{"_coblocks_attr":"","_coblocks_dimensions":"","_coblocks_responsive_height":"","_coblocks_accordion_ie_support":"","om_disable_all_campaigns":false,"_monsterinsights_skip_tracking":false,"_monsterinsights_sitenote_active":false,"_monsterinsights_sitenote_note":"","_monsterinsights_sitenote_category":0,"footnotes":""},"class_list":["post-9897","page","type-page","status-publish","has-post-thumbnail","hentry"],"aioseo_notices":[],"_links":{"self":[{"href":"https:\/\/lowimpacthydro.org\/fr\/wp-json\/wp\/v2\/pages\/9897","targetHints":{"allow":["GET"]}}],"collection":[{"href":"https:\/\/lowimpacthydro.org\/fr\/wp-json\/wp\/v2\/pages"}],"about":[{"href":"https:\/\/lowimpacthydro.org\/fr\/wp-json\/wp\/v2\/types\/page"}],"author":[{"embeddable":true,"href":"https:\/\/lowimpacthydro.org\/fr\/wp-json\/wp\/v2\/users\/4"}],"replies":[{"embeddable":true,"href":"https:\/\/lowimpacthydro.org\/fr\/wp-json\/wp\/v2\/comments?post=9897"}],"version-history":[{"count":22,"href":"https:\/\/lowimpacthydro.org\/fr\/wp-json\/wp\/v2\/pages\/9897\/revisions"}],"predecessor-version":[{"id":10419,"href":"https:\/\/lowimpacthydro.org\/fr\/wp-json\/wp\/v2\/pages\/9897\/revisions\/10419"}],"wp:featuredmedia":[{"embeddable":true,"href":"https:\/\/lowimpacthydro.org\/fr\/wp-json\/"}],"wp:attachment":[{"href":"https:\/\/lowimpacthydro.org\/fr\/wp-json\/wp\/v2\/media?parent=9897"}],"curies":[{"name":"wp","href":"https:\/\/api.w.org\/{rel}","templated":true}]}}