{"id":9775,"date":"2025-07-09T15:25:07","date_gmt":"2025-07-09T19:25:07","guid":{"rendered":"https:\/\/lowimpacthydro.org\/?page_id=9775"},"modified":"2025-11-03T09:00:56","modified_gmt":"2025-11-03T14:00:56","slug":"newbury-project-vermont","status":"publish","type":"page","link":"https:\/\/lowimpacthydro.org\/fr\/newbury-project-vermont\/","title":{"rendered":"Projet Newbury \u2013 Vermont"},"content":{"rendered":"<table class=\"alignright\" style=\"width: 351px; border: 2px; cellspacing: 2px; cellpadding: 2px; margin-left: 50px;\">\n<tbody>\n<tr>\n<td style=\"border-style: solid;\" width=\"162\"><strong>Nom du projet<\/strong><\/td>\n<td style=\"border-style: solid;\" width=\"180\">Newbury<\/td>\n<\/tr>\n<tr>\n<td style=\"border-style: solid;\"><strong>Num\u00e9ro de certificat LIHI<br \/>\n<\/strong><\/td>\n<td style=\"border-style: solid;\">205<\/td>\n<\/tr>\n<tr>\n<td style=\"border-style: solid;\"><strong>Dur\u00e9e du certificat LIHI<br \/>\n<\/strong><\/td>\n<td style=\"border-style: solid;\">Du 9 juillet 2025 au 8 juillet 2035<\/td>\n<\/tr>\n<tr>\n<td style=\"border-style: solid;\" width=\"162\"><strong>Propri\u00e9taire<\/strong><\/td>\n<td style=\"border-style: solid;\" width=\"180\">Green Mountain Power Corp.<\/td>\n<\/tr>\n<tr>\n<td style=\"border-style: solid;\" width=\"162\"><strong>\u00c9tat<\/strong><\/td>\n<td style=\"border-style: solid;\" width=\"180\">Vermont<\/td>\n<\/tr>\n<tr>\n<td style=\"border-style: solid;\" width=\"162\"><strong>Emplacement<\/strong><\/td>\n<td style=\"border-style: solid;\" width=\"180\">Mile 0,9 sur la rivi\u00e8re Wells<\/td>\n<\/tr>\n<tr>\n<td style=\"border-style: solid;\" width=\"162\"><strong>Capacit\u00e9 install\u00e9e<\/strong><\/td>\n<td style=\"border-style: solid;\" width=\"180\">0,365 MW<\/td>\n<\/tr>\n<tr>\n<td style=\"border-style: solid;\" width=\"162\"><strong>G\u00e9n\u00e9ration annuelle moyenne<\/strong><\/td>\n<td style=\"border-style: solid;\" width=\"180\">882 MWh<\/td>\n<\/tr>\n<tr>\n<td style=\"border-style: solid;\" width=\"162\"><strong>Type d&#039;\u00e9tablissement<\/strong><\/td>\n<td style=\"border-style: solid;\" width=\"180\"><span class='tooltipsall tooltip_post_id_5643 classtoolTips52'>Au fil de l&#039;eau<\/span><\/td>\n<\/tr>\n<tr>\n<td style=\"border-style: solid;\" width=\"162\"><strong><span class='tooltipsall tooltip_post_id_5565 classtoolTips152'>F\u00e9d\u00e9ration internationale de radio-t\u00e9l\u00e9vision (FERC)<\/span> Non.<\/strong><\/td>\n<td style=\"border-style: solid;\" width=\"180\">P-5261 d\u00e9livr\u00e9 le 28 mars 2024\u00a0; expire le 29\/02\/2064<\/td>\n<\/tr>\n<\/tbody>\n<\/table>\n<p>Le projet hydro\u00e9lectrique de Newbury est situ\u00e9 sur la rivi\u00e8re Wells, dans le village de Wells River, ville de Newbury, dans le comt\u00e9 d&#039;Orange, au Vermont. Il se trouve \u00e0 environ 1,4 km du confluent de la rivi\u00e8re Wells et du fleuve Connecticut. Construit en 1912, le <span class='tooltipsall tooltip_post_id_5545 classtoolTips158'>barrage<\/span> est une structure en b\u00e9ton de type gravit\u00e9 qui mesure 90 pieds de long sur 26 pieds de haut avec une orientation sud <span class='tooltipsall tooltip_post_id_5514 classtoolTips118'>pilier<\/span> cr\u00eate \u00e0 464,9 pieds <span class='tooltipsall tooltip_post_id_5605 classtoolTips2'>Syst\u00e8me national de r\u00e9f\u00e9rence verticale g\u00e9od\u00e9sique<\/span> (<span class='tooltipsall tooltip_post_id_5608 classtoolTips155'>NGVD<\/span> 29) et une cr\u00eate de cul\u00e9e nord \u00e0 464,4 pieds NGVD 29. Le <span class='tooltipsall tooltip_post_id_5651 classtoolTips116'>d\u00e9versoir<\/span> mesure 73,3 pieds de long sur environ 20 pieds de haut et est surmont\u00e9 d&#039;un pont pneumatique de 5 pieds de haut et 73,3 pieds de long <span class='tooltipsall tooltip_post_id_5542 classtoolTips95'>porte de cr\u00eate<\/span> Syst\u00e8me. La hauteur de cr\u00eate du d\u00e9versoir est de 139,8 m (NGVD 29), et le niveau normal du r\u00e9servoir est de 131,8 m (NGVD 29), avec le syst\u00e8me de vannes de cr\u00eate gonfl\u00e9. Le barrage cr\u00e9e un tron\u00e7on contourn\u00e9 d&#039;environ 180 m de long, et le r\u00e9servoir mesure environ 600 m de long et couvre une superficie de 4,5 hectares (11,4 acres) \u00e0 pleine capacit\u00e9, avec une capacit\u00e9 de stockage brute de 10,3 hectares (25 acres-pieds).<\/p>\n<p>Les installations suppl\u00e9mentaires du projet comprennent : une mine d&#039;acier souterraine de 5 pieds de diam\u00e8tre et de 435 pieds de long <span class='tooltipsall tooltip_post_id_5619 classtoolTips124'>conduite forc\u00e9e<\/span>; une structure d&#039;admission ; un <span class='tooltipsall tooltip_post_id_5624 classtoolTips102'>centrale<\/span> situ\u00e9 dans l&#039;ancien b\u00e2timent de l&#039;usine Adams Paper Company contenant une seule unit\u00e9 turbine-g\u00e9n\u00e9rateur (unit\u00e9 n\u00b0 1) d&#039;une puissance nominale de 0,315 MW et une unit\u00e9 \u00e0 d\u00e9bit minimal (unit\u00e9 n\u00b0 2) situ\u00e9e \u00e0 environ 75 pieds en aval du barrage d&#039;une puissance nominale de 0,05 MW ; un canal de fuite ; trois fils de g\u00e9n\u00e9rateur de 150 pieds de long cr\u00e9ant une ligne de transmission souterraine de 480 volts (V), triphas\u00e9e, de 150 pieds de long se connectant \u00e0 trois \u00e9l\u00e9vateurs de 167 kVA3 mont\u00e9s sur poteau <span class='tooltipsall tooltip_post_id_5665 classtoolTips70'>transformateurs<\/span>; installations annexes.<\/p>\n<p>Le projet op\u00e8re dans un <span class='tooltipsall tooltip_post_id_5643 classtoolTips52'>au fil de l&#039;eau<\/span> Mode o\u00f9 le d\u00e9bit sortant est proche du d\u00e9bit entrant et est g\u00e9r\u00e9 conform\u00e9ment \u00e0 un plan de gestion et de surveillance des d\u00e9bits. Le tron\u00e7on contourn\u00e9 re\u00e7oit 37 pi\u00b3\/s, ou un d\u00e9bit entrant s&#039;il est inf\u00e9rieur, toute l&#039;ann\u00e9e. Ce d\u00e9bit minimal comprend 10 pi\u00b3\/s d\u00e9vers\u00e9s par le d\u00e9versoir \u00e0 des fins esth\u00e9tiques. L&#039;unit\u00e9 de d\u00e9bit minimal du projet fournit 30 pi\u00b3\/s du d\u00e9bit minimal requis, le d\u00e9bit minimal suppl\u00e9mentaire de 7 pi\u00b3\/s \u00e9tant assur\u00e9 par un d\u00e9versement esth\u00e9tique de 10 pi\u00b3\/s. L&#039;unit\u00e9 de d\u00e9bit minimal fonctionne en mode marche ou arr\u00eat, de sorte que si le d\u00e9bit disponible est inf\u00e9rieur \u00e0 30 pi\u00b3\/s, l&#039;unit\u00e9 est arr\u00eat\u00e9e.<br \/>\nvers le bas et tout le d\u00e9bit entrant est d\u00e9vers\u00e9 par-dessus le d\u00e9versoir.<\/p>\n<p>Les eaux du tron\u00e7on du projet ne sont pas r\u00e9pertori\u00e9es comme alt\u00e9r\u00e9es par l&#039;\u00c9tat du Vermont, et la surveillance de la qualit\u00e9 de l&#039;eau a d\u00e9montr\u00e9 que la rivi\u00e8re Wells atteignait les normes des eaux de classe B(2) adapt\u00e9es \u00e0 la baignade et \u00e0 d&#039;autres loisirs de contact primaires ; \u00e0 l&#039;irrigation et aux utilisations agricoles ; au biote aquatique et \u00e0 l&#039;habitat aquatique ; \u00e0 une bonne valeur esth\u00e9tique ; \u00e0 la navigation de plaisance, \u00e0 la p\u00eache et \u00e0 d&#039;autres utilisations r\u00e9cr\u00e9atives et adapt\u00e9es \u00e0 une source d&#039;eau publique avec filtration et d\u00e9sinfection ou autre traitement requis.<\/p>\n<p>Il n&#039;y a pas de poissons migrateurs dans la zone du projet en raison des obstacles en aval sur le fleuve Connecticut. Cependant, la certification de la qualit\u00e9 de l&#039;eau et le permis de la FERC du projet pr\u00e9voient des dispositions relatives aux plans de passage de l&#039;anguille d&#039;Am\u00e9rique, qui d\u00e9pendent du calendrier d&#039;installation des installations de passage de l&#039;anguille au barrage Wilder sur le fleuve Connecticut. <span class='tooltipsall tooltip_post_id_5566 classtoolTips59'>passage des poissons<\/span> L&#039;installation est constitu\u00e9e d&#039;un d\u00e9versoir qui fonctionne du 1er avril au 1er juin avec un d\u00e9bit de 20 pi3\/s, et du 1er septembre au 15 novembre avec un d\u00e9bit de 10 pi3\/s en d\u00e9versement sur le barrage pour des raisons esth\u00e9tiques et de d\u00e9bit minimum.<\/p>\n<p>Le littoral autour du bassin de retenue s&#039;\u00e9tend sur environ 1,6 km. La partie sud est constitu\u00e9e de v\u00e9g\u00e9tation et d&#039;enrochements, tandis que la partie nord est principalement bois\u00e9e et pr\u00e9sente de vastes zones d&#039;affleurements abrupts. L&#039;exploitation au fil de l&#039;eau limite le risque d&#039;\u00e9rosion du littoral, bien que les rabattements d&#039;entretien puissent avoir un impact mineur, bien que rares gr\u00e2ce au syst\u00e8me de vannes pneumatiques de cr\u00eate qui facilite la gestion des niveaux stables du bassin.<\/p>\n<p>Parmi les esp\u00e8ces menac\u00e9es et en voie de disparition potentiellement pr\u00e9sentes figurent le vespertilion nordique et la pipistrelle de l&#039;Est, dont l&#039;inscription est propos\u00e9e, mais il n&#039;existe aucun g\u00eete d&#039;hivernage ni site de maternit\u00e9 estivale connus \u00e0 proximit\u00e9 du projet. Le papillon monarque, dont l&#039;inscription est propos\u00e9e, et le pygargue \u00e0 t\u00eate blanche, esp\u00e8ce prot\u00e9g\u00e9e, pourraient \u00e9galement \u00eatre pr\u00e9sents. Compte tenu de la faible superficie du terrain (1,3 hectare) et de l&#039;absence de n\u00e9cessit\u00e9 d&#039;abattage d&#039;arbres ou de gestion non syst\u00e9matique de la v\u00e9g\u00e9tation, il est peu probable que le projet ait un impact sur les esp\u00e8ces prot\u00e9g\u00e9es.<\/p>\n<p>Les ressources culturelles et historiques du projet comprennent des vestiges structurels de la centrale \u00e9lectrique et de la station de pompage de la rivi\u00e8re Wells (1896-1938), qui ont \u00e9t\u00e9 recommand\u00e9s comme \u00e9ligibles pour le <span class='tooltipsall tooltip_post_id_5606 classtoolTips1'>Registre national des lieux historiques<\/span> (NRHP). Cependant, en raison de leur manque d&#039;importance historique et architecturale, les structures du projet hydro\u00e9lectrique ne sont pas \u00e9ligibles. Le projet est soumis \u00e0 un plan de gestion des propri\u00e9t\u00e9s historiques, qui n\u00e9cessite une consultation avec le Bureau de pr\u00e9servation historique de l&#039;\u00c9tat, si n\u00e9cessaire.<\/p>\n<p>Le propri\u00e9taire loue le terrain du projet et la zone de la centrale \u00e9lectrique \u00e0 un propri\u00e9taire priv\u00e9. Aucune installation de loisirs n&#039;est actuellement associ\u00e9e au projet. Le site n&#039;a pas encore \u00e9t\u00e9 am\u00e9nag\u00e9 pour des activit\u00e9s r\u00e9cr\u00e9atives en raison des berges hautes et abruptes de la rive gauche du fleuve, de la proximit\u00e9 de la route US 302 sur la rive droite et de l&#039;utilisation commerciale du parking associ\u00e9 au barrage et \u00e0 la zone de la centrale \u00e9lectrique. Le propri\u00e9taire \u00e9value actuellement le potentiel d&#039;am\u00e9nagement d&#039;un acc\u00e8s r\u00e9cr\u00e9atif, sous la forme d&#039;une zone d&#039;acc\u00e8s pour bateaux \u00e0 main sur le bassin de retenue.<\/p>\n<hr \/>\n<h3>\u00c9tat de conformit\u00e9<\/h3>\n<p><strong>Le certificat comprend les conditions sp\u00e9cifiques \u00e0 l&#039;\u00e9tablissement suivantes :<\/strong><\/p>\n<p><strong>Condition 1 :<\/strong> Dans les rapports annuels de conformit\u00e9 soumis \u00e0 LIHI, le propri\u00e9taire de l&#039;installation fournira une mise \u00e0 jour sur l&#039;\u00e9tat d&#039;avancement de l&#039;approbation par la FERC du plan de gestion et de surveillance des flux et de toutes les conditions suppl\u00e9mentaires qui y sont requises, ainsi qu&#039;un calendrier de mise en \u0153uvre, le cas \u00e9ch\u00e9ant, jusqu&#039;\u00e0 ce que toutes les actions li\u00e9es au plan soient mises en \u0153uvre et approuv\u00e9es par la FERC.<\/p>\n<p><strong>Condition 2 :<\/strong> Dans les rapports annuels de conformit\u00e9 soumis \u00e0 LIHI, le propri\u00e9taire de l&#039;installation fournira une mise \u00e0 jour de l&#039;\u00e9tat d&#039;avancement du d\u00e9veloppement et de la mise en \u0153uvre du plan d&#039;acc\u00e8s \u00e0 la navigation de plaisance, y compris la documentation relative \u00e0 la consultation des agences et des parties prenantes, jusqu&#039;\u00e0 ce que la zone d&#039;acc\u00e8s soit achev\u00e9e et approuv\u00e9e par la FERC.<\/p>\n<p><strong>2025:<\/strong> Le rapport annuel pour le certificat actuel n\u2019est pas encore entr\u00e9 en vigueur.<\/p>\n<hr \/>\n<h3>Historique des certifications<\/h3>\n<p><strong>31 octobre 2025 :<\/strong> L&#039;Institut de l&#039;hydro\u00e9lectricit\u00e9 \u00e0 faible impact a rendu sa d\u00e9cision finale concernant la certification du projet hydro\u00e9lectrique de Newbury. Aucun recours n&#039;a \u00e9t\u00e9 re\u00e7u durant la p\u00e9riode d&#039;appel, qui s&#039;est termin\u00e9e le 30 octobre 2025. La certification, d&#039;une dur\u00e9e de 10 ans, court du 9 juillet 2025 au 8 juillet 2035.<\/p>\n<p><strong>30 septembre 2025 :<\/strong> Le Low Impact Hydropower Institute (LIHI) a approuv\u00e9 la certification \u00ab\u00a0faible impact\u00a0\u00bb pour le projet hydro\u00e9lectrique de Newbury (LIHI #205 en attente). La demande compl\u00e8te et le rapport d&#039;\u00e9valuation sont disponibles ci-dessous.<\/p>\n<p>Cette d\u00e9cision est pr\u00e9liminaire, dans l&#039;attente d&#039;un d\u00e9lai d&#039;appel de 30 jours. Seuls les candidats ayant comment\u00e9 les demandes initiales pendant ce d\u00e9lai de 60 jours sont autoris\u00e9s \u00e0 d\u00e9poser un recours. Ce recours doit inclure une explication expliquant en quoi les projets ne r\u00e9pondent pas aux crit\u00e8res du LIHI. Les demandes de recours peuvent \u00eatre soumises par courriel \u00e0 l&#039;adresse suivante\u00a0: <a href=\"mailto:comments@lowimpacthydro.org\">comments@lowimpacthydro.org<\/a> avec \u00ab\u00a0Projet Newbury\u00a0\u00bb en objet, ou par courrier adress\u00e9 au Low Impact Hydropower Institute, 68 Harrison Ave, Ste 605, PMB 113938 Boston, Massachusetts 02111-1929. Toutes les demandes seront publi\u00e9es sur le site web. Le demandeur aura la possibilit\u00e9 de r\u00e9pondre, et toute r\u00e9ponse sera \u00e9galement publi\u00e9e. <strong>Les demandes doivent \u00eatre re\u00e7ues avant 17 heures, heure de l\u2019Est, le 30 octobre 2025.\u00a0<\/strong>Si aucune demande d\u2019appel n\u2019est re\u00e7ue, la p\u00e9riode de certification sera du 9 juillet 2025 au 8 juillet 2035.<\/p>\n<p><strong>10 juillet 2025<\/strong><strong>: <\/strong>Le Low Impact Hydropower Institute a re\u00e7u une demande compl\u00e8te de certification \u00e0 faible impact pour le projet hydro\u00e9lectrique de Newbury. Le LIHI sollicite les commentaires du public sur cette demande. Plus pr\u00e9cis\u00e9ment, nous souhaitons savoir si, selon vous, le projet r\u00e9pond aux crit\u00e8res de certification \u00e0 faible impact du LIHI, tels que r\u00e9vis\u00e9s dans la 2e \u00e9dition du manuel en vigueur au moment de la demande initiale. Veuillez consulter le programme et les crit\u00e8res dans le LIHI. <a href=\"https:\/\/lowimpacthydro.org\/wp-content\/uploads\/2023\/11\/Password-Protected-2nd-Edition-Handbook-Rev.-2.05-2022-01-01.pdf\">Manuel R\u00e9vision 2.05<\/a> (version du manuel en vigueur au moment de la demande initiale), puis consultez les documents de candidature ci-dessous. Les commentaires directement li\u00e9s aux crit\u00e8res sp\u00e9cifiques du LIHI (d\u00e9bits, qualit\u00e9 de l&#039;eau, passage des poissons, etc.) seront les plus utiles, mais tous les commentaires seront pris en compte. Vous pouvez adresser vos commentaires \u00e0 l&#039;Institut par courriel \u00e0 l&#039;adresse suivante\u00a0: <a href=\"mailto:comments@lowimpacthydro.org\">comments@lowimpacthydro.org<\/a> avec \u00ab Commentaires sur le projet Newbury \u00bb dans la ligne d&#039;objet, ou par courrier adress\u00e9 au Low Impact Hydropower Institute, 68 Harrison Ave Ste 605, PMB 113938 Boston, Massachusetts 02111-1929.\u00a0 <strong>Les commentaires doivent \u00eatre re\u00e7us au plus tard \u00e0 17 h, heure de l&#039;Est, le 8 septembre 2025.<\/strong>\u00a0\u00e0 prendre en consid\u00e9ration. Tous les commentaires seront publi\u00e9s sur le site Web et le candidat aura la possibilit\u00e9 d&#039;y r\u00e9pondre. Toute r\u00e9ponse sera \u00e9galement publi\u00e9e.<\/p>\n<hr \/>\n<h3>Dossiers de certification<\/h3>\n<h4>Candidature 2025<\/h4>\n<ul style=\"color: black;\">\n<li><a href=\"https:\/\/lowimpacthydro.org\/wp-content\/uploads\/2025\/09\/Newbury_Project_Review_2025-09-08.pdf\">Rapport d&#039;\u00e9valuation de Newbury 2025<\/a><\/li>\n<li><a href=\"https:\/\/lowimpacthydro.org\/wp-content\/uploads\/2025\/07\/Newbury-LIHI-Application-Draft_March-2025.pdf\">Demande de certification Newbury 2025<\/a><\/li>\n<\/ul>\n<hr \/>\n<h3>Documents cl\u00e9s<\/h3>\n<ul style=\"color: black;\">\n<li><a href=\"https:\/\/lowimpacthydro.org\/wp-content\/uploads\/2025\/07\/20240328-Newbury-FERC-license-and-WQC.pdf\">Licence FERC de Newbury et certification de la qualit\u00e9 de l&#039;eau 2024<\/a><\/li>\n<li><a href=\"https:\/\/lowimpacthydro.org\/wp-content\/uploads\/2025\/07\/20230926-Newbury-FERC-EA.pdf\">\u00c9valuation environnementale de la FERC de Newbury 2023<\/a><\/li>\n<\/ul>","protected":false},"excerpt":{"rendered":"<p>Project Name Newbury LIHI Certificate No. 205 LIHI Certificate Term July 9, 2025 to July 8, 2035 Owner Green Mountain Power Corp. State Vermont Location River<span class=\"excerpt-hellip\"> [\u2026]<\/span><\/p>\n","protected":false},"author":3,"featured_media":-1,"parent":0,"menu_order":0,"comment_status":"closed","ping_status":"closed","template":"","meta":{"_coblocks_attr":"","_coblocks_dimensions":"","_coblocks_responsive_height":"","_coblocks_accordion_ie_support":"","om_disable_all_campaigns":false,"_monsterinsights_skip_tracking":false,"_monsterinsights_sitenote_active":false,"_monsterinsights_sitenote_note":"","_monsterinsights_sitenote_category":0,"footnotes":""},"class_list":["post-9775","page","type-page","status-publish","has-post-thumbnail","hentry"],"aioseo_notices":[],"_links":{"self":[{"href":"https:\/\/lowimpacthydro.org\/fr\/wp-json\/wp\/v2\/pages\/9775","targetHints":{"allow":["GET"]}}],"collection":[{"href":"https:\/\/lowimpacthydro.org\/fr\/wp-json\/wp\/v2\/pages"}],"about":[{"href":"https:\/\/lowimpacthydro.org\/fr\/wp-json\/wp\/v2\/types\/page"}],"author":[{"embeddable":true,"href":"https:\/\/lowimpacthydro.org\/fr\/wp-json\/wp\/v2\/users\/3"}],"replies":[{"embeddable":true,"href":"https:\/\/lowimpacthydro.org\/fr\/wp-json\/wp\/v2\/comments?post=9775"}],"version-history":[{"count":17,"href":"https:\/\/lowimpacthydro.org\/fr\/wp-json\/wp\/v2\/pages\/9775\/revisions"}],"predecessor-version":[{"id":10146,"href":"https:\/\/lowimpacthydro.org\/fr\/wp-json\/wp\/v2\/pages\/9775\/revisions\/10146"}],"wp:featuredmedia":[{"embeddable":true,"href":"https:\/\/lowimpacthydro.org\/fr\/wp-json\/"}],"wp:attachment":[{"href":"https:\/\/lowimpacthydro.org\/fr\/wp-json\/wp\/v2\/media?parent=9775"}],"curies":[{"name":"wp","href":"https:\/\/api.w.org\/{rel}","templated":true}]}}