{"id":9518,"date":"2025-03-31T13:02:23","date_gmt":"2025-03-31T17:02:23","guid":{"rendered":"https:\/\/lowimpacthydro.org\/?page_id=9518"},"modified":"2026-03-12T12:23:58","modified_gmt":"2026-03-12T16:23:58","slug":"mollys-falls-project-vermont-9518","status":"publish","type":"page","link":"https:\/\/lowimpacthydro.org\/fr\/mollys-falls-project-vermont-9518\/","title":{"rendered":"Projet Mollys Falls \u2013 Vermont"},"content":{"rendered":"<table class=\"alignright\" style=\"width: 351px; border: 2px; cellspacing: 2px; cellpadding: 2px; margin-left: 50px;\">\n<tbody>\n<tr>\n<td style=\"border-style: solid;\" width=\"162\"><strong>Nom du projet<\/strong><\/td>\n<td style=\"border-style: solid;\" width=\"180\">Les chutes de Molly<\/td>\n<\/tr>\n<tr>\n<td style=\"border-style: solid;\"><strong>Num\u00e9ro de certificat LIHI<br \/>\n<\/strong><\/td>\n<td style=\"border-style: solid;\">204<\/td>\n<\/tr>\n<tr>\n<td style=\"border-style: solid;\"><strong>Dur\u00e9e du certificat LIHI<br \/>\n<\/strong><\/td>\n<td style=\"border-style: solid;\">28 mars 2025 \u2013 27 mars 2035<\/td>\n<\/tr>\n<tr>\n<td style=\"border-style: solid;\" width=\"162\"><strong>Propri\u00e9taire<\/strong><\/td>\n<td style=\"border-style: solid;\" width=\"180\">Green Mountain Power Corp.<\/td>\n<\/tr>\n<tr>\n<td style=\"border-style: solid;\" width=\"162\"><strong>\u00c9tat<\/strong><\/td>\n<td style=\"border-style: solid;\" width=\"180\">Vermont<\/td>\n<\/tr>\n<tr>\n<td style=\"border-style: solid;\" width=\"162\"><strong>Emplacement<\/strong><\/td>\n<td style=\"border-style: solid;\" width=\"180\">Ruisseau Peacham Pond, ruisseau Sucker, ruisseau Molly, rivi\u00e8re Winooski<\/p>\n<p>Marshfield n\u00b0 6 <span class='tooltipsall tooltip_post_id_5545 classtoolTips158'>Barrage<\/span> au River Mile 1.6 sur Molly&#039;s Brook<\/td>\n<\/tr>\n<tr>\n<td style=\"border-style: solid;\" width=\"162\"><strong>Capacit\u00e9 install\u00e9e<\/strong><\/td>\n<td style=\"border-style: solid;\" width=\"180\">5 MW<\/td>\n<\/tr>\n<tr>\n<td style=\"border-style: solid;\" width=\"162\"><strong>G\u00e9n\u00e9ration annuelle moyenne<\/strong><\/td>\n<td style=\"border-style: solid;\" width=\"180\">6 444 MWh<\/td>\n<\/tr>\n<tr>\n<td style=\"border-style: solid;\" width=\"162\"><strong>Type d&#039;\u00e9tablissement<\/strong><\/td>\n<td style=\"border-style: solid;\" width=\"180\">Stockage saisonnier limit\u00e9<\/td>\n<\/tr>\n<tr>\n<td style=\"border-style: solid;\" width=\"162\"><strong><span class='tooltipsall tooltip_post_id_5565 classtoolTips152'>F\u00e9d\u00e9ration internationale de radio-t\u00e9l\u00e9vision (FERC)<\/span> Non.<\/strong><\/td>\n<td style=\"border-style: solid;\" width=\"180\">non r\u00e9glement\u00e9 par la FERC<\/td>\n<\/tr>\n<\/tbody>\n<\/table>\n<p>Le projet Molly&#039;s Falls comprend deux projets\u00a0: le projet Peacham, situ\u00e9 dans la ville de Peacham (comt\u00e9 de Caledonia, Vermont), et le projet Marshfield n\u00b0\u00a06, situ\u00e9 dans les villes de Marshfield et de Cabot (comt\u00e9 de Washington, Vermont). Le projet est situ\u00e9 sur les ruisseaux Peacham Pond, Sucker, Molly&#039;s et la rivi\u00e8re Winooski.<\/p>\n<p>Il existe plusieurs barrages en aval du d\u00e9versement du projet dans la rivi\u00e8re Winooski, y compris quatre installations certifi\u00e9es LIHI \u2013 <a href=\"https:\/\/lowimpacthydro.org\/fr\/lihi-certificate-77-winooski-8-hydroelectric-project-vermont\/\">Winooski 8 (LIHI #77)<\/a>, <a href=\"https:\/\/lowimpacthydro.org\/fr\/lihi-certificate-201-bolton-falls-project-vermont\/\">Chutes de Bolton (LIHI #201)<\/a>, <a href=\"https:\/\/lowimpacthydro.org\/fr\/lihi-certificate-146-essex-19-hydroelectric-project-vermont\/\">Essex 19 (LIHI #146)<\/a>, et <a href=\"https:\/\/lowimpacthydro.org\/fr\/lihi-certificate-16-winooski-one-chace-mill-hydroelectric-project-vermont\/\">Moulin Winooski One\/Chace (LIHI #16)<\/a>.<\/p>\n<p><strong>Peacham :<\/strong><\/p>\n<p style=\"padding-left: 40px;\">Le lotissement de Peacham a \u00e9t\u00e9 construit en 1930 sur le ruisseau Peacham Pond. Il ne dispose pas de centrale hydro\u00e9lectrique, mais une disposition a \u00e9t\u00e9 prise pour l&#039;ajout futur d&#039;une centrale \u00e9lectrique. <span class='tooltipsall tooltip_post_id_5545 classtoolTips158'>barrage<\/span> Le barrage de Peacham Pond, un \u00e9tang de 153 hectares aliment\u00e9 par une source, est en terre roul\u00e9e. Il mesure 216 m\u00e8tres de long et 7,8 m\u00e8tres de haut, avec un d\u00e9versoir de 27 m\u00e8tres de large. <span class='tooltipsall tooltip_post_id_5651 classtoolTips116'>d\u00e9versoir<\/span> qui est maintenu dans une configuration ouverte et n&#039;est pas \u00e9quip\u00e9 de batardeaux ou d&#039;autres dispositifs de retenue.<\/p>\n<p style=\"padding-left: 40px;\">Le site dispose d&#039;une structure de prise d&#039;eau en b\u00e9ton arm\u00e9 \u00e9quip\u00e9e d&#039;une vanne coulissante en fonte avec un op\u00e9rateur manuel \u00e0 tige \u00e0 vis. La structure de prise d&#039;eau comprend \u00e9galement un ensemble de <span class='tooltipsall tooltip_post_id_5655 classtoolTips105'>journal d&#039;arr\u00eat<\/span> Des fentes, une conduite de d\u00e9rivation de 15 cm autour de la vanne et un d\u00e9versoir espac\u00e9 de 6 cm. L&#039;ouverture d&#039;admission situ\u00e9e au niveau des d\u00e9versoirs mesure 2,3 m de haut et 2 m de large et r\u00e9gule le d\u00e9bit vers une conduite de sortie en b\u00e9ton arm\u00e9 de 1,2 m de diam\u00e8tre qui s&#039;\u00e9tend de la structure d&#039;admission jusqu&#039;\u00e0 son pied aval, en passant par le remblai. La conduite d&#039;\u00e9vacuation mesure 37 m de long et est dot\u00e9e d&#039;un mur en b\u00e9ton arm\u00e9 coul\u00e9 sur place de 23 cm d&#039;\u00e9paisseur. \u00c0 l&#039;extr\u00e9mit\u00e9 gauche du remblai se trouve le d\u00e9versoir de 27 m de large, recouvert d&#039;une couche d&#039;enrochement de 30 cm d&#039;\u00e9paisseur et d&#039;un mur en b\u00e9ton.<\/p>\n<p style=\"padding-left: 40px;\">Le niveau d&#039;eau de l&#039;\u00e9tang Peacham est maintenu \u00e0 son niveau normal du 1er mai au 30 novembre. Des rabattements hivernaux sont effectu\u00e9s pour r\u00e9duire les d\u00e9bits de pointe en aval et am\u00e9liorer la s\u00e9curit\u00e9. Le taux de rabattement est limit\u00e9 \u00e0 15 \u00e0 30 cm par semaine avant le 15 d\u00e9cembre de chaque ann\u00e9e. \u00c0 compter de l&#039;hiver 2025-2026, le rabattement hivernal ne pourra pas \u00eatre inf\u00e9rieur de plus de 90 cm au niveau normal, sauf si des crit\u00e8res d&#039;entretien, de teneur en eau de la neige ou de pr\u00e9vision de d\u00e9bit \u00e9lev\u00e9 sont respect\u00e9s. Entre le 1er mai (ou la date de remplissage au niveau normal) et le 31 juillet (ou la date \u00e0 laquelle l&#039;Agence des ressources naturelles du Vermont (VANR) d\u00e9termine que la nidification des huards est termin\u00e9e, selon la premi\u00e8re de ces \u00e9ventualit\u00e9s), le niveau d&#039;eau est maintenu conform\u00e9ment aux protocoles relatifs aux huards. Cela comprend le maintien du niveau de l&#039;\u00e9tang au plus pr\u00e8s du niveau normal, et ce, dans la mesure du possible, \u00e0 1,50 m au-dessus ou en dessous du niveau normal. Entre le 1er ao\u00fbt (ou la date \u00e0 laquelle le VANR d\u00e9termine que la nidification des huards est termin\u00e9e, selon la premi\u00e8re \u00e9ventualit\u00e9) et le 30 novembre, les niveaux de l&#039;\u00e9tang Peacham sont maintenus \u00e0 1 pied du niveau de fonctionnement normal de l&#039;\u00e9tang Peacham.<\/p>\n<p style=\"padding-left: 40px;\">Les d\u00e9bits minimaux du ruisseau Sucker varient tout au long de l&#039;ann\u00e9e. L&#039;am\u00e9nagement de l&#039;\u00e9tang Peacham est en cours. <span class='tooltipsall tooltip_post_id_5643 classtoolTips52'>au fil de l&#039;eau<\/span> Mode ROR (Remise en eau) du 1er mai (ou de la date de remise en eau de l&#039;\u00e9tang Peacham si elle est post\u00e9rieure) au 30 novembre. Entre le 1er d\u00e9cembre et le 1er mai (ou la date de remise en eau de l&#039;\u00e9tang Peacham \u00e0 son niveau normal), un d\u00e9bit minimal est requis. Une rampe est appliqu\u00e9e pour les transitions entre les op\u00e9rations de rabattement, de remise en eau et de remise en eau. Les d\u00e9bits minimaux pendant la remise en eau de l&#039;\u00e9tang Peacham sont de 6,7 pi\u00b3\/s \u00e0 la sortie du barrage, ou de l&#039;apport net d&#039;eau-\u00e9vaporation si inf\u00e9rieur au ruisseau Sucker. Le d\u00e9bit de pointe maximal est de 25 pi\u00b3\/s, ou de l&#039;apport d&#039;eau s&#039;il est sup\u00e9rieur, pendant les op\u00e9rations normales de rabattement hivernal. Des d\u00e9bits plus \u00e9lev\u00e9s ne sont appliqu\u00e9s que si n\u00e9cessaire pour maintenir un niveau d&#039;eau stable et assurer la s\u00e9curit\u00e9 du barrage en raison de forts apports d&#039;eau. L&#039;eau s&#039;\u00e9coule de l&#039;exutoire du barrage de l&#039;\u00e9tang Peacham sur 0,6 mile du ruisseau Sucker jusqu&#039;aux chutes Molly. <span class='tooltipsall tooltip_post_id_5633 classtoolTips103'>R\u00e9servoir<\/span>, qui offre un espace de stockage suppl\u00e9mentaire.<\/p>\n<p><strong>Marshfield n\u00b0 6 :\u00a0<\/strong><\/p>\n<p style=\"padding-left: 40px;\">Le barrage actuel de Marshfield n\u00b0 6 est situ\u00e9 au kilom\u00e8tre 1,9 de la rivi\u00e8re Molly&#039;s Brook, en amont de la confluence avec la rivi\u00e8re Winooski. Construit en 1927 (trois autres versions avaient \u00e9t\u00e9 construites et exploit\u00e9es avant 1914), il retient l&#039;\u00e9tang Molly&#039;s Falls, d&#039;une superficie de 377 acres, qui abrite \u00e9galement le parc d&#039;\u00c9tat de Molly&#039;s Falls Pond. Ce barrage en terre roul\u00e9e mesure 335 m\u00e8tres de long et sa hauteur maximale est de 14,7 m\u00e8tres. Il est \u00e9quip\u00e9 d&#039;une prise d&#039;eau rectangulaire de 3,6 m\u00e8tres de large sur 4,2 m\u00e8tres de long et d&#039;une hauteur de 3 m\u00e8tres, ainsi que d&#039;un d\u00e9versoir de service de 12 m\u00e8tres de large sur 79 m\u00e8tres de long, \u00e9quip\u00e9 de deux d\u00e9versoirs juxtapos\u00e9s. <span class='tooltipsall tooltip_post_id_5649 classtoolTips91'>glisser <span class='tooltipsall tooltip_post_id_5578 classtoolTips153'>portes<\/span><\/span>Chaque vanne a une largeur de 5,5 m\u00e8tres. Le d\u00e9versoir d&#039;urgence mesure 14 m\u00e8tres de large et est un canal de 113 m\u00e8tres de long compos\u00e9 d&#039;une structure en b\u00e9ton en amont avec vannes et d&#039;un canal en b\u00e9ton \u00e0 gradins avec parois lat\u00e9rales menant \u00e0 un <span class='tooltipsall tooltip_post_id_5620 classtoolTips86'>piscine de plong\u00e9e<\/span> Dans le ruisseau Molly. Une vanne, situ\u00e9e en amont du d\u00e9versoir de secours, retient l&#039;eau du r\u00e9servoir et peut \u00eatre ouverte au besoin pour \u00e9vacuer l&#039;eau dans le d\u00e9versoir. Deux vannes de 7 m\u00e8tres de large chacune sont constitu\u00e9es de trois trav\u00e9es de poutrelles. <span class='tooltipsall tooltip_post_id_5652 classtoolTips104'>poteaux<\/span>.<\/p>\n<p style=\"padding-left: 40px;\">Le barrage cr\u00e9e un tron\u00e7on contourn\u00e9 sur le ruisseau Molly&#039;s, d&#039;environ 3 km de long. Le d\u00e9bit minimal dans ce tron\u00e7on contourn\u00e9 est assur\u00e9 soit par une conduite de d\u00e9rivation, qui alimente en eau froide le r\u00e9servoir \u00e0 environ 8,5 m\u00e8tres de profondeur, soit par des vannes coulissantes du d\u00e9versoir de service. De juillet \u00e0 mars, le d\u00e9bit minimal est de 2,5 m\u00b3\/s et d&#039;avril \u00e0 juin, de 3,5 m\u00b3\/s.<\/p>\n<p style=\"padding-left: 40px;\">L&#039;eau est achemin\u00e9e du barrage vers le <span class='tooltipsall tooltip_post_id_5624 classtoolTips102'>centrale<\/span> via une gu\u00e9rite et un tuyau en b\u00e9ton qui se transforme en acier soud\u00e9 <span class='tooltipsall tooltip_post_id_5619 classtoolTips124'>conduite forc\u00e9e<\/span> et continue jusqu&#039;\u00e0 un r\u00e9servoir de surpression et jusqu&#039;\u00e0 la centrale \u00e9lectrique qui est situ\u00e9e sur la rivi\u00e8re Winooksi \u00e0 environ 700 pieds au-dessus de la confluence avec Molly&#039;s Brook.<\/p>\n<p style=\"padding-left: 40px;\">La prise d&#039;eau de la centrale est \u00e9quip\u00e9e de grilles \u00e0 d\u00e9chets en acier de 3,6 m de large sur 4,3 m de haut. Les barres de 7,6 cm de profondeur sur 1 cm d&#039;\u00e9paisseur sont espac\u00e9es de 10 cm d&#039;entraxe et soutenues par deux poutres horizontales en acier en I. La centrale est \u00e9quip\u00e9e d&#039;une seule grille verticale Norcan. <span class='tooltipsall tooltip_post_id_5576 classtoolTips39'>Turbine Francis<\/span> avec une capacit\u00e9 th\u00e9orique de 5 MW bien qu&#039;elle produise g\u00e9n\u00e9ralement moins.<\/p>\n<p>Le projet n&#039;est pas r\u00e9glement\u00e9 par la FERC, car il a \u00e9t\u00e9 construit en 1927, avant l&#039;entr\u00e9e en vigueur de la r\u00e9glementation f\u00e9d\u00e9rale sur les licences. Il est r\u00e9glement\u00e9 par la Commission des services publics du Vermont.<\/p>\n<p>Le projet est exploit\u00e9 en mode de stockage saisonnier limit\u00e9. Du 1er mai au 30 novembre, le niveau d&#039;eau du bassin de retenue est maintenu \u00e0 un niveau normal d&#039;exploitation. Durant cette p\u00e9riode, les limites de fluctuation admissibles varient. Du 1er mai (ou de la recharge printani\u00e8re si plus tard) jusqu&#039;au d\u00e9but de la nidification des huards, une fluctuation de 1,5 m est autoris\u00e9e. Pendant la saison de nidification des huards, le niveau du r\u00e9servoir est maintenu aussi stable que possible et s\u00e9curitaire. Du 1er ao\u00fbt (ou de la fin de la nidification des huards, selon la premi\u00e8re \u00e9ventualit\u00e9) au 30 novembre, une fluctuation de 30 cm par rapport au niveau normal d&#039;exploitation est autoris\u00e9e. \u00c0 tout moment de l&#039;ann\u00e9e, des fluctuations plus importantes sont autoris\u00e9es en raison des temp\u00eates et des fortes pluies ou fontes des neiges.<\/p>\n<p>Les rabattements hivernaux du r\u00e9servoir de Molly&#039;s Falls d\u00e9butent au plus t\u00f4t le 1er d\u00e9cembre et se terminent avant la mi-mars. La recharge d\u00e9bute une fois le rabattement maximal atteint et se termine g\u00e9n\u00e9ralement le 1er mai. En temps normal, la profondeur maximale de rabattement hivernal est inf\u00e9rieure de 60 cm \u00e0 la limite d&#039;exploitation normale. Des rabattements plus importants peuvent \u00eatre pr\u00e9vus si des quantit\u00e9s inhabituellement \u00e9lev\u00e9es d&#039;\u00e9quivalent en eau de neige ou de pr\u00e9cipitations sont pr\u00e9vues, afin de g\u00e9rer les d\u00e9bits en aval en toute s\u00e9curit\u00e9.<\/p>\n<p>Il n\u2019y a pas de poissons migrateurs pr\u00e9sents et le projet n\u2019a pas de zones en amont ou en aval. <span class='tooltipsall tooltip_post_id_5566 classtoolTips59'>passage des poissons<\/span> Installations. Parmi les esp\u00e8ces menac\u00e9es ou en voie de disparition susceptibles d&#039;\u00eatre pr\u00e9sentes figurent la chauve-souris nordique et le papillon monarque, candidat \u00e0 l&#039;accession au statut de papillon. Le pygargue \u00e0 t\u00eate blanche et d&#039;autres esp\u00e8ces migratrices prot\u00e9g\u00e9es pourraient \u00e9galement \u00eatre pr\u00e9sents, ainsi que plusieurs plantes inscrites sur la liste de l&#039;\u00c9tat, un reptile et la moule perli\u00e8re d&#039;eau douce. Le D\u00e9partement de la p\u00eache et de la faune du Vermont (VDFW) a indiqu\u00e9 que le projet n&#039;aurait probablement pas d&#039;impact sur ces esp\u00e8ces.<\/p>\n<p>Aucune ressource culturelle ou historique n&#039;est r\u00e9pertori\u00e9e dans le <span class='tooltipsall tooltip_post_id_5606 classtoolTips1'>Registre national des lieux historiques<\/span> ou le registre des lieux historiques de l&#039;\u00c9tat du Vermont\u00a0; cependant, les structures du projet sont suffisamment anciennes pour \u00eatre \u00e9ligibles.<\/p>\n<p>Le projet ne comprend pas d&#039;installations r\u00e9cr\u00e9atives formelles ou informelles, ni de points d&#039;acc\u00e8s. Le parc d&#039;\u00c9tat de Molly&#039;s Falls Pond offre un acc\u00e8s et des commodit\u00e9s. Le VDFW dispose de rampes de mise \u00e0 l&#039;eau publiques sur les \u00e9tangs de Molly&#039;s Falls et de Peacham.<\/p>\n<hr \/>\n<h3>\u00c9tat de conformit\u00e9<\/h3>\n<p><strong>Le certificat comprend la condition sp\u00e9cifique \u00e0 l&#039;\u00e9tablissement suivante<\/strong>:<\/p>\n<p><strong>Condition 1 :<\/strong> Dans les soumissions annuelles de conformit\u00e9 au LIHI, le propri\u00e9taire de l&#039;installation fournira des mises \u00e0 jour sur l&#039;\u00e9tat de mise en \u0153uvre du plan de surveillance de la gestion du d\u00e9bit et du niveau d&#039;eau, du plan de surveillance de l&#039;oxyg\u00e8ne dissous et du <span class='tooltipsall tooltip_post_id_5635 classtoolTips115'>Riverain<\/span> Plan de restauration de la zone jusqu&#039;\u00e0 ce que tous les plans soient mis en \u0153uvre, que les \u00e9tudes connexes soient termin\u00e9es et que le VANR ait convenu qu&#039;aucune am\u00e9lioration suppl\u00e9mentaire n&#039;est n\u00e9cessaire.<\/p>\n<p>2026\u00a0: Aucun changement de mat\u00e9riaux ni probl\u00e8me de conformit\u00e9 n\u2019ont \u00e9t\u00e9 relev\u00e9s. Le projet demeure conforme suite \u00e0 l\u2019examen annuel. Concernant la condition\u00a01, le projet indique que le plan de d\u00e9bit et de niveau d\u2019eau a \u00e9t\u00e9 approuv\u00e9 par la Commission des services publics et mis en \u0153uvre. La surveillance de l\u2019oxyg\u00e8ne dissous a \u00e9t\u00e9 report\u00e9e en\u00a02025, mais sera effectu\u00e9e en\u00a02026 et au-del\u00e0 si n\u00e9cessaire. <span class='tooltipsall tooltip_post_id_5635 classtoolTips115'>riverain<\/span> Les travaux de restauration se poursuivent.<\/p>\n<p><strong>2025:<\/strong> Le rapport annuel pour le certificat actuel n\u2019est pas encore entr\u00e9 en vigueur.<\/p>\n<hr \/>\n<h3>Historique des certifications<\/h3>\n<p><strong>2 septembre 2025 :<\/strong> Le Low Impact Hydropower Institute a rendu sa d\u00e9cision finale concernant la certification du projet hydro\u00e9lectrique de Molly&#039;s Falls. Aucun appel n&#039;a \u00e9t\u00e9 re\u00e7u pendant la p\u00e9riode d&#039;appel, cl\u00f4tur\u00e9e le 28 ao\u00fbt 2025. La p\u00e9riode de certification de 10 ans s&#039;\u00e9tend du 28 mars 2025 au 27 mars 2035.<\/p>\n<p><strong>29 juillet 2025 :<\/strong> Le Low Impact Hydropower Institute (LIHI) a approuv\u00e9 la certification \u00ab\u00a0faible impact\u00a0\u00bb pour le projet hydro\u00e9lectrique de Molly&#039;s Falls (LIHI #204 en attente). La demande compl\u00e8te et le rapport d&#039;\u00e9valuation sont disponibles ci-dessous.<\/p>\n<p>Cette d\u00e9cision est pr\u00e9liminaire, dans l&#039;attente d&#039;un d\u00e9lai d&#039;appel de 30 jours. Seuls les candidats ayant comment\u00e9 les demandes initiales pendant ce d\u00e9lai de 60 jours sont autoris\u00e9s \u00e0 d\u00e9poser un recours. Ce recours doit inclure une explication expliquant en quoi les projets ne r\u00e9pondent pas aux crit\u00e8res du LIHI. Les demandes de recours peuvent \u00eatre soumises par courriel \u00e0 l&#039;adresse suivante\u00a0: <a href=\"mailto:comments@lowimpacthydro.org\" target=\"_blank\" rel=\"noopener noreferrer\" data-link-type=\"email\">comments@lowimpacthydro.org<\/a> avec \u00ab\u00a0Projet Molly&#039;s Falls\u00a0\u00bb en objet, ou par courrier adress\u00e9 au Low Impact Hydropower Institute, 68 Harrison Ave, Ste 605, PMB 113938 Boston, Massachusetts 02111-1929. Toutes les demandes seront publi\u00e9es sur le site web. Le demandeur aura la possibilit\u00e9 de r\u00e9pondre, et toute r\u00e9ponse sera \u00e9galement publi\u00e9e. <strong>Les demandes doivent \u00eatre re\u00e7ues avant 17 h, heure de l\u2019Est, le 28 ao\u00fbt 2025.\u00a0<\/strong>Si aucune demande d\u2019appel n\u2019est re\u00e7ue, la p\u00e9riode de certification sera du 28 mars 2025 au 27 mars 2035.<\/p>\n<p><strong>2 avril 2025<\/strong><strong>: <\/strong>Le Low Impact Hydropower Institute a re\u00e7u une demande compl\u00e8te de certification \u00e0 faible impact pour le projet hydro\u00e9lectrique de Molly&#039;s Falls. Le LIHI sollicite les commentaires du public sur cette demande. Plus pr\u00e9cis\u00e9ment, nous souhaitons savoir si, selon vous, le projet r\u00e9pond aux crit\u00e8res de certification \u00e0 faible impact du LIHI, tels que r\u00e9vis\u00e9s dans la 2e \u00e9dition du manuel en vigueur au moment de la demande initiale. Veuillez consulter le programme et les crit\u00e8res du LIHI. <a href=\"https:\/\/lowimpacthydro.org\/wp-content\/uploads\/2023\/11\/Password-Protected-2nd-Edition-Handbook-Rev.-2.05-2022-01-01.pdf\">Manuel R\u00e9vision 2.05<\/a> Consultez ensuite les documents de candidature ci-dessous. Les commentaires directement li\u00e9s aux crit\u00e8res sp\u00e9cifiques du LIHI (d\u00e9bits, qualit\u00e9 de l&#039;eau, passage des poissons, etc.) seront les plus utiles, mais tous les commentaires seront pris en compte. Vous pouvez adresser vos commentaires \u00e0 l&#039;Institut par courriel \u00e0 l&#039;adresse suivante\u00a0: <a href=\"mailto:comments@lowimpacthydro.org\">comments@lowimpacthydro.org<\/a> avec \u00ab\u00a0Commentaires sur le projet Molly&#039;s Falls\u00a0\u00bb dans la ligne d&#039;objet, ou par courrier adress\u00e9 au Low Impact Hydropower Institute, 68 Harrison Ave Ste 605, PMB 113938 Boston, Massachusetts 02111-1929.\u00a0 <strong>Les commentaires doivent \u00eatre re\u00e7us au plus tard \u00e0 17 h, heure de l&#039;Est, le 1er juin 2025.<\/strong>\u00a0\u00e0 prendre en consid\u00e9ration. Tous les commentaires seront publi\u00e9s sur le site Web et le candidat aura la possibilit\u00e9 d&#039;y r\u00e9pondre. Toute r\u00e9ponse sera \u00e9galement publi\u00e9e.<\/p>\n<hr \/>\n<h3>Dossiers de certification<\/h3>\n<h4>Candidature 2025<\/h4>\n<ul style=\"color: black;\">\n<li><a href=\"https:\/\/lowimpacthydro.org\/wp-content\/uploads\/2025\/07\/Mollys-Falls-Review-Report_2025-07-07.pdf\">Rapport d&#039;\u00e9valuation de Molly&#039;s Falls<\/a><\/li>\n<li><a href=\"https:\/\/lowimpacthydro.org\/wp-content\/uploads\/2025\/03\/Revised-Mollys-Falls-LIHI-Certification-Application_March-2025.pdf\">Demande de Molly&#039;s Falls<\/a><\/li>\n<li><a href=\"https:\/\/lowimpacthydro.org\/wp-content\/uploads\/2025\/03\/Mollys-Falls-LIHI-Application-Supplement_March-2025-Public.pdf\">Suppl\u00e9ment \u00e0 la demande de Molly&#039;s Falls, plan d&#039;\u00e9coulement, plan DO, plan de restauration de la zone riveraine<\/a><\/li>\n<\/ul>\n<hr \/>\n<h3>Documents cl\u00e9s<\/h3>\n<ul>\n<li><a href=\"https:\/\/lowimpacthydro.org\/wp-content\/uploads\/2025\/07\/2021-03-23-PUC-Final-Order-Granting-Ch-43-Authorization-for-ES-Improvements.pdf\">Approbation de la PUC pour le service 2021 <span class='tooltipsall tooltip_post_id_5651 classtoolTips116'>D\u00e9versoir<\/span> Am\u00e9liorations<\/a><\/li>\n<li><a href=\"https:\/\/lowimpacthydro.org\/wp-content\/uploads\/2025\/07\/Mollys-Falls-2012-VANR-MOA.pdf\">Protocole d&#039;accord de 2012 avec VANR<\/a><\/li>\n<li><a href=\"https:\/\/lowimpacthydro.org\/wp-content\/uploads\/2025\/07\/Molly-Falls-2019-MOU.pdf\">Protocole d&#039;accord de 2019 avec VANR<\/a><\/li>\n<li><a href=\"https:\/\/lowimpacthydro.org\/wp-content\/uploads\/2025\/07\/Mollys-Falls-2021-tree-cutting-penalty-MOU.pdf\">Protocole d&#039;accord 2021 avec VANR<\/a><\/li>\n<\/ul>","protected":false},"excerpt":{"rendered":"<p>Project Name Molly&#8217;s Falls LIHI Certificate No. 204 LIHI Certificate Term March 28, 2025 &#8211; March 27, 2035 Owner Green Mountain Power Corp. State Vermont Location<span class=\"excerpt-hellip\"> [\u2026]<\/span><\/p>\n","protected":false},"author":4,"featured_media":-1,"parent":0,"menu_order":0,"comment_status":"closed","ping_status":"closed","template":"","meta":{"_coblocks_attr":"","_coblocks_dimensions":"","_coblocks_responsive_height":"","_coblocks_accordion_ie_support":"","om_disable_all_campaigns":false,"_monsterinsights_skip_tracking":false,"_monsterinsights_sitenote_active":false,"_monsterinsights_sitenote_note":"","_monsterinsights_sitenote_category":0,"footnotes":""},"class_list":["post-9518","page","type-page","status-publish","has-post-thumbnail","hentry"],"aioseo_notices":[],"_links":{"self":[{"href":"https:\/\/lowimpacthydro.org\/fr\/wp-json\/wp\/v2\/pages\/9518","targetHints":{"allow":["GET"]}}],"collection":[{"href":"https:\/\/lowimpacthydro.org\/fr\/wp-json\/wp\/v2\/pages"}],"about":[{"href":"https:\/\/lowimpacthydro.org\/fr\/wp-json\/wp\/v2\/types\/page"}],"author":[{"embeddable":true,"href":"https:\/\/lowimpacthydro.org\/fr\/wp-json\/wp\/v2\/users\/4"}],"replies":[{"embeddable":true,"href":"https:\/\/lowimpacthydro.org\/fr\/wp-json\/wp\/v2\/comments?post=9518"}],"version-history":[{"count":22,"href":"https:\/\/lowimpacthydro.org\/fr\/wp-json\/wp\/v2\/pages\/9518\/revisions"}],"predecessor-version":[{"id":10415,"href":"https:\/\/lowimpacthydro.org\/fr\/wp-json\/wp\/v2\/pages\/9518\/revisions\/10415"}],"wp:featuredmedia":[{"embeddable":true,"href":"https:\/\/lowimpacthydro.org\/fr\/wp-json\/"}],"wp:attachment":[{"href":"https:\/\/lowimpacthydro.org\/fr\/wp-json\/wp\/v2\/media?parent=9518"}],"curies":[{"name":"wp","href":"https:\/\/api.w.org\/{rel}","templated":true}]}}