{"id":9342,"date":"2025-01-31T10:51:46","date_gmt":"2025-01-31T15:51:46","guid":{"rendered":"https:\/\/lowimpacthydro.org\/?page_id=9342"},"modified":"2026-03-12T11:03:06","modified_gmt":"2026-03-12T15:03:06","slug":"skelton-project","status":"publish","type":"page","link":"https:\/\/lowimpacthydro.org\/fr\/skelton-project\/","title":{"rendered":"Projet Skelton \u2013 Maine"},"content":{"rendered":"<table class=\"alignright\" style=\"width: 351px; border: 2px; cellspacing: 2px; cellpadding: 2px; margin-left: 50px;\">\n<tbody>\n<tr>\n<td style=\"border-style: solid;\" width=\"162\"><strong>Nom du projet<\/strong><\/td>\n<td style=\"border-style: solid;\" width=\"180\">Squelette<\/td>\n<\/tr>\n<tr>\n<td style=\"border-style: solid;\"><strong>Num\u00e9ro de certificat LIHI<br \/>\n<\/strong><\/td>\n<td style=\"border-style: solid;\">203<\/td>\n<\/tr>\n<tr>\n<td style=\"border-style: solid;\"><strong>Dur\u00e9e du certificat LIHI<br \/>\n<\/strong><\/td>\n<td style=\"border-style: solid;\">5 mars 2025 \u2013 4 mars 2035<\/td>\n<\/tr>\n<tr>\n<td style=\"border-style: solid;\" width=\"162\"><strong>Propri\u00e9taire<\/strong><\/td>\n<td style=\"border-style: solid;\" width=\"180\">Brookfield White Pine Hydro, LLC (une filiale de Brookfield Renewable Energy Group)<\/td>\n<\/tr>\n<tr>\n<td style=\"border-style: solid;\" width=\"162\"><strong>\u00c9tat<\/strong><\/td>\n<td style=\"border-style: solid;\" width=\"180\">Maine<\/td>\n<\/tr>\n<tr>\n<td style=\"border-style: solid;\" width=\"162\"><strong>Emplacement<\/strong><\/td>\n<td style=\"border-style: solid;\" width=\"180\">Rivi\u00e8re Mile 16 \u2013 Rivi\u00e8re Saco<\/td>\n<\/tr>\n<tr>\n<td style=\"border-style: solid;\" width=\"162\"><strong>Capacit\u00e9 install\u00e9e<\/strong><\/td>\n<td style=\"border-style: solid;\" width=\"180\">21,6 MW<\/td>\n<\/tr>\n<tr>\n<td style=\"border-style: solid;\" width=\"162\"><strong>G\u00e9n\u00e9ration annuelle moyenne<\/strong><\/td>\n<td style=\"border-style: solid;\" width=\"180\">108 204 MWh<\/td>\n<\/tr>\n<tr>\n<td style=\"border-style: solid;\" width=\"162\"><strong>Type d&#039;\u00e9tablissement<\/strong><\/td>\n<td style=\"border-style: solid;\" width=\"180\">Modifi\u00e9 de fa\u00e7on saisonni\u00e8re <span class='tooltipsall tooltip_post_id_5643 classtoolTips52'>au fil de l&#039;eau<\/span><\/td>\n<\/tr>\n<tr>\n<td style=\"border-style: solid;\" width=\"162\"><strong><span class='tooltipsall tooltip_post_id_5565 classtoolTips152'>F\u00e9d\u00e9ration internationale de radio-t\u00e9l\u00e9vision (FERC)<\/span> Non.<\/strong><\/td>\n<td style=\"border-style: solid;\" width=\"180\">P-2527. permis d\u00e9livr\u00e9 en 1988, expire le 31\/01\/2038.<\/td>\n<\/tr>\n<\/tbody>\n<\/table>\n<p>Le projet Skelton (FERC n\u00b0 2527) est situ\u00e9 sur la rivi\u00e8re Saco dans le comt\u00e9 de York, dans le Maine, \u00e0 environ 11,1 milles de rivi\u00e8re en amont de la <span class='tooltipsall tooltip_post_id_5581 classtoolTips154'>t\u00eate<\/span>-hors-mar\u00e9e \u00e0 Saco et \u00e0 25 kilom\u00e8tres de l&#039;embouchure de la rivi\u00e8re \u00e0 Camp Ellis\/Hills Beach. Le projet <span class='tooltipsall tooltip_post_id_5545 classtoolTips158'>barrage<\/span> et <span class='tooltipsall tooltip_post_id_5624 classtoolTips102'>centrale<\/span> Les barrages sont situ\u00e9s dans les villes de Buxton et Dayton, dans le Maine. Le bassin de retenue est situ\u00e9 dans les villes de Buxton, Dayton et Hollis. Il s&#039;agit du deuxi\u00e8me barrage sur la rivi\u00e8re Saco et de l&#039;un des sept projets hydro\u00e9lectriques situ\u00e9s sur le cours principal de la rivi\u00e8re.<\/p>\n<p>Le projet consiste en une plateforme en b\u00e9ton de 1 695 pieds de long, construite en terre et en gravit\u00e9. <span class='tooltipsall tooltip_post_id_5557 classtoolTips43'>barrage en remblai<\/span> Surmont\u00e9 d&#039;une chauss\u00e9e, il a \u00e9t\u00e9 construit entre 1947 et 1949. Le barrage comprend\u00a0: (1) une section de remblai en terre, longue de 365\u00a0m\u00e8tres et haute de 18\u00a0m\u00e8tres, avec une cr\u00eate de 43\u00a0m\u00e8tres (USGS)\u00a0; (2) une cloison ouest et <span class='tooltipsall tooltip_post_id_5651 classtoolTips116'>d\u00e9versoir<\/span> section de porte, d&#039;environ 170 pieds de long sur 75 pieds de haut, surmont\u00e9e de quatre Tainter <span class='tooltipsall tooltip_post_id_5578 classtoolTips153'>portes<\/span>, chacune de 32,5 pieds de large sur 20 pieds de haut, avec une \u00e9l\u00e9vation de seuil de 108,0 pieds (USGS) ; (3) une structure d&#039;admission, de 107 pieds de long sur 146 pieds de large, comporte deux ouvertures d&#039;entr\u00e9e, prot\u00e9g\u00e9es par des grilles \u00e0 d\u00e9chets en barres d&#039;acier de 5\/8 pouces \u00e0 des ouvertures de 3 pouces ; (4) un <span class='tooltipsall tooltip_post_id_5568 classtoolTips128'>passe \u00e0 poissons<\/span> et une section d&#039;\u00e9cluse, d&#039;environ 30 pieds de long ; (5) une section de cloison est et de porte de d\u00e9versoir, d&#039;environ 188 pieds de long sur 75 pieds de haut, surmont\u00e9e de quatre portes Tainter, chacune de 32,5 pieds de large sur 20 pieds de haut, avec une \u00e9l\u00e9vation de seuil de 108,0 pieds (USGS) ; et (6) un mur de sout\u00e8nement en b\u00e9ton, traversant le remblai ouest sur environ 763 pieds de long, avec une \u00e9l\u00e9vation de cr\u00eate de 143,0 pieds (USGS).<\/p>\n<p>Le barrage forme un bassin fluvial d&#039;environ 4,5 km de long et jusqu&#039;\u00e0 300 m de large. Il englobe environ 3,4 km du ruisseau Cook, \u00e0 sa confluence avec la rivi\u00e8re Saco. Le p\u00e9rim\u00e8tre du projet s&#039;\u00e9tend en amont jusqu&#039;aux eaux aval du projet Bar Mills (FERC n\u00b0 2194) et en aval jusqu&#039;au bassin de retenue de la rivi\u00e8re. <a href=\"https:\/\/lowimpacthydro.org\/fr\/lihi-certificate-169-cataract-hydroelectric-project-maine\/\">Projet Cataracte, LIHI #169<\/a>. Plus en amont se trouve le <a href=\"https:\/\/lowimpacthydro.org\/fr\/lihi-certificate-182-bonny-eagle-project-maine\/\">Projet Bonny Eagle (LIHI #182)<\/a>.<\/p>\n<p>La centrale \u00e9lectrique fait partie int\u00e9grante du barrage, qui cr\u00e9e un bassin de retenue de 488 acres. Elle comprend deux groupes turbines-alternateurs Kaplan \u00e0 arbre vertical, d&#039;une puissance totale de 21,6 MW. Le projet est exploit\u00e9 comme une installation au fil de l&#039;eau, modifi\u00e9e selon les saisons. Son exploitation est g\u00e9r\u00e9e en fonction du d\u00e9bit et du stockage des eaux des projets en amont, conform\u00e9ment \u00e0 l&#039;accord sur le d\u00e9bit r\u00e9serv\u00e9 de la rivi\u00e8re Saco de 1997, comme suit\u00a0:<\/p>\n<ul style=\"color: black;\">\n<li>Du 1er avril au 30 juin, le projet est exploit\u00e9 en mode fluctuant avec seulement 1 pied de fluctuation par rapport au niveau normal du bassin plein autoris\u00e9.<\/li>\n<li>Du 1er juillet au 30 septembre, le d\u00e9bit minimum passe \u00e0 400 pi\u00b3\/s lorsque le d\u00e9bit entrant est sup\u00e9rieur \u00e0 400 pi\u00b3\/s. Lorsque le d\u00e9bit entrant descend en dessous de 400 pi\u00b3\/s, le projet continue de lib\u00e9rer 400 pi\u00b3\/s en puisant dans le r\u00e9servoir, le rabattement du r\u00e9servoir \u00e9tant limit\u00e9 \u00e0 1,20 m ou moins du niveau maximal du bassin. Lorsque le niveau maximal du bassin descend de 1,20 m sous le niveau maximal du bassin, le d\u00e9bit sortant est \u00e9gal au d\u00e9bit entrant.<\/li>\n<li>Du 1er octobre au 15 novembre (sous r\u00e9serve d&#039;une p\u00e9riode alternative de 6 semaines approuv\u00e9e par l&#039;agence), le d\u00e9bit minimum augmente \u00e0 600 pi3\/s ou \u00e0 l&#039;afflux, selon le montant le moins \u00e9lev\u00e9.<\/li>\n<li>Du 15 novembre au 31 mars, le d\u00e9bit minimum est de 400 pi\u00b3\/s lorsque le d\u00e9bit entrant est sup\u00e9rieur \u00e0 400 pi\u00b3\/s. Lorsque le d\u00e9bit entrant descend en dessous de 400 pi\u00b3\/s, le projet continue de lib\u00e9rer 400 pi\u00b3\/s en puisant dans le r\u00e9servoir, le rabattement du r\u00e9servoir \u00e9tant limit\u00e9 \u00e0 1,20 m ou moins par rapport au niveau maximal du bassin. Lorsque le niveau du r\u00e9servoir descend de 1,20 m sous le niveau maximal du bassin, le d\u00e9bit sortant est \u00e9gal au d\u00e9bit entrant.<\/li>\n<\/ul>\n<p>La rivi\u00e8re Saco, \u00e0 proximit\u00e9 du projet, est une eau de classe A, adapt\u00e9e aux usages pr\u00e9vus\u00a0: eau potable apr\u00e8s d\u00e9sinfection\u00a0; p\u00eache\u00a0; agriculture\u00a0; loisirs aquatiques\u00a0; approvisionnement en eau pour les proc\u00e9d\u00e9s industriels et le refroidissement\u00a0; production d\u2019\u00e9nergie hydro\u00e9lectrique\u00a0; et habitat pour les poissons et autres esp\u00e8ces aquatiques. La rivi\u00e8re \u00e0 proximit\u00e9 du projet n\u2019est pas class\u00e9e comme d\u00e9grad\u00e9e. Un suivi de la qualit\u00e9 de l\u2019eau a \u00e9t\u00e9 effectu\u00e9 et le D\u00e9partement de la protection de l\u2019environnement du Maine a confirm\u00e9 que le projet est conforme \u00e0 sa certification de qualit\u00e9 de l\u2019eau.<\/p>\n<p>Le projet est \u00e9quip\u00e9 en amont et en aval <span class='tooltipsall tooltip_post_id_5566 classtoolTips59'>passage des poissons<\/span> Les installations datent de 2001. La remont\u00e9e des poissons est assur\u00e9e par un ascenseur \u00e0 poissons situ\u00e9 au sud de la centrale hydro\u00e9lectrique. Ce dispositif comprend un syst\u00e8me d&#039;attraction aquatique, un syst\u00e8me de regroupement des poissons, une tr\u00e9mie\/\u00e9l\u00e9vateur et des syst\u00e8mes de retenue pour camions et casiers. La descente des poissons est assur\u00e9e par une vanne en b\u00e9ton situ\u00e9e au centre du barrage et \u00e9quip\u00e9e d&#039;une vanne \u00e0 guillotine de 1,5 m x 1,5 m, plac\u00e9e \u00e0 la prise d&#039;eau. Le projet comprend \u00e9galement une passe \u00e0 anguilles en amont, op\u00e9rationnelle depuis 2013. Celle-ci inclut une zone d&#039;attraction aquatique en b\u00e9ton rugueux, situ\u00e9e \u00e0 l&#039;est du d\u00e9versoir Skelton, qui conduit les jeunes anguilles vers une rampe EnkaMat de 90 cm de long, puis vers un bassin d&#039;ascenseur d&#039;une capacit\u00e9 d&#039;environ 190 litres. Le projet est mis \u00e0 l&#039;arr\u00eat la nuit pendant la saison de migration des anguilles vers l&#039;aval.<\/p>\n<p>Les terres autour du projet sont principalement bois\u00e9es ou agricoles. Il n&#039;y a aucune terre d&#039;importance \u00e9cologique. <span class='tooltipsall tooltip_post_id_5643 classtoolTips52'>Au fil de l&#039;eau<\/span> les op\u00e9rations et les fluctuations limit\u00e9es du niveau de retenue servent \u00e0 limiter l&#039;\u00e9rosion et profitent aux infrastructures existantes <span class='tooltipsall tooltip_post_id_5670 classtoolTips125'>zones humides<\/span> et la faune.<\/p>\n<p>Parmi les esp\u00e8ces menac\u00e9es ou en voie de disparition potentiellement pr\u00e9sentes, on trouve l&#039;isotrie vertebrille et la tortue mouchet\u00e9e (en voie de disparition au niveau de l&#039;\u00c9tat). Parmi les autres esp\u00e8ces propos\u00e9es pour inscription, on trouve la chauve-souris de l&#039;Est et le papillon monarque. D&#039;autres chauves-souris pourraient \u00e9galement \u00eatre pr\u00e9sentes, notamment la petite chauve-souris brune, le vespertilion nordique (\u00e9galement en voie de disparition au niveau f\u00e9d\u00e9ral), et le pygargue \u00e0 t\u00eate blanche, menac\u00e9 au niveau de l&#039;\u00c9tat. Des pygargues \u00e0 t\u00eate blanche et d&#039;autres oiseaux migrateurs pourraient \u00e9galement \u00eatre pr\u00e9sents p\u00e9riodiquement. Quatre esp\u00e8ces v\u00e9g\u00e9tales rares sont pr\u00e9sentes \u00e0 proximit\u00e9 du p\u00e9rim\u00e8tre du projet\u00a0: l&#039;eupatoire creuse\u00a0; la gaulth\u00e9rie tachet\u00e9e\u00a0; le brome velu\u00a0; et le ch\u00e2taignier d&#039;Am\u00e9rique. Il est peu probable que les op\u00e9rations du projet nuisent aux esp\u00e8ces prot\u00e9g\u00e9es, car l&#039;enl\u00e8vement de la v\u00e9g\u00e9tation \u00e0 moins de 76\u00a0m\u00e8tres de tout cours d&#039;eau est r\u00e9glement\u00e9 par la loi sur le zonage des rivages du minist\u00e8re de la Protection de l&#039;environnement du Maine. Le projet ne n\u00e9cessite g\u00e9n\u00e9ralement pas d&#039;abattage d&#039;arbres ni d&#039;activit\u00e9s terrestres \u00e0 impact plus important.<\/p>\n<p>Quatre sites arch\u00e9ologiques existent dans la zone du projet et sont \u00e9ligibles pour \u00eatre inclus dans le <span class='tooltipsall tooltip_post_id_5606 classtoolTips1'>Registre national des lieux historiques<\/span>La licence de la FERC exige la mise en \u0153uvre de l&#039;accord programmatique de 1993 pour prot\u00e9ger ces ressources. L&#039;examen des rapports annuels exig\u00e9s par l&#039;article 415 pour les dix ann\u00e9es pr\u00e9c\u00e9dentes n&#039;a r\u00e9v\u00e9l\u00e9 aucun probl\u00e8me li\u00e9 aux ressources culturelles ou historiques du projet.<\/p>\n<p>Les installations r\u00e9cr\u00e9atives du projet comprennent une rampe de mise \u00e0 l&#039;eau sur la rive ouest, juste en amont du barrage, qui sert \u00e9galement de point de portage, ainsi qu&#039;un sentier de portage avec mise \u00e0 l&#039;eau sur la rive ouest, en aval du canal de fuite. L&#039;acc\u00e8s aux installations r\u00e9cr\u00e9atives est gratuit.<\/p>\n<hr \/>\n<h3>\u00c9tat de conformit\u00e9<\/h3>\n<p><strong>Le certificat comprend les conditions sp\u00e9cifiques \u00e0 l&#039;\u00e9tablissement suivantes :\u00a0<\/strong><\/p>\n<p><strong>Condition 1<\/strong>Le propri\u00e9taire de l&#039;installation doit soumettre au LIHI les r\u00e9sultats de ses \u00e9tudes d&#039;efficacit\u00e9 du passage en amont de 2025, ainsi que la documentation des commentaires de l&#039;agence sur ces r\u00e9sultats, dans les 90 jours suivant la publication du rapport final. Lors des soumissions annuelles de conformit\u00e9 ult\u00e9rieures, des copies de toutes les consultations et documents relatifs aux modifications de passage requises suite aux \u00e9tudes d&#039;efficacit\u00e9 doivent \u00eatre fournies au LIHI. Le LIHI se r\u00e9serve le droit de modifier ou d&#039;ajouter des conditions, et de r\u00e9\u00e9valuer la conformit\u00e9 au crit\u00e8re de passage en amont en fonction des informations fournies.<\/p>\n<p><strong>Condition 2 :<\/strong> Le propri\u00e9taire de l&#039;installation doit soumettre les r\u00e9sultats de ses \u00e9tudes d&#039;efficacit\u00e9 du passage en aval de 2025 et 2026, ainsi que la documentation des commentaires de l&#039;agence sur ces r\u00e9sultats, dans des rapports trimestriels de conformit\u00e9 adress\u00e9s au LIHI jusqu&#039;\u00e0 la fin des \u00e9tudes. Lors des soumissions annuelles de conformit\u00e9 ult\u00e9rieures, des copies de toutes les consultations et documents relatifs aux modifications de passage requises suite aux \u00e9tudes d&#039;efficacit\u00e9 doivent \u00eatre fournies au LIHI. Le LIHI se r\u00e9serve le droit de modifier ou d&#039;ajouter des conditions, et de r\u00e9\u00e9valuer la conformit\u00e9 au crit\u00e8re de passage en amont en fonction des informations fournies.<\/p>\n<p><strong>2026:<\/strong> Aucun changement important ni probl\u00e8me de conformit\u00e9 n&#039;ont \u00e9t\u00e9 relev\u00e9s. Le projet demeure conforme suite \u00e0 l&#039;examen annuel. Concernant la condition 1, le projet a soumis aux organismes comp\u00e9tents les r\u00e9sultats pr\u00e9liminaires de l&#039;\u00e9tude sur le passage de l&#039;alosine et attend leurs commentaires. Un plan d&#039;\u00e9tude pour 2026 sera \u00e9labor\u00e9. Concernant la condition 2, le projet a indiqu\u00e9 que l&#039;\u00e9tude sur les anguilles en aval, pr\u00e9vue pour 2025, a \u00e9t\u00e9 report\u00e9e en raison d&#039;un nombre insuffisant de poissons disponibles, mais qu&#039;une \u00e9tude pilote de plus petite envergure a \u00e9t\u00e9 men\u00e9e. Les r\u00e9sultats ont \u00e9t\u00e9 soumis aux organismes comp\u00e9tents et le projet attend leurs commentaires.<\/p>\n<p><strong>2025:<\/strong> Le rapport annuel pour le certificat actuel n\u2019est pas encore entr\u00e9 en vigueur.<\/p>\n<p>&nbsp;<\/p>\n<hr \/>\n<h3>Historique des certifications<\/h3>\n<p><strong>6 ao\u00fbt 2025<\/strong>Le Low Impact Hydropower Institute a rendu sa d\u00e9cision finale concernant la certification du projet hydro\u00e9lectrique de Skelton. Aucun appel n&#039;a \u00e9t\u00e9 re\u00e7u pendant la p\u00e9riode d&#039;appel, qui s&#039;est termin\u00e9e le 31 juillet 2025. La p\u00e9riode de certification de 10 ans s&#039;\u00e9tend du 5 mars 2025 au 4 mars 2035.<\/p>\n<p><strong>1er juillet 2025 :<\/strong> Le Low Impact Hydropower Institute a approuv\u00e9 provisoirement la certification \u00ab\u00a0faible impact\u00a0\u00bb pour le projet hydro\u00e9lectrique de Skelton (LIHI #203). La demande compl\u00e8te et le rapport d&#039;\u00e9valuation sont disponibles ci-dessous. Cette d\u00e9cision est provisoire, dans l&#039;attente d&#039;un d\u00e9lai d&#039;appel de 30\u00a0jours. Seuls les participants ayant comment\u00e9 les demandes initiales pendant ce d\u00e9lai de 60\u00a0jours sont autoris\u00e9s \u00e0 d\u00e9poser un recours. Ce recours doit inclure une explication expliquant en quoi les projets ne r\u00e9pondent pas aux crit\u00e8res du LIHI. Les demandes de recours peuvent \u00eatre soumises par courriel \u00e0 l&#039;adresse suivante\u00a0: <a href=\"mailto:comments@lowimpacthydro.org\">mailto:comments@lowimpacthydro.org<\/a> avec \u00ab\u00a0Projet Skelton\u00a0\u00bb dans l&#039;objet, ou par courrier adress\u00e9 au Low Impact Hydropower Institute, 68 Harrison Ave, Ste 605, PMB 113938, Boston, Massachusetts 02111-1929. Toutes les demandes seront publi\u00e9es sur le site web. Le demandeur aura la possibilit\u00e9 de r\u00e9pondre et toute r\u00e9ponse sera \u00e9galement publi\u00e9e. Les demandes doivent \u00eatre re\u00e7ues avant 17\u00a0h (heure de l&#039;Est) le 31\u00a0juillet\u00a02025. En l&#039;absence de demande d&#039;appel, la p\u00e9riode de certification s&#039;\u00e9tendra du 5\u00a0mars\u00a02025 au 4\u00a0mars\u00a02035.<\/p>\n<p><strong>6 mars 2025<\/strong><strong>: <\/strong>Le Low Impact Hydropower Institute a re\u00e7u une demande compl\u00e8te de certification \u00e0 faible impact pour le projet hydro\u00e9lectrique de Skelton. Le LIHI sollicite les commentaires du public sur cette demande. Plus pr\u00e9cis\u00e9ment, nous souhaitons savoir si, selon vous, le projet r\u00e9pond aux crit\u00e8res de certification \u00e0 faible impact du LIHI, tels que r\u00e9vis\u00e9s dans la 2e \u00e9dition du manuel en vigueur au moment de la demande initiale. Veuillez consulter le programme et les crit\u00e8res dans le LIHI. <a href=\"https:\/\/lowimpacthydro.org\/wp-content\/uploads\/2023\/11\/Password-Protected-2nd-Edition-Handbook-Rev.-2.05-2022-01-01.pdf\">Manuel R\u00e9vision 2.05<\/a>, puis consultez les documents de candidature ci-dessous. Les commentaires directement li\u00e9s aux crit\u00e8res sp\u00e9cifiques du LIHI (d\u00e9bits, qualit\u00e9 de l&#039;eau, passage des poissons, etc.) seront les plus utiles, mais tous les commentaires seront pris en compte. Vous pouvez envoyer vos commentaires \u00e0 l&#039;Institut par courriel \u00e0 l&#039;adresse suivante\u00a0: <a href=\"mailto:comments@lowimpacthydro.org\">comments@lowimpacthydro.org<\/a>\u00a0avec \u00ab\u00a0Commentaires sur le projet Skelton\u00a0\u00bb dans l&#039;objet, ou par courrier adress\u00e9 au Low Impact Hydropower Institute, 68 Harrison Ave Ste 605, PMB 113938 Boston, Massachusetts 02111-1929.\u00a0 <strong>Les commentaires doivent \u00eatre re\u00e7us au plus tard \u00e0 17 h, heure de l&#039;Est, le 5 mai 2025.<\/strong>\u00a0\u00e0 prendre en consid\u00e9ration. Tous les commentaires seront publi\u00e9s sur le site Web et le candidat aura la possibilit\u00e9 d&#039;y r\u00e9pondre. Toute r\u00e9ponse sera \u00e9galement publi\u00e9e.<\/p>\n<hr \/>\n<h3>Dossiers de certification<\/h3>\n<h4>Candidature 2025<\/h4>\n<ul style=\"color: black;\">\n<li><a href=\"https:\/\/lowimpacthydro.org\/wp-content\/uploads\/2025\/09\/Skelton-Stage-2-report_final.pdf\">Rapport d&#039;examen de la certification Skelton 2025<\/a><\/li>\n<li><a href=\"https:\/\/lowimpacthydro.org\/wp-content\/uploads\/2025\/03\/20250228-Revised-LIHI-Application-Skelton.pdf\">Demande d&#039;admission au LIHI de Skelton<\/a><\/li>\n<li><a href=\"https:\/\/lowimpacthydro.org\/wp-content\/uploads\/2025\/03\/TU-Comments-on-Skelton-LIHI-Application.pdf\">Commentaires TU\u00a0<\/a><\/li>\n<li><a href=\"https:\/\/lowimpacthydro.org\/wp-content\/uploads\/2025\/04\/TU-Comments-on-Skelton-LIHI-Application-Follow-up-with-Attachment.pdf\">Commentaires de suivi de TU\u00a0<\/a><\/li>\n<li><a href=\"https:\/\/lowimpacthydro.org\/wp-content\/uploads\/2025\/04\/Response-20250429-To-LIHI-Skelton-Response-to-TU-March-26th-Comments.pdf\">R\u00e9ponse de Brookfield aux commentaires de TU<\/a><\/li>\n<li><a href=\"https:\/\/lowimpacthydro.org\/wp-content\/uploads\/2025\/05\/20250331-Saco-Diadromous-Annual-Passage-Report.pdf\">Rivi\u00e8re Saco 2024 <span class='tooltipsall tooltip_post_id_5549 classtoolTips96'>Diadrome<\/span> <span class='tooltipsall tooltip_post_id_5566 classtoolTips59'>Passage des poissons<\/span> Rapport<\/a><\/li>\n<\/ul>\n<hr \/>\n<h3>Documents cl\u00e9s<\/h3>\n<ul>\n<li><a href=\"https:\/\/lowimpacthydro.org\/wp-content\/uploads\/2025\/07\/19980227-Skelton-FERC-license-and-WQC.pdf\">Licence FERC et certificat de qualit\u00e9 de l&#039;eau de Skelton, 1998<\/a><\/li>\n<li><a href=\"https:\/\/lowimpacthydro.org\/wp-content\/uploads\/2025\/07\/19970725-Skelton-instream-flow-agreement.pdf\">Accord de 1997 sur le d\u00e9bit r\u00e9serv\u00e9 de la rivi\u00e8re Saco<\/a><\/li>\n<li><a href=\"https:\/\/lowimpacthydro.org\/wp-content\/uploads\/2025\/07\/19961003-FERC-FEIS-Saco-River.pdf\">D\u00e9claration d&#039;impact environnemental de la rivi\u00e8re Saco (FERC) 1996<\/a><\/li>\n<li><a href=\"https:\/\/lowimpacthydro.org\/wp-content\/uploads\/2025\/07\/2019-Saco-River-Fisheries-Assessment-Agreement-Amendment.pdf\">Modification de l&#039;accord d&#039;\u00e9valuation des p\u00eaches de la rivi\u00e8re Saco de 2019<\/a><\/li>\n<li><a href=\"https:\/\/lowimpacthydro.org\/wp-content\/uploads\/2025\/07\/2007-Saco-River-Fisheries-Assessment-Agreement.pdf\">Accord d&#039;\u00e9valuation des p\u00eaches de la rivi\u00e8re Saco de 2007<\/a><\/li>\n<li><a href=\"https:\/\/lowimpacthydro.org\/wp-content\/uploads\/2025\/07\/1994-Saco-River-Fish-Passage-Agreement.pdf\">Accord de 1994 sur le passage du poisson dans la rivi\u00e8re Saco<\/a><\/li>\n<\/ul>","protected":false},"excerpt":{"rendered":"<p>Project Name Skelton LIHI Certificate No. 203 LIHI Certificate Term March 5, 2025 &#8211; March 4, 2035 Owner Brookfield White Pine Hydro, LLC\u00a0(a subsidiary of Brookfield<span class=\"excerpt-hellip\"> [\u2026]<\/span><\/p>\n","protected":false},"author":3,"featured_media":-1,"parent":0,"menu_order":0,"comment_status":"closed","ping_status":"closed","template":"","meta":{"_coblocks_attr":"","_coblocks_dimensions":"","_coblocks_responsive_height":"","_coblocks_accordion_ie_support":"","om_disable_all_campaigns":false,"_monsterinsights_skip_tracking":false,"_monsterinsights_sitenote_active":false,"_monsterinsights_sitenote_note":"","_monsterinsights_sitenote_category":0,"footnotes":""},"class_list":["post-9342","page","type-page","status-publish","has-post-thumbnail","hentry"],"aioseo_notices":[],"_links":{"self":[{"href":"https:\/\/lowimpacthydro.org\/fr\/wp-json\/wp\/v2\/pages\/9342","targetHints":{"allow":["GET"]}}],"collection":[{"href":"https:\/\/lowimpacthydro.org\/fr\/wp-json\/wp\/v2\/pages"}],"about":[{"href":"https:\/\/lowimpacthydro.org\/fr\/wp-json\/wp\/v2\/types\/page"}],"author":[{"embeddable":true,"href":"https:\/\/lowimpacthydro.org\/fr\/wp-json\/wp\/v2\/users\/3"}],"replies":[{"embeddable":true,"href":"https:\/\/lowimpacthydro.org\/fr\/wp-json\/wp\/v2\/comments?post=9342"}],"version-history":[{"count":24,"href":"https:\/\/lowimpacthydro.org\/fr\/wp-json\/wp\/v2\/pages\/9342\/revisions"}],"predecessor-version":[{"id":10411,"href":"https:\/\/lowimpacthydro.org\/fr\/wp-json\/wp\/v2\/pages\/9342\/revisions\/10411"}],"wp:featuredmedia":[{"embeddable":true,"href":"https:\/\/lowimpacthydro.org\/fr\/wp-json\/"}],"wp:attachment":[{"href":"https:\/\/lowimpacthydro.org\/fr\/wp-json\/wp\/v2\/media?parent=9342"}],"curies":[{"name":"wp","href":"https:\/\/api.w.org\/{rel}","templated":true}]}}