{"id":905,"date":"2020-07-17T19:43:48","date_gmt":"2020-07-17T23:43:48","guid":{"rendered":"https:\/\/lowimpacthydro.org\/new\/?page_id=905"},"modified":"2025-08-07T11:48:00","modified_gmt":"2025-08-07T15:48:00","slug":"lihi-certificate-125-hunts-pond-dam-project-massachusetts","status":"publish","type":"page","link":"https:\/\/lowimpacthydro.org\/fr\/lihi-certificate-125-hunts-pond-dam-project-massachusetts\/","title":{"rendered":"Certificat LIHI #125 \u2013 Projet de barrage de Hunts Pond, Massachusetts"},"content":{"rendered":"<table class=\"alignright\" style=\"width: 351px; border: 2px; cellspacing: 2px; cellpadding: 2px; margin-left: 50px;\">\n<tbody>\n<tr style=\"height: 24px;\">\n<td style=\"height: 24px; width: 39.2936%;\"><strong>Nom du projet<\/strong><\/td>\n<td style=\"height: 24px; width: 58.9404%;\">\u00c9tang Hunts <span class='tooltipsall tooltip_post_id_5545 classtoolTips158'>Barrage<\/span><\/td>\n<\/tr>\n<tr style=\"height: 51px;\">\n<td style=\"height: 29px; width: 39.2936%;\"><strong>Num\u00e9ro de certificat LIHI<\/strong><\/td>\n<td style=\"height: 29px; width: 58.9404%;\">125<\/td>\n<\/tr>\n<tr style=\"height: 48px;\">\n<td style=\"height: 48px; width: 39.2936%;\"><strong>Dur\u00e9e du certificat LIHI<br \/>\n<\/strong><\/td>\n<td style=\"height: 48px; width: 58.9404%;\">8 septembre 2020 \u2013<br \/>\n7 septembre 2030<\/td>\n<\/tr>\n<tr style=\"height: 48px;\">\n<td style=\"height: 26px; width: 39.2936%;\"><strong>Propri\u00e9taire<\/strong><\/td>\n<td style=\"height: 26px; width: 58.9404%;\">Winchendon Hydroelectric LLC<\/td>\n<\/tr>\n<tr style=\"height: 24px;\">\n<td style=\"height: 24px; width: 39.2936%;\"><strong>\u00c9tat<\/strong><\/td>\n<td style=\"height: 24px; width: 58.9404%;\">Massachusetts<\/td>\n<\/tr>\n<tr style=\"height: 72px;\">\n<td style=\"height: 56px; width: 39.2936%;\"><strong>Emplacement<\/strong><\/td>\n<td style=\"height: 56px; width: 58.9404%;\">Situ\u00e9 au mile 38 sur la rivi\u00e8re Millers \u00e0 Winchendon, MA.<\/td>\n<\/tr>\n<tr style=\"height: 48px;\">\n<td style=\"height: 36px; width: 39.2936%;\"><strong>Capacit\u00e9 install\u00e9e<\/strong><\/td>\n<td style=\"height: 36px; width: 58.9404%;\">0,1 MW<\/td>\n<\/tr>\n<tr style=\"height: 48px;\">\n<td style=\"height: 48px; width: 39.2936%;\"><strong>G\u00e9n\u00e9ration annuelle moyenne<\/strong><\/td>\n<td style=\"height: 48px; width: 58.9404%;\">480 MWH<\/td>\n<\/tr>\n<tr style=\"height: 24px;\">\n<td style=\"height: 24px; width: 39.2936%;\"><strong>Type d&#039;\u00e9tablissement<\/strong><\/td>\n<td style=\"height: 24px; width: 58.9404%;\"><span class='tooltipsall tooltip_post_id_5643 classtoolTips52'>Au fil de l&#039;eau<\/span><\/td>\n<\/tr>\n<tr style=\"height: 24px;\">\n<td style=\"height: 24px; width: 39.2936%;\"><strong><span class='tooltipsall tooltip_post_id_5565 classtoolTips152'>F\u00e9d\u00e9ration internationale de radio-t\u00e9l\u00e9vision (FERC)<\/span> Non.<\/strong><\/td>\n<td style=\"height: 24px; width: 58.9404%;\">P-8012, exempt\u00e9 1985<\/td>\n<\/tr>\n<\/tbody>\n<\/table>\n<p>Le projet de barrage de Hunts Pond est situ\u00e9 sur la rivi\u00e8re Millers, dans la ville de Winchendon, dans le Massachusetts, au milieu d&#039;une s\u00e9rie de barrages sur la rivi\u00e8re Millers. On compte trois barrages en amont et six en aval. Le barrage de Whitney (un barrage non aliment\u00e9 en \u00e9lectricit\u00e9) <span class='tooltipsall tooltip_post_id_5545 classtoolTips158'>barrage<\/span>,) est \u00e0 environ 0,5 mile en amont et le barrage Tannery (P-8895) est \u00e0 environ 0,3 mile en aval. <a href=\"https:\/\/lowimpacthydro.org\/fr\/lihi-certificate-136-new-home-dam-hydroelectric-project-massachusetts\/\">Projet de barrage de New Home (LIHI #136)<\/a> La rivi\u00e8re Millers est situ\u00e9e \u00e0 environ 29 kilom\u00e8tres en aval. Longue de plus de 80 kilom\u00e8tres, elle est aliment\u00e9e par des affluents de Rindge et New Ipswich, dans le New Hampshire, par le lac Monomonac, un lac artificiel qui chevauche la fronti\u00e8re entre Rindge, dans le New Hampshire, et Winchendon, dans le Massachusetts, et par de nombreux \u00e9tangs alimentant le cours principal jusqu&#039;\u00e0 sa confluence avec le fleuve Connecticut. Le projet a \u00e9t\u00e9 mis en service en 1985, mais a \u00e9t\u00e9 mis hors service en f\u00e9vrier 1993 suite \u00e0 la faillite du propri\u00e9taire de l&#039;\u00e9poque. Le projet a \u00e9t\u00e9 vendu en 1996. Apr\u00e8s la r\u00e9paration des unit\u00e9s existantes et la mise \u00e0 jour du syst\u00e8me de contr\u00f4le, le nouveau propri\u00e9taire a remis le projet en service.<\/p>\n<p>Le barrage de Hunts Pond, construit en 1936, est une structure en b\u00e9ton de 56 m\u00e8tres de long et 4,9 m\u00e8tres de haut. La prise d&#039;eau en b\u00e9ton, d&#039;environ 7,6 m\u00e8tres de long, est actionn\u00e9e par une vanne de t\u00eate en acier et des grilles \u00e0 d\u00e9bris espac\u00e9es de 2,5 cm. La prise d&#039;eau \u00e0 chenal ouvert est situ\u00e9e au barrage, sur la rive nord de la rivi\u00e8re. Une vanne en acier est pr\u00e9sente. <span class='tooltipsall tooltip_post_id_5581 classtoolTips154'>t\u00eate<\/span> Une vanne de 3,2 m\u00e8tres de large sur 4 m\u00e8tres de haut se trouve \u00e0 l&#039;entr\u00e9e de la structure d&#039;admission du canal ouvert. La vanne d&#039;amont est manuelle et sert uniquement \u00e0 l&#039;entretien. La structure d&#039;admission du canal ouvert mesure environ 7,6 m\u00e8tres de long sur 4,2 m\u00e8tres de large et 4,3 m\u00e8tres de haut. La structure est en bois. <span class='tooltipsall tooltip_post_id_5624 classtoolTips102'>centrale<\/span> Construit en 1985, il rejette ses eaux directement dans la rivi\u00e8re. En 2013, la Commission f\u00e9d\u00e9rale de r\u00e9glementation de l&#039;\u00e9nergie (FERC) a approuv\u00e9 <span class='tooltipsall tooltip_post_id_5562 classtoolTips113'>Exemption<\/span> L&#039;amendement a permis l&#039;installation d&#039;une nouvelle turbine Kaplan et d&#039;un g\u00e9n\u00e9rateur de 100 kW en 2015. Aucune modification de conception du barrage ou des structures d&#039;admission n&#039;a \u00e9t\u00e9 n\u00e9cessaire pour la nouvelle unit\u00e9 Kaplan.<\/p>\n<p>Le projet op\u00e8re dans un <span class='tooltipsall tooltip_post_id_5643 classtoolTips52'>au fil de l&#039;eau<\/span> et met en eau un r\u00e9servoir de 120 acres. Il n&#039;y a aucun tron\u00e7on contourn\u00e9. Le niveau de l&#039;\u00e9tang Hunts est contr\u00f4l\u00e9 automatiquement par un <span class='tooltipsall tooltip_post_id_5626 classtoolTips6'>Contr\u00f4leur logique programmable<\/span> Syst\u00e8me PLC (Automated PLC), permettant \u00e0 l&#039;installation de fonctionner au fil de l&#039;eau et de maintenir le d\u00e9bit minimal requis de 25 pi\u00b3\/s (ou le d\u00e9bit entrant si inf\u00e9rieur). Le PLC permet l&#039;ouverture et la fermeture de la prise d&#039;eau. <span class='tooltipsall tooltip_post_id_5672 classtoolTips55'>guichet <span class='tooltipsall tooltip_post_id_5578 classtoolTips153'>portes<\/span><\/span> r\u00e9gulant automatiquement le d\u00e9bit vers les deux turbines \u00e0 flux crois\u00e9s.<\/p>\n<p>Les eaux situ\u00e9es dans la zone d&#039;application du projet sont d\u00e9sign\u00e9es comme des eaux de cat\u00e9gorie 5 n\u00e9cessitant une <span class='tooltipsall tooltip_post_id_5663 classtoolTips150'>TMDL<\/span> et r\u00e9pertori\u00e9 comme d\u00e9grad\u00e9 en amont du projet en raison de la toxicit\u00e9 aquatique chronique et de la temp\u00e9rature. Ces d\u00e9gradations sont probablement dues \u00e0 une station d&#039;\u00e9puration en amont, et il est peu probable que le projet affecte la qualit\u00e9 de l&#039;eau de la rivi\u00e8re.<\/p>\n<p>L&#039;anguille d&#039;Am\u00e9rique est la seule esp\u00e8ce migratrice pr\u00e9sente dans la rivi\u00e8re Millers et est absente du secteur du projet en raison des obstacles en aval qui emp\u00eachent son passage. Historiquement, le saumon atlantique, l&#039;alose savoureuse, le hareng d&#039;\u00e9t\u00e9 et la lamproie marine ont pu migrer vers la zone du projet, mais les obstacles en aval emp\u00eachent d\u00e9sormais l&#039;acc\u00e8s de ces esp\u00e8ces. Parmi les esp\u00e8ces de poissons r\u00e9sidentes de la rivi\u00e8re Millers figurent la truite arc-en-ciel, la truite brune, l&#039;omble de fontaine, l&#039;achigan \u00e0 petite bouche, le crapet de roche, le crapet arlequin, le crapet-soleil, le crapet rouge, la perche et le m\u00e9n\u00e9 \u00e0 nageoires rouges.<\/p>\n<p>Le territoire du projet se limite aux installations du projet. Son empreinte est tr\u00e8s faible dans une zone urbanis\u00e9e, sans aucun terrain d&#039;importance \u00e9cologique. Parmi les esp\u00e8ces menac\u00e9es ou en voie de disparition potentiellement pr\u00e9sentes \u00e0 proximit\u00e9 du projet figure le vespertilion nordique, bien que la zone du projet ne lui offre aucun habitat propice.<\/p>\n<p>Aucune ressource culturelle ou historique n&#039;est pr\u00e9sente, mais l&#039;entreprise de fabrication Mason and Parker, situ\u00e9e \u00e0 proximit\u00e9, est inscrite \u00e0 l&#039;inventaire des biens historiques du Massachusetts. Celle-ci comprend certaines installations du projet, mais la centrale \u00e9lectrique et la nouvelle structure de prise d&#039;eau ont \u00e9t\u00e9 construites en 1985 et ne sont donc pas encore assez anciennes pour \u00eatre inscrites \u00e0 l&#039;inventaire. <span class='tooltipsall tooltip_post_id_5606 classtoolTips1'>Registre national des lieux historiques<\/span> ou l&#039;inventaire de l&#039;\u00c9tat.<\/p>\n<p>La zone du projet n\u2019est pas accessible en toute s\u00e9curit\u00e9 pour les activit\u00e9s r\u00e9cr\u00e9atives.<\/p>\n<hr \/>\n<h3>\u00c9tat de conformit\u00e9<\/h3>\n<p><strong>Le certificat comprend la condition sp\u00e9cifique \u00e0 l&#039;\u00e9tablissement suivante :<\/strong><\/p>\n<p><strong><em>Condition satisfaite en 2021.<\/em>\u00a0 Condition 1 :<\/strong> D&#039;ici le 31 d\u00e9cembre 2021, le propri\u00e9taire de l&#039;installation doit d\u00e9montrer l&#039;approbation par la FERC du plan de conformit\u00e9 du d\u00e9bit du cours d&#039;eau dat\u00e9 du 26\/01\/2016 et d\u00e9pos\u00e9 aupr\u00e8s de la FERC le 1er mai 2017 en soumettant \u00e0 LIHI soit une copie d&#039;une approbation FERC pr\u00e9existante comme demand\u00e9 dans la soumission du plan, soit une lettre \u00e0 la FERC demandant l&#039;approbation, et la d\u00e9livrance de l&#039;approbation de la FERC dans les 60 jours suivant sa r\u00e9ception par la FERC.<\/p>\n<p><strong>2025:<\/strong> Aucun changement important ni probl\u00e8me de conformit\u00e9 n&#039;ont \u00e9t\u00e9 identifi\u00e9s. Le projet reste conforme sur la base de l&#039;examen annuel.<\/p>\n<p><strong>2024:<\/strong> Aucun changement important ni probl\u00e8me de conformit\u00e9 n&#039;ont \u00e9t\u00e9 identifi\u00e9s. Le projet reste conforme sur la base de l&#039;examen annuel.<\/p>\n<p><strong>2023:<\/strong> Aucun changement important ni probl\u00e8me de conformit\u00e9 n&#039;ont \u00e9t\u00e9 identifi\u00e9s. Le projet reste conforme sur la base de l&#039;examen annuel.<\/p>\n<p><strong>2022:<\/strong> Aucun changement important ni probl\u00e8me de conformit\u00e9 n&#039;ont \u00e9t\u00e9 identifi\u00e9s. Le projet reste conforme sur la base de l&#039;examen annuel. <strong><br \/>\n<\/strong><\/p>\n<p><strong>2021:<\/strong> Aucun changement ni probl\u00e8me de conformit\u00e9 n&#039;a \u00e9t\u00e9 signal\u00e9. Le projet demeure conforme suite \u00e0 l&#039;examen annuel. Concernant la condition 1, le projet a document\u00e9 l&#039;approbation du plan de conformit\u00e9 par la FERC, satisfaisant ainsi \u00e0 cette condition.<\/p>\n<hr \/>\n<h3>Historique des certifications<\/h3>\n<p><strong>1er janvier 2022 :<\/strong> La dur\u00e9e du certificat LIHI a \u00e9t\u00e9 prolong\u00e9e conform\u00e9ment \u00e0 la r\u00e9vision 2.05 du manuel de certification LIHI 2e \u00e9dition publi\u00e9 le 1er janvier 2022. Reportez-vous au tableau des \u00e9tablissements ci-dessus pour conna\u00eetre la nouvelle dur\u00e9e.<\/p>\n<p><strong>22 juin 2021 :<\/strong> Le Low Impact Hydropower Institute a rendu sa d\u00e9cision finale concernant la recertification du projet hydro\u00e9lectrique du barrage de Hunts Pond. La d\u00e9cision pr\u00e9liminaire a \u00e9t\u00e9 annonc\u00e9e le 18 mai 2021, ouvrant ainsi la p\u00e9riode d&#039;appel de 30 jours. Cette p\u00e9riode s&#039;est cl\u00f4tur\u00e9e le 17 juin 2021 et aucun appel n&#039;a \u00e9t\u00e9 d\u00e9pos\u00e9. Par cons\u00e9quent, la d\u00e9cision de recertification du projet est d\u00e9sormais d\u00e9finitive. La nouvelle p\u00e9riode d&#039;ex\u00e9cution du projet s&#039;\u00e9tend du 8 septembre 2020 au 7 septembre 2025.<\/p>\n<p><strong>18 mai 2021 :<\/strong> Le Low Impact Hydropower Institute (LIHI) a approuv\u00e9 \u00e0 titre pr\u00e9liminaire le projet de barrage de Hunts Pond (LIHI #125) pour une nouvelle p\u00e9riode de cinq ans de certification \u00e0 faible impact. Cette d\u00e9cision est provisoire, dans l&#039;attente d&#039;un d\u00e9lai d&#039;appel de 30 jours. Seuls les participants ayant comment\u00e9 la demande initiale pendant ce d\u00e9lai de 60 jours sont autoris\u00e9s \u00e0 d\u00e9poser un recours. Ce recours doit inclure une explication expliquant en quoi le projet ne r\u00e9pond pas aux crit\u00e8res du LIHI. Les demandes de recours peuvent \u00eatre soumises par courriel \u00e0 l&#039;adresse suivante\u00a0: <a href=\"#\">comments@lowimpacthydro.org<\/a> avec \u00ab\u00a0Projet de barrage de Hunts Pond\u00a0\u00bb en objet, ou par courrier adress\u00e9 au Low Impact Hydropower Institute, 1167 Massachusetts Ave, bureau 407, Arlington, MA 02476. Toutes les demandes seront publi\u00e9es sur le site web. Le demandeur aura la possibilit\u00e9 de r\u00e9pondre, et toute r\u00e9ponse sera \u00e9galement publi\u00e9e. <strong>Les demandes doivent \u00eatre re\u00e7ues avant 17 heures, heure de l\u2019Est, le 17 juin 2021.<\/strong> Le dossier complet et le rapport d&#039;\u00e9valuation sont disponibles ci-dessous. Si aucune demande d&#039;appel n&#039;est re\u00e7ue et que la d\u00e9cision devient d\u00e9finitive, la p\u00e9riode de certification du projet s&#039;\u00e9tendra du 11 f\u00e9vrier 2021 au 10 f\u00e9vrier 2026.<\/p>\n<p><strong>23 f\u00e9vrier 2021 :<\/strong> Le Low Impact Hydropower Institute (LIHI) a re\u00e7u une demande compl\u00e8te de recertification de Winchendon Hydroelectric, LLC pour le projet de barrage de Hunts Pond. La demande compl\u00e8te est disponible ci-dessous. Le LIHI sollicite des commentaires sur cette demande. Les commentaires directement li\u00e9s \u00e0 ses crit\u00e8res sp\u00e9cifiques (d\u00e9bits, qualit\u00e9 de l&#039;eau, etc.) <span class='tooltipsall tooltip_post_id_5566 classtoolTips59'>passage des poissons<\/span>, etc.) seront tr\u00e8s utiles, mais tous les commentaires seront pris en compte. Les commentaires peuvent \u00eatre soumis \u00e0 l&#039;Institut par courrier \u00e9lectronique \u00e0 l&#039;adresse <a href=\"#\">comments@lowimpacthydro.org <\/a>avec \u00ab Commentaires sur le projet de barrage de Hunts Pond \u00bb dans la ligne d&#039;objet, ou par courrier adress\u00e9 au Low Impact Hydropower Institute, 1167 Massachusetts Avenue, Bureau 407, Arlington, MA 02476. <strong>Les commentaires doivent \u00eatre re\u00e7us \u00e0 l\u2019Institut au plus tard \u00e0 17 h, heure de l\u2019Est, le 24 avril 2021 pour \u00eatre pris en compte.<\/strong> Tous les commentaires seront publi\u00e9s sur le site Web et le candidat aura la possibilit\u00e9 d&#039;y r\u00e9pondre. Toute r\u00e9ponse sera \u00e9galement publi\u00e9e.<\/p>\n<p><strong>24 d\u00e9cembre 2015 \u2013<\/strong>\u00a0Michael J. Sale, directeur g\u00e9n\u00e9ral du LIHI, s&#039;appuyant sur les pouvoirs d\u00e9l\u00e9gu\u00e9s par le conseil d&#039;administration du LIHI et apr\u00e8s examen complet du rapport de l&#039;examinateur de la demande, ainsi que de tous les commentaires publics et documents compl\u00e9mentaires fournis par le demandeur, a certifi\u00e9 que le projet hydro\u00e9lectrique du barrage de Hunts Pond (FERC n\u00b0 P-8012) satisfait aux crit\u00e8res de certification du LIHI. Une d\u00e9cision pr\u00e9liminaire a \u00e9t\u00e9 annonc\u00e9e le 25 novembre 2015, et un d\u00e9lai d&#039;appel de 30 jours \u00e9tait ouvert jusqu&#039;au 24 d\u00e9cembre 2015. Aucune demande d&#039;appel n&#039;a \u00e9t\u00e9 re\u00e7ue. Cette d\u00e9cision de certification comporte une condition sp\u00e9cifique \u00e0 l&#039;installation, \u00e0 savoir\u00a0:<\/p>\n<ul style=\"color: black;\">\n<li><strong><em>Condition satisfaite 2016<\/em><\/strong>:Dans les 30 jours suivant l&#039;approbation de la certification LIHI, le propri\u00e9taire de l&#039;installation doit fournir une lettre \u00e0 LIHI qui s&#039;engage \u00e0 prot\u00e9ger les passages en amont et en aval de l&#039;anguille d&#039;Am\u00e9rique si et quand une telle att\u00e9nuation du passage des poissons est jug\u00e9e n\u00e9cessaire par le MDFW et\/ou l&#039;USFWS.<\/li>\n<\/ul>\n<p>La date d&#039;entr\u00e9e en vigueur de la certification du projet de barrage de Hunts Pond est le 8 septembre 2015 pour une dur\u00e9e de cinq (5) ans, qui expirera le 5 septembre 2020.<\/p>\n<p><strong>8 septembre 2015 \u2013<\/strong>\u00a0Le 8 septembre 2015, le Low Impact Hydropower Institute (LIHI) a re\u00e7u une demande compl\u00e8te de Winchendon Hydroelectric LLC pour la certification \u00e0 faible impact du projet de barrage Hunts Pond, FERC P-8012, situ\u00e9 sur la rivi\u00e8re Millers \u00e0 Winchendon, Massachusetts.<\/p>\n<hr \/>\n<h3>Dossiers de certification<\/h3>\n<h4>Recertification 2021<\/h4>\n<ul style=\"color: black;\">\n<li><a href=\"https:\/\/lowimpacthydro.org\/wp-content\/uploads\/2021\/05\/Hunts-Pond-Stage-II-Recertification-Report-20210510.pdf\"> Rapport de recertification de Hunts Pond 2021<\/a><\/li>\n<li><a href=\"https:\/\/lowimpacthydro.org\/wp-content\/uploads\/2021\/02\/Hunts-Pond-Dam-LIHI-Recertification-Application.pdf \">Demande de recertification du barrage de Hunts Pond<\/a><\/li>\n<\/ul>\n<h4>Certification 2015<\/h4>\n<ul style=\"color: black;\">\n<li><a href=\"https:\/\/lowimpacthydro.org\/wp-content\/uploads\/2020\/07\/Hunts-Pond-Full-Application-Review-final-11-9-15.pdf\">Rapport d&#039;examen de la certification du barrage de Hunts Pond 2015<\/a><\/li>\n<li><a href=\"https:\/\/lowimpacthydro.org\/wp-content\/uploads\/2020\/07\/Hunts-Pond-Dam-2015-09-03-LIHI_QUESTIONNAIRE_DEC2013.pdf\">Questionnaire de certification du barrage de Hunts Pond 2015<\/a><\/li>\n<li><a href=\"https:\/\/lowimpacthydro.org\/wp-content\/uploads\/2020\/07\/Hunts-Pond-Dam-2015-09-03-APPENDIX-A.pdf\">Demande de barrage de l&#039;\u00e9tang Hunts Annexe A 2015<\/a><\/li>\n<li><a href=\"https:\/\/lowimpacthydro.org\/wp-content\/uploads\/2020\/07\/Hunts-Pond-Dam-2015-09-03-APPENDIX-B.pdf\">Demande de barrage de l&#039;\u00e9tang Hunts Annexe B 2015<\/a><\/li>\n<li><a href=\"https:\/\/lowimpacthydro.org\/wp-content\/uploads\/2020\/07\/Hunts-Pond-Dam-2015-09-03-APPENDIX-C.pdf\">Demande de barrage de l&#039;\u00e9tang Hunts Annexe C 2015<\/a><\/li>\n<li><a href=\"https:\/\/lowimpacthydro.org\/wp-content\/uploads\/2020\/07\/Hunts-Pond-Dam-2015-09-03-APPENDIX-D.pdf\">Demande de barrage de l&#039;\u00e9tang Hunts Annexe D 2015<\/a><\/li>\n<li><a href=\"https:\/\/lowimpacthydro.org\/wp-content\/uploads\/2020\/07\/Hunts-Pond-Dam-2015-09-03-APPENDIX-E.pdf\">Demande de barrage de l&#039;\u00e9tang Hunts Annexe E 2015<\/a><\/li>\n<li><a href=\"https:\/\/lowimpacthydro.org\/wp-content\/uploads\/2020\/07\/Hunts-Pond-Dam-2015-09-03-APPENDIX-G.pdf\">Demande de permis pour le barrage de Hunts Pond, annexe G 2015<\/a><\/li>\n<li><a href=\"https:\/\/lowimpacthydro.org\/wp-content\/uploads\/2020\/07\/Hunts-Pond-Dam-2015-09-03-APPENDIX-H.pdf\">Demande de permis pour le barrage de Hunts Pond, annexe H 2015<\/a><\/li>\n<li><a href=\"https:\/\/lowimpacthydro.org\/wp-content\/uploads\/2020\/07\/Hunts-Pond-Dam-2015-09-03-Appendix-1.pdf\">Barrage de Hunts Pond 2015-09-03 Annexe 1<\/a><\/li>\n<li><a href=\"https:\/\/lowimpacthydro.org\/wp-content\/uploads\/2020\/07\/Hunts-Pond-Dam-2015-09-03-Appendix-1-11-1-Addendum-Agency-Notices.pdf\">Addenda \u00e0 l&#039;annexe de la demande relative au barrage de Hunts Pond \u2013 Avis de l&#039;Agence 2015<\/a><\/li>\n<\/ul>\n<hr \/>\n<h3>Documents cl\u00e9s<\/h3>\n<ul>\n<li><a href=\"https:\/\/lowimpacthydro.org\/wp-content\/uploads\/2020\/12\/2013-Hunts-Pond-FERC-Amendment.pdf\">Modification de la licence FERC de Hunts Pond 2013<\/a><\/li>\n<li><a href=\"https:\/\/lowimpacthydro.org\/wp-content\/uploads\/2020\/12\/1985-Hunts-Pond-FERC-Exemption.pdf\">Exemption FERC de Hunts Pond 1985<\/a><\/li>\n<\/ul>","protected":false},"excerpt":{"rendered":"<p>Project Name Hunts Pond Dam LIHI Certificate No. 125 LIHI Certificate Term September 8, 2020 &#8211; September 7, 2030 Owner Winchendon Hydroelectric LLC State Massachusetts Location<span class=\"excerpt-hellip\"> [\u2026]<\/span><\/p>\n","protected":false},"author":3,"featured_media":-1,"parent":0,"menu_order":0,"comment_status":"closed","ping_status":"closed","template":"","meta":{"_coblocks_attr":"","_coblocks_dimensions":"","_coblocks_responsive_height":"","_coblocks_accordion_ie_support":"","om_disable_all_campaigns":false,"_monsterinsights_skip_tracking":false,"_monsterinsights_sitenote_active":false,"_monsterinsights_sitenote_note":"","_monsterinsights_sitenote_category":0,"footnotes":""},"class_list":["post-905","page","type-page","status-publish","has-post-thumbnail","hentry"],"aioseo_notices":[],"_links":{"self":[{"href":"https:\/\/lowimpacthydro.org\/fr\/wp-json\/wp\/v2\/pages\/905","targetHints":{"allow":["GET"]}}],"collection":[{"href":"https:\/\/lowimpacthydro.org\/fr\/wp-json\/wp\/v2\/pages"}],"about":[{"href":"https:\/\/lowimpacthydro.org\/fr\/wp-json\/wp\/v2\/types\/page"}],"author":[{"embeddable":true,"href":"https:\/\/lowimpacthydro.org\/fr\/wp-json\/wp\/v2\/users\/3"}],"replies":[{"embeddable":true,"href":"https:\/\/lowimpacthydro.org\/fr\/wp-json\/wp\/v2\/comments?post=905"}],"version-history":[{"count":12,"href":"https:\/\/lowimpacthydro.org\/fr\/wp-json\/wp\/v2\/pages\/905\/revisions"}],"predecessor-version":[{"id":9892,"href":"https:\/\/lowimpacthydro.org\/fr\/wp-json\/wp\/v2\/pages\/905\/revisions\/9892"}],"wp:featuredmedia":[{"embeddable":true,"href":"https:\/\/lowimpacthydro.org\/fr\/wp-json\/"}],"wp:attachment":[{"href":"https:\/\/lowimpacthydro.org\/fr\/wp-json\/wp\/v2\/media?parent=905"}],"curies":[{"name":"wp","href":"https:\/\/api.w.org\/{rel}","templated":true}]}}