{"id":8957,"date":"2024-05-16T15:43:10","date_gmt":"2024-05-16T19:43:10","guid":{"rendered":"https:\/\/lowimpacthydro.org\/?page_id=8957"},"modified":"2025-11-25T13:33:26","modified_gmt":"2025-11-25T18:33:26","slug":"wells-dam-wa","status":"publish","type":"page","link":"https:\/\/lowimpacthydro.org\/fr\/wells-dam-wa\/","title":{"rendered":"Demande en attente \u2013 Projet de barrage Wells, Washington"},"content":{"rendered":"<table class=\"alignright\" style=\"width: 351px; border: 2px; cellspacing: 2px; cellpadding: 2px; margin-left: 50px;\">\n<tbody>\n<tr>\n<td style=\"border-style: solid;\" width=\"162\"><strong>Nom du projet<\/strong><\/td>\n<td style=\"border-style: solid;\" width=\"180\">Puits <span class='tooltipsall tooltip_post_id_5545 classtoolTips158'>Barrage<\/span><\/td>\n<\/tr>\n<tr>\n<td style=\"border-style: solid;\"><strong>Num\u00e9ro de certificat LIHI<br \/>\n<\/strong><\/td>\n<td style=\"border-style: solid;\"><\/td>\n<\/tr>\n<tr>\n<td style=\"border-style: solid;\"><strong>Dur\u00e9e du certificat LIHI<br \/>\n<\/strong><\/td>\n<td style=\"border-style: solid;\"><\/td>\n<\/tr>\n<tr>\n<td style=\"border-style: solid;\" width=\"162\"><strong>Propri\u00e9taire<\/strong><\/td>\n<td style=\"border-style: solid;\" width=\"180\">District de services publics n\u00b0 1 du comt\u00e9 de Douglas<\/td>\n<\/tr>\n<tr>\n<td style=\"border-style: solid;\" width=\"162\"><strong>\u00c9tat<\/strong><\/td>\n<td style=\"border-style: solid;\" width=\"180\">Washington<\/td>\n<\/tr>\n<tr>\n<td style=\"border-style: solid;\" width=\"162\"><strong>Emplacement<\/strong><\/td>\n<td style=\"border-style: solid;\" width=\"180\">Mile 515,6 sur le fleuve Columbia.<\/td>\n<\/tr>\n<tr>\n<td style=\"border-style: solid;\" width=\"162\"><strong>Capacit\u00e9 install\u00e9e<\/strong><\/td>\n<td style=\"border-style: solid;\" width=\"180\">843,6 MW<\/td>\n<\/tr>\n<tr>\n<td style=\"border-style: solid;\" width=\"162\"><strong>G\u00e9n\u00e9ration annuelle moyenne<\/strong><\/td>\n<td style=\"border-style: solid;\" width=\"180\">4 262 714 MWh<\/td>\n<\/tr>\n<tr>\n<td style=\"border-style: solid;\" width=\"162\"><strong>Type d&#039;\u00e9tablissement<\/strong><\/td>\n<td style=\"border-style: solid;\" width=\"180\">Modifi\u00e9 <span class='tooltipsall tooltip_post_id_5643 classtoolTips52'>au fil de l&#039;eau<\/span><\/td>\n<\/tr>\n<tr>\n<td style=\"border-style: solid;\" width=\"162\"><strong><span class='tooltipsall tooltip_post_id_5565 classtoolTips152'>F\u00e9d\u00e9ration internationale de radio-t\u00e9l\u00e9vision (FERC)<\/span> Non.<\/strong><\/td>\n<td style=\"border-style: solid;\" width=\"180\">P-2149. Licence d\u00e9livr\u00e9e le 09\/11\/2012, expire le 31\/10\/2052.<\/td>\n<\/tr>\n<\/tbody>\n<\/table>\n<p>Le projet hydro\u00e9lectrique de Wells est situ\u00e9 sur le fleuve Columbia, dans les comt\u00e9s de Chelan, Douglas et Okanogan, dans l&#039;\u00c9tat de Washington. Il est d\u00e9tenu et exploit\u00e9 par le District des services publics n\u00b0 1 du comt\u00e9 de Douglas (Douglas PUD). Douglas PUD a commenc\u00e9 son exploitation en 1945 en tant que r\u00e9seau de distribution local. La construction du projet Wells a d\u00e9but\u00e9 en 1957 et la premi\u00e8re production d&#039;\u00e9lectricit\u00e9 a eu lieu en 1967.<\/p>\n<p>Le projet est situ\u00e9 pr\u00e8s des villes de Pateros, Brewster et Bridgeport sur le fleuve Columbia, au mile 515,6. Les barrages en amont sont Chief Joseph, exploit\u00e9 par l&#039;US Army Corps of Engineers (USACE), au mile 454,1 et Grand Coulee, exploit\u00e9 par le US Bureau of Reclamation, au mile 596,6. Les barrages en aval imm\u00e9diat sont les autres projets du Mid-Columbia d\u00e9tenus et exploit\u00e9s par le Public Utility District No 1 du comt\u00e9 de Chelan et le Public Utility District No 1 du comt\u00e9 de Grant\u00a0: le barrage de Rocky Reach (Chelan) au mile 473,4, le barrage de Rock Island (Chelan) au mile 453,4, le barrage de Wanapum (Grant) au mile 415,8 et le barrage de Priest Rapids (Grant) au mile 397,1. Les barrages plus en aval sont les projets f\u00e9d\u00e9raux, tous g\u00e9r\u00e9s par l&#039;USACE\u00a0; Barrage McNeary au mile 292 de la rivi\u00e8re, barrage John Day au mile 215,6 de la rivi\u00e8re, barrage Dalles\u00a0<a href=\"https:\/\/lowimpacthydro.org\/fr\/lihi-certificate-71-dalles-dam-north-fishway-hydroelectric-project-washington\/\">(Barrage de Dalles Nord <span class='tooltipsall tooltip_post_id_5568 classtoolTips128'>Passe \u00e0 poissons<\/span> (l&#039;installation hydro\u00e9lectrique est certifi\u00e9e LIHI #71)<\/a> au mile 191,5 de la rivi\u00e8re et le barrage de Bonneville au mile 146,1 de la rivi\u00e8re.<\/p>\n<p>Le projet consiste en un <span class='tooltipsall tooltip_post_id_5545 classtoolTips158'>barrage<\/span>, r\u00e9servoir, canal de fuite, poste de commutation, ligne de transport, en amont et en aval <span class='tooltipsall tooltip_post_id_5566 classtoolTips59'>passage des poissons<\/span> installations hydro\u00e9lectriques, une \u00e9closerie et des installations r\u00e9cr\u00e9atives. Le barrage est une structure hydro\u00e9lectrique de 350 m\u00e8tres de long et 48 m\u00e8tres de haut, \u00e9quip\u00e9e de 10 turbines Kaplan verticales, de 11 <span class='tooltipsall tooltip_post_id_5651 classtoolTips116'>d\u00e9versoirs<\/span>, des installations de passage des poissons en amont et en aval, ainsi qu&#039;un poste de man\u0153uvre. L&#039;hydrocombineuse est une conception unique qui int\u00e8gre <span class='tooltipsall tooltip_post_id_5624 classtoolTips102'>centrale<\/span>, les d\u00e9versoirs, le poste de man\u0153uvre et les installations de p\u00eache sont regroup\u00e9s dans une seule unit\u00e9, au lieu de structures s\u00e9par\u00e9es. Six des groupes \u00e9lectrog\u00e8nes ont \u00e9t\u00e9 r\u00e9nov\u00e9s et ont chacun une capacit\u00e9 nominale de 89 MW. Quatre doivent encore \u00eatre modernis\u00e9s et ont actuellement une capacit\u00e9 nominale de 77,4 MW. Les travaux de modernisation devraient \u00eatre termin\u00e9s en 2027. Chacun des dix groupes pr\u00e9sente une plage de d\u00e9bit hydraulique comprise entre 13 (charge minimale) et 22 kpi\u00b3\/s (pleine capacit\u00e9 hydraulique). <span class='tooltipsall tooltip_post_id_5651 classtoolTips116'>d\u00e9versoir<\/span> mesure 46 pieds de large et le d\u00e9versement est contr\u00f4l\u00e9 par une porte de 66 pieds de haut.<\/p>\n<p>Les installations de passage des poissons comprennent deux passes \u00e0 poissons en amont et un syst\u00e8me de d\u00e9rivation des juv\u00e9niles en aval. Une passe \u00e0 poissons est situ\u00e9e \u00e0 chaque extr\u00e9mit\u00e9 de l&#039;hydrocombineuse, et chaque \u00e9chelle comprend un syst\u00e8me de pompage pour alimenter l&#039;entr\u00e9e en flux d&#039;attraction, une station de comptage, un pi\u00e8ge \u00e0 poissons et une installation de tri, ainsi qu&#039;un \u00e9quipement de d\u00e9tection par transpondeur passif int\u00e9gr\u00e9 (PIT). Le syst\u00e8me de d\u00e9rivation des juv\u00e9niles en aval est constitu\u00e9 de barri\u00e8res en acier pr\u00e9fabriqu\u00e9es, install\u00e9es de fa\u00e7on saisonni\u00e8re dans les trav\u00e9es 2, 4, 6, 8 et 10 du d\u00e9versoir. Ces barri\u00e8res, hautes de 22 m\u00e8tres, obstruent toute l&#039;entr\u00e9e du d\u00e9versoir, \u00e0 l&#039;exception d&#039;une fente verticale de 22 m\u00e8tres de haut sur 4,8 m\u00e8tres de large\u00a0; elles sont con\u00e7ues pour s&#039;effondrer lorsque le d\u00e9versoir est ouvert. <span class='tooltipsall tooltip_post_id_5578 classtoolTips153'>portes<\/span> sont ouverts \u00e0 plus de six pieds.<\/p>\n<p>Le projet comprend \u00e9galement l&#039;\u00e9closerie Wells, situ\u00e9e en aval de la rive ouest <span class='tooltipsall tooltip_post_id_5514 classtoolTips118'>pilier<\/span> du barrage de Wells.<\/p>\n<hr \/>\n<h3>Historique des certifications<\/h3>\n<p><strong>21 novembre 2025\u00a0:<\/strong> Douglas PUD a choisi de retirer sa demande LIHI.<\/p>\n<p><strong>21 mai 2025 :<\/strong> \u00c9tant donn\u00e9 que certaines parties prenantes cl\u00e9s n&#039;ont pas \u00e9t\u00e9 inform\u00e9es de la demande LIHI initialement soumise en mai 2024 par le district des services publics n\u00b0 1 du comt\u00e9 de Douglas pour le projet de barrage Wells, LIHI ouvre une deuxi\u00e8me p\u00e9riode de commentaires publics pour la demande.<\/p>\n<p>Le LIHI sollicite des commentaires directement li\u00e9s \u00e0 ses crit\u00e8res sp\u00e9cifiques (d\u00e9bits, qualit\u00e9 de l&#039;eau, passage des poissons, etc.), mais tous les commentaires seront pris en compte. Vous pouvez les adresser par courriel \u00e0 l&#039;adresse suivante\u00a0:\u00a0<a href=\"mailto:comments@lowimpacthydro.org\">comments@lowimpacthydro.org<\/a>\u00a0avec \u00ab Commentaires sur le projet de barrage Wells \u00bb dans la ligne d&#039;objet, ou par courrier adress\u00e9 au Low Impact Hydropower Institute, 68 Harrison Ave Ste 605, PMB 113938 Boston, Massachusetts 02111-1929.\u00a0<strong>Les commentaires doivent \u00eatre re\u00e7us \u00e0 l&#039;Institut au plus tard \u00e0 17 heures, heure de l&#039;Est, le 20 juillet 2025 pour \u00eatre pris en compte.<\/strong>Tous les commentaires seront publi\u00e9s sur le site web et le candidat aura la possibilit\u00e9 d&#039;y r\u00e9pondre. Toute r\u00e9ponse sera \u00e9galement publi\u00e9e.<\/p>\n<p><strong>Veuillez partager ceci avec d\u2019autres parties int\u00e9ress\u00e9es au sein de votre organisation et de votre r\u00e9seau, car nous voulons nous assurer que toutes les parties int\u00e9ress\u00e9es ont la possibilit\u00e9 de commenter.<\/strong><\/p>\n<p>La description du projet, la demande compl\u00e8te ainsi que les commentaires et r\u00e9ponses re\u00e7us \u00e0 ce jour se trouvent ci-dessous.<\/p>\n<p><strong>21 octobre 2024 :<\/strong> La p\u00e9riode d&#039;appel a \u00e9t\u00e9 suspendue dans l&#039;attente de la r\u00e9ception et de l&#039;examen de nouvelles informations. Consultez la section \u00ab\u00a0Dossiers de certification\u00a0\u00bb ci-dessous pour obtenir des commentaires suppl\u00e9mentaires sur la demande et la r\u00e9ponse de Douglas PUD.<\/p>\n<p><strong>3 octobre 2024 :<\/strong> Le Low Impact Hydropower Institute (LIHI) a approuv\u00e9 provisoirement la certification \u00ab\u00a0faible impact\u00a0\u00bb pour le projet hydro\u00e9lectrique du barrage Wells. La demande compl\u00e8te et le rapport d&#039;\u00e9valuation sont disponibles ci-dessous. Cette d\u00e9cision est provisoire, dans l&#039;attente d&#039;un d\u00e9lai d&#039;appel de 30\u00a0jours. Seuls les participants ayant comment\u00e9 les demandes initiales pendant ce d\u00e9lai de 60\u00a0jours sont autoris\u00e9s \u00e0 d\u00e9poser un recours. Ce recours doit inclure une explication expliquant en quoi les projets ne r\u00e9pondent pas aux crit\u00e8res du LIHI. Les demandes de recours peuvent \u00eatre soumises par courriel \u00e0 l&#039;adresse suivante\u00a0: <a href=\"mailto:comments@lowimpacthydro.org\">comments@lowimpacthydro.org<\/a> avec \u00ab Demande d&#039;appel concernant le barrage Wells \u00bb dans l&#039;objet, ou par courrier adress\u00e9 au Low Impact Hydropower Institute, 68 Harrison Ave Ste 605, PMB 113938, Boston, MA 02111-1929. <strong>Les demandes doivent \u00eatre re\u00e7ues avant 17 h, heure de l&#039;Est, le 3 novembre 2024.<\/strong>Toutes les demandes seront publi\u00e9es sur le site web. Le candidat aura la possibilit\u00e9 de r\u00e9pondre, et toute r\u00e9ponse sera \u00e9galement publi\u00e9e. En l&#039;absence de demande d&#039;appel, la p\u00e9riode de certification s&#039;\u00e9tendra du 9 juillet 2024 au 8 juillet 2037.<\/p>\n<p><strong>28 mai 2024 :<\/strong> Le Low Impact Hydropower Institute a re\u00e7u une demande compl\u00e8te de certification \u00e0 faible impact pour le projet hydro\u00e9lectrique du barrage Wells. Le LIHI sollicite les commentaires du public sur cette demande. Plus pr\u00e9cis\u00e9ment, nous souhaitons savoir si, selon vous, le projet r\u00e9pond aux crit\u00e8res de certification \u00e0 faible impact du LIHI, tels que r\u00e9vis\u00e9s dans la 2e \u00e9dition du manuel. Veuillez consulter le programme et les crit\u00e8res dans la version r\u00e9vis\u00e9e du LIHI. <a href=\"https:\/\/lowimpacthydro.org\/wp-content\/uploads\/2020\/07\/2nd-edition-handbook-20160315-rev2.02-7-20-16.pdf\">Manuel<\/a> et consultez ensuite les documents de candidature du projet ci-dessous. Les commentaires directement li\u00e9s \u00e0 des crit\u00e8res sp\u00e9cifiques du LIHI (d\u00e9bits, qualit\u00e9 de l&#039;eau, passage des poissons, etc.) seront les plus utiles, mais tous les commentaires seront pris en compte. Les commentaires peuvent \u00eatre soumis \u00e0 l&#039;Institut par courrier \u00e9lectronique \u00e0 l&#039;adresse\u00a0<a href=\"mailto:comments@lowimpacthydro.org\">comments@lowimpacthydro.org<\/a> avec \u00ab Commentaires sur le projet de barrage Wells \u00bb dans la ligne d&#039;objet, ou par courrier adress\u00e9 au Low Impact Hydropower Institute, 1167 Massachusetts Avenue, Arlington, MA 02476. <strong>Les commentaires doivent \u00eatre re\u00e7us au plus tard \u00e0 17 h, heure de l&#039;Est, le 27 juillet 2024.<\/strong>\u00a0\u00e0 prendre en consid\u00e9ration. Tous les commentaires seront publi\u00e9s sur le site Web et le candidat aura la possibilit\u00e9 d&#039;y r\u00e9pondre. Toute r\u00e9ponse sera \u00e9galement publi\u00e9e.<\/p>\n<hr \/>\n<h3>Dossiers de certification<\/h3>\n<ul style=\"color: black;\">\n<li><a href=\"https:\/\/lowimpacthydro.org\/wp-content\/uploads\/2024\/10\/Final-Wells_Project_StageII_Review-_Report.pdf\">Rapport d&#039;examen de la certification LIHI du barrage Wells 2024<\/a><\/li>\n<li><a href=\"https:\/\/lowimpacthydro.org\/wp-content\/uploads\/2024\/05\/LIHI-Application-final.pdf\">Demande de certification du barrage Wells 2024<\/a><\/li>\n<li><a href=\"https:\/\/lowimpacthydro.org\/wp-content\/uploads\/2024\/10\/Wells-Dam-letters-of-appreciation.pdf\">Lettres d&#039;appr\u00e9ciation du barrage Wells 2024<\/a><\/li>\n<\/ul>\n<p><strong>Premi\u00e8re p\u00e9riode de commentaires :<\/strong><\/p>\n<ul style=\"color: black;\">\n<li><a href=\"https:\/\/lowimpacthydro.org\/wp-content\/uploads\/2024\/10\/2024-07-31-K-Capuder-Wells-Dam-application-comments.pdf\">Courriel de commentaires de la tribu Colville 2024<\/a><\/li>\n<li><a href=\"https:\/\/lowimpacthydro.org\/wp-content\/uploads\/2025\/02\/CRITFC-comment-Wells-Dam.pdf\">Commentaires du CRITFC<\/a><\/li>\n<li><a href=\"https:\/\/lowimpacthydro.org\/wp-content\/uploads\/2025\/02\/YN-comments-on-Wells-Dam-LIHI-Certification-Nov-8-2024.pdf\">Commentaires de la nation Yakama<\/a><\/li>\n<li><a href=\"https:\/\/lowimpacthydro.org\/wp-content\/uploads\/2025\/02\/WDFW_Wells-Dam-Comments-Nov-15-2024.pdf\">Commentaires WDFW<\/a><\/li>\n<li><a href=\"https:\/\/lowimpacthydro.org\/wp-content\/uploads\/2025\/03\/2025-03-12-final-comments-and-recommendations-WellsLIHICert.pdf\">Recommandations des commentateurs<\/a><\/li>\n<li><a href=\"https:\/\/lowimpacthydro.org\/wp-content\/uploads\/2025\/02\/Final-Douglas-PUD-Letter-Response-to-Comments-for-LIHI-1.15.2025.pdf\">R\u00e9ponse de Douglas PUD aux commentaires<\/a><\/li>\n<li><a href=\"https:\/\/lowimpacthydro.org\/wp-content\/uploads\/2025\/03\/2025-03-27-PUD-response-RE_-DCPUD-Letter-Response-to-Comments-Regarding-Wells-LIHI-Certification-Application.pdf\">R\u00e9ponse de Douglas PUD aux questions suppl\u00e9mentaires du LIHI<\/a><\/li>\n<\/ul>\n<p><strong>Deuxi\u00e8me p\u00e9riode de commentaires :<\/strong><\/p>\n<ul>\n<li><a href=\"https:\/\/lowimpacthydro.org\/wp-content\/uploads\/2025\/06\/City-of-Pateros-Mayor-Comment-Letter.pdf\">Commentaire de la ville de Pateros<\/a><\/li>\n<li><a href=\"https:\/\/lowimpacthydro.org\/wp-content\/uploads\/2025\/06\/City-of-Bridgeport-Comments.pdf\">Commentaire de la ville de Bridgeport<\/a><\/li>\n<li><a href=\"https:\/\/lowimpacthydro.org\/wp-content\/uploads\/2025\/06\/Hurds-Guide-Service-Comment-Letter-Wells-Dam-Certification-Application-2025.pdf\">Lettre de commentaires du service de guide Hurds\u00a0<\/a><\/li>\n<li><a href=\"https:\/\/lowimpacthydro.org\/wp-content\/uploads\/2025\/07\/STOI-Letter-of-Support-for-DPUD-LIHI-Cert_Signed.pdf\">Lettre de commentaires de la tribu indienne de Spokane\u00a0<\/a><\/li>\n<li><a href=\"https:\/\/lowimpacthydro.org\/wp-content\/uploads\/2025\/07\/Colville-letter-to-LIHI-for-DPUD-July2025.pdf\">Lettre de commentaires des tribus conf\u00e9d\u00e9r\u00e9es de la r\u00e9serve de Colville\u00a0<\/a><\/li>\n<li><a href=\"https:\/\/lowimpacthydro.org\/wp-content\/uploads\/2025\/07\/Yakama-Nation-Second-Comment-Period-for-Wells-Dam.pdf\">Lettre de commentaires des tribus et bandes conf\u00e9d\u00e9r\u00e9es de la nation Yakama\u00a0<\/a><\/li>\n<li><a href=\"https:\/\/lowimpacthydro.org\/wp-content\/uploads\/2025\/07\/Washington-Department-of-Fish-and-Wildlife-Comment-Letter-Wells-Dam-Certification-Application-2025.pdf\">Lettre de commentaires du D\u00e9partement de la p\u00eache et de la faune de Washington\u00a0<\/a><\/li>\n<li><a href=\"https:\/\/lowimpacthydro.org\/wp-content\/uploads\/2025\/07\/Columbia-Riverkeeper-et-al-Comment-Letter-Wells-Dam-Certification-Application.pdf\">Lettre de commentaires de Columbia Riverkeeper\u00a0<\/a><\/li>\n<li><a href=\"https:\/\/lowimpacthydro.org\/wp-content\/uploads\/2025\/07\/17-July-2025_-Wells_LowImpactHydropowerInstitute_CRITFC.pdf\">Lettre de commentaires de la Commission intertribale des p\u00eaches du fleuve Columbia\u00a0<\/a><\/li>\n<li><a href=\"https:\/\/lowimpacthydro.org\/wp-content\/uploads\/2025\/07\/UCUT-letter-of-support-for-DPUD-LIHI-Application.pdf\">Lettre de commentaires des tribus unies de l&#039;Upper Columbia<\/a><\/li>\n<li><a href=\"https:\/\/lowimpacthydro.org\/wp-content\/uploads\/2025\/07\/2025.SOS_.LIHI_.Wells_.Dam_.July24-1.pdf\">Lettre de commentaires de la Coalition pour sauver notre saumon sauvage\u00a0<\/a><\/li>\n<li><a href=\"https:\/\/lowimpacthydro.org\/wp-content\/uploads\/2025\/07\/Trout_Unlimited_LIHI_Certification_letter_07202025.pdf\">Lettre de commentaires sur Trout Unlimited\u00a0<\/a><\/li>\n<li><a href=\"https:\/\/lowimpacthydro.org\/wp-content\/uploads\/2025\/07\/07_10_2025-Brewster-Letter-re-LIHI-Wells-Dam.pdf\">Commentaire de la ville de Brewster<\/a><\/li>\n<li><a href=\"https:\/\/lowimpacthydro.org\/wp-content\/uploads\/2025\/07\/MVFF-letter-of-support-LIHI-certification-of-the-Wells-Project-06-20-2025.pdf\">Commentaire des p\u00eacheurs \u00e0 la mouche de Methow Valley<\/a><\/li>\n<li><a href=\"https:\/\/lowimpacthydro.org\/wp-content\/uploads\/2025\/08\/Douglas-PUD-LIHI-Second-Response-Letter-and-YN-Detailed-Response-August-2025.pdf\">R\u00e9ponse de Douglas PUD aux commentaires de la deuxi\u00e8me p\u00e9riode de commentaires<\/a><\/li>\n<\/ul>\n<hr \/>\n<h3>Documents cl\u00e9s<\/h3>\n<ul>\n<li><a href=\"https:\/\/douglaspud.org\/download\/71\/report\/14082\/2024_12_31-douglas-final-2024-wells-hcp-comprehensive-nni-progress-report.pdf\">Rapport d&#039;\u00e9tape complet 2024 : \u00c9tat d&#039;avancement de la r\u00e9alisation de l&#039;objectif NNI dans le cadre du <span class='tooltipsall tooltip_post_id_5518 classtoolTips36'>Poissons anadromes<\/span> Accord et plan de conservation de l&#039;habitat<\/a><\/li>\n<li><a href=\"https:\/\/lowimpacthydro.org\/wp-content\/uploads\/2025\/08\/20250528-Final-2024-Wells-ASA-and-HCP-Annual-Report.pdf\">Rapport annuel 2024 du Plan de conservation des habitats\u00a0<\/a><strong><br \/>\n<\/strong><\/li>\n<li><a href=\"https:\/\/lowimpacthydro.org\/wp-content\/uploads\/2025\/08\/2024-Wells-Final-Aquatic-Settlement-Agreement-Annual-Report.pdf\">Rapport annuel 2024 sur l&#039;accord de r\u00e8glement aquatique<\/a><\/li>\n<li><a href=\"https:\/\/lowimpacthydro.org\/wp-content\/uploads\/2024\/05\/20121109-Wells-FERC-license.pdf\">Licence FERC 2012, certification de la qualit\u00e9 de l&#039;eau et prescriptions relatives aux passes \u00e0 poissons<\/a><\/li>\n<li><a href=\"https:\/\/lowimpacthydro.org\/wp-content\/uploads\/2024\/05\/20111025-Wells-Final-EIS.pdf\">D\u00e9claration d&#039;impact environnemental de la FERC 2011<\/a><\/li>\n<li><a href=\"https:\/\/lowimpacthydro.org\/wp-content\/uploads\/2025\/03\/20100527-2009-Aquatic-Settlement-Agreement.pdf\">Accord de r\u00e8glement aquatique et plans de gestion de 2009<\/a><\/li>\n<li><a href=\"https:\/\/lowimpacthydro.org\/wp-content\/uploads\/2024\/08\/Wells-Dam-WDFW-Off-License-Settlement-Agreement.pdf\">Accord de r\u00e8glement de 2007 sur les licences de d\u00e9bit de boissons<\/a><\/li>\n<li><a href=\"https:\/\/lowimpacthydro.org\/wp-content\/uploads\/2024\/08\/2002-Wells-HCP.pdf\">Plan de conservation des habitats de 2002<\/a><\/li>\n<\/ul>","protected":false},"excerpt":{"rendered":"<p>Project Name Wells Dam LIHI Certificate No. LIHI Certificate Term Owner Public Utility District No. 1 of Douglas County State Washington Location River Mile 515.6 on<span class=\"excerpt-hellip\"> [\u2026]<\/span><\/p>\n","protected":false},"author":3,"featured_media":-1,"parent":0,"menu_order":0,"comment_status":"closed","ping_status":"closed","template":"","meta":{"_coblocks_attr":"","_coblocks_dimensions":"","_coblocks_responsive_height":"","_coblocks_accordion_ie_support":"","om_disable_all_campaigns":false,"_monsterinsights_skip_tracking":false,"_monsterinsights_sitenote_active":false,"_monsterinsights_sitenote_note":"","_monsterinsights_sitenote_category":0,"footnotes":""},"class_list":["post-8957","page","type-page","status-publish","has-post-thumbnail","hentry"],"_links":{"self":[{"href":"https:\/\/lowimpacthydro.org\/fr\/wp-json\/wp\/v2\/pages\/8957","targetHints":{"allow":["GET"]}}],"collection":[{"href":"https:\/\/lowimpacthydro.org\/fr\/wp-json\/wp\/v2\/pages"}],"about":[{"href":"https:\/\/lowimpacthydro.org\/fr\/wp-json\/wp\/v2\/types\/page"}],"author":[{"embeddable":true,"href":"https:\/\/lowimpacthydro.org\/fr\/wp-json\/wp\/v2\/users\/3"}],"replies":[{"embeddable":true,"href":"https:\/\/lowimpacthydro.org\/fr\/wp-json\/wp\/v2\/comments?post=8957"}],"version-history":[{"count":49,"href":"https:\/\/lowimpacthydro.org\/fr\/wp-json\/wp\/v2\/pages\/8957\/revisions"}],"predecessor-version":[{"id":10180,"href":"https:\/\/lowimpacthydro.org\/fr\/wp-json\/wp\/v2\/pages\/8957\/revisions\/10180"}],"wp:featuredmedia":[{"embeddable":true,"href":"https:\/\/lowimpacthydro.org\/fr\/wp-json\/"}],"wp:attachment":[{"href":"https:\/\/lowimpacthydro.org\/fr\/wp-json\/wp\/v2\/media?parent=8957"}],"curies":[{"name":"wp","href":"https:\/\/api.w.org\/{rel}","templated":true}]}}