{"id":893,"date":"2020-07-17T18:40:56","date_gmt":"2020-07-17T22:40:56","guid":{"rendered":"https:\/\/lowimpacthydro.org\/new\/?page_id=893"},"modified":"2025-09-05T10:44:19","modified_gmt":"2025-09-05T14:44:19","slug":"lihi-certificate-127-crocker-dam-project-ma","status":"publish","type":"page","link":"https:\/\/lowimpacthydro.org\/fr\/lihi-certificate-127-crocker-dam-project-ma\/","title":{"rendered":"Certificat LIHI #127 \u2013 Projet de barrage Crocker, MA"},"content":{"rendered":"<table class=\"alignright\" style=\"width: 351px; border: 2px; cellspacing: 2px; cellpadding: 2px; margin-left: 50px;\">\n<tbody>\n<tr>\n<td><strong>Nom du projet<\/strong><\/td>\n<td>Crocker <span class='tooltipsall tooltip_post_id_5545 classtoolTips158'>Barrage<\/span><\/td>\n<\/tr>\n<tr>\n<td><strong>Num\u00e9ro de certificat LIHI<\/strong><\/td>\n<td>127<\/td>\n<\/tr>\n<tr>\n<td><strong>Dur\u00e9e du certificat LIHI<br \/>\n<\/strong><\/td>\n<td>15 septembre 2020 \u2013 14 septembre 2030<\/td>\n<\/tr>\n<tr>\n<td><strong>Propri\u00e9taire<\/strong><\/td>\n<td>Barrage de la rivi\u00e8re Whitman, Inc.<\/td>\n<\/tr>\n<tr>\n<td><strong>\u00c9tat<\/strong><\/td>\n<td>Massachusetts<\/td>\n<\/tr>\n<tr>\n<td><strong>Emplacement<\/strong><\/td>\n<td>Situ\u00e9 au mile 2,5 sur la rivi\u00e8re Whitman \u00e0 Westminster, MA.<\/td>\n<\/tr>\n<tr>\n<td><strong>Capacit\u00e9 install\u00e9e<\/strong><\/td>\n<td>0,174 MW<\/td>\n<\/tr>\n<tr>\n<td><strong>G\u00e9n\u00e9ration annuelle moyenne<\/strong><\/td>\n<td>887 MWh<\/td>\n<\/tr>\n<tr>\n<td><strong>Type d&#039;\u00e9tablissement<\/strong><\/td>\n<td><span class='tooltipsall tooltip_post_id_5643 classtoolTips52'>Au fil de l&#039;eau<\/span><\/td>\n<\/tr>\n<tr>\n<td><strong><span class='tooltipsall tooltip_post_id_5565 classtoolTips152'>F\u00e9d\u00e9ration internationale de radio-t\u00e9l\u00e9vision (FERC)<\/span> Non.<\/strong><\/td>\n<td>P-13237 d\u00e9livr\u00e9 en 2012, expire le 31\/08\/2052<\/td>\n<\/tr>\n<\/tbody>\n<\/table>\n<p>Le projet de barrage Crocker est situ\u00e9 sur la rivi\u00e8re Whitman, dans la ville de Westminster, dans le comt\u00e9 de Worcester, au Massachusetts. La rivi\u00e8re Whitman prend sa source \u00e0 l&#039;embouchure du lac Wampanoag et traverse Ashburnham, Westminster et Fitchburg, dans le Massachusetts, avant de se jeter dans le ruisseau Flag pour former la rivi\u00e8re North Nashua. Cette derni\u00e8re se jette dans la rivi\u00e8re Nashua, avant de rejoindre la rivi\u00e8re Merrimack \u00e0 Nashua, dans le New Hampshire. <span class='tooltipsall tooltip_post_id_5545 classtoolTips158'>barrage<\/span> Le poste d&#039;observation et le poste de garde ont \u00e9t\u00e9 construits en 1933 pour alimenter en eau l&#039;ancienne Crocker Paper Company et ses pr\u00e9d\u00e9cesseurs \u00e0 des fins industrielles. La construction du projet hydro\u00e9lectrique a d\u00e9but\u00e9 en 2016 et s&#039;est achev\u00e9e en 2019. L&#039;exploitation du projet a d\u00e9but\u00e9 en 2020. Deux barrages se trouvent en amont du projet\u00a0: le barrage du lac Wampanoag et le barrage de Westminster. <span class='tooltipsall tooltip_post_id_5588 classtoolTips83'>Mise en fourri\u00e8re<\/span> Barrage, tous deux non aliment\u00e9s en \u00e9lectricit\u00e9 et appartenant au ma\u00eetre d&#039;ouvrage. Le seul barrage en aval sur la rivi\u00e8re Whitman est l&#039;\u00e9tang Snows Mill, \u00e9galement non aliment\u00e9 en \u00e9lectricit\u00e9. Parmi les autres barrages en aval sur la rivi\u00e8re Nashua, on trouve le barrage non aliment\u00e9 d&#039;Arden Mill. <a href=\"https:\/\/lowimpacthydro.org\/fr\/lihi-certificate-44-ice-house-hydropower-project-massachusetts\/\">Glaci\u00e8re (LIHI #44)<\/a>, le barrage de Pepperell \u00e0 Pepperell, Massachusetts et d&#039;autres barrages dans le New Hampshire, notamment <a href=\"https:\/\/lowimpacthydro.org\/fr\/lihi-certificate-54-jackson-mills-hydroelectric-project-new-hampshire\/\">Jackson Mills (LIHI #54)<\/a>.<\/p>\n<p>Le projet comprend un remblai en terre de 520 pieds de long et de 38,5 pieds de haut et <span class='tooltipsall tooltip_post_id_5600 classtoolTips84'>barrage en ma\u00e7onnerie<\/span> avec une arche de 120 pieds de long <span class='tooltipsall tooltip_post_id_5651 classtoolTips116'>d\u00e9versoir<\/span> section surmont\u00e9e d&#039;une poutre en bois de 26 pouces de hauteur <span class='tooltipsall tooltip_post_id_5569 classtoolTips79'>tableaux d&#039;affichage<\/span>. Le <span class='tooltipsall tooltip_post_id_5570 classtoolTips114'>vanne<\/span> La porte de terre mesure 2,4 m\u00e8tres de large et 3,6 m\u00e8tres de haut, et la porte de boue mesure 90 cm de large et 90 cm de haut. Le corps de garde est \u00e9quip\u00e9 d&#039;une porte de 14,4 m\u00e8tres de long et 107 cm de diam\u00e8tre. <span class='tooltipsall tooltip_post_id_5619 classtoolTips124'>conduite forc\u00e9e<\/span> et un nouveau support \u00e0 d\u00e9chets en m\u00e9tal de 18 pieds de haut et 6,5 pieds de large avec un espacement des barres de 1 pouce. Le nouveau <span class='tooltipsall tooltip_post_id_5624 classtoolTips102'>centrale<\/span> Le projet comprend un groupe turbine-alternateur de 174 kW. Le canal de fuite est neuf et mesure 6 m\u00e8tres de large, 1,8 m\u00e8tre de profondeur et 10,7 m\u00e8tres de long. Il s&#039;agit d&#039;un v\u00e9ritable projet au fil de l&#039;eau, la centrale \u00e9tant situ\u00e9e \u00e0 proximit\u00e9 du bassin de retenue, cr\u00e9ant ainsi une d\u00e9rivation tr\u00e8s courte (environ 17,4 m\u00e8tres).<\/p>\n<p>Le projet op\u00e8re dans <span class='tooltipsall tooltip_post_id_5643 classtoolTips52'>au fil de l&#039;eau<\/span> mode et met en eau un r\u00e9servoir de 102,9 acres. Les capteurs d&#039;\u00e9l\u00e9vation du bassin envoient des donn\u00e9es \u00e0 un <span class='tooltipsall tooltip_post_id_5626 classtoolTips6'>Contr\u00f4leur logique programmable<\/span> Ce qui garantit que le niveau du r\u00e9servoir est maintenu \u00e0 moins de 150 cm. Tous les d\u00e9bits inf\u00e9rieurs \u00e0 la capacit\u00e9 hydraulique minimale de la turbine (13 pi\u00b3\/s) sont d\u00e9vers\u00e9s, et tous les d\u00e9bits sup\u00e9rieurs \u00e0 sa capacit\u00e9 hydraulique maximale (60 pi\u00b3\/s) sont d\u00e9vers\u00e9s. Le r\u00e9gime d&#039;\u00e9coulement a \u00e9t\u00e9 \u00e9labor\u00e9 en consultation avec le D\u00e9partement de la protection de l&#039;environnement du Massachusetts.<\/p>\n<p>Les eaux situ\u00e9es dans la zone d&#039;application du projet sont d\u00e9sign\u00e9es comme \u00e9tant de classe B, adapt\u00e9es \u00e0 l&#039;habitat des poissons et des esp\u00e8ces aquatiques, au soutien de la faune et aux fonctions primaires et secondaires. <span class='tooltipsall tooltip_post_id_5646 classtoolTips7'>loisirs secondaires<\/span>Le projet effectue actuellement une surveillance de la qualit\u00e9 de l\u2019eau pour confirmer que le projet n\u2019a pas d\u2019impact n\u00e9gatif sur la temp\u00e9rature de l\u2019eau et les concentrations d\u2019oxyg\u00e8ne dissous.<\/p>\n<p>Les barrages en aval sur le cours principal de la rivi\u00e8re Nashua cr\u00e9ent des barri\u00e8res pour l&#039;amont <span class='tooltipsall tooltip_post_id_5566 classtoolTips59'>passage des poissons<\/span> pour <span class='tooltipsall tooltip_post_id_5518 classtoolTips36'>poisson anadrome<\/span> esp\u00e8ces. Ainsi, aucune esp\u00e8ce de poisson migrateur n&#039;est pr\u00e9sente dans la rivi\u00e8re. L&#039;anguille d&#039;Am\u00e9rique est pr\u00e9sente dans la rivi\u00e8re Nashua et dans la zone aval du projet Ice House, mais aucune anguille n&#039;a \u00e9t\u00e9 recens\u00e9e dans la zone du projet du barrage Crocker. Les esp\u00e8ces riveraines r\u00e9sidentes comprennent une population naturelle d&#039;ombles de fontaine ainsi que des esp\u00e8ces communes comme le crapet arlequin, le naseux noir et le naseux rapide, le crapet-soleil barr\u00e9, le brochet maill\u00e9, le m\u00e9n\u00e9 commun et le m\u00e9n\u00e9 jaune, la ouest, l&#039;achigan \u00e0 grande bouche et l&#039;achigan \u00e0 petite bouche, le crapet-soleil, le meunier noir, la barbotte jaune et la perchaude. L&#039;installation de grilles \u00e0 d\u00e9chets pleine profondeur espac\u00e9es de 2,5 cm (1 pouce) att\u00e9nue le risque de <span class='tooltipsall tooltip_post_id_5558 classtoolTips77'>entra\u00eenement<\/span>La vitesse d&#039;approche est en moyenne de 0,46 pied\/seconde et m\u00eame dans des conditions de mar\u00e9e haute, cette vitesse ne d\u00e9passerait pas le seuil recommand\u00e9 de 2,0 pieds\/seconde.<\/p>\n<p>Le terrain du projet s&#039;\u00e9tend sur 1,8 hectare. Les rives entourant le bassin de retenue sont recouvertes d&#039;une v\u00e9g\u00e9tation dense, comprenant des bois, des broussailles et des sous-bois herbeux, ainsi que plusieurs terrains r\u00e9sidentiels. Le projet a \u00e9t\u00e9 construit conform\u00e9ment \u00e0 un arr\u00eat\u00e9 de conditions de la Commission de conservation de la ville de Westminster, en vertu de la loi du Massachusetts. <span class='tooltipsall tooltip_post_id_5670 classtoolTips125'>zones humides<\/span> Loi sur la protection des donn\u00e9es. Westminster dispose \u00e9galement d&#039;une loi locale <span class='tooltipsall tooltip_post_id_5670 classtoolTips125'>zones humides<\/span> R\u00e8glement municipal visant \u00e0 prot\u00e9ger la qualit\u00e9 et la quantit\u00e9 des eaux de surface et souterraines, \u00e0 pr\u00e9venir les inondations et les dommages caus\u00e9s par les temp\u00eates, et \u00e0 prot\u00e9ger la faune et son habitat tributaires des milieux humides. Depuis l&#039;ach\u00e8vement des travaux en janvier 2020, aucune activit\u00e9 n&#039;a eu d&#039;impact sur le littoral ou le bassin versant. Aucune terre de valeur \u00e9cologique significative n&#039;est pr\u00e9sente dans la zone du projet.<\/p>\n<p>Parmi les esp\u00e8ces menac\u00e9es ou en voie de disparition potentiellement pr\u00e9sentes \u00e0 proximit\u00e9 du projet figure la chauve-souris nordique. Une consultation aupr\u00e8s du Bureau du patrimoine naturel du Massachusetts indique qu&#039;aucun hibernacle ni arbre de repos pour cette esp\u00e8ce ne se trouve dans la zone du projet. Compte tenu de la faible empreinte du projet et de l&#039;absence de coupe d&#039;arbres, il est peu probable que le projet ait un impact sur les esp\u00e8ces de chauves-souris r\u00e9pertori\u00e9es. L&#039;habitat prioritaire de la tortue des bois se trouve \u00e0 proximit\u00e9, mais hors de la zone du projet. L&#039;exploitation au fil de l&#039;eau et le maintien de niveaux de retenue stables att\u00e9nuent tout impact sur l&#039;habitat. Plusieurs esp\u00e8ces d&#039;oiseaux migrateurs pourraient \u00e9galement \u00eatre pr\u00e9sentes dans la zone du projet, mais les op\u00e9rations n&#039;ont pas d&#039;impact sur ces esp\u00e8ces en raison de l&#039;absence de coupe d&#039;arbres dans la zone. Ces esp\u00e8ces comprennent le pygargue \u00e0 t\u00eate blanche, le coucou \u00e0 bec noir, le goglu des pr\u00e9s, la paruline du Canada, la paruline tigr\u00e9e, la paruline des pr\u00e9s, le quiscale rouilleux et la grive des bois.<\/p>\n<p>Les ressources historiques de la zone du projet comprennent le barrage et la gu\u00e9rite qui ont \u00e9t\u00e9 construits \u00e0 l&#039;origine en 1933. Bien qu&#039;elles ne soient pas actuellement r\u00e9pertori\u00e9es, ces propri\u00e9t\u00e9s sont \u00e9ligibles \u00e0 l&#039;inscription sur la liste <span class='tooltipsall tooltip_post_id_5606 classtoolTips1'>Registre national des lieux historiques<\/span>Un panneau dans la zone de loisirs voisine d\u00e9taille l&#039;histoire du site depuis 1767, ann\u00e9e de la construction du premier moulin \u00e0 farine. Le Bureau de pr\u00e9servation historique de l&#039;\u00c9tat a conclu que le projet n&#039;aurait probablement aucun impact sur les propri\u00e9t\u00e9s historiques.<\/p>\n<p>Le projet ne comprend aucune installation r\u00e9cr\u00e9ative officielle. L&#039;acc\u00e8s public est gratuit dans les zones s\u00e9curis\u00e9es du projet. L&#039;aire de loisirs de Crocker Pond, situ\u00e9e \u00e0 Westminster, jouxte le barrage et le canal de fuite, c\u00f4t\u00e9 sud-ouest. C&#039;est une zone r\u00e9cr\u00e9ative am\u00e9nag\u00e9e et populaire, comprenant un grand parking et une plage de retenue. Les installations comprennent \u00e9galement des aires de pique-nique, un kiosque, une aire de jeux, une zone de baignade, des sentiers et une rampe de mise \u00e0 l&#039;eau.<\/p>\n<hr \/>\n<h3>\u00c9tat de conformit\u00e9<\/h3>\n<p><strong>Le certificat comprend la condition sp\u00e9cifique \u00e0 l&#039;\u00e9tablissement suivante :<\/strong><\/p>\n<p><strong><em>Condition satisfaite en 2021.<\/em> Condition 1.<\/strong> Le propri\u00e9taire de l&#039;installation doit fournir au LIHI une copie du rapport final de surveillance de la qualit\u00e9 de l&#039;eau post-op\u00e9rationnelle pour la surveillance qui sera effectu\u00e9e \u00e0 l&#039;\u00e9t\u00e9 2021. La soumission doit inclure les commentaires du MDEP et toute recommandation de modification des op\u00e9rations pour garantir que les normes de qualit\u00e9 de l&#039;eau sont respect\u00e9es.<\/p>\n<p><strong>2025:<\/strong> Aucun changement important ni probl\u00e8me de conformit\u00e9 n&#039;ont \u00e9t\u00e9 identifi\u00e9s. Le projet reste conforme sur la base de l&#039;examen annuel.<\/p>\n<p><strong>2024:<\/strong> Aucun changement important ni probl\u00e8me de conformit\u00e9 n&#039;ont \u00e9t\u00e9 identifi\u00e9s. Le projet reste conforme sur la base de l&#039;examen annuel.<\/p>\n<p><strong>2023:<\/strong> Aucun changement important ni probl\u00e8me de conformit\u00e9 n&#039;ont \u00e9t\u00e9 identifi\u00e9s. Le projet reste conforme sur la base de l&#039;examen annuel.<\/p>\n<p><strong>2022:<\/strong> Aucun changement important ni probl\u00e8me de conformit\u00e9 n&#039;ont \u00e9t\u00e9 identifi\u00e9s. Le projet reste conforme sur la base de l&#039;examen annuel.<strong><br \/>\n<\/strong><\/p>\n<p><strong>2021:<\/strong> Aucun changement ni probl\u00e8me de conformit\u00e9 n&#039;a \u00e9t\u00e9 signal\u00e9. Le projet demeure conforme suite \u00e0 l&#039;examen annuel. Concernant la condition 1, le projet a soumis le rapport de suivi au LIHI, au MDEP et \u00e0 la FERC, et n&#039;a signal\u00e9 aucun commentaire ni recommandation du MDEP, satisfaisant ainsi \u00e0 la condition.<\/p>\n<p><strong>2020:<\/strong> Le rapport annuel pour le certificat actuel n\u2019est pas encore entr\u00e9 en vigueur.<\/p>\n<hr \/>\n<h3>Historique des certifications<\/h3>\n<p><strong>1er janvier 2022 :<\/strong> La dur\u00e9e du certificat LIHI a \u00e9t\u00e9 prolong\u00e9e conform\u00e9ment \u00e0 la r\u00e9vision 2.05 du manuel de certification LIHI 2e \u00e9dition publi\u00e9 le 1er janvier 2022. Reportez-vous au tableau des \u00e9tablissements ci-dessus pour conna\u00eetre la nouvelle dur\u00e9e.<\/p>\n<p><strong>17 novembre 2020 :<\/strong> La d\u00e9cision de recertifier le projet Crocker est devenue d\u00e9finitive apr\u00e8s la cl\u00f4ture de la p\u00e9riode d&#039;appel, le 29 novembre 2020, sans qu&#039;aucun appel n&#039;ait \u00e9t\u00e9 d\u00e9pos\u00e9. La p\u00e9riode de certification s&#039;\u00e9tend du 15 septembre 2020 au 14 septembre 2025.<\/p>\n<p><strong>30 octobre 2020 :<\/strong> Le Low Impact Hydropower Institute (LIHI) a approuv\u00e9 \u00e0 titre pr\u00e9liminaire la recertification du projet de barrage Crocker (LIHI #127) pour une nouvelle p\u00e9riode de cinq ans. Cette d\u00e9cision est provisoire, dans l&#039;attente d&#039;un d\u00e9lai d&#039;appel de 30 jours. Seuls les intervenants ayant comment\u00e9 la demande initiale pendant ce d\u00e9lai de 60 jours sont autoris\u00e9s \u00e0 d\u00e9poser un recours. Ce recours doit inclure une explication expliquant en quoi le projet ne r\u00e9pond pas aux crit\u00e8res du LIHI. Les demandes de recours peuvent \u00eatre soumises par courriel \u00e0 l&#039;adresse suivante\u00a0: <a href=\"mailto:comments@lowimpacthydro.org\">comments@lowimpacthydro.org<\/a> avec \u00ab\u00a0Crocker Dam Project\u00a0\u00bb en objet, ou par courrier adress\u00e9 au Low Impact Hydropower Institute, 329 Massachusetts Ave, Suite 6, Lexington, MA 02420. Toutes les demandes seront publi\u00e9es sur le site web. Le demandeur aura la possibilit\u00e9 de r\u00e9pondre, et toute r\u00e9ponse sera \u00e9galement publi\u00e9e. <strong>Les demandes doivent \u00eatre re\u00e7ues avant 17 h, heure de l\u2019Est, le 29 novembre 2020.<\/strong> Le dossier complet et le rapport d&#039;\u00e9valuation sont disponibles ci-dessous. Si aucune demande d&#039;appel n&#039;est re\u00e7ue et que la d\u00e9cision devient d\u00e9finitive, la p\u00e9riode de certification du projet s&#039;\u00e9tendra du 15 septembre 2020 au 14 septembre 2025.<\/p>\n<p><strong>28 ao\u00fbt 2020 :<\/strong> Le Low Impact Hydropower Institute a re\u00e7u une demande compl\u00e8te de recertification \u00ab\u00a0faible impact\u00a0\u00bb pour le projet hydro\u00e9lectrique du barrage Crocker. Le dossier complet est disponible ci-dessous. Le LIHI sollicite les commentaires du public sur cette demande. Les commentaires directement li\u00e9s \u00e0 ses crit\u00e8res sp\u00e9cifiques (d\u00e9bits, qualit\u00e9 de l&#039;eau, passage des poissons, etc.) seront les plus utiles, mais tous les commentaires seront pris en compte. Vous pouvez envoyer vos commentaires \u00e0 l&#039;Institut par courriel \u00e0 l&#039;adresse suivante\u00a0: <a href=\"mailto:comments@lowimpacthydro.org\">comments@lowimpacthydro.org<\/a> avec \u00ab\u00a0Commentaires sur le projet de barrage Crocker\u00a0\u00bb dans la ligne d&#039;objet, ou par courrier adress\u00e9 au Low Impact Hydropower Institute, 329 Massachusetts Avenue, Suite 6, Lexington, MA 02420. <strong>Les commentaires doivent \u00eatre re\u00e7us au plus tard \u00e0 17 h, heure de l\u2019Est, le 27 octobre 2020 pour \u00eatre pris en compte.<\/strong> Tous les commentaires seront publi\u00e9s sur le site Web et le candidat aura la possibilit\u00e9 d&#039;y r\u00e9pondre. Toute r\u00e9ponse sera \u00e9galement publi\u00e9e.<\/p>\n<p><strong>4 d\u00e9cembre 2015 :<\/strong>\u00a0Michael J. Sale, directeur g\u00e9n\u00e9ral du LIHI, s&#039;appuyant sur les pouvoirs d\u00e9l\u00e9gu\u00e9s par le conseil d&#039;administration du LIHI et apr\u00e8s examen complet du rapport de l&#039;examinateur de la demande, ainsi que de tous les commentaires publics et documents compl\u00e9mentaires fournis par le demandeur, a certifi\u00e9 que le projet hydro\u00e9lectrique du barrage Crocker (FERC n\u00b0 P-13237) satisfait aux crit\u00e8res de certification du LIHI. Une d\u00e9cision pr\u00e9liminaire a \u00e9t\u00e9 annonc\u00e9e le 14 d\u00e9cembre 2015, et un d\u00e9lai d&#039;appel de 30 jours \u00e9tait ouvert jusqu&#039;au 14 janvier 2016. Aucune demande d&#039;appel n&#039;a \u00e9t\u00e9 re\u00e7ue. Cette d\u00e9cision de certification comporte cinq conditions sp\u00e9cifiques \u00e0 l&#039;installation, \u00e0 savoir\u00a0:<\/p>\n<ul style=\"color: black;\">\n<li><strong><em>Satisfait 2020<\/em>, Condition 1.<\/strong>\u00a0 Dans les trois mois suivant l&#039;installation de l&#039;\u00e9olienne, le propri\u00e9taire de l&#039;installation doit transmettre \u00e0 LIHI une copie du plan de surveillance de l&#039;exploitation au fil de l&#039;eau soumis au MDEP. Le propri\u00e9taire doit informer LIHI de l&#039;approbation du plan par le MDEP.<\/li>\n<li><strong><em>Satisfait 2020<\/em>, Condition 2.<\/strong>\u00a0 Dans les 3 mois suivant l&#039;installation de la turbine, le propri\u00e9taire de l&#039;installation doit envoyer au LIHI une copie du plan soumis au MDEP pour la surveillance et le maintien des normes d&#039;oxyg\u00e8ne dissous de 6 mg\/l, et doit informer le LIHI lorsque ce plan a \u00e9t\u00e9 approuv\u00e9 par le MDEP.<\/li>\n<li><strong><em>Satisfait 2020<\/em>, Condition 3.<\/strong>\u00a0 Conform\u00e9ment au certificat de qualit\u00e9 de l&#039;eau applicable, le propri\u00e9taire de l&#039;installation doit installer des grilles \u00e0 d\u00e9chets pleine profondeur, d&#039;un pouce de profondeur, avec des vitesses inf\u00e9rieures ou \u00e9gales \u00e0 2 pieds par seconde aux prises d&#039;eau afin de r\u00e9duire <span class='tooltipsall tooltip_post_id_5587 classtoolTips82'>empi\u00e8tement<\/span> et l\u2019entra\u00eenement des poissons dans l\u2019installation.<\/li>\n<li><strong><em>Renonc\u00e9 en 2020<\/em>, Condition 4.<\/strong>\u00a0 Le propri\u00e9taire de l&#039;installation doit informer le LIHI dans les 30 jours de toute d\u00e9cision des agences comp\u00e9tentes en mati\u00e8re de ressources halieutiques (MDFW et\/ou USFWS) qui n\u00e9cessiterait l&#039;installation d&#039;installations de passage des poissons.<\/li>\n<li><strong><em>Satisfait 2020<\/em>, Condition 5.<\/strong>\u00a0 Le propri\u00e9taire de l&#039;installation doit informer LIHI de la mise en service de l&#039;installation et de sa production d&#039;\u00e9lectricit\u00e9. Cet avis doit \u00eatre \u00e9mis dans les meilleurs d\u00e9lais et au plus tard 30 jours apr\u00e8s la mise en service.<\/li>\n<\/ul>\n<p>La date d\u2019entr\u00e9e en vigueur de la certification du projet de barrage Crocker est le 15 septembre 2015 pour une dur\u00e9e de cinq (5) ans, qui expirera le 15 septembre 2020.<\/p>\n<p><strong>21 septembre 2015 :<\/strong>\u00a0Le 15 septembre 2015, le Low Impact Hydropower Institute (LIHI) a re\u00e7u une demande compl\u00e8te de Whitman River Dam, Inc. pour la certification \u00e0 faible impact du projet hydro\u00e9lectrique du barrage Crocker, FERC n\u00b0 13237, situ\u00e9 sur la rivi\u00e8re Whitman \u00e0 Westminster, Massachusetts.<\/p>\n<hr \/>\n<h3>Dossiers de certification<\/h3>\n<h4>Recertification 2020<\/h4>\n<ul style=\"color: black;\">\n<li><a href=\"https:\/\/lowimpacthydro.org\/wp-content\/uploads\/2020\/10\/Crocker-Dam-Review-Report_2020_10_28.pdf\" target=\"_blank\" rel=\"noopener noreferrer\">Rapport d&#039;examen de la recertification du barrage Crocker 2020<\/a><\/li>\n<li><a href=\"https:\/\/lowimpacthydro.org\/wp-content\/uploads\/2020\/08\/LIHI-Recertification-Application-Whitman-River-Dam-Inc.-8-16-2020.pdf\" target=\"_blank\" rel=\"noopener noreferrer\">Demande de recertification du barrage Crocker 2020<\/a><\/li>\n<\/ul>\n<h4>Certification 2015<\/h4>\n<ul style=\"color: black;\">\n<li><a href=\"https:\/\/lowimpacthydro.org\/wp-content\/uploads\/2020\/07\/Crocker-Dam-Full-App-Review_V2.pdf\">Rapport d&#039;examen de la certification du barrage Crocker 2015<\/a><\/li>\n<li><a href=\"https:\/\/lowimpacthydro.org\/wp-content\/uploads\/2020\/07\/20150916_Crocker-Dam-LIHI-Application.pdf\">Demande de certification du barrage Crocker 2015<\/a><\/li>\n<li><a href=\"https:\/\/lowimpacthydro.org\/wp-content\/uploads\/2020\/07\/MA-DFW-Crocker-Dam-LIHI-letter.pdf\">Lettre de commentaires de la Division des p\u00eaches et de la faune du Massachusetts \u2013 Certification du barrage Crocker<\/a><\/li>\n<\/ul>\n<hr \/>\n<h3>Documents cl\u00e9s<\/h3>\n<ul>\n<li><a href=\"https:\/\/lowimpacthydro.org\/wp-content\/uploads\/2020\/12\/2012-Crocker-Dam-FERC-license.pdf\">Licence FERC du barrage Crocker 2012<\/a><\/li>\n<li><a href=\"https:\/\/lowimpacthydro.org\/wp-content\/uploads\/2020\/12\/2012-Crocker-Dam-FERC-EA.pdf\">\u00c9valuation environnementale du barrage Crocker (FERC) 2012<\/a><\/li>\n<li><a href=\"https:\/\/lowimpacthydro.org\/wp-content\/uploads\/2020\/12\/2011-Crocker-Dam-WQC.pdf\">Certificat de qualit\u00e9 de l&#039;eau du barrage Crocker 2011<\/a><\/li>\n<\/ul>","protected":false},"excerpt":{"rendered":"<p>Project Name Crocker Dam LIHI Certificate No. 127 LIHI Certificate Term September 15, 2020 &#8211; September 14, 2030 Owner Whitman River Dam, Inc. State Massachusetts Location<span class=\"excerpt-hellip\"> [\u2026]<\/span><\/p>\n","protected":false},"author":3,"featured_media":-1,"parent":0,"menu_order":0,"comment_status":"closed","ping_status":"closed","template":"","meta":{"_coblocks_attr":"","_coblocks_dimensions":"","_coblocks_responsive_height":"","_coblocks_accordion_ie_support":"","om_disable_all_campaigns":false,"_monsterinsights_skip_tracking":false,"_monsterinsights_sitenote_active":false,"_monsterinsights_sitenote_note":"","_monsterinsights_sitenote_category":0,"footnotes":""},"class_list":["post-893","page","type-page","status-publish","has-post-thumbnail","hentry"],"aioseo_notices":[],"_links":{"self":[{"href":"https:\/\/lowimpacthydro.org\/fr\/wp-json\/wp\/v2\/pages\/893","targetHints":{"allow":["GET"]}}],"collection":[{"href":"https:\/\/lowimpacthydro.org\/fr\/wp-json\/wp\/v2\/pages"}],"about":[{"href":"https:\/\/lowimpacthydro.org\/fr\/wp-json\/wp\/v2\/types\/page"}],"author":[{"embeddable":true,"href":"https:\/\/lowimpacthydro.org\/fr\/wp-json\/wp\/v2\/users\/3"}],"replies":[{"embeddable":true,"href":"https:\/\/lowimpacthydro.org\/fr\/wp-json\/wp\/v2\/comments?post=893"}],"version-history":[{"count":11,"href":"https:\/\/lowimpacthydro.org\/fr\/wp-json\/wp\/v2\/pages\/893\/revisions"}],"predecessor-version":[{"id":10031,"href":"https:\/\/lowimpacthydro.org\/fr\/wp-json\/wp\/v2\/pages\/893\/revisions\/10031"}],"wp:featuredmedia":[{"embeddable":true,"href":"https:\/\/lowimpacthydro.org\/fr\/wp-json\/"}],"wp:attachment":[{"href":"https:\/\/lowimpacthydro.org\/fr\/wp-json\/wp\/v2\/media?parent=893"}],"curies":[{"name":"wp","href":"https:\/\/api.w.org\/{rel}","templated":true}]}}