{"id":857,"date":"2020-07-17T17:46:53","date_gmt":"2020-07-17T21:46:53","guid":{"rendered":"https:\/\/lowimpacthydro.org\/new\/?page_id=857"},"modified":"2025-07-17T15:09:19","modified_gmt":"2025-07-17T19:09:19","slug":"lihi-certificate-130-chicopee-valley-aqueduct-cva-fish-hatchery-project-ma","status":"publish","type":"page","link":"https:\/\/lowimpacthydro.org\/fr\/lihi-certificate-130-chicopee-valley-aqueduct-cva-fish-hatchery-project-ma\/","title":{"rendered":"Certificat LIHI #130 \u2013 Projet d&#039;\u00e9closerie de poissons de l&#039;aqueduc de la vall\u00e9e de Chicopee (CVA), MA"},"content":{"rendered":"<table class=\"alignright\" style=\"width: 351px; border: 2px; cellspacing: 2px; cellpadding: 2px; margin-left: 50px;\">\n<tbody>\n<tr>\n<td style=\"width: 194px;\"><strong>Nom du projet<\/strong><\/td>\n<td style=\"width: 197px;\">\u00c9closerie de poissons de l&#039;aqueduc de la vall\u00e9e de Chicopee (CVA)<\/td>\n<\/tr>\n<tr>\n<td style=\"width: 194px;\"><strong>Num\u00e9ro de certificat LIHI<\/strong><\/td>\n<td style=\"width: 197px;\">130<\/td>\n<\/tr>\n<tr>\n<td style=\"width: 194px;\"><strong>Dur\u00e9e du certificat LIHI<br \/>\n<\/strong><\/td>\n<td style=\"width: 197px;\">14 ao\u00fbt 2017 \u2013 14 ao\u00fbt 2032<\/td>\n<\/tr>\n<tr>\n<td style=\"width: 194px;\"><strong>Propri\u00e9taire<\/strong><\/td>\n<td style=\"width: 197px;\">Autorit\u00e9 des ressources en eau du Massachusetts<\/td>\n<\/tr>\n<tr>\n<td style=\"width: 194px;\"><strong>\u00c9tat<\/strong><\/td>\n<td style=\"width: 197px;\">Massachusetts<\/td>\n<\/tr>\n<tr>\n<td style=\"width: 194px;\"><strong>Emplacement<\/strong><\/td>\n<td style=\"width: 197px;\">Situ\u00e9 dans le Chicopee <span class='tooltipsall tooltip_post_id_5636 classtoolTips65'>Bassin fluvial<\/span> dans la ville de Ware, comt\u00e9 de Hampshire, Massachusetts.<\/td>\n<\/tr>\n<tr>\n<td style=\"width: 194px;\"><strong>Capacit\u00e9 install\u00e9e<\/strong><\/td>\n<td style=\"width: 197px;\">0,065 MW<\/td>\n<\/tr>\n<tr>\n<td style=\"width: 194px;\"><strong>G\u00e9n\u00e9ration annuelle moyenne<\/strong><\/td>\n<td style=\"width: 197px;\">427 MWh<\/td>\n<\/tr>\n<tr>\n<td style=\"width: 194px;\"><strong>Type d&#039;\u00e9tablissement<\/strong><\/td>\n<td style=\"width: 197px;\">Conduit<\/td>\n<\/tr>\n<tr>\n<td style=\"width: 194px;\"><strong><span class='tooltipsall tooltip_post_id_5565 classtoolTips152'>F\u00e9d\u00e9ration internationale de radio-t\u00e9l\u00e9vision (FERC)<\/span> Non.<\/strong><\/td>\n<td style=\"width: 197px;\">CD-14-8, exempt\u00e9 2014<\/td>\n<\/tr>\n<\/tbody>\n<\/table>\n<p>Le projet d&#039;\u00e9closerie de poissons de la CVA est situ\u00e9 \u00e0 l&#039;usine de traitement de Brutsch, \u00e0 Ware, dans le Massachusetts. Il n&#039;est associ\u00e9 \u00e0 aucun organisme. <span class='tooltipsall tooltip_post_id_5545 classtoolTips158'>barrage<\/span> Sur une rivi\u00e8re. L&#039;installation hydro\u00e9lectrique est d\u00e9tenue et exploit\u00e9e par la Massachusetts Water Resources Authority (MWRA). La MWRA est un organisme public et une autorit\u00e9 du Commonwealth du Massachusetts, charg\u00e9e de la fourniture des services d&#039;eau et d&#039;assainissement. L&#039;installation utilise un pipeline ou un syst\u00e8me de transport d&#039;eau exploit\u00e9 pour la distribution d&#039;eau destin\u00e9e \u00e0 la consommation agricole, municipale ou industrielle, et non principalement \u00e0 la production d&#039;\u00e9lectricit\u00e9.<\/p>\n<p>L&#039;installation a \u00e9t\u00e9 construite entre 2016 et 2017 et est entr\u00e9e en service en ao\u00fbt 2017. L&#039;approvisionnement en eau de l&#039;\u00e9closerie est l&#039;objectif principal du projet. L&#039;eau est achemin\u00e9e jusqu&#039;\u00e0 la centrale hydro\u00e9lectrique depuis l&#039;aqueduc de la vall\u00e9e de Chicopee (CVA) de la MWRA, une conduite d&#039;alimentation en eau de grand diam\u00e8tre d&#039;environ 24 km de long et de 122 cm (section sup\u00e9rieure) et 91 cm (section inf\u00e9rieure). Le CVA d\u00e9bute \u00e0 Quabbin, une localit\u00e9 de la MWRA. <span class='tooltipsall tooltip_post_id_5633 classtoolTips103'>R\u00e9servoir<\/span>, un immense r\u00e9servoir d&#039;approvisionnement en eau avec 412 milliards de gallons de stockage.<\/p>\n<p>Le projet consiste en une centrale hydro\u00e9lectrique \u00e0 canalisation associ\u00e9e \u00e0 un pipeline de 1\u00a0420 m\u00e8tres (4\u00a0700 pieds) construit \u00e0 partir du pipeline CVA existant de la MWRA, qui aboutit \u00e0 l&#039;\u00e9closerie McLaughlin du D\u00e9partement des p\u00eaches et de la faune du Massachusetts. Pour acheminer l&#039;eau jusqu&#039;\u00e0 l&#039;\u00e9closerie, le CVA transporte 6 mg\/j (9,3 pi3\/s) suppl\u00e9mentaires, en plus de l&#039;eau d\u00e9j\u00e0 achemin\u00e9e vers les communaut\u00e9s en aval. Le d\u00e9bit vers l&#039;\u00e9closerie ne modifie pas les autres param\u00e8tres op\u00e9rationnels.<\/p>\n<p>Le syst\u00e8me d&#039;approvisionnement, de transport et de distribution d&#039;eau associ\u00e9 \u00e0 ce projet de canalisation comprend\u00a0: l&#039;aqueduc du CVA, construit en 1949, tandis que la nouvelle canalisation est un raccordement secondaire \u00e0 l&#039;\u00e9closerie. Il est \u00e9quip\u00e9 d&#039;une canalisation de 50\u00a0cm (20\u00a0pouces) qui capte l&#039;eau brute du CVA sur le terrain de l&#039;usine de traitement des eaux de Brutsch de la MWRA. En aval de la propri\u00e9t\u00e9 de la MWRA, la canalisation de 50\u00a0cm (20\u00a0pouces) est sous la responsabilit\u00e9 du D\u00e9partement de la p\u00eache et de la faune du Massachusetts. La longueur du CVA, entre la prise d&#039;eau et l&#039;usine de traitement\/robinet de Brutsch jusqu&#039;\u00e0 la canalisation de l&#039;\u00e9closerie, est de 970\u00a0m\u00e8tres (3\u00a0200\u00a0pieds). La longueur de la canalisation entre le robinet du CVA pour la canalisation de l&#039;\u00e9closerie et la <span class='tooltipsall tooltip_post_id_5624 classtoolTips102'>centrale<\/span> La centrale est situ\u00e9e dans l&#039;usine de d\u00e9sinfection des produits de la MWRA et abrite un groupe turbine-alternateur Francis d&#039;une puissance install\u00e9e de 65 kW. L&#039;\u00e9lectricit\u00e9 produite est distribu\u00e9e au r\u00e9seau \u00e9lectrique et g\u00e9n\u00e8re des revenus pour la MWRA.<\/p>\n<p>Le projet consiste en une installation de canalisation qui transporte 9 pi\u00b3\/s en continu, sauf en p\u00e9riode de s\u00e9cheresse ou de contraintes op\u00e9rationnelles de la MWRA. Apr\u00e8s avoir travers\u00e9 le projet, les eaux sont m\u00e9lang\u00e9es aux eaux d&#039;\u00e9coulement vers l&#039;\u00e9closerie.<\/p>\n<p>La nature du projet n&#039;affecte pas la qualit\u00e9 de l&#039;eau. L&#039;eau brute, ou avant traitement, est achemin\u00e9e depuis le CVA vers l&#039;installation, puis vers l&#039;\u00e9closerie. Les eaux utilis\u00e9es par l&#039;\u00e9closerie sont finalement rejet\u00e9es dans la rivi\u00e8re Swift, sans que leurs caract\u00e9ristiques physiques, chimiques ou biotiques soient modifi\u00e9es.<\/p>\n<p>Le projet ne cr\u00e9e pas d\u2019obstacle au passage en amont et aucun poisson migrateur n\u2019est affect\u00e9 par l\u2019eau qui coule \u00e0 travers le projet de conduit, une structure artificielle non associ\u00e9e \u00e0 une rivi\u00e8re.<\/p>\n<p>Le projet n&#039;a pas de rivage et le terrain entourant le projet est une zone prot\u00e9g\u00e9e (Quabbin Park) contr\u00f4l\u00e9e par le D\u00e9partement de la conservation et des loisirs du Massachusetts, Division de la protection de l&#039;approvisionnement en eau.<\/p>\n<p>Parmi les esp\u00e8ces menac\u00e9es et en voie de disparition potentiellement pr\u00e9sentes sur le site du projet figure la tortue des bois. Le projet se situe dans un habitat prioritaire pour les esp\u00e8ces rares et un habitat estim\u00e9 pour la faune rare pour cette esp\u00e8ce. Une \u00e9tude men\u00e9e en vertu de la loi du Massachusetts sur les esp\u00e8ces menac\u00e9es d&#039;extinction a r\u00e9v\u00e9l\u00e9 que l&#039;installation de canalisations n&#039;aurait aucun impact sur la tortue des bois et des mesures d&#039;att\u00e9nuation ont \u00e9t\u00e9 int\u00e9gr\u00e9es aux plans de construction d\u00e8s la construction du projet.<\/p>\n<p>La Commission historique du Massachusetts a men\u00e9 une \u00e9tude qui a d\u00e9termin\u00e9 que le projet n\u2019avait aucun impact n\u00e9gatif sur les ressources culturelles ou historiques.<\/p>\n<p>Le projet est situ\u00e9 dans une zone s\u00e9curis\u00e9e et cl\u00f4tur\u00e9e et l&#039;acc\u00e8s public n&#039;est pas autoris\u00e9.<\/p>\n<hr \/>\n<h3>\u00c9tat de conformit\u00e9<\/h3>\n<p><strong>Le certificat comprend la condition sp\u00e9cifique \u00e0 l&#039;\u00e9tablissement suivante :<\/strong><\/p>\n<p><strong><em>Condition satisfaite en 2017.<\/em> Condition 1.<\/strong> Le propri\u00e9taire doit informer LIHI d\u00e8s le d\u00e9but de la production hydro\u00e9lectrique du projet, et au plus tard 30 jours apr\u00e8s cet \u00e9v\u00e9nement. La date d&#039;entr\u00e9e en vigueur du pr\u00e9sent certificat correspond \u00e0 la date de d\u00e9but de la production.<\/p>\n<p><strong>2025:<\/strong> Aucun changement important ni probl\u00e8me de conformit\u00e9 n&#039;ont \u00e9t\u00e9 identifi\u00e9s. Le projet reste conforme sur la base de l&#039;examen annuel.<\/p>\n<p><strong>2024:<\/strong> Aucun changement important ni probl\u00e8me de conformit\u00e9 n&#039;ont \u00e9t\u00e9 identifi\u00e9s. Le projet reste conforme sur la base de l&#039;examen annuel.<\/p>\n<p><strong>2023:<\/strong> Aucun changement important ni probl\u00e8me de conformit\u00e9 n&#039;ont \u00e9t\u00e9 identifi\u00e9s. Le projet reste conforme sur la base de l&#039;examen annuel.<\/p>\n<p><strong>2022:<\/strong> Aucun changement important ni probl\u00e8me de conformit\u00e9 n&#039;ont \u00e9t\u00e9 identifi\u00e9s. Le projet reste conforme sur la base de l&#039;examen annuel. <strong><br \/>\n<\/strong><\/p>\n<p><strong>2021:<\/strong> Aucun changement ni probl\u00e8me de conformit\u00e9 n&#039;a \u00e9t\u00e9 signal\u00e9. Le projet reste conforme sur la base de l&#039;examen annuel.<\/p>\n<p><strong>2020:<\/strong> Aucun changement ni probl\u00e8me de conformit\u00e9 n&#039;a \u00e9t\u00e9 signal\u00e9. Le projet reste conforme sur la base de l&#039;examen annuel.<\/p>\n<p><strong>2019:<\/strong> Aucun changement ni probl\u00e8me de conformit\u00e9 n&#039;a \u00e9t\u00e9 signal\u00e9. Le projet reste conforme sur la base de l&#039;examen annuel.<\/p>\n<p><strong>2018:<\/strong> Aucun changement ni probl\u00e8me de conformit\u00e9 n&#039;a \u00e9t\u00e9 signal\u00e9. Le projet reste conforme sur la base de l&#039;examen annuel.<\/p>\n<p><strong>2017:<\/strong> Le rapport annuel pour le certificat actuel n\u2019est pas encore entr\u00e9 en vigueur, bien que le projet ait signal\u00e9 une date de mise en service du 14 ao\u00fbt 2017.<\/p>\n<hr \/>\n<h3>Historique des certifications<\/h3>\n<p><strong>1er janvier 2022 :<\/strong> La dur\u00e9e du certificat LIHI a \u00e9t\u00e9 prolong\u00e9e conform\u00e9ment \u00e0 la r\u00e9vision 2.05 du manuel de certification LIHI 2e \u00e9dition publi\u00e9 le 1er janvier 2022. Reportez-vous au tableau des \u00e9tablissements ci-dessus pour conna\u00eetre la nouvelle dur\u00e9e.<\/p>\n<p><strong>21 novembre 2017 :<\/strong> Le 14 ao\u00fbt 2017, l&#039;\u00e9closerie CVA a \u00e9t\u00e9 officiellement reconnue en ligne par l&#039;ISO NE. Apr\u00e8s la cl\u00f4ture de la p\u00e9riode d&#039;appel de la d\u00e9cision pr\u00e9liminaire le 28 janvier 2017, sans appel, et maintenant que la construction et la production d&#039;\u00e9lectricit\u00e9 sont termin\u00e9es, la p\u00e9riode de certification de l&#039;\u00e9closerie CVA s&#039;\u00e9tend du 14 ao\u00fbt 2017 au 13 ao\u00fbt 2027.<\/p>\n<p><strong>23 d\u00e9cembre 2016 :<\/strong> Shannon Ames, directrice g\u00e9n\u00e9rale du LIHI, exer\u00e7ant les pouvoirs d\u00e9l\u00e9gu\u00e9s par le conseil d&#039;administration du LIHI, a rendu une d\u00e9cision de certification pr\u00e9liminaire attestant que le projet hydro\u00e9lectrique d&#039;\u00e9closerie de poissons de l&#039;aqueduc de la vall\u00e9e de Chicopee (CVA) (n\u00b0 FERC CD14-8-000) satisfait aux crit\u00e8res de certification du LIHI. La demande satisfaisant aux crit\u00e8res de non-applicabilit\u00e9\/effets minimes pour tous les crit\u00e8res de certification et \u00e9tant qualifi\u00e9e de projet \u00e0 tr\u00e8s faible impact, la dur\u00e9e de la certification sera de 10 ans. Une fois la certification d\u00e9finitive, la date d&#039;entr\u00e9e en vigueur du projet d&#039;\u00e9closerie de poissons CVA reste \u00e0 d\u00e9terminer, en fonction de la date de mise en service. Conform\u00e9ment \u00e0 la section 4.2.5 du LIHI 2<sup>nd<\/sup> \u00c9dition, la d\u00e9cision pr\u00e9liminaire de certification, ainsi que le rapport de l&#039;examinateur de la demande et (le cas \u00e9ch\u00e9ant) le rapport du directeur g\u00e9n\u00e9ral, seront publi\u00e9s sur le site web de l&#039;Institut pendant 30 jours. Un avis de publication sera envoy\u00e9 \u00e0 toutes les personnes ou organisations ayant comment\u00e9 le dossier de demande initial. Tout commentateur peut soumettre une lettre au directeur g\u00e9n\u00e9ral pour demander un appel dans le d\u00e9lai de 30 jours, qui commence le 29 d\u00e9cembre 2016 et se termine le 29 janvier 2017. La demande d&#039;appel doit indiquer les raisons pr\u00e9cises pour lesquelles l&#039;installation hydro\u00e9lectrique aurait d\u00fb \u00e9chouer \u00e0 un ou plusieurs crit\u00e8res. Si une personne ou une organisation n&#039;a pas comment\u00e9 le dossier de demande initial, elle ne peut pas d\u00e9poser d&#039;appel. Si aucun appel n&#039;est d\u00e9pos\u00e9 dans ce d\u00e9lai, le directeur g\u00e9n\u00e9ral d\u00e9livrera la certification LIHI pour l&#039;installation et publiera un avis de certification sur le site web de l&#039;Institut.<\/p>\n<p><strong>21 octobre 2016 :<\/strong>\u00a0Le LIHI a re\u00e7u une lettre de commentaires du D\u00e9partement de la P\u00eache et de la Chasse concernant la certification du projet d&#039;\u00e9closerie de poissons de la CVA. Cette lettre est disponible dans la section \u00ab\u00a0Dossiers\u00a0\u00bb ci-dessous.<\/p>\n<p><strong>11 octobre 2016 :<\/strong> Le 28 septembre 2016, le Low Impact Hydropower Institute (LIHI) a re\u00e7u une demande compl\u00e8te de la Massachusetts Water Resources Authority (Massachusetts Water Resources Authority) pour la certification \u00e0 faible impact du projet d&#039;\u00e9closerie de poissons de l&#039;aqueduc de la vall\u00e9e de Chicopee (CVA), FERC n\u00b0 CD14-8-000, situ\u00e9 dans le bassin de la rivi\u00e8re Chicopee, \u00e0 Ware, dans le comt\u00e9 de Hampshire, au Massachusetts. Cette demande est d\u00e9pos\u00e9e conform\u00e9ment \u00e0 la 2e \u00e9dition du manuel, r\u00e9vis\u00e9e en mars 2016. Le LIHI sollicite les commentaires du public sur cette demande. Plus pr\u00e9cis\u00e9ment, nous souhaitons savoir si, selon vous, le projet d&#039;\u00e9closerie de poissons CVA r\u00e9pond aux crit\u00e8res de certification \u00e0 faible impact du LIHI. Veuillez consulter le programme et les crit\u00e8res de la 2e \u00e9dition du LIHI.\u00a0<a href=\"https:\/\/lowimpacthydro.org\/wp-content\/uploads\/2020\/07\/2nd-edition-handbook-20160307-FINAL-CLEAN.pdf\">Manuel <\/a>et ensuite examiner les documents de candidature 2016 du projet publi\u00e9s sur la page du projet. Les commentaires directement li\u00e9s aux crit\u00e8res sp\u00e9cifiques du LIHI (d\u00e9bits, qualit\u00e9 de l&#039;eau, <span class='tooltipsall tooltip_post_id_5566 classtoolTips59'>passage des poissons<\/span>, etc.) seront tr\u00e8s utiles, mais tous les commentaires seront pris en compte. Les commentaires peuvent \u00eatre soumis \u00e0 l&#039;Institut par courrier \u00e9lectronique \u00e0 l&#039;adresse\u00a0<a href=\"mailto:comments@lowimpacthydro.org\">comments@lowimpacthydro.org<\/a>\u00a0avec \u00ab\u00a0Commentaires sur le projet d&#039;\u00e9closerie de poissons CVA\u00a0\u00bb dans l&#039;objet, ou par courrier adress\u00e9 au Low Impact Hydropower Institute, PO Box 194, Harrington Park, New Jersey 07640. La p\u00e9riode de commentaires commence le 19 octobre 2016. \u00a0<strong>Les commentaires doivent \u00eatre re\u00e7us \u00e0 l&#039;Institut au plus tard \u00e0 17 heures, heure de l&#039;Est, le 18 d\u00e9cembre 2016.<\/strong>\u00a0\u00e0 prendre en consid\u00e9ration. Tous les commentaires seront publi\u00e9s sur le site Web et le candidat aura la possibilit\u00e9 d&#039;y r\u00e9pondre. Toute r\u00e9ponse sera \u00e9galement publi\u00e9e.<\/p>\n<hr \/>\n<h3>Fichiers de certification :<\/h3>\n<h4>Certification 2016<\/h4>\n<ul style=\"color: black;\">\n<li><a href=\"https:\/\/lowimpacthydro.org\/wp-content\/uploads\/2020\/07\/CVA-Certification-Report-pbm.pdf\">Rapport d&#039;examen de la certification CVA 2016<\/a><\/li>\n<li><a href=\"https:\/\/lowimpacthydro.org\/wp-content\/uploads\/2020\/07\/CVA-Application-2017.pdf\">Demande de certification CVA 2016<\/a><\/li>\n<li><a href=\"https:\/\/lowimpacthydro.org\/wp-content\/uploads\/2020\/09\/CVA-LIHI-comments.pdf\">Lettre de commentaires sur la certification CVA de la Division des p\u00eaches et de la faune du Massachusetts<\/a><\/li>\n<\/ul>\n<hr \/>\n<h3>Documents cl\u00e9s :<\/h3>\n<ul>\n<li><a href=\"https:\/\/lowimpacthydro.org\/wp-content\/uploads\/2020\/12\/2014-CVA-FIsh-Hatchery-FERC-Qualifying-Conduit-Approval.pdf\">Approbation des conduits de qualification CVA FERC 2014<\/a><\/li>\n<li><a href=\"https:\/\/lowimpacthydro.org\/wp-content\/uploads\/2020\/12\/2013-CVA-FERC-Conduit-Application.pdf\">Demande de permis de conduire CVA FERC 2013<\/a><\/li>\n<\/ul>","protected":false},"excerpt":{"rendered":"<p>Project Name Chicopee Valley Aqueduct (CVA) Fish Hatchery LIHI Certificate No. 130 LIHI Certificate Term August 14, 2017 &#8211; August 14, 2032 Owner MA Water Resources<span class=\"excerpt-hellip\"> [\u2026]<\/span><\/p>\n","protected":false},"author":3,"featured_media":-1,"parent":0,"menu_order":0,"comment_status":"closed","ping_status":"closed","template":"","meta":{"_coblocks_attr":"","_coblocks_dimensions":"","_coblocks_responsive_height":"","_coblocks_accordion_ie_support":"","om_disable_all_campaigns":false,"_monsterinsights_skip_tracking":false,"_monsterinsights_sitenote_active":false,"_monsterinsights_sitenote_note":"","_monsterinsights_sitenote_category":0,"footnotes":""},"class_list":["post-857","page","type-page","status-publish","has-post-thumbnail","hentry"],"_links":{"self":[{"href":"https:\/\/lowimpacthydro.org\/fr\/wp-json\/wp\/v2\/pages\/857","targetHints":{"allow":["GET"]}}],"collection":[{"href":"https:\/\/lowimpacthydro.org\/fr\/wp-json\/wp\/v2\/pages"}],"about":[{"href":"https:\/\/lowimpacthydro.org\/fr\/wp-json\/wp\/v2\/types\/page"}],"author":[{"embeddable":true,"href":"https:\/\/lowimpacthydro.org\/fr\/wp-json\/wp\/v2\/users\/3"}],"replies":[{"embeddable":true,"href":"https:\/\/lowimpacthydro.org\/fr\/wp-json\/wp\/v2\/comments?post=857"}],"version-history":[{"count":11,"href":"https:\/\/lowimpacthydro.org\/fr\/wp-json\/wp\/v2\/pages\/857\/revisions"}],"predecessor-version":[{"id":9842,"href":"https:\/\/lowimpacthydro.org\/fr\/wp-json\/wp\/v2\/pages\/857\/revisions\/9842"}],"wp:featuredmedia":[{"embeddable":true,"href":"https:\/\/lowimpacthydro.org\/fr\/wp-json\/"}],"wp:attachment":[{"href":"https:\/\/lowimpacthydro.org\/fr\/wp-json\/wp\/v2\/media?parent=857"}],"curies":[{"name":"wp","href":"https:\/\/api.w.org\/{rel}","templated":true}]}}