{"id":8528,"date":"2024-01-29T11:56:19","date_gmt":"2024-01-29T16:56:19","guid":{"rendered":"https:\/\/lowimpacthydro.org\/?page_id=8528"},"modified":"2024-05-16T15:13:46","modified_gmt":"2024-05-16T19:13:46","slug":"bolton-falls-vt","status":"publish","type":"page","link":"https:\/\/lowimpacthydro.org\/fr\/bolton-falls-vt\/","title":{"rendered":"Demande en attente \u2013 Projet Bolton Falls, Vermont"},"content":{"rendered":"<table class=\"alignright\" style=\"width: 351px; border: 2px; cellspacing: 2px; cellpadding: 2px; margin-left: 50px;\">\n<tbody>\n<tr>\n<td style=\"border-style: solid;\" width=\"162\"><strong>Nom du projet<\/strong><\/td>\n<td style=\"border-style: solid;\" width=\"180\">Les chutes de Bolton<\/td>\n<\/tr>\n<tr>\n<td style=\"border-style: solid;\"><strong>Num\u00e9ro de certificat LIHI<br \/>\n<\/strong><\/td>\n<td style=\"border-style: solid;\">En attente #201<\/td>\n<\/tr>\n<tr>\n<td style=\"border-style: solid;\"><strong>Dur\u00e9e du certificat LIHI<br \/>\n<\/strong><\/td>\n<td style=\"border-style: solid;\">N \/ A<\/td>\n<\/tr>\n<tr>\n<td style=\"border-style: solid;\" width=\"162\"><strong>Propri\u00e9taire<\/strong><\/td>\n<td style=\"border-style: solid;\" width=\"180\">\u00c9nergie de la montagne verte<\/td>\n<\/tr>\n<tr>\n<td style=\"border-style: solid;\" width=\"162\"><strong>\u00c9tat<\/strong><\/td>\n<td style=\"border-style: solid;\" width=\"180\">Vermont<\/td>\n<\/tr>\n<tr>\n<td style=\"border-style: solid;\" width=\"162\"><strong>Emplacement<\/strong><\/td>\n<td style=\"border-style: solid;\" width=\"180\">Rivi\u00e8re Mile 43 \u2013 Rivi\u00e8re Winooski.<\/td>\n<\/tr>\n<tr>\n<td style=\"border-style: solid;\" width=\"162\"><strong>Capacit\u00e9 install\u00e9e<\/strong><\/td>\n<td style=\"border-style: solid;\" width=\"180\">6,96 MW<\/td>\n<\/tr>\n<tr>\n<td style=\"border-style: solid;\" width=\"162\"><strong>G\u00e9n\u00e9ration annuelle moyenne<\/strong><\/td>\n<td style=\"border-style: solid;\" width=\"180\">26 301 MWh<\/td>\n<\/tr>\n<tr>\n<td style=\"border-style: solid;\" width=\"162\"><strong>Type d&#039;\u00e9tablissement<\/strong><\/td>\n<td style=\"border-style: solid;\" width=\"180\"><span class='tooltipsall tooltip_post_id_5643 classtoolTips52'>Au fil de l&#039;eau<\/span><\/td>\n<\/tr>\n<tr>\n<td style=\"border-style: solid;\" width=\"162\"><strong><span class='tooltipsall tooltip_post_id_5565 classtoolTips152'>F\u00e9d\u00e9ration internationale de radio-t\u00e9l\u00e9vision (FERC)<\/span> Non.<\/strong><\/td>\n<td style=\"border-style: solid;\" width=\"180\">P-2879. Permis d\u00e9livr\u00e9 le 5 octobre 2022, expirant le 30 septembre 2062.<\/td>\n<\/tr>\n<\/tbody>\n<\/table>\n<p>Le projet hydro\u00e9lectrique de Bolton Falls est situ\u00e9 sur la rivi\u00e8re Winooski dans le comt\u00e9 de Washington, dans le Vermont. La plupart des infrastructures associ\u00e9es au projet, y compris la prise d&#039;eau, <span class='tooltipsall tooltip_post_id_5619 classtoolTips124'>conduites forc\u00e9es<\/span>, tuyau de d\u00e9rivation, et <span class='tooltipsall tooltip_post_id_5624 classtoolTips102'>centrale<\/span>, est situ\u00e9 dans la ville de Duxbury, dans le Vermont. Le droit <span class='tooltipsall tooltip_post_id_5514 classtoolTips118'>pilier<\/span> du projet <span class='tooltipsall tooltip_post_id_5545 classtoolTips158'>barrage<\/span> se trouve dans la ville de Waterbury, dans le Vermont.<\/p>\n<p>Le barrage du projet est situ\u00e9 sur la rivi\u00e8re Winooski \u00e0 environ le mile fluvial (RM) 43. La zone de drainage totale est d&#039;environ 821 milles carr\u00e9s, ce qui repr\u00e9sente environ 76% de la zone de drainage \u00e0 l&#039;embouchure de la rivi\u00e8re Winooski o\u00f9 elle se jette dans le lac Champlain. Le barrage du projet est le quatri\u00e8me barrage en amont du lac Champlain sur la rivi\u00e8re Winooski. Il se trouve \u00e0 33 milles en amont de <a href=\"https:\/\/lowimpacthydro.org\/fr\/lihi-certificate-16-winooski-one-chace-mill-hydroelectric-project-vermont\/\">Moulin Winooski One\/Chace (LIHI #16)<\/a>, et \u00e0 environ 25 miles en amont de <a href=\"https:\/\/lowimpacthydro.org\/fr\/lihi-certificate-146-essex-19-hydroelectric-project-vermont\/\">Essex 19 (LIHI #146)<\/a>Il est situ\u00e9 \u00e0 environ 17 miles en aval de <a href=\"https:\/\/lowimpacthydro.org\/fr\/lihi-certificate-77-winooski-8-hydroelectric-project-vermont\/\">Winooski n\u00b0 8 (LIHI #77)<\/a>.<\/p>\n<p>Le barrage du projet mesure 92 pieds de haut et 275 pieds de long et se compose d&#039;un <span class='tooltipsall tooltip_post_id_5543 classtoolTips76'>cr\u00e8che en bois<\/span> barrage renforc\u00e9 par un mur de ma\u00e7onnerie sur la face aval. Le barrage <span class='tooltipsall tooltip_post_id_5651 classtoolTips116'>d\u00e9versoir<\/span> est surmont\u00e9 d&#039;un d\u00e9versoir en b\u00e9ton arm\u00e9 de 196 pieds de long et d&#039;un d\u00e9versoir gonflable de 5 pieds de haut <span class='tooltipsall tooltip_post_id_5590 classtoolTips101'>barrage en caoutchouc<\/span>Le r\u00e9am\u00e9nagement du projet dans les ann\u00e9es 1980 comprenait initialement des poteaux en bois de 5 pieds <span class='tooltipsall tooltip_post_id_5569 classtoolTips79'>tableaux d&#039;affichage<\/span> au sommet du barrage; ceux-ci ont \u00e9t\u00e9 remplac\u00e9s par le syst\u00e8me actuel de barrage en caoutchouc gonflable de 5 pieds de haut en 1991. La fondation du barrage se trouve en dessous de l&#039;\u00e9l\u00e9vation normale du canal de fuite, la section la plus profonde se trouvant \u00e0 environ 320 pieds d&#039;altitude et \u00e0 environ 25 pieds en dessous de l&#039;\u00e9l\u00e9vation normale de l&#039;eau en aval.<\/p>\n<p>Le barrage du projet fut initialement construit en 1898, sous la forme d&#039;un barrage \u00e0 caissons en bois remplis de roches. La production d&#039;\u00e9lectricit\u00e9 d\u00e9buta en 1899 gr\u00e2ce \u00e0 ses deux groupes turbine-alternateur. En 1899, le barrage fl\u00e9chit et, pour le renforcer, un barrage en pierre de taille fut construit en 1900 contre la face aval du caisson en bois. En 1905-1906, un troisi\u00e8me groupe turbine-alternateur fut ajout\u00e9, exploitant le grand c\u00f4t\u00e9 terre. <span class='tooltipsall tooltip_post_id_5619 classtoolTips124'>conduite forc\u00e9e<\/span> Pour l&#039;approvisionnement en eau. Le nouveau groupe \u00e9lectrog\u00e8ne (n\u00b0 3) se trouvait dans une structure de centrale \u00e9lectrique, \u00e0 l&#039;extr\u00e9mit\u00e9 de la centrale, qui abritait les unit\u00e9s 1 et 2. Cependant, en 1938, le projet \u00e9tant tomb\u00e9 en d\u00e9su\u00e9tude, il a \u00e9t\u00e9 mis hors service. Le barrage et la centrale du projet ont \u00e9t\u00e9 r\u00e9am\u00e9nag\u00e9s en 1985-1986, conform\u00e9ment \u00e0 l&#039;ancienne licence de la FERC, d\u00e9livr\u00e9e en f\u00e9vrier 1982. La construction a d\u00e9but\u00e9 en mai 1985 et la premi\u00e8re production d&#039;\u00e9lectricit\u00e9 a eu lieu en octobre 1986. Suite \u00e0 ce r\u00e9am\u00e9nagement, les vestiges de l&#039;ancien barrage ont \u00e9t\u00e9 d\u00e9truits. <span class='tooltipsall tooltip_post_id_5624 classtoolTips102'>centrales \u00e9lectriques<\/span> ont \u00e9t\u00e9 retir\u00e9s et une nouvelle centrale \u00e9lectrique contenant deux groupes turbog\u00e9n\u00e9rateurs de taille \u00e9gale a \u00e9t\u00e9 construite.<\/p>\n<p>La cul\u00e9e gauche comprend une tour en ma\u00e7onnerie recouverte de b\u00e9ton ainsi qu&#039;un socle inf\u00e9rieur sur la face amont de la cul\u00e9e gauche qui permet l&#039;acc\u00e8s au r\u00e2teau \u00e0 d\u00e9chets et \u00e0 la conduite forc\u00e9e <span class='tooltipsall tooltip_post_id_5578 classtoolTips153'>portes<\/span>La cul\u00e9e droite est constitu\u00e9e d&#039;un capuchon en b\u00e9ton plac\u00e9 au sommet du mur de ma\u00e7onnerie auquel est fix\u00e9 le barrage en caoutchouc.<\/p>\n<p>Le barrage comprend deux \u00e9cluses am\u00e9nag\u00e9es dans la section des contreforts en ma\u00e7onnerie pour le drainage du barrage \u00e0 caissons en bois. Ces \u00e9cluses mesurent 1,20 m de large sur 1,35 m de haut.<\/p>\n<p>Une section de l&#039;ancien mur de fondation en ma\u00e7onnerie de la centrale \u00e9lectrique (d\u00e9truite) pr\u00e8s de la cul\u00e9e gauche du barrage a \u00e9t\u00e9 stabilis\u00e9e avec un parement en b\u00e9ton arm\u00e9 et ancr\u00e9e au substrat rocheux avec des ancrages post-tendus en 1992-1993.<\/p>\n<p>Le bassin d&#039;admission du projet comprend deux prises d&#039;eau en b\u00e9ton distinctes pour chaque conduite forc\u00e9e. Le bas des prises d&#039;eau se trouve \u00e0 une altitude de 360,0 pieds, soit environ 37 pieds au-dessous de l&#039;altitude normale du bassin. Le haut des prises d&#039;eau se trouve \u00e0 une altitude de 389,1 pieds, soit environ 8 pieds au-dessous de l&#039;altitude normale du bassin. La structure de prise d&#039;eau est \u00e9quip\u00e9e de grilles \u00e0 d\u00e9chets avec un espacement libre de 3 pouces et un syst\u00e8me de raclage des d\u00e9chets. Les dimensions des grilles \u00e0 d\u00e9chets sont de 27 pieds de large sur 43 pieds de haut et inclin\u00e9es \u00e0 70 degr\u00e9s par rapport au plan horizontal. Les conduites forc\u00e9e ont chacune un diam\u00e8tre de 10 pieds et une longueur de 120 pieds et sont faites d&#039;acier encastr\u00e9 dans du b\u00e9ton.<\/p>\n<p>Le bassin de retenue du projet a une superficie d&#039;environ 59 acres \u00e0 une altitude de 397,0 pieds, avec un stockage effectif de 210 acres-pieds et une capacit\u00e9 de stockage brute de 300 acres-pieds. Le bassin de retenue du projet a 4,2 milles de rivage.<\/p>\n<p>La centrale \u00e9lectrique, situ\u00e9e sur la rive gauche de la rivi\u00e8re en aval de la cul\u00e9e gauche du barrage, est une structure en b\u00e9ton arm\u00e9 d&#039;environ 73 pieds de long sur 57 pieds de large.<\/p>\n<p>Suite aux inondations du printemps 1987, lorsque le niveau de l&#039;eau a failli d\u00e9passer le toit de la centrale de pr\u00e8s d&#039;un m\u00e8tre, les murs de parapet entourant le toit ont \u00e9t\u00e9 sur\u00e9lev\u00e9s de plusieurs m\u00e8tres. Cette sur\u00e9l\u00e9vation a sembl\u00e9 r\u00e9duire consid\u00e9rablement (sans toutefois \u00e9liminer) les dommages subis par la centrale suite aux inondations caus\u00e9es par l&#039;ouragan Ir\u00e8ne en ao\u00fbt 2011.<\/p>\n<p>Il existe \u00e9galement une conduite de d\u00e9rivation d&#039;eau de 75 pieds de long et de 36 pouces de diam\u00e8tre qui \u00e9vacue l&#039;eau directement \u00e0 c\u00f4t\u00e9 de la cul\u00e9e gauche du barrage, sur le bord gauche du d\u00e9versoir. Le radier de la prise d&#039;eau de la conduite de d\u00e9rivation se trouve \u00e0 une altitude d&#039;environ 383 pieds, soit environ 14 pieds au-dessous de l&#039;altitude normale du bassin.<\/p>\n<p>Une ligne de transmission souterraine de 5 kV d&#039;une longueur de 130 pieds relie la centrale \u00e0 un poste de commutation adjacent. Les c\u00e2bles principaux du g\u00e9n\u00e9rateur sont connect\u00e9s \u00e0 une ligne de 34,5\/4,16 kV <span class='tooltipsall tooltip_post_id_5665 classtoolTips70'>transformateur<\/span> dans le poste de commutation. L&#039;alimentation \u00e9lectrique de la station peut \u00eatre soit capt\u00e9e \u00e0 partir des g\u00e9n\u00e9rateurs, soit fournie s\u00e9par\u00e9ment par GMP. Il existe \u00e9galement une ligne de transmission de 34,5 kV d&#039;environ 600 pieds de long qui relie le poste de commutation mentionn\u00e9 ci-dessus \u00e0 un deuxi\u00e8me poste de commutation \u00e9quip\u00e9 d&#039;un transformateur de 34,5\/4,16 kV.<\/p>\n<p>Le projet comporte une courte section contourn\u00e9e de 150 pieds de long et le canal de fuite mesure environ 90 pieds de large et 60 pieds de long.<\/p>\n<p>Le projet comprend \u00e9galement diverses turbines <span class='tooltipsall tooltip_post_id_5579 classtoolTips121'>gouverneurs<\/span>, excitateurs de g\u00e9n\u00e9rateur, batteries, panneaux de commande et disjoncteurs.<\/p>\n<hr \/>\n<h3>Historique des certifications<\/h3>\n<p><strong>19 avril 2024 :<\/strong> Le Low Impact Hydropower Institute (LIHI) a approuv\u00e9 de mani\u00e8re pr\u00e9liminaire la certification \u00e0 faible impact pour le projet hydro\u00e9lectrique Bolton Falls (en attente de LIHI #201), FERC# P-2879. Le projet est situ\u00e9 sur la rivi\u00e8re Winooski dans le Vermont. La demande compl\u00e8te et le rapport de l&#039;examinateur sont disponibles ci-dessous.<\/p>\n<p>Cette d\u00e9cision est pr\u00e9liminaire en attendant la p\u00e9riode d&#039;appel de 30 jours. Seuls ceux qui ont comment\u00e9 les demandes initiales pendant la p\u00e9riode de commentaires de 60 jours sont \u00e9ligibles pour d\u00e9poser un appel. Un tel appel doit inclure une explication sur la raison pour laquelle les projets ne r\u00e9pondent pas aux crit\u00e8res du LIHI. Les demandes d&#039;appel peuvent \u00eatre soumises par courrier \u00e9lectronique \u00e0 comments@lowimpacthydro.org avec \u00ab Bolton Falls \u00bb dans la ligne d&#039;objet, ou par courrier adress\u00e9 au Low Impact Hydropower Institute, 1167 Massachusetts Ave, Arlington, MA 02476. Toutes les demandes seront publi\u00e9es sur le site Web. Le demandeur aura la possibilit\u00e9 de r\u00e9pondre et toute r\u00e9ponse sera \u00e9galement publi\u00e9e. Les demandes doivent \u00eatre re\u00e7ues avant 17 heures, heure de l&#039;Est, le 19 mai 2024. Si aucune demande d&#039;appel n&#039;est re\u00e7ue, les conditions de certification seront du 26 janvier 2024 au 25 janvier 2034.<\/p>\n<p><strong>30 janvier 2024 :<\/strong> Le Low Impact Hydropower Institute a re\u00e7u une demande compl\u00e8te de certification \u00e0 faible impact pour le projet hydro\u00e9lectrique de Bolton Falls. Le LIHI sollicite les commentaires du public sur cette demande. Plus pr\u00e9cis\u00e9ment, nous souhaitons savoir si vous pensez que le projet r\u00e9pond aux crit\u00e8res de certification \u00e0 faible impact du LIHI, tels que r\u00e9vis\u00e9s dans le manuel de 2e \u00e9dition. Veuillez consulter le programme et les crit\u00e8res dans le manuel r\u00e9vis\u00e9 du LIHI <a href=\"https:\/\/lowimpacthydro.org\/wp-content\/uploads\/2020\/07\/2nd-edition-handbook-20160315-rev2.02-7-20-16.pdf\">Manuel<\/a><a href=\"https:\/\/lowimpacthydro.org\/wp-content\/uploads\/2020\/07\/2nd-edition-handbook-20160315-rev2.02-7-20-16.pdf\">\u00a0<\/a>et examinez ensuite les documents de candidature du projet ci-dessous. Les commentaires directement li\u00e9s \u00e0 des crit\u00e8res LIHI sp\u00e9cifiques (d\u00e9bits, qualit\u00e9 de l&#039;eau, <span class='tooltipsall tooltip_post_id_5566 classtoolTips59'>passage des poissons<\/span>, etc.) seront tr\u00e8s utiles, mais tous les commentaires seront pris en compte. Les commentaires peuvent \u00eatre soumis \u00e0 l&#039;Institut par courrier \u00e9lectronique \u00e0 l&#039;adresse\u00a0<a href=\"mailto:comments@lowimpacthydro.org\">comments@lowimpacthydro.org<\/a> avec \u00ab Bolton Falls Project Comments \u00bb dans la ligne d&#039;objet, ou par courrier adress\u00e9 au Low Impact Hydropower Institute, 1167 Massachusetts Avenue, Arlington, MA 02476. <strong>Les commentaires doivent \u00eatre re\u00e7us au plus tard \u00e0 17 heures, heure de l&#039;Est, le 30 mars 2024.<\/strong>\u00a0\u00e0 prendre en consid\u00e9ration. Tous les commentaires seront publi\u00e9s sur le site Web et le candidat aura la possibilit\u00e9 d&#039;y r\u00e9pondre. Toute r\u00e9ponse sera \u00e9galement publi\u00e9e.<\/p>\n<hr \/>\n<h3>Dossiers de certification<\/h3>\n<ul style=\"color: black;\">\n<li><a href=\"https:\/\/lowimpacthydro.org\/wp-content\/uploads\/2024\/04\/Bolton-Falls-Stage-2-report-2024-04-09.pdf\">Rapport d&#039;examen de certification de Bolton Falls 2024<\/a><\/li>\n<li><a href=\"https:\/\/lowimpacthydro.org\/wp-content\/uploads\/2024\/01\/Bolton_Falls_LIHI_Certification_Application.pdf\">Bolton Falls \u2013 Demande de certification 2024<\/a><\/li>\n<\/ul>\n<hr \/>\n<h3>Documents cl\u00e9s<\/h3>\n<ul>\n<li><a href=\"https:\/\/lowimpacthydro.org\/wp-content\/uploads\/2024\/01\/20221005-FERC-license-and-WQC-Bolton-Falls.pdf\">Licence FERC 2022 et certification de la qualit\u00e9 de l&#039;eau<\/a><\/li>\n<li><a href=\"https:\/\/lowimpacthydro.org\/wp-content\/uploads\/2024\/01\/20220421-FERC-EA-Bolton-Falls.pdf\">\u00c9valuation environnementale de la FERC 2022<\/a><\/li>\n<li><a href=\"https:\/\/lowimpacthydro.org\/wp-content\/uploads\/2024\/01\/20230517-license-amendment-Bolton-Falls-turbine-replacement.pdf\">Modification de la licence FERC 2023 pour remplacer les turbines<\/a><\/li>\n<\/ul>","protected":false},"excerpt":{"rendered":"<p>Project Name Bolton Falls LIHI Certificate No. Pending #201 LIHI Certificate Term N\/A Owner Green Mountain Power State Vermont Location River Mile 43 &#8211; Winooski River.<span class=\"excerpt-hellip\"> [\u2026]<\/span><\/p>\n","protected":false},"author":3,"featured_media":4088,"parent":0,"menu_order":0,"comment_status":"closed","ping_status":"closed","template":"","meta":{"_coblocks_attr":"","_coblocks_dimensions":"","_coblocks_responsive_height":"","_coblocks_accordion_ie_support":"","om_disable_all_campaigns":false,"_monsterinsights_skip_tracking":false,"_monsterinsights_sitenote_active":false,"_monsterinsights_sitenote_note":"","_monsterinsights_sitenote_category":0,"footnotes":""},"class_list":["post-8528","page","type-page","status-publish","has-post-thumbnail","hentry"],"aioseo_notices":[],"_links":{"self":[{"href":"https:\/\/lowimpacthydro.org\/fr\/wp-json\/wp\/v2\/pages\/8528","targetHints":{"allow":["GET"]}}],"collection":[{"href":"https:\/\/lowimpacthydro.org\/fr\/wp-json\/wp\/v2\/pages"}],"about":[{"href":"https:\/\/lowimpacthydro.org\/fr\/wp-json\/wp\/v2\/types\/page"}],"author":[{"embeddable":true,"href":"https:\/\/lowimpacthydro.org\/fr\/wp-json\/wp\/v2\/users\/3"}],"replies":[{"embeddable":true,"href":"https:\/\/lowimpacthydro.org\/fr\/wp-json\/wp\/v2\/comments?post=8528"}],"version-history":[{"count":11,"href":"https:\/\/lowimpacthydro.org\/fr\/wp-json\/wp\/v2\/pages\/8528\/revisions"}],"predecessor-version":[{"id":8959,"href":"https:\/\/lowimpacthydro.org\/fr\/wp-json\/wp\/v2\/pages\/8528\/revisions\/8959"}],"wp:featuredmedia":[{"embeddable":true,"href":"https:\/\/lowimpacthydro.org\/fr\/wp-json\/wp\/v2\/media\/4088"}],"wp:attachment":[{"href":"https:\/\/lowimpacthydro.org\/fr\/wp-json\/wp\/v2\/media?parent=8528"}],"curies":[{"name":"wp","href":"https:\/\/api.w.org\/{rel}","templated":true}]}}