{"id":851,"date":"2020-07-17T17:37:23","date_gmt":"2020-07-17T21:37:23","guid":{"rendered":"https:\/\/lowimpacthydro.org\/new\/?page_id=851"},"modified":"2025-09-29T15:43:59","modified_gmt":"2025-09-29T19:43:59","slug":"lihi-certificate-131-chester-diversion-hydroelectric-project-idaho","status":"publish","type":"page","link":"https:\/\/lowimpacthydro.org\/fr\/lihi-certificate-131-chester-diversion-hydroelectric-project-idaho\/","title":{"rendered":"Certificat LIHI #131 \u2013 Projet hydro\u00e9lectrique de d\u00e9rivation de Chester, Idaho"},"content":{"rendered":"<table class=\"alignright\" style=\"width: 351px; border: 2px; cellspacing: 2px; cellpadding: 2px; margin-left: 50px;\">\n<tbody>\n<tr>\n<td style=\"width: 179px;\"><strong>Nom du projet<\/strong><\/td>\n<td style=\"width: 182px;\">Chester <span class='tooltipsall tooltip_post_id_5551 classtoolTips110'>D\u00e9rivation<\/span><\/td>\n<\/tr>\n<tr>\n<td style=\"width: 179px;\"><strong>Num\u00e9ro de certificat LIHI<\/strong><\/td>\n<td style=\"width: 182px;\">131<\/td>\n<\/tr>\n<tr>\n<td style=\"width: 179px;\"><strong>Dur\u00e9e du certificat LIHI<br \/>\n<\/strong><\/td>\n<td style=\"width: 182px;\">17 octobre 2016 \u2013<br \/>\n17 octobre 2029<\/td>\n<\/tr>\n<tr>\n<td style=\"width: 179px;\"><strong>Propri\u00e9taire<\/strong><\/td>\n<td style=\"width: 182px;\">Coop\u00e9rative \u00e9lectrique rurale de Fall River<\/td>\n<\/tr>\n<tr>\n<td style=\"width: 179px;\"><strong>\u00c9tat<\/strong><\/td>\n<td style=\"width: 182px;\">Idaho<\/td>\n<\/tr>\n<tr>\n<td style=\"width: 179px;\"><strong>Emplacement<\/strong><\/td>\n<td style=\"width: 182px;\">Mile 38,5 sur la Henry&#039;s Fork de la rivi\u00e8re Snake dans le comt\u00e9 de Fremont<\/td>\n<\/tr>\n<tr>\n<td style=\"width: 179px;\"><strong>Capacit\u00e9 install\u00e9e<\/strong><\/td>\n<td style=\"width: 182px;\">3,3 MW<\/td>\n<\/tr>\n<tr>\n<td style=\"width: 179px;\"><strong>G\u00e9n\u00e9ration annuelle moyenne<\/strong><\/td>\n<td style=\"width: 182px;\">16 800 MWh<\/td>\n<\/tr>\n<tr>\n<td style=\"width: 179px;\"><strong>Type d&#039;\u00e9tablissement<\/strong><\/td>\n<td style=\"width: 182px;\"><span class='tooltipsall tooltip_post_id_5643 classtoolTips52'>Au fil de l&#039;eau<\/span><\/td>\n<\/tr>\n<tr>\n<td style=\"width: 179px;\"><strong><span class='tooltipsall tooltip_post_id_5565 classtoolTips152'>F\u00e9d\u00e9ration internationale de radio-t\u00e9l\u00e9vision (FERC)<\/span> Non.<\/strong><\/td>\n<td style=\"width: 182px;\">P-11879 d\u00e9livr\u00e9 en 2008, expire le 30\/06\/2048<\/td>\n<\/tr>\n<\/tbody>\n<\/table>\n<p>Le projet de d\u00e9rivation de Chester est situ\u00e9 sur la fourche Henrys de la rivi\u00e8re Snake, dans le comt\u00e9 de Fremont, dans l&#039;Idaho. Il se trouve \u00e0 environ 10,5 kilom\u00e8tres en aval de la rivi\u00e8re.<a href=\"https:\/\/lowimpacthydro.org\/fr\/lihi-certificate-61-ashton-hydroelectric-project-idaho\/\"> Projet Ashton (LIHI #61)<\/a> et 52,5 milles en aval de la <a href=\"https:\/\/lowimpacthydro.org\/fr\/lihi-certificate-2-island-park-hydroelectric-project-idaho\/\">Projet Island Park (LIHI #2)<\/a>.<\/p>\n<p>Les installations du projet sont d\u00e9tenues et exploit\u00e9es par Fall River Rural Electric Cooperative tandis que <span class='tooltipsall tooltip_post_id_5545 classtoolTips158'>barrage<\/span> appartient au district d&#039;irrigation de Fremont Madison. Le Chester <span class='tooltipsall tooltip_post_id_5552 classtoolTips50'>Barrage de d\u00e9rivation<\/span> (\u00e9galement connu sous le nom de barrage de d\u00e9rivation Cross Cut) et l&#039;irrigation Cross Cut associ\u00e9e <span class='tooltipsall tooltip_post_id_5537 classtoolTips143'>Canal<\/span> Ces barrages ont \u00e9t\u00e9 construits en 1938 par le Bureau of Reclamation (BOR) des \u00c9tats-Unis dans le cadre de son projet Minidoka. En vertu d&#039;un protocole d&#039;accord du 16 novembre 2007 conclu entre le ma\u00eetre d&#039;ouvrage et le district d&#039;irrigation de Fremont Madison, Fall River est autoris\u00e9e \u00e0 utiliser le barrage de d\u00e9rivation de Chester pour la production hydro\u00e9lectrique. Fall River est responsable du paiement de tous les co\u00fbts li\u00e9s \u00e0 l&#039;ing\u00e9nierie, \u00e0 la construction, \u00e0 l&#039;exploitation et \u00e0 la maintenance du projet hydro\u00e9lectrique.<\/p>\n<p>Avant la construction de l&#039;installation hydro\u00e9lectrique, l&#039;installation existante du barrage de d\u00e9rivation de Chester \u00e9tait constitu\u00e9e d&#039;un barrage en b\u00e9ton. <span class='tooltipsall tooltip_post_id_5580 classtoolTips81'>barrage-poids<\/span>, une porte radiale \u00e0 l&#039;extr\u00e9mit\u00e9 sud de la <span class='tooltipsall tooltip_post_id_5551 classtoolTips110'>d\u00e9rivation<\/span> Un ouvrage de r\u00e9gulation des d\u00e9bits dans le canal d&#039;irrigation transversal et une vanne radiale suppl\u00e9mentaire, plus petite, sur le c\u00f4t\u00e9 nord de l&#039;ouvrage de d\u00e9rivation pour r\u00e9guler les d\u00e9bits dans le canal d&#039;irrigation de la derni\u00e8re chance. La construction de l&#039;installation hydro\u00e9lectrique a d\u00e9but\u00e9 en 2009 et s&#039;est achev\u00e9e en 2014.<\/p>\n<p>Le projet comprend : le barrage en b\u00e9ton appartenant au district d&#039;irrigation de Fremont Madison avec une longueur de cr\u00eate de 355 pieds et une hauteur structurelle de 17 pieds ; un barrage gonflable de 38 pouces de haut <span class='tooltipsall tooltip_post_id_5590 classtoolTips101'>barrage en caoutchouc<\/span> boulonn\u00e9 \u00e0 la cr\u00eate du barrage\u00a0; un d\u00e9versoir de 355 pieds de long <span class='tooltipsall tooltip_post_id_5651 classtoolTips116'>d\u00e9versoir<\/span>; une structure de contr\u00f4le du d\u00e9bit situ\u00e9e sur le c\u00f4t\u00e9 sud du barrage, avec une vanne radiale qui contr\u00f4le les d\u00e9bits dans le canal d&#039;irrigation Cross Cut ; une structure de contr\u00f4le du d\u00e9bit situ\u00e9e sur le c\u00f4t\u00e9 nord du barrage avec une vanne radiale qui contr\u00f4le les d\u00e9bits dans le canal d&#039;irrigation Last Chance ; une structure de prise d&#039;eau en b\u00e9ton de 50 pieds de large sur le c\u00f4t\u00e9 sud du d\u00e9versoir ; une \u00e9cluse adjacente \u00e0 la structure de prise d&#039;eau \u00e0 l&#039;extr\u00e9mit\u00e9 sud du d\u00e9versoir ; un espacement de 1,5 pouce <span class='tooltipsall tooltip_post_id_5567 classtoolTips78'>\u00e9cran \u00e0 poisson<\/span> \u00e0 travers l&#039;admission de la turbine et espac\u00e9s de 0,25 pouce <span class='tooltipsall tooltip_post_id_5567 classtoolTips78'>\u00e9crans \u00e0 poissons<\/span> \u00e0 travers les entr\u00e9es des deux canaux d&#039;irrigation ; ouvrages de t\u00eate du canal d&#039;irrigation Cross Cut ; ouvrages de t\u00eate du canal d&#039;irrigation Last Chance ; un canal en b\u00e9ton <span class='tooltipsall tooltip_post_id_5624 classtoolTips102'>centrale<\/span> Le projet comprend trois groupes turbo-alternateurs de type Kaplan d&#039;une puissance install\u00e9e totale de 3,3 MW et un mur en b\u00e9ton situ\u00e9 imm\u00e9diatement sous la centrale, qui dirige l&#039;\u00e9coulement vers le centre de la fourche Henrys. Le p\u00e9rim\u00e8tre du projet comprend le barrage de d\u00e9rivation de Chester, son r\u00e9servoir et les terrains associ\u00e9s. <span class='tooltipsall tooltip_post_id_5537 classtoolTips143'>canal<\/span> ouvrages de t\u00eate, centrale \u00e9lectrique, stationnement, rampes de mise \u00e0 l&#039;eau en amont et en aval et ligne de transmission principale.<\/p>\n<p>Le projet fonctionne dans un <span class='tooltipsall tooltip_post_id_5643 classtoolTips52'>au fil de l&#039;eau<\/span> Le projet pr\u00e9voit un r\u00e9servoir de 22 hectares. Une fois les besoins d&#039;irrigation satisfaits, jusqu&#039;\u00e0 1\u00a0000 m\u00b3\/s (3\u00a0500 pi\u00b3\/s) sont d\u00e9tourn\u00e9s vers la centrale pour la production. Tout d\u00e9bit sup\u00e9rieur aux besoins d&#039;irrigation et d&#039;\u00e9lectricit\u00e9 est d\u00e9vers\u00e9 par le barrage de d\u00e9rivation de Chester. Le projet pr\u00e9voit un d\u00e9bit minimum de 7,3 m\u00b3\/s \u00e0 travers l&#039;\u00e9cluse afin de permettre l&#039;\u00e9coulement en aval. <span class='tooltipsall tooltip_post_id_5566 classtoolTips59'>passage des poissons<\/span>Le r\u00e9gime d&#039;\u00e9coulement est surveill\u00e9 par la Henrys Fork Foundation et le D\u00e9partement de la p\u00eache et du gibier de l&#039;Idaho pour assurer la protection de l&#039;habitat des poissons et de la faune.<\/p>\n<p>Les eaux situ\u00e9es dans la zone du projet sont d\u00e9sign\u00e9es comme fluviales par l&#039;USFWS National <span class='tooltipsall tooltip_post_id_5670 classtoolTips125'>Zone humide<\/span> Inventaire. Les usages d\u00e9sign\u00e9s en Idaho comprennent l&#039;approvisionnement en eau agricole, la vie aquatique en eau froide, l&#039;approvisionnement en eau domestique, les loisirs de contact primaire, l&#039;habitat faunique et la fraie des salmonid\u00e9s. Quatre stations de surveillance de la qualit\u00e9 de l&#039;eau, appartenant \u00e0 la Fall River Rural Electric Cooperative, suivent la temp\u00e9rature, <span class='tooltipsall tooltip_post_id_5668 classtoolTips108'>turbidit\u00e9<\/span>et les niveaux d&#039;oxyg\u00e8ne dissous. Les donn\u00e9es de 2015 n&#039;ont r\u00e9v\u00e9l\u00e9 aucun changement syst\u00e9matique dans ces indicateurs et la consultation du D\u00e9partement de la qualit\u00e9 environnementale de l&#039;Idaho a confirm\u00e9 que le projet n&#039;avait pas d&#039;impact sur la qualit\u00e9 de l&#039;eau.<\/p>\n<p>La fourche Henrys de la rivi\u00e8re Snake abrite une population autosuffisante de truites arc-en-ciel et est consid\u00e9r\u00e9e comme une p\u00eacherie de premier ordre, une p\u00eache r\u00e9cr\u00e9ative de tr\u00e8s haute qualit\u00e9. Une passe \u00e0 poissons en amont permet aux esp\u00e8ces riveraines (truite fario, m\u00e9nomini des montagnes, meunier de l&#039;Utah, chevesne de l&#039;Utah, naseux mouchet\u00e9, chabot tachet\u00e9, m\u00e9n\u00e9 \u00e0 dos d&#039;\u00e2ne) d&#039;acc\u00e9der aux tron\u00e7ons amont de la rivi\u00e8re. Une consultation avec le D\u00e9partement de la p\u00eache et de la chasse de l&#039;Idaho en 2016 a confirm\u00e9 l&#039;efficacit\u00e9 de cette passe pour assurer le passage vers l&#039;amont. Le passage des poissons en aval est assur\u00e9 par l&#039;\u00e9cluse avec un d\u00e9bit de 25 pi3\/s. Ce d\u00e9bit correspond au d\u00e9bit standard de passage des poissons en aval recommand\u00e9 par la National Oceanic and Atmospheric Administration. Des grilles d&#039;admission de 2,5 cm et 6,35 cm att\u00e9nuent le risque de passage vers l&#039;aval. <span class='tooltipsall tooltip_post_id_5558 classtoolTips77'>entra\u00eenement<\/span>.<\/p>\n<p>Le projet s&#039;\u00e9tend sur environ 108 acres. Les terres environnantes comprennent des rivages plats et des terres agricoles \u00e0 forte v\u00e9g\u00e9tation, ainsi que des zones bois\u00e9es. <span class='tooltipsall tooltip_post_id_5670 classtoolTips125'>zones humides<\/span>et des zones de broussailles. Compte tenu de la nature du littoral, le risque d&#039;\u00e9rosion est faible. Un enrochement en pierre sous le barrage renforce le lit et les berges de la rivi\u00e8re, att\u00e9nuant ainsi le risque d&#039;\u00e9rosion.<\/p>\n<p>Les esp\u00e8ces menac\u00e9es et en voie de disparition potentiellement pr\u00e9sentes sur le site du projet comprennent\u00a0: le pygargue \u00e0 t\u00eate blanche, le pygargue \u00e0 t\u00eate blanche et la truite fard\u00e9e de Yellowstone. Aucun impact sur les esp\u00e8ces r\u00e9pertori\u00e9es n&#039;est attendu de l&#039;exploitation du projet. Les installations de passage des poissons permettent une plus grande interconnectivit\u00e9 de la rivi\u00e8re, une caract\u00e9ristique qui favorise la durabilit\u00e9 des esp\u00e8ces riveraines, en particulier la truite fard\u00e9e de Yellowstone. Le permis de projet pr\u00e9voit des conditions sp\u00e9ciales afin d&#039;att\u00e9nuer toute perturbation potentielle des populations de pygargues \u00e0 t\u00eate blanche pendant la construction.<\/p>\n<p><strong>PLUS-Standard:<\/strong> Le ma\u00eetre d&#039;ouvrage a \u00e9labor\u00e9 un plan de surveillance des truites, qui comprend des activit\u00e9s de suivi et la pr\u00e9paration de rapports annuels sur les populations de truites r\u00e9sidentes. La structure de taille est surveill\u00e9e, ainsi que la pr\u00e9sence, l&#039;absence et la r\u00e9partition spatiale des truites fard\u00e9es \u00e0 proximit\u00e9 du projet. Le ma\u00eetre d&#039;ouvrage finance activement ces \u00e9tudes de recherche et ces rapports.<\/p>\n<p>Les ressources culturelles et historiques \u00e0 proximit\u00e9 du projet comprennent le barrage et 22 sites li\u00e9s au canal d&#039;irrigation Cross Cut qui sont \u00e9ligibles \u00e0 l&#039;inscription sur la liste. <span class='tooltipsall tooltip_post_id_5606 classtoolTips1'>Registre national des lieux historiques<\/span>Un plan de gestion des biens historiques a \u00e9t\u00e9 \u00e9labor\u00e9 en collaboration avec le Bureau de pr\u00e9servation historique de l&#039;\u00c9tat (SHPO). Ce plan d\u00e9finit le processus d&#039;identification de la nature et de l&#039;importance des biens historiques situ\u00e9s dans le p\u00e9rim\u00e8tre du projet et fournit des lignes directrices pour l&#039;entretien courant, les activit\u00e9s d&#039;exploitation, les am\u00e9liorations et l&#039;acc\u00e8s du public. Des rapports biennaux ont \u00e9t\u00e9 d\u00e9pos\u00e9s jusqu&#039;\u00e0 ce que le SHPO d\u00e9termine que le projet n&#039;a aucun impact n\u00e9gatif sur les ressources culturelles ou historiques.<\/p>\n<p>Les installations r\u00e9cr\u00e9atives du projet comprennent une rampe de mise \u00e0 l&#039;eau en b\u00e9ton et une plateforme de p\u00eache, construites conform\u00e9ment aux directives de l&#039;Americans with Disabilities Act. L&#039;acc\u00e8s public est gratuit.<\/p>\n<hr \/>\n<h3>\u00c9tat de conformit\u00e9<\/h3>\n<p><strong>La certification comprend la condition sp\u00e9cifique \u00e0 l\u2019\u00e9tablissement suivante.<\/strong><\/p>\n<ul style=\"color: black;\">\n<li><strong>Condition 1.<\/strong>\u00a0 Le propri\u00e9taire de l&#039;installation doit respecter les \u00e9ch\u00e9anciers, les objectifs de surveillance et les champs d&#039;\u00e9tude pour tous les aspects du plan de surveillance de la truite li\u00e9s au r\u00e9tablissement de la truite fard\u00e9e de Yellowstone. Dans sa d\u00e9claration annuelle de conformit\u00e9 au LIHI, le propri\u00e9taire de l&#039;installation doit r\u00e9sumer les progr\u00e8s des ann\u00e9es pr\u00e9c\u00e9dentes par rapport au plan. Toute modification apport\u00e9e \u00e0 ce plan doit \u00eatre notifi\u00e9e au LIHI dans les 30 jours suivant sa finalisation.<\/li>\n<\/ul>\n<p><strong>2025:<\/strong> Aucun changement important ni probl\u00e8me de conformit\u00e9 n&#039;a \u00e9t\u00e9 constat\u00e9. Le projet demeure conforme suite \u00e0 l&#039;examen annuel. Concernant la condition 1, le projet a d\u00e9pos\u00e9 son rapport annuel de surveillance des truites, indiquant qu&#039;aucune enqu\u00eate n&#039;avait \u00e9t\u00e9 men\u00e9e par l&#039;\u00c9tat en 2024.<\/p>\n<p><strong>2024:<\/strong> Aucun changement important ni probl\u00e8me de conformit\u00e9 n&#039;a \u00e9t\u00e9 identifi\u00e9. Le projet demeure conforme suite \u00e0 l&#039;examen annuel. Concernant la condition 1, le projet a d\u00e9pos\u00e9 son rapport annuel de surveillance des truites, indiquant qu&#039;aucune enqu\u00eate n&#039;avait \u00e9t\u00e9 men\u00e9e par l&#039;\u00c9tat en 2023.<\/p>\n<p><strong>2023:<\/strong> Aucun changement important ni probl\u00e8me de conformit\u00e9 n&#039;a \u00e9t\u00e9 identifi\u00e9. Le projet demeure conforme suite \u00e0 l&#039;examen annuel. Concernant la condition 1, le projet a d\u00e9pos\u00e9 son rapport annuel de surveillance des truites, indiquant qu&#039;aucune enqu\u00eate n&#039;avait \u00e9t\u00e9 men\u00e9e par l&#039;\u00c9tat en 2022.<\/p>\n<p><strong>2022<\/strong>Aucun changement important ni probl\u00e8me de conformit\u00e9 n&#039;a \u00e9t\u00e9 identifi\u00e9. Le projet demeure conforme suite \u00e0 l&#039;examen annuel. Concernant la condition 1, le projet a \u00e9t\u00e9 d\u00e9clar\u00e9 en attente de la publication par l&#039;\u00c9tat du rapport 2021.<\/p>\n<p><strong>2021:<\/strong> Aucun changement ni probl\u00e8me de conformit\u00e9 n&#039;a \u00e9t\u00e9 signal\u00e9. Le projet demeure conforme suite \u00e0 l&#039;examen annuel. Pour la condition 1, le projet a soumis le rapport de surveillance des truites.<\/p>\n<p><strong>2020:<\/strong> Aucun changement ni probl\u00e8me de conformit\u00e9 n&#039;a \u00e9t\u00e9 signal\u00e9. Le projet reste conforme sur la base de l&#039;examen annuel. Pour la condition 1, le projet n&#039;a signal\u00e9 aucun changement de statut.<\/p>\n<p><strong>2019:<\/strong> Aucun changement ni probl\u00e8me de conformit\u00e9 n&#039;a \u00e9t\u00e9 signal\u00e9. Le projet reste conforme sur la base de l&#039;examen annuel. Pour la condition 1, le projet n&#039;a signal\u00e9 aucun changement de statut.<\/p>\n<p><strong>2018:<\/strong> Aucun changement ni probl\u00e8me de conformit\u00e9 n&#039;a \u00e9t\u00e9 signal\u00e9. Le projet reste conforme sur la base de l&#039;examen annuel. Pour la condition 1, le projet n&#039;a signal\u00e9 aucun changement de statut.<\/p>\n<p><strong>2017:<\/strong> Aucun changement ni probl\u00e8me de conformit\u00e9 n&#039;a \u00e9t\u00e9 signal\u00e9. Le projet demeure conforme suite \u00e0 l&#039;examen annuel. Pour la condition 1, le projet a soumis le rapport de surveillance des truites.<\/p>\n<p><strong>2016:<\/strong> Le rapport annuel pour le certificat actuel n\u2019est pas encore entr\u00e9 en vigueur.<\/p>\n<hr \/>\n<h3>Historique des certifications<\/h3>\n<p><strong>1er janvier 2022 :<\/strong> La dur\u00e9e du certificat LIHI a \u00e9t\u00e9 prolong\u00e9e conform\u00e9ment \u00e0 la r\u00e9vision 2.05 du manuel de certification LIHI 2e \u00e9dition publi\u00e9 le 1er janvier 2022. Reportez-vous au tableau des \u00e9tablissements ci-dessus pour conna\u00eetre la nouvelle dur\u00e9e.<\/p>\n<p><strong>20 janvier 2017 :<\/strong> Shannon Ames, directrice g\u00e9n\u00e9rale du LIHI, exer\u00e7ant les pouvoirs d\u00e9l\u00e9gu\u00e9s par le conseil d&#039;administration du LIHI, a rendu une d\u00e9cision de certification pr\u00e9liminaire attestant que le projet hydro\u00e9lectrique de d\u00e9rivation de Chester (FERC n\u00b0 P-11879) satisfait aux crit\u00e8res de certification du LIHI. Le projet de d\u00e9rivation de Chester est \u00e9galement admissible \u00e0 la norme PLUS gr\u00e2ce \u00e0 ses efforts de gestion des esp\u00e8ces menac\u00e9es, ce qui lui conf\u00e8re trois ann\u00e9es suppl\u00e9mentaires de certification. Conform\u00e9ment \u00e0 la section 4.2.5 du LIHI 2<sup>nd<\/sup> Le manuel de l&#039;\u00e9dition, la d\u00e9cision de certification pr\u00e9liminaire, ainsi que le rapport de l&#039;examinateur de la demande et (le cas \u00e9ch\u00e9ant) le rapport du directeur g\u00e9n\u00e9ral, seront publi\u00e9s sur le site web de l&#039;Institut pendant 30 jours. Un avis de publication sera envoy\u00e9 \u00e0 toutes les personnes ou organisations ayant comment\u00e9 le dossier de demande initial. Tout commentateur peut soumettre une lettre au directeur g\u00e9n\u00e9ral pour demander un appel dans ce d\u00e9lai de 30 jours. La demande d&#039;appel doit indiquer les raisons pr\u00e9cises pour lesquelles l&#039;installation hydro\u00e9lectrique aurait d\u00fb \u00e9chouer \u00e0 un ou plusieurs crit\u00e8res. Seules les personnes ou organisations ayant comment\u00e9 le dossier de demande initial peuvent d\u00e9poser un appel. Si aucun appel n&#039;est d\u00e9pos\u00e9 dans ce d\u00e9lai de 30 jours, le directeur g\u00e9n\u00e9ral d\u00e9livrera la certification LIHI pour l&#039;installation et publiera un avis de certification sur le site web de l&#039;Institut. Une fois la certification d\u00e9finitive, la date d&#039;entr\u00e9e en vigueur du projet de d\u00e9rivation de Chester est le 17 octobre 2016 pour une dur\u00e9e de huit (8) ans, qui expirera le 17 octobre 2024.<\/p>\n<p><strong>20 octobre 2016 :<\/strong> Le 17 octobre 2016, le Low Impact Hydropower Institute (LIHI) a re\u00e7u une demande compl\u00e8te de la Fall River Rural Electric Cooperative (Fall River) pour la certification \u00e0 faible impact du projet hydro\u00e9lectrique Chester Diversion (FERC n\u00b0 11879), situ\u00e9 sur la fourche Henry de la rivi\u00e8re Snake, dans le comt\u00e9 de Fremont, en Idaho. Le LIHI sollicite les commentaires du public sur cette demande. Plus pr\u00e9cis\u00e9ment, nous souhaitons savoir si, selon vous, le projet Chester Diversion r\u00e9pond aux crit\u00e8res de certification \u00e0 faible impact du LIHI. La demande pour Chester Diversion est soumise \u00e0 un examen conform\u00e9ment aux crit\u00e8res de la 2e \u00e9dition du Manuel de certification de mars 2016. Veuillez consulter le programme et les crit\u00e8res du LIHI 2016.\u00a0<a href=\"https:\/\/lowimpacthydro.org\/wp-content\/uploads\/2020\/07\/2nd-edition-handbook-20160307-FINAL-CLEAN.pdf\" target=\"_blank\" rel=\"noopener noreferrer\">Manuel<\/a> et consultez ensuite les documents de candidature 2016 du projet publi\u00e9s sur la page du projet. Les commentaires directement li\u00e9s \u00e0 des crit\u00e8res sp\u00e9cifiques du LIHI (d\u00e9bits, qualit\u00e9 de l&#039;eau, passage des poissons, etc.) seront tr\u00e8s utiles, mais tous les commentaires seront pris en compte. Les commentaires peuvent \u00eatre soumis \u00e0 l&#039;Institut par courrier \u00e9lectronique \u00e0 l&#039;adresse\u00a0<a href=\"mailto:comments@lowimpacthydro.org\">comments@lowimpacthydro.org<\/a>\u00a0avec \u00ab\u00a0Commentaires sur le projet de d\u00e9rivation de Chester\u00a0\u00bb dans l&#039;objet, ou par courrier adress\u00e9 au Low Impact Hydropower Institute, PO Box 194, Harrington Park, New Jersey 07640. La p\u00e9riode de consultation publique de 60 jours commence le 20 octobre 2016. \u00a0<strong>Les commentaires doivent \u00eatre re\u00e7us \u00e0 l&#039;Institut au plus tard \u00e0 17 heures, heure de l&#039;Est, le 19 d\u00e9cembre 2016.<\/strong>\u00a0\u00e0 prendre en consid\u00e9ration. Tous les commentaires seront publi\u00e9s sur le site Web et le candidat aura la possibilit\u00e9 d&#039;y r\u00e9pondre. Toute r\u00e9ponse sera \u00e9galement publi\u00e9e.<\/p>\n<hr \/>\n<h3>Dossiers de certification<\/h3>\n<h4>Certification 2017<\/h4>\n<ul style=\"color: black;\">\n<li><a href=\"https:\/\/lowimpacthydro.org\/wp-content\/uploads\/2020\/07\/20170115-FL-Chester-Diversion-Reviewers-Report.pdf\">Rapport d&#039;examen de la certification Chester Diversion 2017<\/a><\/li>\n<li><a href=\"https:\/\/lowimpacthydro.org\/wp-content\/uploads\/2020\/07\/Chester-Diversion-2016-Application-Part-1.pdf\">Demande de d\u00e9rivation pour Chester \u2013 Partie 1 2016<\/a><\/li>\n<\/ul>\n<hr \/>\n<h3>Documents cl\u00e9s<\/h3>\n<ul>\n<li><a href=\"https:\/\/lowimpacthydro.org\/wp-content\/uploads\/2020\/12\/2008-Chester-Diversion-FERC-License.pdf\">Licence FERC de Chester Diversion 2008<\/a><\/li>\n<li><a href=\"https:\/\/lowimpacthydro.org\/wp-content\/uploads\/2020\/12\/2008Chester-Diversion-FERC-EA.pdf\">\u00c9valuation environnementale de la FERC sur le d\u00e9rivation de Chester 2008<\/a><\/li>\n<li><a href=\"https:\/\/lowimpacthydro.org\/wp-content\/uploads\/2020\/12\/2007-Chester-Diversion-Settlement-Agreement.pdf\">Accord de r\u00e8glement sur la d\u00e9rivation de Chester 2007<\/a><\/li>\n<li><a href=\"https:\/\/lowimpacthydro.org\/wp-content\/uploads\/2020\/12\/2007-Chester-Diversion-MOU.pdf\">Protocole d&#039;accord de 2007 sur la d\u00e9rivation de Chester<\/a><\/li>\n<li><a href=\"https:\/\/lowimpacthydro.org\/wp-content\/uploads\/2020\/12\/2005-Chester-Diversion-WQC.pdf\">Certificat de qualit\u00e9 de l&#039;eau de Chester Diversion 2005<\/a><\/li>\n<\/ul>","protected":false},"excerpt":{"rendered":"<p>Project Name Chester Diversion LIHI Certificate No. 131 LIHI Certificate Term October 17, 2016 &#8211; October 17, 2029 Owner Fall River Rural Electric Cooperative State Idaho<span class=\"excerpt-hellip\"> [\u2026]<\/span><\/p>\n","protected":false},"author":3,"featured_media":-1,"parent":0,"menu_order":0,"comment_status":"closed","ping_status":"closed","template":"","meta":{"_coblocks_attr":"","_coblocks_dimensions":"","_coblocks_responsive_height":"","_coblocks_accordion_ie_support":"","om_disable_all_campaigns":false,"_monsterinsights_skip_tracking":false,"_monsterinsights_sitenote_active":false,"_monsterinsights_sitenote_note":"","_monsterinsights_sitenote_category":0,"footnotes":""},"class_list":["post-851","page","type-page","status-publish","has-post-thumbnail","hentry"],"aioseo_notices":[],"_links":{"self":[{"href":"https:\/\/lowimpacthydro.org\/fr\/wp-json\/wp\/v2\/pages\/851","targetHints":{"allow":["GET"]}}],"collection":[{"href":"https:\/\/lowimpacthydro.org\/fr\/wp-json\/wp\/v2\/pages"}],"about":[{"href":"https:\/\/lowimpacthydro.org\/fr\/wp-json\/wp\/v2\/types\/page"}],"author":[{"embeddable":true,"href":"https:\/\/lowimpacthydro.org\/fr\/wp-json\/wp\/v2\/users\/3"}],"replies":[{"embeddable":true,"href":"https:\/\/lowimpacthydro.org\/fr\/wp-json\/wp\/v2\/comments?post=851"}],"version-history":[{"count":10,"href":"https:\/\/lowimpacthydro.org\/fr\/wp-json\/wp\/v2\/pages\/851\/revisions"}],"predecessor-version":[{"id":10107,"href":"https:\/\/lowimpacthydro.org\/fr\/wp-json\/wp\/v2\/pages\/851\/revisions\/10107"}],"wp:featuredmedia":[{"embeddable":true,"href":"https:\/\/lowimpacthydro.org\/fr\/wp-json\/"}],"wp:attachment":[{"href":"https:\/\/lowimpacthydro.org\/fr\/wp-json\/wp\/v2\/media?parent=851"}],"curies":[{"name":"wp","href":"https:\/\/api.w.org\/{rel}","templated":true}]}}