{"id":833,"date":"2020-07-17T16:46:11","date_gmt":"2020-07-17T20:46:11","guid":{"rendered":"https:\/\/lowimpacthydro.org\/new\/?page_id=833"},"modified":"2025-11-11T11:29:37","modified_gmt":"2025-11-11T16:29:37","slug":"lihi-certificate-133-byron-weston-no-2-hydroelectric-project-massachusetts","status":"publish","type":"page","link":"https:\/\/lowimpacthydro.org\/fr\/lihi-certificate-133-byron-weston-no-2-hydroelectric-project-massachusetts\/","title":{"rendered":"Certificat LIHI #133 \u2013 Projet hydro\u00e9lectrique Byron Weston n\u00b0 2, Massachusetts"},"content":{"rendered":"<table class=\"alignright\" style=\"width: 351px; border: 2px; cellspacing: 2px; cellpadding: 2px; margin-left: 50px;\">\n<tbody>\n<tr style=\"height: 24px;\">\n<td style=\"width: 179px; height: 24px;\"><strong>Nom du projet<\/strong><\/td>\n<td style=\"width: 182px; height: 24px;\">Byron Weston n\u00b0 2<\/td>\n<\/tr>\n<tr style=\"height: 48px;\">\n<td style=\"width: 179px; height: 48px;\"><strong>Num\u00e9ro de certificat LIHI<\/strong><\/td>\n<td style=\"width: 182px; height: 48px;\">133<\/td>\n<\/tr>\n<tr style=\"height: 48px;\">\n<td style=\"width: 179px; height: 48px;\"><strong>Dur\u00e9e du certificat LIHI<br \/>\n<\/strong><\/td>\n<td style=\"width: 182px; height: 48px;\">29 d\u00e9cembre 2021 \u2013<br \/>\n28 d\u00e9cembre 2031<\/td>\n<\/tr>\n<tr style=\"height: 24px;\">\n<td style=\"width: 179px; height: 24px;\"><strong>Propri\u00e9taire<\/strong><\/td>\n<td style=\"width: 182px; height: 24px;\">Grue &amp; Compagnie<\/td>\n<\/tr>\n<tr style=\"height: 24px;\">\n<td style=\"width: 179px; height: 24px;\"><strong>\u00c9tat<\/strong><\/td>\n<td style=\"width: 182px; height: 24px;\">Massachusetts<\/td>\n<\/tr>\n<tr style=\"height: 72px;\">\n<td style=\"width: 179px; height: 72px;\"><strong>Emplacement<\/strong><\/td>\n<td style=\"width: 182px; height: 72px;\">Mile 7,97 sur la branche est de la rivi\u00e8re Housatonic \u00e0 Dalton, MA<\/td>\n<\/tr>\n<tr style=\"height: 24px;\">\n<td style=\"width: 179px; height: 24px;\"><strong>Capacit\u00e9 install\u00e9e<\/strong><\/td>\n<td style=\"width: 182px; height: 24px;\">0,250 MW<\/td>\n<\/tr>\n<tr style=\"height: 48px;\">\n<td style=\"width: 179px; height: 48px;\"><strong>G\u00e9n\u00e9ration annuelle moyenne<\/strong><\/td>\n<td style=\"width: 182px; height: 48px;\">246 MWh<\/td>\n<\/tr>\n<tr style=\"height: 24px;\">\n<td style=\"width: 179px; height: 24px;\"><strong>Type d&#039;\u00e9tablissement<\/strong><\/td>\n<td style=\"width: 182px; height: 24px;\"><span class='tooltipsall tooltip_post_id_5643 classtoolTips52'>Au fil de l&#039;eau<\/span><\/td>\n<\/tr>\n<tr style=\"height: 24px;\">\n<td style=\"width: 179px; height: 24px;\"><strong><span class='tooltipsall tooltip_post_id_5565 classtoolTips152'>F\u00e9d\u00e9ration internationale de radio-t\u00e9l\u00e9vision (FERC)<\/span> Non.<\/strong><\/td>\n<td style=\"width: 182px; height: 24px;\">P-13583 exempt\u00e9 2012<\/td>\n<\/tr>\n<\/tbody>\n<\/table>\n<p>Le projet Byron Weston est situ\u00e9 \u00e0 Byron Weston <span class='tooltipsall tooltip_post_id_5545 classtoolTips158'>Barrage<\/span> N\u00b0 2 \u00e0 Dalton, Massachusetts, sur la branche est de la rivi\u00e8re Housatonic, \u00e0 environ 13 kilom\u00e8tres en amont de sa confluence avec le cours principal de la rivi\u00e8re Housatonic. La branche est <span class='tooltipsall tooltip_post_id_5583 classtoolTips100'>sources<\/span> La rivi\u00e8re commence \u00e0 l&#039;embouchure de Muddy Pond, pr\u00e8s de Washington, dans le Massachusetts. La branche Est coule sur environ 27 kilom\u00e8tres, avec une d\u00e9nivellation de 146 m\u00e8tres jusqu&#039;\u00e0 sa confluence avec le cours principal de la rivi\u00e8re Housatonic \u00e0 Pittsfield, dans le Massachusetts.<\/p>\n<p>Le projet est construit sur un <span class='tooltipsall tooltip_post_id_5545 classtoolTips158'>barrage<\/span> Construit en 1887. Le barrage a \u00e9t\u00e9 \u00e9quip\u00e9 pour la premi\u00e8re fois de g\u00e9n\u00e9rateurs dans les ann\u00e9es 1900 et a produit de l&#039;\u00e9nergie hydro\u00e9lectrique jusqu&#039;en 1942 au moins. Le projet a \u00e9t\u00e9 r\u00e9\u00e9quip\u00e9 d&#039;une nouvelle turbine et a repris ses activit\u00e9s en 2013.<\/p>\n<p>Le projet est situ\u00e9 en aval du barrage Byron Weston n\u00b0 1 et en amont du barrage Upper Pioneer et du projet de barrage gouvernemental. Le ma\u00eetre d&#039;ouvrage est un fabricant de papier de qualit\u00e9 sup\u00e9rieure et poss\u00e8de cinq barrages et usines associ\u00e9es le long du bras est de la rivi\u00e8re Housatonic, tous utilis\u00e9s \u00e0 l&#039;origine pour la fabrication du papier.<\/p>\n<p>Le projet a \u00e9t\u00e9 construit sur le barrage Byron Weston n\u00b0 2 existant, en ma\u00e7onnerie de pierre, de 30 pieds de haut et de 90 pieds de long. Un barrage de 23 pieds de haut et de 75 pieds de long <span class='tooltipsall tooltip_post_id_5651 classtoolTips116'>d\u00e9versoir<\/span> Le barrage occupe la majeure partie de son enceinte. Le bassin de retenue s&#039;\u00e9tend sur 213 m\u00e8tres en amont jusqu&#039;au barrage Byron Weston n\u00b0 1. La prise d&#039;eau est \u00e9quip\u00e9e de grilles espac\u00e9es de 2,5 cm et d&#039;une vanne d&#039;amont. L&#039;eau s&#039;\u00e9coule par la vanne d&#039;amont vers un canal d&#039;amen\u00e9e de 15 m\u00e8tres de long et 2,9 m\u00e8tres de large. <span class='tooltipsall tooltip_post_id_5537 classtoolTips143'>canal<\/span> qui transporte les flux vers un canal de 15 pieds de long et 4,4 pieds de diam\u00e8tre <span class='tooltipsall tooltip_post_id_5619 classtoolTips124'>conduite forc\u00e9e<\/span> menant \u00e0 une turbine-g\u00e9n\u00e9rateur Kaplan verticale \u00e0 double r\u00e9gulation de 250 kW, situ\u00e9e dans le b\u00e2timent de l&#039;usine Defiance. Une conduite de sortie basse de 30 cm (12 pouces) d\u00e9tourne le d\u00e9bit du canal d&#039;amen\u00e9e lorsque la turbine est hors service. L&#039;eau du <span class='tooltipsall tooltip_post_id_5624 classtoolTips102'>centrale<\/span> L&#039;eau est d\u00e9vers\u00e9e dans le canal de fuite par une ouverture vo\u00fbt\u00e9e en ma\u00e7onnerie de pierre, situ\u00e9e \u00e0 la base du moulin Defiance, imm\u00e9diatement en aval du barrage. Un tron\u00e7on de d\u00e9rivation d&#039;environ 10,6 m\u00e8tres de long est am\u00e9nag\u00e9 pour cr\u00e9er un bras mort au pied du d\u00e9versoir, maintenant ainsi le tron\u00e7on constamment arros\u00e9. Le projet est raccord\u00e9 au r\u00e9seau r\u00e9gional, mais il fournit principalement de l&#039;\u00e9nergie pour une utilisation sur site, afin de compenser partiellement la demande en \u00e9lectricit\u00e9 des installations de fabrication de monnaie.<\/p>\n<p>Le projet fonctionne de mani\u00e8re instantan\u00e9e <span class='tooltipsall tooltip_post_id_5643 classtoolTips52'>au fil de l&#039;eau<\/span> Le projet fonctionne toute l&#039;ann\u00e9e et alimente un r\u00e9servoir de 0,94 acre. Le r\u00e9gime d&#039;\u00e9coulement a \u00e9t\u00e9 \u00e9labor\u00e9 en consultation avec la Division des p\u00eaches et de la faune du Massachusetts (MDFW), l&#039;USFWS et le D\u00e9partement de la protection de l&#039;environnement du Massachusetts. Les op\u00e9rations du projet sont coordonn\u00e9es avec les centrales hydro\u00e9lectriques en aval.<\/p>\n<p>Les eaux situ\u00e9es dans la zone du projet sont class\u00e9es en classe B et peuvent accueillir pleinement les poissons, les autres esp\u00e8ces aquatiques et la faune sauvage. Les eaux du projet sont d\u00e9grad\u00e9es pour <span class='tooltipsall tooltip_post_id_5616 classtoolTips157'>PCB<\/span>, E. coli et coliformes f\u00e9caux. La source de la pr\u00e9sence bact\u00e9rienne est inconnue, mais provient probablement du ruissellement des eaux pluviales. Des rejets de PCB ont \u00e9t\u00e9 identifi\u00e9s dans les installations de General Electric en aval, et un projet de nettoyage des PCB est en cours. Des \u00e9tudes de qualit\u00e9 de l&#039;eau ont \u00e9t\u00e9 men\u00e9es pour confirmer la conformit\u00e9 aux normes de qualit\u00e9 de l&#039;eau de classe B. La surveillance post-construction a montr\u00e9 que la temp\u00e9rature de l&#039;eau et l&#039;oxyg\u00e8ne dissous se situaient bien dans les limites r\u00e9glementaires de l&#039;\u00c9tat.<\/p>\n<p>Non <span class='tooltipsall tooltip_post_id_5549 classtoolTips96'>diadrome<\/span> Des esp\u00e8ces de poissons sont pr\u00e9sentes \u00e0 proximit\u00e9 du projet. De nombreux barrages sur le cours principal de la rivi\u00e8re Housatonic et en aval sur la branche Est bloquent le passage vers le projet. La zone du projet est une zone de p\u00eache en eaux chaudes abritant plusieurs esp\u00e8ces communes, dont aucune n&#039;a besoin de passage pour compl\u00e9ter son cycle biologique. Une consultation avec le MDFW indique que, bien qu&#039;un plan de restauration des poissons migrateurs soit en cours pour l&#039;anguille d&#039;Am\u00e9rique, l&#039;alose savoureuse et le hareng de rivi\u00e8re dans la partie du Connecticut de la rivi\u00e8re, ce plan n&#039;est pas encore \u00e9tendu \u00e0 la partie du Massachusetts. Le dispositif de retenue, espac\u00e9 de 2,5 cm et \u00e0 vitesse d&#039;approche de 30 cm par seconde, contribue \u00e0 att\u00e9nuer les effets. <span class='tooltipsall tooltip_post_id_5558 classtoolTips77'>entra\u00eenement<\/span> des esp\u00e8ces riveraines.<\/p>\n<p>Le projet n&#039;occupe que 1,7 acre de terrain dans une zone d\u00e9velopp\u00e9e de Dalton. Il n&#039;existe aucune zone tampon \u00e0 l&#039;int\u00e9rieur des limites du projet. La limite ouest du bassin de retenue et la rivi\u00e8re, imm\u00e9diatement en aval du barrage, sont constitu\u00e9es d&#039;escarpements rocheux verticaux, ainsi que des fondations et des murs de sout\u00e8nement des b\u00e2timents de l&#039;usine environnante. La rive est du bassin de retenue est constitu\u00e9e d&#039;une pente bois\u00e9e abrupte et d&#039;un corridor de 9 \u00e0 24 m\u00e8tres de large entre la rivi\u00e8re et les b\u00e2timents r\u00e9sidentiels, les aires de stationnement et les routes.<\/p>\n<p>Les esp\u00e8ces potentiellement menac\u00e9es et en voie de disparition pr\u00e9sentes sur le site du projet comprennent\u00a0: le pygargue \u00e0 longues oreilles, le pygargue \u00e0 t\u00eate blanche et le butor d&#039;Am\u00e9rique. Aucun habitat essentiel n&#039;est d\u00e9sign\u00e9 pour ces esp\u00e8ces. Les op\u00e9rations du projet n&#039;incluant pas l&#039;abattage d&#039;arbres, il est peu probable que ces activit\u00e9s aient un impact n\u00e9gatif sur l&#039;habitat des chauves-souris ou des oiseaux.<\/p>\n<p>Le b\u00e2timent du moulin Defiance n&#039;est pas r\u00e9pertori\u00e9 sur la liste <span class='tooltipsall tooltip_post_id_5606 classtoolTips1'>Registre national des lieux historiques<\/span> bien que le mus\u00e9e Crane et l&#039;ensemble du quartier historique de Cranesville soient class\u00e9s<\/p>\n<p>Le b\u00e2timent de l&#039;usine Byron Weston Defiance et une turbine \u00e0 roue McCormick Hercules r\u00e9nov\u00e9e. En 2017, la turbine a \u00e9t\u00e9 r\u00e9nov\u00e9e et est d\u00e9sormais expos\u00e9e \u00e0 l&#039;ext\u00e9rieur du Mus\u00e9e Crane de la fabrication du papier. La Commission historique du Massachusetts a recommand\u00e9 de consulter la Commission historique de Dalton lors de l&#039;octroi des licences de la FERC. La DHC soutient le projet et a indiqu\u00e9 que l&#039;usine Byron Weston Defiance est \u00e9ligible \u00e0 l&#039;inscription au Registre national des lieux historiques. Le mus\u00e9e est situ\u00e9 dans ce qui \u00e9tait la salle des chiffons de l&#039;ancien moulin en pierre de Crane, datant de 1844. L&#039;usine \u00e0 papier Crane \u2013 Old Berkshire Paper Mill et le bureau de l&#039;usine \u00e0 papier Centennial, situ\u00e9s \u00e0 proximit\u00e9, sont r\u00e9pertori\u00e9s dans l&#039;inventaire en ligne du Massachusetts, mais pas dans le Registre national. Une consultation avec le bureau de pr\u00e9servation historique de l&#039;\u00c9tat est requise avant toute activit\u00e9 d&#039;entretien, de d\u00e9frichage ou de perturbation du terrain, ou toute modification du fonctionnement ou des installations du projet. Un plan de relocalisation de la turbine \u00e0 roue a \u00e9t\u00e9 \u00e9labor\u00e9 pour le relocalisation et la remise en \u00e9tat de l&#039;ancienne turbine \u00e0 roue McCormick Hercules, remplac\u00e9e par la nouvelle turbine lors de la modernisation. La turbine \u00e0 roue a \u00e9t\u00e9 d\u00e9plac\u00e9e et expos\u00e9e au Mus\u00e9e de la Grue.<\/p>\n<p>En raison de la faible empreinte du projet et des fortes pentes qui l&#039;entourent, aucune installation de loisirs officielle n&#039;est disponible. L&#039;acc\u00e8s public n&#039;est pas s\u00e9curis\u00e9 \u00e0 proximit\u00e9 du projet et n&#039;est donc pas n\u00e9cessaire. Cependant, le sentier des Appalaches traverse la ville de Dalton, \u00e0 proximit\u00e9 imm\u00e9diate du projet. Le bassin de retenue est visible depuis le sentier. La navigation est autoris\u00e9e \u00e0 proximit\u00e9, dans la branche est, en amont du barrage Byron Weston n\u00b0 1, et un guide de navigation a \u00e9t\u00e9 cr\u00e9\u00e9 par l&#039;association Housatonic Valley.<\/p>\n<hr \/>\n<h3>\u00c9tat de conformit\u00e9<\/h3>\n<p><strong>Il n\u2019y a pas de conditions sp\u00e9cifiques \u00e0 l\u2019\u00e9tablissement dans le certificat actuel.<\/strong><\/p>\n<p><strong>2025:<\/strong> Aucun changement important ni probl\u00e8me de conformit\u00e9 n&#039;ont \u00e9t\u00e9 identifi\u00e9s. Le projet reste conforme sur la base de l&#039;examen annuel.<\/p>\n<p><strong>2024:<\/strong> Aucun changement important ni probl\u00e8me de conformit\u00e9 n&#039;ont \u00e9t\u00e9 identifi\u00e9s. Le projet reste conforme sur la base de l&#039;examen annuel.<\/p>\n<p><strong>2023:<\/strong> Aucun changement important ni probl\u00e8me de conformit\u00e9 n&#039;ont \u00e9t\u00e9 identifi\u00e9s. Le projet reste conforme sur la base de l&#039;examen annuel.<\/p>\n<p><strong>2022:<\/strong> Aucun changement important ni probl\u00e8me de conformit\u00e9 n&#039;ont \u00e9t\u00e9 identifi\u00e9s. Le projet reste conforme sur la base de l&#039;examen annuel.<\/p>\n<p><strong>2021:<\/strong> Le rapport annuel pour le certificat actuel n\u2019est pas encore entr\u00e9 en vigueur.<\/p>\n<hr \/>\n<h3>Historique des certifications<\/h3>\n<p><strong>13 mai 2022 :<\/strong> Le Low Impact Hydropower Institute a rendu sa d\u00e9cision finale concernant la recertification du projet Byron Weston n\u00b0 2. La p\u00e9riode d&#039;appel de 30 jours s&#039;est cl\u00f4tur\u00e9e le 11 mai 2022 et aucun appel n&#039;a \u00e9t\u00e9 d\u00e9pos\u00e9. Par cons\u00e9quent, la d\u00e9cision de recertifier le projet est d\u00e9sormais d\u00e9finitive. La nouvelle p\u00e9riode d&#039;application est du 29 d\u00e9cembre 2021 au 28 d\u00e9cembre 2031, conform\u00e9ment \u00e0 la prolongation entr\u00e9e en vigueur le 1er janvier 2022 dans la r\u00e9vision 2.05 du LIHI 2.<sup>nd<\/sup> Manuel de certification des \u00e9ditions.<\/p>\n<p><strong>11 avril 2022 :<\/strong> Le Low Impact Hydropower Institute (LIHI) a approuv\u00e9 \u00e0 titre pr\u00e9liminaire le projet Byron Weston n\u00b0 2 pour une nouvelle p\u00e9riode de 10 ans de certification \u00e0 faible impact. Cette certification est sans condition. Le dossier complet et le rapport d&#039;\u00e9valuation sont disponibles ci-dessous. Cette d\u00e9cision est provisoire, dans l&#039;attente d&#039;un d\u00e9lai d&#039;appel de 30 jours. Seuls les participants ayant comment\u00e9 la demande initiale pendant ce d\u00e9lai de 60 jours peuvent d\u00e9poser un recours. Ce recours doit inclure une explication expliquant en quoi le projet ne r\u00e9pond pas aux crit\u00e8res du LIHI. Les demandes de recours peuvent \u00eatre soumises par courriel \u00e0 l&#039;adresse suivante\u00a0: <a href=\"https:\/\/lowimpacthydro.org\/fr\/lihi-certificate-77-winooski-8-hydroelectric-project-vermont\/\">comments@lowimpacthydro.org<\/a> avec \u00ab\u00a0Projet Byron Weston n\u00b0\u00a02\u00a0\u00bb en objet, ou par courrier adress\u00e9 au Low Impact Hydropower Institute, 1167 Massachusetts Ave, bureau 407, Arlington, MA 02476. Toutes les demandes seront publi\u00e9es sur le site web. Le demandeur aura la possibilit\u00e9 de r\u00e9pondre, et toute r\u00e9ponse sera \u00e9galement publi\u00e9e. <strong>Les demandes doivent \u00eatre re\u00e7ues avant 17 h, heure de l\u2019Est, le 11 mai 2022. <\/strong>Si aucune demande d\u2019appel n\u2019est re\u00e7ue et que la d\u00e9cision devient d\u00e9finitive, la p\u00e9riode de certification du projet sera du 29 d\u00e9cembre 2021 au 28 d\u00e9cembre 2031.<\/p>\n<p><strong>4 f\u00e9vrier 2022 : <\/strong>Le Low Impact Hydropower Institute (LIHI) a re\u00e7u une demande compl\u00e8te de recertification de la part de Crane &amp; Company pour le projet Byron Weston n\u00b0 2. La demande compl\u00e8te est disponible ci-dessous. Le LIHI sollicite des commentaires sur cette demande. Les commentaires directement li\u00e9s \u00e0 ses crit\u00e8res sp\u00e9cifiques (d\u00e9bits, qualit\u00e9 de l&#039;eau, etc.) <span class='tooltipsall tooltip_post_id_5566 classtoolTips59'>passage des poissons<\/span>, etc.) seront tr\u00e8s utiles, mais tous les commentaires seront pris en compte. Les commentaires peuvent \u00eatre envoy\u00e9s au LIHI par courrier \u00e9lectronique \u00e0 l&#039;adresse <a href=\"#\">comments@lowimpacthydro.org<\/a> avec \u00ab Commentaires sur le projet Byron Weston n\u00b0 2 \u00bb dans l&#039;objet, ou par courrier adress\u00e9 au Low Impact Hydropower Institute, 1167 Massachusetts Avenue, Bureau 407, Arlington, MA 02476. <strong>Les commentaires doivent \u00eatre re\u00e7us \u00e0 l\u2019Institut au plus tard \u00e0 17 h, heure de l\u2019Est, le 5 avril 2022 pour \u00eatre pris en compte.<\/strong> Tous les commentaires seront publi\u00e9s sur le site Web et le candidat aura la possibilit\u00e9 d&#039;y r\u00e9pondre. Toute r\u00e9ponse sera \u00e9galement publi\u00e9e.<\/p>\n<p><strong>21 juin 2017 :<\/strong> N&#039;ayant re\u00e7u aucune demande d&#039;appel de la d\u00e9cision pr\u00e9liminaire de certification du projet hydro\u00e9lectrique Byron Weston n\u00b0 2, la certification finale a \u00e9t\u00e9 d\u00e9livr\u00e9e le 8 mai 2017. La certification comprend la condition suivante :<\/p>\n<ul style=\"color: black;\">\n<li><strong><em>Condition satisfaite en 2017.<\/em> Condition 1.<\/strong> Le propri\u00e9taire doit compl\u00e9ter le plan de relocalisation de la turbine \u00e0 roue et informer la FERC et le LIHI de cette action dans les 90 jours suivant la certification du LIHI.<\/li>\n<\/ul>\n<p><strong>5 avril 2017 :<\/strong> Le 4 avril 2017, Shannon Ames, directrice g\u00e9n\u00e9rale du LIHI, a annonc\u00e9 une d\u00e9cision de certification pr\u00e9liminaire selon laquelle le projet hydro\u00e9lectrique Byron Weston n\u00b0 2 (FERC n\u00b0 13583) satisfait aux crit\u00e8res de certification du LIHI. Cette demande a \u00e9t\u00e9 trait\u00e9e conform\u00e9ment \u00e0 l&#039;\u00e9dition 2014 du manuel du LIHI, les documents de candidature ayant \u00e9t\u00e9 re\u00e7us avant 2016. Conform\u00e9ment \u00e0 la section 2.14 de l&#039;\u00e9dition 2014 du manuel du LIHI, la d\u00e9cision de certification pr\u00e9liminaire, ainsi que le rapport de l&#039;examinateur de la demande et (le cas \u00e9ch\u00e9ant) le rapport de la directrice g\u00e9n\u00e9rale, seront publi\u00e9s sur le site web de l&#039;Institut pendant 30 jours. Un avis de publication sera envoy\u00e9 \u00e0 toutes les personnes et organisations ayant comment\u00e9 le dossier de candidature initial. Tout commentateur peut soumettre une lettre au directeur ex\u00e9cutif pour demander un appel dans le d\u00e9lai de 30 jours commen\u00e7ant le 6 avril 2017 et se terminant le 8 mai 2017. La demande d&#039;appel doit indiquer pr\u00e9cis\u00e9ment les raisons pour lesquelles l&#039;installation hydro\u00e9lectrique aurait d\u00fb \u00e9chouer \u00e0 un ou plusieurs crit\u00e8res. Si une personne ou une organisation n&#039;a pas comment\u00e9 le dossier de candidature initial, elle ne peut pas d\u00e9poser d&#039;appel. De plus amples informations sur la proc\u00e9dure d&#039;appel du LIHI sont disponibles dans le manuel du LIHI. Si aucun appel n&#039;est d\u00e9pos\u00e9 dans le d\u00e9lai de 30 jours, le directeur ex\u00e9cutif d\u00e9livrera la certification LIHI pour l&#039;installation et publiera un avis de certification sur le site web de l&#039;Institut. Une fois la certification d\u00e9finitive, la date d&#039;entr\u00e9e en vigueur du projet Byron Weston est le 29 d\u00e9cembre 2016 pour une dur\u00e9e de cinq (5) ans, qui expirera le 29 d\u00e9cembre 2021.<\/p>\n<p><strong>26 janvier 2017 :<\/strong> Le 29 d\u00e9cembre 2016, le Low Impact Hydropower Institute (LIHI) a re\u00e7u une demande compl\u00e8te de Crane and Company (Crane) pour la certification \u00e0 faible impact du projet Byron Weston n\u00b0 2, FERC n\u00b0 13583, situ\u00e9 sur la branche est de la rivi\u00e8re Housatonic \u00e0 Dalton, dans le Massachusetts, \u00e0 12,8 km en amont du confluent de la branche est et de la rue Main, au parc Fred Gardner de Pittsfield, dans le Massachusetts. Le LIHI sollicite les commentaires du public sur cette demande. Plus pr\u00e9cis\u00e9ment, nous souhaitons savoir si, selon vous, le projet Byron Weston r\u00e9pond aux crit\u00e8res de certification \u00e0 faible impact du LIHI. La demande de Byron Weston est soumise \u00e0 un examen selon les crit\u00e8res du manuel de certification du LIHI de 2014. Veuillez consulter le programme et les crit\u00e8res du LIHI de 2014.\u00a0<a href=\"https:\/\/lowimpacthydro.org\/wp-content\/uploads\/2014\/08\/LIHI_Handbook_20140409_wAppC20150101.pdf\" target=\"_blank\" rel=\"noopener noreferrer\">Manuel<\/a> et consultez ensuite les documents de candidature 2016 du projet publi\u00e9s sur la page du projet. Les commentaires directement li\u00e9s \u00e0 des crit\u00e8res sp\u00e9cifiques du LIHI (d\u00e9bits, qualit\u00e9 de l&#039;eau, passage des poissons, etc.) seront tr\u00e8s utiles, mais tous les commentaires seront pris en compte. Les commentaires peuvent \u00eatre soumis \u00e0 l&#039;Institut par courrier \u00e9lectronique \u00e0 l&#039;adresse\u00a0<a href=\"mailto:comments@lowimpacthydro.org\" target=\"_blank\" rel=\"noopener noreferrer\" data-cke-saved-href=\"mailto:dhall@lowimpacthydro.org?subject=Raquette%20Project%20Comments\">comments@lowimpacthydro.org<\/a> avec \u00ab\u00a0Commentaires sur le projet Byron Weston\u00a0\u00bb dans l&#039;objet, ou par courrier adress\u00e9 au Low Impact Hydropower Institute, PO Box 194, Harrington Park, New Jersey 07640. La p\u00e9riode de commentaires publics de 60 jours commence le 26 janvier 2017. <strong>Les commentaires doivent \u00eatre re\u00e7us \u00e0 l&#039;Institut au plus tard \u00e0 17 heures, heure de l&#039;Est, le 27 mars 2017.<\/strong>\u00a0\u00e0 prendre en consid\u00e9ration. Tous les commentaires seront publi\u00e9s sur le site Web et le candidat aura la possibilit\u00e9 d&#039;y r\u00e9pondre. Toute r\u00e9ponse sera \u00e9galement publi\u00e9e.<\/p>\n<hr \/>\n<h3>Dossiers de certification<\/h3>\n<h4>Recertification 2021-2022<\/h4>\n<ul style=\"color: black;\">\n<li><a href=\"https:\/\/lowimpacthydro.org\/wp-content\/uploads\/2022\/04\/Byron-Weston-Review-Report_2022_04_11.pdf\">Rapport de recertification Byron Weston n\u00b0 2<\/a><\/li>\n<li><a href=\"https:\/\/lowimpacthydro.org\/wp-content\/uploads\/2022\/02\/Byron-Weston-Recertification-Application-complete.pdf\">Demande de recertification Byron Weston n\u00b0 2<\/a><\/li>\n<\/ul>\n<h4>Certification 2016<\/h4>\n<ul style=\"color: black;\">\n<li><a href=\"https:\/\/lowimpacthydro.org\/wp-content\/uploads\/2020\/07\/20170203-FL-Byron-Weston-Reviewers-ReportV2.pdf\">Rapport d&#039;examen de certification Byron Weston 2017<\/a><\/li>\n<li><a href=\"https:\/\/lowimpacthydro.org\/wp-content\/uploads\/2020\/07\/19349.81-LIHI-Revised-Application-Package-FINAL-12-29-2016-reduced.pdf\">Demande de certification Byron Weston 2016<\/a><\/li>\n<\/ul>\n<hr \/>\n<h3>Documents cl\u00e9s<\/h3>\n<ul>\n<li><a href=\"https:\/\/lowimpacthydro.org\/wp-content\/uploads\/2020\/12\/2012-Byron-Weston-FERC-exemption.pdf\">Byron Weston FERC <span class='tooltipsall tooltip_post_id_5562 classtoolTips113'>Exemption<\/span> 2012<\/a><\/li>\n<li><a href=\"https:\/\/lowimpacthydro.org\/wp-content\/uploads\/2020\/12\/2012-Byron-Weston-FERC-EA.pdf\">\u00c9valuation environnementale de Byron Weston FERC 2012<\/a><\/li>\n<li><a href=\"https:\/\/lowimpacthydro.org\/wp-content\/uploads\/2020\/12\/2011-Byron-Weston-Water-Quality-Certificate.pdf\">Certificat de qualit\u00e9 de l&#039;eau Byron Weston 2011<\/a><\/li>\n<\/ul>","protected":false},"excerpt":{"rendered":"<p>Project Name Byron Weston No. 2 LIHI Certificate No. 133 LIHI Certificate Term December 29, 2021 &#8211; December 28, 2031 Owner Crane\u00a0&amp; Company State Massachusetts Location<span class=\"excerpt-hellip\"> [\u2026]<\/span><\/p>\n","protected":false},"author":3,"featured_media":-1,"parent":0,"menu_order":0,"comment_status":"closed","ping_status":"closed","template":"","meta":{"_coblocks_attr":"","_coblocks_dimensions":"","_coblocks_responsive_height":"","_coblocks_accordion_ie_support":"","om_disable_all_campaigns":false,"_monsterinsights_skip_tracking":false,"_monsterinsights_sitenote_active":false,"_monsterinsights_sitenote_note":"","_monsterinsights_sitenote_category":0,"footnotes":""},"class_list":["post-833","page","type-page","status-publish","has-post-thumbnail","hentry"],"_links":{"self":[{"href":"https:\/\/lowimpacthydro.org\/fr\/wp-json\/wp\/v2\/pages\/833","targetHints":{"allow":["GET"]}}],"collection":[{"href":"https:\/\/lowimpacthydro.org\/fr\/wp-json\/wp\/v2\/pages"}],"about":[{"href":"https:\/\/lowimpacthydro.org\/fr\/wp-json\/wp\/v2\/types\/page"}],"author":[{"embeddable":true,"href":"https:\/\/lowimpacthydro.org\/fr\/wp-json\/wp\/v2\/users\/3"}],"replies":[{"embeddable":true,"href":"https:\/\/lowimpacthydro.org\/fr\/wp-json\/wp\/v2\/comments?post=833"}],"version-history":[{"count":15,"href":"https:\/\/lowimpacthydro.org\/fr\/wp-json\/wp\/v2\/pages\/833\/revisions"}],"predecessor-version":[{"id":10166,"href":"https:\/\/lowimpacthydro.org\/fr\/wp-json\/wp\/v2\/pages\/833\/revisions\/10166"}],"wp:featuredmedia":[{"embeddable":true,"href":"https:\/\/lowimpacthydro.org\/fr\/wp-json\/"}],"wp:attachment":[{"href":"https:\/\/lowimpacthydro.org\/fr\/wp-json\/wp\/v2\/media?parent=833"}],"curies":[{"name":"wp","href":"https:\/\/api.w.org\/{rel}","templated":true}]}}