{"id":801,"date":"2020-07-17T15:46:29","date_gmt":"2020-07-17T19:46:29","guid":{"rendered":"https:\/\/lowimpacthydro.org\/new\/?page_id=801"},"modified":"2026-03-31T10:32:49","modified_gmt":"2026-03-31T14:32:49","slug":"lihi-certificate-136-new-home-dam-hydroelectric-project-massachusetts","status":"publish","type":"page","link":"https:\/\/lowimpacthydro.org\/fr\/lihi-certificate-136-new-home-dam-hydroelectric-project-massachusetts\/","title":{"rendered":"Certificat LIHI n\u00b0 136 \u2013 Projet de barrage de New Home, MA"},"content":{"rendered":"<table class=\"alignright\" style=\"width: 351px; border: 2px; cellspacing: 2px; cellpadding: 2px; margin-left: 50px;\">\n<tbody>\n<tr>\n<td style=\"width: 28.2167%;\"><strong>Nom du projet<\/strong><\/td>\n<td style=\"width: 39.4195%;\">Nouvelle maison <span class='tooltipsall tooltip_post_id_5545 classtoolTips158'>Barrage<\/span><\/td>\n<\/tr>\n<tr>\n<td style=\"width: 28.2167%;\"><strong>Num\u00e9ro de certificat LIHI<br \/>\n<\/strong><\/td>\n<td style=\"width: 39.4195%;\">136<\/td>\n<\/tr>\n<tr>\n<td style=\"width: 28.2167%;\"><strong>Dur\u00e9e du certificat LIHI<br \/>\n<\/strong><\/td>\n<td style=\"width: 39.4195%;\">28 avril 2017 \u2013 28 avril 2027<\/td>\n<\/tr>\n<tr>\n<td style=\"width: 28.2167%;\"><strong>Propri\u00e9taire<\/strong><\/td>\n<td style=\"width: 39.4195%;\">Mini-Watt Hydroelectric LLC<\/td>\n<\/tr>\n<tr>\n<td style=\"width: 28.2167%;\"><strong>\u00c9tat<\/strong><\/td>\n<td style=\"width: 39.4195%;\">Massachusetts<\/td>\n<\/tr>\n<tr>\n<td style=\"width: 28.2167%;\"><strong>Emplacement<\/strong><\/td>\n<td style=\"width: 39.4195%;\">Situ\u00e9 au mile 20 de la rivi\u00e8re Millers, au centre de la ville d&#039;Orange, comt\u00e9 de Franklin, Massachusetts.<\/td>\n<\/tr>\n<tr>\n<td style=\"width: 28.2167%;\"><strong>Capacit\u00e9 install\u00e9e<\/strong><\/td>\n<td style=\"width: 39.4195%;\">0,455 MW<\/td>\n<\/tr>\n<tr>\n<td style=\"width: 28.2167%;\"><strong>G\u00e9n\u00e9ration annuelle moyenne<\/strong><\/td>\n<td style=\"width: 39.4195%;\">1 738 MWh<\/td>\n<\/tr>\n<tr>\n<td style=\"width: 28.2167%;\"><strong>Type d&#039;\u00e9tablissement<\/strong><\/td>\n<td style=\"width: 39.4195%;\"><span class='tooltipsall tooltip_post_id_5643 classtoolTips52'>Au fil de l&#039;eau<\/span><\/td>\n<\/tr>\n<tr>\n<td style=\"width: 28.2167%;\"><strong><span class='tooltipsall tooltip_post_id_5565 classtoolTips152'>F\u00e9d\u00e9ration internationale de radio-t\u00e9l\u00e9vision (FERC)<\/span> Non.<\/strong><\/td>\n<td style=\"width: 39.4195%;\">P-6096, exempt\u00e9 1984<\/td>\n<\/tr>\n<\/tbody>\n<\/table>\n<p>Le projet de barrage de New Home est situ\u00e9 sur la rivi\u00e8re Millers, au c\u0153ur de la ville d&#039;Orange, dans le comt\u00e9 de Franklin, au Massachusetts. Le premier <span class='tooltipsall tooltip_post_id_5545 classtoolTips158'>barrage<\/span> Le site a \u00e9t\u00e9 construit en 1790 et abritait un moulin \u00e0 farine et une scierie. La New Home Sewing Machine Company a reconstruit le barrage en 1877 et 1891. Chase Turbine s&#039;est install\u00e9e \u00e0 Orange en 1865 et a occup\u00e9 un petit atelier dans les installations de la New Home Sewing Machine Company. L&#039;\u00c9tat a con\u00e7u et construit le barrage actuel \u00e0 partir de 1939. Le site a \u00e9t\u00e9 r\u00e9am\u00e9nag\u00e9 pour son usage actuel dans les ann\u00e9es 1980. Ce projet est le plus en aval des dix barrages sur la rivi\u00e8re Millers, dont le <a href=\"https:\/\/lowimpacthydro.org\/fr\/lihi-certificate-125-hunts-pond-dam-project-massachusetts\/\">Projet de barrage de Hunts Pond (LIHI #125)<\/a> situ\u00e9 \u00e0 environ 18 miles en amont.<\/p>\n<p>Le projet comprend un barrage de 102,5 pieds de long et de 9 pieds de haut avec deux bascules <span class='tooltipsall tooltip_post_id_5578 classtoolTips153'>portes<\/span> Con\u00e7u en 1939 (r\u00e9nov\u00e9 en 2016). Il comporte deux canaux d&#039;admission et <span class='tooltipsall tooltip_post_id_5624 classtoolTips102'>centrales \u00e9lectriques<\/span>, l&#039;un sur la rive nord du fleuve, qui abrite une seule unit\u00e9 turbine-g\u00e9n\u00e9rateur, et l&#039;autre sur la rive sud, qui en abrite deux. Le projet a une capacit\u00e9 install\u00e9e totale de 0,455 MW.<\/p>\n<p>La rive sud est une berge structur\u00e9e, dot\u00e9e de murs de sout\u00e8nement en b\u00e9ton et d&#039;enrochements pour la protection du littoral. Le syst\u00e8me structur\u00e9 d\u00e9bute sur la face aval de la rive sud. <span class='tooltipsall tooltip_post_id_5624 classtoolTips102'>centrale<\/span> et se poursuit jusqu&#039;\u00e0 la limite ouest de la propri\u00e9t\u00e9. L&#039;enrochement s&#039;\u00e9tend du bord de l&#039;eau vers le sud et se termine \u00e0 la limite de la propri\u00e9t\u00e9. Il est reli\u00e9 aux fondations d&#039;un b\u00e2timent qui avait \u00e9t\u00e9 ras\u00e9 avant la construction du projet. L&#039;agencement g\u00e9n\u00e9ral de ces \u00e9l\u00e9ments est en place depuis la construction du barrage initial dans les ann\u00e9es 1790.<\/p>\n<p>Le projet op\u00e8re dans un <span class='tooltipsall tooltip_post_id_5643 classtoolTips52'>au fil de l&#039;eau<\/span> Le projet pr\u00e9voit un d\u00e9bit minimal de 152 pi3\/s, ou un d\u00e9bit entrant si inf\u00e9rieur, et inclut un d\u00e9bit de 10 pi3\/s vers le tron\u00e7on de d\u00e9rivation. Ce r\u00e9gime d&#039;\u00e9coulement a \u00e9t\u00e9 \u00e9labor\u00e9 par le Service am\u00e9ricain de la p\u00eache et de la faune (USFWS), le D\u00e9partement de la protection de l&#039;environnement du Massachusetts (MDEP) et la Division des p\u00eaches et de la faune du Massachusetts.<\/p>\n<p>Les eaux situ\u00e9es dans la zone du projet sont d\u00e9sign\u00e9es comme ayant une qualit\u00e9 d&#039;eau limit\u00e9e, la cause probable de la d\u00e9gradation \u00e9tant li\u00e9e aux eaux municipales. <span class='tooltipsall tooltip_post_id_5621 classtoolTips64'>source ponctuelle<\/span> D\u00e9versements et s\u00e9diments contamin\u00e9s provenant de sites d&#039;enfouissement et de d\u00e9charges. Le MDEP a confirm\u00e9 que le projet n&#039;est pas \u00e0 l&#039;origine des limitations de la qualit\u00e9 de l&#039;eau et qu&#039;aucun probl\u00e8me n&#039;est associ\u00e9 \u00e0 son exploitation.<\/p>\n<p>En 2008, l&#039;Institut d&#039;\u00e9tudes g\u00e9ologiques des \u00c9tats-Unis (USGS) a install\u00e9 un passage \u00e0 anguilles en amont du projet, exploit\u00e9 par l&#039;Athol Bird and Nature Club. En 2011, l&#039;USGS et l&#039;USFWS ont utilis\u00e9 un pi\u00e8ge \u00e0 anguilles, mais sans succ\u00e8s\u00a0; les installations de passage se sont av\u00e9r\u00e9es inefficaces. Le projet a donc modifi\u00e9 ses op\u00e9rations afin de r\u00e9duire le nombre d&#039;anguilles. <span class='tooltipsall tooltip_post_id_5563 classtoolTips17'>les flux d&#039;attraction fausse<\/span> et ajout\u00e9 un concentr\u00e9 <span class='tooltipsall tooltip_post_id_5522 classtoolTips37'>flux d&#039;attraction<\/span> pour am\u00e9liorer le passage. Deux d\u00e9rivations de 25 pi\u00b3\/s (ouvertures de batardeaux) sont exploit\u00e9es pour fournir un d\u00e9bit en aval <span class='tooltipsall tooltip_post_id_5518 classtoolTips36'>poisson anadrome<\/span> passage.<\/p>\n<p>Le projet s&#039;\u00e9tend sur moins de 2 acres de terrain. Il est situ\u00e9 en zone urbaine et industrielle et ne comporte aucun terrain pr\u00e9sentant une valeur \u00e9cologique significative.<\/p>\n<p>Les esp\u00e8ces menac\u00e9es et en voie de disparition potentiellement pr\u00e9sentes \u00e0 proximit\u00e9 du projet comprennent\u00a0: la chauve-souris nordique \u00e0 longues oreilles et la moule grimpante. L&#039;habitat de la chauve-souris nordique \u00e0 longues oreilles est inexistant \u00e0 proximit\u00e9 du projet en raison de sa situation urbaine. Le bassin de retenue abrite un habitat essentiel pour la moule grimpante, mais le projet ne devrait pas avoir d&#039;impact sur l&#039;esp\u00e8ce en raison de son r\u00e9gime hydrologique. Les futurs rabattements du niveau d&#039;eau du projet n\u00e9cessiteront une communication avec le Programme du patrimoine naturel et des esp\u00e8ces menac\u00e9es de la Division des p\u00eaches et de la faune du Massachusetts afin d&#039;att\u00e9nuer tout impact potentiel.<\/p>\n<p>La Commission historique du Massachusetts a examin\u00e9 le projet afin de d\u00e9terminer s&#039;il avait un impact sur les ressources culturelles ou historiques et a conclu qu&#039;aucun impact ne se produisait.<\/p>\n<p>Les ressources r\u00e9cr\u00e9atives du projet comprennent un acc\u00e8s informel \u00e0 la p\u00eache en aval. L&#039;acc\u00e8s public n&#039;est pas pr\u00e9vu pour des raisons de s\u00e9curit\u00e9 \u00e0 proximit\u00e9 des travaux. Le projet est coordonn\u00e9 avec les barrages en amont qui assurent la lib\u00e9ration du d\u00e9bit pour les activit\u00e9s nautiques et maintiennent une \u00e9l\u00e9vation constante de la surface du r\u00e9servoir pour le hangar \u00e0 bateaux de la ville d&#039;Orange et un pourvoyeur local.<\/p>\n<hr \/>\n<h3>\u00c9tat de conformit\u00e9<\/h3>\n<p><strong>Il n&#039;existe aucune condition sp\u00e9cifique \u00e0 l&#039;\u00e9tablissement dans le certificat actuel<\/strong><\/p>\n<p><strong>2026:<\/strong> Aucun changement important ni probl\u00e8me de conformit\u00e9 n&#039;ont \u00e9t\u00e9 identifi\u00e9s. Le projet reste conforme sur la base de l&#039;examen annuel.<\/p>\n<p><strong>2025:<\/strong> Aucun changement important ni probl\u00e8me de conformit\u00e9 n&#039;ont \u00e9t\u00e9 identifi\u00e9s. Le projet reste conforme sur la base de l&#039;examen annuel.<\/p>\n<p><strong>2024:<\/strong> Aucun changement important ni probl\u00e8me de conformit\u00e9 n&#039;ont \u00e9t\u00e9 identifi\u00e9s. Le projet reste conforme sur la base de l&#039;examen annuel.<\/p>\n<p><strong>2023:<\/strong> Aucun changement important ni probl\u00e8me de conformit\u00e9 n&#039;ont \u00e9t\u00e9 identifi\u00e9s. Le projet reste conforme sur la base de l&#039;examen annuel.<\/p>\n<p><strong>2022:<\/strong> Aucun changement important ni probl\u00e8me de conformit\u00e9 n&#039;a \u00e9t\u00e9 identifi\u00e9. Le projet demeure conforme suite \u00e0 l&#039;examen annuel. Le projet a fait l&#039;objet d&#039;un changement de propri\u00e9taire et d&#039;un transfert de la FERC. <span class='tooltipsall tooltip_post_id_5562 classtoolTips113'>exemption<\/span> en f\u00e9vrier 2022.<\/p>\n<p><strong>2021:<\/strong> Aucun changement ni probl\u00e8me de conformit\u00e9 n&#039;a \u00e9t\u00e9 signal\u00e9. Le projet reste conforme sur la base de l&#039;examen annuel.<\/p>\n<p><strong>2020:<\/strong> Aucun changement ni probl\u00e8me de conformit\u00e9 n&#039;a \u00e9t\u00e9 signal\u00e9. Le projet reste conforme sur la base de l&#039;examen annuel.<\/p>\n<p><strong>2019:<\/strong> Aucun changement ni probl\u00e8me de conformit\u00e9 n&#039;a \u00e9t\u00e9 signal\u00e9. Le projet reste conforme sur la base de l&#039;examen annuel.<\/p>\n<p><strong>2018:<\/strong> Aucun changement ni probl\u00e8me de conformit\u00e9 n&#039;a \u00e9t\u00e9 signal\u00e9. Le projet reste conforme sur la base de l&#039;examen annuel.<\/p>\n<p><strong>2017:<\/strong> Le rapport annuel pour le certificat actuel n\u2019est pas encore entr\u00e9 en vigueur.<\/p>\n<hr \/>\n<h3>Historique des certifications<\/h3>\n<p><strong>1er janvier 2022 :<\/strong> La dur\u00e9e du certificat LIHI a \u00e9t\u00e9 prolong\u00e9e conform\u00e9ment \u00e0 la r\u00e9vision 2.05 du manuel de certification LIHI 2e \u00e9dition publi\u00e9 le 1er janvier 2022. Reportez-vous au tableau des \u00e9tablissements ci-dessus pour conna\u00eetre la nouvelle dur\u00e9e.<\/p>\n<p><strong>22 septembre 2017 :<\/strong>\u00a0Le 18 ao\u00fbt 2017, la d\u00e9cision de certification \u00e0 faible impact du barrage de New Home est devenue d\u00e9finitive. Le barrage de New Home est d\u00e9sormais certifi\u00e9 LIHI #136.<\/p>\n<p><strong>17 juillet 2017 :<\/strong>\u00a0Le 17 juillet 2017, le Low Impact Hydropower Institute (LIHI) a approuv\u00e9 provisoirement la certification \u00e0 faible impact pour le projet de barrage de New Home. Le rapport de l&#039;\u00e9valuateur est joint en bas de cette page. Cette d\u00e9cision est provisoire, dans l&#039;attente d&#039;un d\u00e9lai d&#039;appel de 30 jours. Seuls les participants ayant formul\u00e9 des commentaires lors de la p\u00e9riode initiale de 60 jours sont autoris\u00e9s \u00e0 d\u00e9poser un recours. Ce recours doit inclure une explication expliquant en quoi le projet ne r\u00e9pond pas aux crit\u00e8res du LIHI. Les demandes de recours peuvent \u00eatre adress\u00e9es \u00e0\u00a0<a href=\"mailto:comments@lowimpacthydro.org\" target=\"_blank\" rel=\"noopener noreferrer\" data-cke-saved-href=\"mailto:dhall@lowimpacthydro.org?subject=Raquette%20Project%20Comments\">comments@lowimpacthydro.org<\/a>Les demandes doivent \u00eatre re\u00e7ues avant 17 h 00 HNE le 17 ao\u00fbt 2017.<\/p>\n<p style=\"text-align: justify;\"><strong>5 mai 2017 :<\/strong>\u00a0Le 28 avril 2017, le Low Impact Hydropower Institute (LIHI) a re\u00e7u une demande compl\u00e8te de Mini-Watt Hydroelectric LLC pour la certification \u00e0 faible impact du projet de barrage de New Home, FERC n\u00b0 P-6096, situ\u00e9 sur la rivi\u00e8re Millers au centre et dans la zone principalement commerciale de la ville d&#039;Orange, comt\u00e9 de Franklin, Massachusetts, \u00e0 environ 13,5 miles en amont de la confluence des rivi\u00e8res Millers et Connecticut.<\/p>\n<hr \/>\n<h3>Dossiers de certification<\/h3>\n<h4>Certification 2017<\/h4>\n<ul style=\"color: black;\">\n<li><a href=\"https:\/\/lowimpacthydro.org\/wp-content\/uploads\/2020\/07\/1-NewHome-certification-report-final.docx\">Rapport d&#039;examen de la certification des barrages de New Home 2017<\/a><\/li>\n<li><a href=\"https:\/\/lowimpacthydro.org\/wp-content\/uploads\/2020\/07\/New-Home-Dam-Consolidated-Application-Final-Submittal-2017-04-28.pdf\">Demande de certification de barrage pour une nouvelle maison 2017<\/a><\/li>\n<li><a href=\"https:\/\/lowimpacthydro.org\/wp-content\/uploads\/2020\/07\/MADFW_NewHomeDam_LIHI.pdf\">Lettre de commentaires du MADFW \u2013 Demande de certification de barrage pour une nouvelle maison<\/a><\/li>\n<\/ul>\n<hr \/>\n<h3>Documents cl\u00e9s<\/h3>\n<ul>\n<li><a href=\"https:\/\/lowimpacthydro.org\/wp-content\/uploads\/2020\/12\/2009-New-Home-Dam-FERC-Amendment.pdf\">Modification de la licence FERC du barrage de New Home (2009)<\/a><\/li>\n<li><a href=\"https:\/\/lowimpacthydro.org\/wp-content\/uploads\/2020\/12\/1984-New-Home-Dam-FERC-Exemption.pdf\">Barrage de New Home FERC <span class='tooltipsall tooltip_post_id_5562 classtoolTips113'>Exemption<\/span> 1984<\/a><\/li>\n<li><a href=\"https:\/\/lowimpacthydro.org\/wp-content\/uploads\/2020\/12\/1983-New-Home-Dam-WQC.pdf\">Certificat de qualit\u00e9 de l&#039;eau du barrage de New Home 1983<\/a><\/li>\n<\/ul>","protected":false},"excerpt":{"rendered":"<p>Project Name New Home Dam LIHI Certificate No. 136 LIHI Certificate Term April 28, 2017 &#8211; April 28, 2027 Owner Mini-Watt Hydroelectric LLC State Massachusetts Location<span class=\"excerpt-hellip\"> [\u2026]<\/span><\/p>\n","protected":false},"author":3,"featured_media":-1,"parent":0,"menu_order":0,"comment_status":"closed","ping_status":"closed","template":"","meta":{"_coblocks_attr":"","_coblocks_dimensions":"","_coblocks_responsive_height":"","_coblocks_accordion_ie_support":"","om_disable_all_campaigns":false,"_monsterinsights_skip_tracking":false,"_monsterinsights_sitenote_active":false,"_monsterinsights_sitenote_note":"","_monsterinsights_sitenote_category":0,"footnotes":""},"class_list":["post-801","page","type-page","status-publish","has-post-thumbnail","hentry"],"aioseo_notices":[],"_links":{"self":[{"href":"https:\/\/lowimpacthydro.org\/fr\/wp-json\/wp\/v2\/pages\/801","targetHints":{"allow":["GET"]}}],"collection":[{"href":"https:\/\/lowimpacthydro.org\/fr\/wp-json\/wp\/v2\/pages"}],"about":[{"href":"https:\/\/lowimpacthydro.org\/fr\/wp-json\/wp\/v2\/types\/page"}],"author":[{"embeddable":true,"href":"https:\/\/lowimpacthydro.org\/fr\/wp-json\/wp\/v2\/users\/3"}],"replies":[{"embeddable":true,"href":"https:\/\/lowimpacthydro.org\/fr\/wp-json\/wp\/v2\/comments?post=801"}],"version-history":[{"count":11,"href":"https:\/\/lowimpacthydro.org\/fr\/wp-json\/wp\/v2\/pages\/801\/revisions"}],"predecessor-version":[{"id":10461,"href":"https:\/\/lowimpacthydro.org\/fr\/wp-json\/wp\/v2\/pages\/801\/revisions\/10461"}],"wp:featuredmedia":[{"embeddable":true,"href":"https:\/\/lowimpacthydro.org\/fr\/wp-json\/"}],"wp:attachment":[{"href":"https:\/\/lowimpacthydro.org\/fr\/wp-json\/wp\/v2\/media?parent=801"}],"curies":[{"name":"wp","href":"https:\/\/api.w.org\/{rel}","templated":true}]}}