{"id":774,"date":"2020-07-17T14:26:53","date_gmt":"2020-07-17T18:26:53","guid":{"rendered":"https:\/\/lowimpacthydro.org\/new\/?page_id=774"},"modified":"2025-10-02T11:41:07","modified_gmt":"2025-10-02T15:41:07","slug":"lihi-certificate-139-gambo-hydroelectric-project-maine","status":"publish","type":"page","link":"https:\/\/lowimpacthydro.org\/fr\/lihi-certificate-139-gambo-hydroelectric-project-maine\/","title":{"rendered":"Certificat LIHI n\u00b0 139 \u2013 Projet hydro\u00e9lectrique Gambo \u2013 Rivi\u00e8re Presumpscot, Maine"},"content":{"rendered":"<table class=\"alignright\" style=\"width: 351px; border: 2px; cellspacing: 2px; cellpadding: 2px; margin-left: 50px;\">\n<tbody>\n<tr>\n<td width=\"238\"><strong>Nom du projet<\/strong><\/td>\n<td width=\"282\">Gambo<\/td>\n<\/tr>\n<tr>\n<td width=\"238\"><strong>Num\u00e9ro de certificat LIHI<\/strong><\/td>\n<td width=\"282\">139<\/td>\n<\/tr>\n<tr>\n<td width=\"238\"><strong>Dur\u00e9e du certificat LIHI<\/strong><\/td>\n<td width=\"282\">5 septembre 2017 \u2013 4 septembre 2027<\/td>\n<\/tr>\n<tr>\n<td width=\"238\"><strong>Propri\u00e9taire<\/strong><\/td>\n<td width=\"282\">Presumpscot Hydro LLC, une filiale de Relevate Power LLC<\/td>\n<\/tr>\n<tr>\n<td width=\"238\"><strong>\u00c9tat<\/strong><\/td>\n<td width=\"282\">Maine<\/td>\n<\/tr>\n<tr>\n<td width=\"238\"><strong>Emplacement<\/strong><\/td>\n<td width=\"282\">Windham et Gorham, comt\u00e9s de Cumberland<br \/>\nMille fluvial 18,6<br \/>\n<span style=\"font-family: inherit; font-size: inherit;\">Rivi\u00e8re Presumpscot<\/span><\/td>\n<\/tr>\n<tr>\n<td width=\"238\"><strong>Capacit\u00e9 install\u00e9e<\/strong><\/td>\n<td width=\"282\">1,9 MW<\/td>\n<\/tr>\n<tr>\n<td width=\"238\"><strong>G\u00e9n\u00e9ration annuelle moyenne<\/strong><\/td>\n<td width=\"282\">7 000 MWH<\/td>\n<\/tr>\n<tr>\n<td width=\"238\"><strong>Type d&#039;\u00e9tablissement<\/strong><\/td>\n<td width=\"282\"><span class='tooltipsall tooltip_post_id_5643 classtoolTips52'>au fil de l&#039;eau<\/span><\/td>\n<\/tr>\n<tr>\n<td width=\"238\"><strong><span class='tooltipsall tooltip_post_id_5565 classtoolTips152'>F\u00e9d\u00e9ration internationale de radio-t\u00e9l\u00e9vision (FERC)<\/span> Non.<\/strong><\/td>\n<td width=\"282\">P-2931 d\u00e9livr\u00e9 en 2003, expire le 30\/09\/2053<\/td>\n<\/tr>\n<\/tbody>\n<\/table>\n<p>Le projet Gambo est situ\u00e9 sur la rivi\u00e8re Presumpscot, dans le comt\u00e9 de Cumberland, dans le Maine. Depuis sa construction (vers 1850), il a \u00e9t\u00e9 utilis\u00e9 presque sans interruption pour la production hydro\u00e9lectrique. Le site, initialement am\u00e9nag\u00e9 comme scierie au XVIIIe si\u00e8cle par Jonathan Lovett, a ensuite int\u00e9gr\u00e9 l&#039;usine de poudre \u00e0 canon Oriental jusqu&#039;en 1904 environ. <span class='tooltipsall tooltip_post_id_5545 classtoolTips158'>barrage<\/span> Le site a \u00e9t\u00e9 construit en 1912 par la soci\u00e9t\u00e9 EI duPont de Nemours, qui l&#039;utilisa pour la production de farine de bois destin\u00e9e \u00e0 la dynamite jusqu&#039;en 1950. Entre 1950 et 1960, le site appartenait \u00e0 la ville de Windham, \u00e0 la Small Business Administration des \u00c9tats-Unis et \u00e0 la Commercial Chemical Corp, mais son utilisation n&#039;\u00e9tait pas connue. En 1960, M. Lawrence Keddy commen\u00e7a \u00e0 utiliser le site pour alimenter en \u00e9lectricit\u00e9 son aci\u00e9rie de Little Falls. Il vendit \u00e9galement une partie de l&#039;\u00e9lectricit\u00e9 \u00e0 la Central Maine Power Company. SD Warren (rebaptis\u00e9e plus tard Sappi North America, Inc.) racheta le projet Gambo \u00e0 la Commercial Chemical Corporation le 18 octobre 1974, puis la propri\u00e9t\u00e9 John Phinney, du c\u00f4t\u00e9 de Gorham, en 1978. Le projet fut ensuite revendu. Sur la rivi\u00e8re Presumpscot, on compte six centrales hydro\u00e9lectriques entre le lac Sebago et l&#039;oc\u00e9an Atlantique \u00e0 Portland, dans le Maine. Le projet Gambo est le quatri\u00e8me projet hydro\u00e9lectrique en aval de l&#039;exutoire du lac Sebago. Les projets en amont comprennent Eel Weir, <a href=\"https:\/\/lowimpacthydro.org\/fr\/lihi-certificate-129-north-gorham-project-maine\/\">Gorham Nord (LIHI #129)<\/a>et Dundee. Les projets en aval comprennent <a href=\"https:\/\/lowimpacthydro.org\/fr\/lihi-certificate-140-little-falls-hydroelectric-project-maine\/\">Petites Chutes (LIHI #140)<\/a> et <a href=\"https:\/\/lowimpacthydro.org\/fr\/lihi-certificate-141-mallison-falls-hydroelectric-project-maine\/\">Chutes de Mallison (#141)<\/a>.<\/p>\n<p>Le projet comprend le barrage, <span class='tooltipsall tooltip_post_id_5651 classtoolTips116'>d\u00e9versoir<\/span>, <span class='tooltipsall tooltip_post_id_5537 classtoolTips143'>canal<\/span> admission, <span class='tooltipsall tooltip_post_id_5624 classtoolTips102'>centrale<\/span>, deux turbines, un bief de d\u00e9rivation et des installations de passage en amont. Le barrage est un ouvrage en b\u00e9ton arm\u00e9 de 91 m\u00e8tres de long et de 7,3 m\u00e8tres de haut, compos\u00e9 d&#039;une section de d\u00e9bordement de 76 m\u00e8tres de long. Des poutres en bois de 30 cm de haut <span class='tooltipsall tooltip_post_id_5569 classtoolTips79'>tableaux d&#039;affichage<\/span> Des travaux sont en cours sur la section du d\u00e9versoir du barrage. L&#039;ouvrage d&#039;amen\u00e9e du canal, long de 15 m\u00e8tres, m\u00e8ne \u00e0 une vanne et \u00e0 un canal d&#039;amen\u00e9e b\u00e9tonn\u00e9 de 223 m\u00e8tres de long et 4,5 m\u00e8tres de profondeur. La centrale est une structure en b\u00e9ton et en briques comprenant deux colonnes verticales. <span class='tooltipsall tooltip_post_id_5576 classtoolTips39'>Turbines Francis<\/span> Le projet est directement reli\u00e9 \u00e0 des g\u00e9n\u00e9rateurs d&#039;une puissance install\u00e9e totale de 1,9 MW. La d\u00e9rivation du projet, longue de 91 m\u00e8tres, est \u00e0 \u00e9coulement libre entre le barrage et les eaux aval de la centrale. Une ligne de transport de 13 kilom\u00e8tres de long, de 11 kV, relie le projet au r\u00e9seau \u00e9lectrique.<\/p>\n<p>Le projet fonctionne au fil de l&#039;eau et s&#039;\u00e9tend sur un r\u00e9servoir de 151 acres. Il assure un d\u00e9bit minimal de 66 pi3\/s. Un d\u00e9bit de 100 pi3\/s est requis lorsque la temp\u00e9rature de l&#039;eau d\u00e9passe 22 \u00b0C avant 8 h au r\u00e9servoir de Gambo afin de respecter et de maintenir les crit\u00e8res de classe B en mati\u00e8re d&#039;oxyg\u00e8ne dissous. <span class='tooltipsall tooltip_post_id_5588 classtoolTips83'>Mise en fourri\u00e8re<\/span> Les fluctuations sont limit\u00e9es \u00e0 30 cm de la cr\u00eate du barrage et sont surveill\u00e9es par des capteurs de pression. Le r\u00e9gime d&#039;\u00e9coulement a \u00e9t\u00e9 \u00e9labor\u00e9 conform\u00e9ment aux normes du D\u00e9partement de la protection de l&#039;environnement du Maine (MEDEP) et du D\u00e9partement des ressources marines du Maine (MDMR) relatives \u00e0 la protection des p\u00eacheries et \u00e0 la qualit\u00e9 des habitats fluviaux.<\/p>\n<p>Les eaux situ\u00e9es dans le p\u00e9rim\u00e8tre du projet sont class\u00e9es classe B et ont historiquement \u00e9t\u00e9 d\u00e9grad\u00e9es par de faibles niveaux d&#039;oxyg\u00e8ne dissous. La surveillance men\u00e9e par le MEDEP a confirm\u00e9 que l&#039;augmentation des d\u00e9bits minimaux permise par le projet a permis d&#039;atteindre pleinement la norme d&#039;oxyg\u00e8ne dissous.<\/p>\n<p>Les barrages en aval emp\u00eachent <span class='tooltipsall tooltip_post_id_5518 classtoolTips36'>poisson anadrome<\/span> passage au niveau du projet. Avec la modification de la licence de la FERC de 2019 int\u00e9grant une certification de la qualit\u00e9 de l&#039;eau modifi\u00e9e et des conditions r\u00e9vis\u00e9es de l&#039;USFWS, les poissons anadromes <span class='tooltipsall tooltip_post_id_5566 classtoolTips59'>passage des poissons<\/span> n&#039;est plus n\u00e9cessaire pendant la dur\u00e9e actuelle du permis de la FERC. Des installations de passage des anguilles ont \u00e9t\u00e9 install\u00e9es en 2007 et modernis\u00e9es afin d&#039;am\u00e9liorer l&#039;acc\u00e8s des anguilles d&#039;Am\u00e9rique. Du 1er septembre au 31 octobre, le projet est interrompu pendant 8 heures \u00e0 compter du coucher du soleil. Cela facilite la d\u00e9valaison de l&#039;anguille d&#039;Am\u00e9rique. Les interruptions sont coordonn\u00e9es avec le MDMR et le US Fish and Wildlife Service afin de d\u00e9terminer le moment le plus opportun. Les d\u00e9bits passent par le d\u00e9versoir et assurent une migration en toute s\u00e9curit\u00e9 vers le tron\u00e7on de d\u00e9rivation.<\/p>\n<p>Le terrain du projet s&#039;\u00e9tend sur 25 acres, sans compter le bassin de retenue. Un plan de gestion du littoral a \u00e9t\u00e9 \u00e9labor\u00e9 afin de maintenir une zone tampon pour la protection des esp\u00e8ces v\u00e9g\u00e9tales sensibles, des ressources esth\u00e9tiques et des acc\u00e8s r\u00e9cr\u00e9atifs. Ce plan a \u00e9t\u00e9 \u00e9labor\u00e9 en concertation avec le Service des parcs nationaux, le Bureau de planification de l&#039;\u00c9tat du Maine, le MDIFW et le projet d&#039;estuaire de la baie de Casco. La zone tampon s&#039;applique \u00e0 tous les terrains du projet situ\u00e9s \u00e0 moins de 200 pieds du niveau normal des hautes eaux.<\/p>\n<p>Les esp\u00e8ces menac\u00e9es et en voie de disparition potentiellement pr\u00e9sentes \u00e0 proximit\u00e9 du projet comprennent : la chauve-souris nordique, la chauve-souris pygm\u00e9e, la petite chauve-souris brune, l&#039;alasmidonte renfl\u00e9e, le petit blongios, le b\u00e9casseau des champs, la tortue-bo\u00eete de l&#039;Est et la tortue ponctu\u00e9e. Les activit\u00e9s susceptibles d&#039;affecter les esp\u00e8ces r\u00e9pertori\u00e9es comprennent : l&#039;\u00e9limination de grands arbres qui peuvent fournir un habitat de repos aux chauves-souris ; l&#039;exposition\/l&#039;ass\u00e8chement de la moule de l&#039;alasmidonte renfl\u00e9e pendant les abaissements importants et prolong\u00e9s des retenues d&#039;eau, la perte ou la fragmentation de l&#039;habitat en raison du d\u00e9veloppement du petit blongios, du b\u00e9casseau des champs et de la tortue ponctu\u00e9e, la capture directe de tortues-bo\u00eetes pour en faire des animaux de compagnie. Le propri\u00e9taire du projet a indiqu\u00e9 qu&#039;aucune de ces activit\u00e9s n&#039;est pr\u00e9vue dans le cadre du projet.<\/p>\n<p>Les ressources culturelles \u00e0 proximit\u00e9 du projet comprennent les parcs nationaux de Cumberland et d&#039;Oxford. <span class='tooltipsall tooltip_post_id_5537 classtoolTips143'>Canal<\/span>, le complexe de la poudrerie orientale et le pont \u00e0 poutres Gambo Pony. Le ma\u00eetre d&#039;ouvrage soumet des rapports annuels au Bureau de pr\u00e9servation historique de l&#039;\u00c9tat et \u00e0 la Nation indienne Penobscot d\u00e9taillant les activit\u00e9s men\u00e9es dans le cadre de son plan de gestion des propri\u00e9t\u00e9s historiques.<\/p>\n<p>Les ressources r\u00e9cr\u00e9atives du projet comprennent un sentier de portage en canot, un point d&#039;acc\u00e8s pour les p\u00eacheurs \u00e0 pied et une rampe de mise \u00e0 l&#039;eau sur le toit d&#039;une voiture.<\/p>\n<hr \/>\n<h3>\u00c9tat de conformit\u00e9<\/h3>\n<p><strong>Le certificat comprend les conditions sp\u00e9cifiques \u00e0 l&#039;\u00e9tablissement suivantes :<\/strong><\/p>\n<p><strong><em>\u00c9tat partiellement satisfait en 2022 avec l&#039;ach\u00e8vement des modifications<\/em>. Condition 1 : <\/strong>Le propri\u00e9taire devra informer le LIHI de l&#039;ach\u00e8vement des modifications apport\u00e9es au projet visant \u00e0 am\u00e9liorer le passage des anguilles en amont et lui soumettre des copies des commentaires du MDMR et de l&#039;USFWS concernant la suffisance de ces modifications et\/ou la n\u00e9cessit\u00e9 de tests d&#039;efficacit\u00e9 suppl\u00e9mentaires pour confirmer la s\u00e9curit\u00e9 du passage des anguilles en amont du projet. Si des tests suppl\u00e9mentaires sont n\u00e9cessaires, le calendrier et les r\u00e9sultats finaux, ainsi que les commentaires de l&#039;agence sur le rapport, les recommandations de l&#039;agence concernant les modifications, ainsi que les plans et le calendrier des modifications n\u00e9cessaires, devront \u00e9galement \u00eatre fournis au LIHI.<\/p>\n<p><strong>Condition 2. <\/strong> Le propri\u00e9taire doit informer le LIHI des activit\u00e9s suivantes dans la d\u00e9claration annuelle de conformit\u00e9 du LIHI\u00a0:<\/p>\n<p style=\"padding-left: 40px;\"><strong>un)<\/strong> Le statut de la condition 1 ci-dessus.<\/p>\n<p style=\"padding-left: 40px;\"><strong>b)<\/strong> <em><strong>Satisfait en 2019 de l&#039;amendement de la FERC.<\/strong><\/em> \u00c9tat d&#039;avancement des activit\u00e9s de passage des poissons anadromes en amont et en aval dans le cadre du projet et du projet Saccarappa. Les mises \u00e0 jour doivent inclure un r\u00e9sum\u00e9 des consultations et des recommandations des organismes et des parties prenantes, toute modification des plans de passage des poissons par rapport \u00e0 ceux d\u00e9crits dans la demande du LIHI, ainsi que toute modification des exigences de passage ou du calendrier de mise en \u0153uvre des deux projets. Le LIHI se r\u00e9serve le droit de suspendre sa certification si les organismes ne d\u00e9terminent pas que le passage est s\u00e9curis\u00e9 dans le cadre du projet et que ces exigences n&#039;ont pas \u00e9t\u00e9 lev\u00e9es.<\/p>\n<p style=\"padding-left: 40px;\"><strong>c)<\/strong> Un r\u00e9sum\u00e9 de toute consultation avec le MIF&amp;W et\/ou l&#039;USFWS concernant les esp\u00e8ces r\u00e9pertori\u00e9es par l&#039;\u00c9tat ou le gouvernement f\u00e9d\u00e9ral identifi\u00e9es comme pouvant \u00eatre pr\u00e9sentes sur le site et susceptibles d&#039;\u00eatre affect\u00e9es par des activit\u00e9s de construction ou des op\u00e9rations ou activit\u00e9s de maintenance non routini\u00e8res. Cela comprendrait \u00e9galement les rabattements de retenue qui exposeraient une partie importante du fond de la rivi\u00e8re, entre autres activit\u00e9s non routini\u00e8res. Un r\u00e9sum\u00e9 des activit\u00e9s de d\u00e9clenchement pertinentes et des mesures mises en \u0153uvre au cours de l&#039;ann\u00e9e pour prot\u00e9ger ces esp\u00e8ces doit \u00e9galement \u00eatre fourni.<\/p>\n<p><strong>2025: <\/strong>Aucun changement important ni probl\u00e8me de conformit\u00e9 n&#039;a \u00e9t\u00e9 constat\u00e9. Le projet demeure conforme \u00e0 l&#039;examen annuel. Pour les conditions 1 et 2a, le projet a soumis les rapports requis et un plan d&#039;\u00e9tude du passage des anguilles en aval pour 2025. Pour la condition 2c, le projet a indiqu\u00e9 que le r\u00e9acheminement de la ligne de transport avait commenc\u00e9. Des relev\u00e9s ont \u00e9t\u00e9 effectu\u00e9s avant la construction afin de s&#039;assurer de l&#039;absence de chauves-souris nordiques \u00e0 longues oreilles et de myriophylles verticill\u00e9es.<\/p>\n<p><strong>2024: <\/strong>Aucun changement important ni probl\u00e8me de conformit\u00e9 n&#039;a \u00e9t\u00e9 constat\u00e9. Le projet demeure conforme suite \u00e0 l&#039;examen annuel. Pour les conditions 1, 2a et 2b, le projet a soumis \u00e0 la FERC le rapport 2023 sur le passage des anguilles en amont, accompagn\u00e9 des commentaires et r\u00e9ponses des organismes. Pour la condition 2c, le projet n&#039;a signal\u00e9 aucune activit\u00e9.<\/p>\n<p><strong>2023: <\/strong>Aucun changement important ni probl\u00e8me de conformit\u00e9 n&#039;a \u00e9t\u00e9 constat\u00e9. Le projet demeure conforme suite \u00e0 l&#039;examen annuel. Pour les conditions 1, 2a et 2b, le projet a d\u00e9clar\u00e9 avoir achev\u00e9 les tests d&#039;efficacit\u00e9 du passage des anguilles en 2023. Pour la condition 2c, aucune activit\u00e9 n&#039;a \u00e9t\u00e9 signal\u00e9e.<\/p>\n<p><strong>2022: <\/strong>Aucun changement important ni probl\u00e8me de conformit\u00e9 n&#039;a \u00e9t\u00e9 constat\u00e9. Le projet demeure conforme suite \u00e0 l&#039;examen annuel. Concernant les conditions 1, 2a et 2b, le projet a indiqu\u00e9 que les modifications du passage des anguilles avaient \u00e9t\u00e9 achev\u00e9es et que la consultation de l&#039;agence concernant des tests suppl\u00e9mentaires serait achev\u00e9e en 2022. Concernant la condition 2c, le projet n&#039;a signal\u00e9 aucune activit\u00e9.<\/p>\n<p><strong>2021:<\/strong> Aucun changement ni probl\u00e8me de conformit\u00e9 n&#039;a \u00e9t\u00e9 signal\u00e9. Le projet demeure conforme suite \u00e0 l&#039;examen annuel. Concernant les conditions 1, 2a et 2b, le projet a indiqu\u00e9 que des modifications du passage des anguilles en amont \u00e9taient en cours et que l&#039;Agence avait approuv\u00e9 la r\u00e9alisation de tests d&#039;efficacit\u00e9 en 2023. Concernant la condition 2c, le projet n&#039;a signal\u00e9 aucune activit\u00e9.<\/p>\n<p><strong>2020:<\/strong> Aucun changement ni probl\u00e8me de conformit\u00e9 n&#039;a \u00e9t\u00e9 signal\u00e9. Le projet demeure conforme suite \u00e0 l&#039;examen annuel. Concernant les conditions 1, 2a et 2b, le projet n&#039;a signal\u00e9 aucun changement de statut, pr\u00e9voyant l&#039;ach\u00e8vement des modifications en 2021. Concernant la condition 2c, aucune activit\u00e9 n&#039;a \u00e9t\u00e9 signal\u00e9e.<\/p>\n<p><strong>2019:<\/strong> Aucun changement ni probl\u00e8me de conformit\u00e9 n&#039;a \u00e9t\u00e9 signal\u00e9. Le projet demeure conforme suite \u00e0 l&#039;examen annuel. Concernant les conditions 1 et 2a, le projet n&#039;a signal\u00e9 aucun changement de statut d\u00fb aux d\u00e9bits \u00e9lev\u00e9s. Concernant la condition 2b, le projet a indiqu\u00e9 que la d\u00e9molition du barrage de Saccarappa avait commenc\u00e9 et que, conform\u00e9ment \u00e0 la modification du permis de la FERC int\u00e9grant une certification de la qualit\u00e9 de l&#039;eau modifi\u00e9e et les conditions r\u00e9vis\u00e9es de l&#039;USFWS, le passage des poissons anadromes n&#039;est plus requis pendant la dur\u00e9e du permis de la FERC. Concernant la condition 2c, le projet n&#039;a signal\u00e9 aucune activit\u00e9.<\/p>\n<p><strong>2018:<\/strong> Aucun changement ni probl\u00e8me de conformit\u00e9 n&#039;a \u00e9t\u00e9 signal\u00e9. Le projet demeure conforme suite \u00e0 l&#039;examen annuel. Concernant les conditions 1 et 2a, le projet n&#039;a signal\u00e9 aucun changement de statut. Concernant la condition 2b, le projet a d\u00e9clar\u00e9 avoir d\u00e9pos\u00e9 aupr\u00e8s de la FERC la demande de renonciation au permis du projet Saccarapa. Concernant la condition 2c, le projet n&#039;a signal\u00e9 aucun changement de statut.<\/p>\n<hr \/>\n<h3>Historique des certifications<\/h3>\n<p><strong>1er janvier 2022 :<\/strong> La dur\u00e9e du certificat LIHI a \u00e9t\u00e9 prolong\u00e9e conform\u00e9ment \u00e0 la r\u00e9vision 2.05 du manuel de certification LIHI 2e \u00e9dition publi\u00e9 le 1er janvier 2022. Reportez-vous au tableau des \u00e9tablissements ci-dessus pour conna\u00eetre la nouvelle dur\u00e9e.<\/p>\n<p><strong>5 mars 2018<\/strong> \u2013 Le d\u00e9lai d&#039;appel de 30 jours pour la d\u00e9cision de certification pr\u00e9liminaire du projet hydro\u00e9lectrique de Gambo a expir\u00e9 le 1er mars 2018, sans qu&#039;aucun appel n&#039;ait \u00e9t\u00e9 re\u00e7u. La d\u00e9cision est donc d\u00e9finitive et Dundee porte le certificat LIHI n\u00b0 #138. La validit\u00e9 du certificat s&#039;\u00e9tendra du 5 septembre 2017 au 4 septembre 2022.<\/p>\n<p><strong>30 janvier 2018<\/strong> \u2013 Le 24 janvier 2018, le Low Impact Hydropower Institute (LIHI) a approuv\u00e9 provisoirement la certification \u00e0 faible impact pour le projet Gambo. Cette d\u00e9cision est provisoire, dans l&#039;attente d&#039;un d\u00e9lai d&#039;appel de 30 jours. Seuls les participants ayant formul\u00e9 des commentaires lors de la p\u00e9riode initiale de 60 jours sont autoris\u00e9s \u00e0 d\u00e9poser un recours. Ce recours doit inclure une explication expliquant en quoi le projet ne r\u00e9pond pas aux crit\u00e8res du LIHI. Les demandes de recours peuvent \u00eatre adress\u00e9es \u00e0\u00a0<a href=\"mailto:comments@lowimpacthydro.org\">comments@lowimpacthydro.org<\/a>.\u00a0<strong>Les demandes doivent \u00eatre re\u00e7ues avant 17 h 00, heure de l\u2019Est, le 1er mars 2018.<\/strong><\/p>\n<p><strong>7 septembre 2017 \u2013<\/strong>\u00a0Le 7 septembre 2017, le Low Impact Hydropower Institute (LIHI) a re\u00e7u une demande compl\u00e8te de SD Warren Company d\/b\/a Sappi North America pour la certification \u00e0 faible impact du projet hydro\u00e9lectrique Gambo, FERC n\u00b0 P-2931, situ\u00e9 sur la rivi\u00e8re Presumpscot dans le Maine.<\/p>\n<p>Le LIHI sollicite des commentaires sur la demande de certification de Gambo. Les commentaires directement li\u00e9s \u00e0 des crit\u00e8res sp\u00e9cifiques du LIHI (d\u00e9bits, qualit\u00e9 de l&#039;eau, passage des poissons, etc.) seront les plus utiles, mais tous les commentaires seront pris en compte. Vous pouvez adresser vos commentaires \u00e0 l&#039;Institut par courriel \u00e0 l&#039;adresse suivante\u00a0:\u00a0<a href=\"mailto:comments@lowimpacthydro.org\">comments@lowimpacthydro.org<\/a>\u00a0avec \u00ab\u00a0Commentaires sur le projet Gambo\u00a0\u00bb dans la ligne d&#039;objet, ou par courrier adress\u00e9 au Low Impact Hydropower Institute, 329 Massachusetts Avenue, Suite 2, Lexington, MA 02420.\u00a0\u00a0<strong>Les commentaires doivent \u00eatre re\u00e7us \u00e0 l&#039;Institut au plus tard \u00e0 17 heures, heure de l&#039;Est, le 7 novembre 2017.<\/strong>\u00a0\u00e0 prendre en consid\u00e9ration. Tous les commentaires seront publi\u00e9s sur le site Web et le candidat aura la possibilit\u00e9 d&#039;y r\u00e9pondre. Toute r\u00e9ponse sera \u00e9galement publi\u00e9e.<\/p>\n<hr \/>\n<h3>Dossiers de certification<\/h3>\n<h4>Certification 2017<\/h4>\n<ul style=\"color: black;\">\n<li><a href=\"https:\/\/lowimpacthydro.org\/wp-content\/uploads\/2025\/03\/1-Gambo-certification-report-with-Appendices.pdf\">Rapport d&#039;examen de la certification Gambo 2017<\/a><\/li>\n<li><a href=\"https:\/\/lowimpacthydro.org\/wp-content\/uploads\/2020\/07\/20170901-P-2931_Gambo-LIHI-Application_Filing-Copy.pdf\">Demande de certification Gambo 2017<\/a><\/li>\n<li><a href=\"https:\/\/lowimpacthydro.org\/wp-content\/uploads\/2020\/07\/CLF-FOPR-Comments-to-LIHI-10-31-17_SAPPI-PROJECTS-MAINE.pdf\">Lettre de commentaires de la Conservation Law Foundation\/Friends of the Presumpscot River \u2013 Projets Sappi Maine 2017<\/a><\/li>\n<li><a href=\"https:\/\/lowimpacthydro.org\/wp-content\/uploads\/2020\/07\/20171117_Sappi-response-CLF-Comments_Sappi-LIHI-application.pdf\">R\u00e9ponse de Sappi \u00e0 la lettre de commentaires de la Conservation Law Foundation\/Friends of the Presumpscot River<\/a><\/li>\n<\/ul>\n<hr \/>\n<h3>Documents cl\u00e9s<\/h3>\n<ul>\n<li><a href=\"https:\/\/lowimpacthydro.org\/wp-content\/uploads\/2023\/09\/2019-FERC-amendment-Dundee-Gambo-Little-Falls-Mallison-Falls.pdf\">Modification de la licence FERC pour les projets Presumpscot 2019<\/a><\/li>\n<li><a href=\"https:\/\/lowimpacthydro.org\/wp-content\/uploads\/2020\/12\/2017-Presumpscot-Projects-FERC-Amendment-and-Amended-WQC.pdf\">Projets Presumpscot Modification de la licence FERC et certificat de qualit\u00e9 de l&#039;eau modifi\u00e9 2017<\/a><\/li>\n<li><a href=\"https:\/\/lowimpacthydro.org\/wp-content\/uploads\/2020\/12\/2016-Presumpscot-Projects-FERC-Amendment-and-Amended-WQC.pdf\">Projets Presumpscot Modification de la licence FERC et certificat de qualit\u00e9 de l&#039;eau modifi\u00e9 2016<\/a><\/li>\n<li><a href=\"https:\/\/lowimpacthydro.org\/wp-content\/uploads\/2020\/12\/2016-Settlement-Agreement-on-multiple-projects-fishways.pdf\">Accord de r\u00e8glement des projets de Presumpscot 2016<\/a><\/li>\n<li><a href=\"https:\/\/lowimpacthydro.org\/wp-content\/uploads\/2020\/12\/2003-Gambo-FERC-License-and-WQC.pdf\">Licence FERC et certificat de qualit\u00e9 de l&#039;eau de Gambo 2003<\/a><\/li>\n<li><a href=\"https:\/\/lowimpacthydro.org\/wp-content\/uploads\/2020\/12\/2002-Presumpscot-Projects-FERC-EIS-Part-1.pdf\">Projets Presumpscot - D\u00e9claration d&#039;impact environnemental de la FERC 2002, partie 1<\/a><\/li>\n<li><a href=\"https:\/\/lowimpacthydro.org\/wp-content\/uploads\/2020\/12\/2002-Presumpscot-Projects-FERC-EIS-Part-2.pdf\">Projets Presumpscot - D\u00e9claration d&#039;impact environnemental de la FERC 2002, partie 2<\/a><\/li>\n<\/ul>","protected":false},"excerpt":{"rendered":"<p>Project Name Gambo LIHI Certificate No. 139 LIHI Certificate Term September 5, 2017 &#8211; September 4, 2027 Owner Presumpscot Hydro LLC, a subsidiary of Relevate Power<span class=\"excerpt-hellip\"> [\u2026]<\/span><\/p>\n","protected":false},"author":3,"featured_media":-1,"parent":0,"menu_order":0,"comment_status":"closed","ping_status":"closed","template":"","meta":{"_coblocks_attr":"","_coblocks_dimensions":"","_coblocks_responsive_height":"","_coblocks_accordion_ie_support":"","om_disable_all_campaigns":false,"_monsterinsights_skip_tracking":false,"_monsterinsights_sitenote_active":false,"_monsterinsights_sitenote_note":"","_monsterinsights_sitenote_category":0,"footnotes":""},"class_list":["post-774","page","type-page","status-publish","has-post-thumbnail","hentry"],"aioseo_notices":[],"_links":{"self":[{"href":"https:\/\/lowimpacthydro.org\/fr\/wp-json\/wp\/v2\/pages\/774","targetHints":{"allow":["GET"]}}],"collection":[{"href":"https:\/\/lowimpacthydro.org\/fr\/wp-json\/wp\/v2\/pages"}],"about":[{"href":"https:\/\/lowimpacthydro.org\/fr\/wp-json\/wp\/v2\/types\/page"}],"author":[{"embeddable":true,"href":"https:\/\/lowimpacthydro.org\/fr\/wp-json\/wp\/v2\/users\/3"}],"replies":[{"embeddable":true,"href":"https:\/\/lowimpacthydro.org\/fr\/wp-json\/wp\/v2\/comments?post=774"}],"version-history":[{"count":18,"href":"https:\/\/lowimpacthydro.org\/fr\/wp-json\/wp\/v2\/pages\/774\/revisions"}],"predecessor-version":[{"id":10121,"href":"https:\/\/lowimpacthydro.org\/fr\/wp-json\/wp\/v2\/pages\/774\/revisions\/10121"}],"wp:featuredmedia":[{"embeddable":true,"href":"https:\/\/lowimpacthydro.org\/fr\/wp-json\/"}],"wp:attachment":[{"href":"https:\/\/lowimpacthydro.org\/fr\/wp-json\/wp\/v2\/media?parent=774"}],"curies":[{"name":"wp","href":"https:\/\/api.w.org\/{rel}","templated":true}]}}