{"id":7654,"date":"2023-06-06T09:35:32","date_gmt":"2023-06-06T13:35:32","guid":{"rendered":"https:\/\/lowimpacthydro.org\/?page_id=7654"},"modified":"2026-02-26T11:34:18","modified_gmt":"2026-02-26T16:34:18","slug":"hailesboro-no-4-project-new-york","status":"publish","type":"page","link":"https:\/\/lowimpacthydro.org\/fr\/hailesboro-no-4-project-new-york\/","title":{"rendered":"Certificat LIHI #198 \u2013 Projet Hailesboro n\u00b0 4, New York"},"content":{"rendered":"<table class=\"alignright\" style=\"width: 351px; border: 2px; cellspacing: 2px; cellpadding: 2px; margin-left: 50px;\">\n<tbody>\n<tr>\n<td style=\"border-style: solid;\" width=\"162\"><strong>Nom du projet<\/strong><\/td>\n<td style=\"border-style: solid;\" width=\"180\">Hailesboro n\u00b0 4<\/td>\n<\/tr>\n<tr>\n<td style=\"border-style: solid;\"><strong>Num\u00e9ro de certificat LIHI<br \/>\n<\/strong><\/td>\n<td style=\"border-style: solid;\">198<\/td>\n<\/tr>\n<tr>\n<td style=\"border-style: solid;\"><strong>Dur\u00e9e du certificat LIHI<br \/>\n<\/strong><\/td>\n<td style=\"border-style: solid;\">3 f\u00e9vrier 2023 \u2013 2 f\u00e9vrier 2033<\/td>\n<\/tr>\n<tr>\n<td style=\"border-style: solid;\" width=\"162\"><strong>Propri\u00e9taire<\/strong><\/td>\n<td style=\"border-style: solid;\" width=\"180\">Hydro Development Group Acquisition, LLC \u2013 une filiale de Patriot Hydro. LLC<\/td>\n<\/tr>\n<tr>\n<td style=\"border-style: solid;\" width=\"162\"><strong>\u00c9tat<\/strong><\/td>\n<td style=\"border-style: solid;\" width=\"180\">New York<\/td>\n<\/tr>\n<tr>\n<td style=\"border-style: solid;\" width=\"162\"><strong>Emplacement<\/strong><\/td>\n<td style=\"border-style: solid;\" width=\"180\">Mile 67,7 sur la rivi\u00e8re Oswegatchie, comt\u00e9 de St. Lawrence, New York<\/td>\n<\/tr>\n<tr>\n<td style=\"border-style: solid;\" width=\"162\"><strong>Capacit\u00e9 install\u00e9e<\/strong><\/td>\n<td style=\"border-style: solid;\" width=\"180\">1,9 MW<\/td>\n<\/tr>\n<tr>\n<td style=\"border-style: solid;\" width=\"162\"><strong>G\u00e9n\u00e9ration annuelle moyenne<\/strong><\/td>\n<td style=\"border-style: solid;\" width=\"180\">10 647 MWh<\/td>\n<\/tr>\n<tr>\n<td style=\"border-style: solid;\" width=\"162\"><strong>Type d&#039;\u00e9tablissement<\/strong><\/td>\n<td style=\"border-style: solid;\" width=\"180\">Au fil de l&#039;eau<\/td>\n<\/tr>\n<tr>\n<td style=\"border-style: solid;\" width=\"162\"><strong><span class='tooltipsall tooltip_post_id_5565 classtoolTips152'>F\u00e9d\u00e9ration internationale de radio-t\u00e9l\u00e9vision (FERC)<\/span> Non.<\/strong><\/td>\n<td style=\"border-style: solid;\" width=\"180\">P-6058. D\u00e9livr\u00e9 en 2002, expirant le 31\/12\/2032.<\/td>\n<\/tr>\n<\/tbody>\n<\/table>\n<p>Le projet Hailesboro n\u00b0 4 (FERC n\u00b0 6058) est situ\u00e9 sur la rivi\u00e8re Oswegatchie dans le comt\u00e9 de St. Lawrence, dans l&#039;\u00c9tat de New York. La rivi\u00e8re Oswegatchie, longue de 132 milles, est situ\u00e9e dans le bassin hydrographique du fleuve Saint-Laurent. <span class='tooltipsall tooltip_post_id_5583 classtoolTips100'>sources<\/span> Les cours d&#039;eau de la rivi\u00e8re Oswegatchie se trouvent dans les montagnes Adirondacks et la rivi\u00e8re coule g\u00e9n\u00e9ralement vers l&#039;ouest puis vers le nord avant de se jeter dans le fleuve Saint-Laurent \u00e0 Ogdensburg, New York.<\/p>\n<p>Le projet est situ\u00e9 au mile fluvial (RM) 67,7 et est le 7e <span class='tooltipsall tooltip_post_id_5545 classtoolTips158'>barrage<\/span> en amont de l&#039;embouchure, et le plus en aval des trois projets associ\u00e9s qui comprennent \u00e9galement <a href=\"https:\/\/lowimpacthydro.org\/fr\/hailesboro-no-3-project-new-york\/\">Hailesboro n\u00b03 (LIHI #197)<\/a> et <a href=\"https:\/\/lowimpacthydro.org\/fr\/hailesboro-no-6-project-new-york\/\">Hailesboro n\u00b0 6 (LIHI #199)<\/a>La rivi\u00e8re est divis\u00e9e en trois branches en amont de Hailesboro n\u00b0 6 (Island Branch) et entre les projets qui se recombinent en aval de Hailesboro n\u00b0 3.<\/p>\n<p>Le projet a \u00e9t\u00e9 construit \u00e0 l&#039;origine en 1936 et fonctionne sous une licence d\u00e9livr\u00e9e par la Federal Energy Regulatory Commission le 30 octobre 2002, qui a \u00e9t\u00e9 modifi\u00e9e le 19 septembre 2012 et expire le 31 d\u00e9cembre 2032.<\/p>\n<p>Le projet comprend :<\/p>\n<ul style=\"color: black;\">\n<li>un barrage-poids en b\u00e9ton compos\u00e9 du barrage #1 de 105 pieds de long et de 14 pieds de haut surmont\u00e9 d&#039;un barrage pneumatique de 2 pieds de haut <span class='tooltipsall tooltip_post_id_5542 classtoolTips95'>porte de cr\u00eate<\/span> et le barrage #2 de 58 pieds de long et de 5 pieds de haut surmont\u00e9 de poutres en bois de 2 pieds de haut <span class='tooltipsall tooltip_post_id_5569 classtoolTips79'>tableaux d&#039;affichage<\/span>;<\/li>\n<li>un r\u00e9servoir d&#039;une superficie de 2 acres et d&#039;un volume de stockage brut de 20 acres-pieds \u00e0 une \u00e9l\u00e9vation normale de la surface de l&#039;eau de 461 pieds <span class='tooltipsall tooltip_post_id_5608 classtoolTips155'>NGVD<\/span> qui cr\u00e9e un tron\u00e7on contourn\u00e9 de 0,4 mile de long\u00a0;<\/li>\n<li>une structure d&#039;admission ferm\u00e9e avec des grilles \u00e0 d\u00e9chets en acier qui ont un espacement libre de 1,75 pouce\u00a0;<\/li>\n<li>un bassin d&#039;amont rev\u00eatu de b\u00e9ton de 170 pieds de long <span class='tooltipsall tooltip_post_id_5537 classtoolTips143'>canal<\/span> avec une \u00e9cluse;<\/li>\n<li>un b\u00e9ton arm\u00e9 et une ma\u00e7onnerie en b\u00e9ton <span class='tooltipsall tooltip_post_id_5624 classtoolTips102'>centrale<\/span> contenant deux unit\u00e9s de turbines Francis \u00e0 double rotor mont\u00e9es horizontalement ; une unit\u00e9 de production de 900 kW et une unit\u00e9 de production de 1 000 kW pour une capacit\u00e9 install\u00e9e totale de 1 900 kW ;<\/li>\n<li>un 2,4\/23 kV <span class='tooltipsall tooltip_post_id_5656 classtoolTips92'>sous-station<\/span>, une ligne de transmission de 50 pieds de long et de 23 kV et les installations annexes; et<\/li>\n<li>une grue \u00e0 gravit\u00e9 en b\u00e9ton de 73 pieds de long sur 3 pieds de haut <span class='tooltipsall tooltip_post_id_5551 classtoolTips110'>d\u00e9rivation<\/span> barrage (Island Branch Weir), surmont\u00e9 de planches en bois d&#039;un pied de haut, situ\u00e9 \u00e0 l&#039;entr\u00e9e de l&#039;Island Branch de la rivi\u00e8re Oswegatchie.<\/li>\n<\/ul>\n<p>Le projet fonctionne dans un <span class='tooltipsall tooltip_post_id_5643 classtoolTips52'>au fil de l&#039;eau<\/span> mode avec un d\u00e9bit entrant se rapprochant du d\u00e9bit sortant et des fluctuations minimales de l&#039;\u00e9l\u00e9vation de la surface de l&#039;eau du bassin de retenue. <span class='tooltipsall tooltip_post_id_5588 classtoolTips83'>Mise en fourri\u00e8re<\/span> les rabattements sont limit\u00e9s \u00e0 3 pouces maximum sous le haut des planches de rive du barrage ou la cr\u00eate du barrage si les planches de rive ne sont pas en place. <span class='tooltipsall tooltip_post_id_5643 classtoolTips52'>Au fil de l&#039;eau<\/span> Les op\u00e9rations et les \u00e9l\u00e9vations de la surface de l&#039;eau des retenues sont surveill\u00e9es conform\u00e9ment \u00e0 un plan de surveillance des d\u00e9bits. D\u00e9bits minimaux de 20 pi3\/s \u00e0 <span class='tooltipsall tooltip_post_id_5545 classtoolTips158'>Barrage<\/span> Le d\u00e9bit du barrage #1 et de 8 pi3\/s du barrage #2 est fourni dans le tron\u00e7on contourn\u00e9, sauf pendant la saison de frai du dor\u00e9 jaune, o\u00f9 un d\u00e9bit minimum combin\u00e9 de 105 pi3\/s doit \u00eatre lib\u00e9r\u00e9 en aval des deux barrages. Un d\u00e9bit minimum de 30 pi3\/s est fourni au bras de l&#039;\u00eele par une entaille dans le barrage. Ces niveaux de d\u00e9bit ont \u00e9t\u00e9 d\u00e9termin\u00e9s par une \u00e9tude de d\u00e9monstration du d\u00e9bit r\u00e9alis\u00e9e au moment de l&#039;octroi du permis et de la consultation avec les organismes de ressources.<\/p>\n<p>La rivi\u00e8re Oswegatchie \u00e0 proximit\u00e9 du projet est d\u00e9sign\u00e9e comme eau de classe A. Les meilleures utilisations des eaux de classe A sont comme source d&#039;approvisionnement en eau pour la boisson, la cuisine ou la transformation des aliments, l&#039;eau primaire et <span class='tooltipsall tooltip_post_id_5646 classtoolTips7'>loisirs de contact secondaire<\/span>, et la p\u00eache. Les tron\u00e7ons du projet ne sont pas r\u00e9pertori\u00e9s comme \u00e9tant d\u00e9grad\u00e9s par le NYSDEC et les op\u00e9rations au fil de l&#039;eau n&#039;affectent pas la qualit\u00e9 de l&#039;eau.<\/p>\n<p>Il n&#039;y a pas de poissons migrateurs dans les zones du projet en raison de la pr\u00e9sence de plusieurs barrages en aval ainsi que de chutes naturelles qui bloquent le mouvement des poissons en amont. Les p\u00eacheries r\u00e9sidentes de la rivi\u00e8re Oswegatchie dans les environs du projet se composent d&#039;un m\u00e9lange d&#039;esp\u00e8ces d&#039;eau chaude et d&#039;eau froide. Les esp\u00e8ces les plus abondantes captur\u00e9es lors des relev\u00e9s \u00e9taient le bar ray\u00e9, le poisson-mouche et le crapet-soleil. La faible vitesse d&#039;approche de l&#039;admission de 0,89 pi\/seconde permet \u00e0 la plupart des poissons d&#039;\u00e9viter <span class='tooltipsall tooltip_post_id_5558 classtoolTips77'>entra\u00eenement<\/span> dans les turbines. De plus, de nombreux poissons plus petits qui ne pourraient pas nager plus vite que les vitesses d&#039;approche sont souvent suffisamment petits pour \u00e9viter les impacts avec les pales de turbine et traverser une centrale \u00e9lectrique sans \u00eatre bless\u00e9s. Des mesures suppl\u00e9mentaires de protection des poissons comprenaient la modification du d\u00e9bit de sortie de la vanne d&#039;\u00e9cluse afin de minimiser les blessures \u00e0 tout poisson passant en aval par le d\u00e9bit minimum de 20 pi3\/s au barrage #1 ; la fourniture d&#039;un <span class='tooltipsall tooltip_post_id_5620 classtoolTips86'>piscine de plong\u00e9e<\/span> (au moins 1 pied de profondeur pour chaque 4 pieds de chute), une surface lisse dans l&#039;\u00e9cluse de d\u00e9rivation et une dispersion ad\u00e9quate du d\u00e9bit \u00e0 travers l&#039;\u00e9cluse pour fournir des profondeurs suffisantes pour un d\u00e9placement s\u00fbr des poissons ; et une consultation avec l&#039;Int\u00e9rieur et le NYSDEC concernant la n\u00e9cessit\u00e9 de grilles \u00e0 d\u00e9chets avec un espacement libre maximum de 1 pouce lorsque les grilles \u00e0 d\u00e9chets existantes doivent \u00eatre remplac\u00e9es, ce qui n&#039;a pas encore eu lieu.<\/p>\n<p>Les terrains du projet couvrent environ 2 acres pour le bassin de retenue et environ 0,5 acres autour de l&#039;installation. Il n&#039;y a pas de terres d&#039;importance \u00e9cologique ni d&#039;habitats critiques situ\u00e9s \u00e0 proximit\u00e9. Les op\u00e9rations au fil de l&#039;eau et les restrictions relatives au bassin de retenue limitent les fluctuations de l&#039;\u00e9l\u00e9vation de la surface de l&#039;eau du bassin de retenue qui pourraient autrement contribuer \u00e0 l&#039;\u00e9rosion du littoral. Des mesures de contr\u00f4le et de surveillance de l&#039;\u00e9rosion et des s\u00e9diments sont suivies pendant les activit\u00e9s d&#039;entretien ou de construction de routine.<\/p>\n<p>La seule esp\u00e8ce menac\u00e9e ou en voie de disparition au niveau f\u00e9d\u00e9ral qui pourrait \u00eatre pr\u00e9sente dans les environs du projet est la chauve-souris nordique. Plusieurs oiseaux migrateurs peuvent \u00eatre pr\u00e9sents dans les zones du projet, notamment le martin-p\u00eacheur d&#039;Am\u00e9rique, le coucou \u00e0 bec noir, le martinet ramoneur, la paruline \u00e0 ailes dor\u00e9es et la grive des bois. La faible empreinte du projet et l&#039;absence de n\u00e9cessit\u00e9 de couper des arbres limitent les impacts potentiels sur ces esp\u00e8ces. Seuls les arbres morts autour du bassin de retenue peuvent \u00eatre coup\u00e9s s&#039;ils pr\u00e9sentent un danger pour la navigation ou les op\u00e9rations du projet.<\/p>\n<p>Il n&#039;existe aucune ressource terrestre ou arch\u00e9ologique connue r\u00e9pertori\u00e9e ou \u00e9ligible \u00e0 l&#039;inscription dans le <span class='tooltipsall tooltip_post_id_5606 classtoolTips1'>Registre national des lieux historiques<\/span> Dans la zone du projet, aucun bien culturel traditionnel n&#039;a \u00e9t\u00e9 identifi\u00e9. Cependant, en raison de l&#039;\u00e2ge du barrage et de la centrale \u00e9lectrique, il est possible qu&#039;ils soient \u00e9ligibles \u00e0 l&#039;inscription, sous r\u00e9serve de la d\u00e9termination de leur pertinence historique. Le State Historic Preservation Officer (SHPO) a examin\u00e9 le projet au moment de la d\u00e9livrance du nouveau permis et a d\u00e9termin\u00e9 qu&#039;il n&#039;y aurait aucun effet sur les ressources culturelles. Dans le cas o\u00f9 des sites arch\u00e9ologiques ou historiques seraient d\u00e9couverts pendant l&#039;exploitation et l&#039;entretien du projet, le propri\u00e9taire consulte le SHPO et pr\u00e9pare un plan de gestion des ressources culturelles.<\/p>\n<p>Les installations r\u00e9cr\u00e9atives comprennent un acc\u00e8s au toit du bateau dans le bassin de retenue et une aire de stationnement pr\u00e8s de la centrale \u00e9lectrique qui m\u00e8ne \u00e0 l&#039;acc\u00e8s \u00e0 la p\u00eache \u00e0 la rive du bassin de retenue Hailesboro n\u00b0 3. L&#039;acc\u00e8s r\u00e9cr\u00e9atif est gratuit.<\/p>\n<hr \/>\n<h3>\u00c9tat de conformit\u00e9<\/h3>\n<p><strong>Le certificat comprend la condition sp\u00e9cifique \u00e0 l&#039;\u00e9tablissement suivante :<\/strong><\/p>\n<p><strong>Condition 1<\/strong><strong>.\u00a0 <\/strong>Dans les soumissions annuelles de conformit\u00e9 au LIHI, le propri\u00e9taire de l&#039;installation doit fournir des mises \u00e0 jour sur l&#039;\u00e9tat de la mise en place du portage en aval du projet Hailesboro n\u00b0 3, y compris les contacts faits \u00e0 la FERC et aux propri\u00e9taires fonciers concernant l&#039;acquisition de terrains adjacents au canal de fuite de Hailesboro n\u00b0 3 n\u00e9cessaires \u00e0 la construction de la mise en place du portage ; ou le propri\u00e9taire doit fournir une documentation de cl\u00f4ture du probl\u00e8me avec la FERC en vertu de l&#039;article 410(2) de la licence Hailesboro n\u00b0 4 si une mise en place \u00e0 Hailesboro n\u00b0 3 n&#039;est plus pertinente ou n\u00e9cessaire.<\/p>\n<p><strong>2026:<\/strong> Aucun changement important ni probl\u00e8me de conformit\u00e9 n&#039;ont \u00e9t\u00e9 relev\u00e9s. Le projet demeure conforme suite \u00e0 l&#039;examen annuel. Concernant la condition 1, des discussions sont en cours avec un propri\u00e9taire riverain au sujet de l&#039;acc\u00e8s \u00e0 la rivi\u00e8re.<\/p>\n<p><strong>2025:<\/strong> Aucun changement important ni probl\u00e8me de conformit\u00e9 n&#039;a \u00e9t\u00e9 identifi\u00e9. Le projet reste conforme sur la base de l&#039;examen annuel. Pour la condition 1, le projet a signal\u00e9 que l&#039;un des deux propri\u00e9taires fonciers contigus qui ont r\u00e9pondu n&#039;est pas r\u00e9ceptif \u00e0 l&#039;autorisation de portage sur sa propri\u00e9t\u00e9.<\/p>\n<p><strong>2024:<\/strong> Aucun changement important ni probl\u00e8me de conformit\u00e9 n&#039;a \u00e9t\u00e9 identifi\u00e9. Le projet reste conforme sur la base de l&#039;examen annuel. Pour la condition 1, le projet a signal\u00e9 avoir envoy\u00e9 des lettres \u00e0 deux propri\u00e9taires fonciers sans avoir re\u00e7u de r\u00e9ponse \u00e0 ce jour.<\/p>\n<p><strong>2023:<\/strong> Le rapport annuel pour le certificat actuel n\u2019est pas encore entr\u00e9 en vigueur.<\/p>\n<hr \/>\n<h3>Historique des certifications<\/h3>\n<p><strong>6 juin 2023 :<\/strong> La certification des projets Hailesboro n\u00b0 3, n\u00b0 4 et n\u00b0 6 est d\u00e9sormais d\u00e9finitive apr\u00e8s la cl\u00f4ture de la p\u00e9riode d&#039;appel le 3 juin 2023, aucune demande d&#039;appel n&#039;ayant \u00e9t\u00e9 d\u00e9pos\u00e9e. La p\u00e9riode de certification pour chaque projet s&#039;\u00e9tend du 3 f\u00e9vrier 2023 au 2 f\u00e9vrier 2033.<\/p>\n<p><strong>4 mai 2023 :<\/strong> Le Low Impact Hydropower Institute a approuv\u00e9 de mani\u00e8re pr\u00e9liminaire la certification \u00e0 faible impact pour les projets hydro\u00e9lectriques Hailesboro n\u00b0 3, n\u00b0 4 et n\u00b0 6. La demande compl\u00e8te et le rapport de l&#039;examinateur sont disponibles ci-dessous. Cette d\u00e9cision est pr\u00e9liminaire en attendant la p\u00e9riode d&#039;appel de 30 jours. Seuls ceux qui ont comment\u00e9 les demandes initiales pendant la p\u00e9riode de commentaires de 60 jours sont \u00e9ligibles pour d\u00e9poser un appel. Un tel appel doit inclure une explication sur la fa\u00e7on dont les projets ne r\u00e9pondent pas aux crit\u00e8res du LIHI. Les demandes d&#039;appel peuvent \u00eatre soumises par courrier \u00e9lectronique \u00e0 <a href=\"mailto:comments@lowimpacthydro.org\">comments@lowimpacthydro.org<\/a> avec \u00ab Hailesboro Projects \u00bb dans l&#039;objet du message, ou par courrier adress\u00e9 au Low Impact Hydropower Institute, 1167 Massachusetts Ave, Arlington, MA 02476. Toutes les demandes seront publi\u00e9es sur le site Web. Le demandeur aura la possibilit\u00e9 de r\u00e9pondre et toute r\u00e9ponse sera \u00e9galement publi\u00e9e. <strong>Les demandes doivent \u00eatre re\u00e7ues avant 17 heures, heure de l\u2019Est, le 3 juin 2023. <\/strong><\/p>\n<p><strong>7 f\u00e9vrier 2023 :<\/strong> Le Low Impact Hydropower Institute a re\u00e7u une demande compl\u00e8te de certification \u00e0 faible impact pour le projet hydro\u00e9lectrique Hailesboro n\u00b0 3, 4 et 6. Le LIHI sollicite les commentaires du public sur cette demande. Plus pr\u00e9cis\u00e9ment, nous souhaitons savoir si vous pensez que le projet r\u00e9pond aux crit\u00e8res de certification \u00e0 faible impact du LIHI, tels que r\u00e9vis\u00e9s dans le manuel de 2e \u00e9dition. Veuillez consulter le programme et les crit\u00e8res dans le manuel r\u00e9vis\u00e9 du LIHI <a href=\"https:\/\/lowimpacthydro.org\/wp-content\/uploads\/2020\/07\/2nd-edition-handbook-20160315-rev2.02-7-20-16.pdf\">Manuel<\/a><a href=\"https:\/\/lowimpacthydro.org\/wp-content\/uploads\/2020\/07\/2nd-edition-handbook-20160315-rev2.02-7-20-16.pdf\">\u00a0<\/a>et examinez ensuite les documents de candidature du projet ci-dessous. Les commentaires directement li\u00e9s \u00e0 des crit\u00e8res LIHI sp\u00e9cifiques (d\u00e9bits, qualit\u00e9 de l&#039;eau, <span class='tooltipsall tooltip_post_id_5566 classtoolTips59'>passage des poissons<\/span>, etc.) seront tr\u00e8s utiles, mais tous les commentaires seront pris en compte. Les commentaires peuvent \u00eatre soumis \u00e0 l&#039;Institut par courrier \u00e9lectronique \u00e0 l&#039;adresse\u00a0<a href=\"mailto:comments@lowimpacthydro.org\">comments@lowimpacthydro.org<\/a> avec \u00ab Hailesboro 3, 4, &amp; 6 Project Comments \u00bb dans la ligne d&#039;objet, ou par courrier adress\u00e9 au Low Impact Hydropower Institute, 1167 Massachusetts Avenue, Arlington, MA 02476. <strong>Les commentaires doivent \u00eatre re\u00e7us au plus tard \u00e0 17 heures, heure de l&#039;Est, le 8 avril 2023.<\/strong>\u00a0\u00e0 prendre en consid\u00e9ration. Tous les commentaires seront publi\u00e9s sur le site Web et le candidat aura la possibilit\u00e9 d&#039;y r\u00e9pondre. Toute r\u00e9ponse sera \u00e9galement publi\u00e9e.<\/p>\n<hr \/>\n<h3>Dossiers de certification<\/h3>\n<h4>Certification 2023<\/h4>\n<ul style=\"color: black;\">\n<li><a href=\"https:\/\/lowimpacthydro.org\/wp-content\/uploads\/2023\/06\/Hailesboro-346-Stage-2-report_2023-04-17_final.pdf\">Hailesboro No. 3, 4, 6 \u2013 Rapport d&#039;examen de certification 2023<\/a><\/li>\n<li><a href=\"https:\/\/lowimpacthydro.org\/wp-content\/uploads\/2023\/02\/20221106_Hailesboro-LIHI-Application_complete.pdf\">Hailesboro No. 3, 4, 6 \u2013 Demande de certification 2022<\/a><\/li>\n<\/ul>\n<hr \/>\n<h3>Documents cl\u00e9s<\/h3>\n<ul>\n<li><a href=\"https:\/\/lowimpacthydro.org\/wp-content\/uploads\/2023\/06\/20021030-Hailesboro-No.-4-FERC-license.pdf\">Licence FERC 2002, certification de la qualit\u00e9 de l&#039;eau, \u00e9valuation environnementale FERC<\/a><\/li>\n<\/ul>","protected":false},"excerpt":{"rendered":"<p>Project Name Hailesboro No. 4 LIHI Certificate No. 198 LIHI Certificate Term February 3, 2023 &#8211; February 2, 2033 Owner Hydro Development Group Acquisition, LLC &#8211;<span class=\"excerpt-hellip\"> [\u2026]<\/span><\/p>\n","protected":false},"author":3,"featured_media":-1,"parent":0,"menu_order":0,"comment_status":"closed","ping_status":"closed","template":"","meta":{"_coblocks_attr":"","_coblocks_dimensions":"","_coblocks_responsive_height":"","_coblocks_accordion_ie_support":"","om_disable_all_campaigns":false,"_monsterinsights_skip_tracking":false,"_monsterinsights_sitenote_active":false,"_monsterinsights_sitenote_note":"","_monsterinsights_sitenote_category":0,"footnotes":""},"class_list":["post-7654","page","type-page","status-publish","has-post-thumbnail","hentry"],"aioseo_notices":[],"_links":{"self":[{"href":"https:\/\/lowimpacthydro.org\/fr\/wp-json\/wp\/v2\/pages\/7654","targetHints":{"allow":["GET"]}}],"collection":[{"href":"https:\/\/lowimpacthydro.org\/fr\/wp-json\/wp\/v2\/pages"}],"about":[{"href":"https:\/\/lowimpacthydro.org\/fr\/wp-json\/wp\/v2\/types\/page"}],"author":[{"embeddable":true,"href":"https:\/\/lowimpacthydro.org\/fr\/wp-json\/wp\/v2\/users\/3"}],"replies":[{"embeddable":true,"href":"https:\/\/lowimpacthydro.org\/fr\/wp-json\/wp\/v2\/comments?post=7654"}],"version-history":[{"count":16,"href":"https:\/\/lowimpacthydro.org\/fr\/wp-json\/wp\/v2\/pages\/7654\/revisions"}],"predecessor-version":[{"id":10382,"href":"https:\/\/lowimpacthydro.org\/fr\/wp-json\/wp\/v2\/pages\/7654\/revisions\/10382"}],"wp:featuredmedia":[{"embeddable":true,"href":"https:\/\/lowimpacthydro.org\/fr\/wp-json\/"}],"wp:attachment":[{"href":"https:\/\/lowimpacthydro.org\/fr\/wp-json\/wp\/v2\/media?parent=7654"}],"curies":[{"name":"wp","href":"https:\/\/api.w.org\/{rel}","templated":true}]}}