{"id":765,"date":"2020-07-17T14:13:50","date_gmt":"2020-07-17T18:13:50","guid":{"rendered":"https:\/\/lowimpacthydro.org\/new\/?page_id=765"},"modified":"2025-10-02T11:37:53","modified_gmt":"2025-10-02T15:37:53","slug":"lihi-certificate-140-little-falls-hydroelectric-project-maine","status":"publish","type":"page","link":"https:\/\/lowimpacthydro.org\/fr\/lihi-certificate-140-little-falls-hydroelectric-project-maine\/","title":{"rendered":"Certificat LIHI n\u00b0 140 \u2013 Projet hydro\u00e9lectrique de Little Falls \u2013 Rivi\u00e8re Presumpscot, Maine"},"content":{"rendered":"<table class=\"alignright\" style=\"width: 351px; border: 2px; cellspacing: 2px; cellpadding: 2px; margin-left: 50px;\">\n<tbody>\n<tr>\n<td width=\"238\"><strong>Nom du projet<\/strong><\/td>\n<td width=\"282\">Petites chutes<\/td>\n<\/tr>\n<tr>\n<td width=\"238\"><strong>Num\u00e9ro de certificat LIHI<\/strong><\/td>\n<td width=\"282\">140<\/td>\n<\/tr>\n<tr>\n<td width=\"238\"><strong>Dur\u00e9e du certificat LIHI<\/strong><\/td>\n<td width=\"282\">5 septembre 2017 \u2013 4 septembre 2027<\/td>\n<\/tr>\n<tr>\n<td width=\"238\"><strong>Propri\u00e9taire<\/strong><\/td>\n<td width=\"282\">Presumpscot Hydro LLC, une filiale de Relevate Power LLC<\/td>\n<\/tr>\n<tr>\n<td width=\"238\"><strong>\u00c9tat<\/strong><\/td>\n<td width=\"282\">Maine<\/td>\n<\/tr>\n<tr>\n<td width=\"238\"><strong>Emplacement<\/strong><\/td>\n<td width=\"282\">Windham et Gorham, comt\u00e9s de Cumberland<br \/>\n<span style=\"font-family: inherit; font-size: inherit;\">Mille de rivi\u00e8re 16,9<br \/>\n<\/span><span style=\"font-family: inherit; font-size: inherit;\">Rivi\u00e8re Presumpscot<\/span><\/td>\n<\/tr>\n<tr>\n<td width=\"238\"><strong>Capacit\u00e9 install\u00e9e<\/strong><\/td>\n<td width=\"282\">1,0 MW<\/td>\n<\/tr>\n<tr>\n<td width=\"238\"><strong>G\u00e9n\u00e9ration annuelle moyenne<\/strong><\/td>\n<td width=\"282\">4 200 MWH<\/td>\n<\/tr>\n<tr>\n<td width=\"238\"><strong>Type d&#039;\u00e9tablissement<\/strong><\/td>\n<td width=\"282\"><span class='tooltipsall tooltip_post_id_5643 classtoolTips52'>au fil de l&#039;eau<\/span><\/td>\n<\/tr>\n<tr>\n<td width=\"238\"><strong><span class='tooltipsall tooltip_post_id_5565 classtoolTips152'>F\u00e9d\u00e9ration internationale de radio-t\u00e9l\u00e9vision (FERC)<\/span> Non.<\/strong><\/td>\n<td width=\"282\">P-2941 d\u00e9livr\u00e9 en 2003, expire le 30\/09\/2053<\/td>\n<\/tr>\n<\/tbody>\n<\/table>\n<p>Le projet Little Falls est situ\u00e9 sur la rivi\u00e8re Presumpscot, dans le comt\u00e9 de Cumberland, dans le Maine. Plusieurs usines ont exist\u00e9 sur le site de Little Falls depuis le d\u00e9but du XIXe si\u00e8cle. La soci\u00e9t\u00e9 CA Brown and Company a acquis le site en 1875 et y a construit une usine de panneaux de bois. Plus tard, au d\u00e9but des ann\u00e9es 1900, l&#039;usine de p\u00e2te \u00e0 papier Androscoggin a rachet\u00e9 la propri\u00e9t\u00e9. Bien que la Central Maine Power Company ait d\u00e9tenu les droits d&#039;exploitation de l&#039;\u00e9lectricit\u00e9 dans les ann\u00e9es 1950, elle ne l&#039;a pas exploit\u00e9e. M. Lawrence Keddy a achet\u00e9 le site dans les ann\u00e9es 1960 et a utilis\u00e9 l&#039;\u00e9lectricit\u00e9 produite dans son aci\u00e9rie voisine. SD Warren a acquis le site en 1974 (renomm\u00e9 par la suite Sappi North America, Inc.). Il existe six centrales hydro\u00e9lectriques sur la rivi\u00e8re Presumpscot, entre le lac Sebago et l&#039;oc\u00e9an Atlantique, \u00e0 Portland, dans le Maine. Le projet Little Falls est le cinqui\u00e8me projet hydro\u00e9lectrique en aval de l&#039;\u00e9missaire du lac Sebago. En amont du projet, d&#039;amont en aval, se trouvent le barrage d&#039;Eel Weir, <a href=\"https:\/\/lowimpacthydro.org\/fr\/lihi-certificate-129-north-gorham-project-maine\/\">Gorham Nord (LIHI #129)<\/a>, Dundee, et <a href=\"https:\/\/lowimpacthydro.org\/fr\/lihi-certificate-139-gambo-hydroelectric-project-maine\/\">Gambo (LIHI #139)<\/a> Projets. Le projet en aval est <a href=\"https:\/\/lowimpacthydro.org\/fr\/lihi-certificate-141-mallison-falls-hydroelectric-project-maine\/\">Chutes de Mallison (#141)<\/a>.<\/p>\n<p>Le projet comprend la <span class='tooltipsall tooltip_post_id_5545 classtoolTips158'>barrage<\/span>, structure d&#039;admission, <span class='tooltipsall tooltip_post_id_5624 classtoolTips102'>centrale<\/span>, quatre turbines, une d\u00e9rivation et un passage d&#039;anguilles en amont. Le barrage est une structure en b\u00e9ton arm\u00e9 et en ma\u00e7onnerie de 331 pieds de long et 14 pieds de haut, comprenant un pont de 160 pieds de long <span class='tooltipsall tooltip_post_id_5651 classtoolTips116'>d\u00e9versoir<\/span> section, un d\u00e9versoir de 101,5 pieds de long et une section de vannes, et une structure d&#039;admission de 70,5 pieds de long. Une centrale \u00e9lectrique en ma\u00e7onnerie fait \u00e9galement partie int\u00e9grante du barrage. Il contient quatre <span class='tooltipsall tooltip_post_id_5576 classtoolTips39'>Turbines Francis<\/span> directement reli\u00e9 \u00e0 des g\u00e9n\u00e9rateurs d&#039;une capacit\u00e9 totale install\u00e9e de 1 MW. La d\u00e9rivation mesure 300 pieds de longueur et s&#039;\u00e9tend entre le barrage et les eaux de queue de la centrale.<\/p>\n<p>Le projet fonctionne au fil de l&#039;eau et retient un r\u00e9servoir de 29 acres. Il assure un d\u00e9bit minimal de 26 pi3\/s dans le tron\u00e7on de d\u00e9rivation. Le r\u00e9gime d&#039;\u00e9coulement a \u00e9t\u00e9 \u00e9labor\u00e9 \u00e0 partir d&#039;\u00e9tudes men\u00e9es par le D\u00e9partement de la protection de l&#039;environnement du Maine (MEDEP) afin de garantir le maintien d&#039;un habitat fluvial propice aux ressources halieutiques et fauniques.<\/p>\n<p>Les eaux situ\u00e9es dans le p\u00e9rim\u00e8tre du projet sont class\u00e9es classe B. Cette zone de la rivi\u00e8re Presumpscot a toujours \u00e9t\u00e9 affect\u00e9e par de faibles niveaux d&#039;oxyg\u00e8ne dissous. La surveillance men\u00e9e par le MEDEP confirme que l&#039;augmentation des d\u00e9bits minimaux du projet a permis d&#039;atteindre pleinement les normes d&#039;oxyg\u00e8ne dissous dans la partie aval de la rivi\u00e8re.<\/p>\n<p>Les barrages en aval emp\u00eachent <span class='tooltipsall tooltip_post_id_5518 classtoolTips36'>poisson anadrome<\/span> Passage dans le cadre du projet. Les agences conservent le droit de prescrire des installations de passage si des d\u00e9clencheurs biologiques sont rencontr\u00e9s qui n\u00e9cessiteraient la construction d&#039;un passage. Des installations de passage pour l&#039;anguille d&#039;Am\u00e9rique ont \u00e9t\u00e9 install\u00e9es en 2007 et ont \u00e9t\u00e9 modernis\u00e9es pour offrir un acc\u00e8s plus efficace au passage de l&#039;anguille. Du 1er septembre au 31 octobre, le projet arr\u00eate ses op\u00e9rations pendant 8 heures \u00e0 compter du coucher du soleil. Cela facilite la migration en aval de l&#039;anguille d&#039;Am\u00e9rique. Les arr\u00eats sont coordonn\u00e9s avec le D\u00e9partement des ressources marines du Maine et l&#039;USFWS pour d\u00e9terminer le moment le plus efficace. Les d\u00e9bits passent par-dessus le d\u00e9versoir et assurent une migration s\u00fbre vers le tron\u00e7on de d\u00e9rivation.<\/p>\n<p>Le terrain du projet comprend 2 acres, sans compter le r\u00e9servoir. Le plan d&#039;exploitation et de surveillance du d\u00e9bit du projet comprend des dispositions visant \u00e0 att\u00e9nuer l&#039;\u00e9rosion gr\u00e2ce \u00e0 des proc\u00e9dures d&#039;ass\u00e8chement et de remblayage du bassin de retenue.<\/p>\n<p>Les esp\u00e8ces menac\u00e9es et en voie de disparition potentiellement pr\u00e9sentes \u00e0 proximit\u00e9 du projet comprennent : la chauve-souris nordique, la chauve-souris pygm\u00e9e, la petite chauve-souris brune, l&#039;alasmidonte renfl\u00e9e, le petit blongios, le b\u00e9casseau des champs, la tortue-bo\u00eete de l&#039;Est et la tortue ponctu\u00e9e. Les activit\u00e9s susceptibles d&#039;affecter les esp\u00e8ces r\u00e9pertori\u00e9es comprennent : l&#039;\u00e9limination de grands arbres qui peuvent fournir un habitat de repos aux chauves-souris ; l&#039;exposition\/l&#039;ass\u00e8chement de la moule de l&#039;alasmidonte renfl\u00e9e pendant les abaissements importants et prolong\u00e9s des retenues d&#039;eau, la perte ou la fragmentation de l&#039;habitat en raison du d\u00e9veloppement du petit blongios, du b\u00e9casseau des champs et de la tortue ponctu\u00e9e, la capture directe de tortues-bo\u00eetes pour en faire des animaux de compagnie. Le propri\u00e9taire du projet a indiqu\u00e9 qu&#039;aucune de ces activit\u00e9s n&#039;est pr\u00e9vue dans le cadre du projet.<\/p>\n<p>Les ressources culturelles \u00e0 proximit\u00e9 du projet comprennent les parcs nationaux de Cumberland et d&#039;Oxford. <span class='tooltipsall tooltip_post_id_5537 classtoolTips143'>Canal<\/span>, le complexe de moulins \u00e0 poudre orientaux et un site arch\u00e9ologique. Le propri\u00e9taire du projet soumet des rapports annuels au Bureau de pr\u00e9servation historique de l&#039;\u00c9tat et \u00e0 la nation indienne Penobscot d\u00e9taillant les activit\u00e9s men\u00e9es dans le cadre du plan de gestion des propri\u00e9t\u00e9s historiques du projet.<\/p>\n<p>Les ressources r\u00e9cr\u00e9atives du projet comprennent un sentier de portage de cano\u00eb et une rampe de mise \u00e0 l&#039;eau pour bateaux.<\/p>\n<hr \/>\n<h3>\u00c9tat de conformit\u00e9<\/h3>\n<p><strong>Le certificat comprend la condition sp\u00e9cifique \u00e0 l&#039;\u00e9tablissement suivante :<\/strong><\/p>\n<p><strong>Condition 1. <\/strong>Le propri\u00e9taire doit informer le LIHI des activit\u00e9s suivantes dans la d\u00e9claration annuelle de conformit\u00e9 du LIHI\u00a0:<\/p>\n<p style=\"padding-left: 40px;\"><strong>un)<\/strong> L&#039;\u00e9tat des tests d&#039;efficacit\u00e9 du passage en aval des anguilles.<\/p>\n<p style=\"padding-left: 40px;\"><strong>b)<\/strong> Le statut des esp\u00e8ces anadromes en amont et en aval <span class='tooltipsall tooltip_post_id_5566 classtoolTips59'>passage des poissons<\/span> activit\u00e9s du projet et du projet Saccarappa. Les mises \u00e0 jour doivent inclure des r\u00e9sum\u00e9s des consultations des agences et des parties prenantes et des recommandations formul\u00e9es, tout changement dans les plans de passage des poissons par rapport \u00e0 ceux d\u00e9crits dans la demande du LIHI, et tout changement dans les exigences de passage ou le calendrier de mise en \u0153uvre des deux projets. Le LIHI se r\u00e9serve le droit de suspendre sa certification si les agences ne d\u00e9terminent pas que le passage en toute s\u00e9curit\u00e9 au sein du projet est assur\u00e9 et que ces exigences de passage n&#039;ont pas \u00e9t\u00e9 lev\u00e9es.<\/p>\n<p style=\"padding-left: 40px;\"><strong>c)<\/strong> Un r\u00e9sum\u00e9 de toute consultation avec le MIF&amp;W et\/ou l&#039;USFWS concernant les esp\u00e8ces r\u00e9pertori\u00e9es par l&#039;\u00c9tat ou le gouvernement f\u00e9d\u00e9ral identifi\u00e9es comme pouvant \u00eatre pr\u00e9sentes sur le site et susceptibles d&#039;\u00eatre affect\u00e9es par des activit\u00e9s de construction ou des op\u00e9rations ou activit\u00e9s de maintenance non routini\u00e8res. Cela comprendrait \u00e9galement les rabattements de retenue qui exposeraient une partie importante du fond de la rivi\u00e8re, entre autres activit\u00e9s non routini\u00e8res. Un r\u00e9sum\u00e9 des activit\u00e9s de d\u00e9clenchement pertinentes et des mesures mises en \u0153uvre au cours de l&#039;ann\u00e9e pour prot\u00e9ger ces esp\u00e8ces doit \u00e9galement \u00eatre fourni.<\/p>\n<p style=\"padding-left: 40px;\"><strong>d)<\/strong> L&#039;\u00e9tat d&#039;avancement des travaux de portage ou de mise en place de l&#039;installation en cours ou une solution de rechange viable. Une copie de l&#039;acceptation par la FERC de la demande de prolongation de d\u00e9lai de d\u00e9cembre 2017 et de l&#039;acceptation ult\u00e9rieure par la FERC de l&#039;installation achev\u00e9e sera \u00e9galement fournie d\u00e8s qu&#039;elle sera disponible.<\/p>\n<p><strong>2025:<\/strong> Aucun changement important ni probl\u00e8me de conformit\u00e9 n&#039;ont \u00e9t\u00e9 relev\u00e9s. Le projet demeure conforme suite \u00e0 l&#039;examen annuel. Concernant la condition 1a, le projet a indiqu\u00e9 avoir r\u00e9alis\u00e9 des tests d&#039;efficacit\u00e9 sur les anguilles en amont et en aval en 2024 et en 2025. Concernant la condition 1b, le projet a d\u00e9pos\u00e9 des rapports annuels aupr\u00e8s de la FERC et a pr\u00e9cis\u00e9 que le MDMR avait d\u00e9pos\u00e9 \u00e9lectroniquement le rapport de 2024 concernant les chutes Saccarappa. <span class='tooltipsall tooltip_post_id_5568 classtoolTips128'>Passe \u00e0 poissons<\/span> Rapport d&#039;\u00e9tude de l&#039;efficacit\u00e9 du passage (ann\u00e9e 2) du 3 avril 2025. Concernant la condition 1c, le projet a entam\u00e9 les travaux de r\u00e9acheminement des lignes de transport, conform\u00e9ment \u00e0 l&#039;ordonnance de la FERC du 28 juillet 2025. Des relev\u00e9s ont \u00e9t\u00e9 effectu\u00e9s avant le d\u00e9but des travaux afin de s&#039;assurer de l&#039;absence de chauves-souris \u00e0 longues oreilles du Nord et de pogonias verticill\u00e9es. Concernant la condition 1d, aucun changement de statut n&#039;a \u00e9t\u00e9 constat\u00e9.<\/p>\n<p><strong>2024:<\/strong> Aucun changement important ni probl\u00e8me de conformit\u00e9 n&#039;a \u00e9t\u00e9 identifi\u00e9. Le projet reste conforme sur la base de l&#039;examen annuel. Le projet a d\u00e9pos\u00e9 son rapport sur l&#039;efficacit\u00e9 du passage des anguilles en amont. Pour la condition 1, le projet n&#039;a signal\u00e9 aucun changement de statut.<\/p>\n<p><strong>2023:<\/strong> Aucun changement important ni probl\u00e8me de conformit\u00e9 n&#039;a \u00e9t\u00e9 identifi\u00e9. Le projet reste conforme sur la base de l&#039;examen annuel. Le projet a signal\u00e9 l&#039;ach\u00e8vement des \u00e9tudes d&#039;efficacit\u00e9 du passage des anguilles en amont en 2023. Pour la condition 1, le projet n&#039;a signal\u00e9 aucun changement de statut.<\/p>\n<p><strong>2022:<\/strong> Aucun changement important ni probl\u00e8me de conformit\u00e9 n&#039;a \u00e9t\u00e9 identifi\u00e9. Le projet reste conforme sur la base de l&#039;examen annuel. Le projet a d\u00e9clar\u00e9 avoir d\u00e9pos\u00e9 un plan d&#039;\u00e9tude d&#039;efficacit\u00e9 du passage des anguilles en amont aupr\u00e8s du MDMR et attend des commentaires. Pour la condition 1b, le projet a indiqu\u00e9 que le MDMR a effectu\u00e9 des tests de pi\u00e8ges et d&#039;\u00e9tiquettes en 2022 \u00e0 Saccarappa <span class='tooltipsall tooltip_post_id_5568 classtoolTips128'>passe \u00e0 poissons<\/span> avec une autre ann\u00e9e de test pr\u00e9vue pour 2023. Pour les conditions 1a, 1c et 1d, le projet n&#039;a signal\u00e9 aucun changement de statut.<\/p>\n<p><strong>2021:<\/strong> Aucun changement ni probl\u00e8me de conformit\u00e9 n&#039;a \u00e9t\u00e9 signal\u00e9. Le projet reste conforme sur la base de l&#039;examen annuel. Pour la condition 1a, le projet a indiqu\u00e9 qu&#039;il attendait les commentaires de l&#039;agence sur les besoins en mati\u00e8re de tests d&#039;efficacit\u00e9, avec des retards dus au Covid. Pour la condition 1b, le projet a indiqu\u00e9 que la suppression du barrage de Saccarappa et du passage \u00e0 poissons \u00e9tait termin\u00e9e. Pour la condition 1c, le projet n&#039;a signal\u00e9 aucune activit\u00e9. Pour la condition 1d, le projet a indiqu\u00e9 avoir re\u00e7u une autre prolongation de la FERC en raison de probl\u00e8mes persistants sur le site de d\u00e9chets dangereux.<\/p>\n<p><strong>2020:<\/strong> Aucun changement ni probl\u00e8me de conformit\u00e9 n&#039;a \u00e9t\u00e9 signal\u00e9. Le projet reste conforme sur la base de l&#039;examen annuel. Pour la condition 1a, le projet a signal\u00e9 une interaction continue de l&#039;agence avec les retards dus au Covid. Pour la condition 1b, le projet a signal\u00e9 que le retrait du barrage de Saccarappa et l&#039;installation de l&#039;\u00e9chelle \u00e0 poissons \u00e9taient en cours. Pour les conditions 1c et 1d, le projet n&#039;a signal\u00e9 aucun changement de statut.<\/p>\n<p><strong>2019:<\/strong> Aucun changement ni probl\u00e8me de conformit\u00e9 n&#039;a \u00e9t\u00e9 signal\u00e9. Le projet reste conforme sur la base de l&#039;examen annuel. Pour la condition 1a, le projet a signal\u00e9 une r\u00e9union d&#039;agence pr\u00e9vue pour l&#039;\u00e9tude. Pour la condition 1b, le projet a signal\u00e9 que la suppression du barrage de Saccarappa avait commenc\u00e9. Pour les conditions 1c et 1d, le projet n&#039;a signal\u00e9 aucun changement de statut.<\/p>\n<p><strong>2018:<\/strong> Aucun changement ni probl\u00e8me de conformit\u00e9 n&#039;a \u00e9t\u00e9 signal\u00e9. Le projet reste conforme sur la base de l&#039;examen annuel. Pour la condition 1a, le projet n&#039;a signal\u00e9 aucun changement de statut. Pour la condition 1b, le projet a signal\u00e9 le d\u00e9p\u00f4t aupr\u00e8s de la FERC de la demande de remise de licence du projet Saccarapa. Pour la condition 1c, le projet n&#039;a signal\u00e9 aucun changement de statut. Pour la condition 1d, le projet a signal\u00e9 une demande de prolongation pour terminer le portage en raison de la proximit\u00e9 d&#039;un site de d\u00e9chets dangereux.<\/p>\n<p>&nbsp;<\/p>\n<hr \/>\n<h3>Historique des certifications<\/h3>\n<p><strong>1er janvier 2022 :<\/strong> La dur\u00e9e du certificat LIHI a \u00e9t\u00e9 prolong\u00e9e conform\u00e9ment \u00e0 la r\u00e9vision 2.05 du manuel de certification LIHI 2e \u00e9dition publi\u00e9 le 1er janvier 2022. Reportez-vous au tableau des \u00e9tablissements ci-dessus pour conna\u00eetre la nouvelle dur\u00e9e.<\/p>\n<p><strong>5 mars 2018<\/strong> \u2013 La p\u00e9riode d\u2019appel de 30 jours pour la d\u00e9cision de certification pr\u00e9liminaire du projet hydro\u00e9lectrique de Little Falls a pris fin le 1er mars 2018, aucun appel n\u2019ayant \u00e9t\u00e9 re\u00e7u. La d\u00e9cision est donc d\u00e9finitive et Little Falls est le certificat LIHI #140. La p\u00e9riode de certification s\u2019\u00e9tendra du 5 septembre 2017 au 4 septembre 2022.<\/p>\n<p><strong>30 janvier 2018<\/strong> \u2013 Le 24 janvier 2018, le Low Impact Hydropower Institute (LIHI) a approuv\u00e9 de mani\u00e8re pr\u00e9liminaire la certification \u00e0 faible impact pour le projet Little Falls. Cette d\u00e9cision est pr\u00e9liminaire en attendant la p\u00e9riode d\u2019appel de 30 jours. Seuls ceux qui ont fait des commentaires au cours de la p\u00e9riode de commentaires de 60 jours de la demande initiale sont \u00e9ligibles pour d\u00e9poser un appel. Un tel appel doit inclure une explication sur la raison pour laquelle le projet ne r\u00e9pond pas aux crit\u00e8res du LIHI. Les demandes d\u2019appel peuvent \u00eatre soumises \u00e0\u00a0<a href=\"mailto:comments@lowimpacthydro.org\">comments@lowimpacthydro.org<\/a>.\u00a0<strong>Les demandes doivent \u00eatre re\u00e7ues avant 17 h 00, heure de l\u2019Est, le 1er mars 2018.<\/strong><\/p>\n<p><strong>7 septembre 2017 \u2013<\/strong>\u00a0Le 7 septembre 2017, le Low Impact Hydropower Institute (LIHI) a re\u00e7u une demande compl\u00e8te de SD Warren Company d\/b\/a Sappi North America pour la certification \u00e0 faible impact du projet Little Falls, FERC n\u00b0 P-2941.<\/p>\n<p>Le LIHI sollicite des commentaires sur la demande de certification de Little Falls. Les commentaires directement li\u00e9s \u00e0 des crit\u00e8res sp\u00e9cifiques du LIHI (d\u00e9bits, qualit\u00e9 de l&#039;eau, passage des poissons, etc.) seront les plus utiles, mais tous les commentaires seront pris en compte. Les commentaires peuvent \u00eatre soumis \u00e0 l&#039;Institut par courrier \u00e9lectronique \u00e0 l&#039;adresse suivante :\u00a0<a href=\"mailto:comments@lowimpacthydro.org\">comments@lowimpacthydro.org<\/a>\u00a0avec \u00ab Commentaires sur le projet Little Falls \u00bb dans la ligne d&#039;objet, ou par courrier adress\u00e9 au Low Impact Hydropower Institute, 329 Massachusetts Avenue, Suite 2, Lexington, MA 02420.\u00a0\u00a0<strong>Les commentaires doivent \u00eatre re\u00e7us \u00e0 l&#039;Institut au plus tard \u00e0 17 heures, heure de l&#039;Est, le 7 novembre 2017.<\/strong>\u00a0\u00e0 prendre en consid\u00e9ration. Tous les commentaires seront publi\u00e9s sur le site Web et le candidat aura la possibilit\u00e9 d&#039;y r\u00e9pondre. Toute r\u00e9ponse sera \u00e9galement publi\u00e9e.<\/p>\n<hr \/>\n<h3>Dossiers de certification<\/h3>\n<h4>Certification 2017<\/h4>\n<ul style=\"color: black;\">\n<li><a href=\"https:\/\/lowimpacthydro.org\/wp-content\/uploads\/2025\/03\/1-Little-Falls-certification-report-with-Appendices.pdf\">Rapport d&#039;\u00e9valuation de la certification Little Falls 2017<\/a><\/li>\n<li><a href=\"https:\/\/lowimpacthydro.org\/wp-content\/uploads\/2020\/07\/20170901_P-2941_Little-Falls-LHIH-Application-Filing-copy.pdf\">Demande de certification de Little Falls 2017<\/a><\/li>\n<li><a href=\"https:\/\/lowimpacthydro.org\/wp-content\/uploads\/2020\/07\/CLF-FOPR-Comments-to-LIHI-10-31-17_SAPPI-PROJECTS-MAINE.pdf\">Lettre de commentaires de la Conservation Law Foundation\/Friends of the Presumpscot River \u2013 Projets Sappi Maine 2017<\/a><\/li>\n<li><a href=\"https:\/\/lowimpacthydro.org\/wp-content\/uploads\/2020\/07\/20171117_Sappi-response-CLF-Comments_Sappi-LIHI-application.pdf\">R\u00e9ponse de Sappi \u00e0 la lettre de commentaires de la Conservation Law Foundation\/Friends of the Presumpscot River<\/a><\/li>\n<\/ul>\n<hr \/>\n<h3>Documents cl\u00e9s<\/h3>\n<ul>\n<li><a href=\"https:\/\/lowimpacthydro.org\/wp-content\/uploads\/2023\/09\/2019-FERC-amendment-Dundee-Gambo-Little-Falls-Mallison-Falls.pdf\">Modification de la licence FERC pour les projets Presumpscot 2019<\/a><\/li>\n<li><a href=\"https:\/\/lowimpacthydro.org\/wp-content\/uploads\/2020\/12\/2017-Presumpscot-Projects-FERC-Amendment-and-Amended-WQC.pdf\">Projets Presumpscot Modification de la licence FERC et certificat de qualit\u00e9 de l&#039;eau modifi\u00e9 2017<\/a><\/li>\n<li><a href=\"https:\/\/lowimpacthydro.org\/wp-content\/uploads\/2020\/12\/2016-Presumpscot-Projects-FERC-Amendment-and-Amended-WQC.pdf\">Projets Presumpscot Modification de la licence FERC et certificat de qualit\u00e9 de l&#039;eau modifi\u00e9 2016<\/a><\/li>\n<li><a href=\"https:\/\/lowimpacthydro.org\/wp-content\/uploads\/2020\/12\/2016-Settlement-Agreement-on-multiple-projects-fishways.pdf\">Accord de r\u00e8glement des projets de Presumpscot 2016<\/a><\/li>\n<li><a href=\"https:\/\/lowimpacthydro.org\/wp-content\/uploads\/2020\/12\/2003-LIttle-Falls-FERC-License-and-WQC.pdf\">Licence FERC et certificat de qualit\u00e9 de l&#039;eau de Little Falls 2003<\/a><\/li>\n<li><a href=\"https:\/\/lowimpacthydro.org\/wp-content\/uploads\/2020\/12\/2002-Presumpscot-Projects-FERC-EIS-Part-1.pdf\">Projets Presumpscot - D\u00e9claration d&#039;impact environnemental de la FERC 2002, partie 1<\/a><\/li>\n<li><a href=\"https:\/\/lowimpacthydro.org\/wp-content\/uploads\/2020\/12\/2002-Presumpscot-Projects-FERC-EIS-Part-2.pdf\">Projets Presumpscot - D\u00e9claration d&#039;impact environnemental de la FERC 2002, partie 2<\/a><\/li>\n<\/ul>","protected":false},"excerpt":{"rendered":"<p>Project Name Little Falls LIHI Certificate No. 140 LIHI Certificate Term September 5, 2017 &#8211; September 4, 2027 Owner Presumpscot Hydro LLC, a subsidiary of Relevate<span class=\"excerpt-hellip\"> [\u2026]<\/span><\/p>\n","protected":false},"author":3,"featured_media":-1,"parent":0,"menu_order":0,"comment_status":"closed","ping_status":"closed","template":"","meta":{"_coblocks_attr":"","_coblocks_dimensions":"","_coblocks_responsive_height":"","_coblocks_accordion_ie_support":"","om_disable_all_campaigns":false,"_monsterinsights_skip_tracking":false,"_monsterinsights_sitenote_active":false,"_monsterinsights_sitenote_note":"","_monsterinsights_sitenote_category":0,"footnotes":""},"class_list":["post-765","page","type-page","status-publish","has-post-thumbnail","hentry"],"aioseo_notices":[],"_links":{"self":[{"href":"https:\/\/lowimpacthydro.org\/fr\/wp-json\/wp\/v2\/pages\/765","targetHints":{"allow":["GET"]}}],"collection":[{"href":"https:\/\/lowimpacthydro.org\/fr\/wp-json\/wp\/v2\/pages"}],"about":[{"href":"https:\/\/lowimpacthydro.org\/fr\/wp-json\/wp\/v2\/types\/page"}],"author":[{"embeddable":true,"href":"https:\/\/lowimpacthydro.org\/fr\/wp-json\/wp\/v2\/users\/3"}],"replies":[{"embeddable":true,"href":"https:\/\/lowimpacthydro.org\/fr\/wp-json\/wp\/v2\/comments?post=765"}],"version-history":[{"count":17,"href":"https:\/\/lowimpacthydro.org\/fr\/wp-json\/wp\/v2\/pages\/765\/revisions"}],"predecessor-version":[{"id":10120,"href":"https:\/\/lowimpacthydro.org\/fr\/wp-json\/wp\/v2\/pages\/765\/revisions\/10120"}],"wp:featuredmedia":[{"embeddable":true,"href":"https:\/\/lowimpacthydro.org\/fr\/wp-json\/"}],"wp:attachment":[{"href":"https:\/\/lowimpacthydro.org\/fr\/wp-json\/wp\/v2\/media?parent=765"}],"curies":[{"name":"wp","href":"https:\/\/api.w.org\/{rel}","templated":true}]}}