{"id":733,"date":"2020-07-17T12:47:07","date_gmt":"2020-07-17T16:47:07","guid":{"rendered":"https:\/\/lowimpacthydro.org\/new\/?page_id=733"},"modified":"2025-07-14T11:35:26","modified_gmt":"2025-07-14T15:35:26","slug":"lihi-certificate-144-emeryville-hydroelectric-project-new-york","status":"publish","type":"page","link":"https:\/\/lowimpacthydro.org\/fr\/lihi-certificate-144-emeryville-hydroelectric-project-new-york\/","title":{"rendered":"Certificat LIHI n\u00b0 #144 \u2013 Projet Emeryville"},"content":{"rendered":"<table class=\"alignright\" style=\"width: 351px; border: 2px; cellspacing: 2px; cellpadding: 2px; margin-left: 50px;\">\n<tbody>\n<tr>\n<td style=\"border-style: solid; width: 36.7257%;\" width=\"143\"><strong>Nom du projet<\/strong><\/td>\n<td style=\"border-style: solid; width: 69.0266%;\" width=\"243\">Emeryville<\/td>\n<\/tr>\n<tr>\n<td style=\"border-style: solid; width: 36.7257%;\" width=\"143\"><strong>Num\u00e9ro de certificat LIHI<\/strong><\/td>\n<td style=\"border-style: solid; width: 69.0266%;\" width=\"243\">144<\/td>\n<\/tr>\n<tr>\n<td style=\"border-style: solid; width: 36.7257%;\" width=\"143\"><strong>Dur\u00e9e du certificat LIHI<br \/>\n<\/strong><\/td>\n<td style=\"border-style: solid; width: 69.0266%;\" width=\"243\">10 juillet 2018 \u2013 9 juillet 2028<\/td>\n<\/tr>\n<tr>\n<td style=\"border-style: solid; width: 36.7257%;\" width=\"143\"><strong>Propri\u00e9taire<\/strong><\/td>\n<td style=\"border-style: solid; width: 69.0266%;\" width=\"243\">KE Emeryville LLC<\/td>\n<\/tr>\n<tr>\n<td style=\"border-style: solid; width: 36.7257%;\" width=\"143\"><strong>\u00c9tat<\/strong><\/td>\n<td style=\"border-style: solid; width: 69.0266%;\" width=\"243\">New York<\/td>\n<\/tr>\n<tr>\n<td style=\"border-style: solid; width: 36.7257%;\" width=\"143\"><strong>Emplacement<\/strong><\/td>\n<td style=\"border-style: solid; width: 69.0266%;\" width=\"243\">Mile 70 sur la rivi\u00e8re Oswegatchie<\/td>\n<\/tr>\n<tr>\n<td style=\"border-style: solid; width: 36.7257%;\" width=\"143\"><strong>Capacit\u00e9 install\u00e9e<\/strong><\/td>\n<td style=\"border-style: solid; width: 69.0266%;\" width=\"243\">3,48 MW<\/td>\n<\/tr>\n<tr>\n<td style=\"border-style: solid; width: 36.7257%;\" width=\"143\"><strong>G\u00e9n\u00e9ration annuelle moyenne<\/strong><\/td>\n<td style=\"border-style: solid; width: 69.0266%;\" width=\"243\">18 761 MWh<\/td>\n<\/tr>\n<tr>\n<td style=\"border-style: solid; width: 36.7257%;\" width=\"143\"><strong>Type d&#039;\u00e9tablissement<\/strong><\/td>\n<td style=\"border-style: solid; width: 69.0266%;\" width=\"243\"><span class='tooltipsall tooltip_post_id_5643 classtoolTips52'>Au fil de l&#039;eau<\/span><\/td>\n<\/tr>\n<tr>\n<td style=\"border-style: solid; width: 36.7257%;\" width=\"143\"><strong><span class='tooltipsall tooltip_post_id_5565 classtoolTips152'>F\u00e9d\u00e9ration internationale de radio-t\u00e9l\u00e9vision (FERC)<\/span> Non.<\/strong><\/td>\n<td style=\"border-style: solid; width: 69.0266%;\" width=\"243\">P-2850 d\u00e9livr\u00e9 en 2012, expire le 31\/05\/2052<\/td>\n<\/tr>\n<\/tbody>\n<\/table>\n<p>Le projet Emeryville est situ\u00e9 sur la rivi\u00e8re Oswegatchie, dans la ville de Fowler, dans l&#039;\u00c9tat de New York. La rivi\u00e8re Oswegatchie, longue de 212 kilom\u00e8tres et affluent du fleuve Saint-Laurent, est dot\u00e9e de nombreux barrages et installations hydro\u00e9lectriques. <span class='tooltipsall tooltip_post_id_5583 classtoolTips100'>sources<\/span> dans le nord-ouest des Adirondacks jusqu&#039;\u00e0 sa confluence avec le Saint-Laurent \u2013 le projet Emeryville est le neuvi\u00e8me en amont <span class='tooltipsall tooltip_post_id_5545 classtoolTips158'>barrage<\/span> situ\u00e9 \u00e0 environ deux milles en aval du Hollow <span class='tooltipsall tooltip_post_id_5545 classtoolTips158'>Barrage<\/span> (FERC #6972) et \u00e0 deux milles en amont du barrage Fowler #7 (FERC #6059). <a href=\"https:\/\/lowimpacthydro.org\/fr\/lihi-certificate-161-oswegatchie-river-hydroelectric-new-york\/\">Projet de d\u00e9veloppement multiple d&#039;Oswegatchie (LIHI #161)<\/a> et le <a href=\"https:\/\/lowimpacthydro.org\/fr\/lihi-certificate-32-newton-falls-hydroelectric-project-new-york\/\">Projet Newton Falls (LIHI #32)<\/a> sont tous deux situ\u00e9s en amont du projet et <a href=\"https:\/\/lowimpacthydro.org\/fr\/hailesboro-no-6-project-new-york\/\">Hailesboro n\u00b0 6 (LIHI #199)<\/a>, <a href=\"https:\/\/lowimpacthydro.org\/fr\/hailesboro-no-4-project-new-york\/\">Hailesboro n\u00b0 4 (LIHI #198)<\/a> et <a href=\"https:\/\/lowimpacthydro.org\/fr\/hailesboro-no-3-project-new-york\/\">Hailesboro n\u00b03 (LIHI #197)<\/a> les projets sont situ\u00e9s en aval du barrage Fowler #7.<\/p>\n<p>L&#039;histoire du site remonte au XIXe si\u00e8cle, \u00e9poque \u00e0 laquelle l&#039;\u00e9nergie hydraulique \u00e9tait utilis\u00e9e pour alimenter les broyeurs \u00e0 p\u00e2te. En 1938, Rushmore Paper Mills, Inc. d\u00e9molit l&#039;usine de p\u00e2te et la rempla\u00e7a par une centrale hydro\u00e9lectrique. Hampshire Paper Company (HPC) racheta le site \u00e0 Rushmore Paper Mills en 1953. En 1987, HPC entreprit un important programme de r\u00e9novation, avec la suppression et le remplacement des <span class='tooltipsall tooltip_post_id_5624 classtoolTips102'>centrale<\/span>, \u00e9quipement turbine-alternateur, poste de man\u0153uvre et portions de la prise d&#039;eau. Le projet appartient actuellement \u00e0 KE Emeryville, LLC.<\/p>\n<p>Le projet comprend le barrage, <span class='tooltipsall tooltip_post_id_5619 classtoolTips124'>conduite forc\u00e9e<\/span>, structure de prise d&#039;eau, bief de d\u00e9rivation et centrale \u00e9lectrique contenant une turbine. Le barrage est un remblai en bois et terre, recouvert de b\u00e9ton, de 5,1 m\u00e8tres de haut et de 56 m\u00e8tres de long. <span class='tooltipsall tooltip_post_id_5580 classtoolTips81'>barrage-poids<\/span> avec un b\u00e9ton de 176 pieds de long <span class='tooltipsall tooltip_post_id_5651 classtoolTips116'>d\u00e9versoir<\/span> \u00e9quip\u00e9 de 2,4 pieds de haut <span class='tooltipsall tooltip_post_id_5569 classtoolTips79'>tableaux d&#039;affichage<\/span> et un d\u00e9versoir \u00e0 d\u00e9bit minimal de 1,20 m de large et 1,50 m de profondeur. La structure de prise d&#039;eau est constitu\u00e9e d&#039;une vanne de t\u00eate en b\u00e9ton arm\u00e9 de 42 m de long sur 9 m de large. <span class='tooltipsall tooltip_post_id_5574 classtoolTips146'>buse<\/span>, \u00e9quip\u00e9 de quatre <span class='tooltipsall tooltip_post_id_5582 classtoolTips122'>portes de t\u00eate<\/span> et des grilles \u00e0 d\u00e9chets espac\u00e9es de 12,7 cm. La conduite forc\u00e9e de 18,3 m de long et 4,2 m de diam\u00e8tre m\u00e8ne \u00e0 la centrale \u00e9lectrique en b\u00e9ton contenant les conduites horizontales. <span class='tooltipsall tooltip_post_id_5523 classtoolTips24'>turbine \u00e0 flux axial<\/span> D&#039;une puissance install\u00e9e de 3,481 MW, le d\u00e9bit est rejet\u00e9 dans le canal de fuite et l&#039;\u00e9lectricit\u00e9 produite est achemin\u00e9e vers le r\u00e9seau via la ligne de transport de 23 kilovolts, longue de 24 m\u00e8tres. Le tron\u00e7on contourn\u00e9, long de 69 m\u00e8tres, passe sous la route 22, entre le barrage d&#039;Emeryville et la centrale en aval.<\/p>\n<p>Le projet op\u00e8re dans <span class='tooltipsall tooltip_post_id_5643 classtoolTips52'>au fil de l&#039;eau<\/span> Le projet pr\u00e9voit un mode de fonctionnement et la mise en eau d&#039;un r\u00e9servoir de 35 acres. Ce projet assure un d\u00e9bit minimal de 20 pi\u00b3\/s dans le tron\u00e7on contourn\u00e9 tout au long de l&#039;ann\u00e9e. Un capteur de retenue surveille le niveau du r\u00e9servoir et ajuste automatiquement le d\u00e9bit de la turbine pour maintenir ce niveau. Le r\u00e9gime d&#039;\u00e9coulement a \u00e9t\u00e9 \u00e9labor\u00e9 en consultation avec le D\u00e9partement de la conservation de l&#039;environnement de l&#039;\u00c9tat de New York (NYSDEC) et l&#039;USFWS. Ce r\u00e9gime vise \u00e0 prot\u00e9ger les esp\u00e8ces aquatiques et \u00e0 am\u00e9liorer les habitats.<\/p>\n<p>Les eaux situ\u00e9es dans la zone d&#039;application du projet sont d\u00e9sign\u00e9es comme \u00e9tant de classe A. Les utilisations d\u00e9sign\u00e9es, telles que prescrites par le NYSDEC, comprennent l&#039;approvisionnement \u00e0 des fins de boisson, de cuisine ou de transformation des aliments, les eaux primaires et <span class='tooltipsall tooltip_post_id_5646 classtoolTips7'>loisirs de contact secondaire<\/span>, et la p\u00eache. Les tests de qualit\u00e9 de l&#039;eau ont r\u00e9v\u00e9l\u00e9 que les bioindicateurs, notamment les niveaux d&#039;oxyg\u00e8ne dissous et de pH, \u00e9taient inchang\u00e9s en amont et en aval du projet.<\/p>\n<p>Les esp\u00e8ces de poissons migrateurs ne sont pas pr\u00e9sentes dans la rivi\u00e8re Oswegatchie au niveau du projet, et le passage en amont est \u00e9galement bloqu\u00e9 par des barrages en aval. Un canal de d\u00e9rivation permet aux poissons r\u00e9sidents de passer dans un <span class='tooltipsall tooltip_post_id_5620 classtoolTips86'>piscine de plong\u00e9e<\/span> Dans le tron\u00e7on contourn\u00e9, des grilles \u00e0 d\u00e9chets espac\u00e9es de 2,5 cm sont install\u00e9es de fa\u00e7on saisonni\u00e8re (du 15 mars au 30 novembre) pour emp\u00eacher les poissons de passer \u00e0 travers les turbines. Le ma\u00eetre d&#039;ouvrage a am\u00e9lior\u00e9 cette m\u00e9thode. <span class='tooltipsall tooltip_post_id_5566 classtoolTips59'>passage des poissons<\/span> en approfondissant et en \u00e9largissant le bassin de plong\u00e9e ainsi qu&#039;en retirant les roches susceptibles d&#039;endommager les esp\u00e8ces riveraines dans la goulotte de d\u00e9rivation.<\/p>\n<p>La propri\u00e9t\u00e9 du projet s&#039;\u00e9tend sur environ 22 hectares, sans compter le bassin de retenue. Un plan de surveillance des esp\u00e8ces envahissantes a \u00e9t\u00e9 mis en \u0153uvre afin d&#039;\u00e9radiquer les populations d&#039;hydrocotyle p\u00e2le. Le projet a install\u00e9 des panneaux d&#039;information, des stations de collecte publiques et form\u00e9 le personnel \u00e0 l&#039;identification des esp\u00e8ces ainsi qu&#039;aux proc\u00e9dures d&#039;\u00e9limination et de traitement appropri\u00e9es.<\/p>\n<p>Les esp\u00e8ces menac\u00e9es et en voie de disparition potentiellement pr\u00e9sentes \u00e0 proximit\u00e9 du projet comprennent\u00a0: la chauve-souris nordique \u00e0 longues oreilles, la chauve-souris de l&#039;Indiana, l&#039;esturgeon jaune, la laquaiche argent\u00e9e, le dard de sable et le carex de Fernald. Aucun habitat essentiel pour ces deux esp\u00e8ces de chauves-souris n&#039;existe dans la zone du projet. L&#039;esp\u00e8ce de carex n&#039;est pas touch\u00e9e par les activit\u00e9s du projet, et les esp\u00e8ces de poissons sont pr\u00e9sentes en aval du projet, mais pas \u00e0 proximit\u00e9. Aucun habitat de frai n&#039;a \u00e9t\u00e9 observ\u00e9 dans la zone du projet, malgr\u00e9 la pr\u00e9sence d&#039;habitats propices.<\/p>\n<p>Le Bureau de pr\u00e9servation historique de l&#039;\u00c9tat et le Corps des ing\u00e9nieurs de l&#039;arm\u00e9e am\u00e9ricaine ont not\u00e9 que les op\u00e9rations du projet n&#039;ont aucun impact sur les propri\u00e9t\u00e9s historiques enregistr\u00e9es.<\/p>\n<p>Les ressources r\u00e9cr\u00e9atives du projet comprennent deux rampes de mise \u00e0 l\u2019eau qui donnent acc\u00e8s au bassin de retenue et au canal de fuite, un sentier de portage en canot et une aire de pique-nique.<\/p>\n<hr \/>\n<h3>\u00c9tat de conformit\u00e9<\/h3>\n<p><strong>Il n&#039;existe aucune condition sp\u00e9cifique \u00e0 l&#039;\u00e9tablissement dans le certificat actuel<\/strong><\/p>\n<p><strong>2025: <\/strong>Aucun changement important ni probl\u00e8me de conformit\u00e9 n&#039;ont \u00e9t\u00e9 identifi\u00e9s. Le projet reste conforme sur la base de l&#039;examen annuel. <strong><br \/>\n<\/strong><\/p>\n<p><strong>2024: <\/strong>Aucun changement important ni probl\u00e8me de conformit\u00e9 n&#039;ont \u00e9t\u00e9 identifi\u00e9s. Le projet reste conforme sur la base de l&#039;examen annuel.<\/p>\n<p><strong>2023: <\/strong>Aucun changement important ni probl\u00e8me de conformit\u00e9 n&#039;ont \u00e9t\u00e9 identifi\u00e9s. Le projet reste conforme sur la base de l&#039;examen annuel.<\/p>\n<p><strong>2022: <\/strong>Aucun changement important ni probl\u00e8me de conformit\u00e9 n&#039;ont \u00e9t\u00e9 identifi\u00e9s. Le projet reste conforme sur la base de l&#039;examen annuel.<\/p>\n<p><strong>2021:<\/strong> Aucun changement ni probl\u00e8me de conformit\u00e9 n&#039;a \u00e9t\u00e9 signal\u00e9. Le projet reste conforme sur la base de l&#039;examen annuel.<\/p>\n<p><strong>2020:<\/strong> Aucun changement ni probl\u00e8me de conformit\u00e9 n&#039;a \u00e9t\u00e9 signal\u00e9. Le projet reste conforme sur la base de l&#039;examen annuel.<\/p>\n<p><strong>2019:<\/strong> Aucun changement ni probl\u00e8me de conformit\u00e9 n&#039;a \u00e9t\u00e9 signal\u00e9. Le projet reste conforme sur la base de l&#039;examen annuel.<\/p>\n<p><strong>2018:<\/strong> Le rapport annuel pour le certificat actuel n\u2019est pas encore entr\u00e9 en vigueur.<\/p>\n<hr \/>\n<h3>Historique des certifications<\/h3>\n<p><strong>1er janvier 2022 :<\/strong> La dur\u00e9e du certificat LIHI a \u00e9t\u00e9 prolong\u00e9e conform\u00e9ment \u00e0 la r\u00e9vision 2.05 du manuel de certification LIHI 2e \u00e9dition publi\u00e9 le 1er janvier 2022. Reportez-vous au tableau des \u00e9tablissements ci-dessus pour conna\u00eetre la nouvelle dur\u00e9e.<\/p>\n<p><strong>10 octobre 2018 : <\/strong>Le d\u00e9lai d&#039;appel de 30 jours pour la d\u00e9cision de certification pr\u00e9liminaire du projet hydro\u00e9lectrique d&#039;Emeryville a expir\u00e9 le 6 octobre 2018, sans qu&#039;aucun appel n&#039;ait \u00e9t\u00e9 re\u00e7u. La d\u00e9cision est donc d\u00e9finitive et le projet hydro\u00e9lectrique d&#039;Emeryville porte le certificat LIHI n\u00b0 #144. La validit\u00e9 du certificat s&#039;\u00e9tend du 10 juillet 2018 au 9 juillet 2023.<\/p>\n<p><strong>4 septembre 2018 :<\/strong>Le Low Impact Hydropower Institute (LIHI) a approuv\u00e9 la certification \u00ab\u00a0faible impact\u00a0\u00bb pour le projet hydro\u00e9lectrique d&#039;Emeryville. Cette d\u00e9cision est provisoire, dans l&#039;attente d&#039;un d\u00e9lai d&#039;appel de 30\u00a0jours. Seuls les participants ayant formul\u00e9 des commentaires sur la demande initiale pendant ce d\u00e9lai de 60\u00a0jours sont autoris\u00e9s \u00e0 d\u00e9poser un recours. Ce recours doit inclure une explication expliquant en quoi les projets ne r\u00e9pondent pas aux crit\u00e8res du LIHI. Les demandes de recours peuvent \u00eatre soumises par courriel \u00e0 l&#039;adresse suivante\u00a0: <a href=\"mailto:comments@lowimpacthydro.org\">comments@lowimpacthydro.org<\/a> avec \u00ab Projet hydro\u00e9lectrique d&#039;Emeryville \u00bb dans l&#039;objet, ou par courrier adress\u00e9 au Low Impact Hydropower Institute, 329 Massachusetts Ave, Suite 2, Lexington, MA 02420. Toutes les demandes seront publi\u00e9es sur le site Web et le demandeur aura la possibilit\u00e9 de r\u00e9pondre et toute r\u00e9ponse sera \u00e9galement publi\u00e9e. <strong>Les demandes doivent \u00eatre re\u00e7ues avant 17 h, heure de l\u2019Est, le 6 octobre 2018.<\/strong> Le dossier complet et le rapport des \u00e9valuateurs sont disponibles ci-dessous. Si aucune demande d&#039;appel n&#039;est re\u00e7ue et que la d\u00e9cision devient d\u00e9finitive, la p\u00e9riode de certification du projet Emeryville s&#039;\u00e9tendra du 10 juillet 2018 au 9 juillet 2023.<\/p>\n<p><strong>20 f\u00e9vrier 2018 :<\/strong> Le Low Impact Hydropower Institute (LIHI) a re\u00e7u une demande compl\u00e8te de KEI (USA) Power Management Inc. pour la certification \u00ab\u00a0faible impact\u00a0\u00bb du projet hydro\u00e9lectrique d&#039;Emeryville (n\u00b0 FERC 2850), propri\u00e9t\u00e9 de KE Emeryville LLC. Le projet est situ\u00e9 au kilom\u00e8tre 70 de la rivi\u00e8re Oswegatchie, dans la ville de Fowler, dans le comt\u00e9 de St. Lawrence, dans l&#039;\u00c9tat de New York. Il s&#039;agit du neuvi\u00e8me site de d\u00e9veloppement hydro\u00e9lectrique en amont de la confluence avec le fleuve Saint-Laurent. Le LIHI sollicite des commentaires sur la demande de certification d&#039;Emeryville. Les commentaires directement li\u00e9s \u00e0 ses crit\u00e8res (d\u00e9bits, qualit\u00e9 de l&#039;eau, passage des poissons, etc.) seront les bienvenus, mais tous les commentaires seront pris en compte. Vous pouvez envoyer vos commentaires \u00e0 l&#039;Institut par courriel \u00e0 l&#039;adresse suivante\u00a0:\u00a0<a href=\"mailto:comments@lowimpacthydro.org\">comments@lowimpacthydro.org<\/a>\u00a0avec \u00ab\u00a0Commentaires d&#039;Emeryville\u00a0\u00bb dans l&#039;objet, ou par courrier adress\u00e9 au Low Impact Hydropower Institute, 329 Massachusetts Avenue, Suite 2, Lexington, MA 02420.\u00a0 <strong>Les commentaires doivent \u00eatre re\u00e7us \u00e0 l&#039;Institut au plus tard \u00e0 17 heures, heure de l&#039;Est, le 21 avril 2018.<\/strong>\u00a0\u00e0 prendre en consid\u00e9ration. Tous les commentaires seront publi\u00e9s sur le site Web et le candidat aura la possibilit\u00e9 d&#039;y r\u00e9pondre. Toute r\u00e9ponse sera \u00e9galement publi\u00e9e.<\/p>\n<hr \/>\n<h3>Dossiers de certification<\/h3>\n<h4>Certification 2018<\/h4>\n<ul style=\"color: black;\">\n<li><a href=\"https:\/\/lowimpacthydro.org\/wp-content\/uploads\/2020\/07\/Emeryville-2018-Final-Certification-Report.pdf\">Rapport d&#039;examen de certification d&#039;Emeryville 2018<\/a><\/li>\n<li><a href=\"https:\/\/lowimpacthydro.org\/wp-content\/uploads\/2020\/07\/20180705-Final-Emeryville-LIHI-Application-1.pdf\">Demande de certification Emeryville 2018<\/a><\/li>\n<\/ul>\n<hr \/>\n<h3>Documents cl\u00e9s<\/h3>\n<ul>\n<li><a href=\"https:\/\/lowimpacthydro.org\/wp-content\/uploads\/2020\/12\/2012-Emeryville-FERC-license.pdf\">Licence FERC d&#039;Emeryville 2012<\/a><\/li>\n<li><a href=\"https:\/\/lowimpacthydro.org\/wp-content\/uploads\/2020\/12\/2011-Emeryville-WQC.pdf\">Certificat de qualit\u00e9 de l&#039;eau d&#039;Emeryville 2011<\/a><\/li>\n<li><a href=\"https:\/\/lowimpacthydro.org\/wp-content\/uploads\/2020\/12\/2011-Emeryville-FERC-EA.pdf\">\u00c9valuation environnementale de la FERC d&#039;Emeryville 2011<\/a><\/li>\n<li><a href=\"https:\/\/lowimpacthydro.org\/wp-content\/uploads\/2020\/12\/2010-Emeryville-Settlement-Agreement.pdf\">Accord de r\u00e8glement d&#039;Emeryville 2010<\/a><\/li>\n<\/ul>","protected":false},"excerpt":{"rendered":"<p>Project Name Emeryville LIHI Certificate No. 144 LIHI Certificate Term July 10, 2018 &#8211; July 9, 2028 Owner KE Emeryville LLC State New York Location River<span class=\"excerpt-hellip\"> [\u2026]<\/span><\/p>\n","protected":false},"author":3,"featured_media":-1,"parent":0,"menu_order":0,"comment_status":"closed","ping_status":"closed","template":"","meta":{"_coblocks_attr":"","_coblocks_dimensions":"","_coblocks_responsive_height":"","_coblocks_accordion_ie_support":"","om_disable_all_campaigns":false,"_monsterinsights_skip_tracking":false,"_monsterinsights_sitenote_active":false,"_monsterinsights_sitenote_note":"","_monsterinsights_sitenote_category":0,"footnotes":""},"class_list":["post-733","page","type-page","status-publish","has-post-thumbnail","hentry"],"_links":{"self":[{"href":"https:\/\/lowimpacthydro.org\/fr\/wp-json\/wp\/v2\/pages\/733","targetHints":{"allow":["GET"]}}],"collection":[{"href":"https:\/\/lowimpacthydro.org\/fr\/wp-json\/wp\/v2\/pages"}],"about":[{"href":"https:\/\/lowimpacthydro.org\/fr\/wp-json\/wp\/v2\/types\/page"}],"author":[{"embeddable":true,"href":"https:\/\/lowimpacthydro.org\/fr\/wp-json\/wp\/v2\/users\/3"}],"replies":[{"embeddable":true,"href":"https:\/\/lowimpacthydro.org\/fr\/wp-json\/wp\/v2\/comments?post=733"}],"version-history":[{"count":10,"href":"https:\/\/lowimpacthydro.org\/fr\/wp-json\/wp\/v2\/pages\/733\/revisions"}],"predecessor-version":[{"id":9798,"href":"https:\/\/lowimpacthydro.org\/fr\/wp-json\/wp\/v2\/pages\/733\/revisions\/9798"}],"wp:featuredmedia":[{"embeddable":true,"href":"https:\/\/lowimpacthydro.org\/fr\/wp-json\/"}],"wp:attachment":[{"href":"https:\/\/lowimpacthydro.org\/fr\/wp-json\/wp\/v2\/media?parent=733"}],"curies":[{"name":"wp","href":"https:\/\/api.w.org\/{rel}","templated":true}]}}