{"id":714,"date":"2020-07-16T16:33:35","date_gmt":"2020-07-16T20:33:35","guid":{"rendered":"https:\/\/lowimpacthydro.org\/new\/?page_id=714"},"modified":"2025-10-24T11:08:39","modified_gmt":"2025-10-24T15:08:39","slug":"lihi-certificate-146-essex-19-hydroelectric-project-vermont","status":"publish","type":"page","link":"https:\/\/lowimpacthydro.org\/fr\/lihi-certificate-146-essex-19-hydroelectric-project-vermont\/","title":{"rendered":"Certificat LIHI #146 \u2013 Projet Essex 19, VT"},"content":{"rendered":"<table class=\"alignright\" style=\"width: 351px; border: 2px; cellspacing: 2px; cellpadding: 2px; margin-left: 50px;\">\n<tbody>\n<tr style=\"height: 24px;\">\n<td style=\"width: 48.0712%; height: 24px;\"><strong>Nom du projet<\/strong><\/td>\n<td style=\"width: 49.2582%; height: 24px;\">Essex 19<\/td>\n<\/tr>\n<tr style=\"height: 24px;\">\n<td style=\"width: 48.0712%; height: 24px;\"><strong>Num\u00e9ro de certificat LIHI<\/strong><\/td>\n<td style=\"width: 49.2582%; height: 24px;\">146<\/td>\n<\/tr>\n<tr style=\"height: 48px;\">\n<td style=\"width: 48.0712%; height: 48px;\"><strong>Dur\u00e9e du certificat LIHI<br \/>\n<\/strong><\/td>\n<td style=\"width: 49.2582%; height: 48px;\">31 octobre 2018 \u2013 30 octobre 2023 prolong\u00e9 jusqu&#039;au 30 octobre 2026<\/td>\n<\/tr>\n<tr style=\"height: 48px;\">\n<td style=\"width: 48.0712%; height: 48px;\"><strong>Propri\u00e9taire<\/strong><\/td>\n<td style=\"width: 49.2582%; height: 48px;\">Soci\u00e9t\u00e9 d&#039;\u00e9nergie de Green Mountain<\/td>\n<\/tr>\n<tr style=\"height: 24px;\">\n<td style=\"width: 48.0712%; height: 24px;\"><strong>\u00c9tat<\/strong><\/td>\n<td style=\"width: 49.2582%; height: 24px;\">Vermont<\/td>\n<\/tr>\n<tr style=\"height: 120px;\">\n<td style=\"width: 48.0712%; height: 120px;\"><strong>Emplacement<\/strong><\/td>\n<td style=\"width: 49.2582%; height: 120px;\">Mile fluvial 17,6 sur le cours principal de la rivi\u00e8re Winooski dans les cantons d&#039;Essex Junction et Williston, comt\u00e9 de Chittenden, Vermont.<\/td>\n<\/tr>\n<tr style=\"height: 24px;\">\n<td style=\"width: 48.0712%; height: 24px;\"><strong>Capacit\u00e9 install\u00e9e<\/strong><\/td>\n<td style=\"width: 49.2582%; height: 24px;\">8,05 MW<\/td>\n<\/tr>\n<tr style=\"height: 61px;\">\n<td style=\"width: 48.0712%; height: 10px;\"><strong>G\u00e9n\u00e9ration annuelle moyenne<\/strong><\/td>\n<td style=\"width: 49.2582%; height: 10px;\">42 925 MWh<\/td>\n<\/tr>\n<tr style=\"height: 24px;\">\n<td style=\"width: 48.0712%; height: 24px;\"><strong>Type d&#039;\u00e9tablissement<\/strong><\/td>\n<td style=\"width: 49.2582%; height: 24px;\">Modifi\u00e9 <span class='tooltipsall tooltip_post_id_5617 classtoolTips132'>culminant<\/span><\/td>\n<\/tr>\n<tr style=\"height: 48px;\">\n<td style=\"width: 48.0712%; height: 48px;\"><strong><span class='tooltipsall tooltip_post_id_5565 classtoolTips152'>F\u00e9d\u00e9ration internationale de radio-t\u00e9l\u00e9vision (FERC)<\/span> Non.<\/strong><\/td>\n<td style=\"width: 49.2582%; height: 48px;\">P-2513 d\u00e9livr\u00e9 en 1995, expire le 28\/02\/2025<\/td>\n<\/tr>\n<\/tbody>\n<\/table>\n<p>Le projet Essex 19 est situ\u00e9 sur le cours principal de la rivi\u00e8re Winooski, dans les villes d&#039;Essex Junction et de Williston, dans le comt\u00e9 de Chittenden, au Vermont. La rivi\u00e8re Winooski coule vers le nord-ouest et se jette dans le lac Champlain. <span class='tooltipsall tooltip_post_id_5545 classtoolTips158'>barrage<\/span> Un barrage a \u00e9t\u00e9 construit aux chutes Hubble entre 1913 et 1917. Cependant, un barrage existe \u00e0 cet endroit depuis la fin du XVIIIe si\u00e8cle. Le barrage initial a \u00e9t\u00e9 emport\u00e9 par les eaux en 1798, et un autre barrage a \u00e9t\u00e9 construit juste en amont de l&#039;emplacement actuel. Peu apr\u00e8s 1830, un barrage en bois a \u00e9t\u00e9 construit juste en aval de l&#039;emplacement actuel. Le projet est situ\u00e9 en aval de neuf autres projets hydro\u00e9lectriques, dont celui de la <a href=\"https:\/\/lowimpacthydro.org\/fr\/lihi-certificate-77-winooski-8-hydroelectric-project-vermont\/\">Projet Winooski n\u00b0 8 (LIHI #77<\/a>). En continuant en aval, il existe deux autres projets hydro\u00e9lectriques, dont l&#039;un est le <a href=\"https:\/\/lowimpacthydro.org\/fr\/lihi-certificate-16-winooski-one-chace-mill-hydroelectric-project-vermont\/\">Projet Winooski One (Chace Mill) (LIHI #16)<\/a>Le projet Essex 19 appartient \u00e0 Green Mountain Power (GMP), le premier service public d&#039;\u00e9nergie certifi\u00e9 comme <a href=\"https:\/\/bcorporation.net\/\">Soci\u00e9t\u00e9 B.<\/a><\/p>\n<p>Le projet comprend un b\u00e9ton <span class='tooltipsall tooltip_post_id_5580 classtoolTips81'>barrage-poids<\/span>, <span class='tooltipsall tooltip_post_id_5651 classtoolTips116'>d\u00e9versoir<\/span>, six <span class='tooltipsall tooltip_post_id_5619 classtoolTips124'>conduites forc\u00e9es<\/span>, <span class='tooltipsall tooltip_post_id_5624 classtoolTips102'>centrale<\/span>, quatre turbines de type Francis, une unit\u00e9 de d\u00e9bit minimum, une port\u00e9e contourn\u00e9e et <span class='tooltipsall tooltip_post_id_5566 classtoolTips59'>passage des poissons<\/span> facilit\u00e9.<\/p>\n<p>Le barrage mesure 495 pieds de long avec une section de d\u00e9versoir non contr\u00f4l\u00e9 de 345 pieds de long sur 45 pieds de haut surmont\u00e9e d&#039;un gonflable de 5 pieds de haut <span class='tooltipsall tooltip_post_id_5569 classtoolTips79'>tableaux d&#039;affichage<\/span>, et une section de pointe de 84 pieds de long sur 45 pieds de haut surmont\u00e9e de planches gonflables de 6,5 pieds de haut. Deux tubes en acier de 3 pieds de diam\u00e8tre<span class='tooltipsall tooltip_post_id_5551 classtoolTips110'>d\u00e9rivation<\/span> Des conduites forc\u00e9es et quatre conduites forc\u00e9es de d\u00e9rivation en acier de 2,7 m\u00e8tres de diam\u00e8tre relient le barrage \u00e0 la centrale. La centrale comprend quatre turbines horizontales de type Francis ainsi qu&#039;une unit\u00e9 \u00e0 d\u00e9bit minimal, situ\u00e9e dans une ancienne baie d&#039;excitation inutilis\u00e9e, une double turbine horizontale de type Francis. La puissance totale install\u00e9e est de 8,05 MW.<\/p>\n<p>Le projet fonctionne en grande partie comme une installation de pointe modifi\u00e9e avec des capacit\u00e9s saisonni\u00e8res. <span class='tooltipsall tooltip_post_id_5643 classtoolTips52'>au fil de l&#039;eau<\/span> Exploitation et mise en eau d&#039;un r\u00e9servoir de 352 acres. Les d\u00e9bits varient selon les saisons\u00a0:<\/p>\n<ul style=\"color: black;\">\n<li>Du 16 mai au 15 juin, le projet pr\u00e9voit un d\u00e9bit minimum de 1 000 pi3\/s, ou un apport si inf\u00e9rieur, pour la protection de l\u2019habitat de frai et d\u2019incubation de l\u2019esturgeon noir.<\/li>\n<li>Du 16 juin au 31 mars, le projet pr\u00e9voit un d\u00e9bit minimum de 450 pi3\/s, ou un apport si inf\u00e9rieur, pour la protection de l\u2019habitat des salmonid\u00e9s.<\/li>\n<li>Du 1er avril au 15 mai, le projet fonctionne au fil de l&#039;eau avec un d\u00e9bit minimum de 50 pi\u00b3\/s ou un d\u00e9bit entrant, s&#039;il est inf\u00e9rieur, dans le tron\u00e7on contourn\u00e9 par la passe migratoire (depuis l&#039;installation de l&#039;unit\u00e9 de d\u00e9bit minimum, le projet rejette tous les d\u00e9bits inf\u00e9rieurs \u00e0 100 pi\u00b3\/s dans le tron\u00e7on contourn\u00e9 par la passe migratoire en aval). Le d\u00e9bit sortant se rapproche du d\u00e9bit entrant sur une base instantan\u00e9e afin de prot\u00e9ger l&#039;habitat de frai et d&#039;incubation du dor\u00e9 jaune.<\/li>\n<\/ul>\n<p>Le projet est autoris\u00e9 pour des op\u00e9rations de pointe limit\u00e9es entre le 16 mai et le 31 mars, mais GMP n&#039;exploite pas le projet pendant les p\u00e9riodes de pointe. Lorsque le d\u00e9bit de la rivi\u00e8re est sup\u00e9rieur \u00e0 275 pi3\/s, les d\u00e9bits sont lib\u00e9r\u00e9s par la d\u00e9rivation (via la passe \u00e0 poissons en aval) et les turbines. Lorsque le d\u00e9bit de la rivi\u00e8re est sup\u00e9rieur \u00e0 100 pi3\/s, les d\u00e9bits sont lib\u00e9r\u00e9s par la d\u00e9rivation et l&#039;unit\u00e9 de d\u00e9bit minimal, et lorsque le d\u00e9bit est inf\u00e9rieur \u00e0 100 pi3\/s, les d\u00e9bits sont lib\u00e9r\u00e9s par la d\u00e9rivation. Ce r\u00e9gime d&#039;\u00e9coulement a \u00e9t\u00e9 \u00e9labor\u00e9 en consultation avec l&#039;Agence des ressources naturelles du Vermont (VANR) afin de garantir la protection des habitats aquatiques.<\/p>\n<p>Les eaux situ\u00e9es dans le p\u00e9rim\u00e8tre du projet, en amont comme en aval, sont class\u00e9es comme alt\u00e9r\u00e9es en raison de la pr\u00e9sence d&#039;E. coli. Cependant, le VANR a d\u00e9termin\u00e9 que cette alt\u00e9ration n&#039;est pas imputable aux activit\u00e9s du projet. L&#039;alt\u00e9ration en aval est caus\u00e9e par les d\u00e9bordements des \u00e9gouts unitaires des villes de Burlington et d&#039;Essex, et l&#039;alt\u00e9ration en amont est \u00e9galement caus\u00e9e par les d\u00e9bordements de la station d&#039;\u00e9puration de Montpelier.<\/p>\n<p>La rivi\u00e8re Winooski et le bassin du lac Champlain abritaient autrefois de nombreux <span class='tooltipsall tooltip_post_id_5518 classtoolTips36'>poisson anadrome<\/span> esp\u00e8ces telles que l&#039;esturgeon et le saumon de l&#039;Atlantique. Cependant, la destruction de leur habitat et la surp\u00eache ont des cons\u00e9quences n\u00e9fastes <span class='tooltipsall tooltip_post_id_5561 classtoolTips99'>extirp\u00e9<\/span> Ces esp\u00e8ces ont \u00e9t\u00e9 rep\u00e9r\u00e9es dans la r\u00e9gion il y a environ 150 ans. Depuis, des efforts ont \u00e9t\u00e9 d\u00e9ploy\u00e9s pour permettre aux ouananiches de passer du lac Champlain vers les rivi\u00e8res pour frayer. Le ma\u00eetre d&#039;ouvrage collabore avec le projet d&#039;ascenseur \u00e0 poissons Winooski One pour faciliter la migration de la population de saumon. <span class='tooltipsall tooltip_post_id_5666 classtoolTips49'>pi\u00e8ge et camion<\/span> Les co\u00fbts d&#039;exploitation sont partag\u00e9s entre les installations et les saumons sont rel\u00e2ch\u00e9s en amont du projet. Des mesures temporaires de passage en aval ont \u00e9t\u00e9 mises en place en juillet 2018, avec un barrage provisoire. La construction de structures plus permanentes a \u00e9t\u00e9 entreprise en 2019, en consultation avec le Service am\u00e9ricain de la p\u00eache et de la faune sauvage (USFWS) et le VANR. Le propri\u00e9taire a int\u00e9gr\u00e9 les recommandations de ces agences dans le barrage permanent de passage en aval et a d\u00e9cal\u00e9 la saison de passage en aval, conform\u00e9ment \u00e0 la demande de l&#039;USFWS. Des grilles \u00e0 d\u00e9chets espac\u00e9es de 2,5 cm att\u00e9nuent le risque de <span class='tooltipsall tooltip_post_id_5558 classtoolTips77'>entra\u00eenement<\/span>.<\/p>\n<p>Le terrain du projet s&#039;\u00e9tend sur environ 1,8 hectare. Bien qu&#039;il n&#039;y ait pas de terres pr\u00e9sentant une valeur \u00e9cologique significative dans la zone du projet, un plan de gestion du paysage r\u00e9git la gestion de la v\u00e9g\u00e9tation. Ce plan assure l&#039;int\u00e9gration des travaux du projet au paysage ainsi que l&#039;entretien de la v\u00e9g\u00e9tation autour de la centrale et du tron\u00e7on contourn\u00e9.<\/p>\n<p>Parmi les esp\u00e8ces potentiellement menac\u00e9es ou en voie de disparition pr\u00e9sentes \u00e0 proximit\u00e9 du projet figurent la chauve-souris nordique \u00e0 longues oreilles, la chauve-souris de l&#039;Indiana, la cicind\u00e8le des pav\u00e9s, le crotale de Boott et la pipistrelle de l&#039;Est. Les activit\u00e9s d&#039;exploitation du projet n&#039;interf\u00e8rent avec aucune des esp\u00e8ces susmentionn\u00e9es, et il manque d&#039;habitats propices \u00e0 l&#039;int\u00e9rieur des limites du projet pour aucune des esp\u00e8ces r\u00e9pertori\u00e9es.<\/p>\n<p>L&#039;infrastructure du projet, y compris le barrage, la structure d&#039;admission, les conduites forc\u00e9es et la centrale \u00e9lectrique, est admissible \u00e0 l&#039;inscription sur la liste <span class='tooltipsall tooltip_post_id_5606 classtoolTips1'>Registre national des lieux historiques<\/span>Ces structures repr\u00e9sentent les premi\u00e8res ann\u00e9es de l&#039;industrie hydro\u00e9lectrique du Vermont, avant la Premi\u00e8re Guerre mondiale. Les rapports annuels des activit\u00e9s men\u00e9es dans le cadre du plan de gestion des ressources culturelles du projet sont d\u00e9pos\u00e9s aupr\u00e8s de la Division de la pr\u00e9servation historique du Vermont et de la FERC.<\/p>\n<p>Les ressources r\u00e9cr\u00e9atives du projet comprennent un portage pour canots, une rampe de mise \u00e0 l&#039;eau, une aire de fr\u00e9quentation diurne et des panneaux d&#039;interpr\u00e9tation. L&#039;acc\u00e8s public est gratuit.<\/p>\n<hr \/>\n<h3>\u00c9tat de conformit\u00e9<\/h3>\n<p><strong>Le certificat comprend les conditions suivantes :<\/strong><\/p>\n<p><strong>Condition 1 :<\/strong> Le propri\u00e9taire de l&#039;installation devra poursuivre sa collaboration avec le VDEC afin de d\u00e9terminer les besoins suppl\u00e9mentaires en mati\u00e8re de surveillance et de reporting continus des op\u00e9rations et des flux, de mettre \u00e0 jour le plan de conformit\u00e9 des op\u00e9rations du projet en consultation avec les organismes de ressources et, avec l&#039;accord de ces derniers, de d\u00e9poser ce plan aupr\u00e8s de la FERC. Le propri\u00e9taire devra rendre compte de l&#039;\u00e9tat d&#039;avancement de ces travaux jusqu&#039;au d\u00e9p\u00f4t et \u00e0 l&#039;approbation du plan final par la FERC, dans le cadre de d\u00e9clarations annuelles de conformit\u00e9 soumises au LIHI.<\/p>\n<p><strong><em>Condition satisfaite en 2019<\/em>. Condition 2 :<\/strong> Le propri\u00e9taire de l&#039;installation doit terminer l&#039;installation au cours de la saison de construction 2019 des am\u00e9liorations permanentes du d\u00e9versoir, y compris toutes les am\u00e9liorations n\u00e9cessaires. <span class='tooltipsall tooltip_post_id_5620 classtoolTips86'>piscine de plong\u00e9e<\/span> ou des modifications de roches, en consultation avec le VDEC et l&#039;USFWS. Le propri\u00e9taire doit d\u00e9poser aupr\u00e8s de la FERC la proc\u00e9dure op\u00e9rationnelle standard (SOP) r\u00e9vis\u00e9e pour le passage en aval et l&#039;ajustement du calendrier de passage au printemps demand\u00e9 par l&#039;agence, et en fournir une copie au LIHI. D\u00e8s le d\u00e9but des op\u00e9rations de passage et en consultation avec les agences de ressources, le propri\u00e9taire doit mettre en \u0153uvre la surveillance et les tests d&#039;efficacit\u00e9 du passage en aval, conform\u00e9ment \u00e0 l&#039;article 410 de la licence ou aux exigences actualis\u00e9es associ\u00e9es. Le propri\u00e9taire doit rendre compte de l&#039;\u00e9tat du passage en aval dans les d\u00e9clarations annuelles de conformit\u00e9 soumises au LIHI.<\/p>\n<p><strong>2025:<\/strong> Aucun changement important ni probl\u00e8me de conformit\u00e9 n&#039;a \u00e9t\u00e9 identifi\u00e9. Le projet demeure conforme suite \u00e0 l&#039;examen annuel. Concernant la condition 1, le projet a fait \u00e9tat du renouvellement de permis en cours, y compris des \u00e9tudes et des consultations en cours concernant le passage des poissons en aval et les ressources culturelles.<\/p>\n<p><strong>2024:<\/strong> Aucun changement important ni probl\u00e8me de conformit\u00e9 n&#039;a \u00e9t\u00e9 identifi\u00e9. Le projet demeure conforme \u00e0 l&#039;issue de l&#039;examen annuel. Concernant la condition 1, le projet a fait \u00e9tat du renouvellement de permis en cours, y compris des \u00e9tudes et des consultations relatives au passage des poissons en aval et aux ressources culturelles.<\/p>\n<p><strong>2023:<\/strong> Aucun changement important ni probl\u00e8me de conformit\u00e9 n&#039;a \u00e9t\u00e9 identifi\u00e9. Le projet demeure conforme suite \u00e0 l&#039;examen annuel. Concernant la condition 1, le projet a d\u00e9clar\u00e9 avoir achev\u00e9 la plupart des \u00e9tudes de renouvellement de licence et a d\u00e9pos\u00e9 une demande de licence d\u00e9finitive le 28 f\u00e9vrier 2023.<\/p>\n<p><strong>2022:<\/strong> Aucun changement important ni probl\u00e8me de conformit\u00e9 n&#039;a \u00e9t\u00e9 identifi\u00e9. Le projet demeure conforme \u00e0 l&#039;examen annuel. Concernant la condition 1, le projet a d\u00e9clar\u00e9 avoir achev\u00e9 la surveillance de la qualit\u00e9 de l&#039;eau. Des \u00e9tudes sur le d\u00e9bit de d\u00e9rivation et le d\u00e9bit esth\u00e9tique sont pr\u00e9vues en 2022. Les documents de renouvellement de permis indiquent que le projet pr\u00e9voit de passer \u00e0 une exploitation au fil de l&#039;eau avec ce nouveau permis.<\/p>\n<p><strong>2021:<\/strong> Aucun changement ni probl\u00e8me de conformit\u00e9 n&#039;a \u00e9t\u00e9 signal\u00e9. Le projet reste conforme suite \u00e0 l&#039;examen annuel. Concernant la condition 1, le projet a d\u00e9clar\u00e9 avoir d\u00e9pos\u00e9 des rapports trimestriels d&#039;\u00e9tude de renouvellement de licence aupr\u00e8s de la FERC.<\/p>\n<p><strong>2020:<\/strong> Aucun changement ni probl\u00e8me de conformit\u00e9 n&#039;a \u00e9t\u00e9 signal\u00e9. Le projet reste conforme suite \u00e0 l&#039;examen annuel. Le renouvellement de licence aupr\u00e8s de la FERC a d\u00e9but\u00e9 avec le d\u00e9p\u00f4t du PAD le 27 f\u00e9vrier 2020. Concernant la condition 1, le projet a indiqu\u00e9 que la consultation se poursuivra dans le cadre du processus de renouvellement de licence.<\/p>\n<p><strong>2019:<\/strong> Aucun probl\u00e8me de conformit\u00e9 n&#039;a \u00e9t\u00e9 signal\u00e9. Le projet reste en vigueur suite \u00e0 l&#039;examen annuel. Concernant la condition 1, le projet a fait \u00e9tat d&#039;une consultation continue de l&#039;agence sur le passage des poissons en aval. Concernant la condition 1, le projet a \u00e9galement fait \u00e9tat de l&#039;installation d&#039;am\u00e9liorations des barrages et de l&#039;approbation par l&#039;agence d&#039;une prolongation de deux semaines de la saison de passage en aval, du 15 avril au 30 juin, satisfaisant ainsi \u00e0 la condition.<\/p>\n<p><strong>2018:<\/strong> Le rapport annuel pour le certificat actuel n\u2019est pas encore entr\u00e9 en vigueur.<\/p>\n<hr \/>\n<h3>Historique des certifications<\/h3>\n<p><strong>18 d\u00e9cembre 2018 : <\/strong>La d\u00e9cision de certification du projet hydro\u00e9lectrique Essex 19 est d\u00e9finitive. Aucun appel n&#039;a \u00e9t\u00e9 re\u00e7u pendant la p\u00e9riode d&#039;appel, cl\u00f4tur\u00e9e le 16 d\u00e9cembre 2018. La nouvelle p\u00e9riode de certification du projet s&#039;\u00e9tend du 31 octobre 2018 au 30 octobre 2023.<\/p>\n<p><strong>16 novembre 2018 :<\/strong>Le Low Impact Hydropower Institute (LIHI) a approuv\u00e9 la certification \u00ab\u00a0faible impact\u00a0\u00bb pour le projet hydro\u00e9lectrique Essex 19. Cette d\u00e9cision est provisoire, dans l&#039;attente d&#039;un d\u00e9lai d&#039;appel de 30\u00a0jours. Seuls les intervenants ayant comment\u00e9 la demande initiale pendant ce d\u00e9lai de 60\u00a0jours sont autoris\u00e9s \u00e0 d\u00e9poser un recours. Ce recours doit inclure une explication expliquant en quoi le projet ne r\u00e9pond pas aux crit\u00e8res du LIHI. Les demandes de recours peuvent \u00eatre soumises par courriel \u00e0 l&#039;adresse suivante\u00a0: <a href=\"mailto:comments@lowimpacthydro.org\">comments@lowimpacthydro.org<\/a> avec \u00ab\u00a0Projet hydro\u00e9lectrique Essex 19\u00a0\u00bb en objet, ou par courrier adress\u00e9 au Low Impact Hydropower Institute, 329 Massachusetts Ave, Suite 2, Lexington, MA 02420. Toutes les demandes seront publi\u00e9es sur le site web. Le demandeur aura la possibilit\u00e9 de r\u00e9pondre, et toute r\u00e9ponse sera \u00e9galement publi\u00e9e. <strong>Les demandes doivent \u00eatre re\u00e7ues avant 17 h, heure de l\u2019Est, le 16 d\u00e9cembre 2018.\u00a0 <\/strong>Le dossier complet et le rapport des \u00e9valuateurs sont disponibles ci-dessous. Si aucune demande d&#039;appel n&#039;est re\u00e7ue et que la d\u00e9cision devient d\u00e9finitive, la p\u00e9riode de certification du projet Essex 19 s&#039;\u00e9tendra du 31 octobre 2018 au 30 octobre 2023.<\/p>\n<p><strong>6 janvier 2016 : <\/strong>Le 30 d\u00e9cembre 2016, le Low Impact Hydropower Institute (LIHI) a re\u00e7u une demande compl\u00e8te de Green Mountain Power Corporation pour la certification \u00e0 faible impact du projet hydro\u00e9lectrique Essex 19, situ\u00e9 au mile 17,6 sur le cours principal de la rivi\u00e8re Winooski dans les cantons d&#039;Essex Junction et Williston, comt\u00e9 de Chittenden, Vermont.<\/p>\n<hr \/>\n<h3>Dossiers de certification<\/h3>\n<h4>Certification 2018<\/h4>\n<ul style=\"color: black;\">\n<li><a href=\"https:\/\/lowimpacthydro.org\/wp-content\/uploads\/2020\/07\/Essex-19-Certification-Report-Final-2018-11-06.pdf\">Rapport d&#039;examen de certification Essex 19 final 2018<\/a><\/li>\n<li><a href=\"https:\/\/lowimpacthydro.org\/wp-content\/uploads\/2020\/07\/Essex-19-Certification-Report-Final-2018-11-06.pdf\">Demande de certification LIHI Essex 19 2016<\/a><\/li>\n<li><a href=\"https:\/\/lowimpacthydro.org\/wp-content\/uploads\/2020\/07\/USFWS-ltr-regrading-LIHI-certification.pdf\">Lettre de commentaires du Service am\u00e9ricain de la p\u00eache et de la faune sauvage (2016)<\/a><\/li>\n<li><a href=\"https:\/\/lowimpacthydro.org\/wp-content\/uploads\/2020\/07\/20170312_VTANR_Essex-19-LIHI-Comments-1.pdf\">Lettre de commentaires 2017 du D\u00e9partement de la conservation de l&#039;environnement du Vermont<\/a><\/li>\n<li><a href=\"https:\/\/lowimpacthydro.org\/wp-content\/uploads\/2020\/07\/GMP-Response-to-VDEC-LIHI-Letter-E19-2017-04-06.pdf\">R\u00e9ponse de Green Mountain Power \u00e0 la lettre de commentaires du D\u00e9partement de la conservation de l&#039;environnement du Vermont (2017)<\/a><\/li>\n<\/ul>\n<hr \/>\n<h3>Documents cl\u00e9s<\/h3>\n<ul>\n<li><a href=\"https:\/\/lowimpacthydro.org\/wp-content\/uploads\/2020\/12\/1995-Essex-19-FERC-license-and-EA.pdf\">Licence FERC Essex 19 1995<\/a><\/li>\n<li><a href=\"https:\/\/lowimpacthydro.org\/wp-content\/uploads\/2020\/12\/1993-Essex-19-WQC.pdf\">Certificat de qualit\u00e9 de l&#039;eau Essex 19 1993<\/a><\/li>\n<\/ul>","protected":false},"excerpt":{"rendered":"<p>Project Name Essex 19 LIHI Certificate No. 146 LIHI Certificate Term October 31, 2018 \u2013 October 30, 2023 extended to October 30, 2026 Owner Green Mountain<span class=\"excerpt-hellip\"> [\u2026]<\/span><\/p>\n","protected":false},"author":3,"featured_media":-1,"parent":0,"menu_order":0,"comment_status":"closed","ping_status":"closed","template":"","meta":{"_coblocks_attr":"","_coblocks_dimensions":"","_coblocks_responsive_height":"","_coblocks_accordion_ie_support":"","om_disable_all_campaigns":false,"_monsterinsights_skip_tracking":false,"_monsterinsights_sitenote_active":false,"_monsterinsights_sitenote_note":"","_monsterinsights_sitenote_category":0,"footnotes":""},"class_list":["post-714","page","type-page","status-publish","has-post-thumbnail","hentry"],"aioseo_notices":[],"_links":{"self":[{"href":"https:\/\/lowimpacthydro.org\/fr\/wp-json\/wp\/v2\/pages\/714","targetHints":{"allow":["GET"]}}],"collection":[{"href":"https:\/\/lowimpacthydro.org\/fr\/wp-json\/wp\/v2\/pages"}],"about":[{"href":"https:\/\/lowimpacthydro.org\/fr\/wp-json\/wp\/v2\/types\/page"}],"author":[{"embeddable":true,"href":"https:\/\/lowimpacthydro.org\/fr\/wp-json\/wp\/v2\/users\/3"}],"replies":[{"embeddable":true,"href":"https:\/\/lowimpacthydro.org\/fr\/wp-json\/wp\/v2\/comments?post=714"}],"version-history":[{"count":20,"href":"https:\/\/lowimpacthydro.org\/fr\/wp-json\/wp\/v2\/pages\/714\/revisions"}],"predecessor-version":[{"id":10141,"href":"https:\/\/lowimpacthydro.org\/fr\/wp-json\/wp\/v2\/pages\/714\/revisions\/10141"}],"wp:featuredmedia":[{"embeddable":true,"href":"https:\/\/lowimpacthydro.org\/fr\/wp-json\/"}],"wp:attachment":[{"href":"https:\/\/lowimpacthydro.org\/fr\/wp-json\/wp\/v2\/media?parent=714"}],"curies":[{"name":"wp","href":"https:\/\/api.w.org\/{rel}","templated":true}]}}