{"id":6946,"date":"2023-02-07T13:17:10","date_gmt":"2023-02-07T18:17:10","guid":{"rendered":"https:\/\/lowimpacthydro.org\/?page_id=6946"},"modified":"2023-06-05T16:06:44","modified_gmt":"2023-06-05T20:06:44","slug":"hailesboro-no-3-4-6-project","status":"publish","type":"page","link":"https:\/\/lowimpacthydro.org\/fr\/hailesboro-no-3-4-6-project\/","title":{"rendered":"Projets Hailesboro n\u00b0 3, 4 et 6 \u2013 Demande compl\u00e8te re\u00e7ue"},"content":{"rendered":"<table class=\"alignright\" style=\"width: 351px; border: 2px; cellspacing: 2px; cellpadding: 2px; margin-left: 50px;\">\n<tbody>\n<tr>\n<td style=\"border-style: solid;\" width=\"162\"><strong>Nom du projet<\/strong><\/td>\n<td style=\"border-style: solid;\" width=\"180\">Hailesboro n\u00b0 3, 4 et 6<\/td>\n<\/tr>\n<tr>\n<td style=\"border-style: solid;\"><strong>Num\u00e9ro de certificat LIHI<br \/>\n<\/strong><\/td>\n<td style=\"border-style: solid;\">En attente # 197, 198, 199<\/td>\n<\/tr>\n<tr>\n<td style=\"border-style: solid;\"><strong>Dur\u00e9e du certificat LIHI<br \/>\n<\/strong><\/td>\n<td style=\"border-style: solid;\">3 f\u00e9vrier 2023 \u2013 2 f\u00e9vrier 2033<\/td>\n<\/tr>\n<tr>\n<td style=\"border-style: solid;\" width=\"162\"><strong>Propri\u00e9taire<\/strong><\/td>\n<td style=\"border-style: solid;\" width=\"180\">Acquisition du groupe de d\u00e9veloppement hydro\u00e9lectrique, LLC<\/p>\n<p>une filiale de Patriot Hydro. LLC<\/td>\n<\/tr>\n<tr>\n<td style=\"border-style: solid;\" width=\"162\"><strong>\u00c9tat<\/strong><\/td>\n<td style=\"border-style: solid;\" width=\"180\">New York<\/td>\n<\/tr>\n<tr>\n<td style=\"border-style: solid;\" width=\"162\"><strong>Emplacement<\/strong><\/td>\n<td style=\"border-style: solid;\" width=\"180\">N\u00b0 3 \u2013 Mile 67,5, N\u00b0 4 \u2013 Mile 67,7, N\u00b0 6 \u2013 Mile 68 sur la rivi\u00e8re Oswegatchie, comt\u00e9 de St. Lawrence, New York<\/td>\n<\/tr>\n<tr>\n<td style=\"border-style: solid;\" width=\"162\"><strong>Capacit\u00e9 install\u00e9e<\/strong><\/td>\n<td style=\"border-style: solid;\" width=\"180\">N\u00b0 3\u00a0: 1 MW<\/p>\n<p>N\u00b0 4\u00a0: 1,9 MW<\/p>\n<p>N\u00b0 6\u00a0: 0,9 MW<\/td>\n<\/tr>\n<tr>\n<td style=\"border-style: solid;\" width=\"162\"><strong>G\u00e9n\u00e9ration annuelle moyenne<\/strong><\/td>\n<td style=\"border-style: solid;\" width=\"180\">N\u00b0 3\u00a0: 3\u00a0993 MWh<\/p>\n<p>N\u00b0 4\u00a0: 10\u00a0647 MWh<\/p>\n<p>N\u00b0 6\u00a0: 4\u00a0728 MWh<\/td>\n<\/tr>\n<tr>\n<td style=\"border-style: solid;\" width=\"162\"><strong>Type d&#039;\u00e9tablissement<\/strong><\/td>\n<td style=\"border-style: solid;\" width=\"180\">Au fil de l&#039;eau<\/td>\n<\/tr>\n<tr>\n<td style=\"border-style: solid;\" width=\"162\"><strong><span class='tooltipsall tooltip_post_id_5565 classtoolTips152'>F\u00e9d\u00e9ration internationale de radio-t\u00e9l\u00e9vision (FERC)<\/span> Non.<\/strong><\/td>\n<td style=\"border-style: solid;\" width=\"180\">N\u00b0 3 : P-5633. <span class='tooltipsall tooltip_post_id_5562 classtoolTips113'>Exemption<\/span> publi\u00e9 le 14 juillet 1982, modifi\u00e9 le 11 juin 1998.<\/p>\n<p>N\u00b0 4 : P-6058. Publi\u00e9 le 30 octobre 2002, expirant le 31 d\u00e9cembre 2032.<\/p>\n<p>N\u00b0 6 : P-3181. Exemption d\u00e9livr\u00e9e le 17 septembre 1981.<\/td>\n<\/tr>\n<\/tbody>\n<\/table>\n<p>Les projets hydro\u00e9lectriques Hailesboro n\u00b0 6 (FERC n\u00b0 3181), Hailesboro n\u00b0 4 (FERC n\u00b0 6058) et Hailesboro n\u00b0 3 (FERC n\u00b0 5633), collectivement appel\u00e9s \u00ab\u00a0projets Hailesboro\u00a0\u00bb, sont situ\u00e9s sur la rivi\u00e8re Oswegatchie, dans le comt\u00e9 de Saint-Laurent, dans l&#039;\u00c9tat de New York. Ils sont d\u00e9tenus et exploit\u00e9s par Hydro Development Group Acquisition, LLC (HDGA). La rivi\u00e8re Oswegatchie, longue de 212\u00a0km, est situ\u00e9e dans le bassin hydrographique du fleuve Saint-Laurent.<\/p>\n<p>Le projet Hailesboro n\u00b0 6 est le plus en amont des trois projets et est situ\u00e9 au mile fluvial (RM) 68,2. Le projet est exploit\u00e9 sous un <span class='tooltipsall tooltip_post_id_5562 classtoolTips113'>exemption<\/span> publi\u00e9 par la Commission f\u00e9d\u00e9rale de r\u00e9glementation de l&#039;\u00e9nergie le 17 septembre 1981.<br \/>\nLe projet consiste en (1) un d\u00e9versoir gravitaire en b\u00e9ton arm\u00e9 de 10 pieds de haut et de 150 pieds de long <span class='tooltipsall tooltip_post_id_5545 classtoolTips158'>barrage<\/span> avec une altitude de cr\u00eate de 487 pieds <span class='tooltipsall tooltip_post_id_5605 classtoolTips2'>Syst\u00e8me national de r\u00e9f\u00e9rence verticale g\u00e9od\u00e9sique<\/span> (<span class='tooltipsall tooltip_post_id_5608 classtoolTips155'>NGVD<\/span>); (2) un r\u00e9servoir d&#039;une superficie de 4 acres et d&#039;une capacit\u00e9 de stockage n\u00e9gligeable \u00e0 une altitude normale de 487 pieds NGVD ; (3) une structure d&#039;admission de 40 pieds de large et 70 pieds de long avec <span class='tooltipsall tooltip_post_id_5578 classtoolTips153'>portes<\/span> et des grilles \u00e0 d\u00e9chets le long de la rive sud (gauche) ; (4) a <span class='tooltipsall tooltip_post_id_5624 classtoolTips102'>centrale<\/span> contenant deux turbines d&#039;une puissance nominale de 800 chevaux et 500 chevaux, reli\u00e9es \u00e0 deux g\u00e9n\u00e9rateurs d&#039;une puissance nominale de 550 kilowatts (kW) et 350 kW, respectivement, \u00e0 une <span class='tooltipsall tooltip_post_id_5581 classtoolTips154'>t\u00eate<\/span> de 5,8 m\u00e8tres et un d\u00e9bit de 2,73 m\u00e8tres cubes par seconde (pi\u00b3\/s)\u00a0; (5) un court canal de fuite\u00a0; (6) un appareillage \u00e9lectrique\u00a0; (7) une ligne de transport de 2,3\u00a0kilovolts (kV) de 23,8 m\u00e8tres de long\u00a0; et (8) des installations annexes. La centrale Hailesboro n\u00b0\u00a06 a une puissance install\u00e9e de 900\u00a0kW et fonctionne dans un <span class='tooltipsall tooltip_post_id_5643 classtoolTips52'>au fil de l&#039;eau<\/span> Mode (ROR). Le barrage cr\u00e9e un court tron\u00e7on contourn\u00e9, d&#039;environ 106 m\u00e8tres de long.<\/p>\n<p>Le projet Hailesboro n\u00b0 4 est situ\u00e9 \u00e0 RM 67,7, \u00e0 environ 0,5 mile en aval de Hailesboro n\u00b0 6. Le projet fonctionne sous une licence d\u00e9livr\u00e9e par la FERC le 30 octobre 2002, qui a \u00e9t\u00e9 modifi\u00e9e le 19 septembre 2012. Le projet consiste en (1) un barrage-poids en b\u00e9ton compos\u00e9 de : (i) le barrage #1 de 105 pieds de long et 14 pieds de haut surmont\u00e9 d&#039;un barrage pneumatique de 2 pieds de haut <span class='tooltipsall tooltip_post_id_5542 classtoolTips95'>porte de cr\u00eate<\/span>; et (ii) le barrage #2 de 58 pieds de long et de 5 pieds de haut surmont\u00e9 de poutres en bois de 2 pieds de haut <span class='tooltipsall tooltip_post_id_5569 classtoolTips79'>tableaux d&#039;affichage<\/span>; (2) un r\u00e9servoir d&#039;une superficie de 2 acres et d&#039;un volume de stockage brut de 20 acres-pieds \u00e0 une \u00e9l\u00e9vation normale de la surface de l&#039;eau de 461 pieds NGVD; (3) une structure d&#039;admission ferm\u00e9e avec des grilles \u00e0 d\u00e9chets en acier qui ont un espacement libre de 1,75 pouce; (4) un bassin d&#039;admission rev\u00eatu de b\u00e9ton de 170 pieds de long <span class='tooltipsall tooltip_post_id_5537 classtoolTips143'>canal<\/span> avec une vanne ; (5) une centrale en b\u00e9ton arm\u00e9 et ma\u00e7onnerie de b\u00e9ton contenant deux unit\u00e9s de turbines de type Francis \u00e0 double roue mont\u00e9es horizontalement ; une unit\u00e9 de production de 900 kW et une unit\u00e9 de production de 1 000 kW pour une capacit\u00e9 install\u00e9e totale de 1 900 kW ; (6) une unit\u00e9 de production de 2,4\/23 kV <span class='tooltipsall tooltip_post_id_5656 classtoolTips92'>sous-station<\/span>, et une ligne de transmission de 23 kV de 50 pieds de long ; (7) des installations annexes ; et (8) une ligne gravitaire en b\u00e9ton de 73 pieds de long sur 3 pieds de haut <span class='tooltipsall tooltip_post_id_5551 classtoolTips110'>d\u00e9rivation<\/span> Le barrage (d\u00e9versoir de la branche Island), surmont\u00e9 de planches en bois de 30 cm de haut, est situ\u00e9 \u00e0 l&#039;entr\u00e9e de la branche Island de la rivi\u00e8re Oswegatchie. Il est entaill\u00e9 pour assurer un d\u00e9bit minimal de 30 pi\u00b3\/s dans le tron\u00e7on contourn\u00e9 de 0,4 mile de long. Le projet fonctionne en mode ROR automatique gr\u00e2ce au contr\u00f4le du niveau du bassin. Un d\u00e9bit minimal de 30 pi\u00b3\/s est assur\u00e9 par une entaille dans le d\u00e9versoir de la branche Island. Les d\u00e9bits minimaux en aval sont les suivants\u00a0: <span class='tooltipsall tooltip_post_id_5545 classtoolTips158'>Barrage<\/span> Les d\u00e9bits des barrages #1 et #2 sont respectivement de 20 pi\u00b3\/s et 8 pi\u00b3\/s, avec ajustements saisonniers conform\u00e9ment au certificat de qualit\u00e9 de l&#039;eau (CQE) du projet. Le canal de fuite se d\u00e9verse directement dans le bassin d&#039;amont du projet Hailesboro n\u00b0 3.<\/p>\n<p>Le projet Hailesboro n\u00b0 3 est situ\u00e9 \u00e0 RM 67,5, \u00e0 environ 0,25 miles en aval de Hailesboro n\u00b0 4. Le projet fonctionne sous une exemption d\u00e9livr\u00e9e par la FERC le 14 juillet 1982, telle que modifi\u00e9e par l&#039;ordonnance de la FERC \u00e9mise le 11 juin 1998.<\/p>\n<p>Le projet consiste en (1) un barrage en b\u00e9ton arm\u00e9 de 16 pieds de haut et de 68 pieds de long ayant une longueur de 24 pieds <span class='tooltipsall tooltip_post_id_5651 classtoolTips116'>d\u00e9versoir<\/span> section avec une altitude de cr\u00eate de 427,2 pieds NGVD et ayant une section d&#039;admission \u00e0 gauche (sud) <span class='tooltipsall tooltip_post_id_5514 classtoolTips118'>pilier<\/span> et une section d&#039;\u00e9cluse ferm\u00e9e au niveau de la cul\u00e9e droite ; (2) un r\u00e9servoir d&#039;une superficie de 6,5 acres et d&#039;une capacit\u00e9 de stockage n\u00e9gligeable \u00e0 une altitude de surface normale de 427,2 pieds NGVD ; (3) une structure d&#039;admission \u00e0 vanne en bois, d&#039;une longueur de 90 pieds et d&#039;un diam\u00e8tre de 9 pieds <span class='tooltipsall tooltip_post_id_5619 classtoolTips124'>conduite forc\u00e9e<\/span>, une conduite forc\u00e9e de 95 pieds de long et de 8,5 pieds de diam\u00e8tre, et une bo\u00eete de prise d&#039;eau en b\u00e9ton contenant deux turbines\u00a0; (4) une centrale \u00e9lectrique contenant deux groupes \u00e9lectrog\u00e8nes de 500 kW\u00a0; (5) un canal de fuite\u00a0; (5) une sous-station\u00a0; (6) des installations annexes\u00a0; et (7) une ligne de transport de 2,3 kV de 0,25 mile de long. Le projet a une capacit\u00e9 install\u00e9e de 1\u00a0000 kW et fonctionne en mode ROR tout en fournissant un d\u00e9bit minimum de 3 pi3\/s dans le tron\u00e7on contourn\u00e9 d&#039;environ 200 pieds de long.<\/p>\n<hr \/>\n<h3>Fichiers:<\/h3>\n<ul style=\"color: black;\">\n<li><a href=\"https:\/\/lowimpacthydro.org\/wp-content\/uploads\/2023\/06\/Hailesboro-346-Stage-2-report_2023-04-17_final.pdf\">Hailesboro No. 3, 4, 6 \u2013 Rapport d&#039;examen de certification 2023<\/a><\/li>\n<li><a href=\"https:\/\/lowimpacthydro.org\/wp-content\/uploads\/2023\/02\/20221106_Hailesboro-LIHI-Application_complete.pdf\">Hailesboro No. 3, 4, 6 \u2013 Demande de certification 2022<\/a><\/li>\n<\/ul>","protected":false},"excerpt":{"rendered":"<p>Project Name Hailesboro No. 3, 4, &amp; 6 LIHI Certificate No. Pending # 197, 198, 199 LIHI Certificate Term February 3, 2023 &#8211; February 2, 2033<span class=\"excerpt-hellip\"> [\u2026]<\/span><\/p>\n","protected":false},"author":3,"featured_media":4088,"parent":0,"menu_order":0,"comment_status":"closed","ping_status":"closed","template":"","meta":{"_coblocks_attr":"","_coblocks_dimensions":"","_coblocks_responsive_height":"","_coblocks_accordion_ie_support":"","om_disable_all_campaigns":false,"_monsterinsights_skip_tracking":false,"_monsterinsights_sitenote_active":false,"_monsterinsights_sitenote_note":"","_monsterinsights_sitenote_category":0,"footnotes":""},"class_list":["post-6946","page","type-page","status-publish","has-post-thumbnail","hentry"],"aioseo_notices":[],"_links":{"self":[{"href":"https:\/\/lowimpacthydro.org\/fr\/wp-json\/wp\/v2\/pages\/6946","targetHints":{"allow":["GET"]}}],"collection":[{"href":"https:\/\/lowimpacthydro.org\/fr\/wp-json\/wp\/v2\/pages"}],"about":[{"href":"https:\/\/lowimpacthydro.org\/fr\/wp-json\/wp\/v2\/types\/page"}],"author":[{"embeddable":true,"href":"https:\/\/lowimpacthydro.org\/fr\/wp-json\/wp\/v2\/users\/3"}],"replies":[{"embeddable":true,"href":"https:\/\/lowimpacthydro.org\/fr\/wp-json\/wp\/v2\/comments?post=6946"}],"version-history":[{"count":9,"href":"https:\/\/lowimpacthydro.org\/fr\/wp-json\/wp\/v2\/pages\/6946\/revisions"}],"predecessor-version":[{"id":7644,"href":"https:\/\/lowimpacthydro.org\/fr\/wp-json\/wp\/v2\/pages\/6946\/revisions\/7644"}],"wp:featuredmedia":[{"embeddable":true,"href":"https:\/\/lowimpacthydro.org\/fr\/wp-json\/wp\/v2\/media\/4088"}],"wp:attachment":[{"href":"https:\/\/lowimpacthydro.org\/fr\/wp-json\/wp\/v2\/media?parent=6946"}],"curies":[{"name":"wp","href":"https:\/\/api.w.org\/{rel}","templated":true}]}}