{"id":691,"date":"2020-07-16T15:48:35","date_gmt":"2020-07-16T19:48:35","guid":{"rendered":"https:\/\/lowimpacthydro.org\/new\/?page_id=691"},"modified":"2025-11-11T11:44:49","modified_gmt":"2025-11-11T16:44:49","slug":"lihi-certificate-149-pownal-project-vermont","status":"publish","type":"page","link":"https:\/\/lowimpacthydro.org\/fr\/lihi-certificate-149-pownal-project-vermont\/","title":{"rendered":"Certificat LIHI #149 \u2013 Projet Pownal, rivi\u00e8re Hoosic, Vermont"},"content":{"rendered":"<table class=\"alignright\" style=\"width: 351px; border: 2px; cellspacing: 2px; cellpadding: 2px; margin-left: 50px;\">\n<tbody>\n<tr>\n<td width=\"162\"><strong>Nom du projet<\/strong><\/td>\n<td width=\"165\">Pownal<\/td>\n<\/tr>\n<tr>\n<td><strong>Num\u00e9ro de certificat LIHI<br \/>\n<\/strong><\/td>\n<td>149<\/td>\n<\/tr>\n<tr>\n<td><strong> Dur\u00e9e du certificat LIHI<br \/>\n<\/strong><\/td>\n<td>7 d\u00e9cembre 2018 \u2013 6 d\u00e9cembre 2033<\/td>\n<\/tr>\n<tr>\n<td width=\"162\"><strong>Propri\u00e9taire<\/strong><\/td>\n<td width=\"165\">Hydro\u00e9lectricit\u00e9 de la rivi\u00e8re Hoosic<\/td>\n<\/tr>\n<tr>\n<td width=\"162\"><strong>\u00c9tat<\/strong><\/td>\n<td width=\"165\">Vermont<\/td>\n<\/tr>\n<tr>\n<td width=\"162\"><strong>Emplacement<\/strong><\/td>\n<td width=\"165\">Mile 38,6 sur la rivi\u00e8re Hoosic<\/td>\n<\/tr>\n<tr>\n<td width=\"162\"><strong>Capacit\u00e9 install\u00e9e<\/strong><\/td>\n<td width=\"165\">0,491 MW<\/td>\n<\/tr>\n<tr>\n<td width=\"162\"><strong>G\u00e9n\u00e9ration annuelle moyenne<\/strong><\/td>\n<td width=\"165\">3 200 MWh<\/td>\n<\/tr>\n<tr>\n<td width=\"162\"><strong>Type d&#039;\u00e9tablissement<\/strong><\/td>\n<td width=\"165\">Au fil de l&#039;eau<\/td>\n<\/tr>\n<tr>\n<td width=\"162\"><strong><span class='tooltipsall tooltip_post_id_5565 classtoolTips152'>F\u00e9d\u00e9ration internationale de radio-t\u00e9l\u00e9vision (FERC)<\/span> Non.<\/strong><\/td>\n<td width=\"165\">P-6795 exempt\u00e9 1983<\/td>\n<\/tr>\n<\/tbody>\n<\/table>\n<p>Le projet Pownal est situ\u00e9 sur la rivi\u00e8re Hoosic, \u00e0 l&#039;emplacement de l&#039;ancienne tannerie de Pownal, \u00e0 North Pownal, dans le comt\u00e9 de Bennington, dans le Vermont. L&#039;installation d&#039;origine a \u00e9t\u00e9 construite et a commenc\u00e9 \u00e0 fonctionner en 1983. La premi\u00e8re preuve de l&#039;exploitation de l&#039;\u00e9nergie gravitationnelle de la rivi\u00e8re Hoosic \u00e0 cet endroit est un moulin \u00e0 farine du XVIIIe si\u00e8cle, suivi d&#039;une filature de laine au milieu du XIXe si\u00e8cle. Apr\u00e8s l&#039;incendie de la filature de laine en 1863, le site a \u00e9t\u00e9 reconstruit sous le nom de North Pownal Cotton Mill, qui a fonctionn\u00e9 jusqu&#039;en 1930. Le b\u00e2timent de l&#039;usine a rouvert ses portes sous le nom de Pownal Tanning Company en 1936. La tannerie transformait les peaux de mouton et de vache en cuir fini destin\u00e9 \u00e0 la fabrication de chaussures et de manteaux. Face \u00e0 la baisse de la demande de cuir et \u00e0 une panne d&#039;\u00e9quipement catastrophique, la derni\u00e8re tannerie commerciale du Vermont a ferm\u00e9 ses portes en 1988. En 2016, la ville de Pownal et le nouveau propri\u00e9taire du projet, Hoosic River Hydro, ont revitalis\u00e9 le projet et en ont repris l&#039;exploitation. Avec le soutien de l&#039;Agence des ressources naturelles du Vermont (VANR), du Service am\u00e9ricain de la p\u00eache et de la faune sauvage (US Fish and Wildlife Service) et du Bureau de pr\u00e9servation historique de l&#039;\u00c9tat du Vermont (SHPO), la capacit\u00e9 du projet a \u00e9t\u00e9 augment\u00e9e. Les travaux de r\u00e9habilitation ont \u00e9t\u00e9 achev\u00e9s en 2017 et le projet est devenu op\u00e9rationnel en novembre de la m\u00eame ann\u00e9e.<\/p>\n<p>Le site est inscrit \u00e0 la fois \u00e0 l&#039;EPA <span class='tooltipsall tooltip_post_id_5539 classtoolTips138'>Superfonds<\/span> Programme et l&#039;EPA <span class='tooltipsall tooltip_post_id_5530 classtoolTips74'>Friches industrielles<\/span> Programme en raison de la contamination historique. Le programme Superfund s&#039;est concentr\u00e9 sur la contamination terrestre et le programme Brownfields sur <span class='tooltipsall tooltip_post_id_5670 classtoolTips125'>zones humides<\/span>contamination par les PCB sur le site du projet. Les principaux efforts de rem\u00e9diation li\u00e9s au d\u00e9veloppement hydro\u00e9lectrique se sont concentr\u00e9s sur les s\u00e9diments contamin\u00e9s aux PCB en amont du <span class='tooltipsall tooltip_post_id_5545 classtoolTips158'>barrage<\/span>En 2017, tous les s\u00e9diments contamin\u00e9s qui seraient mobilis\u00e9s par l&#039;exploitation du projet ont \u00e9t\u00e9 correctement retir\u00e9s du site ou att\u00e9nu\u00e9s sous la surveillance \u00e9troite du D\u00e9partement de la conservation de l&#039;environnement du Vermont (VDEC) et de l&#039;Agence am\u00e9ricaine de protection de l&#039;environnement.<\/p>\n<p>La rivi\u00e8re Hoosic prend sa source pr\u00e8s de Dalton, dans le Massachusetts, et coule vers le nord-ouest jusqu&#039;\u00e0 Pownal, dans le Vermont. De l\u00e0, elle coule vers le nord-ouest jusqu&#039;\u00e0 l&#039;\u00c9tat de New York, o\u00f9 elle rejoint la rivi\u00e8re Walloomsac, un affluent de l&#039;Hudson. Quatre projets hydro\u00e9lectriques sont situ\u00e9s en aval, ainsi que quatre barrages non aliment\u00e9s en \u00e9lectricit\u00e9 en amont. Les projets hydro\u00e9lectriques en aval, d&#039;amont en aval, incluent une partie de la <a href=\"https:\/\/lowimpacthydro.org\/fr\/lihi-certificate-13-hoosic-river-project-new-york\/\">Projet de la rivi\u00e8re Hoosic LIHI #13<\/a> (D\u00e9veloppement de Johnsonville), le projet James Thompson (FERC n\u00b0 P-6411) et le reste du projet de la rivi\u00e8re Hoosic, le d\u00e9veloppement de Schaghticoke.<\/p>\n<p>Le projet comprend un barrage, un d\u00e9versoir <span class='tooltipsall tooltip_post_id_5651 classtoolTips116'>d\u00e9versoir<\/span>, <span class='tooltipsall tooltip_post_id_5569 classtoolTips79'>tableaux d&#039;affichage<\/span>, <span class='tooltipsall tooltip_post_id_5542 classtoolTips95'>cr\u00eate <span class='tooltipsall tooltip_post_id_5578 classtoolTips153'>portes<\/span><\/span>, apport <span class='tooltipsall tooltip_post_id_5537 classtoolTips143'>canal<\/span>, bief amont, <span class='tooltipsall tooltip_post_id_5619 classtoolTips124'>conduite forc\u00e9e<\/span>, <span class='tooltipsall tooltip_post_id_5624 classtoolTips102'>centrale<\/span>, et canal de fuite.<\/p>\n<p>Le barrage se compose principalement d&#039;un <span class='tooltipsall tooltip_post_id_5611 classtoolTips156'>ogive<\/span> Ouvrage de d\u00e9bordement gravitaire construit en 1955. Le barrage mesure 46 m\u00e8tres de long et sa hauteur maximale est de 5,5 m\u00e8tres. Il fonctionne gr\u00e2ce \u00e0 des planches de 75 cm de large et <span class='tooltipsall tooltip_post_id_5542 classtoolTips95'>porte de cr\u00eate<\/span>. \u00c0 droite <span class='tooltipsall tooltip_post_id_5514 classtoolTips118'>pilier<\/span> Au-del\u00e0 du barrage, on trouve un canal d&#039;amen\u00e9e (une section de d\u00e9bordement en b\u00e9ton de 12 m\u00e8tres de long), large de 6 m\u00e8tres et profond d&#039;environ 5,5 m\u00e8tres par rapport \u00e0 la cr\u00eate du barrage. Le barrage cr\u00e9e un tron\u00e7on contourn\u00e9 d&#039;environ 60 m\u00e8tres de long. Une conduite forc\u00e9e de 28 m\u00e8tres de long et de 2,4 m\u00e8tres de diam\u00e8tre achemine l&#039;eau du bassin d&#039;amont jusqu&#039;\u00e0 la centrale. La centrale \u00e0 ossature bois comprend une turbine WWS Wasserkraft et un alternateur Hitzinger d&#039;une puissance install\u00e9e de 0,5 MW.<\/p>\n<p>Le projet fonctionne de mani\u00e8re instantan\u00e9e <span class='tooltipsall tooltip_post_id_5643 classtoolTips52'>au fil de l&#039;eau<\/span> Le projet pr\u00e9voit un d\u00e9bit minimal de 56 pi3\/s dans la zone de d\u00e9rivation, conform\u00e9ment aux recommandations de l&#039;USFWS et du VDEC.<\/p>\n<p><strong>PLUS-Standard:<\/strong> Des am\u00e9liorations significatives ont \u00e9t\u00e9 apport\u00e9es au contr\u00f4le du d\u00e9bit des cours d&#039;eau par rapport \u00e0 l&#039;ampleur du projet. Le remplacement des panneaux de retenue par des vannes de cr\u00eate automatis\u00e9es et <span class='tooltipsall tooltip_post_id_5626 classtoolTips6'>contr\u00f4leurs logiques programmables<\/span> Garantit le contr\u00f4le du d\u00e9bit du cours d&#039;eau de d\u00e9rivation et la stabilit\u00e9 du niveau du bassin de retenue. Cet effort a \u00e9t\u00e9 r\u00e9alis\u00e9 volontairement, dans le cadre d&#039;un projet dont la taille ne justifie g\u00e9n\u00e9ralement pas un tel investissement.<\/p>\n<p>Les eaux situ\u00e9es dans le p\u00e9rim\u00e8tre du projet sont class\u00e9es comme eaux de classe B et r\u00e9pertori\u00e9es comme pollu\u00e9es par les PCB et les m\u00e9taux lourds. Ces d\u00e9gradations r\u00e9sultent des activit\u00e9s industrielles pass\u00e9es de la Pownal Tannery Company, mentionn\u00e9e ci-dessus, et des installations industrielles en amont.<\/p>\n<p><strong>PLUS-Standard:<\/strong> Le ma\u00eetre d&#039;ouvrage a volontairement excav\u00e9 et \u00e9limin\u00e9 environ 1\u00a0159 m\u00e8tres cubes de s\u00e9diments contamin\u00e9s provenant du bassin d&#039;admission et du bassin de retenue. Ces s\u00e9diments toxiques auraient autrement pu \u00eatre entra\u00een\u00e9s par le d\u00e9bit de production et transport\u00e9s en aval. L&#039;assainissement a eu des effets b\u00e9n\u00e9fiques consid\u00e9rables sur les milieux aquatiques et <span class='tooltipsall tooltip_post_id_5635 classtoolTips115'>riverain<\/span> esp\u00e8ces et leurs habitats dans le bassin de retenue, le tron\u00e7on de d\u00e9rivation et les tron\u00e7ons en aval.<\/p>\n<p>Les barrages en aval cr\u00e9ent actuellement des obstacles au passage en amont, de sorte qu&#039;aucune esp\u00e8ce migratrice n&#039;est pr\u00e9sente dans le projet. Les activit\u00e9s industrielles pass\u00e9es ont \u00e9galement r\u00e9duit le nombre d&#039;esp\u00e8ces de poissons r\u00e9sidentes dans la zone. Certaines esp\u00e8ces peuvent occuper le bassin de retenue et sont libres de passer en aval par-dessus le barrage, dans le tron\u00e7on de d\u00e9rivation et en aval. Le ma\u00eetre d&#039;ouvrage a \u00e9galement volontairement install\u00e9 un d\u00e9grilleur espac\u00e9 de 32 mm (1,25 pouce) qui, combin\u00e9 \u00e0 de faibles vitesses d&#039;approche, att\u00e9nue le risque de <span class='tooltipsall tooltip_post_id_5558 classtoolTips77'>entra\u00eenement<\/span>L&#039;USFWS et le VDEC soutiennent tous deux ces mesures d&#039;att\u00e9nuation.<\/p>\n<p>Les terres entourant le projet sont principalement agricoles, r\u00e9sidentielles ou foresti\u00e8res, et l&#039;exploitation au fil de l&#039;eau minimise l&#039;\u00e9rosion des berges. Des am\u00e9liorations apport\u00e9es \u00e0 la r\u00e9gulation des d\u00e9bits att\u00e9nuent encore davantage le risque de d\u00e9gradation des berges. Aucune terre de valeur \u00e9cologique significative n&#039;est pr\u00e9sente dans la zone du projet.<\/p>\n<p>Parmi les esp\u00e8ces menac\u00e9es ou en voie de disparition potentiellement pr\u00e9sentes \u00e0 proximit\u00e9 du projet figure la chauve-souris nordique. Aucun habitat essentiel n&#039;\u00e9tant pr\u00e9sent dans la zone du projet, celui-ci n&#039;a donc aucun impact sur les populations de chauves-souris.<\/p>\n<p>Aucune ressource culturelle ou historique n&#039;est pr\u00e9sente dans la zone du projet. Les travaux de r\u00e9habilitation, notamment le remplacement des panneaux de rive, des conduites forc\u00e9es et autres installations, n&#039;ont pas eu d&#039;impact sur les propri\u00e9t\u00e9s historiques. \u00c0 plusieurs reprises, le D\u00e9partement de la pr\u00e9servation historique du Vermont a conclu que le projet n&#039;avait aucun effet n\u00e9gatif sur les sites historiques admissibles ou inscrits au programme. <span class='tooltipsall tooltip_post_id_5606 classtoolTips1'>Registre national des lieux historiques<\/span>.<\/p>\n<p>La mauvaise qualit\u00e9 historique de l&#039;eau r\u00e9duit le potentiel r\u00e9cr\u00e9atif de la rivi\u00e8re. Bien que l&#039;acc\u00e8s informel soit principalement possible au bassin de retenue, la consommation de poissons \u00e0 proximit\u00e9 du projet est d\u00e9conseill\u00e9e. <span class='tooltipsall tooltip_post_id_5616 classtoolTips157'>PCB<\/span> Peut \u00eatre absorb\u00e9 par la peau\u00a0; toute activit\u00e9 r\u00e9cr\u00e9ative est donc d\u00e9conseill\u00e9e sur ou dans la rivi\u00e8re. M\u00eame la manipulation du poisson peut pr\u00e9senter un risque pour la sant\u00e9.<\/p>\n<hr \/>\n<h3>\u00c9tat de conformit\u00e9<\/h3>\n<p><strong>Il n\u2019y a pas de conditions sp\u00e9cifiques \u00e0 l\u2019\u00e9tablissement dans le certificat actuel.<\/strong><\/p>\n<p><strong>2025:<\/strong> Aucun changement important ni probl\u00e8me de conformit\u00e9 n&#039;ont \u00e9t\u00e9 identifi\u00e9s. Le projet reste conforme sur la base de l&#039;examen annuel.<\/p>\n<p><strong>2024:<\/strong> Aucun changement important ni probl\u00e8me de conformit\u00e9 n&#039;ont \u00e9t\u00e9 identifi\u00e9s. Le projet reste conforme sur la base de l&#039;examen annuel.<\/p>\n<p><strong>2023:<\/strong> Aucun changement important ni probl\u00e8me de conformit\u00e9 n&#039;ont \u00e9t\u00e9 identifi\u00e9s. Le projet reste conforme sur la base de l&#039;examen annuel.<\/p>\n<p><strong>2022:<\/strong> Aucun changement important ni probl\u00e8me de conformit\u00e9 n&#039;ont \u00e9t\u00e9 identifi\u00e9s. Le projet reste conforme sur la base de l&#039;examen annuel.<\/p>\n<p><strong>2021:<\/strong> Aucun changement ni probl\u00e8me de conformit\u00e9 n&#039;a \u00e9t\u00e9 signal\u00e9. Le projet reste conforme sur la base de l&#039;examen annuel.<\/p>\n<p><strong>2020:<\/strong> Aucun changement ni probl\u00e8me de conformit\u00e9 n&#039;a \u00e9t\u00e9 signal\u00e9. Le projet reste conforme sur la base de l&#039;examen annuel.<\/p>\n<p><strong>2019:<\/strong> Aucun changement ni probl\u00e8me de conformit\u00e9 n&#039;a \u00e9t\u00e9 signal\u00e9. Le projet reste conforme sur la base de l&#039;examen annuel.<\/p>\n<p><strong>2018:<\/strong> Le rapport annuel pour le certificat actuel n\u2019est pas encore entr\u00e9 en vigueur.<\/p>\n<hr \/>\n<h3>Historique des certifications<\/h3>\n<p><strong>1er janvier 2022 :<\/strong> La dur\u00e9e du certificat LIHI a \u00e9t\u00e9 prolong\u00e9e conform\u00e9ment \u00e0 la r\u00e9vision 2.05 du manuel de certification LIHI 2e \u00e9dition publi\u00e9 le 1er janvier 2022. Reportez-vous au tableau des \u00e9tablissements ci-dessus pour conna\u00eetre la nouvelle dur\u00e9e.<\/p>\n<p><strong>18 mars 2019 : <\/strong>La d\u00e9cision de certifier le projet hydro\u00e9lectrique de Pownal est d\u00e9finitive. Aucun appel n&#039;a \u00e9t\u00e9 re\u00e7u pendant la p\u00e9riode d&#039;appel, cl\u00f4tur\u00e9e le 15 mars 2019. La p\u00e9riode de certification du projet s&#039;\u00e9tend du 7 d\u00e9cembre 2018 au 6 d\u00e9cembre 2028.<\/p>\n<p><strong>12 f\u00e9vrier 2019 : <\/strong>Le Low Impact Hydropower Institute (LIHI) a approuv\u00e9 \u00e0 titre pr\u00e9liminaire la certification \u00ab\u00a0faible impact\u00a0\u00bb pour le projet hydro\u00e9lectrique de Pownal. Cette d\u00e9cision est provisoire, dans l&#039;attente d&#039;un d\u00e9lai d&#039;appel de 30\u00a0jours. Seuls les participants ayant comment\u00e9 la demande initiale pendant ce d\u00e9lai de 60\u00a0jours sont autoris\u00e9s \u00e0 d\u00e9poser un recours. Ce recours doit inclure une explication expliquant en quoi le projet ne r\u00e9pond pas aux crit\u00e8res du LIHI. Les demandes de recours peuvent \u00eatre soumises par courriel \u00e0 l&#039;adresse suivante\u00a0: <a href=\"mailto:comments@lowimpacthydro.org\">comments@lowimpacthydro.org<\/a> avec \u00ab\u00a0Projet hydro\u00e9lectrique de Pownal\u00a0\u00bb en objet, ou par courrier adress\u00e9 au Low Impact Hydropower Institute, 329 Massachusetts Ave, Suite 2, Lexington, MA 02420. Toutes les demandes seront publi\u00e9es sur le site web. Le demandeur aura la possibilit\u00e9 de r\u00e9pondre, et toute r\u00e9ponse sera \u00e9galement publi\u00e9e. <strong>Les demandes doivent \u00eatre re\u00e7ues avant 17 h, heure de l\u2019Est, le 14 mars 2019.\u00a0 <\/strong>Le dossier complet et le rapport des \u00e9valuateurs sont disponibles ci-dessous. Si aucune demande d&#039;appel n&#039;est re\u00e7ue et que la d\u00e9cision devient d\u00e9finitive, la p\u00e9riode de certification du projet (sous r\u00e9serve du dossier LIHI #149) s&#039;\u00e9tendra du 7 d\u00e9cembre 2018 au 6 d\u00e9cembre 2028.<\/p>\n<p><strong>10 d\u00e9cembre 2018 : <\/strong>Le Low Impact Hydropower Institute a re\u00e7u une demande compl\u00e8te de certification \u00e0 faible impact pour le projet hydro\u00e9lectrique de Pownal (FERC n\u00b0 6795, exempt\u00e9). Le projet est situ\u00e9 sur la rivi\u00e8re Hoosic, dans la ville de Pownal, dans le comt\u00e9 de Bennington, au Vermont. Le LIHI sollicite les commentaires du public sur cette demande. Plus pr\u00e9cis\u00e9ment, nous souhaitons savoir si, selon vous, le projet r\u00e9pond aux crit\u00e8res de certification \u00e0 faible impact du LIHI, tels que r\u00e9vis\u00e9s dans la 2e \u00e9dition du manuel. Veuillez consulter le programme et les crit\u00e8res dans la version r\u00e9vis\u00e9e du LIHI.\u00a0<a href=\"https:\/\/lowimpacthydro.org\/wp-content\/uploads\/2020\/07\/2nd-edition-handbook-20160315-rev2.02-7-20-16.pdf\">Manuel<\/a><a href=\"https:\/\/lowimpacthydro.org\/wp-content\/uploads\/2020\/07\/2nd-edition-handbook-20160315-rev2.02-7-20-16.pdf\">\u00a0<\/a>et examinez ensuite les documents de candidature du projet ci-dessous. Les commentaires directement li\u00e9s \u00e0 des crit\u00e8res LIHI sp\u00e9cifiques (d\u00e9bits, qualit\u00e9 de l&#039;eau, <span class='tooltipsall tooltip_post_id_5566 classtoolTips59'>passage des poissons<\/span>, etc.) seront tr\u00e8s utiles, mais tous les commentaires seront pris en compte. Les commentaires peuvent \u00eatre soumis \u00e0 l&#039;Institut par courrier \u00e9lectronique \u00e0 l&#039;adresse\u00a0<a href=\"mailto:comments@lowimpacthydro.org\">comments@lowimpacthydro.org<\/a>\u00a0avec \u00ab Commentaires sur le projet Pownal \u00bb dans la ligne d&#039;objet, ou par courrier adress\u00e9 au Low Impact Hydropower Institute, 329 Massachusetts Avenue, Suite 2, Lexington, MA 02420.\u00a0 <strong>Les commentaires doivent \u00eatre re\u00e7us au plus tard \u00e0 17 heures, heure de l&#039;Est, le 8 f\u00e9vrier 2019.<\/strong>\u00a0\u00e0 prendre en consid\u00e9ration. Tous les commentaires seront publi\u00e9s sur le site Web et le candidat aura la possibilit\u00e9 d&#039;y r\u00e9pondre. Toute r\u00e9ponse sera \u00e9galement publi\u00e9e.<\/p>\n<hr \/>\n<h3>Dossiers de certification<\/h3>\n<h4>Certification 2018<\/h4>\n<ul style=\"color: black;\">\n<li><a href=\"https:\/\/lowimpacthydro.org\/wp-content\/uploads\/2020\/07\/Pownal-Hydroelectric-Project-Review-Report-2019-02-12-final.pdf\">Rapport d&#039;examen de la certification Pownal 2019<\/a><\/li>\n<li><a href=\"https:\/\/lowimpacthydro.org\/wp-content\/uploads\/2020\/07\/Pownal-Project-LIHI-Intake-Application-2018-11-05-complete.pdf\">Demande de certification Pownal 2018<\/a><\/li>\n<li><a href=\"https:\/\/lowimpacthydro.org\/wp-content\/uploads\/2020\/07\/Support-Letter-Hoosic-River-Hydro.pdf\">Lettre de soutien au projet hydro\u00e9lectrique de la rivi\u00e8re Hoosic<\/a><\/li>\n<li><\/li>\n<\/ul>\n<hr \/>\n<h3>Documents cl\u00e9s<\/h3>\n<ul>\n<li><a href=\"https:\/\/lowimpacthydro.org\/wp-content\/uploads\/2020\/12\/1983-Pownal-FERC-Exemption-and-2016-Amendments.pdf\">Pownal FERC <span class='tooltipsall tooltip_post_id_5562 classtoolTips113'>Exemption<\/span> 1983 et amendements 2016 <\/a><\/li>\n<\/ul>","protected":false},"excerpt":{"rendered":"<p>Project Name Pownal LIHI Certificate No. 149 LIHI Certificate Term December 7, 2018 &#8211; December 6, 2033 Owner Hoosic River Hydro State Vermont Location River mile<span class=\"excerpt-hellip\"> [\u2026]<\/span><\/p>\n","protected":false},"author":3,"featured_media":-1,"parent":0,"menu_order":0,"comment_status":"closed","ping_status":"closed","template":"","meta":{"_coblocks_attr":"","_coblocks_dimensions":"","_coblocks_responsive_height":"","_coblocks_accordion_ie_support":"","om_disable_all_campaigns":false,"_monsterinsights_skip_tracking":false,"_monsterinsights_sitenote_active":false,"_monsterinsights_sitenote_note":"","_monsterinsights_sitenote_category":0,"footnotes":""},"class_list":["post-691","page","type-page","status-publish","has-post-thumbnail","hentry"],"aioseo_notices":[],"_links":{"self":[{"href":"https:\/\/lowimpacthydro.org\/fr\/wp-json\/wp\/v2\/pages\/691","targetHints":{"allow":["GET"]}}],"collection":[{"href":"https:\/\/lowimpacthydro.org\/fr\/wp-json\/wp\/v2\/pages"}],"about":[{"href":"https:\/\/lowimpacthydro.org\/fr\/wp-json\/wp\/v2\/types\/page"}],"author":[{"embeddable":true,"href":"https:\/\/lowimpacthydro.org\/fr\/wp-json\/wp\/v2\/users\/3"}],"replies":[{"embeddable":true,"href":"https:\/\/lowimpacthydro.org\/fr\/wp-json\/wp\/v2\/comments?post=691"}],"version-history":[{"count":11,"href":"https:\/\/lowimpacthydro.org\/fr\/wp-json\/wp\/v2\/pages\/691\/revisions"}],"predecessor-version":[{"id":10167,"href":"https:\/\/lowimpacthydro.org\/fr\/wp-json\/wp\/v2\/pages\/691\/revisions\/10167"}],"wp:featuredmedia":[{"embeddable":true,"href":"https:\/\/lowimpacthydro.org\/fr\/wp-json\/"}],"wp:attachment":[{"href":"https:\/\/lowimpacthydro.org\/fr\/wp-json\/wp\/v2\/media?parent=691"}],"curies":[{"name":"wp","href":"https:\/\/api.w.org\/{rel}","templated":true}]}}