{"id":6770,"date":"2022-12-08T11:30:23","date_gmt":"2022-12-08T16:30:23","guid":{"rendered":"https:\/\/lowimpacthydro.org\/?page_id=6770"},"modified":"2026-01-08T09:54:44","modified_gmt":"2026-01-08T14:54:44","slug":"south-berwick-project-new-hampshire-maine","status":"publish","type":"page","link":"https:\/\/lowimpacthydro.org\/fr\/south-berwick-project-new-hampshire-maine\/","title":{"rendered":"Projet South Berwick, New Hampshire\/Maine"},"content":{"rendered":"<table class=\"alignright\" style=\"width: 351px; border: 2px; cellspacing: 2px; cellpadding: 2px; margin-left: 50px;\">\n<tbody>\n<tr>\n<td width=\"162\"><strong>Nom du projet<\/strong><\/td>\n<td width=\"165\">Berwick-Sud<\/td>\n<\/tr>\n<tr>\n<td style=\"width: 154px;\"><strong>Num\u00e9ro de certificat LIHI<\/strong><\/td>\n<td style=\"width: 211px;\">195<\/td>\n<\/tr>\n<tr>\n<td style=\"width: 154px;\"><strong>Dur\u00e9e du certificat LIHI<\/strong><\/td>\n<td style=\"width: 211px;\">8 d\u00e9cembre 2022 \u2013 7 d\u00e9cembre 2032<\/td>\n<\/tr>\n<tr>\n<td width=\"162\"><strong>Propri\u00e9taire<\/strong><\/td>\n<td width=\"165\">Soci\u00e9t\u00e9 d&#039;\u00e9nergie de Green Mountain<\/td>\n<\/tr>\n<tr>\n<td width=\"162\"><strong>\u00c9tat<\/strong><\/td>\n<td width=\"165\">New Hampshire et Maine<\/td>\n<\/tr>\n<tr>\n<td width=\"162\"><strong>Emplacement<\/strong><\/td>\n<td width=\"165\">Rivi\u00e8re Mile 0 sur la rivi\u00e8re Salmon Falls<\/td>\n<\/tr>\n<tr>\n<td width=\"162\"><strong>Capacit\u00e9 install\u00e9e<\/strong><\/td>\n<td width=\"165\">1,2 MW<\/td>\n<\/tr>\n<tr>\n<td width=\"162\"><strong>G\u00e9n\u00e9ration annuelle moyenne<\/strong><\/td>\n<td width=\"165\">3 164 MWh<\/td>\n<\/tr>\n<tr>\n<td width=\"162\"><strong>Type d&#039;\u00e9tablissement<\/strong><\/td>\n<td width=\"165\">Au fil de l&#039;eau<\/td>\n<\/tr>\n<tr>\n<td width=\"162\"><strong><span class='tooltipsall tooltip_post_id_5565 classtoolTips152'>F\u00e9d\u00e9ration internationale de radio-t\u00e9l\u00e9vision (FERC)<\/span> Non.<\/strong><\/td>\n<td width=\"165\">P-11163, d\u00e9livr\u00e9 en 1997, expirant le 30 novembre 2037<\/td>\n<\/tr>\n<\/tbody>\n<\/table>\n<p>Le projet South Berwick est situ\u00e9 dans le Maine et le New Hampshire, sur la rivi\u00e8re Salmon Falls, \u00e0 l&#039;intersection de la ville de South Berwick, dans le comt\u00e9 de York (Maine), et de la ville de Rollinsford, dans le comt\u00e9 de Strafford (New Hampshire). La majeure partie des infrastructures du projet, y compris la prise d&#039;eau, <span class='tooltipsall tooltip_post_id_5619 classtoolTips124'>conduites forc\u00e9es<\/span>, et <span class='tooltipsall tooltip_post_id_5624 classtoolTips102'>centrale<\/span> sont situ\u00e9s \u00e0 South Berwick. Le droit <span class='tooltipsall tooltip_post_id_5514 classtoolTips118'>pilier<\/span> de la <span class='tooltipsall tooltip_post_id_5545 classtoolTips158'>barrage<\/span> est situ\u00e9 \u00e0 Rollinsford.<\/p>\n<p>La rivi\u00e8re Salmon Falls est un affluent c\u00f4tier de la rivi\u00e8re Piscataqua et draine un bassin versant de 570 km\u00b2. Le barrage de South Berwick s\u00e9pare les parties fluviale et soumise aux mar\u00e9es de la rivi\u00e8re et constitue le premier barrage sur la Salmon Falls. Le tron\u00e7on de rivi\u00e8re en aval du projet, jusqu&#039;\u00e0 la c\u00f4te, est soumis \u00e0 l&#039;influence des mar\u00e9es. Il n&#039;y a aucun barrage ni ouvrage en aval, entre le projet et l&#039;embouchure de la rivi\u00e8re. Environ 6,3 km en aval, la Salmon Falls rejoint la rivi\u00e8re Cocheco pour former le confluent de la Piscataqua. De nombreux barrages sont situ\u00e9s en amont du projet, notamment\u2026 <a href=\"https:\/\/lowimpacthydro.org\/fr\/rollinsford-project-new-hampshire-maine\/\">Rollinsford (LIHI #196)<\/a>, <a href=\"https:\/\/lowimpacthydro.org\/fr\/lower-great-falls-project-nh-me\/\">Lower Great Falls (LIHI #202)<\/a>, et <a href=\"https:\/\/lowimpacthydro.org\/fr\/lihi-certificate-100-south-milton-hydroelectric-project-new-hampshire\/\">South Milton (LIHI #100)<\/a>.<\/p>\n<p>Le barrage de South Berwick a \u00e9t\u00e9 construit en 1831. La centrale \u00e9lectrique actuelle a \u00e9t\u00e9 construite en 1923. \u00c0 la fin des ann\u00e9es 1990, le projet a \u00e9t\u00e9 r\u00e9am\u00e9nag\u00e9 pour retrouver sa configuration et son fonctionnement actuels.<\/p>\n<p>Les installations du projet comprennent :<\/p>\n<ul style=\"color: black;\">\n<li>un b\u00e9ton de 18 pieds de haut et 290 pieds de long <span class='tooltipsall tooltip_post_id_5580 classtoolTips81'>barrage-poids<\/span> avec 2 pieds de haut <span class='tooltipsall tooltip_post_id_5569 classtoolTips79'>tableaux d&#039;affichage<\/span>;<\/li>\n<li>un 220 pieds de long int\u00e9gral <span class='tooltipsall tooltip_post_id_5651 classtoolTips116'>d\u00e9versoir<\/span> section;<\/li>\n<li>un bassin de retenue d&#039;un volume brut de 641 acres-pieds avec une superficie de 58 acres \u00e0 l&#039;\u00e9l\u00e9vation normale de l&#039;\u00e9tang de 24,95 pieds msl et un volume de stockage utilisable n\u00e9gligeable\u00a0;<\/li>\n<li>une structure de prise d&#039;eau sur la cul\u00e9e gauche (est) du barrage ;<\/li>\n<li>trois <span class='tooltipsall tooltip_post_id_5582 classtoolTips122'>portes de t\u00eate<\/span> qui alimentent trois conduites forc\u00e9es de 8 pieds de diam\u00e8tre et de 70 pieds de longueur\u00a0;<\/li>\n<li>grilles \u00e0 d\u00e9chets avec un espacement libre de 1 pouce orient\u00e9es \u00e0 un angle de 45 degr\u00e9s par rapport \u00e0 la rivi\u00e8re<br \/>\ncanal et \u00e9coulement;<\/li>\n<li>un amont et un aval <span class='tooltipsall tooltip_post_id_5566 classtoolTips59'>passage des poissons<\/span> facilit\u00e9;<\/li>\n<li>deux \u00e9cluses de 4 pieds sur 4 pieds <span class='tooltipsall tooltip_post_id_5578 classtoolTips153'>portes<\/span> utilis\u00e9s comme vannes de crue et pour abaisser le niveau du bassin d&#039;amont<br \/>\nniveaux;<\/li>\n<li>une centrale \u00e9lectrique en b\u00e9ton et en briques de 85 pieds de long sur 30 pieds de large\u00a0;<\/li>\n<li>trois verticales <span class='tooltipsall tooltip_post_id_5576 classtoolTips39'>Turbine Francis<\/span>-groupes \u00e9lectrog\u00e8nes d&#039;une capacit\u00e9 totale install\u00e9e de 1,2<br \/>\nMW, appareillage de commutation et syst\u00e8me de contr\u00f4le d&#039;unit\u00e9\u00a0; et<\/li>\n<li>installations annexes.<\/li>\n<\/ul>\n<p>Le projet op\u00e8re dans <span class='tooltipsall tooltip_post_id_5643 classtoolTips52'>au fil de l&#039;eau<\/span> mode et fournit un d\u00e9bit minimum de 44 pi3\/s pour r\u00e9soudre les probl\u00e8mes de qualit\u00e9 de l&#039;eau, et les op\u00e9rations au fil de l&#039;eau assurent la protection des ressources aquatiques et <span class='tooltipsall tooltip_post_id_5635 classtoolTips115'>riverain<\/span> habitat. L&#039;\u00e9l\u00e9vation du bassin d&#039;amont est r\u00e9gul\u00e9e par un <span class='tooltipsall tooltip_post_id_5626 classtoolTips6'>Contr\u00f4leur logique programmable<\/span> afin de garantir la stabilit\u00e9 des niveaux du bassin d&#039;amont face aux variations du niveau de la rivi\u00e8re. Un syst\u00e8me informatis\u00e9 permet la collecte et le stockage des donn\u00e9es pour r\u00e9pondre aux exigences de surveillance et de reporting. Ce r\u00e9gime d&#039;\u00e9coulement a \u00e9t\u00e9 \u00e9labor\u00e9 en collaboration avec le D\u00e9partement de la protection de l&#039;environnement du Maine, le Service am\u00e9ricain de la p\u00eache et de la faune sauvage et le D\u00e9partement de la p\u00eache et de la chasse du New Hampshire (NHFGD).<\/p>\n<p>Les eaux situ\u00e9es dans la zone du projet sont d\u00e9sign\u00e9es comme cat\u00e9gorie 4A, ce qui d\u00e9limite <span class='tooltipsall tooltip_post_id_5560 classtoolTips112'>estuarien<\/span> et les eaux marines qui sont alt\u00e9r\u00e9es ou menac\u00e9es pour une ou plusieurs utilisations d\u00e9sign\u00e9es, mais qui ne n\u00e9cessitent pas de d\u00e9veloppement <span class='tooltipsall tooltip_post_id_5663 classtoolTips150'>TMDL<\/span>Au d\u00e9but des ann\u00e9es 2000, le projet a men\u00e9 plusieurs ann\u00e9es de surveillance de la qualit\u00e9 de l&#039;eau dans les eaux aval du projet. \u00c0 l&#039;issue du projet, le D\u00e9partement de la protection de l&#039;environnement du Maine a confirm\u00e9 les conclusions selon lesquelles le projet ne contribue pas au non-respect des normes de qualit\u00e9 de l&#039;eau.<\/p>\n<p>La rivi\u00e8re Salmon Falls a historiquement accueilli plusieurs <span class='tooltipsall tooltip_post_id_5549 classtoolTips96'>diadrome<\/span> Des esp\u00e8ces comme l&#039;alose savoureuse, l&#039;anguille d&#039;Am\u00e9rique et le hareng de rivi\u00e8re ont \u00e9t\u00e9 fortement impact\u00e9es sur les montaisons de saumon atlantique. D\u00e8s 1750 (avant la construction du barrage), elles ont \u00e9t\u00e9 suffisamment perturb\u00e9es par les anciens barrages en amont, la surp\u00eache et la pollution par la sciure de bois pour que les saumons ne reviennent plus frayer dans la rivi\u00e8re Salmon Falls. Le canal de fuite du projet est fortement p\u00each\u00e9 au printemps, lorsque des poissons diadromes sont pr\u00e9sents. L&#039;exploitation des installations de passage des poissons est coordonn\u00e9e chaque ann\u00e9e avec le NHFGD. Le ma\u00eetre d&#039;ouvrage travaille en \u00e9troite collaboration avec le NHFGD et participe \u00e0 l&#039;installation du mat\u00e9riel de comptage des poissons \u00e0 la passe \u00e0 poissons, ainsi qu&#039;aux comptages manuels. <span class='tooltipsall tooltip_post_id_5556 classtoolTips98'>\u00e9chelle \u00e0 anguilles<\/span>.<\/p>\n<p>L&#039;installation de passage \u00e0 poissons a \u00e9t\u00e9 construite en 2002 entre la cul\u00e9e gauche (est) du barrage et la prise d&#039;eau. L&#039;\u00e9chelle \u00e0 poissons de type Denil, d&#039;une largeur de 1,20 m (4 pieds), est construite en acier et en b\u00e9ton et est con\u00e7ue pour fonctionner en mode amont ou aval. L&#039;entr\u00e9e de l&#039;\u00e9chelle \u00e0 poissons se trouve dans le canal de fuite du projet, adjacent au refoulement de l&#039;unit\u00e9 turbine-alternateur n\u00b0 3. La sortie de l&#039;\u00e9chelle \u00e0 poissons, qui sert \u00e9galement d&#039;entr\u00e9e de d\u00e9rivation aval, est situ\u00e9e du c\u00f4t\u00e9 droit (ouest) des grilles \u00e0 d\u00e9bris inclin\u00e9es. Lorsqu&#039;elle est utilis\u00e9e comme installation de passage aval, les chicanes sont retir\u00e9es de la partie sup\u00e9rieure de l&#039;\u00e9chelle \u00e0 poissons et des batardeaux sont utilis\u00e9s pour sceller les parties m\u00e9diane et inf\u00e9rieure de l&#039;\u00e9chelle afin de rediriger le courant et les poissons en migration vers un <span class='tooltipsall tooltip_post_id_5620 classtoolTips86'>piscine de plong\u00e9e<\/span> dans le canal de fuite. Un passage en amont pour l&#039;anguille d&#039;Am\u00e9rique est \u00e9galement pr\u00e9vu dans le cadre du projet, via un <span class='tooltipsall tooltip_post_id_5556 classtoolTips98'>rampe \u00e0 anguilles<\/span> Situ\u00e9e au pied du barrage, la passe \u00e0 anguilles est g\u00e9n\u00e9ralement utilis\u00e9e par les jeunes anguilles d&#039;Am\u00e9rique du projet de la fin du printemps au d\u00e9but de l&#039;automne. Parmi les autres esp\u00e8ces de poissons pr\u00e9sentes dans la rivi\u00e8re Salmon Falls, on compte la perchaude, l&#039;achigan \u00e0 grande bouche, le crapet arlequin, le m\u00e9n\u00e9 jaune, la barbotte brune et le brochet rouge. De plus, l&#039;habitat peut accueillir des poissons fluviaux comme le meunier noir et la m\u00e9rou. Plusieurs esp\u00e8ces non indig\u00e8nes sont pr\u00e9sentes dans le projet, notamment des esp\u00e8ces d&#039;achigan introduites gr\u00e2ce \u00e0 des programmes d&#039;empoissonnement.<\/p>\n<p>Le terrain du projet s&#039;\u00e9tend sur environ 7 acres. Les terres environnantes sont principalement constitu\u00e9es de berges bois\u00e9es non am\u00e9nag\u00e9es, avec quelques am\u00e9nagements \u00e9pars. Le canal de fuite est consid\u00e9r\u00e9 comme un habitat estuarien intertidal en raison de l&#039;influence des mar\u00e9es. <span class='tooltipsall tooltip_post_id_5643 classtoolTips52'>Au fil de l&#039;eau<\/span> les op\u00e9rations assurent la protection des rivages du projet.<\/p>\n<p>Parmi les esp\u00e8ces menac\u00e9es ou en voie de disparition potentiellement pr\u00e9sentes \u00e0 proximit\u00e9 du projet figurent la chauve-souris nordique, l&#039;esturgeon noir, l&#039;esturgeon \u00e0 museau court, le pygargue \u00e0 t\u00eate blanche, la vase atlantique, la s\u00e9taire verte, le roseau commun, l&#039;herbe pygm\u00e9e et la s\u00e9taire maritime. Aucun habitat essentiel pour les esp\u00e8ces r\u00e9pertori\u00e9es n&#039;a \u00e9t\u00e9 identifi\u00e9 dans la zone du projet. Un habitat appropri\u00e9 pourrait \u00eatre trouv\u00e9 \u00e0 proximit\u00e9 du projet, bien que l&#039;exploitation au fil de l&#039;eau minimise le potentiel d&#039;impact sur ces esp\u00e8ces. La gestion de la v\u00e9g\u00e9tation du projet se d\u00e9roule en dehors des zones pr\u00e9occupantes et ne devrait pas avoir d&#039;impact sur les esp\u00e8ces r\u00e9pertori\u00e9es.<\/p>\n<p>Aucune ressource culturelle ou historique n&#039;a \u00e9t\u00e9 identifi\u00e9e dans la zone du projet, avec l&#039;accord de la Commission de pr\u00e9servation historique de l&#039;\u00c9tat du Maine, qui a d\u00e9clar\u00e9 lors du renouvellement de la licence qu&#039;\u00ab aucun site d&#039;importance historique, architecturale ou arch\u00e9ologique ne serait affect\u00e9 par la poursuite de l&#039;exploitation du projet de South Berwick \u00bb. Bien qu&#039;il ne soit pas situ\u00e9 dans les limites du projet, le comptoir historique se trouve \u00e0 l&#039;angle de la rivi\u00e8re Salmon Falls et de Liberty Street, \u00e0 South Berwick. Le comptoir \u00e9tait inscrit au patrimoine mondial. <span class='tooltipsall tooltip_post_id_5606 classtoolTips1'>Registre national des lieux historiques<\/span> en 1975. Le Counting House n&#039;est ni exploit\u00e9 ni entretenu par le projet.<\/p>\n<p>Les ressources r\u00e9cr\u00e9atives du projet comprennent l&#039;acc\u00e8s \u00e0 la navigation depuis la rampe de mise \u00e0 l&#039;eau de Foundry Street, la p\u00eache en bord de mer le long de la rampe et en aval du projet, et le cano\u00eb sur le tron\u00e7on aval de la rivi\u00e8re. La rive est, pr\u00e8s de la centrale, offre \u00e9galement un acc\u00e8s \u00e0 la rivi\u00e8re. L&#039;acc\u00e8s public est gratuit.<\/p>\n<hr \/>\n<h3>\u00c9tat de conformit\u00e9<\/h3>\n<p>Le certificat comprend la condition sp\u00e9cifique \u00e0 l&#039;\u00e9tablissement suivante :<\/p>\n<p><strong>Condition 1<\/strong>Dans les rapports annuels de conformit\u00e9 soumis au LIHI, le propri\u00e9taire de l&#039;installation doit r\u00e9sumer les op\u00e9rations de passage des poissons en amont et en aval au cours de la saison de passage pr\u00e9c\u00e9dente, d\u00e9crire les inspections et les travaux d&#039;entretien effectu\u00e9s, fournir des copies de toutes les communications avec les organismes de gestion des ressources halieutiques et fournir un plan et un calendrier de mise en \u0153uvre des modifications qui pourraient \u00eatre requises par ces organismes. Si d&#039;autres m\u00e9thodes de passage sont mises en \u0153uvre dans le cadre du projet, un plan et un calendrier de ces travaux doivent \u00e9galement \u00eatre fournis. Le LIHI se r\u00e9serve le droit de modifier cette condition en fonction des informations fournies.<\/p>\n<p><strong>2025:<\/strong> Aucun changement important ni probl\u00e8me de conformit\u00e9 n&#039;ont \u00e9t\u00e9 relev\u00e9s. Le projet demeure conforme suite \u00e0 l&#039;examen annuel. Concernant la condition 1, l&#039;installation du dispositif de pi\u00e9geage\/camion a \u00e9t\u00e9 achev\u00e9e. Les dispositifs de franchissement pour poissons en amont et en aval ont fonctionn\u00e9 sans incident, hormis les op\u00e9rations d&#039;entretien courant.<\/p>\n<p><strong>2024:<\/strong> Aucun changement important ni probl\u00e8me de conformit\u00e9 n&#039;a \u00e9t\u00e9 identifi\u00e9. Le projet demeure conforme suite \u00e0 l&#039;examen annuel. Concernant la condition 1, le projet a d\u00e9clar\u00e9 avoir d\u00e9pos\u00e9 les documents de conception d\u00e9finitifs et la demande de modification aupr\u00e8s de la FERC pour l&#039;installation de casiers et de transport, dont l&#039;installation est pr\u00e9vue en 2025. Les installations de passage des poissons en amont et en aval ont fonctionn\u00e9 sans incident, hormis les travaux d&#039;entretien de routine. La passe \u00e0 poissons de Denil a permis le passage d&#039;environ 177\u00a0374 harengs de rivi\u00e8re en amont.<\/p>\n<p><strong>2023:<\/strong> Aucun changement important ni probl\u00e8me de conformit\u00e9 n&#039;a \u00e9t\u00e9 identifi\u00e9. Le projet demeure conforme suite \u00e0 l&#039;examen annuel. Concernant la condition 1, le projet a fait \u00e9tat d&#039;une consultation avec le US Fish and Wildlife Service et d&#039;autres organismes lors de la conception de l&#039;installation d&#039;un syst\u00e8me de casiers et de transport, comprenant une visite du site et une r\u00e9union pour discuter des options de conception. Les installations de passage des poissons en amont et en aval ont fonctionn\u00e9 sans incident, hormis les travaux d&#039;entretien de routine. La passe \u00e0 poissons de Denil a permis le passage d&#039;environ 70\u00a0625 harengs de rivi\u00e8re en amont.<\/p>\n<p><strong>2022:<\/strong> Le rapport annuel pour le certificat actuel n\u2019est pas encore entr\u00e9 en vigueur.<\/p>\n<hr \/>\n<h3>Historique des certifications<\/h3>\n<p><strong>18 avril 2023 : <\/strong>Le Low Impact Hydropower Institute a rendu sa d\u00e9cision finale concernant la certification du projet hydro\u00e9lectrique de South Berwick. La p\u00e9riode de certification s&#039;\u00e9tend du 8 d\u00e9cembre 2022 au 7 d\u00e9cembre 2032.<\/p>\n<p><strong>13 mars 2023 :<\/strong> \u00a0Le Low Impact Hydropower Institute (LIHI) a approuv\u00e9 la certification \u00ab\u00a0faible impact\u00a0\u00bb pour le projet hydro\u00e9lectrique de South Berwick (LIHI #195 en attente). La demande et le rapport d&#039;examen sont disponibles ci-dessous.<\/p>\n<p>Cette d\u00e9cision est pr\u00e9liminaire en attendant la p\u00e9riode d&#039;appel de 30 jours. Seuls ceux qui ont comment\u00e9 la demande initiale pendant la p\u00e9riode de commentaires de 60 jours sont \u00e9ligibles pour d\u00e9poser un appel. Un tel appel doit inclure une explication sur la raison pour laquelle le projet ne r\u00e9pond pas aux crit\u00e8res du LIHI. Les demandes d&#039;appel peuvent \u00eatre soumises par courrier \u00e9lectronique \u00e0 <a href=\"mailto:comments@lowimpacthydro.org\">comments@lowimpacthydro.org<\/a> avec \u00ab Projet South Berwick \u00bb en objet, ou par courrier adress\u00e9 au Low Impact Hydropower Institute, 1167 Massachusetts Ave, Arlington, MA 02476. Toutes les demandes seront publi\u00e9es sur le site web. Le demandeur aura la possibilit\u00e9 de r\u00e9pondre, et toute r\u00e9ponse sera \u00e9galement publi\u00e9e. Les demandes doivent \u00eatre re\u00e7ues au plus tard \u00e0 17 h (heure de l&#039;Est) le <strong>12 avril 2023<\/strong>Si aucune demande d\u2019appel n\u2019est re\u00e7ue, la p\u00e9riode de certification sera du 8 d\u00e9cembre 2022 au 7 d\u00e9cembre 2032.<\/p>\n<p><strong>8 d\u00e9cembre 2022 : <\/strong>Le Low Impact Hydropower Institute a re\u00e7u une demande compl\u00e8te de certification \u00e0 faible impact pour le projet hydro\u00e9lectrique de South Berwick. Le LIHI sollicite les commentaires du public sur cette demande. Plus pr\u00e9cis\u00e9ment, nous souhaitons savoir si, selon vous, le projet r\u00e9pond aux crit\u00e8res de certification \u00e0 faible impact du LIHI, tels que r\u00e9vis\u00e9s dans la 2e \u00e9dition du manuel. Les documents de candidature sont disponibles ci-dessous.<\/p>\n<p>Les commentaires directement li\u00e9s \u00e0 des crit\u00e8res sp\u00e9cifiques du LIHI (d\u00e9bits, qualit\u00e9 de l&#039;eau, passage des poissons, etc.) seront les plus utiles, mais tous les commentaires seront pris en compte. Les commentaires peuvent \u00eatre envoy\u00e9s \u00e0 l&#039;Institut par courrier \u00e9lectronique \u00e0 l&#039;adresse\u00a0<a href=\"mailto:comments@lowimpacthydro.org\">comments@lowimpacthydro.org<\/a>\u00a0avec \u00ab Commentaires sur le projet South Berwick \u00bb dans la ligne d&#039;objet, ou par courrier adress\u00e9 au Low Impact Hydropower Institute, 1167 Massachusetts Avenue, Arlington, MA 02476.\u00a0 <strong>Les commentaires doivent \u00eatre re\u00e7us au plus tard \u00e0 17 heures, heure de l&#039;Est, le 6 f\u00e9vrier 2023.<\/strong>\u00a0\u00e0 prendre en consid\u00e9ration. Tous les commentaires seront publi\u00e9s sur le site Web et le candidat aura la possibilit\u00e9 d&#039;y r\u00e9pondre. Toute r\u00e9ponse sera \u00e9galement publi\u00e9e.<\/p>\n<hr \/>\n<h3>Dossiers de certification<\/h3>\n<h4>Certification 2023<\/h4>\n<ul style=\"color: black;\">\n<li><a href=\"https:\/\/lowimpacthydro.org\/wp-content\/uploads\/2023\/03\/South-Berwick-Certification-Review-Report-2023.pdf\">Rapport d&#039;\u00e9valuation de South Berwick 2023<\/a><\/li>\n<li><a href=\"https:\/\/lowimpacthydro.org\/wp-content\/uploads\/2022\/12\/South_Berwick_LIHI_Certification_Application-Intake-Review-jcg-2022-10-12.pdf\">Projet South Berwick \u2013 Demande de certification 2022<\/a><\/li>\n<li><a href=\"https:\/\/lowimpacthydro.org\/wp-content\/uploads\/2022\/12\/TU-Comments-on-South-Berwick-LIHI-Application-2022.pdf\">Lettre de commentaires de TU \u2013 Projet South Berwick<\/a><\/li>\n<\/ul>\n<hr \/>\n<h3>Documents cl\u00e9s<\/h3>\n<ul>\n<li><a href=\"https:\/\/lowimpacthydro.org\/wp-content\/uploads\/2023\/06\/1997-12-11_FERC-License-South-Berwick.pdf\">Licence FERC 1997<\/a><\/li>\n<li><a href=\"https:\/\/lowimpacthydro.org\/wp-content\/uploads\/2023\/06\/19970103-FERC-EA-South-Berwick.pdf\">\u00c9valuation environnementale de la FERC de 1996<\/a><\/li>\n<li><a href=\"https:\/\/lowimpacthydro.org\/wp-content\/uploads\/2023\/06\/1995-WQC-South-Berwick.pdf\">Certification de la qualit\u00e9 de l&#039;eau du Maine en 1995<\/a><\/li>\n<\/ul>","protected":false},"excerpt":{"rendered":"<p>Project Name South Berwick LIHI Certificate No. 195 LIHI Certificate Term December 8, 2022 &#8211; December 7, 2032 Owner Green Mountain Power Corporation State New Hampshire<span class=\"excerpt-hellip\"> [\u2026]<\/span><\/p>\n","protected":false},"author":3,"featured_media":-1,"parent":0,"menu_order":0,"comment_status":"closed","ping_status":"closed","template":"","meta":{"_coblocks_attr":"","_coblocks_dimensions":"","_coblocks_responsive_height":"","_coblocks_accordion_ie_support":"","om_disable_all_campaigns":false,"_monsterinsights_skip_tracking":false,"_monsterinsights_sitenote_active":false,"_monsterinsights_sitenote_note":"","_monsterinsights_sitenote_category":0,"footnotes":""},"class_list":["post-6770","page","type-page","status-publish","has-post-thumbnail","hentry"],"aioseo_notices":[],"_links":{"self":[{"href":"https:\/\/lowimpacthydro.org\/fr\/wp-json\/wp\/v2\/pages\/6770","targetHints":{"allow":["GET"]}}],"collection":[{"href":"https:\/\/lowimpacthydro.org\/fr\/wp-json\/wp\/v2\/pages"}],"about":[{"href":"https:\/\/lowimpacthydro.org\/fr\/wp-json\/wp\/v2\/types\/page"}],"author":[{"embeddable":true,"href":"https:\/\/lowimpacthydro.org\/fr\/wp-json\/wp\/v2\/users\/3"}],"replies":[{"embeddable":true,"href":"https:\/\/lowimpacthydro.org\/fr\/wp-json\/wp\/v2\/comments?post=6770"}],"version-history":[{"count":18,"href":"https:\/\/lowimpacthydro.org\/fr\/wp-json\/wp\/v2\/pages\/6770\/revisions"}],"predecessor-version":[{"id":10257,"href":"https:\/\/lowimpacthydro.org\/fr\/wp-json\/wp\/v2\/pages\/6770\/revisions\/10257"}],"wp:featuredmedia":[{"embeddable":true,"href":"https:\/\/lowimpacthydro.org\/fr\/wp-json\/"}],"wp:attachment":[{"href":"https:\/\/lowimpacthydro.org\/fr\/wp-json\/wp\/v2\/media?parent=6770"}],"curies":[{"name":"wp","href":"https:\/\/api.w.org\/{rel}","templated":true}]}}