{"id":6579,"date":"2022-09-22T10:22:49","date_gmt":"2022-09-22T14:22:49","guid":{"rendered":"https:\/\/lowimpacthydro.org\/?page_id=6579"},"modified":"2025-08-07T10:58:12","modified_gmt":"2025-08-07T14:58:12","slug":"meldahl-project","status":"publish","type":"page","link":"https:\/\/lowimpacthydro.org\/fr\/meldahl-project\/","title":{"rendered":"Certificat LIHI #194 \u2013 Projet Meldahl, Ohio\/Kentucky"},"content":{"rendered":"<table class=\"alignright\" style=\"width: 351px; border: 2px; cellspacing: 2px; cellpadding: 2px; margin-left: 50px;\">\n<tbody>\n<tr>\n<td style=\"border-style: solid;\" width=\"162\"><strong>Nom du projet<\/strong><\/td>\n<td style=\"border-style: solid;\" width=\"165\">Meldahl<\/td>\n<\/tr>\n<tr>\n<td style=\"border-style: solid;\"><strong>Num\u00e9ro de certificat LIHI<br \/>\n<\/strong><\/td>\n<td style=\"border-style: solid;\">194<\/td>\n<\/tr>\n<tr>\n<td style=\"border-style: solid;\"><strong>Dur\u00e9e du certificat LIHI<br \/>\n<\/strong><\/td>\n<td style=\"border-style: solid;\">21 septembre 2022 \u2013 20 septembre 2032<\/td>\n<\/tr>\n<tr>\n<td style=\"border-style: solid;\" width=\"162\"><strong>Propri\u00e9taire<\/strong><\/td>\n<td style=\"border-style: solid;\" width=\"165\">\u00c9nergie municipale am\u00e9ricaine, Inc.<\/td>\n<\/tr>\n<tr>\n<td style=\"border-style: solid;\" width=\"162\"><strong>\u00c9tat<\/strong><\/td>\n<td style=\"border-style: solid;\" width=\"165\">Ohio\/Kentucky<\/td>\n<\/tr>\n<tr>\n<td style=\"border-style: solid;\" width=\"162\"><strong>Emplacement<\/strong><\/td>\n<td style=\"border-style: solid;\" width=\"165\">Mile 436,2 sur la rivi\u00e8re Ohio, comt\u00e9 de Clermont, Ohio\/comt\u00e9 de Bracken, Kentucky<\/td>\n<\/tr>\n<tr>\n<td style=\"border-style: solid;\" width=\"162\"><strong>Capacit\u00e9 install\u00e9e<\/strong><\/td>\n<td style=\"border-style: solid;\" width=\"165\">105 MW<\/td>\n<\/tr>\n<tr>\n<td style=\"border-style: solid;\" width=\"162\"><strong>G\u00e9n\u00e9ration annuelle moyenne<\/strong><\/td>\n<td style=\"border-style: solid;\" width=\"165\">514 157 MWh<\/td>\n<\/tr>\n<tr>\n<td style=\"border-style: solid;\" width=\"162\"><strong>Type d&#039;\u00e9tablissement<\/strong><\/td>\n<td style=\"border-style: solid;\" width=\"165\">Au fil de l&#039;eau<\/td>\n<\/tr>\n<tr>\n<td style=\"border-style: solid;\" width=\"162\"><strong><span class='tooltipsall tooltip_post_id_5565 classtoolTips152'>F\u00e9d\u00e9ration internationale de radio-t\u00e9l\u00e9vision (FERC)<\/span> Non.<\/strong><\/td>\n<td style=\"border-style: solid;\" width=\"165\">P-12667 d\u00e9livr\u00e9 en 2008, expire le 21\/05\/2058<\/td>\n<\/tr>\n<\/tbody>\n<\/table>\n<p>Le projet Meldahl est situ\u00e9 sur la rivi\u00e8re Ohio dans le comt\u00e9 de Bracken, Kentucky et le comt\u00e9 de Clermont, Ohio, imm\u00e9diatement \u00e0 c\u00f4t\u00e9 des \u00e9cluses existantes du capitaine Anthony Meldahl du Corps des ing\u00e9nieurs de l&#039;arm\u00e9e am\u00e9ricaine (USACE) et <span class='tooltipsall tooltip_post_id_5545 classtoolTips158'>Barrage<\/span>, \u00e0 700 kilom\u00e8tres de sa source \u00e0 Pittsburgh, en Pennsylvanie. C&#039;est la 12e \u00e9cluse et <span class='tooltipsall tooltip_post_id_5545 classtoolTips158'>barrage<\/span> En aval de Pittsburgh, en Pennsylvanie, o\u00f9 l&#039;Ohio prend sa source au confluent des rivi\u00e8res Allegheny et Monongahela, une s\u00e9rie d&#039;\u00e9cluses et de barrages, exploit\u00e9s et entretenus par l&#039;USACE, r\u00e9gulent le niveau des bassins de l&#039;Ohio pour la navigation. Ces barrages cr\u00e9ent 19 bassins en amont du confluent du Mississippi. Depuis la fin du XIXe si\u00e8cle, l&#039;Ohio a \u00e9t\u00e9 enti\u00e8rement modifi\u00e9 par la canalisation et la construction de plus de 60 \u00e9cluses et barrages pour faciliter le trafic maritime.<\/p>\n<p>La construction de l&#039;\u00e9cluse et du barrage a commenc\u00e9 en avril 1958 et a \u00e9t\u00e9 achev\u00e9e et mise en service en d\u00e9cembre 1964. Le propri\u00e9taire du projet poss\u00e8de ou entretient quatre autres projets hydro\u00e9lectriques le long de la rivi\u00e8re Ohio, notamment : <a href=\"https:\/\/lowimpacthydro.org\/fr\/lihi-certificate-187-willow-island-project-ohio-west-virginia\/\">\u00cele Willow (projet FERC n\u00b0 6902, LIHI #187)<\/a>, Belleville (projet FERC n\u00b0 6939), Cannelton (projet FERC n\u00b0 10228) et Smithland (projet FERC n\u00b0 6641).<\/p>\n<p>L&#039;ouvrage existant de l&#039;USACE, qui ne fait pas partie du projet, comprend une \u00e9cluse principale de 360 m\u00e8tres de long et 33 m\u00e8tres de large, ainsi qu&#039;une \u00e9cluse auxiliaire de 183 m\u00e8tres de long et 33 m\u00e8tres de large. Achev\u00e9 en 1964, le barrage est un d\u00e9versoir fixe en b\u00e9ton avec 12 tainters. <span class='tooltipsall tooltip_post_id_5578 classtoolTips153'>portes<\/span>, chacun mesurant 30 m\u00e8tres de long et 10,7 m\u00e8tres de haut au-dessus des seuils. Le barrage mesure 532 m\u00e8tres de long. \u00c0 l&#039;extr\u00e9mit\u00e9 sud de la section ferm\u00e9e se trouve un d\u00e9versoir gravitaire en b\u00e9ton de 113 m\u00e8tres de long. <span class='tooltipsall tooltip_post_id_5624 classtoolTips102'>centrale<\/span> est situ\u00e9 sur la rive du Kentucky \u00e0 environ 550 pieds du dernier <span class='tooltipsall tooltip_post_id_5651 classtoolTips116'>d\u00e9versoir<\/span> Jet\u00e9e menant au centre de la centrale. Les \u00e9cluses de navigation sont situ\u00e9es sur la rive de l&#039;Ohio.<\/p>\n<p>La centrale hydro\u00e9lectrique comprend une centrale en b\u00e9ton arm\u00e9 de 64 m\u00e8tres de large, \u00e9quip\u00e9e de trois turbines Kaplan Bulb horizontales de 35 m\u00e9gawatts (MW), pour une puissance install\u00e9e totale de 105 MW\u00a0; un canal d&#039;amen\u00e9e de 560 m\u00e8tres de long\u00a0; un canal de fuite de 560 m\u00e8tres de long\u00a0; une ligne de transport d&#039;environ 8 kilom\u00e8tres de long et de 138\u00a0kilovolts (kV) reliant la centrale \u00e0 un poste de commutation adjacent \u00e0 la ligne de transport Boone-Spurlock d&#039;East Kentucky Electric Cooperative, Inc.\u00a0; et d&#039;autres installations annexes. Le projet a atteint sa pleine exploitation commerciale en avril\u00a02016.<\/p>\n<p>Le projet op\u00e8re dans un <span class='tooltipsall tooltip_post_id_5643 classtoolTips52'>au fil de l&#039;eau<\/span> Le projet est en mode de fonctionnement et retient un r\u00e9servoir de 21\u00a0700 acres. En fonctionnement normal, le projet peut produire de l&#039;\u00e9lectricit\u00e9 avec une, deux ou trois unit\u00e9s, 24 heures sur 24, lorsque le d\u00e9bit fluvial varie d&#039;environ 2\u00a0300 pieds cubes par seconde (pi\u00b3\/s) \u00e0 environ 65\u00a0000 pi\u00b3\/s. En p\u00e9riode d&#039;\u00e9tiage, lorsque le d\u00e9bit de l&#039;Ohio est r\u00e9gul\u00e9 pour la protection d&#039;int\u00e9r\u00eats f\u00e9d\u00e9raux tels que la navigation, toute l&#039;eau rejet\u00e9e par le projet Meldahl est contr\u00f4l\u00e9e par le ma\u00eetre-\u00e9clusier de l&#039;\u00e9cluse et du barrage de Meldahl. Le district de Huntington de l&#039;USACE assure \u00e9galement l&#039;entretien du bassin de navigation en amont lors du rejet de tout d\u00e9bit par l&#039;\u00e9cluse et le barrage de Meldahl.<\/p>\n<p>Les utilisations d\u00e9sign\u00e9es des eaux dans la zone du projet comprennent l&#039;habitat aquatique, les loisirs et l&#039;approvisionnement public en eau. Cependant, la Commission d&#039;assainissement de l&#039;eau de la vall\u00e9e de l&#039;Ohio (ORSANCO) a class\u00e9 la rivi\u00e8re Ohio comme \u00e9tant impropre \u00e0 la consommation de poissons en raison de la pr\u00e9sence de PCB et <span class='tooltipsall tooltip_post_id_5550 classtoolTips127'>dioxine<\/span> Comme une grande partie de la rivi\u00e8re. La rivi\u00e8re, y compris les environs du projet, est \u00e9galement compromise pour les loisirs de contact en raison de la contamination par E. coli.<\/p>\n<p>La rivi\u00e8re Ohio, \u00e0 proximit\u00e9 du projet, abrite une grande vari\u00e9t\u00e9 de poissons d&#039;eaux chaudes. Parmi les poissons de p\u00eache sportive, on compte le dor\u00e9 jaune, le dor\u00e9 noir, l&#039;achigan \u00e0 grande bouche, l&#039;achigan \u00e0 petite bouche, l&#039;achigan tachet\u00e9, le crapet de roche, le poisson-chat, le bar ray\u00e9, le bar ray\u00e9 hybride, le crapet-soleil, la marigane et le bar blanc. Parmi les poissons non sportifs, on compte le l\u00e9pisost\u00e9, la barbotte, le listao, la laquaiche argent\u00e9e, les chevesnes, les m\u00e9n\u00e9s, le tambour, les meuniers, l&#039;alose \u00e0 g\u00e9sier et la carpe. La Commission des r\u00e9serves naturelles de l&#039;\u00c9tat du Kentucky indique que plusieurs esp\u00e8ces pr\u00e9occupantes pourraient \u00eatre pr\u00e9sentes sur le site du projet ou \u00e0 proximit\u00e9, notamment le spatulaire, la lamproie argent\u00e9e et le bison noir. Le D\u00e9partement des ressources halieutiques et fauniques du Kentucky a jug\u00e9 la zone aval du projet excellente pour la p\u00eache. Non <span class='tooltipsall tooltip_post_id_5518 classtoolTips36'>poisson anadrome<\/span> esp\u00e8ces sont pr\u00e9sentes dans la zone du projet, bien que <span class='tooltipsall tooltip_post_id_5538 classtoolTips75'>catadrome<\/span> L&#039;anguille d&#039;Am\u00e9rique a \u00e9t\u00e9 observ\u00e9e en tr\u00e8s petit nombre. Le passage se fait par les \u00e9cluses adjacentes.<\/p>\n<p>Chaque turbine est \u00e9quip\u00e9e d&#039;un d\u00e9flecteur espac\u00e9 de 20 cm et d&#039;une vitesse d&#039;approche de 64 cm par seconde (f\/s). La centrale est \u00e9quip\u00e9e de trois turbines Kaplan \u00e0 bulbe et arbre horizontal. Bien que les poissons puissent \u00eatre entra\u00een\u00e9s, les turbines Kaplan de tr\u00e8s grand diam\u00e8tre, \u00e0 faible vitesse de rotation (62 tr\/min), dot\u00e9es de quatre pales de grand diam\u00e8tre, de larges espaces entre les pales et de bords d&#039;attaque relativement larges et lisses, minimisent les risques de collision et de mortalit\u00e9 des poissons entra\u00een\u00e9s.<\/p>\n<p>Le terrain du projet s&#039;\u00e9tend sur environ 33 hectares. La construction de l&#039;ouvrage hydro\u00e9lectrique a n\u00e9cessit\u00e9 le d\u00e9frichage et l&#039;excavation de 24 hectares. Une fois le projet termin\u00e9, le ma\u00eetre d&#039;ouvrage a consult\u00e9 les agences d&#039;\u00c9tat et l&#039;USACE afin de restaurer la zone avec des m\u00e9langes de semences indig\u00e8nes et une couverture v\u00e9g\u00e9tale. Il a \u00e9galement am\u00e9lior\u00e9 la <span class='tooltipsall tooltip_post_id_5635 classtoolTips115'>riverain<\/span> zones le long de Banklick Creek et de la rivi\u00e8re Licking Creek dans tout le comt\u00e9 de Kenton, Kentucky, en coordination avec l&#039;USACE.<\/p>\n<p>Les esp\u00e8ces menac\u00e9es ou en voie de disparition potentiellement pr\u00e9sentes \u00e0 proximit\u00e9 du projet comprennent le grand coquillage, le mulet rose, le rose \u00e0 anneaux, le museau de mouton, le pimpleback \u00e0 pieds orange, le troglodyte, la moule pleurob\u00e8me rugueuse, la moule tricorne, la moule \u00e0 lunettes, la mygale ventrue du Nord, la moule patte-de-li\u00e8vre, la chauve-souris grise, la chauve-souris de l&#039;Indiana, le vespertilion nordique, le pygargue \u00e0 t\u00eate blanche, le coucou \u00e0 bec noir, la paruline azur\u00e9e, la paruline du Kentucky, la paruline des pr\u00e9s, la paruline orang\u00e9e, le pic \u00e0 t\u00eate rouge, le quiscale rouilleux, la grive des bois, le busard Saint-Martin, la libellule bleue, le tr\u00e8fle bison et l&#039;anguille d&#039;Am\u00e9rique. La consultation des organismes de r\u00e9glementation lors de la planification du projet hydro\u00e9lectrique, ainsi que l&#039;exploitation au fil de l&#039;eau du projet, minimisent la probabilit\u00e9 d&#039;impacts n\u00e9gatifs sur les esp\u00e8ces r\u00e9pertori\u00e9es.<\/p>\n<p>Les ressources historiques \u00e0 proximit\u00e9 du projet comprennent une propri\u00e9t\u00e9, les \u00e9cluses et le barrage de Meldahl, et un site potentiellement \u00e9ligible (BK-432) dans le Kentucky. Le responsable de la pr\u00e9servation historique de l&#039;\u00c9tat du Kentucky a conclu que le projet hydro\u00e9lectrique n&#039;affecterait pas ces propri\u00e9t\u00e9s.<\/p>\n<p>Les ressources r\u00e9cr\u00e9atives du projet comprennent un acc\u00e8s \u00e0 la p\u00eache, un quai de p\u00eache, des aires de pique-nique, un acc\u00e8s au rivage, des toilettes et des aires de stationnement. \u00c0 800 m\u00e8tres en aval se trouve le banc de sable de Big Snag Creek, un site de loisirs populaire pour la p\u00eache, le camping et les pique-niques. Le ma\u00eetre d&#039;ouvrage a install\u00e9 des ondulations submerg\u00e9es dans le canal de fuite du projet, en amont et en aval du quai de p\u00eache, afin d&#039;am\u00e9liorer l&#039;habitat des poissons et la p\u00eache sportive. L&#039;acc\u00e8s public est gratuit.<\/p>\n<hr \/>\n<h3>\u00c9tat de conformit\u00e9<\/h3>\n<p><strong>Le certificat comprend les conditions sp\u00e9cifiques \u00e0 l&#039;\u00e9tablissement suivantes :<\/strong><\/p>\n<p><strong><em>Partiellement satisfait en 2023.<\/em> Condition 1 : <\/strong>Dans les 6 mois suivant la certification, le propri\u00e9taire de l&#039;installation doit contacter le ma\u00eetre-\u00e9clusier de Meldahl concernant la facilitation des relev\u00e9s de moules de l&#039;USACE en aval du projet. <span class='tooltipsall tooltip_post_id_5660 classtoolTips117'>Canal de fuite<\/span> conform\u00e9ment au protocole d&#039;accord d&#039;exploitation existant (<span class='tooltipsall tooltip_post_id_5602 classtoolTips160'>MOA<\/span>) entre l&#039;USACE et le projet. Conform\u00e9ment au protocole d&#039;accord, le propri\u00e9taire de l&#039;installation doit coordonner les modifications op\u00e9rationnelles temporaires avec le personnel du district de Huntington de l&#039;USACE d\u00e8s qu&#039;il est inform\u00e9 en temps utile d&#039;une \u00e9tude des moules en aval pr\u00e9vue par l&#039;USACE. Dans les rapports annuels de conformit\u00e9 du LIHI, le propri\u00e9taire de l&#039;installation doit fournir\u00a0:<\/p>\n<ul style=\"color: black;\">\n<li>Un r\u00e9sum\u00e9 des notifications pertinentes re\u00e7ues du District, ainsi que la coordination ult\u00e9rieure avec le personnel du District\u00a0;<\/li>\n<li>Toute consultation connexe avec l&#039;USACE, le FWS et les agences de ressources de l&#039;\u00c9tat\u00a0; et<\/li>\n<li>Un r\u00e9sum\u00e9 de tous les changements apport\u00e9s aux installations ou aux op\u00e9rations du projet pour prot\u00e9ger les esp\u00e8ces de moules r\u00e9pertori\u00e9es.<\/li>\n<\/ul>\n<p><strong>Condition 2 :<\/strong>\u00a0 Conform\u00e9ment \u00e0 l&#039;article 413 de la licence tel que modifi\u00e9 aux fins de la certification LIHI, si des preuves arch\u00e9ologiques non identifi\u00e9es auparavant, des objets culturels am\u00e9rindiens, des restes humains ou des propri\u00e9t\u00e9s historiques sont d\u00e9couverts au cours de l&#039;exploitation ou de l&#039;entretien du projet, le propri\u00e9taire de l&#039;installation doit cesser toutes les activit\u00e9s de d\u00e9frichage et de perturbation des terres \u00e0 proximit\u00e9 des propri\u00e9t\u00e9s et consulter imm\u00e9diatement le SHPO, l&#039;USACE, la United Keetoowah Band of Cherokee, la Miami Tribe of Oklahoma, la Peoria Tribe of Indians of Oklahoma et la Eastern Band of Cherokee Indians.<\/p>\n<p><strong>2025:<\/strong> Aucun changement important ni probl\u00e8me de conformit\u00e9 n&#039;a \u00e9t\u00e9 identifi\u00e9. Le projet demeure conforme suite \u00e0 l&#039;examen annuel. Concernant les conditions 1 et 2, le projet n&#039;a signal\u00e9 aucune activit\u00e9.<\/p>\n<p><strong>2024:<\/strong> Aucun changement important ni probl\u00e8me de conformit\u00e9 n&#039;a \u00e9t\u00e9 identifi\u00e9. Le projet demeure conforme suite \u00e0 l&#039;examen annuel. Concernant la condition 1, le projet a fait \u00e9tat d&#039;une consultation avec le ma\u00eetre-\u00e9clusier, satisfaisant ainsi partiellement \u00e0 la condition\u00a0; seul un rapport annuel est requis. Concernant la condition 2, le projet n&#039;a fait \u00e9tat d&#039;aucune activit\u00e9.<\/p>\n<p><strong>2023:<\/strong> Aucun changement important ni probl\u00e8me de conformit\u00e9 n&#039;a \u00e9t\u00e9 identifi\u00e9. Le projet demeure conforme suite \u00e0 l&#039;examen annuel. Concernant la condition 1, le projet n&#039;a signal\u00e9 aucune notification re\u00e7ue et aucune consultation ni modification n&#039;a \u00e9t\u00e9 effectu\u00e9e. Concernant la condition 2, le projet n&#039;a signal\u00e9 aucune activit\u00e9.<\/p>\n<p><strong>2022:<\/strong> Le rapport annuel pour le certificat actuel n\u2019est pas encore entr\u00e9 en vigueur.<\/p>\n<hr \/>\n<h3>Historique des certifications<\/h3>\n<p><strong>29 mars 2023 :<\/strong> Le Low Impact Hydropower Institute a rendu sa d\u00e9cision finale concernant la certification du projet hydro\u00e9lectrique de Meldahl. La p\u00e9riode de certification s&#039;\u00e9tend du 21 septembre 2022 au 20 septembre 2032.<\/p>\n<p><strong>21 f\u00e9vrier 2023 :<\/strong> \u00a0Le Low Impact Hydropower Institute (LIHI) a approuv\u00e9 provisoirement la certification \u00ab\u00a0faible impact\u00a0\u00bb pour le projet hydro\u00e9lectrique de Meldahl (LIHI #194 en attente). La demande et le rapport d&#039;examen sont disponibles ci-dessous. Cette d\u00e9cision est provisoire, dans l&#039;attente d&#039;un d\u00e9lai d&#039;appel de 30 jours. Seuls les intervenants ayant comment\u00e9 la demande initiale pendant ce d\u00e9lai de 60 jours peuvent d\u00e9poser un recours. Ce recours doit inclure une explication expliquant en quoi le projet ne r\u00e9pond pas aux crit\u00e8res du LIHI. Les demandes de recours peuvent \u00eatre soumises par courriel \u00e0 l&#039;adresse suivante\u00a0: <a href=\"mailto:comments@lowimpacthydro.org\">comments@lowimpacthydro.org<\/a> avec \u00ab\u00a0Projet Meldahl\u00a0\u00bb dans l&#039;objet, ou par courrier adress\u00e9 au Low Impact Hydropower Institute, 1167 Massachusetts Ave, Arlington, MA 02476. Toutes les demandes seront publi\u00e9es sur le site web. Le demandeur aura la possibilit\u00e9 de r\u00e9pondre et toute r\u00e9ponse sera \u00e9galement publi\u00e9e. Les demandes doivent \u00eatre re\u00e7ues avant 17\u00a0h (heure de l&#039;Est) le 23\u00a0mars\u00a02023. En l&#039;absence de demande d&#039;appel, la p\u00e9riode de certification s&#039;\u00e9tendra du 21\u00a0septembre\u00a02022 au 20\u00a0septembre\u00a02032.<\/p>\n<p><strong>26 septembre 2022 :<\/strong> Le Low Impact Hydropower Institute a re\u00e7u une demande compl\u00e8te de certification \u00e0 faible impact pour le projet hydro\u00e9lectrique de Meldahl. Le LIHI sollicite les commentaires du public sur cette demande. Plus pr\u00e9cis\u00e9ment, nous souhaitons savoir si, selon vous, le projet r\u00e9pond aux crit\u00e8res de certification \u00e0 faible impact du LIHI, tels que r\u00e9vis\u00e9s dans la 2e \u00e9dition du manuel. Veuillez consulter le programme et les crit\u00e8res dans la version r\u00e9vis\u00e9e du LIHI.\u00a0<a href=\"https:\/\/lowimpacthydro.org\/wp-content\/uploads\/2020\/07\/2nd-edition-handbook-20160315-rev2.02-7-20-16.pdf\">Manuel<\/a><a href=\"https:\/\/lowimpacthydro.org\/wp-content\/uploads\/2020\/07\/2nd-edition-handbook-20160315-rev2.02-7-20-16.pdf\">\u00a0<\/a>et examinez ensuite les documents de candidature du projet ci-dessous. Les commentaires directement li\u00e9s \u00e0 des crit\u00e8res LIHI sp\u00e9cifiques (d\u00e9bits, qualit\u00e9 de l&#039;eau, <span class='tooltipsall tooltip_post_id_5566 classtoolTips59'>passage des poissons<\/span>, etc.) seront tr\u00e8s utiles, mais tous les commentaires seront pris en compte. Les commentaires peuvent \u00eatre soumis \u00e0 l&#039;Institut par courrier \u00e9lectronique \u00e0 l&#039;adresse\u00a0<a href=\"mailto:comments@lowimpacthydro.org\">comments@lowimpacthydro.org<\/a>\u00a0avec \u00ab\u00a0Commentaires sur le projet Meldahl\u00a0\u00bb dans la ligne d&#039;objet, ou par courrier adress\u00e9 au Low Impact Hydropower Institute, 1167 Massachusetts Avenue, Suite 407, Arlington, MA 02476.\u00a0<strong>Les commentaires doivent \u00eatre re\u00e7us au plus tard \u00e0 17 heures, heure de l&#039;Est, le 25 novembre 2022.<\/strong>\u00a0\u00e0 prendre en consid\u00e9ration. Tous les commentaires seront publi\u00e9s sur le site Web et le candidat aura la possibilit\u00e9 d&#039;y r\u00e9pondre. Toute r\u00e9ponse sera \u00e9galement publi\u00e9e.<\/p>\n<hr \/>\n<h3>Dossiers de certification<\/h3>\n<h4>Certification 2023<\/h4>\n<ul style=\"color: black;\">\n<li><a href=\"https:\/\/lowimpacthydro.org\/wp-content\/uploads\/2023\/02\/Meldahl-certification-review-2022-final-final.pdf\">Rapport d&#039;\u00e9valuation Meldahl 2023<\/a><\/li>\n<li><a href=\"https:\/\/lowimpacthydro.org\/wp-content\/uploads\/2022\/12\/LIHI-Application-Meldahl-Hydroelectric-Project.pdf\">Demande de certification Meldahl 2022<\/a><\/li>\n<li><a href=\"https:\/\/lowimpacthydro.org\/wp-content\/uploads\/2022\/10\/Meldahl-Hydroelectric-Project-Clermont-County-Ohio-Bracken-County-Kentucky\u2013-Comments-of-the-Miami-Tribe-of-Oklahoma.pdf\">Lettre de commentaires de la tribu Miami de l&#039;Oklahoma \u2013 Demande de financement du projet Meldahl 2022<\/a><\/li>\n<\/ul>\n<hr \/>\n<h3>Documents cl\u00e9s<\/h3>\n<ul>\n<li><a href=\"https:\/\/lowimpacthydro.org\/wp-content\/uploads\/2024\/05\/2008-Meldahl-license.pdf\">Licence FERC 2008<\/a><\/li>\n<li><a href=\"https:\/\/lowimpacthydro.org\/wp-content\/uploads\/2024\/05\/2008-Meldahl-license-errata.pdf\">Errata de la licence FERC 2008<\/a><\/li>\n<li><a href=\"https:\/\/lowimpacthydro.org\/wp-content\/uploads\/2024\/05\/2008-Meldahl-WQ-conditions.pdf\">Certification de la qualit\u00e9 de l&#039;eau 2008<\/a><\/li>\n<li><a href=\"https:\/\/lowimpacthydro.org\/wp-content\/uploads\/2024\/05\/2008-Meldahl-EA.pdf\">\u00c9valuation environnementale de la FERC 2008<\/a><\/li>\n<\/ul>","protected":false},"excerpt":{"rendered":"<p>Project Name Meldahl LIHI Certificate No. 194 LIHI Certificate Term September 21, 2022 &#8211; September 20, 2032 Owner American Municipal Power, Inc. State Ohio\/Kentucky Location River<span class=\"excerpt-hellip\"> [\u2026]<\/span><\/p>\n","protected":false},"author":3,"featured_media":-1,"parent":0,"menu_order":0,"comment_status":"closed","ping_status":"closed","template":"","meta":{"_coblocks_attr":"","_coblocks_dimensions":"","_coblocks_responsive_height":"","_coblocks_accordion_ie_support":"","om_disable_all_campaigns":false,"_monsterinsights_skip_tracking":false,"_monsterinsights_sitenote_active":false,"_monsterinsights_sitenote_note":"","_monsterinsights_sitenote_category":0,"footnotes":""},"class_list":["post-6579","page","type-page","status-publish","has-post-thumbnail","hentry"],"aioseo_notices":[],"_links":{"self":[{"href":"https:\/\/lowimpacthydro.org\/fr\/wp-json\/wp\/v2\/pages\/6579","targetHints":{"allow":["GET"]}}],"collection":[{"href":"https:\/\/lowimpacthydro.org\/fr\/wp-json\/wp\/v2\/pages"}],"about":[{"href":"https:\/\/lowimpacthydro.org\/fr\/wp-json\/wp\/v2\/types\/page"}],"author":[{"embeddable":true,"href":"https:\/\/lowimpacthydro.org\/fr\/wp-json\/wp\/v2\/users\/3"}],"replies":[{"embeddable":true,"href":"https:\/\/lowimpacthydro.org\/fr\/wp-json\/wp\/v2\/comments?post=6579"}],"version-history":[{"count":37,"href":"https:\/\/lowimpacthydro.org\/fr\/wp-json\/wp\/v2\/pages\/6579\/revisions"}],"predecessor-version":[{"id":9891,"href":"https:\/\/lowimpacthydro.org\/fr\/wp-json\/wp\/v2\/pages\/6579\/revisions\/9891"}],"wp:featuredmedia":[{"embeddable":true,"href":"https:\/\/lowimpacthydro.org\/fr\/wp-json\/"}],"wp:attachment":[{"href":"https:\/\/lowimpacthydro.org\/fr\/wp-json\/wp\/v2\/media?parent=6579"}],"curies":[{"name":"wp","href":"https:\/\/api.w.org\/{rel}","templated":true}]}}