{"id":637,"date":"2020-07-16T14:16:58","date_gmt":"2020-07-16T18:16:58","guid":{"rendered":"https:\/\/lowimpacthydro.org\/new\/?page_id=637"},"modified":"2026-02-27T13:19:33","modified_gmt":"2026-02-27T18:19:33","slug":"lihi-certificate-154-barton-village-hydroelectric-project-vermont","status":"publish","type":"page","link":"https:\/\/lowimpacthydro.org\/fr\/lihi-certificate-154-barton-village-hydroelectric-project-vermont\/","title":{"rendered":"Projet Barton Village \u2013 LIHI #154, Clyde River, Vermont"},"content":{"rendered":"<table class=\"alignright\" style=\"width: 351px; border: 2px; cellspacing: 2px; cellpadding: 2px; margin-left: 50px;\">\n<tbody>\n<tr>\n<td style=\"border-style: solid;\" width=\"162\"><strong>Nom du projet<\/strong><\/td>\n<td style=\"border-style: solid;\" width=\"165\">Barton Village<\/td>\n<\/tr>\n<tr>\n<td style=\"border-style: solid;\"><strong>Num\u00e9ro de certificat LIHI<br \/>\n<\/strong><\/td>\n<td style=\"border-style: solid;\">154<\/td>\n<\/tr>\n<tr>\n<td style=\"border-style: solid;\"><strong>Dur\u00e9e du certificat LIHI<br \/>\n<\/strong><\/td>\n<td style=\"border-style: solid;\">29 mars 2019 \u2013 28 mars 2029<\/td>\n<\/tr>\n<tr>\n<td style=\"border-style: solid;\" width=\"162\"><strong>Propri\u00e9taire<\/strong><\/td>\n<td style=\"border-style: solid;\" width=\"165\">Service \u00e9lectrique du village de Barton<\/td>\n<\/tr>\n<tr>\n<td style=\"border-style: solid;\" width=\"162\"><strong>\u00c9tat<\/strong><\/td>\n<td style=\"border-style: solid;\" width=\"165\">Vermont<\/td>\n<\/tr>\n<tr>\n<td style=\"border-style: solid;\" width=\"162\"><strong>Emplacement<\/strong><\/td>\n<td style=\"border-style: solid;\" width=\"165\">Mile 11,3 sur la rivi\u00e8re Clyde, Charleston VT<\/td>\n<\/tr>\n<tr>\n<td style=\"border-style: solid;\" width=\"162\"><strong>Capacit\u00e9 install\u00e9e<\/strong><\/td>\n<td style=\"border-style: solid;\" width=\"165\">1,4 MW<\/td>\n<\/tr>\n<tr>\n<td style=\"border-style: solid;\" width=\"162\"><strong>G\u00e9n\u00e9ration annuelle moyenne<\/strong><\/td>\n<td style=\"border-style: solid;\" width=\"165\">4 273 MWh<\/td>\n<\/tr>\n<tr>\n<td style=\"border-style: solid;\" width=\"162\"><strong>Type d&#039;\u00e9tablissement<\/strong><\/td>\n<td style=\"border-style: solid;\" width=\"165\">Au fil de l&#039;eau<\/td>\n<\/tr>\n<tr>\n<td style=\"border-style: solid;\" width=\"162\"><strong><span class='tooltipsall tooltip_post_id_5565 classtoolTips152'>F\u00e9d\u00e9ration internationale de radio-t\u00e9l\u00e9vision (FERC)<\/span> Non.<\/strong><\/td>\n<td style=\"border-style: solid;\" width=\"165\">P-7725 d\u00e9livr\u00e9 en 2004, expire le 31\/10\/2043<\/td>\n<\/tr>\n<\/tbody>\n<\/table>\n<p>Le projet Barton Village est situ\u00e9 sur la rivi\u00e8re Clyde, dans le nord-est du Vermont. Il est situ\u00e9 dans la ville de Charleston, \u00e0 environ 16 kilom\u00e8tres au sud de la fronti\u00e8re canado-am\u00e9ricaine et \u00e0 24 kilom\u00e8tres au nord-est de Barton Village. Construit dans les ann\u00e9es 1890, le projet comprend l&#039;\u00e9tang Pensioner. <span class='tooltipsall tooltip_post_id_5545 classtoolTips158'>Barrage<\/span> et les chutes de la Clyde. Il existe deux autres installations hydro\u00e9lectriques sur la rivi\u00e8re Clyde\u00a0: le projet hydro\u00e9lectrique de la rivi\u00e8re Clyde, qui comprend les projets de West Charleston et de Newport.<\/p>\n<p>Le projet comprend une ma\u00e7onnerie et du b\u00e9ton <span class='tooltipsall tooltip_post_id_5580 classtoolTips81'>pesanteur <span class='tooltipsall tooltip_post_id_5545 classtoolTips158'>barrage<\/span><\/span>, <span class='tooltipsall tooltip_post_id_5651 classtoolTips116'>d\u00e9versoir<\/span>, trois <span class='tooltipsall tooltip_post_id_5619 classtoolTips124'>conduites forc\u00e9es<\/span>, un <span class='tooltipsall tooltip_post_id_5624 classtoolTips102'>centrale<\/span> contenant deux <span class='tooltipsall tooltip_post_id_5576 classtoolTips39'>Turbine Francis<\/span>\/unit\u00e9s g\u00e9n\u00e9ratrices et deux <span class='tooltipsall tooltip_post_id_5660 classtoolTips117'>canaux de fuite<\/span>.<\/p>\n<p>Le barrage-poids est une structure de 77 pieds de long et 24 pieds de haut avec une structure en acier de 665 pieds de long et 7 pieds de diam\u00e8tre. <span class='tooltipsall tooltip_post_id_5619 classtoolTips124'>conduite forc\u00e9e<\/span> et deux conduites forc\u00e9es en acier de 32 m\u00e8tres de long et de 1,75 et 1,85 m\u00e8tre de diam\u00e8tre, menant \u00e0 la centrale \u00e9lectrique contenant deux turbines Francis\/groupes \u00e9lectrog\u00e8nes d&#039;une puissance install\u00e9e de 1,4 MW. La principale structure d&#039;adduction d&#039;eau du barrage est le <span class='tooltipsall tooltip_post_id_5569 classtoolTips79'>tableau flash<\/span> D\u00e9versoir surmont\u00e9 d&#039;une longueur totale d&#039;environ 16 m\u00e8tres. De plus, la structure de la porte ouest comprend trois conduits permettant \u00e0 l&#039;eau de s&#039;\u00e9couler dans le tron\u00e7on contourn\u00e9, une importante chute d&#039;eau naturelle. Connu sous le nom de \u00ab\u00a0Grandes Chutes de la Clyde\u00a0\u00bb, ce tron\u00e7on est une vaste gorge calcaire jalonn\u00e9e de plusieurs chutes d&#039;eau. Le projet utilise un syst\u00e8me d&#039;automatisation qui contr\u00f4le et enregistre le fonctionnement du projet. Une s\u00e9rie d&#039;automates programmables industriels (API) est connect\u00e9e \u00e0 une interface homme-machine (IHM) permettant le contr\u00f4le, la programmation et l&#039;enregistrement \u00e0 distance des param\u00e8tres cl\u00e9s.<\/p>\n<p>Le projet op\u00e8re dans <span class='tooltipsall tooltip_post_id_5643 classtoolTips52'>au fil de l&#039;eau<\/span> Le projet pr\u00e9voit un mode de fonctionnement et la mise en eau d&#039;un r\u00e9servoir de 187 acres, appel\u00e9 Pensioner Pond. Ce projet pr\u00e9voit un d\u00e9bit minimal de 45 pi\u00b3\/s dans le tron\u00e7on contourn\u00e9. Les contr\u00f4les automatis\u00e9s mentionn\u00e9s ci-dessus contribuent au respect du r\u00e9gime du cours d&#039;eau. Ce r\u00e9gime d&#039;\u00e9coulement a \u00e9t\u00e9 \u00e9labor\u00e9 en consultation avec l&#039;Agence des ressources naturelles du Vermont (VANR).<\/p>\n<p>Les eaux situ\u00e9es dans le p\u00e9rim\u00e8tre du projet sont class\u00e9es classe B et g\u00e9r\u00e9es pour l&#039;habitat des poissons d&#039;eau froide. Ces eaux offrent un habitat de grande qualit\u00e9 pour le biote aquatique, les poissons et la faune, tout en pr\u00e9sentant une valeur esth\u00e9tique int\u00e9ressante et une activit\u00e9 r\u00e9cr\u00e9ative essentielle. VANR confirme que le projet n&#039;aura pas d&#039;effet n\u00e9gatif sur la qualit\u00e9 de l&#039;eau. De plus, le projet a mis en place des mesures pour garantir une qualit\u00e9 \u00e9lev\u00e9e de l&#039;eau, notamment l&#039;exploitation au fil de l&#039;eau, la limitation des d\u00e9bits de d\u00e9rivation et la surveillance de l&#039;eau gr\u00e2ce \u00e0 des syst\u00e8mes de contr\u00f4le automatis\u00e9s.<\/p>\n<p>Les barrages en aval cr\u00e9ent une barri\u00e8re au passage en amont du projet. Les organismes responsables des ressources n&#039;ont prescrit aucun <span class='tooltipsall tooltip_post_id_5566 classtoolTips59'>passage des poissons<\/span> installations du projet en raison de la nature grossi\u00e8re du substrat dans le tron\u00e7on de d\u00e9rivation. Le passage des poissons en aval est facilit\u00e9 par le d\u00e9bit de d\u00e9rivation de 45 pi\u00b3\/s et <span class='tooltipsall tooltip_post_id_5558 classtoolTips77'>entra\u00eenement<\/span> Le risque est att\u00e9nu\u00e9 par des grilles \u00e0 d\u00e9bris espac\u00e9es de 2,5 cm. Le VDEC a collabor\u00e9 avec le ma\u00eetre d&#039;ouvrage pour faciliter les am\u00e9nagements adjacents \u00e0 la prise d&#039;eau, de sorte que l&#039;eau soit dirig\u00e9e \u00e0 une profondeur suffisante pour permettre aux poissons de se d\u00e9placer en toute s\u00e9curit\u00e9. L&#039;\u00e9tang Pensioner et la rivi\u00e8re Clyde abritent une cinquantaine d&#039;esp\u00e8ces de poissons, dont le meunier noir, le meunier rouge, l&#039;achigan \u00e0 petite bouche, le chabot visqueux, l&#039;omble de fontaine, la truite arc-en-ciel, l&#039;\u00e9perlan arc-en-ciel et le dor\u00e9 jaune.<\/p>\n<p>Le terrain du projet s&#039;\u00e9tend sur 14 acres. En tant qu&#039;installation au fil de l&#039;eau, le projet n&#039;a aucun impact sur le littoral ni sur sa v\u00e9g\u00e9tation. La zone du projet ne comprend aucune terre pr\u00e9sentant une valeur \u00e9cologique significative.<\/p>\n<p>Parmi les esp\u00e8ces menac\u00e9es ou en voie de disparition potentiellement pr\u00e9sentes \u00e0 proximit\u00e9 du projet figurent le lynx du Canada et le vespertilion nordique. Bien que la pr\u00e9sence du vespertilion nordique ne soit pas connue dans la zone du projet, tout impact potentiel est minimis\u00e9 en programmant l&#039;entretien des arbres des lignes de distribution du 1er octobre au 14 avril, conform\u00e9ment aux directives d&#039;examen r\u00e9glementaire du Vermont concernant la protection du vespertilion nordique. Une analyse plus approfondie de la base de donn\u00e9es du patrimoine naturel et non animal du Vermont a confirm\u00e9 qu&#039;aucune esp\u00e8ce animale rare n&#039;est pr\u00e9sente dans la zone du projet.<\/p>\n<p>Le projet lui-m\u00eame est \u00e9ligible \u00e0 l&#039;inscription au Registre national des lieux historiques, mais n&#039;y figure pas. Une consultation avec le Bureau de pr\u00e9servation historique de l&#039;\u00c9tat est requise avant toute modification n\u00e9cessaire du projet.<\/p>\n<p>Les ressources r\u00e9cr\u00e9atives du projet comprennent un sentier de portage pour les p\u00eacheurs et les cano\u00e9istes\/kayakistes, une aire de camping et plusieurs sentiers de randonn\u00e9e. L&#039;acc\u00e8s au canal de fuite se fait par un escalier en bois. L&#039;acc\u00e8s public est gratuit.<\/p>\n<hr \/>\n<h3>\u00c9tat de conformit\u00e9<\/h3>\n<p><strong>Le certificat comprend la condition sp\u00e9cifique \u00e0 l&#039;\u00e9tablissement suivante :<\/strong><\/p>\n<p><strong><em>Condition pleinement satisfaite en 2025 avec la r\u00e9ception de l&#039;acceptation des donn\u00e9es d&#039;exploitation par le VDEC. Condition partiellement satisfaite en 2020 avec la soumission des donn\u00e9es.\u00a0 <\/em>Condition 1 : <\/strong>\u00c0 la fin de l&#039;ann\u00e9e hydrologique en cours (du 1er octobre 2018 au 30 septembre 2019), le propri\u00e9taire de l&#039;installation doit fournir au VDEC des donn\u00e9es d&#039;exploitation qui documentent <span class='tooltipsall tooltip_post_id_5643 classtoolTips52'>au fil de l&#039;eau<\/span> conformit\u00e9. Le propri\u00e9taire de l&#039;\u00e9tablissement doit soumettre les donn\u00e9es au VDEC avant le 31 d\u00e9cembre 2019 et fournir toute r\u00e9ponse de l&#039;agence dans la premi\u00e8re soumission annuelle de conformit\u00e9 au LIHI.<\/p>\n<p><strong>2026:<\/strong> Aucun changement significatif n&#039;a \u00e9t\u00e9 constat\u00e9. La FERC a \u00e9mis un avis de non-conformit\u00e9 de licence pour non-respect de certaines dispositions du plan de gestion des biens historiques du projet. Le projet fait l&#039;objet d&#039;un suivi de conformit\u00e9 en attendant son retour aux exigences de la licence de la FERC.<\/p>\n<p><strong>2025:<\/strong> Aucun changement important ni probl\u00e8me de conformit\u00e9 n&#039;a \u00e9t\u00e9 identifi\u00e9. Le projet demeure conforme \u00e0 l&#039;issue de l&#039;examen annuel. Pour la condition 1, le VDEC a confirm\u00e9 l&#039;exploitation au fil de l&#039;eau, satisfaisant ainsi pleinement \u00e0 la condition.<\/p>\n<p><strong>2024:<\/strong> Aucun changement important ni probl\u00e8me de conformit\u00e9 n&#039;a \u00e9t\u00e9 identifi\u00e9. Le projet demeure conforme suite \u00e0 l&#039;examen annuel. Concernant la condition 1, le projet n&#039;a signal\u00e9 aucun changement et n&#039;a toujours pas r\u00e9pondu au VDEC concernant la soumission des donn\u00e9es.<\/p>\n<p><strong>2023:<\/strong> Aucun changement important ni probl\u00e8me de conformit\u00e9 n&#039;a \u00e9t\u00e9 identifi\u00e9. Le projet demeure conforme suite \u00e0 l&#039;examen annuel. Concernant la condition 1, le projet n&#039;a signal\u00e9 aucun changement et n&#039;a toujours pas r\u00e9pondu au VDEC concernant la soumission des donn\u00e9es.<\/p>\n<p><strong>2022:<\/strong> Aucun changement important ni probl\u00e8me de conformit\u00e9 n&#039;a \u00e9t\u00e9 identifi\u00e9. Le projet demeure conforme suite \u00e0 l&#039;examen annuel. Concernant la condition 1, le projet n&#039;a signal\u00e9 aucun changement et aucune r\u00e9ponse du VDEC \u00e0 la soumission des donn\u00e9es.<\/p>\n<p><strong>2021:<\/strong> Concernant la condition 1, le projet a document\u00e9 la soumission des donn\u00e9es d&#039;exploitation au VDEC en 2020, sans r\u00e9ponse de celui-ci \u00e0 ce jour. Le projet reste conforme suite \u00e0 l&#039;examen annuel.<\/p>\n<p><strong>2020:<\/strong> Le projet a fait \u00e9tat d&#039;une consultation en cours avec le VDEC sur la gestion des restrictions de remplissage des bassins de retenue, compte tenu des op\u00e9rations de retenue en amont et en aval. Le projet reste conforme \u00e0 la r\u00e9glementation sur la base de l&#039;examen annuel.<\/p>\n<p><strong>2019:<\/strong> Le rapport annuel relatif au certificat actuel n&#039;est pas encore entr\u00e9 en vigueur. Cependant, le projet a signal\u00e9 une violation pr\u00e9sum\u00e9e de la certification de la qualit\u00e9 de l&#039;eau par le VDEC concernant les restrictions de remplissage des bassins de retenue apr\u00e8s un rabattement d&#039;urgence effectu\u00e9 avec l&#039;approbation pr\u00e9alable du VDEC. Le projet a fourni les donn\u00e9es de d\u00e9bit demand\u00e9es par le VDEC, qui n&#039;a pris aucune autre mesure r\u00e9glementaire.<\/p>\n<hr \/>\n<h3>Historique des certifications<\/h3>\n<p><strong>1er janvier 2022 :<\/strong> La dur\u00e9e du certificat LIHI a \u00e9t\u00e9 prolong\u00e9e conform\u00e9ment \u00e0 la r\u00e9vision 2.05 du manuel de certification LIHI 2e \u00e9dition publi\u00e9 le 1er janvier 2022. Reportez-vous au tableau des \u00e9tablissements ci-dessus pour conna\u00eetre la nouvelle dur\u00e9e.<\/p>\n<p><strong>13 ao\u00fbt 2019 :<\/strong> La d\u00e9cision de certifier le projet hydro\u00e9lectrique de Barton Village est d\u00e9finitive. Aucun appel n&#039;a \u00e9t\u00e9 re\u00e7u pendant la p\u00e9riode d&#039;appel, cl\u00f4tur\u00e9e le 19 juillet 2019. La nouvelle p\u00e9riode de certification du projet s&#039;\u00e9tend du 29 mars 2019 au 28 mars 2024.<\/p>\n<p><strong>19 juin 2019 :<\/strong>\u00a0Le Low Impact Hydropower Institute a approuv\u00e9 de mani\u00e8re pr\u00e9liminaire la certification \u00e0 faible impact pour le projet hydro\u00e9lectrique de Barton Village.<\/p>\n<p>Cette d\u00e9cision est pr\u00e9liminaire en attendant la p\u00e9riode d&#039;appel de 30 jours. Seuls ceux qui ont comment\u00e9 la demande initiale pendant la p\u00e9riode de commentaires de 60 jours sont \u00e9ligibles pour d\u00e9poser un appel. Un tel appel doit inclure une explication sur la raison pour laquelle le projet ne r\u00e9pond pas aux crit\u00e8res du LIHI. Les demandes d&#039;appel peuvent \u00eatre soumises par courrier \u00e9lectronique \u00e0 <a href=\"mailto:comments@lowimpacthydro.org\">comments@lowimpacthydro.org<\/a> avec \u00ab\u00a0Projet hydro\u00e9lectrique de Barton Village\u00a0\u00bb en objet, ou par courrier adress\u00e9 au Low Impact Hydropower Institute, 329 Massachusetts Ave, Suite 6, Lexington, MA 02420. Toutes les demandes seront publi\u00e9es sur le site web. Le demandeur aura la possibilit\u00e9 de r\u00e9pondre, et toute r\u00e9ponse sera \u00e9galement publi\u00e9e. <strong>Les demandes doivent \u00eatre re\u00e7ues avant 17 h, heure de l\u2019Est, le 19 juillet 2019.\u00a0 <\/strong>Le dossier complet et le rapport des \u00e9valuateurs sont disponibles ci-dessous.<\/p>\n<p>Si aucune demande d&#039;appel n&#039;est re\u00e7ue et que la d\u00e9cision devient d\u00e9finitive, la p\u00e9riode de certification du projet (en attente de LIHI #154) sera le 29 mars 2019 pour une dur\u00e9e de cinq (5) ans qui expirera le 28 mars 2024.<\/p>\n<p><strong>3 avril 2019 : <\/strong>Le Low Impact Hydropower Institute a re\u00e7u une demande compl\u00e8te de certification \u00e0 faible impact pour le projet hydro\u00e9lectrique de Barton Village. Le LIHI sollicite les commentaires du public sur cette demande. Plus pr\u00e9cis\u00e9ment, nous souhaitons savoir si, selon vous, le projet r\u00e9pond aux crit\u00e8res de certification \u00e0 faible impact du LIHI, tels que r\u00e9vis\u00e9s dans la 2e \u00e9dition du manuel. Veuillez consulter le programme et les crit\u00e8res dans la version r\u00e9vis\u00e9e du LIHI.\u00a0<a href=\"https:\/\/lowimpacthydro.org\/wp-content\/uploads\/2020\/07\/2nd-edition-handbook-20160315-rev2.02-7-20-16.pdf\">Manuel<\/a><a href=\"https:\/\/lowimpacthydro.org\/wp-content\/uploads\/2020\/07\/2nd-edition-handbook-20160315-rev2.02-7-20-16.pdf\">\u00a0<\/a>et consultez ensuite les documents de candidature du projet ci-dessous.<\/p>\n<p>Les commentaires directement li\u00e9s \u00e0 des crit\u00e8res sp\u00e9cifiques du LIHI (d\u00e9bits, qualit\u00e9 de l&#039;eau, passage des poissons, etc.) seront les plus utiles, mais tous les commentaires seront pris en compte. Les commentaires peuvent \u00eatre envoy\u00e9s \u00e0 l&#039;Institut par courrier \u00e9lectronique \u00e0 l&#039;adresse\u00a0<a href=\"mailto:comments@lowimpacthydro.org\">comments@lowimpacthydro.org<\/a>\u00a0avec \u00ab Commentaires sur le projet Barton Village \u00bb dans la ligne d&#039;objet, ou par courrier adress\u00e9 au Low Impact Hydropower Institute, 329 Massachusetts Avenue, Suite 6, Lexington, MA 02420.\u00a0 <strong>Les commentaires doivent \u00eatre re\u00e7us au plus tard \u00e0 17 h, heure de l&#039;Est, le 2 juin 2019.<\/strong>\u00a0\u00e0 prendre en consid\u00e9ration. Tous les commentaires seront publi\u00e9s sur le site Web et le candidat aura la possibilit\u00e9 d&#039;y r\u00e9pondre. Toute r\u00e9ponse sera \u00e9galement publi\u00e9e.<\/p>\n<hr \/>\n<h3>Dossiers de certification<\/h3>\n<h4>Certification 2019<\/h4>\n<ul style=\"color: black;\">\n<li><a href=\"https:\/\/lowimpacthydro.org\/wp-content\/uploads\/2020\/07\/BartonVillage_Review-Report-2019-06-12.pdf\">Rapport d&#039;examen de la certification du village de Barton 2019<\/a><\/li>\n<li><a href=\"https:\/\/lowimpacthydro.org\/wp-content\/uploads\/2020\/07\/Barton_Village_Hydro_LIHI_Application.pdf\">Demande de certification du village de Barton<\/a><\/li>\n<li><a href=\"https:\/\/lowimpacthydro.org\/wp-content\/uploads\/2020\/07\/A.6-Impound-Flow-Management-Plan-Compressed.pdf\">Barton Village <span class='tooltipsall tooltip_post_id_5588 classtoolTips83'>Mise en fourri\u00e8re<\/span> Plan de gestion des flux<\/a><\/li>\n<li><a href=\"https:\/\/lowimpacthydro.org\/wp-content\/uploads\/2020\/07\/A.7.1-Recreation-Plan-Compressed.pdf\">Plan de loisirs du village de Barton<\/a><\/li>\n<li><a href=\"https:\/\/lowimpacthydro.org\/wp-content\/uploads\/2020\/07\/A.9-Letter-of-Support-from-VT-ANR-Compressed.pdf\">Lettre de soutien du VT\u00a0<\/a><a href=\"https:\/\/lowimpacthydro.org\/wp-content\/uploads\/2020\/07\/A.9-Letter-of-Support-from-VT-ANR-Compressed.pdf\">Agence des ressources naturelles<\/a><\/li>\n<\/ul>\n<hr \/>\n<h3>Documents cl\u00e9s<\/h3>\n<ul>\n<li><a href=\"https:\/\/lowimpacthydro.org\/wp-content\/uploads\/2020\/07\/A.1.1-FERC-License-Order-P-7725.pdf\">Licence FERC de Barton Village 2004<\/a><\/li>\n<li><a href=\"https:\/\/lowimpacthydro.org\/wp-content\/uploads\/2020\/12\/2004-Barton-Village-FERC-EA.pdf\">\u00c9valuation environnementale FERC du village de Barton 2004<\/a><\/li>\n<li><a href=\"https:\/\/lowimpacthydro.org\/wp-content\/uploads\/2020\/07\/A.3-Water-Quality-Certification-Compressed.pdf\">Certificat de qualit\u00e9 de l&#039;eau du village de Barton 2003<\/a><\/li>\n<\/ul>","protected":false},"excerpt":{"rendered":"<p>Project Name Barton Village LIHI Certificate No. 154 LIHI Certificate Term March 29, 2019 &#8211; March 28, 2029 Owner Barton Village Electric Dept State Vermont Location<span class=\"excerpt-hellip\"> [\u2026]<\/span><\/p>\n","protected":false},"author":3,"featured_media":-1,"parent":0,"menu_order":0,"comment_status":"closed","ping_status":"closed","template":"","meta":{"_coblocks_attr":"","_coblocks_dimensions":"","_coblocks_responsive_height":"","_coblocks_accordion_ie_support":"","om_disable_all_campaigns":false,"_monsterinsights_skip_tracking":false,"_monsterinsights_sitenote_active":false,"_monsterinsights_sitenote_note":"","_monsterinsights_sitenote_category":0,"footnotes":""},"class_list":["post-637","page","type-page","status-publish","has-post-thumbnail","hentry"],"aioseo_notices":[],"_links":{"self":[{"href":"https:\/\/lowimpacthydro.org\/fr\/wp-json\/wp\/v2\/pages\/637","targetHints":{"allow":["GET"]}}],"collection":[{"href":"https:\/\/lowimpacthydro.org\/fr\/wp-json\/wp\/v2\/pages"}],"about":[{"href":"https:\/\/lowimpacthydro.org\/fr\/wp-json\/wp\/v2\/types\/page"}],"author":[{"embeddable":true,"href":"https:\/\/lowimpacthydro.org\/fr\/wp-json\/wp\/v2\/users\/3"}],"replies":[{"embeddable":true,"href":"https:\/\/lowimpacthydro.org\/fr\/wp-json\/wp\/v2\/comments?post=637"}],"version-history":[{"count":15,"href":"https:\/\/lowimpacthydro.org\/fr\/wp-json\/wp\/v2\/pages\/637\/revisions"}],"predecessor-version":[{"id":10391,"href":"https:\/\/lowimpacthydro.org\/fr\/wp-json\/wp\/v2\/pages\/637\/revisions\/10391"}],"wp:featuredmedia":[{"embeddable":true,"href":"https:\/\/lowimpacthydro.org\/fr\/wp-json\/"}],"wp:attachment":[{"href":"https:\/\/lowimpacthydro.org\/fr\/wp-json\/wp\/v2\/media?parent=637"}],"curies":[{"name":"wp","href":"https:\/\/api.w.org\/{rel}","templated":true}]}}