{"id":6339,"date":"2022-07-15T10:35:45","date_gmt":"2022-07-15T14:35:45","guid":{"rendered":"https:\/\/lowimpacthydro.org\/?page_id=6339"},"modified":"2025-10-07T14:21:55","modified_gmt":"2025-10-07T18:21:55","slug":"high-falls-project-new-york","status":"publish","type":"page","link":"https:\/\/lowimpacthydro.org\/fr\/high-falls-project-new-york\/","title":{"rendered":"Projet High Falls, New York"},"content":{"rendered":"<table class=\"alignright\" style=\"width: 351px; border: 2px; cellspacing: 2px; cellpadding: 2px; margin-left: 50px;\">\n<tbody>\n<tr>\n<td width=\"162\"><strong>Nom du projet<\/strong><\/td>\n<td width=\"165\">Hautes chutes<\/td>\n<\/tr>\n<tr>\n<td style=\"width: 154px;\"><strong>Num\u00e9ro de certificat LIHI<\/strong><\/td>\n<td style=\"width: 211px;\">192<\/td>\n<\/tr>\n<tr>\n<td style=\"width: 154px;\"><strong>Dur\u00e9e du certificat LIHI<\/strong><\/td>\n<td style=\"width: 211px;\">4 octobre 2022 \u2013 3 octobre 2032<\/td>\n<\/tr>\n<tr>\n<td width=\"162\"><strong>Propri\u00e9taire<\/strong><\/td>\n<td width=\"165\">Copenhagen Hydro, LLC, une filiale de LS Power\/Patriot Hydro, LLC<\/td>\n<\/tr>\n<tr>\n<td width=\"162\"><strong>\u00c9tat<\/strong><\/td>\n<td width=\"165\">New York<\/td>\n<\/tr>\n<tr>\n<td width=\"162\"><strong>Emplacement<\/strong><\/td>\n<td width=\"165\">Mile 7,75 sur la rivi\u00e8re Deer<\/td>\n<\/tr>\n<tr>\n<td width=\"162\"><strong>Capacit\u00e9 install\u00e9e<\/strong><\/td>\n<td width=\"165\">3,43 MW<\/td>\n<\/tr>\n<tr>\n<td width=\"162\"><strong>G\u00e9n\u00e9ration annuelle moyenne<\/strong><\/td>\n<td width=\"165\">8 000 MWh<\/td>\n<\/tr>\n<tr>\n<td width=\"162\"><strong>Type d&#039;\u00e9tablissement<\/strong><\/td>\n<td width=\"165\">Au fil de l&#039;eau<\/td>\n<\/tr>\n<tr>\n<td width=\"162\"><strong><span class='tooltipsall tooltip_post_id_5565 classtoolTips152'>F\u00e9d\u00e9ration internationale de radio-t\u00e9l\u00e9vision (FERC)<\/span> Non.<\/strong><\/td>\n<td width=\"165\">P-3754, exempt\u00e9 1982<\/td>\n<\/tr>\n<\/tbody>\n<\/table>\n<p>Le projet High Falls est situ\u00e9 sur la rivi\u00e8re Deer, dans le village de Copenhagen, ville de Denmark, comt\u00e9 de Lewis, \u00c9tat de New York. Prenant sa source \u00e0 Tug Hill, la rivi\u00e8re Deer coule sur 43 kilom\u00e8tres vers le nord-est, traversant le centre-nord de l&#039;\u00c9tat de New York, avant de se jeter dans la rivi\u00e8re Black. <span class='tooltipsall tooltip_post_id_5545 classtoolTips158'>barrage<\/span> La centrale hydro\u00e9lectrique de King Falls, construite en 1909 par la Deer River Power Company, se trouve \u00e0 High Falls, une chute d&#039;eau naturelle de 50 m\u00e8tres. Plus en aval se trouvent les chutes King Falls, hautes de 7,6 m\u00e8tres, et celles de Deer River, hautes de 4,5 m\u00e8tres. Le projet hydro\u00e9lectrique de King Falls, construit en 1953, est situ\u00e9 \u00e0 plusieurs kilom\u00e8tres en aval du projet High Falls.<\/p>\n<p>Le projet consiste en une structure en b\u00e9ton de 175 pieds de long et de 25 pieds de haut <span class='tooltipsall tooltip_post_id_5580 classtoolTips81'>barrage-poids<\/span> avec 2 pieds de haut <span class='tooltipsall tooltip_post_id_5569 classtoolTips79'>tableaux d&#039;affichage<\/span> et un bassin de retenue d&#039;environ 1 km de long. Le d\u00e9bit annuel moyen est estim\u00e9 \u00e0 127 pi\u00b3\/s. Le bassin est situ\u00e9 directement au-dessus de High Falls, avec <span class='tooltipsall tooltip_post_id_5619 classtoolTips124'>conduite forc\u00e9e<\/span> suivant la ligne de cr\u00eate orientale sup\u00e9rieure jusqu&#039;\u00e0 ce qu&#039;elle descende vers la <span class='tooltipsall tooltip_post_id_5624 classtoolTips102'>centrale<\/span> Situ\u00e9e le long des berges, la retenue cr\u00e9e un tron\u00e7on contourn\u00e9 d&#039;environ 0,42 km de long. Les prises d&#039;eau sont \u00e9quip\u00e9es de grilles \u00e0 d\u00e9chets espac\u00e9es de 6,35 cm et d&#039;une conduite forc\u00e9e en acier de 410 m de long et de 1,80 m de diam\u00e8tre menant \u00e0 la centrale, qui comprend trois conduites horizontales. <span class='tooltipsall tooltip_post_id_5576 classtoolTips39'>Turbine Francis<\/span>-g\u00e9n\u00e9rateurs. Les unit\u00e9s 1 et 2 ont chacune une puissance nominale de 1,5 MW, tandis que l&#039;unit\u00e9 3 est une unit\u00e9 \u00e0 induction limit\u00e9e \u00e0 0,429 MW, fonctionnant en mode marche\/arr\u00eat et disposant d&#039;une capacit\u00e9 hydraulique de 35 pi\u00b3\/s. Le projet dispose d&#039;une capacit\u00e9 install\u00e9e totale de 3,429 m\u00e9gawatts et produit environ 8\u00a0000 MWh par an.<\/p>\n<p>Le projet op\u00e8re dans un <span class='tooltipsall tooltip_post_id_5643 classtoolTips52'>au fil de l&#039;eau<\/span> Le barrage est en mode \u00ab\u00a0mode\u00a0\u00bb et retient un r\u00e9servoir de 4 acres (1,6\u00a0hectare) d&#039;une capacit\u00e9 de stockage n\u00e9gligeable. Un d\u00e9bit minimal de 8 pi\u00b3\/s (2,4\u00a0m\u00b3\/s) est assur\u00e9 dans le tron\u00e7on contourn\u00e9 par une conduite de refoulement situ\u00e9e sous la cr\u00eate du barrage. <span class='tooltipsall tooltip_post_id_5643 classtoolTips52'>Au fil de l&#039;eau<\/span> le fonctionnement est maintenu par un capteur de bassin de t\u00eate et <span class='tooltipsall tooltip_post_id_5626 classtoolTips6'>contr\u00f4leur logique programmable<\/span> qui acc\u00e9l\u00e8re les unit\u00e9s de production en cons\u00e9quence pour maintenir le niveau de retenue.<\/p>\n<p>Les eaux situ\u00e9es dans le p\u00e9rim\u00e8tre du projet sont class\u00e9es \u00ab\u00a0eaux douces de classe C\u00a0\u00bb par le D\u00e9partement de la conservation de l&#039;environnement de l&#039;\u00c9tat de New York (NYSDEC). Cette classe d&#039;eaux est adapt\u00e9e \u00e0 l&#039;habitat aquatique, \u00e0 la p\u00eache et \u00e0 la p\u00eache primaire.<span class='tooltipsall tooltip_post_id_5646 classtoolTips7'>loisirs de contact secondaire<\/span>Le ruissellement agricole et la station d&#039;\u00e9puration des eaux us\u00e9es en amont pourraient limiter les loisirs dans et sur l&#039;eau. Le NYSDEC a effectu\u00e9 un \u00e9chantillonnage de macroinvert\u00e9br\u00e9s et a confirm\u00e9 que les param\u00e8tres tels que l&#039;oxyg\u00e8ne dissous, la temp\u00e9rature, la conductivit\u00e9 et le pH ne sont pas affect\u00e9s par le projet ni par la station d&#039;\u00e9puration situ\u00e9e \u00e0 proximit\u00e9.<\/p>\n<p>Les chutes naturelles High Falls du projet emp\u00eachent le passage en amont de toute esp\u00e8ce migratrice potentielle pr\u00e9sente dans la zone du projet. Aucune observation actuelle ou historique d&#039;esp\u00e8ces de poissons migrateurs n&#039;a \u00e9t\u00e9 effectu\u00e9e. Les esp\u00e8ces r\u00e9sidentes comprennent l&#039;achigan \u00e0 petite bouche, le crapet de roche, la perchaude, le dor\u00e9 jaune, le grand brochet et le brochet maill\u00e9.<\/p>\n<p>Le terrain du projet s&#039;\u00e9tend sur environ 6,5 hectares, principalement entour\u00e9 de terres agricoles et bord\u00e9 par une zone tampon riveraine bois\u00e9e le long du bassin de retenue. Le tron\u00e7on aval est principalement bois\u00e9 et pr\u00e9sente une certaine activit\u00e9 agricole. Aucune importance \u00e9cologique n&#039;a \u00e9t\u00e9 identifi\u00e9e sur ces terres. L&#039;exploitation au fil de l&#039;eau att\u00e9nue le risque d&#039;\u00e9rosion du bassin de retenue, et le tron\u00e7on contourn\u00e9 est peu susceptible d&#039;\u00eatre soumis \u00e0 l&#039;\u00e9rosion en raison de la composition de son substrat rocheux.<\/p>\n<p>Parmi les esp\u00e8ces menac\u00e9es ou en voie de disparition potentiellement pr\u00e9sentes \u00e0 proximit\u00e9 du projet figurent la chauve-souris de l&#039;Indiana, la chauve-souris nordique \u00e0 longues oreilles, la scolopendre d&#039;Am\u00e9rique et le pygargue \u00e0 t\u00eate blanche. Aucun habitat essentiel pour ces esp\u00e8ces n&#039;existe dans la zone du projet. La gestion de la v\u00e9g\u00e9tation se limite \u00e0 des fauchages et d\u00e9broussaillages p\u00e9riodiques autour des structures du projet, activit\u00e9s peu susceptibles d&#039;avoir un impact sur l&#039;habitat des chauves-souris ou des pygargues. La scolopendre d&#039;Am\u00e9rique est \u00e9troitement associ\u00e9e aux gorges calcaires et aux dolines calcaires froides des for\u00eats de feuillus matures. M\u00eame si elle est pr\u00e9sente, il est peu probable que l&#039;exploitation au fil de l&#039;eau ait un impact n\u00e9gatif sur l&#039;esp\u00e8ce.<\/p>\n<p>Le village de Copenhague s&#039;est d\u00e9velopp\u00e9 au sein de la ville de Denmark en 1800, lorsque Nathan Munger et son fils ont \u00e9rig\u00e9 leur premier moulin \u00e0 farine, puis une scierie l&#039;ann\u00e9e suivante, tous deux sur la rivi\u00e8re Deer. Le village qui s&#039;est d\u00e9velopp\u00e9 autour de ce moulin s&#039;appelait Munger Mills, la plupart de ses habitants \u00e9tant consid\u00e9r\u00e9s comme des f\u00e9d\u00e9ralistes favorables \u00e0 la domination britannique. Mais apr\u00e8s l&#039;annonce de l&#039;attaque britannique de Copenhague, au Danemark, les villageois r\u00e9publicains ont convenu, lors d&#039;une assembl\u00e9e, de prendre le nom de Copenhague pour faire honte aux f\u00e9d\u00e9ralistes locaux et \u00e0 leur soutien aux Britanniques. Les moulins d&#039;origine, construits le long de la rivi\u00e8re, n&#039;existent plus. En 1890, la pire crue jamais enregistr\u00e9e sur la rivi\u00e8re Deer est descendue des collines, emportant tous les obstacles \u00e0 port\u00e9e de son torrent imp\u00e9tueux. Plusieurs b\u00e2timents, roues hydrauliques, ponts et barrages ont \u00e9t\u00e9 emport\u00e9s. La zone est class\u00e9e zone arch\u00e9ologiquement sensible par le Syst\u00e8me d&#039;information sur les ressources culturelles de l&#039;\u00c9tat de New York, mais aucun document n&#039;a \u00e9t\u00e9 publi\u00e9. <span class='tooltipsall tooltip_post_id_5606 classtoolTips1'>Registre national des lieux historiques<\/span> Des propri\u00e9t\u00e9s class\u00e9es existent dans la ville ou en aval du projet. Les structures du projet pourraient \u00eatre admissibles \u00e0 l&#039;inscription en fonction de leur anciennet\u00e9.<\/p>\n<p>Les ressources r\u00e9cr\u00e9atives du projet sont limit\u00e9es en raison de la faible empreinte du projet et de la hauteur et de la pente du tron\u00e7on contourn\u00e9. La p\u00eache \u00e0 la ligne et la navigation de plaisance sont pratiqu\u00e9es de mani\u00e8re informelle dans le bassin de retenue et le tron\u00e7on en aval. Les ressources \u00e0 proximit\u00e9 comprennent le parc Adirondack, des ruisseaux ensemenc\u00e9s de truites et la navigation en eaux vives en amont du projet. L&#039;acc\u00e8s public est gratuit lorsque cela est possible en toute s\u00e9curit\u00e9 et dans les limites du raisonnable.<\/p>\n<hr \/>\n<h3>\u00c9tat de conformit\u00e9<\/h3>\n<p><strong>Le certificat n\u2019inclut aucune condition sp\u00e9cifique \u00e0 l\u2019\u00e9tablissement.<\/strong><\/p>\n<p><strong>2025:<\/strong> Aucun changement important ni probl\u00e8me de conformit\u00e9 n&#039;ont \u00e9t\u00e9 identifi\u00e9s. Le projet reste conforme sur la base de l&#039;examen annuel.<\/p>\n<p><strong>2024:<\/strong> Aucun changement important ni probl\u00e8me de conformit\u00e9 n&#039;ont \u00e9t\u00e9 identifi\u00e9s. Le projet reste conforme sur la base de l&#039;examen annuel.<\/p>\n<p><strong>2023:<\/strong> Aucun changement important ni probl\u00e8me de conformit\u00e9 n&#039;ont \u00e9t\u00e9 identifi\u00e9s. Le projet reste conforme sur la base de l&#039;examen annuel.<\/p>\n<p><strong>2022:<\/strong> Le rapport annuel pour le certificat actuel n\u2019est pas encore entr\u00e9 en vigueur.<\/p>\n<hr \/>\n<h3>Historique des certifications<\/h3>\n<p><strong>19 d\u00e9cembre 2022 :<\/strong>\u00a0 La d\u00e9cision de certifier le projet High Falls est devenue d\u00e9finitive apr\u00e8s la cl\u00f4ture de la p\u00e9riode d&#039;appel le 10 d\u00e9cembre 2022, aucun appel n&#039;ayant \u00e9t\u00e9 d\u00e9pos\u00e9. La p\u00e9riode de certification s&#039;\u00e9tend du 4 octobre 2022 au 3 octobre 2032.<\/p>\n<p><strong>10 novembre 2022 :\u00a0<\/strong> Le Low Impact Hydropower Institute (LIHI) a approuv\u00e9 la certification \u00ab\u00a0faible impact\u00a0\u00bb (LIHI #192) pour le projet hydro\u00e9lectrique de High Falls. La demande compl\u00e8te et le rapport d&#039;\u00e9valuation sont disponibles ci-dessous. Cette d\u00e9cision est provisoire, dans l&#039;attente d&#039;un d\u00e9lai d&#039;appel de 30 jours. Seuls les participants ayant comment\u00e9 la demande initiale pendant ce d\u00e9lai de 60 jours peuvent d\u00e9poser un recours. Ce recours doit inclure une explication expliquant en quoi le projet ne r\u00e9pond pas aux crit\u00e8res du LIHI. Les demandes de recours peuvent \u00eatre soumises par courriel \u00e0 l&#039;adresse suivante\u00a0:\u00a0<a href=\"mailto:comments@lowimpacthydro.org\">comments@lowimpacthydro.org<\/a>\u00a0avec \u00ab\u00a0American Tissue Project\u00a0\u00bb dans l&#039;objet, ou par courrier adress\u00e9 au Low Impact Hydropower Institute, 1167 Massachusetts Ave. Arlington, MA 02476. Toutes les demandes seront publi\u00e9es sur le site web. Le demandeur aura la possibilit\u00e9 de r\u00e9pondre, et toute r\u00e9ponse sera \u00e9galement publi\u00e9e.\u00a0<strong>Les demandes doivent \u00eatre re\u00e7ues avant 17 h, heure de l&#039;Est, le 10 d\u00e9cembre 2022.<\/strong>Si aucune demande d\u2019appel n\u2019est re\u00e7ue, la p\u00e9riode de certification sera du 4 octobre 2022 au 3 octobre 2032.<\/p>\n<p><strong>15 juillet 2022 : <\/strong>Le Low Impact Hydropower Institute a re\u00e7u une demande compl\u00e8te de certification \u00e0 faible impact pour le projet hydro\u00e9lectrique de High Falls (Copenhague). Le LIHI sollicite les commentaires du public sur cette demande. Plus pr\u00e9cis\u00e9ment, nous souhaitons savoir si, selon vous, le projet r\u00e9pond aux crit\u00e8res de certification \u00e0 faible impact du LIHI, tels que r\u00e9vis\u00e9s dans la 2e \u00e9dition du manuel. Les documents de candidature sont disponibles ci-dessous. Les commentaires directement li\u00e9s aux crit\u00e8res sp\u00e9cifiques du LIHI (d\u00e9bits, qualit\u00e9 de l&#039;eau, etc.) <span class='tooltipsall tooltip_post_id_5566 classtoolTips59'>passage des poissons<\/span>, etc.) seront tr\u00e8s utiles, mais tous les commentaires seront pris en compte. Les commentaires peuvent \u00eatre soumis \u00e0 l&#039;Institut par courrier \u00e9lectronique \u00e0 l&#039;adresse\u00a0<a href=\"mailto:comments@lowimpacthydro.org\">comments@lowimpacthydro.org<\/a>\u00a0avec \u00ab Commentaires sur le projet High Falls \u00bb dans la ligne d&#039;objet, ou par courrier adress\u00e9 au Low Impact Hydropower Institute, 1167 Massachusetts Avenue, Bureau 407, Arlington, MA 02476.\u00a0 <strong>Les commentaires doivent \u00eatre re\u00e7us au plus tard \u00e0 17 h, heure de l&#039;Est, le 13 septembre 2022.<\/strong>\u00a0\u00e0 prendre en consid\u00e9ration. Tous les commentaires seront publi\u00e9s sur le site Web et le candidat aura la possibilit\u00e9 d&#039;y r\u00e9pondre. Toute r\u00e9ponse sera \u00e9galement publi\u00e9e.<\/p>\n<hr \/>\n<h3>Dossiers de certification<\/h3>\n<h4>Certification 2022<\/h4>\n<ul style=\"color: black;\">\n<li><a href=\"https:\/\/lowimpacthydro.org\/wp-content\/uploads\/2022\/11\/High-Falls-Review-Report_2022-11-03-final.pdf\">Rapport d&#039;examen de la certification du projet High Falls 2022<\/a><\/li>\n<li><a href=\"https:\/\/lowimpacthydro.org\/wp-content\/uploads\/2022\/09\/High-Falls-LIHI-FINAL-Application20220923.pdf\">Projet High Falls \u2013 Demande de certification 2022<\/a><\/li>\n<\/ul>\n<hr \/>\n<h3>Documents cl\u00e9s<\/h3>\n<ul>\n<li><a href=\"https:\/\/lowimpacthydro.org\/wp-content\/uploads\/2024\/05\/2000-FERC-amendment-High-Falls-NY-capacity.pdf\">Amendement de la FERC de 2000 \u2013 capacit\u00e9<\/a><\/li>\n<li><a href=\"https:\/\/lowimpacthydro.org\/wp-content\/uploads\/2024\/05\/1982-FERC-exemption-High-Falls-NY.pdf\">1982 FERC <span class='tooltipsall tooltip_post_id_5562 classtoolTips113'>Exemption<\/span><\/a><\/li>\n<li><a href=\"https:\/\/lowimpacthydro.org\/wp-content\/uploads\/2024\/05\/1982-USFWS-terms-and-conditions-HIgh-Falls-NY.pdf\">Conditions g\u00e9n\u00e9rales de l&#039;USFWS de 1982<\/a><\/li>\n<li><a href=\"https:\/\/lowimpacthydro.org\/wp-content\/uploads\/2024\/05\/1982-WQC-High-Falls-NY.pdf\">Certification de la qualit\u00e9 de l&#039;eau 1982<\/a><\/li>\n<\/ul>","protected":false},"excerpt":{"rendered":"<p>Project Name High Falls LIHI Certificate No. 192 LIHI Certificate Term October 4, 2022 &#8211; October 3, 2032 Owner Copenhagen Hydro, LLC, a subsidiary of LS<span class=\"excerpt-hellip\"> [\u2026]<\/span><\/p>\n","protected":false},"author":3,"featured_media":-1,"parent":0,"menu_order":0,"comment_status":"closed","ping_status":"closed","template":"","meta":{"_coblocks_attr":"","_coblocks_dimensions":"","_coblocks_responsive_height":"","_coblocks_accordion_ie_support":"","om_disable_all_campaigns":false,"_monsterinsights_skip_tracking":false,"_monsterinsights_sitenote_active":false,"_monsterinsights_sitenote_note":"","_monsterinsights_sitenote_category":0,"footnotes":""},"class_list":["post-6339","page","type-page","status-publish","has-post-thumbnail","hentry"],"aioseo_notices":[],"_links":{"self":[{"href":"https:\/\/lowimpacthydro.org\/fr\/wp-json\/wp\/v2\/pages\/6339","targetHints":{"allow":["GET"]}}],"collection":[{"href":"https:\/\/lowimpacthydro.org\/fr\/wp-json\/wp\/v2\/pages"}],"about":[{"href":"https:\/\/lowimpacthydro.org\/fr\/wp-json\/wp\/v2\/types\/page"}],"author":[{"embeddable":true,"href":"https:\/\/lowimpacthydro.org\/fr\/wp-json\/wp\/v2\/users\/3"}],"replies":[{"embeddable":true,"href":"https:\/\/lowimpacthydro.org\/fr\/wp-json\/wp\/v2\/comments?post=6339"}],"version-history":[{"count":19,"href":"https:\/\/lowimpacthydro.org\/fr\/wp-json\/wp\/v2\/pages\/6339\/revisions"}],"predecessor-version":[{"id":10127,"href":"https:\/\/lowimpacthydro.org\/fr\/wp-json\/wp\/v2\/pages\/6339\/revisions\/10127"}],"wp:featuredmedia":[{"embeddable":true,"href":"https:\/\/lowimpacthydro.org\/fr\/wp-json\/"}],"wp:attachment":[{"href":"https:\/\/lowimpacthydro.org\/fr\/wp-json\/wp\/v2\/media?parent=6339"}],"curies":[{"name":"wp","href":"https:\/\/api.w.org\/{rel}","templated":true}]}}