{"id":630,"date":"2020-07-16T13:58:50","date_gmt":"2020-07-16T17:58:50","guid":{"rendered":"https:\/\/lowimpacthydro.org\/new\/?page_id=630"},"modified":"2026-04-09T13:06:03","modified_gmt":"2026-04-09T17:06:03","slug":"lihi-certiicate-155-hydraulic-race-hydroelectric-project-new-york","status":"publish","type":"page","link":"https:\/\/lowimpacthydro.org\/fr\/lihi-certiicate-155-hydraulic-race-hydroelectric-project-new-york\/","title":{"rendered":"Projet de course hydraulique \u2013 LIHI #155, canal \u00c9ri\u00e9, NY"},"content":{"rendered":"<table class=\"alignright\" style=\"width: 351px; border: 2px; cellspacing: 2px; cellpadding: 2px; margin-left: 50px;\">\n<tbody>\n<tr>\n<td style=\"border-style: solid; width: 39.823%;\"><strong>Nom du projet<\/strong><\/td>\n<td style=\"border-style: solid; width: 58.1858%;\">Course hydraulique<\/td>\n<\/tr>\n<tr>\n<td style=\"border-style: solid; width: 39.823%;\"><strong>Num\u00e9ro de certificat LIHI<br \/>\n<\/strong><\/td>\n<td style=\"border-style: solid; width: 58.1858%;\">155<\/td>\n<\/tr>\n<tr>\n<td style=\"border-style: solid; width: 39.823%;\"><strong>Terme de certification LIHI<br \/>\n<\/strong><\/td>\n<td style=\"border-style: solid; width: 58.1858%;\">15 avril 2019 \u2013 14 avril 2034<\/td>\n<\/tr>\n<tr>\n<td style=\"border-style: solid; width: 39.823%;\"><strong>Propri\u00e9taire<\/strong><\/td>\n<td style=\"border-style: solid; width: 58.1858%;\">Erie Boulevard Hydropower, LP, une filiale de Brookfield Renewable Energy Group<\/td>\n<\/tr>\n<tr>\n<td style=\"border-style: solid; width: 39.823%;\"><strong>\u00c9tat<\/strong><\/td>\n<td style=\"border-style: solid; width: 58.1858%;\">New York<\/td>\n<\/tr>\n<tr>\n<td style=\"border-style: solid; width: 39.823%;\"><strong>Emplacement<\/strong><\/td>\n<td style=\"border-style: solid; width: 58.1858%;\">Barge de l&#039;\u00c9tat de New York <span class='tooltipsall tooltip_post_id_5537 classtoolTips143'>Canal<\/span> (Canal \u00c9ri\u00e9) entre les \u00e9cluses 34 et 35<\/td>\n<\/tr>\n<tr>\n<td style=\"border-style: solid; width: 39.823%;\"><strong>Capacit\u00e9 install\u00e9e<\/strong><\/td>\n<td style=\"border-style: solid; width: 58.1858%;\">4,867 MW (capacit\u00e9 maximale de 3,4 MW en raison des limitations hydrauliques du conduit)<\/td>\n<\/tr>\n<tr>\n<td style=\"border-style: solid; width: 39.823%;\"><strong>G\u00e9n\u00e9ration annuelle moyenne<\/strong><\/td>\n<td style=\"border-style: solid; width: 58.1858%;\">10 800 MWh<\/td>\n<\/tr>\n<tr>\n<td style=\"border-style: solid; width: 39.823%;\"><strong>Type d&#039;\u00e9tablissement<\/strong><\/td>\n<td style=\"border-style: solid; width: 58.1858%;\">Conduit<\/td>\n<\/tr>\n<tr>\n<td style=\"border-style: solid; width: 39.823%;\"><strong><span class='tooltipsall tooltip_post_id_5565 classtoolTips152'>F\u00e9d\u00e9ration internationale de radio-t\u00e9l\u00e9vision (FERC)<\/span> Non.<\/strong><\/td>\n<td style=\"border-style: solid; width: 58.1858%;\">P-2424 exempt\u00e9 1990<\/td>\n<\/tr>\n<\/tbody>\n<\/table>\n<p>Le projet de canal hydraulique est situ\u00e9 sur le r\u00e9seau de canaux de barges de l&#039;\u00c9tat de New York (\u00c9ri\u00e9), dans la ville de Lockport, dans le comt\u00e9 de Niagara. Construit en 1942, il est exempt\u00e9 de l&#039;obligation de licence de la FERC en tant que projet de canalisation admissible. Le canal \u00c9ri\u00e9 est une voie navigable artificielle construite en 1825 pour relier le fleuve Hudson au lac \u00c9ri\u00e9. Le projet est situ\u00e9 \u00e0 environ 48 kilom\u00e8tres du lac \u00c9ri\u00e9.<\/p>\n<p>En tant qu&#039;installation de conduite, le projet tire l&#039;eau du canal \u00c9ri\u00e9 \u00e0 l&#039;\u00e9cluse n\u00b0 35 et la rejette en aval de l&#039;\u00e9cluse n\u00b0 34. L&#039;eau est achemin\u00e9e vers le projet via un tunnel rocheux de 650 pieds de long qui se divise en un <span class='tooltipsall tooltip_post_id_5537 classtoolTips143'>canal<\/span> r\u00e9gulateur et un <span class='tooltipsall tooltip_post_id_5619 classtoolTips124'>conduite forc\u00e9e<\/span>Le r\u00e9gulateur du canal transporte l&#039;eau n\u00e9cessaire \u00e0 la navigation. Un tunnel en b\u00e9ton de 125 m\u00e8tres de long relie la conduite forc\u00e9e en acier de 30 m\u00e8tres de long \u00e0 la rivi\u00e8re. <span class='tooltipsall tooltip_post_id_5624 classtoolTips102'>centrale<\/span> Pour la production. La centrale comprend une unit\u00e9 Kaplan verticale d&#039;une puissance install\u00e9e de 4,867 MW, mais les limitations de d\u00e9bit limitent la production \u00e0 3,4 MW. La production est limit\u00e9e \u00e0 la saison de navigation, qui s&#039;\u00e9tend environ du 1er mai au 1er d\u00e9cembre de chaque ann\u00e9e. En dehors de cette saison, le canal est ass\u00e9ch\u00e9.<\/p>\n<p>L&#039;eau alimente cette portion du canal \u00c9ri\u00e9 depuis les ruisseaux Tonawanda et Ellicott, ainsi que la rivi\u00e8re Niagara. La New York State Canal Corporation (NYSCC) est responsable de l&#039;exploitation des \u00e9cluses n\u00b0 34 et 35 et du maintien des niveaux d&#039;eau dans la partie aval du canal. Le contr\u00f4le des rejets d&#039;eau et de la production d&#039;eau r\u00e9sultant du projet est assur\u00e9 par l&#039;op\u00e9rateur de l&#039;\u00e9cluse du canal \u00c9ri\u00e9, qui ajuste le d\u00e9bit d&#039;eau du canal. Les d\u00e9bits varient g\u00e9n\u00e9ralement entre 600 et 800 pi\u00b3\/s. L&#039;USFWS n&#039;a pas recommand\u00e9 de d\u00e9bits de base pour le projet hydro\u00e9lectrique.<\/p>\n<p>Les eaux situ\u00e9es dans la zone d&#039;application du projet sont d\u00e9sign\u00e9es comme \u00e9tant de classe C. Ces eaux sont g\u00e9r\u00e9es pour la p\u00eache, la propagation des poissons et les activit\u00e9s primaires\/<span class='tooltipsall tooltip_post_id_5646 classtoolTips7'>loisirs de contact secondaire<\/span>Bien que le canal \u00c9ri\u00e9 ne soit pas r\u00e9pertori\u00e9 comme \u00e9tant endommag\u00e9, la rivi\u00e8re Niagara est r\u00e9pertori\u00e9e comme <span class='tooltipsall tooltip_post_id_5550 classtoolTips127'>dioxine<\/span>, PCB, hydrocarbures aromatiques polycycliques et alt\u00e9ration des pesticides. En tant qu&#039;installation de canalisation, le projet n&#039;a aucun impact sur la qualit\u00e9 de l&#039;eau des cours d&#039;eau environnants.<\/p>\n<p>Le canal \u00c9ri\u00e9 est un canal artificiel avec des activit\u00e9s d&#039;\u00e9clusage par barges et des rabattements annuels. Aucune esp\u00e8ce migratrice n&#039;est pr\u00e9sente, mais une p\u00eache en eaux chaudes est pratiqu\u00e9e \u00e0 proximit\u00e9 du projet. Parmi les esp\u00e8ces concern\u00e9es figurent l&#039;achigan \u00e0 grande bouche, la barbotte brune et le grand brochet. L&#039;exploitation des \u00e9cluses devrait faciliter la navigation en amont et en aval pendant la saison de navigation. Des grilles \u00e0 d\u00e9chets espac\u00e9es de 12,7 cm att\u00e9nuent les risques. <span class='tooltipsall tooltip_post_id_5587 classtoolTips82'>empi\u00e8tement<\/span>Il n&#039;existe aucun habitat naturel permanent dans la zone du projet ni dans le canal, bien que certaines esp\u00e8ces y soient pr\u00e9sentes de mani\u00e8re opportuniste. Les d\u00e9bits du canal d\u00e9passent ceux pr\u00e9vus pour le projet, ce qui rend peu probable l&#039;entr\u00e9e de poissons dans le tunnel ou la conduite forc\u00e9e du projet.<\/p>\n<p>En raison de la nature artificielle du canal et de la faible emprise au sol du projet, aucune terre de valeur \u00e9cologique significative n&#039;est pr\u00e9sente dans la zone du projet. De plus, le canal de fuite du projet comprend un mur en b\u00e9ton qui n&#039;est pas sujet \u00e0 l&#039;\u00e9rosion.<\/p>\n<p>Parmi les esp\u00e8ces menac\u00e9es ou en voie de disparition potentiellement pr\u00e9sentes \u00e0 proximit\u00e9 du projet figurent la chauve-souris nordique \u00e0 longues oreilles, la chauve-souris rose et la chauve-souris \u00e0 longues oreilles fragile. Aucun habitat essentiel n&#039;est pr\u00e9sent dans la zone du projet et il est tr\u00e8s peu probable que la chauve-souris nordique \u00e0 longues oreilles soit pr\u00e9sente dans la petite zone urbaine du projet. Deux esp\u00e8ces de moules d&#039;eau douce ont \u00e9t\u00e9 recens\u00e9es en amont du projet, mais il n&#039;existe aucun habitat aquatique naturel pour ces esp\u00e8ces dans le canal.<\/p>\n<p>Le canal \u00c9ri\u00e9 lui-m\u00eame est d\u00e9sign\u00e9 comme monument historique national et le syst\u00e8me de canaux de barges de l&#039;\u00c9tat de New York est inscrit sur la liste des monuments historiques nationaux. <span class='tooltipsall tooltip_post_id_5606 classtoolTips1'>Registre national des lieux historiques<\/span>Aucune ressource culturelle ou historique associ\u00e9e au projet n&#039;est consid\u00e9r\u00e9e comme faisant partie du r\u00e9seau de canaux historiques. Cependant, le projet est conforme au \u00ab\u00a0Recueil des activit\u00e9s d&#039;exploitation et de maintenance compatibles avec un plan de gestion des ressources culturelles\u00a0\u00bb de l&#039;entreprise. Toute op\u00e9ration ou activit\u00e9 non r\u00e9pertori\u00e9e dans ce recueil est soumise \u00e0 l&#039;examen du Bureau de pr\u00e9servation historique de l&#039;\u00c9tat de New York.<\/p>\n<p>Aucune ressource r\u00e9cr\u00e9ative n&#039;est associ\u00e9e au projet, la loi de l&#039;\u00c9tat de New York interdisant les loisirs dans les canaux pour des raisons de s\u00e9curit\u00e9 publique. Des activit\u00e9s r\u00e9cr\u00e9atives sont disponibles \u00e0 proximit\u00e9, notamment des excursions en bateau et des visites guid\u00e9es \u00e0 v\u00e9lo ou \u00e0 pied le long du canal.<\/p>\n<hr \/>\n<h3>\u00c9tat de conformit\u00e9<\/h3>\n<p><strong>Il n&#039;existe aucune condition sp\u00e9cifique \u00e0 l&#039;\u00e9tablissement dans le certificat actuel<\/strong><\/p>\n<p><strong>2026:<\/strong> Aucun changement important ni probl\u00e8me de conformit\u00e9 n\u2019a \u00e9t\u00e9 identifi\u00e9. Le projet reste conforme sur la base de l\u2019examen annuel.<\/p>\n<p><strong>2025:<\/strong> Aucun changement important ni probl\u00e8me de conformit\u00e9 n\u2019a \u00e9t\u00e9 identifi\u00e9. Le projet reste conforme sur la base de l\u2019examen annuel.<\/p>\n<p><strong>2024:<\/strong> Aucun changement important ni probl\u00e8me de conformit\u00e9 n\u2019a \u00e9t\u00e9 identifi\u00e9. Le projet reste conforme sur la base de l\u2019examen annuel.<\/p>\n<p><strong>2023:<\/strong> Aucun changement important ni probl\u00e8me de conformit\u00e9 n\u2019a \u00e9t\u00e9 identifi\u00e9. Le projet reste conforme sur la base de l\u2019examen annuel.<\/p>\n<p><strong>2022:<\/strong> Aucun changement important ni probl\u00e8me de conformit\u00e9 n\u2019a \u00e9t\u00e9 identifi\u00e9. Le projet reste conforme sur la base de l\u2019examen annuel.<\/p>\n<p><strong>2021:<\/strong> Aucun changement ni probl\u00e8me de conformit\u00e9 n&#039;a \u00e9t\u00e9 signal\u00e9. Le projet reste conforme sur la base de l&#039;examen annuel.<\/p>\n<p><strong>2020:<\/strong> Aucun changement ni probl\u00e8me de conformit\u00e9 n&#039;a \u00e9t\u00e9 signal\u00e9. Le projet reste conforme sur la base de l&#039;examen annuel.<\/p>\n<p><strong>2019:<\/strong> Le rapport annuel pour le certificat actuel n\u2019est pas encore entr\u00e9 en vigueur.<\/p>\n<hr \/>\n<h3>Historique des certifications<\/h3>\n<p><strong>1er janvier 2022 :<\/strong> La dur\u00e9e du certificat LIHI a \u00e9t\u00e9 prolong\u00e9e conform\u00e9ment \u00e0 la r\u00e9vision 2.05 du manuel de certification LIHI 2e \u00e9dition publi\u00e9 le 1er janvier 2022. Reportez-vous au tableau des \u00e9tablissements ci-dessus pour conna\u00eetre la nouvelle dur\u00e9e.<\/p>\n<p><strong>8 ao\u00fbt 2019 :<\/strong> La d\u00e9cision de certification du projet hydro\u00e9lectrique Hydraulic Race est d\u00e9finitive. Aucun appel n&#039;a \u00e9t\u00e9 re\u00e7u pendant la p\u00e9riode d&#039;appel, cl\u00f4tur\u00e9e le 19 juillet 2019. La nouvelle p\u00e9riode de certification du projet s&#039;\u00e9tend du 15 avril 2019 au 14 avril 2029.<\/p>\n<p><strong>19 juin 2019 : <\/strong>Le Low Impact Hydropower Institute a approuv\u00e9 de mani\u00e8re pr\u00e9liminaire la certification \u00e0 faible impact pour le projet hydro\u00e9lectrique Hydraulic Race.<\/p>\n<p>Cette d\u00e9cision est pr\u00e9liminaire en attendant la p\u00e9riode d&#039;appel de 30 jours. Seuls ceux qui ont comment\u00e9 la demande initiale pendant la p\u00e9riode de commentaires de 60 jours sont \u00e9ligibles pour d\u00e9poser un appel. Un tel appel doit inclure une explication sur la raison pour laquelle le projet ne r\u00e9pond pas aux crit\u00e8res du LIHI. Les demandes d&#039;appel peuvent \u00eatre soumises par courrier \u00e9lectronique \u00e0 <a href=\"mailto:comments@lowimpacthydro.org\">comments@lowimpacthydro.org<\/a> avec \u00ab\u00a0Projet hydro\u00e9lectrique de course hydraulique\u00a0\u00bb en objet, ou par courrier adress\u00e9 au Low Impact Hydropower Institute, 329 Massachusetts Ave, Suite 6, Lexington, MA 02420. Toutes les demandes seront publi\u00e9es sur le site web. Le demandeur aura la possibilit\u00e9 de r\u00e9pondre, et toute r\u00e9ponse sera \u00e9galement publi\u00e9e. <strong>Les demandes doivent \u00eatre re\u00e7ues avant 17 h, heure de l\u2019Est, le 19 juillet 2019.\u00a0 <\/strong>Le dossier complet et le rapport des \u00e9valuateurs sont disponibles ci-dessous.<\/p>\n<p>Si aucune demande d&#039;appel n&#039;est re\u00e7ue et que la d\u00e9cision devient d\u00e9finitive, la dur\u00e9e de certification du projet (en attente de LIHI #155) sera le 15 avril 2019 pour une dur\u00e9e de dix (10) ans, qui expirera le 14 avril 2029.<\/p>\n<p><strong>17 avril 2019 : <\/strong>Le Low Impact Hydropower Institute a re\u00e7u une demande compl\u00e8te de certification \u00e0 faible impact pour le projet hydro\u00e9lectrique Hydraulic Race. Le LIHI sollicite les commentaires du public sur cette demande. Plus pr\u00e9cis\u00e9ment, nous souhaitons savoir si, selon vous, le projet r\u00e9pond aux crit\u00e8res de certification \u00e0 faible impact du LIHI, tels que r\u00e9vis\u00e9s dans la 2e \u00e9dition du manuel. Veuillez consulter le programme et les crit\u00e8res dans la version r\u00e9vis\u00e9e du LIHI.\u00a0<a href=\"https:\/\/lowimpacthydro.org\/wp-content\/uploads\/2020\/07\/2nd-edition-handbook-20160315-rev2.02-7-20-16.pdf\">Manuel<\/a><a href=\"https:\/\/lowimpacthydro.org\/wp-content\/uploads\/2020\/07\/2nd-edition-handbook-20160315-rev2.02-7-20-16.pdf\">\u00a0<\/a>et consultez ensuite les documents de candidature du projet ci-dessous.<\/p>\n<p>Commentaires directement li\u00e9s \u00e0 des crit\u00e8res sp\u00e9cifiques du LIHI (d\u00e9bits, qualit\u00e9 de l&#039;eau, <span class='tooltipsall tooltip_post_id_5566 classtoolTips59'>passage des poissons<\/span>, etc.) seront tr\u00e8s utiles, mais tous les commentaires seront pris en compte. Les commentaires peuvent \u00eatre soumis \u00e0 l&#039;Institut par courrier \u00e9lectronique \u00e0 l&#039;adresse\u00a0<a href=\"mailto:comments@lowimpacthydro.org\">comments@lowimpacthydro.org<\/a>\u00a0avec \u00ab Commentaires sur le projet de course hydraulique \u00bb dans la ligne d&#039;objet, ou par courrier adress\u00e9 au Low Impact Hydropower Institute, 329 Massachusetts Avenue, Suite 6, Lexington, MA 02420.\u00a0 <strong>Les commentaires doivent \u00eatre re\u00e7us au plus tard \u00e0 17 heures, heure de l&#039;Est, le 16 juin 2019.<\/strong>\u00a0\u00e0 prendre en consid\u00e9ration. Tous les commentaires seront publi\u00e9s sur le site Web et le candidat aura la possibilit\u00e9 d&#039;y r\u00e9pondre. Toute r\u00e9ponse sera \u00e9galement publi\u00e9e.<\/p>\n<hr \/>\n<h3>Dossiers de certification<\/h3>\n<h4>Certification 2019<\/h4>\n<ul style=\"color: black;\">\n<li><a href=\"https:\/\/lowimpacthydro.org\/wp-content\/uploads\/2022\/04\/Hydraulic-Race-Review-Report_2019_06_17-1.pdf\">Rapport d&#039;examen de la certification de course hydraulique 2019<\/a><\/li>\n<li><a href=\"https:\/\/lowimpacthydro.org\/wp-content\/uploads\/2020\/07\/Hydraulic-Race-LIHI-Application-2019.pdf\">Demande de certification de course hydraulique 2019<\/a><\/li>\n<\/ul>\n<hr \/>\n<h3>Documents cl\u00e9s<\/h3>\n<ul>\n<li><a href=\"https:\/\/lowimpacthydro.org\/wp-content\/uploads\/2020\/12\/1990-Hydraulic-Race-FERC-Exemption-2.pdf\">Course hydraulique FERC <span class='tooltipsall tooltip_post_id_5562 classtoolTips113'>Exemption<\/span> 1990<\/a><\/li>\n<\/ul>","protected":false},"excerpt":{"rendered":"<p>Project Name Hydraulic Race LIHI Certificate No. 155 LIHI Certification Term April 15, 2019 &#8211; April 14, 2034 Owner Erie Boulevard Hydropower, LP, a subsidiary of<span class=\"excerpt-hellip\"> [\u2026]<\/span><\/p>\n","protected":false},"author":3,"featured_media":-1,"parent":0,"menu_order":0,"comment_status":"closed","ping_status":"closed","template":"","meta":{"_coblocks_attr":"","_coblocks_dimensions":"","_coblocks_responsive_height":"","_coblocks_accordion_ie_support":"","om_disable_all_campaigns":false,"_monsterinsights_skip_tracking":false,"_monsterinsights_sitenote_active":false,"_monsterinsights_sitenote_note":"","_monsterinsights_sitenote_category":0,"footnotes":""},"class_list":["post-630","page","type-page","status-publish","has-post-thumbnail","hentry"],"aioseo_notices":[],"_links":{"self":[{"href":"https:\/\/lowimpacthydro.org\/fr\/wp-json\/wp\/v2\/pages\/630","targetHints":{"allow":["GET"]}}],"collection":[{"href":"https:\/\/lowimpacthydro.org\/fr\/wp-json\/wp\/v2\/pages"}],"about":[{"href":"https:\/\/lowimpacthydro.org\/fr\/wp-json\/wp\/v2\/types\/page"}],"author":[{"embeddable":true,"href":"https:\/\/lowimpacthydro.org\/fr\/wp-json\/wp\/v2\/users\/3"}],"replies":[{"embeddable":true,"href":"https:\/\/lowimpacthydro.org\/fr\/wp-json\/wp\/v2\/comments?post=630"}],"version-history":[{"count":10,"href":"https:\/\/lowimpacthydro.org\/fr\/wp-json\/wp\/v2\/pages\/630\/revisions"}],"predecessor-version":[{"id":10479,"href":"https:\/\/lowimpacthydro.org\/fr\/wp-json\/wp\/v2\/pages\/630\/revisions\/10479"}],"wp:featuredmedia":[{"embeddable":true,"href":"https:\/\/lowimpacthydro.org\/fr\/wp-json\/"}],"wp:attachment":[{"href":"https:\/\/lowimpacthydro.org\/fr\/wp-json\/wp\/v2\/media?parent=630"}],"curies":[{"name":"wp","href":"https:\/\/api.w.org\/{rel}","templated":true}]}}