{"id":618,"date":"2020-07-16T00:47:45","date_gmt":"2020-07-16T04:47:45","guid":{"rendered":"https:\/\/lowimpacthydro.org\/new\/?page_id=618"},"modified":"2026-04-09T13:44:41","modified_gmt":"2026-04-09T17:44:41","slug":"lihi-certificate-157-yaleville-hydroelectric-project-new-york","status":"publish","type":"page","link":"https:\/\/lowimpacthydro.org\/fr\/lihi-certificate-157-yaleville-hydroelectric-project-new-york\/","title":{"rendered":"Projet Yaleville \u2013 LIHI #157, Raquette River, NY"},"content":{"rendered":"<table class=\"alignright\" style=\"width: 351px; border: 2px; cellspacing: 2px; cellpadding: 2px; margin-left: 50px;\">\n<tbody>\n<tr>\n<td width=\"162\"><strong>Nom du projet<\/strong><\/td>\n<td width=\"165\">Yaleville<\/td>\n<\/tr>\n<tr>\n<td><strong>Num\u00e9ro de certificat LIHI<br \/>\n<\/strong><\/td>\n<td>157<\/td>\n<\/tr>\n<tr>\n<td><strong>Dur\u00e9e du certificat LIHI<br \/>\n<\/strong><\/td>\n<td>26 avril 2019 \u2013 25 avril 2029<\/td>\n<\/tr>\n<tr>\n<td width=\"162\"><strong>Propri\u00e9taire<\/strong><\/td>\n<td width=\"165\">Erie Boulevard Hydropower, LP, une filiale de Brookfield Renewable Energy Group<\/td>\n<\/tr>\n<tr>\n<td width=\"162\"><strong>\u00c9tat<\/strong><\/td>\n<td width=\"165\">New York<\/td>\n<\/tr>\n<tr>\n<td width=\"162\"><strong>Emplacement<\/strong><\/td>\n<td width=\"165\">Mile 25,5 sur la rivi\u00e8re Raquette<\/td>\n<\/tr>\n<tr>\n<td width=\"162\"><strong>Capacit\u00e9 install\u00e9e<\/strong><\/td>\n<td width=\"165\">0,7 MW<\/td>\n<\/tr>\n<tr>\n<td width=\"162\"><strong>G\u00e9n\u00e9ration annuelle moyenne<\/strong><\/td>\n<td width=\"165\">3 800 MWh<\/td>\n<\/tr>\n<tr>\n<td width=\"162\"><strong>Type d&#039;\u00e9tablissement<\/strong><\/td>\n<td width=\"165\">Au fil de l&#039;eau<\/td>\n<\/tr>\n<tr>\n<td width=\"162\"><strong><span class='tooltipsall tooltip_post_id_5565 classtoolTips152'>F\u00e9d\u00e9ration internationale de radio-t\u00e9l\u00e9vision (FERC)<\/span> Non.<\/strong><\/td>\n<td width=\"165\">P-9222 d\u00e9livr\u00e9 en 1992, expire le 31\/12\/2033<\/td>\n<\/tr>\n<\/tbody>\n<\/table>\n<p>Le projet Yaleville est situ\u00e9 sur la rivi\u00e8re Raquette, pr\u00e8s de la ville de Yaleville, dans les comt\u00e9s de Franklin et de St. Lawrence, dans l&#039;\u00c9tat de New York. Construit \u00e0 l&#039;origine en 1903 dans le seul but de produire de l&#039;\u00e9lectricit\u00e9, il a subi plusieurs am\u00e9liorations au cours des ann\u00e9es 1900, notamment l&#039;installation d&#039;une nouvelle structure en b\u00e9ton. <span class='tooltipsall tooltip_post_id_5574 classtoolTips146'>buse<\/span> en 1919; un b\u00e9ton <span class='tooltipsall tooltip_post_id_5545 classtoolTips158'>barrage<\/span> remplac\u00e9 le barrage en rondins et les roues hydrauliques ont \u00e9t\u00e9 remplac\u00e9es par l&#039;\u00e9quipement hydro\u00e9lectrique actuel ; un nouveau <span class='tooltipsall tooltip_post_id_5624 classtoolTips102'>centrale<\/span> a \u00e9t\u00e9 construit en 1922 ; le bassin d&#039;admission a \u00e9t\u00e9 construit et le plancher de la salle des turbines a \u00e9t\u00e9 recouvert en 1977 ; <span class='tooltipsall tooltip_post_id_5651 classtoolTips116'>d\u00e9versoir<\/span> et <span class='tooltipsall tooltip_post_id_5537 classtoolTips143'>canal<\/span> les murs ont \u00e9t\u00e9 reconstruits en 1978 ; le canal de fuite <span class='tooltipsall tooltip_post_id_5655 classtoolTips105'>journal d&#039;arr\u00eat<\/span> La structure et le canal de fuite ont \u00e9t\u00e9 r\u00e9par\u00e9s en 1982, et des r\u00e9parations du b\u00e9ton ont \u00e9t\u00e9 effectu\u00e9es sur les installations d&#039;ass\u00e8chement. Ces am\u00e9liorations ont culmin\u00e9 en 1987 avec l&#039;installation de nouvelles <span class='tooltipsall tooltip_post_id_5581 classtoolTips154'>t\u00eate<\/span> <span class='tooltipsall tooltip_post_id_5578 classtoolTips153'>portes<\/span> et un cadre de levage de porte de t\u00eate \u00e0 l&#039;entr\u00e9e du projet.<\/p>\n<p>La rivi\u00e8re Raquette poss\u00e8de un bassin versant total de 3\u00a0200 kilom\u00e8tres carr\u00e9s \u00e0 son embouchure et prend sa source dans les hautes terres des Adirondacks, aux lacs Blue Mountain, Raquette et Long. Elle coule g\u00e9n\u00e9ralement en direction nord-nord-ouest sur plus de 235 kilom\u00e8tres, traverse Potsdam (\u00c9tat de New York) et se jette dans le fleuve Saint-Laurent, pr\u00e8s de Massena (\u00c9tat de New York).<\/p>\n<p>Au total, 19 projets hydro\u00e9lectriques existent sur la rivi\u00e8re Raquette, dont la plupart appartiennent au propri\u00e9taire du projet, y compris de l&#039;amont \u00e0 l&#039;aval, <a href=\"https:\/\/lowimpacthydro.org\/fr\/lihi-certificate-156-piercefield-hydroelectric-project-new-york\/\">Piercefield (LIHI #156)<\/a>, <a href=\"https:\/\/lowimpacthydro.org\/fr\/lihi-certificate-14a-upper-raquette-river-project-new-york\/\">Raquette sup\u00e9rieure (LIHI #14A)<\/a>, <a href=\"https:\/\/lowimpacthydro.org\/fr\/lihi-certificate-14b-middle-raquette-river-project-new-york\/\">Raquette centrale (LIHI #14B)<\/a>, et <a href=\"https:\/\/lowimpacthydro.org\/fr\/lihi-certificate-14c-lower-raquette-river-project-new-york\/\">Raquette inf\u00e9rieure (LIHI #14C)<\/a>Le projet Yaleville se situe entre les d\u00e9veloppements de Norwood et d&#039;East Norfolk du projet Lower Raquette River.<\/p>\n<p>Le projet comprend un barrage, une structure de vanne de d\u00e9charge, un tron\u00e7on contourn\u00e9, une structure d&#039;admission, un bassin d&#039;admission, une centrale \u00e9lectrique et deux unit\u00e9s de production.<br \/>\nLe barrage est un barrage-poids en b\u00e9ton d&#039;environ 170 pieds de long et 13 pieds de haut, avec une hauteur de 1,5 pied. <span class='tooltipsall tooltip_post_id_5569 classtoolTips79'>tableaux d&#039;affichage<\/span> Au sommet, une structure de vanne gravitaire en b\u00e9ton de 23 m\u00e8tres de long est compos\u00e9e de quatre trav\u00e9es de poteaux de 4,5 m\u00e8tres de long et 3 m\u00e8tres de haut. Chaque trav\u00e9e de poteaux est soutenue par une poutre en I centrale, cr\u00e9ant deux trav\u00e9es de 2,3 m\u00e8tres, soit un total de 8 trav\u00e9es. Chaque trav\u00e9e individuelle est dot\u00e9e de poutrelles horizontales en bois de 3 m\u00e8tres surmont\u00e9es d&#039;une vanne coulissante en acier de 1,5 m\u00e8tre de haut. Un tron\u00e7on contourn\u00e9 d&#039;environ 148 m\u00e8tres de long est cr\u00e9\u00e9 par le barrage. L&#039;eau est achemin\u00e9e vers la prise d&#039;eau par un bief d&#039;admission (canal) de 18 m\u00e8tres de large et 84 m\u00e8tres de long. La structure de prise d&#039;eau fait partie int\u00e9grante du c\u00f4t\u00e9 amont de la centrale. La centrale comprend deux unit\u00e9s Francis verticales d&#039;une capacit\u00e9 combin\u00e9e de 0,725 MW.<\/p>\n<p>Le projet est exploit\u00e9 dans un <span class='tooltipsall tooltip_post_id_5643 classtoolTips52'>au fil de l&#039;eau<\/span> mode et retient un r\u00e9servoir de 95 acres qui s&#039;\u00e9tend sur environ 1,8 miles en amont. <span class='tooltipsall tooltip_post_id_5568 classtoolTips128'>Passe \u00e0 poissons<\/span> les d\u00e9bits sont maintenus \u00e0 36 pi3\/s apr\u00e8s le ruissellement printanier et les panneaux de retenue sont r\u00e9install\u00e9s (vers le 15 mai de chaque ann\u00e9e) jusqu&#039;au 1er novembre. <span class='tooltipsall tooltip_post_id_5588 classtoolTips83'>Mise en fourri\u00e8re<\/span> Les fluctuations sont surveill\u00e9es par le ma\u00eetre d&#039;ouvrage et des ajustements op\u00e9rationnels sont apport\u00e9s pour garantir le respect du r\u00e9gime fluvial. Ce r\u00e9gime d&#039;\u00e9coulement a \u00e9t\u00e9 \u00e9labor\u00e9 sur recommandation du Service am\u00e9ricain de la p\u00eache et de la faune sauvage (USFWS) afin de pr\u00e9server un habitat aquatique propice aux esp\u00e8ces de poissons r\u00e9sidentes. Le D\u00e9partement de la conservation de l&#039;environnement de l&#039;\u00c9tat de New York (NYSDEC) g\u00e8re la rivi\u00e8re Raquette comme une ressource halieutique mixte d&#039;eaux chaudes et froides.<\/p>\n<p>Les eaux du tron\u00e7on du projet sont d\u00e9sign\u00e9es comme \u00e9tant de classe B, g\u00e9r\u00e9es pour un habitat aquatique de haute qualit\u00e9 et des ressources primaires et <span class='tooltipsall tooltip_post_id_5646 classtoolTips7'>loisirs de contact secondaire<\/span>Le tron\u00e7on du projet est \u00e9galement class\u00e9 comme alt\u00e9r\u00e9 par les agents pathog\u00e8nes et pr\u00e9sente de faibles concentrations en oxyg\u00e8ne dissous. Cette alt\u00e9ration est due \u00e0 la mauvaise gestion des stations d&#039;\u00e9puration des eaux us\u00e9es des municipalit\u00e9s voisines. De faibles concentrations en oxyg\u00e8ne dissous sont observ\u00e9es dans la rivi\u00e8re depuis les ann\u00e9es 1940, mais elles s&#039;am\u00e9liorent r\u00e9guli\u00e8rement. La capacit\u00e9 hydraulique des turbines du projet permet fr\u00e9quemment des d\u00e9bits de d\u00e9versoir qui contribuent \u00e0 l&#039;a\u00e9ration des eaux s&#039;\u00e9coulant en aval.<\/p>\n<p>Le NYSDEC g\u00e8re la rivi\u00e8re Raquette comme une p\u00eache mixte d&#039;eaux chaudes et froides. La population de poissons est compos\u00e9e de poissons de p\u00eache sportive et de poissons de fond, notamment le dor\u00e9 jaune, l&#039;achigan \u00e0 petite bouche, le grand brochet, la perchaude, le crapet de roche, le crapet-soleil et la barbotte brune. Des donn\u00e9es historiques indiquent <span class='tooltipsall tooltip_post_id_5518 classtoolTips36'>poisson anadrome<\/span> Aucune pr\u00e9sence n&#039;a \u00e9t\u00e9 constat\u00e9e dans les environs du projet. Parmi les esp\u00e8ces migratrices pr\u00e9sentes dans la zone du projet, on compte l&#039;anguille d&#039;Am\u00e9rique. Une zone en amont <span class='tooltipsall tooltip_post_id_5556 classtoolTips98'>\u00e9chelle \u00e0 anguilles<\/span> Fonctionne entre le 15 juin et le 15 septembre, conform\u00e9ment aux recommandations de l&#039;USFWS et du NYSDEC. De plus, un d\u00e9versoir rectangulaire est install\u00e9 en aval. <span class='tooltipsall tooltip_post_id_5568 classtoolTips128'>passe \u00e0 poissons<\/span> est exploit\u00e9 \u00e0 partir du 15 mai (apr\u00e8s le ruissellement printanier et <span class='tooltipsall tooltip_post_id_5569 classtoolTips79'>tableau flash<\/span> installation) jusqu&#039;au 1er novembre. La passe \u00e0 poissons d\u00e9verse 36 pi3\/s dans une eau de 3 pieds de profondeur <span class='tooltipsall tooltip_post_id_5620 classtoolTips86'>piscine de plong\u00e9e<\/span>Les poubelles espac\u00e9es de 1 pouce att\u00e9nuent <span class='tooltipsall tooltip_post_id_5558 classtoolTips77'>entra\u00eenement<\/span> des esp\u00e8ces r\u00e9sidentes.<\/p>\n<p>Le terrain du projet s&#039;\u00e9tend sur environ 14 acres. Les terres environnantes sont principalement rurales, agricoles et foresti\u00e8res. Le littoral est principalement constitu\u00e9 de zones arbustives et aucune terre de valeur \u00e9cologique significative n&#039;est pr\u00e9sente dans la zone du projet. L&#039;exploitation au fil de l&#039;eau du projet contribue \u00e0 minimiser les fluctuations des retenues et donc \u00e0 r\u00e9duire le risque d&#039;\u00e9rosion du littoral.<\/p>\n<p>Parmi les esp\u00e8ces menac\u00e9es ou en voie de disparition potentiellement pr\u00e9sentes \u00e0 proximit\u00e9 du projet figurent le chausson \u00e0 longues oreilles et le m\u00e9n\u00e9 d&#039;herbe. Aucun habitat essentiel n&#039;est situ\u00e9 dans la zone du projet, et celui-ci est soumis \u00e0 la r\u00e8gle 4(d) de l&#039;USFWS concernant la protection du chausson \u00e0 longues oreilles. Cette r\u00e8gle concerne principalement l&#039;abattage d&#039;arbres, habitat potentiel de cette esp\u00e8ce, du 1er juin au 31 juillet. Le m\u00e9n\u00e9 d&#039;herbe, une petite esp\u00e8ce de vairon, a \u00e9t\u00e9 observ\u00e9 en amont du projet et constitue une esp\u00e8ce pr\u00e9occupante pour la conservation de l&#039;\u00c9tat.<\/p>\n<p>Aucune ressource historique ou culturelle connue n&#039;existe dans la zone du projet. Un pont \u00e0 poutres m\u00e9talliques a \u00e9t\u00e9 construit en aval du projet en 1892 et pourrait \u00eatre inscrit au patrimoine mondial. <span class='tooltipsall tooltip_post_id_5606 classtoolTips1'>Registre national des lieux historiques<\/span>. La consultation avec le Bureau de pr\u00e9servation historique de l&#039;\u00c9tat (SHPO) a conclu que le projet n&#039;aurait aucun impact sur la ressource et n&#039;a recommand\u00e9 aucune mesure pour sa protection. Cependant, le pont ne fait pas partie du projet. Une consultation plus approfondie avec le SHPO est n\u00e9cessaire si le projet pr\u00e9voit des travaux de construction ou des travaux de perturbation du sol.<\/p>\n<p>Les ressources r\u00e9cr\u00e9atives du projet comprennent un parcours de portage en canot avec aire de pique-nique, stationnement, signalisation et points de mise \u00e0 l&#039;eau en amont et en aval. L&#039;acc\u00e8s public est gratuit, dans les limites de s\u00e9curit\u00e9.<\/p>\n<hr \/>\n<h3>\u00c9tat de conformit\u00e9<\/h3>\n<p><strong>Il n&#039;existe aucune condition sp\u00e9cifique \u00e0 l&#039;\u00e9tablissement dans le certificat actuel<\/strong><\/p>\n<p><strong>2026:<\/strong> Aucun changement important ni probl\u00e8me de conformit\u00e9 n&#039;ont \u00e9t\u00e9 identifi\u00e9s. Le projet reste conforme sur la base de l&#039;examen annuel.<\/p>\n<p><strong>2025:<\/strong> Aucun changement important ni probl\u00e8me de conformit\u00e9 n&#039;a \u00e9t\u00e9 identifi\u00e9. Le projet demeure conforme suite \u00e0 l&#039;examen annuel. Un \u00e9cart mineur et de courte dur\u00e9e concernant la retenue des eaux a \u00e9t\u00e9 signal\u00e9, non consid\u00e9r\u00e9 comme une violation des r\u00e8gles de la FERC.<\/p>\n<p><strong>2024:<\/strong> Aucun changement important ni probl\u00e8me de conformit\u00e9 n&#039;a \u00e9t\u00e9 identifi\u00e9. Le projet demeure conforme suite \u00e0 l&#039;examen annuel. Le projet a modifi\u00e9 le bassin de plong\u00e9e du passage des anguilles en aval en 2023 et pr\u00e9voit des r\u00e9parations du passage des anguilles en amont suite \u00e0 une inspection de l&#039;USFWS. Le projet a signal\u00e9 deux \u00e9carts de d\u00e9bit mineurs et \u00e0 court terme, dont l&#039;un a \u00e9t\u00e9 consid\u00e9r\u00e9 comme une infraction \u00e0 la FERC.<\/p>\n<p><strong>2023:<\/strong> Aucun changement important ni probl\u00e8me de conformit\u00e9 n&#039;a \u00e9t\u00e9 identifi\u00e9. Le projet demeure conforme suite \u00e0 l&#039;examen annuel. Le projet modifiera le bassin de plong\u00e9e du passage des anguilles en aval en 2023, suite \u00e0 une inspection de l&#039;USFWS.<\/p>\n<p><strong>2022:<\/strong> Aucun changement important ni probl\u00e8me de conformit\u00e9 n&#039;ont \u00e9t\u00e9 identifi\u00e9s. Le projet reste conforme sur la base de l&#039;examen annuel.<\/p>\n<p><strong>2021:<\/strong> Aucun changement ni probl\u00e8me de conformit\u00e9 n&#039;a \u00e9t\u00e9 signal\u00e9. Le projet reste conforme sur la base de l&#039;examen annuel.<\/p>\n<p><strong>2020:<\/strong> Aucun changement ni probl\u00e8me de conformit\u00e9 n&#039;a \u00e9t\u00e9 signal\u00e9. Le projet reste conforme sur la base de l&#039;examen annuel.<\/p>\n<p><strong>2019:<\/strong> Le rapport annuel pour le certificat actuel n\u2019est pas encore entr\u00e9 en vigueur.<\/p>\n<hr \/>\n<h3>Historique des certifications<\/h3>\n<p><strong>1er janvier 2022 :<\/strong> La dur\u00e9e du certificat LIHI a \u00e9t\u00e9 prolong\u00e9e conform\u00e9ment \u00e0 la r\u00e9vision 2.05 du manuel de certification LIHI 2e \u00e9dition publi\u00e9 le 1er janvier 2022. Reportez-vous au tableau des \u00e9tablissements ci-dessus pour conna\u00eetre la nouvelle dur\u00e9e.<\/p>\n<p><strong>13 ao\u00fbt 2019 :<\/strong> La d\u00e9cision de certifier le projet hydro\u00e9lectrique de Yaleville est d\u00e9finitive. Aucun appel n&#039;a \u00e9t\u00e9 re\u00e7u pendant la p\u00e9riode d&#039;appel, cl\u00f4tur\u00e9e le 9 ao\u00fbt 2019. La nouvelle p\u00e9riode de certification du projet s&#039;\u00e9tend du 26 avril 2019 au 25 avril 2024.<\/p>\n<p><strong>10 juillet 2019 : <\/strong>Le Low Impact Hydropower Institute a approuv\u00e9 de mani\u00e8re pr\u00e9liminaire la certification \u00e0 faible impact pour le projet hydro\u00e9lectrique de Yaleville.<\/p>\n<p>Cette d\u00e9cision est pr\u00e9liminaire en attendant la p\u00e9riode d&#039;appel de 30 jours. Seuls ceux qui ont comment\u00e9 la demande initiale pendant la p\u00e9riode de commentaires de 60 jours sont \u00e9ligibles pour d\u00e9poser un appel. Un tel appel doit inclure une explication sur la raison pour laquelle le projet ne r\u00e9pond pas aux crit\u00e8res du LIHI. Les demandes d&#039;appel peuvent \u00eatre soumises par courrier \u00e9lectronique \u00e0 <a href=\"mailto:comments@lowimpacthydro.org\">comments@lowimpacthydro.org<\/a> avec \u00ab\u00a0Projet hydro\u00e9lectrique de Yaleville\u00a0\u00bb en objet, ou par courrier adress\u00e9 au Low Impact Hydropower Institute, 329 Massachusetts Ave, Suite 6, Lexington, MA 02420. Toutes les demandes seront publi\u00e9es sur le site web. Le demandeur aura la possibilit\u00e9 de r\u00e9pondre, et toute r\u00e9ponse sera \u00e9galement publi\u00e9e. <strong>Les demandes doivent \u00eatre re\u00e7ues avant 17 h, heure de l\u2019Est, le 9 ao\u00fbt 2019.\u00a0 <\/strong>Le dossier complet et le rapport des \u00e9valuateurs sont disponibles ci-dessous.<\/p>\n<p>Si aucune demande d&#039;appel n&#039;est re\u00e7ue et que la d\u00e9cision devient d\u00e9finitive, la p\u00e9riode de certification du projet (en attente de LIHI #157) sera le 26 avril 2019 pour une dur\u00e9e de cinq (5) ans, qui expirera le 25 avril 2024.<\/p>\n<p><strong>1er mai 2019 : <\/strong>Le Low Impact Hydropower Institute a re\u00e7u une demande compl\u00e8te de certification \u00e0 faible impact pour le projet hydro\u00e9lectrique de Yaleville. Le LIHI sollicite les commentaires du public sur cette demande. Plus pr\u00e9cis\u00e9ment, nous souhaitons savoir si, selon vous, le projet r\u00e9pond aux crit\u00e8res de certification \u00e0 faible impact du LIHI, tels que r\u00e9vis\u00e9s dans la 2e \u00e9dition du manuel. Veuillez consulter le programme et les crit\u00e8res dans la version r\u00e9vis\u00e9e du LIHI.\u00a0<a href=\"https:\/\/lowimpacthydro.org\/wp-content\/uploads\/2020\/07\/2nd-edition-handbook-20160315-rev2.02-7-20-16.pdf\">Manuel<\/a><a href=\"https:\/\/lowimpacthydro.org\/wp-content\/uploads\/2020\/07\/2nd-edition-handbook-20160315-rev2.02-7-20-16.pdf\">\u00a0<\/a>et consultez ensuite les documents de candidature du projet ci-dessous.<\/p>\n<p>Commentaires directement li\u00e9s \u00e0 des crit\u00e8res sp\u00e9cifiques du LIHI (d\u00e9bits, qualit\u00e9 de l&#039;eau, <span class='tooltipsall tooltip_post_id_5566 classtoolTips59'>passage des poissons<\/span>, etc.) seront tr\u00e8s utiles, mais tous les commentaires seront pris en compte. Les commentaires peuvent \u00eatre soumis \u00e0 l&#039;Institut par courrier \u00e9lectronique \u00e0 l&#039;adresse\u00a0<a href=\"mailto:comments@lowimpacthydro.org\">comments@lowimpacthydro.org<\/a>\u00a0avec \u00ab\u00a0Commentaires sur le projet Yaleville\u00a0\u00bb dans l&#039;objet, ou par courrier adress\u00e9 au Low Impact Hydropower Institute, 329 Massachusetts Avenue, Suite 6, Lexington, MA 02420.\u00a0 <strong>Les commentaires doivent \u00eatre re\u00e7us au plus tard \u00e0 17 h, heure de l&#039;Est, le 30 juin 2019.<\/strong>\u00a0\u00e0 prendre en consid\u00e9ration. Tous les commentaires seront publi\u00e9s sur le site Web et le candidat aura la possibilit\u00e9 d&#039;y r\u00e9pondre. Toute r\u00e9ponse sera \u00e9galement publi\u00e9e.<\/p>\n<hr \/>\n<h3>Dossiers de certification<\/h3>\n<h4>Certification 2019<\/h4>\n<ul style=\"color: black;\">\n<li><a href=\"https:\/\/lowimpacthydro.org\/wp-content\/uploads\/2020\/07\/Yaleville-Certification-Review.pdf\">Rapport d&#039;examen de la certification de Yaleville<\/a><\/li>\n<li><a href=\"https:\/\/lowimpacthydro.org\/wp-content\/uploads\/2020\/07\/Yaleville-LIHI-Application-Final.pdf\">Demande de certification de Yaleville<\/a><\/li>\n<\/ul>\n<hr \/>\n<h3>Documents cl\u00e9s<\/h3>\n<ul>\n<li><a href=\"https:\/\/lowimpacthydro.org\/wp-content\/uploads\/2020\/12\/2017-Yaleville-FERC-amendment.pdf\">Modification de la licence FERC de Yaleville 2017<\/a><\/li>\n<li><a href=\"https:\/\/lowimpacthydro.org\/wp-content\/uploads\/2020\/12\/1994-Yaleville-FERC-amendment.pdf\">Modification de la licence FERC de Yaleville 1994<\/a><\/li>\n<li><a href=\"https:\/\/lowimpacthydro.org\/wp-content\/uploads\/2020\/12\/1992-Yaleville-FERC-license-and-EA.pdf\">Licence et \u00e9valuation environnementale de la FERC de Yaleville 1992<\/a><\/li>\n<\/ul>","protected":false},"excerpt":{"rendered":"<p>Project Name Yaleville LIHI Certificate No. 157 LIHI Certificate Term April 26, 2019 &#8211; April 25, 2029 Owner Erie Boulevard Hydropower, LP, a subsidiary of Brookfield<span class=\"excerpt-hellip\"> [\u2026]<\/span><\/p>\n","protected":false},"author":3,"featured_media":-1,"parent":0,"menu_order":0,"comment_status":"closed","ping_status":"closed","template":"","meta":{"_coblocks_attr":"","_coblocks_dimensions":"","_coblocks_responsive_height":"","_coblocks_accordion_ie_support":"","om_disable_all_campaigns":false,"_monsterinsights_skip_tracking":false,"_monsterinsights_sitenote_active":false,"_monsterinsights_sitenote_note":"","_monsterinsights_sitenote_category":0,"footnotes":""},"class_list":["post-618","page","type-page","status-publish","has-post-thumbnail","hentry"],"aioseo_notices":[],"_links":{"self":[{"href":"https:\/\/lowimpacthydro.org\/fr\/wp-json\/wp\/v2\/pages\/618","targetHints":{"allow":["GET"]}}],"collection":[{"href":"https:\/\/lowimpacthydro.org\/fr\/wp-json\/wp\/v2\/pages"}],"about":[{"href":"https:\/\/lowimpacthydro.org\/fr\/wp-json\/wp\/v2\/types\/page"}],"author":[{"embeddable":true,"href":"https:\/\/lowimpacthydro.org\/fr\/wp-json\/wp\/v2\/users\/3"}],"replies":[{"embeddable":true,"href":"https:\/\/lowimpacthydro.org\/fr\/wp-json\/wp\/v2\/comments?post=618"}],"version-history":[{"count":11,"href":"https:\/\/lowimpacthydro.org\/fr\/wp-json\/wp\/v2\/pages\/618\/revisions"}],"predecessor-version":[{"id":10482,"href":"https:\/\/lowimpacthydro.org\/fr\/wp-json\/wp\/v2\/pages\/618\/revisions\/10482"}],"wp:featuredmedia":[{"embeddable":true,"href":"https:\/\/lowimpacthydro.org\/fr\/wp-json\/"}],"wp:attachment":[{"href":"https:\/\/lowimpacthydro.org\/fr\/wp-json\/wp\/v2\/media?parent=618"}],"curies":[{"name":"wp","href":"https:\/\/api.w.org\/{rel}","templated":true}]}}