{"id":612,"date":"2020-07-16T00:38:14","date_gmt":"2020-07-16T04:38:14","guid":{"rendered":"https:\/\/lowimpacthydro.org\/new\/?page_id=612"},"modified":"2026-04-09T14:07:42","modified_gmt":"2026-04-09T18:07:42","slug":"lihi-certificate-158-chasm-hydroelectric-project-new-york","status":"publish","type":"page","link":"https:\/\/lowimpacthydro.org\/fr\/lihi-certificate-158-chasm-hydroelectric-project-new-york\/","title":{"rendered":"Projet Chasm \u2013 Certificat LIHI #158, North Salmon River, NY"},"content":{"rendered":"<table class=\"alignright\" style=\"width: 351px; border: 2px; cellspacing: 2px; cellpadding: 2px; margin-left: 50px;\">\n<tbody>\n<tr>\n<td width=\"162\"><strong>Nom du projet<\/strong><\/td>\n<td width=\"165\">Gouffre<\/td>\n<\/tr>\n<tr>\n<td><strong>Num\u00e9ro de certificat LIHI<br \/>\n<\/strong><\/td>\n<td>158<\/td>\n<\/tr>\n<tr>\n<td><strong>Dur\u00e9e du certificat LIHI <\/strong><\/td>\n<td>26 avril 2019 \u2013 25 avril 2029<\/td>\n<\/tr>\n<tr>\n<td width=\"162\"><strong>Propri\u00e9taire<\/strong><\/td>\n<td width=\"165\">Erie Boulevard Hydropower, LP, une filiale de Brookfield Renewable Energy Group<\/td>\n<\/tr>\n<tr>\n<td width=\"162\"><strong>\u00c9tat<\/strong><\/td>\n<td width=\"165\">New York<\/td>\n<\/tr>\n<tr>\n<td width=\"162\"><strong>Emplacement<\/strong><\/td>\n<td width=\"165\">Mile 28,8 sur la rivi\u00e8re North Salmon<\/td>\n<\/tr>\n<tr>\n<td width=\"162\"><strong>Capacit\u00e9 install\u00e9e<\/strong><\/td>\n<td width=\"165\">3,35 MW<\/td>\n<\/tr>\n<tr>\n<td width=\"162\"><strong>G\u00e9n\u00e9ration annuelle moyenne<\/strong><\/td>\n<td width=\"165\">10 210 MWh<\/td>\n<\/tr>\n<tr>\n<td width=\"162\"><strong>Type d&#039;\u00e9tablissement<\/strong><\/td>\n<td width=\"165\">Au fil de l&#039;eau<\/td>\n<\/tr>\n<tr>\n<td width=\"162\"><strong><span class='tooltipsall tooltip_post_id_5565 classtoolTips152'>F\u00e9d\u00e9ration internationale de radio-t\u00e9l\u00e9vision (FERC)<\/span> Non.<\/strong><\/td>\n<td width=\"165\">P-7320 d\u00e9livr\u00e9 en 2015, expire le 31\/10\/2045<\/td>\n<\/tr>\n<\/tbody>\n<\/table>\n<p>Le projet Chasm est situ\u00e9 sur la rivi\u00e8re Salmon \u00ab\u00a0North\u00a0\u00bb (\u00e0 ne pas confondre avec la rivi\u00e8re Salmon du comt\u00e9 d&#039;Oswego), pr\u00e8s de la ville de Malone, dans le comt\u00e9 de Franklin, dans l&#039;\u00c9tat de New York. Il s&#039;agit du quatri\u00e8me projet hydro\u00e9lectrique en amont de l&#039;embouchure de la rivi\u00e8re. <span class='tooltipsall tooltip_post_id_5583 classtoolTips100'>sources<\/span> Dans les monts Adirondacks, la rivi\u00e8re coule sur environ 80 kilom\u00e8tres au nord-ouest jusqu&#039;\u00e0 sa confluence avec le fleuve Saint-Laurent, pr\u00e8s de Dundee, au Qu\u00e9bec. Le projet a \u00e9t\u00e9 initialement construit en 1913 dans le seul but de produire de l&#039;\u00e9nergie. Des am\u00e9liorations ont \u00e9t\u00e9 apport\u00e9es de 1938 \u00e0 1997, notamment l&#039;installation de selles de pipeline en acier, le remplacement du pipeline en acier et <span class='tooltipsall tooltip_post_id_5651 classtoolTips116'>d\u00e9versoir<\/span> stabilisation. D&#039;autres am\u00e9liorations ont \u00e9t\u00e9 apport\u00e9es \u00e0 la <span class='tooltipsall tooltip_post_id_5624 classtoolTips102'>centrale<\/span> y compris l&#039;installation d&#039;un mur de sout\u00e8nement de canal de fuite, de plusieurs nouvelles turbines et des mises \u00e0 jour des travaux de g\u00e9nie civil pour l&#039;installation d&#039;un nouveau <span class='tooltipsall tooltip_post_id_5656 classtoolTips92'>sous-station<\/span>Il existe plusieurs autres barrages sur la rivi\u00e8re Salmon, notamment le projet Mountain View en amont, et <a href=\"https:\/\/lowimpacthydro.org\/fr\/lihi-certificate-159-macomb-hydroelectric-project-new-york\/\">Projet Macomb (LIHI #159)<\/a>, Ballard Mill et Whittelsey Project, tous situ\u00e9s en aval.<\/p>\n<p>Le projet comprend : un <span class='tooltipsall tooltip_post_id_5545 classtoolTips158'>barrage<\/span>, d\u00e9versoir, prise d&#039;eau, acier <span class='tooltipsall tooltip_post_id_5619 classtoolTips124'>conduite forc\u00e9e<\/span>, centrale \u00e9lectrique, trois turbines, canal de fuite et bief contourn\u00e9.<\/p>\n<p>Le barrage de Chasm Falls est un barrage-poids en b\u00e9ton de 61 m\u00e8tres de long et de 9,8 m\u00e8tres de haut, comprenant un d\u00e9versoir de 30 m\u00e8tres de long. Une conduite d&#039;acier de 1\u00a0020 m\u00e8tres de long (d&#039;abord de 30 m\u00e8tres de long et 2,4 m\u00e8tres de diam\u00e8tre, puis de 620 m\u00e8tres de long et 2,1 m\u00e8tres de diam\u00e8tre, puis de 380 m\u00e8tres de long et 1,8 m\u00e8tre de diam\u00e8tre) achemine l&#039;eau du bassin de retenue jusqu&#039;\u00e0 la centrale. La conduite forc\u00e9e est en surface sur les 30 m\u00e8tres en aval de la prise d&#039;eau, puis enterr\u00e9e par la suite. La centrale comprend trois <span class='tooltipsall tooltip_post_id_5576 classtoolTips39'>Turbine Francis<\/span> Les unit\u00e9s totalisent une puissance install\u00e9e de 3,35 MW. Le canal de fuite mesure 268 m\u00e8tres de long et environ 6 m\u00e8tres de large. Le projet cr\u00e9e un tron\u00e7on contourn\u00e9 de 1470 m\u00e8tres de long. \u00c0 environ 150 m\u00e8tres en aval du confluent du tron\u00e7on contourn\u00e9 et du canal de fuite se trouve l&#039;aire de loisirs de Chasm Falls, une zone de fr\u00e9quentation diurne saisonni\u00e8re d\u00e9tenue et entretenue par le ma\u00eetre d&#039;ouvrage. Il existe \u00e9galement une zone d&#039;acc\u00e8s au tron\u00e7on contourn\u00e9 informel pr\u00e8s de la centrale.<\/p>\n<p>Le projet est exploit\u00e9 en <span class='tooltipsall tooltip_post_id_5643 classtoolTips52'>au fil de l&#039;eau<\/span> Le projet pr\u00e9voit un mode de fonctionnement et la mise en eau d&#039;un r\u00e9servoir de 22 acres. Le projet pr\u00e9voit des d\u00e9bits minimaux saisonniers\u00a0: 15 pi\u00b3\/s du 1er mai au 1er octobre et 23 pi\u00b3\/s du 2 octobre au 30 avril. Le rabattement du projet est limit\u00e9 \u00e0 0,25 pi \u00e0 partir de la cr\u00eate du barrage lorsque le d\u00e9bit de la rivi\u00e8re d\u00e9passe 85 pi\u00b3\/s. Lorsque le d\u00e9bit est inf\u00e9rieur \u00e0 85 pi\u00b3\/s, le rabattement du projet est limit\u00e9 \u00e0 0,1 pi \u00e0 partir de la cr\u00eate du barrage afin de soutenir les habitats en aval. Le projet pr\u00e9voit \u00e9galement un <span class='tooltipsall tooltip_post_id_5525 classtoolTips28'>d\u00e9bit de base<\/span> de 70 pi\u00b3\/s, ou du d\u00e9bit entrant du projet si inf\u00e9rieur, par les rejets de la centrale et les robinets \u00e0 d\u00e9bit minimum. Ce r\u00e9gime d&#039;\u00e9coulement a \u00e9t\u00e9 recommand\u00e9 par l&#039;USFWS et le D\u00e9partement de la protection de l&#039;environnement de l&#039;\u00c9tat de New York (NYSDEC).<\/p>\n<p>Les eaux dans la zone du projet sont d\u00e9sign\u00e9es comme \u00e9tant de classe C, g\u00e9r\u00e9es pour l&#039;habitat aquatique, la p\u00eache et les ressources primaires\/<span class='tooltipsall tooltip_post_id_5646 classtoolTips7'>loisirs de contact secondaire<\/span> le cas \u00e9ch\u00e9ant. Le projet est ex\u00e9cut\u00e9 dans le cadre d&#039;un plan de gestion des s\u00e9diments qui comprend des mesures visant \u00e0 minimiser le risque de rejets de s\u00e9diments susceptibles d&#039;avoir un impact sur l&#039;habitat et les populations en aval.<\/p>\n<p>Le projet est situ\u00e9 \u00e0 la barri\u00e8re hydraulique naturelle des chutes Chasm. Les tron\u00e7ons amont et aval sont g\u00e9r\u00e9s comme des p\u00eacheries distinctes, et aucun passage n&#039;est n\u00e9cessaire. Les esp\u00e8ces riveraines r\u00e9sidentes en amont du projet comprennent le meunier noir, l&#039;achigan \u00e0 petite bouche et la perchaude. Les tron\u00e7ons aval abritent l&#039;omble de fontaine sauvage, la truite brune, le naseux des rapides, le bec-de-li\u00e8vre, le naseux noir, le chabot visqueux et le mulet \u00e0 cornes. Des grilles \u00e0 d\u00e9chets espac\u00e9es de 2,5 cm emp\u00eachent la migration. <span class='tooltipsall tooltip_post_id_5558 classtoolTips77'>entra\u00eenement<\/span> dans la conduite forc\u00e9e et la centrale \u00e9lectrique du projet.<\/p>\n<p>Le terrain du projet s&#039;\u00e9tend sur environ 16 hectares. Les terres environnantes comprennent principalement des r\u00e9sidences dispers\u00e9es, des aires de loisirs priv\u00e9es, des camps d&#039;\u00e9t\u00e9 et des for\u00eats g\u00e9r\u00e9es pour la production foresti\u00e8re et les loisirs. La for\u00eat domaniale de Titusville Mountain est adjacente au bassin de retenue du projet. Les consultations avec le programme du patrimoine naturel du NYSDEC indiquent qu&#039;aucune terre de valeur \u00e9cologique significative n&#039;existe dans la zone du projet ou \u00e0 proximit\u00e9. La r\u00e9duction des fluctuations de marnage du site du projet contribue \u00e0 la protection de l&#039;environnement. <span class='tooltipsall tooltip_post_id_5670 classtoolTips125'>zone humide<\/span>, <span class='tooltipsall tooltip_post_id_5635 classtoolTips115'>riverain<\/span>, et l&#039;habitat littoral et minimiser l&#039;\u00e9rosion \u00e0 proximit\u00e9 du projet. Le projet est \u00e9galement soumis \u00e0 un plan de gestion des esp\u00e8ces envahissantes comprenant des dispositions pour la gestion de la v\u00e9g\u00e9tation, les op\u00e9rations de construction, ainsi que l&#039;inspection et l&#039;\u00e9limination des esp\u00e8ces aquatiques envahissantes susceptibles d&#039;adh\u00e9rer aux bateaux et remorques du projet.<\/p>\n<p>Parmi les esp\u00e8ces menac\u00e9es ou en voie de disparition potentiellement pr\u00e9sentes \u00e0 proximit\u00e9 du projet figure le vespertilion nordique. Il n&#039;existe aucun habitat essentiel pour cette esp\u00e8ce et le projet est conforme \u00e0 la r\u00e8gle 4(d) de l&#039;USFWS concernant la protection du vespertilion nordique. Cette r\u00e8gle limite le d\u00e9boisement du 1er juin au 31 juillet afin de prot\u00e9ger l&#039;habitat potentiel des individus migrateurs.<\/p>\n<p>Les biens historiques de la zone du projet comprennent le site de l&#039;usine de p\u00e2te \u00e0 papier des Adirondacks, situ\u00e9 le long du tron\u00e7on contourn\u00e9 du projet. Ce site est constitu\u00e9 des vestiges d&#039;une ancienne scierie, transform\u00e9e ult\u00e9rieurement en usine de p\u00e2te \u00e0 papier. Un plan de gestion des biens historiques a \u00e9t\u00e9 \u00e9labor\u00e9 pour le projet en collaboration avec le Bureau de pr\u00e9servation historique de l&#039;\u00c9tat, le Service des parcs nationaux et la tribu mohawk de St. Regis. Ce plan comprend des dispositions visant \u00e0 assurer la bonne gestion des ressources historiques et culturelles \u00e0 proximit\u00e9 du projet.<\/p>\n<p>Les ressources r\u00e9cr\u00e9atives de la zone du projet comprennent l&#039;aire de loisirs de Chasm Falls, avec son parking et son sentier d&#039;acc\u00e8s \u00e0 la rivi\u00e8re, une zone de p\u00eache am\u00e9nag\u00e9e, ainsi que des tables de pique-nique et un acc\u00e8s pour les p\u00eacheurs et les plaisanciers au parc comm\u00e9moratif William A. King en amont. L&#039;acc\u00e8s public est gratuit.<\/p>\n<hr \/>\n<h3>\u00c9tat de conformit\u00e9<\/h3>\n<p><strong>Il n&#039;existe aucune condition sp\u00e9cifique \u00e0 l&#039;\u00e9tablissement dans le certificat actuel<\/strong><\/p>\n<p><strong>2026:<\/strong> Aucun changement important ni probl\u00e8me de conformit\u00e9 n&#039;ont \u00e9t\u00e9 relev\u00e9s. Le projet demeure conforme suite \u00e0 l&#039;examen annuel. Des \u00e9carts mineurs dus au givrage ont \u00e9t\u00e9 signal\u00e9s.<\/p>\n<p><strong>2025:<\/strong> Aucun changement important ni probl\u00e8me de conformit\u00e9 n&#039;a \u00e9t\u00e9 identifi\u00e9. Le projet demeure conforme suite \u00e0 l&#039;examen annuel. Deux \u00e9carts mineurs li\u00e9s au givrage ont \u00e9t\u00e9 signal\u00e9s.<\/p>\n<p><strong>2024:<\/strong> Aucun changement important ni probl\u00e8me de conformit\u00e9 n&#039;a \u00e9t\u00e9 identifi\u00e9. Le projet demeure conforme suite \u00e0 l&#039;examen annuel. De nombreux \u00e9carts mineurs li\u00e9s \u00e0 l&#039;accumulation de d\u00e9bris \u00e0 fort d\u00e9bit, aux d\u00e9clenchements d&#039;unit\u00e9s en amont et aux d\u00e9clenchements de lignes de transport ont \u00e9t\u00e9 signal\u00e9s, aucun de ces incidents ne constituant une violation des normes de la FERC.<\/p>\n<p><strong>2023:<\/strong> Aucun changement important ni probl\u00e8me de conformit\u00e9 n&#039;a \u00e9t\u00e9 identifi\u00e9. Le projet demeure conforme suite \u00e0 l&#039;examen annuel. Des \u00e9carts mineurs li\u00e9s au givrage ont \u00e9t\u00e9 signal\u00e9s, mais aucun ne constituait une infraction aux normes de la FERC.<strong>2023:<\/strong> Aucun changement important ni probl\u00e8me de conformit\u00e9 n&#039;a \u00e9t\u00e9 identifi\u00e9. Le projet demeure conforme suite \u00e0 l&#039;examen annuel. Des \u00e9carts mineurs li\u00e9s au givrage ont \u00e9t\u00e9 signal\u00e9s, mais aucun ne constituait une infraction aux normes de la FERC.<\/p>\n<p><strong>2022:<\/strong> Aucun changement important n&#039;a \u00e9t\u00e9 constat\u00e9. Le projet a signal\u00e9 des \u00e9carts de niveau de retenue, dont certains constituaient des violations des normes de la FERC, mais ont depuis \u00e9t\u00e9 r\u00e9solus. Le projet modernise les syst\u00e8mes des installations afin d&#039;am\u00e9liorer la gestion du niveau de retenue. Le projet demeure conforme \u00e0 l&#039;examen annuel.<\/p>\n<p><strong>2021:<\/strong> Aucun changement ni probl\u00e8me de conformit\u00e9 n&#039;a \u00e9t\u00e9 signal\u00e9. Le projet reste conforme sur la base de l&#039;examen annuel.<\/p>\n<p><strong>2020:<\/strong> Aucun changement ni probl\u00e8me de conformit\u00e9 n&#039;a \u00e9t\u00e9 signal\u00e9. Le projet reste conforme sur la base de l&#039;examen annuel.<\/p>\n<p><strong>2019:<\/strong> Le rapport annuel pour le certificat actuel n\u2019est pas encore entr\u00e9 en vigueur.<\/p>\n<hr \/>\n<h3>Historique des certifications<\/h3>\n<p><strong>1er janvier 2022 :<\/strong> La dur\u00e9e du certificat LIHI a \u00e9t\u00e9 prolong\u00e9e conform\u00e9ment \u00e0 la r\u00e9vision 2.05 du manuel de certification LIHI 2e \u00e9dition publi\u00e9 le 1er janvier 2022. Reportez-vous au tableau des \u00e9tablissements ci-dessus pour conna\u00eetre la nouvelle dur\u00e9e.<\/p>\n<p><strong>4 septembre 2019 :<\/strong> La d\u00e9cision de certifier le projet hydro\u00e9lectrique Chasm est d\u00e9finitive. Aucun appel n&#039;a \u00e9t\u00e9 re\u00e7u pendant la p\u00e9riode d&#039;appel, qui s&#039;est termin\u00e9e le 22 ao\u00fbt 2019. La p\u00e9riode de certification du projet s&#039;\u00e9tend du 26 avril 2019 au 25 avril 2024.<\/p>\n<p><strong>22 juillet 2019 :<\/strong>Le Low Impact Hydropower Institute a approuv\u00e9 la certification \u00ab\u00a0faible impact\u00a0\u00bb pour le projet hydro\u00e9lectrique de Chasm. Cette d\u00e9cision est provisoire, dans l&#039;attente d&#039;un d\u00e9lai d&#039;appel de 30\u00a0jours. Seuls les participants ayant comment\u00e9 la demande initiale pendant ce d\u00e9lai de 60\u00a0jours sont autoris\u00e9s \u00e0 d\u00e9poser un recours. Ce recours doit inclure une explication expliquant en quoi le projet ne r\u00e9pond pas aux crit\u00e8res du LIHI. Les demandes de recours peuvent \u00eatre soumises par courriel \u00e0 l&#039;adresse suivante\u00a0: <a href=\"mailto:comments@lowimpacthydro.org\">comments@lowimpacthydro.org<\/a> avec \u00ab\u00a0Projet hydro\u00e9lectrique Chasm\u00a0\u00bb en objet, ou par courrier adress\u00e9 au Low Impact Hydropower Institute, 329 Massachusetts Ave, Suite 6, Lexington, MA 02420. Toutes les demandes seront publi\u00e9es sur le site web. Le demandeur aura la possibilit\u00e9 de r\u00e9pondre, et toute r\u00e9ponse sera \u00e9galement publi\u00e9e. <strong>Les demandes doivent \u00eatre re\u00e7ues avant 17 heures, heure de l\u2019Est, le 22 ao\u00fbt 2019.\u00a0 <\/strong>Le dossier complet et le rapport des \u00e9valuateurs sont disponibles ci-dessous. Si aucune demande d&#039;appel n&#039;est re\u00e7ue et que la d\u00e9cision devient d\u00e9finitive, la certification du projet (LIHI #158) sera accord\u00e9e le 26 avril 2019 pour une dur\u00e9e de cinq (5) ans, expirant le 25 avril 2024.<\/p>\n<p><strong>30 avril 2019 : <\/strong>Le Low Impact Hydropower Institute a re\u00e7u une demande compl\u00e8te de certification \u00e0 faible impact pour le projet hydro\u00e9lectrique Chasm. Le LIHI sollicite les commentaires du public sur cette demande. Plus pr\u00e9cis\u00e9ment, nous souhaitons savoir si, selon vous, le projet r\u00e9pond aux crit\u00e8res de certification \u00e0 faible impact du LIHI, tels que r\u00e9vis\u00e9s dans la 2e \u00e9dition du manuel. Veuillez consulter le programme et les crit\u00e8res dans la version r\u00e9vis\u00e9e du LIHI.\u00a0<a href=\"https:\/\/lowimpacthydro.org\/wp-content\/uploads\/2020\/07\/2nd-edition-handbook-20160315-rev2.02-7-20-16.pdf\">Manuel<\/a><a href=\"https:\/\/lowimpacthydro.org\/wp-content\/uploads\/2020\/07\/2nd-edition-handbook-20160315-rev2.02-7-20-16.pdf\">\u00a0<\/a>et examinez ensuite les documents de candidature du projet ci-dessous. Les commentaires directement li\u00e9s \u00e0 des crit\u00e8res LIHI sp\u00e9cifiques (d\u00e9bits, qualit\u00e9 de l&#039;eau, <span class='tooltipsall tooltip_post_id_5566 classtoolTips59'>passage des poissons<\/span>, etc.) seront tr\u00e8s utiles, mais tous les commentaires seront pris en compte. Les commentaires peuvent \u00eatre soumis \u00e0 l&#039;Institut par courrier \u00e9lectronique \u00e0 l&#039;adresse\u00a0<a href=\"mailto:comments@lowimpacthydro.org\">comments@lowimpacthydro.org<\/a>\u00a0avec \u00ab\u00a0Commentaires sur le projet Chasm\u00a0\u00bb dans la ligne d&#039;objet, ou par courrier adress\u00e9 au Low Impact Hydropower Institute, 329 Massachusetts Avenue, Suite 6, Lexington, MA 02420.\u00a0 <strong>Les commentaires doivent \u00eatre re\u00e7us au plus tard \u00e0 17 heures, heure de l&#039;Est, le 29 juin 2019.<\/strong>\u00a0\u00e0 prendre en consid\u00e9ration. Tous les commentaires seront publi\u00e9s sur le site Web et le candidat aura la possibilit\u00e9 d&#039;y r\u00e9pondre. Toute r\u00e9ponse sera \u00e9galement publi\u00e9e.<\/p>\n<hr \/>\n<h3>Dossiers de certification<\/h3>\n<h4>Certification 2019<\/h4>\n<ul style=\"color: black;\">\n<li><a href=\"https:\/\/lowimpacthydro.org\/wp-content\/uploads\/2020\/07\/Chasm-Certification-Review.pdf\">Rapport d&#039;examen de la certification Chasm<\/a><\/li>\n<li><a href=\"https:\/\/lowimpacthydro.org\/wp-content\/uploads\/2020\/07\/Chasm-LIHI-Application-Final.pdf\">Demande de certification Chasm<\/a><\/li>\n<li><a href=\"https:\/\/lowimpacthydro.org\/wp-content\/uploads\/2020\/12\/2012-Chasm-Sediment-Management-Plan.pdf\">Plan de gestion des s\u00e9diments du gouffre 2012<\/a><\/li>\n<\/ul>\n<hr \/>\n<h3>Documents cl\u00e9s<\/h3>\n<ul>\n<li><a href=\"https:\/\/lowimpacthydro.org\/wp-content\/uploads\/2020\/12\/2015-Chasm-FERC-license.pdf\">Licence FERC Chasm 2015<\/a><\/li>\n<li><a href=\"https:\/\/lowimpacthydro.org\/wp-content\/uploads\/2020\/12\/2015-Chasm-WQC.pdf\">Certificat de qualit\u00e9 de l&#039;eau de Chasm 2015<\/a><\/li>\n<li><a href=\"https:\/\/lowimpacthydro.org\/wp-content\/uploads\/2020\/12\/2015-Chasm-FERC-EA.pdf\">\u00c9valuation environnementale de Chasm FERC 2015<\/a><\/li>\n<li><a href=\"https:\/\/lowimpacthydro.org\/wp-content\/uploads\/2020\/12\/2015-Chasm-Settlement-Agreement.pdf\">Accord de r\u00e8glement de Chasm 2015<\/a><\/li>\n<\/ul>","protected":false},"excerpt":{"rendered":"<p>Project Name Chasm LIHI Certificate No. 158 LIHI Certificate Term April 26, 2019 &#8211; April 25, 2029 Owner Erie Boulevard Hydropower, LP, a subsidiary of Brookfield<span class=\"excerpt-hellip\"> [\u2026]<\/span><\/p>\n","protected":false},"author":3,"featured_media":-1,"parent":0,"menu_order":0,"comment_status":"closed","ping_status":"closed","template":"","meta":{"_coblocks_attr":"","_coblocks_dimensions":"","_coblocks_responsive_height":"","_coblocks_accordion_ie_support":"","om_disable_all_campaigns":false,"_monsterinsights_skip_tracking":false,"_monsterinsights_sitenote_active":false,"_monsterinsights_sitenote_note":"","_monsterinsights_sitenote_category":0,"footnotes":""},"class_list":["post-612","page","type-page","status-publish","has-post-thumbnail","hentry"],"aioseo_notices":[],"_links":{"self":[{"href":"https:\/\/lowimpacthydro.org\/fr\/wp-json\/wp\/v2\/pages\/612","targetHints":{"allow":["GET"]}}],"collection":[{"href":"https:\/\/lowimpacthydro.org\/fr\/wp-json\/wp\/v2\/pages"}],"about":[{"href":"https:\/\/lowimpacthydro.org\/fr\/wp-json\/wp\/v2\/types\/page"}],"author":[{"embeddable":true,"href":"https:\/\/lowimpacthydro.org\/fr\/wp-json\/wp\/v2\/users\/3"}],"replies":[{"embeddable":true,"href":"https:\/\/lowimpacthydro.org\/fr\/wp-json\/wp\/v2\/comments?post=612"}],"version-history":[{"count":16,"href":"https:\/\/lowimpacthydro.org\/fr\/wp-json\/wp\/v2\/pages\/612\/revisions"}],"predecessor-version":[{"id":10483,"href":"https:\/\/lowimpacthydro.org\/fr\/wp-json\/wp\/v2\/pages\/612\/revisions\/10483"}],"wp:featuredmedia":[{"embeddable":true,"href":"https:\/\/lowimpacthydro.org\/fr\/wp-json\/"}],"wp:attachment":[{"href":"https:\/\/lowimpacthydro.org\/fr\/wp-json\/wp\/v2\/media?parent=612"}],"curies":[{"name":"wp","href":"https:\/\/api.w.org\/{rel}","templated":true}]}}