{"id":606,"date":"2020-07-16T00:27:57","date_gmt":"2020-07-16T04:27:57","guid":{"rendered":"https:\/\/lowimpacthydro.org\/new\/?page_id=606"},"modified":"2026-04-09T14:30:18","modified_gmt":"2026-04-09T18:30:18","slug":"lihi-certificate-159-macomb-hydroelectric-project-new-york","status":"publish","type":"page","link":"https:\/\/lowimpacthydro.org\/fr\/lihi-certificate-159-macomb-hydroelectric-project-new-york\/","title":{"rendered":"Projet Macomb \u2013 Certificat LIHI #159, North Salmon River, NY"},"content":{"rendered":"<table class=\"alignright\" style=\"width: 351px; border: 2px; cellspacing: 2px; cellpadding: 2px; margin-left: 50px;\">\n<tbody>\n<tr>\n<td width=\"162\"><strong>Nom du projet<\/strong><\/td>\n<td width=\"165\">Macomb<\/td>\n<\/tr>\n<tr>\n<td><strong>Num\u00e9ro de certificat LIHI<br \/>\n<\/strong><\/td>\n<td>159<\/td>\n<\/tr>\n<tr>\n<td><strong>Dur\u00e9e du certificat LIHI<\/strong><\/td>\n<td>26 avril 2019 \u2013 25 avril 2029<\/td>\n<\/tr>\n<tr>\n<td width=\"162\"><strong>Propri\u00e9taire<\/strong><\/td>\n<td width=\"165\">Erie Boulevard Hydropower, LP, une filiale de Brookfield Renewable Energy Group<\/td>\n<\/tr>\n<tr>\n<td width=\"162\"><strong>\u00c9tat<\/strong><\/td>\n<td width=\"165\">New York<\/td>\n<\/tr>\n<tr>\n<td width=\"162\"><strong>Emplacement<\/strong><\/td>\n<td width=\"165\">Mille 17,3 sur la rivi\u00e8re North Salmon<\/td>\n<\/tr>\n<tr>\n<td width=\"162\"><strong>Capacit\u00e9 install\u00e9e<\/strong><\/td>\n<td width=\"165\">1,0 MW<\/td>\n<\/tr>\n<tr>\n<td width=\"162\"><strong>G\u00e9n\u00e9ration annuelle moyenne<\/strong><\/td>\n<td width=\"165\">6 200 MWh<\/td>\n<\/tr>\n<tr>\n<td width=\"162\"><strong>Type d&#039;\u00e9tablissement<\/strong><\/td>\n<td width=\"165\">Au fil de l&#039;eau<\/td>\n<\/tr>\n<tr>\n<td width=\"162\"><strong><span class='tooltipsall tooltip_post_id_5565 classtoolTips152'>F\u00e9d\u00e9ration internationale de radio-t\u00e9l\u00e9vision (FERC)<\/span> Non.<\/strong><\/td>\n<td width=\"165\">P-7321 d\u00e9livr\u00e9 en 2006, expire le 30\/11\/2041<\/td>\n<\/tr>\n<\/tbody>\n<\/table>\n<p>Le projet Macomb est le projet hydro\u00e9lectrique le plus en aval de la rivi\u00e8re Salmon \u00ab Nord \u00bb (\u00e0 ne pas confondre avec la rivi\u00e8re Salmon du comt\u00e9 d&#039;Oswego) dans la ville de Malone dans le comt\u00e9 de Franklin, \u00e0 New York. <span class='tooltipsall tooltip_post_id_5583 classtoolTips100'>sources<\/span> Dans les montagnes Adirondack, la rivi\u00e8re coule sur environ 50 milles au nord-ouest jusqu&#039;\u00e0 sa confluence avec le fleuve Saint-Laurent pr\u00e8s de Dundee, au Qu\u00e9bec. Le projet a \u00e9t\u00e9 construit \u00e0 l&#039;origine en 1899 dans le seul but de produire de l&#039;\u00e9nergie. Un deuxi\u00e8me <span class='tooltipsall tooltip_post_id_5624 classtoolTips102'>centrale<\/span> a \u00e9t\u00e9 construit en 1904 (High Falls No. 2) en amont de la centrale \u00e9lectrique d&#039;origine qui a ensuite \u00e9t\u00e9 retir\u00e9e en 1940. Plusieurs am\u00e9liorations ont \u00e9t\u00e9 apport\u00e9es entre 1940 et 1987. Il existe plusieurs autres barrages sur la rivi\u00e8re Salmon, notamment le projet Mountain View, <a href=\"https:\/\/lowimpacthydro.org\/fr\/lihi-certificate-158-chasm-hydroelectric-project-new-york\/\">Projet Chasm (LIHI #158)<\/a>, Ballard Mill et le projet Whittelsey, tous en amont de Macomb.<\/p>\n<p>Le projet comprend : une <span class='tooltipsall tooltip_post_id_5545 classtoolTips158'>barrage<\/span>, int\u00e9gr\u00e9 <span class='tooltipsall tooltip_post_id_5651 classtoolTips116'>d\u00e9versoir<\/span>, <span class='tooltipsall tooltip_post_id_5619 classtoolTips124'>conduite forc\u00e9e<\/span>, deux structures d&#039;admission, centrale \u00e9lectrique, <span class='tooltipsall tooltip_post_id_5554 classtoolTips97'>tube d&#039;aspiration<\/span>, et une turbine.<\/p>\n<p>Le barrage est un barrage en b\u00e9ton \u00e0 d\u00e9bordement par gravit\u00e9, long de 32 m\u00e8tres et haut de 9,8 m\u00e8tres. Deux structures de prise d&#039;eau en pierre sont recouvertes de b\u00e9ton, une situ\u00e9e \u00e0 chaque extr\u00e9mit\u00e9 du barrage, positionn\u00e9e \u00e0 90 degr\u00e9s par rapport au d\u00e9versoir. La structure de prise d&#039;eau sur la rive droite de la rivi\u00e8re (en regardant vers l&#039;aval) se compose d&#039;une vanne coulissante en acier \u00e0 commande manuelle \u00e0 l&#039;extr\u00e9mit\u00e9 amont d&#039;un tuyau de 1,8 m\u00e8tre de diam\u00e8tre qui se d\u00e9verse imm\u00e9diatement en aval du barrage. La structure de prise d&#039;eau de 11,5 m\u00e8tres de long et 7,6 m\u00e8tres de haut le long de la rive gauche de la rivi\u00e8re est dot\u00e9e d&#039;une vanne coulissante en acier \u00e0 commande manuelle. Lorsqu&#039;elle est ouverte, le d\u00e9bit passe \u00e0 travers la vanne vers une conduite forc\u00e9e en acier rivet\u00e9e \u00e0 vanne de 2 m\u00e8tres de diam\u00e8tre et de 18 m\u00e8tres de long qui m\u00e8ne \u00e0 la centrale \u00e9lectrique. La prise d&#039;eau est dot\u00e9e de grilles \u00e0 d\u00e9chets avec un espacement libre de 2,5 cm toute l&#039;ann\u00e9e. La centrale \u00e9lectrique contient une seule unit\u00e9 Francis horizontale d&#039;une capacit\u00e9 install\u00e9e de 1,0 MW. La prise d&#039;eau et la conduite forc\u00e9e cr\u00e9ent une courte port\u00e9e contourn\u00e9e, d&#039;environ 30 m\u00e8tres de long.<\/p>\n<p>Le projet consiste \u00e0 mettre en eau un bassin de retenue de 14 acres connu sous le nom de lac Lamica. Le projet fonctionne en mode puls\u00e9 lorsque le d\u00e9bit de la rivi\u00e8re d\u00e9passe 125 pi3\/s. Des efforts sont faits pour maintenir les fluctuations du bassin de retenue \u00e0 moins de 0,25 pied de la cr\u00eate du barrage. Le projet fonctionne en mode au fil de l&#039;eau lorsque le d\u00e9bit de la rivi\u00e8re est de 125 pi3\/s ou moins. Ce r\u00e9gime d&#039;\u00e9coulement a \u00e9t\u00e9 \u00e9labor\u00e9 en consultation avec l&#039;USFWS et le D\u00e9partement de la conservation de l&#039;environnement de l&#039;\u00c9tat de New York (NYSDEC).<\/p>\n<p>Les eaux du projet sont d\u00e9sign\u00e9es comme des eaux de classe C, mieux utilis\u00e9es pour la p\u00eache, la propagation des poissons et les eaux primaires\/<span class='tooltipsall tooltip_post_id_5646 classtoolTips7'>loisirs secondaires<\/span> le cas \u00e9ch\u00e9ant. Le projet est ex\u00e9cut\u00e9 dans le cadre d&#039;un plan de gestion des s\u00e9diments qui vise \u00e0 minimiser le risque de rejet de s\u00e9diments qui pourraient avoir un impact sur l&#039;habitat et les populations en aval.<\/p>\n<p>Le projet est situ\u00e9 sur le site d&#039;une chute naturelle qui a historiquement cr\u00e9\u00e9 une barri\u00e8re hydraulique, emp\u00eachant <span class='tooltipsall tooltip_post_id_5518 classtoolTips36'>poisson anadrome<\/span> de passer \u00e0 c\u00f4t\u00e9 du projet. Bien que la rivi\u00e8re Salmon ait autrefois abrit\u00e9 des migrations d&#039;eau douce de dor\u00e9s, de maskinong\u00e9s et de grands brochets, la communaut\u00e9 de poissons actuelle du lac Lamica se compose d&#039;esp\u00e8ces de poissons d&#039;eau chaude comme l&#039;achigan et la barbotte, ainsi que de truites brunes et arc-en-ciel, pr\u00e9sentes via l&#039;empoissonnement. Le minist\u00e8re am\u00e9ricain de l&#039;Int\u00e9rieur n&#039;a pas pr\u00e9vu de <span class='tooltipsall tooltip_post_id_5566 classtoolTips59'>passage des poissons<\/span> prescription pour le projet. Des grilles \u00e0 d\u00e9chets espac\u00e9es de 1 pouce emp\u00eachent <span class='tooltipsall tooltip_post_id_5558 classtoolTips77'>entra\u00eenement<\/span> et un tube d&#039;empoissonnement permet au NYSDEC d&#039;empoissonner les truites directement dans le canal de fuite.<\/p>\n<p>Les terrains du projet s&#039;\u00e9tendent sur environ 9 acres. Les utilisations des terres \u00e0 proximit\u00e9 du projet sont principalement r\u00e9sidentielles \u00e0 faible densit\u00e9, commerciales, r\u00e9cr\u00e9atives, agricoles et foresti\u00e8res. La limite de fluctuation du r\u00e9servoir de 0,25 pieds permet de minimiser le potentiel d&#039;\u00e9rosion et de prot\u00e9ger <span class='tooltipsall tooltip_post_id_5670 classtoolTips125'>zone humide<\/span>, <span class='tooltipsall tooltip_post_id_5635 classtoolTips115'>riverain<\/span>et l&#039;habitat littoral \u00e0 proximit\u00e9 du projet. Le projet effectue \u00e9galement des proc\u00e9dures de rin\u00e7age des s\u00e9diments lorsque les apports d\u00e9passent 700 pi3\/s en amont <a href=\"https:\/\/lowimpacthydro.org\/fr\/lihi-certificate-158-chasm-hydroelectric-project-new-york\/\">Projet Chasm<\/a>.<\/p>\n<p>Les esp\u00e8ces menac\u00e9es ou en voie de disparition potentiellement pr\u00e9sentes dans les environs du projet comprennent la chauve-souris nordique \u00e0 longues oreilles. D&#039;apr\u00e8s les consultations men\u00e9es aupr\u00e8s du programme du patrimoine naturel du NYSDEC, il n&#039;existe aucun habitat critique ni aucune esp\u00e8ce r\u00e9pertori\u00e9e dans la zone du projet. Les op\u00e9rations du projet doivent \u00eatre conformes \u00e0 la r\u00e8gle 4(d) de l&#039;USFWS concernant la protection de la chauve-souris nordique \u00e0 longues oreilles, qui limite les activit\u00e9s de d\u00e9frichage des arbres du 1er juin au 31 juillet.<\/p>\n<p>Les propri\u00e9t\u00e9s historiques de la zone du projet comprennent les ruines de la centrale \u00e9lectrique High Falls No.1 ainsi que le barrage, la centrale \u00e9lectrique, la gu\u00e9rite et les prises d&#039;eau du projet. Le propri\u00e9taire du projet a collabor\u00e9 avec le State Historic Preservation Office (SHPO) pour \u00e9laborer des mesures d&#039;att\u00e9nuation afin de garantir la pr\u00e9servation ad\u00e9quate des ressources culturelles et historiques. <span class='tooltipsall tooltip_post_id_5588 classtoolTips83'>Mise en fourri\u00e8re<\/span> les limites de fluctuation aident \u00e0 att\u00e9nuer les impacts et le projet soumet des rapports annuels au SHPO sur toutes les activit\u00e9s pertinentes \u00e0 la gestion des ressources.<\/p>\n<p>Les ressources r\u00e9cr\u00e9atives de la zone du projet comprennent une rampe de mise \u00e0 l&#039;eau sur le toit d&#039;une voiture, un sentier d&#039;acc\u00e8s pour les p\u00eacheurs en aval, une zone de p\u00eache c\u00f4ti\u00e8re et un sentier r\u00e9cr\u00e9atif. L&#039;acc\u00e8s public est gratuit.<\/p>\n<hr \/>\n<h3>\u00c9tat de conformit\u00e9<\/h3>\n<p><strong>Il n\u2019y a pas de conditions sp\u00e9cifiques \u00e0 l\u2019\u00e9tablissement dans le certificat actuel.<\/strong><\/p>\n<p><strong>2026:<\/strong> Aucun changement important ni probl\u00e8me de conformit\u00e9 n&#039;ont \u00e9t\u00e9 relev\u00e9s. Le projet demeure conforme suite \u00e0 l&#039;examen annuel. Des \u00e9carts mineurs de d\u00e9bit de base ont \u00e9t\u00e9 signal\u00e9s en raison de l&#039;accumulation de d\u00e9bris, du givrage, des arr\u00eats d&#039;unit\u00e9s et de probl\u00e8mes de surveillance informatique.<\/p>\n<p><strong>2025:<\/strong> Aucun changement important ni probl\u00e8me de conformit\u00e9 n&#039;a \u00e9t\u00e9 identifi\u00e9. Le projet demeure conforme suite \u00e0 l&#039;examen annuel. Des \u00e9carts mineurs du d\u00e9bit de base ont \u00e9t\u00e9 signal\u00e9s, dus \u00e0 l&#039;accumulation de d\u00e9bris, \u00e0 des d\u00e9clenchements d&#039;unit\u00e9s et \u00e0 des probl\u00e8mes de surveillance informatique.<\/p>\n<p><strong>2024:<\/strong> Aucun changement important ni probl\u00e8me de conformit\u00e9 n&#039;a \u00e9t\u00e9 identifi\u00e9. Le projet reste conforme sur la base de l&#039;examen annuel. Le projet a signal\u00e9 des \u00e9carts mineurs du d\u00e9bit de base dus \u00e0 l&#039;accumulation de d\u00e9bris, aux d\u00e9clenchements de transmission ou d&#039;unit\u00e9 et aux probl\u00e8mes de surveillance informatique, qui ne constituaient pas des violations de la FERC. Tous les probl\u00e8mes autres que l&#039;accumulation in\u00e9vitable de d\u00e9bris dans les grilles \u00e0 d\u00e9chets ont \u00e9t\u00e9 corrig\u00e9s.<\/p>\n<p><strong>2023:<\/strong> Aucun changement important ni probl\u00e8me de conformit\u00e9 n&#039;a \u00e9t\u00e9 identifi\u00e9. Le projet reste conforme sur la base de l&#039;examen annuel. Le projet a signal\u00e9 des \u00e9carts mineurs du d\u00e9bit de base en raison de l&#039;accumulation de d\u00e9bris ou de la formation de glace, dont aucun ne constituait une violation de la FERC.<\/p>\n<p><strong>2022:<\/strong> Aucun changement important ni probl\u00e8me de conformit\u00e9 n&#039;ont \u00e9t\u00e9 identifi\u00e9s. Le projet reste conforme sur la base de l&#039;examen annuel.<\/p>\n<p><strong>2021:<\/strong> Aucun changement ni probl\u00e8me de conformit\u00e9 n&#039;a \u00e9t\u00e9 signal\u00e9. Le projet reste conforme sur la base de l&#039;examen annuel.<\/p>\n<p><strong>2020:<\/strong> Aucun changement ni probl\u00e8me de conformit\u00e9 n&#039;a \u00e9t\u00e9 signal\u00e9. Le projet reste conforme sur la base de l&#039;examen annuel.<\/p>\n<p><strong>2019:<\/strong> Le rapport annuel pour le certificat actuel n\u2019est pas encore entr\u00e9 en vigueur.<\/p>\n<hr \/>\n<h3>Historique des certifications<\/h3>\n<p><strong>1er janvier 2022 :<\/strong> La dur\u00e9e du certificat LIHI a \u00e9t\u00e9 prolong\u00e9e conform\u00e9ment \u00e0 la r\u00e9vision 2.05 du manuel de certification LIHI 2e \u00e9dition publi\u00e9 le 1er janvier 2022. Reportez-vous au tableau des \u00e9tablissements ci-dessus pour conna\u00eetre la nouvelle dur\u00e9e.<\/p>\n<p><strong>4 septembre 2019 :<\/strong> La d\u00e9cision de certifier le projet hydro\u00e9lectrique de Macomb est d\u00e9finitive. Aucun appel n&#039;a \u00e9t\u00e9 re\u00e7u pendant la p\u00e9riode d&#039;appel qui a pris fin le 22 ao\u00fbt 2019. La p\u00e9riode de certification du projet s&#039;\u00e9tend du 26 avril 2019 au 25 avril 2024.<\/p>\n<p><strong>22 juillet 2019 : <\/strong>Le Low Impact Hydropower Institute a approuv\u00e9 de mani\u00e8re pr\u00e9liminaire la certification \u00e0 faible impact pour le projet hydro\u00e9lectrique de Macomb.<\/p>\n<p>Cette d\u00e9cision est pr\u00e9liminaire en attendant la p\u00e9riode d&#039;appel de 30 jours. Seuls ceux qui ont comment\u00e9 la demande initiale pendant la p\u00e9riode de commentaires de 60 jours sont \u00e9ligibles pour d\u00e9poser un appel. Un tel appel doit inclure une explication sur la raison pour laquelle le projet ne r\u00e9pond pas aux crit\u00e8res du LIHI. Les demandes d&#039;appel peuvent \u00eatre soumises par courrier \u00e9lectronique \u00e0 <a href=\"mailto:comments@lowimpacthydro.org\">comments@lowimpacthydro.org<\/a> avec \u00ab Projet hydro\u00e9lectrique de Macomb \u00bb dans l&#039;objet du message, ou par courrier adress\u00e9 au Low Impact Hydropower Institute, 329 Massachusetts Ave, Suite 6, Lexington, MA 02420. Toutes les demandes seront publi\u00e9es sur le site Web. Le demandeur aura la possibilit\u00e9 de r\u00e9pondre et toute r\u00e9ponse sera \u00e9galement publi\u00e9e. <strong>Les demandes doivent \u00eatre re\u00e7ues avant 17 heures, heure de l\u2019Est, le 22 ao\u00fbt 2019.\u00a0 <\/strong>Le dossier complet et le rapport des \u00e9valuateurs sont disponibles ci-dessous.<\/p>\n<p>Si aucune demande d\u2019appel n\u2019est re\u00e7ue et que la d\u00e9cision devient d\u00e9finitive, la p\u00e9riode de certification du projet (en attente du LIHI #159) sera le 26 avril 2019 pour une dur\u00e9e de cinq (5) ans, qui expirera le 25 avril 2024.<\/p>\n<p><strong>30 avril 2019 : <\/strong>Le Low Impact Hydropower Institute a re\u00e7u une demande compl\u00e8te de certification \u00e0 faible impact pour le projet hydro\u00e9lectrique de Macomb. Le LIHI sollicite les commentaires du public sur cette demande. Plus pr\u00e9cis\u00e9ment, nous souhaitons savoir si vous pensez que le projet r\u00e9pond aux crit\u00e8res de certification \u00e0 faible impact du LIHI, tels que r\u00e9vis\u00e9s dans le manuel de 2e \u00e9dition. Veuillez consulter le programme et les crit\u00e8res dans le manuel r\u00e9vis\u00e9 du LIHI\u00a0<a href=\"https:\/\/lowimpacthydro.org\/wp-content\/uploads\/2020\/07\/2nd-edition-handbook-20160315-rev2.02-7-20-16.pdf\">Manuel<\/a> et consultez ensuite les documents de candidature du projet ci-dessous.<\/p>\n<p>Les commentaires directement li\u00e9s \u00e0 des crit\u00e8res sp\u00e9cifiques du LIHI (d\u00e9bits, qualit\u00e9 de l&#039;eau, passage des poissons, etc.) seront les plus utiles, mais tous les commentaires seront pris en compte. Les commentaires peuvent \u00eatre envoy\u00e9s \u00e0 l&#039;Institut par courrier \u00e9lectronique \u00e0 l&#039;adresse\u00a0<a href=\"mailto:comments@lowimpacthydro.org\">comments@lowimpacthydro.org<\/a>\u00a0avec \u00ab\u00a0Commentaires sur le projet Macomb\u00a0\u00bb dans la ligne d&#039;objet, ou par courrier adress\u00e9 au Low Impact Hydropower Institute, 329 Massachusetts Avenue, Suite 6, Lexington, MA 02420.\u00a0 <strong>Les commentaires doivent \u00eatre re\u00e7us au plus tard \u00e0 17 heures, heure de l&#039;Est, le 20 avril 2019.<\/strong>\u00a0\u00e0 prendre en consid\u00e9ration. Tous les commentaires seront publi\u00e9s sur le site Web et le candidat aura la possibilit\u00e9 d&#039;y r\u00e9pondre. Toute r\u00e9ponse sera \u00e9galement publi\u00e9e.<\/p>\n<hr \/>\n<h3>Dossiers de certification<\/h3>\n<h4>Certification 2019<\/h4>\n<ul style=\"color: black;\">\n<li><a href=\"https:\/\/lowimpacthydro.org\/wp-content\/uploads\/2020\/07\/Macomb-Certification-Review.pdf\">Rapport d&#039;\u00e9valuation de la certification Macomb<\/a><\/li>\n<li><a href=\"https:\/\/lowimpacthydro.org\/wp-content\/uploads\/2020\/07\/Macomb-LIHI-Application-Final.pdf\">Demande de certification Macomb<\/a><\/li>\n<li><a href=\"https:\/\/lowimpacthydro.org\/wp-content\/uploads\/2020\/12\/2012-Macomb-Sediment-Management-Plan.pdf\">Plan de gestion des s\u00e9diments de Macomb 2012<\/a><\/li>\n<\/ul>\n<hr \/>\n<h3>Documents cl\u00e9s<\/h3>\n<ul>\n<li><a href=\"https:\/\/lowimpacthydro.org\/wp-content\/uploads\/2020\/12\/2006-Macomb-FERC-license.pdf\">Licence FERC de Macomb 2006<\/a><\/li>\n<li><a href=\"https:\/\/lowimpacthydro.org\/wp-content\/uploads\/2020\/12\/2006-Macomb-WQC.pdf\">Certificat de qualit\u00e9 de l&#039;eau de Macomb 2006<\/a><\/li>\n<li><a href=\"https:\/\/lowimpacthydro.org\/wp-content\/uploads\/2020\/12\/2004-Macomb-Settlement-Agreement.pdf\">Accord de r\u00e8glement de Macomb 2004<\/a><\/li>\n<li><a href=\"https:\/\/lowimpacthydro.org\/wp-content\/uploads\/2020\/12\/2005-Macomb-FERC-EA.pdf\">\u00c9valuation environnementale de Macomb FERC 2005<\/a><\/li>\n<\/ul>","protected":false},"excerpt":{"rendered":"<p>Project Name Macomb LIHI Certificate No. 159 LIHI Certificate Term April 26, 2019 &#8211; April 25, 2029 Owner Erie Boulevard Hydropower, LP, a subsidiary of Brookfield<span class=\"excerpt-hellip\"> [\u2026]<\/span><\/p>\n","protected":false},"author":3,"featured_media":-1,"parent":0,"menu_order":0,"comment_status":"closed","ping_status":"closed","template":"","meta":{"_coblocks_attr":"","_coblocks_dimensions":"","_coblocks_responsive_height":"","_coblocks_accordion_ie_support":"","om_disable_all_campaigns":false,"_monsterinsights_skip_tracking":false,"_monsterinsights_sitenote_active":false,"_monsterinsights_sitenote_note":"","_monsterinsights_sitenote_category":0,"footnotes":""},"class_list":["post-606","page","type-page","status-publish","has-post-thumbnail","hentry"],"aioseo_notices":[],"_links":{"self":[{"href":"https:\/\/lowimpacthydro.org\/fr\/wp-json\/wp\/v2\/pages\/606","targetHints":{"allow":["GET"]}}],"collection":[{"href":"https:\/\/lowimpacthydro.org\/fr\/wp-json\/wp\/v2\/pages"}],"about":[{"href":"https:\/\/lowimpacthydro.org\/fr\/wp-json\/wp\/v2\/types\/page"}],"author":[{"embeddable":true,"href":"https:\/\/lowimpacthydro.org\/fr\/wp-json\/wp\/v2\/users\/3"}],"replies":[{"embeddable":true,"href":"https:\/\/lowimpacthydro.org\/fr\/wp-json\/wp\/v2\/comments?post=606"}],"version-history":[{"count":12,"href":"https:\/\/lowimpacthydro.org\/fr\/wp-json\/wp\/v2\/pages\/606\/revisions"}],"predecessor-version":[{"id":10484,"href":"https:\/\/lowimpacthydro.org\/fr\/wp-json\/wp\/v2\/pages\/606\/revisions\/10484"}],"wp:featuredmedia":[{"embeddable":true,"href":"https:\/\/lowimpacthydro.org\/fr\/wp-json\/"}],"wp:attachment":[{"href":"https:\/\/lowimpacthydro.org\/fr\/wp-json\/wp\/v2\/media?parent=606"}],"curies":[{"name":"wp","href":"https:\/\/api.w.org\/{rel}","templated":true}]}}