{"id":598,"date":"2020-07-16T00:12:04","date_gmt":"2020-07-16T04:12:04","guid":{"rendered":"https:\/\/lowimpacthydro.org\/new\/?page_id=598"},"modified":"2025-06-10T10:41:47","modified_gmt":"2025-06-10T14:41:47","slug":"lihi-certificate-160-canaan-hydroelectric-project-new-hampshire-vermont","status":"publish","type":"page","link":"https:\/\/lowimpacthydro.org\/fr\/lihi-certificate-160-canaan-hydroelectric-project-new-hampshire-vermont\/","title":{"rendered":"Projet Canaan \u2013 Certificat LIHI #160, Connecticut River, NH\/VT"},"content":{"rendered":"<table class=\"alignright\" style=\"width: 351px; border: 2px; cellspacing: 2px; cellpadding: 2px; margin-left: 50px;\">\n<tbody>\n<tr style=\"height: 24px;\">\n<td style=\"height: 24px;\" width=\"162\"><strong>Nom du projet<\/strong><\/td>\n<td style=\"height: 24px;\" width=\"165\">Canaan<\/td>\n<\/tr>\n<tr style=\"height: 24px;\">\n<td style=\"height: 24px;\"><strong>Num\u00e9ro de certificat LIHI<br \/>\n<\/strong><\/td>\n<td style=\"height: 24px;\">160<\/td>\n<\/tr>\n<tr style=\"height: 24px;\">\n<td style=\"height: 24px;\"><strong>Dur\u00e9e du certificat LIHI<\/strong><\/td>\n<td style=\"height: 24px;\">2 mai 2019 \u2013 1er mai 2029<\/td>\n<\/tr>\n<tr style=\"height: 24px;\">\n<td style=\"height: 24px;\" width=\"162\"><strong>Propri\u00e9taire<\/strong><\/td>\n<td style=\"height: 24px;\" width=\"165\">Central Rivers Power NH, LLC, une filiale de LS Power\/Patriot Hydro, LLC<\/td>\n<\/tr>\n<tr style=\"height: 24px;\">\n<td style=\"height: 24px;\" width=\"162\"><strong>\u00c9tat<\/strong><\/td>\n<td style=\"height: 24px;\" width=\"165\">New Hampshire<\/td>\n<\/tr>\n<tr style=\"height: 72px;\">\n<td style=\"height: 72px;\" width=\"162\"><strong>Emplacement<\/strong><\/td>\n<td style=\"height: 72px;\" width=\"165\">Mile 370 sur la rivi\u00e8re Connecticut dans le New Hampshire et le Vermont<\/td>\n<\/tr>\n<tr style=\"height: 24px;\">\n<td style=\"height: 24px;\" width=\"162\"><strong>Capacit\u00e9 install\u00e9e<\/strong><\/td>\n<td style=\"height: 24px;\" width=\"165\">1,1 MW<\/td>\n<\/tr>\n<tr style=\"height: 69px;\">\n<td style=\"height: 69px;\" width=\"162\"><strong>G\u00e9n\u00e9ration annuelle moyenne<\/strong><\/td>\n<td style=\"height: 69px;\" width=\"165\">6 189 MWh (moyenne sur 5 ans)<\/td>\n<\/tr>\n<tr style=\"height: 24px;\">\n<td style=\"height: 24px;\" width=\"162\"><strong>Type d&#039;\u00e9tablissement<\/strong><\/td>\n<td style=\"height: 24px;\" width=\"165\">Au fil de l&#039;eau<\/td>\n<\/tr>\n<tr style=\"height: 48px;\">\n<td style=\"height: 48px;\" width=\"162\"><strong><span class='tooltipsall tooltip_post_id_5565 classtoolTips152'>F\u00e9d\u00e9ration internationale de radio-t\u00e9l\u00e9vision (FERC)<\/span> Non.<\/strong><\/td>\n<td style=\"height: 48px;\" width=\"165\">P-7528 d\u00e9livr\u00e9 en 2009, expire le 31\/07\/2039<\/td>\n<\/tr>\n<\/tbody>\n<\/table>\n<p>Le projet Canaan est situ\u00e9 sur le cours sup\u00e9rieur du fleuve Connecticut, entre les villes de Canaan (Vermont) et de Stewartstown (West Stewartstown Village), dans le New Hampshire. Il se trouve au kilom\u00e8tre 370 du fleuve, 16 kilom\u00e8tres en aval de Murphy. <span class='tooltipsall tooltip_post_id_5545 classtoolTips158'>Barrage<\/span> au lac Francis, et \u00e0 70 milles en amont de la <a href=\"https:\/\/lowimpacthydro.org\/fr\/lihi-certificate-108-gilman-hydroelectric-project-new-hampshire\/\">Projet Gilman (LIHI #108)<\/a>Ce projet est l&#039;un des treize barrages sur le cours principal du fleuve Connecticut, qui assurent le contr\u00f4le des crues et la production d&#039;hydro\u00e9lectricit\u00e9. <span class='tooltipsall tooltip_post_id_5545 classtoolTips158'>barrage<\/span> Construit \u00e0 l&#039;origine en 1927, ce barrage n&#039;\u00e9tait pas aliment\u00e9 en \u00e9lectricit\u00e9. Reconstruit et modernis\u00e9 en 1943, il a permis l&#039;ajout d&#039;installations hydro\u00e9lectriques. Le projet est d\u00e9tenu et exploit\u00e9 par Central Rivers Power NH, LLC.<\/p>\n<p>Le projet comprend : un barrage, <span class='tooltipsall tooltip_post_id_5624 classtoolTips102'>centrale<\/span>, canal de fuite, <span class='tooltipsall tooltip_post_id_5651 classtoolTips116'>d\u00e9versoir<\/span>, structure d&#039;admission, <span class='tooltipsall tooltip_post_id_5619 classtoolTips124'>conduite forc\u00e9e<\/span>, \u00e9quipement de transmission, turbine et port\u00e9e contourn\u00e9e.<\/p>\n<p>Le b\u00e9ton <span class='tooltipsall tooltip_post_id_5580 classtoolTips81'>barrage-poids<\/span> Il mesure environ 84 m\u00e8tres de long et 5,5 m\u00e8tres de haut. Il est situ\u00e9 sur le fleuve Connecticut \u00e0 Stewartstown, dans le New Hampshire. Une section en b\u00e9ton est situ\u00e9e au sud. <span class='tooltipsall tooltip_post_id_5514 classtoolTips118'>pilier<\/span> et mesure 56 pieds de large avec des poutrelles soutenues par de l&#039;acier <span class='tooltipsall tooltip_post_id_5652 classtoolTips104'>poteaux<\/span>Le d\u00e9versoir principal est un d\u00e9versoir \u00e0 gravit\u00e9 en b\u00e9ton, <span class='tooltipsall tooltip_post_id_5611 classtoolTips156'>ogive<\/span>section en forme de U d&#039;environ 150 pieds de long et \u00e9quip\u00e9e d&#039;un tuyau de 3,5 pieds de haut soutenu <span class='tooltipsall tooltip_post_id_5569 classtoolTips79'>tableaux d&#039;affichage<\/span>Une vanne de d\u00e9charge est situ\u00e9e \u00e0 droite du d\u00e9versoir principal. Elle consiste en une vanne en b\u00e9ton de 6 m\u00e8tres de large \u00e9quip\u00e9e d&#039;une vanne de d\u00e9charge en acier de 4,5 m\u00e8tres de haut, \u00e0 commande \u00e9lectrique. Une conduite forc\u00e9e en acier de 410 m\u00e8tres de long et 2,7 m\u00e8tres de diam\u00e8tre, ainsi que deux r\u00e9servoirs tampons en acier de 4,6 m\u00e8tres de diam\u00e8tre et 6,4 m\u00e8tres de haut, acheminent l&#039;eau jusqu&#039;\u00e0 la centrale situ\u00e9e \u00e0 environ 60 m\u00e8tres en aval des r\u00e9servoirs tampons. Ces installations sont toutes situ\u00e9es \u00e0 Canaan, dans le Vermont. La centrale est \u00e9quip\u00e9e d&#039;une seule conduite verticale. <span class='tooltipsall tooltip_post_id_5576 classtoolTips39'>Turbine Francis<\/span>Le tron\u00e7on contourn\u00e9 mesure environ 1 600 pieds de long et est compos\u00e9 de corniches, de galets et de rochers.<\/p>\n<p>Le projet op\u00e8re dans <span class='tooltipsall tooltip_post_id_5643 classtoolTips52'>au fil de l&#039;eau<\/span> Le projet pr\u00e9voit un mode de fonctionnement et la mise en eau d&#039;un r\u00e9servoir de 20 acres. Le projet assure un d\u00e9bit minimal de 165 pi\u00b3\/s dans le tron\u00e7on contourn\u00e9 tout au long de l&#039;ann\u00e9e. Ce r\u00e9gime d&#039;\u00e9coulement a \u00e9t\u00e9 \u00e9labor\u00e9 \u00e0 partir des r\u00e9sultats d&#039;une \u00e9tude de d\u00e9bit r\u00e9serv\u00e9, avec l&#039;approbation de l&#039;Agence des ressources naturelles du Vermont (VANR), du D\u00e9partement des services environnementaux du New Hampshire, du D\u00e9partement de la p\u00eache et de la chasse du New Hampshire (NHFG) et de l&#039;USFWS.<\/p>\n<p>Les eaux \u00e0 proximit\u00e9 du projet sont class\u00e9es B, propices \u00e0 la p\u00eache, \u00e0 la navigation et \u00e0 la pr\u00e9servation des habitats aquatiques. Les eaux en amont, \u00e0 proximit\u00e9 du projet, sont d\u00e9grad\u00e9es par un faible pH, probablement d\u00fb aux d\u00e9p\u00f4ts atmosph\u00e9riques acides. De plus, le VANR a confirm\u00e9 que \u00ab\u00a0la poursuite de l&#039;exploitation du projet ne contribue pas \u00e0 la d\u00e9gradation des eaux de l&#039;\u00c9tat\u00a0\u00bb.<\/p>\n<p>Les barrages en aval emp\u00eachent l&#039;acc\u00e8s en amont des esp\u00e8ces de poissons migrateurs sur le fleuve Connecticut. L&#039;anguille d&#039;Am\u00e9rique, une <span class='tooltipsall tooltip_post_id_5538 classtoolTips75'>catadrome<\/span> Cette esp\u00e8ce, pr\u00e9sente dans le cours inf\u00e9rieur du fleuve Connecticut, a peut-\u00eatre pu acc\u00e9der \u00e0 la zone du projet par le pass\u00e9. La construction de barrages en aval a eu lieu avant l&#039;installation du projet en 1927, bloquant l&#039;acc\u00e8s au projet bien avant son lancement. Les environs du projet abritent une p\u00eache r\u00e9cr\u00e9ative tr\u00e8s productive, notamment la truite arc-en-ciel, la truite brune, l&#039;omble de fontaine, le meunier noir et le meunier rouge nain. Le brochet maill\u00e9, la perchaude, l&#039;achigan \u00e0 petite bouche, l&#039;achigan \u00e0 grande bouche et le crapet de roche y sont \u00e9galement pr\u00e9sents. Certaines de ces populations sont naturelles, d&#039;autres sont ensemenc\u00e9es par le NHFG. Le d\u00e9bit minimal dans le tron\u00e7on contourn\u00e9 assure un d\u00e9bit suffisant pour soutenir l&#039;habitat aquatique et le passage en aval du projet.<\/p>\n<p>Le terrain du projet couvre une superficie d&#039;environ 6 acres. Environ 891 TP3T du littoral dans la limite du projet sont non am\u00e9nag\u00e9s\/non perturb\u00e9s, avec des b\u00e2timents industriels, commerciaux et r\u00e9sidentiels ruraux \u00e0 proximit\u00e9 du projet. Le projet est exploit\u00e9 sous un r\u00e9gime de permis. <span class='tooltipsall tooltip_post_id_5635 classtoolTips115'>riverain<\/span> Plan de gestion visant \u00e0 maintenir une zone riveraine intacte le long de la rivi\u00e8re, de la retenue et du tron\u00e7on contourn\u00e9. Le ma\u00eetre d&#039;ouvrage effectue \u00e9galement un recensement des plantes envahissantes tous les quatre ans. Si des plantes envahissantes sont identifi\u00e9es, il collabore avec les organismes locaux de gestion des ressources pour mettre en place des mesures d&#039;\u00e9radication et de contr\u00f4le.<\/p>\n<p>Parmi les esp\u00e8ces menac\u00e9es ou en voie de disparition potentiellement pr\u00e9sentes \u00e0 proximit\u00e9 du projet figurent la chauve-souris nordique, le lynx du Canada, le saule satin\u00e9, la mulette perli\u00e8re, le m\u00e9nomini rond, l&#039;omble de fontaine et le pygargue \u00e0 t\u00eate blanche. Bien que plusieurs de ces esp\u00e8ces aient \u00e9t\u00e9 observ\u00e9es \u00e0 proximit\u00e9 du projet, l&#039;\u00e9tude des donn\u00e9es de localisation fournies par le Bureau du patrimoine naturel du New Hampshire r\u00e9v\u00e8le un manque d&#039;habitats propices \u00e0 ces esp\u00e8ces dans le secteur du projet. Les impacts du projet ne semblent pas avoir d&#039;impact n\u00e9gatif sur ces esp\u00e8ces.<\/p>\n<p>Une \u00e9tude arch\u00e9ologique du p\u00e9rim\u00e8tre du projet a \u00e9t\u00e9 men\u00e9e en collaboration avec le Bureau de pr\u00e9servation historique de l&#039;\u00c9tat et le Centre de pr\u00e9servation du patrimoine d&#039;Alnobak. Cette \u00e9tude a permis d&#039;identifier quatre sites arch\u00e9ologiques de la p\u00e9riode historique et cinq segments du littoral sensibles aux ressources arch\u00e9ologiques pr\u00e9historiques. Les vestiges de la centrale \u00e9lectrique Allen, pr\u00e9d\u00e9cesseur du projet, ont \u00e9t\u00e9 d\u00e9couverts, ainsi qu&#039;une structure en pierre d&#039;origine inconnue et l&#039;emplacement possible d&#039;un b\u00e2timent du XIXe si\u00e8cle. Le projet fournit des rapports annuels au Responsable de la pr\u00e9servation historique de l&#039;\u00c9tat, r\u00e9sumant toute activit\u00e9 susceptible d&#039;avoir un impact sur ces ressources.<\/p>\n<p>Les installations r\u00e9cr\u00e9atives du bassin comprennent un parcours de portage et un point de vente \u00e0 emporter, un stationnement, un acc\u00e8s pour les p\u00eacheurs et un kiosque d&#039;information. Les installations de contournement comprennent un stationnement, des tables de pique-nique et un panneau d&#039;information sur le site historique. Les installations en aval comprennent une mise \u00e0 l&#039;eau pour le portage et la signalisation associ\u00e9e. L&#039;acc\u00e8s public est gratuit.<\/p>\n<hr \/>\n<h3>\u00c9tat de conformit\u00e9<\/h3>\n<p><strong>Le certificat comprend la condition sp\u00e9cifique \u00e0 l&#039;\u00e9tablissement suivante :<\/strong><\/p>\n<p><strong><em>Condition satisfaite en 2020.<\/em> Condition 1 :<\/strong> \u00c0 la fin de l&#039;ann\u00e9e hydrologique en cours (du 1er octobre 2018 au 30 septembre 2019), le propri\u00e9taire de l&#039;installation doit fournir au VDEC des donn\u00e9es d&#039;exploitation qui documentent <span class='tooltipsall tooltip_post_id_5643 classtoolTips52'>au fil de l&#039;eau<\/span> conformit\u00e9. Le propri\u00e9taire de l&#039;\u00e9tablissement doit soumettre les donn\u00e9es au VDEC avant le 31 d\u00e9cembre 2019 et fournir toute r\u00e9ponse de l&#039;agence dans la premi\u00e8re soumission annuelle de conformit\u00e9 au LIHI.<\/p>\n<p><strong>2025:<\/strong> Aucun changement important ni probl\u00e8me de conformit\u00e9 n&#039;ont \u00e9t\u00e9 identifi\u00e9s. Le projet reste conforme sur la base de l&#039;examen annuel.<\/p>\n<p><strong>2024:<\/strong> Aucun changement important ni probl\u00e8me de conformit\u00e9 n&#039;ont \u00e9t\u00e9 identifi\u00e9s. Le projet reste conforme sur la base de l&#039;examen annuel.<\/p>\n<p><strong>2023:<\/strong> Aucun changement important ni probl\u00e8me de conformit\u00e9 n&#039;ont \u00e9t\u00e9 identifi\u00e9s. Le projet reste conforme sur la base de l&#039;examen annuel.<\/p>\n<p><strong>2022:<\/strong> Aucun changement important ni probl\u00e8me de conformit\u00e9 n&#039;ont \u00e9t\u00e9 identifi\u00e9s. Le projet reste conforme sur la base de l&#039;examen annuel.<\/p>\n<p><strong>2021:<\/strong> Aucun changement ni probl\u00e8me de conformit\u00e9 n&#039;a \u00e9t\u00e9 signal\u00e9. Le projet reste conforme sur la base de l&#039;examen annuel.<\/p>\n<p><strong>2020:<\/strong> Aucun changement ni probl\u00e8me de conformit\u00e9 n&#039;a \u00e9t\u00e9 signal\u00e9. Le projet demeure conforme aux normes de l&#039;\u00c9tat suite \u00e0 l&#039;examen annuel. Concernant la condition 1, le projet a d\u00e9clar\u00e9 avoir soumis des donn\u00e9es d&#039;exploitation et le VDEC a confirm\u00e9 au LIHI que le projet restait conforme aux normes de qualit\u00e9 de l&#039;eau de l&#039;\u00c9tat suite \u00e0 l&#039;examen des donn\u00e9es.<\/p>\n<p><strong>2019:<\/strong> Le rapport annuel pour le certificat actuel n\u2019est pas encore entr\u00e9 en vigueur.<\/p>\n<hr \/>\n<h3>Historique des certifications<\/h3>\n<p><strong>1er janvier 2022 :<\/strong> La dur\u00e9e du certificat LIHI a \u00e9t\u00e9 prolong\u00e9e conform\u00e9ment \u00e0 la r\u00e9vision 2.05 du manuel de certification LIHI 2e \u00e9dition publi\u00e9 le 1er janvier 2022. Reportez-vous au tableau des \u00e9tablissements ci-dessus pour conna\u00eetre la nouvelle dur\u00e9e.<\/p>\n<p><strong>4 septembre 2019 :<\/strong> La d\u00e9cision de certifier le projet hydro\u00e9lectrique de Canaan est d\u00e9finitive. Aucun appel n&#039;a \u00e9t\u00e9 re\u00e7u pendant la p\u00e9riode d&#039;appel, qui s&#039;est termin\u00e9e le 1er septembre 2019. La p\u00e9riode de certification du projet s&#039;\u00e9tend du 2 mai 2019 au 1er mai 2024.<\/p>\n<p><strong>2 ao\u00fbt 2019 : <\/strong>Le Low Impact Hydropower Institute a approuv\u00e9 de mani\u00e8re pr\u00e9liminaire la certification \u00e0 faible impact pour le projet hydro\u00e9lectrique de Canaan.<\/p>\n<p>Cette d\u00e9cision est pr\u00e9liminaire en attendant la p\u00e9riode d&#039;appel de 30 jours. Seuls ceux qui ont comment\u00e9 la demande initiale pendant la p\u00e9riode de commentaires de 60 jours sont \u00e9ligibles pour d\u00e9poser un appel. Un tel appel doit inclure une explication sur la raison pour laquelle le projet ne r\u00e9pond pas aux crit\u00e8res du LIHI. Les demandes d&#039;appel peuvent \u00eatre soumises par courrier \u00e9lectronique \u00e0 <a href=\"mailto:comments@lowimpacthydro.org\">comments@lowimpacthydro.org<\/a> avec \u00ab\u00a0Projet hydro\u00e9lectrique de Canaan\u00a0\u00bb en objet, ou par courrier adress\u00e9 au Low Impact Hydropower Institute, 329 Massachusetts Ave, Suite 6, Lexington, MA 02420. Toutes les demandes seront publi\u00e9es sur le site web. Le demandeur aura la possibilit\u00e9 de r\u00e9pondre, et toute r\u00e9ponse sera \u00e9galement publi\u00e9e. <strong>Les demandes doivent \u00eatre re\u00e7ues avant 17 h, heure de l\u2019Est, le 1er septembre 2019.\u00a0 <\/strong>Le dossier complet et le rapport de l&#039;\u00e9valuateur sont disponibles ci-dessous.<\/p>\n<p>Si aucune demande d&#039;appel n&#039;est re\u00e7ue et que la d\u00e9cision devient d\u00e9finitive, la p\u00e9riode de certification du projet (en attente de LIHI #160) sera le 2 mai 2019 pour une dur\u00e9e de cinq (5) ans, qui expirera le 1er mai 2024.<\/p>\n<p><strong>3 mai 2019 : <\/strong>Le Low Impact Hydropower Institute a re\u00e7u une demande compl\u00e8te de certification \u00e0 faible impact pour le projet hydro\u00e9lectrique de Canaan. Le LIHI sollicite les commentaires du public sur cette demande. Plus pr\u00e9cis\u00e9ment, nous souhaitons savoir si, selon vous, le projet r\u00e9pond aux crit\u00e8res de certification \u00e0 faible impact du LIHI, tels que r\u00e9vis\u00e9s dans la 2e \u00e9dition du manuel. Veuillez consulter le programme et les crit\u00e8res dans la version r\u00e9vis\u00e9e du LIHI.\u00a0<a href=\"https:\/\/lowimpacthydro.org\/wp-content\/uploads\/2020\/05\/low-impact-hydropower-certification-handbook-2nd-edition.pdf\">Manuel<\/a><a href=\"https:\/\/lowimpacthydro.org\/wp-content\/uploads\/2020\/05\/low-impact-hydropower-certification-handbook-2nd-edition.pdf\">\u00a0<\/a>et consultez ensuite les documents de candidature du projet ci-dessous.<\/p>\n<p>Commentaires directement li\u00e9s \u00e0 des crit\u00e8res sp\u00e9cifiques du LIHI (d\u00e9bits, qualit\u00e9 de l&#039;eau, <span class='tooltipsall tooltip_post_id_5566 classtoolTips59'>passage des poissons<\/span>, etc.) seront tr\u00e8s utiles, mais tous les commentaires seront pris en compte. Les commentaires peuvent \u00eatre soumis \u00e0 l&#039;Institut par courrier \u00e9lectronique \u00e0 l&#039;adresse\u00a0<a href=\"mailto:comments@lowimpacthydro.org\">comments@lowimpacthydro.org<\/a>\u00a0avec \u00ab\u00a0Commentaires sur le projet Canaan\u00a0\u00bb dans la ligne d&#039;objet, ou par courrier adress\u00e9 au Low Impact Hydropower Institute, 329 Massachusetts Avenue, Suite 6, Lexington, MA 02420.\u00a0 <strong>Les commentaires doivent \u00eatre re\u00e7us au plus tard \u00e0 17 heures, heure de l&#039;Est, le 2 juillet 2019.<\/strong>\u00a0\u00e0 prendre en consid\u00e9ration. Tous les commentaires seront publi\u00e9s sur le site Web et le candidat aura la possibilit\u00e9 d&#039;y r\u00e9pondre. Toute r\u00e9ponse sera \u00e9galement publi\u00e9e.<\/p>\n<hr \/>\n<h3>Dossiers de certification<\/h3>\n<h4>Certification 2019<\/h4>\n<ul style=\"color: black;\">\n<li><a href=\"https:\/\/lowimpacthydro.org\/wp-content\/uploads\/2020\/07\/Caanan_Full-Application-Review-_Final.pdf\">Rapport d&#039;examen de la certification Canaan 2019<\/a><\/li>\n<li><a href=\"https:\/\/lowimpacthydro.org\/wp-content\/uploads\/2020\/07\/Public-LIHI-Application-Canaan-20190429-Reduced.pdf\">Demande de certification Canaan 2019<\/a><\/li>\n<li><a href=\"https:\/\/lowimpacthydro.org\/wp-content\/uploads\/2020\/07\/Central-Rivers-Response-to-CRC-Canaan-LIHI-comment-letter-7-12-19.pdf\">R\u00e9ponse de Central Rivers Power \u00e0 la lettre de commentaires du CRC 2019<\/a><\/li>\n<li><a href=\"https:\/\/lowimpacthydro.org\/wp-content\/uploads\/2020\/07\/CRC-Comments-on-Canaan-LIHI-Application_7.2.19-1.pdf\">Commentaires du CRC sur la demande de certification Canaan 2019<\/a><\/li>\n<\/ul>\n<hr \/>\n<h3>Documents cl\u00e9s<\/h3>\n<ul>\n<li><a href=\"https:\/\/lowimpacthydro.org\/wp-content\/uploads\/2020\/12\/2009-Canaan-FERC-License-and-WQC.pdf\">Licence et certificat de qualit\u00e9 de l&#039;eau de la FERC de Canaan 2009<\/a><\/li>\n<\/ul>","protected":false},"excerpt":{"rendered":"<p>Project Name Canaan LIHI Certificate No. 160 LIHI Certificate Term May 2, 2019 &#8211; May 1, 2029 Owner Central Rivers Power NH, LLC, a subsidiary of<span class=\"excerpt-hellip\"> [\u2026]<\/span><\/p>\n","protected":false},"author":3,"featured_media":-1,"parent":0,"menu_order":0,"comment_status":"closed","ping_status":"closed","template":"","meta":{"_coblocks_attr":"","_coblocks_dimensions":"","_coblocks_responsive_height":"","_coblocks_accordion_ie_support":"","om_disable_all_campaigns":false,"_monsterinsights_skip_tracking":false,"_monsterinsights_sitenote_active":false,"_monsterinsights_sitenote_note":"","_monsterinsights_sitenote_category":0,"footnotes":""},"class_list":["post-598","page","type-page","status-publish","has-post-thumbnail","hentry"],"aioseo_notices":[],"_links":{"self":[{"href":"https:\/\/lowimpacthydro.org\/fr\/wp-json\/wp\/v2\/pages\/598","targetHints":{"allow":["GET"]}}],"collection":[{"href":"https:\/\/lowimpacthydro.org\/fr\/wp-json\/wp\/v2\/pages"}],"about":[{"href":"https:\/\/lowimpacthydro.org\/fr\/wp-json\/wp\/v2\/types\/page"}],"author":[{"embeddable":true,"href":"https:\/\/lowimpacthydro.org\/fr\/wp-json\/wp\/v2\/users\/3"}],"replies":[{"embeddable":true,"href":"https:\/\/lowimpacthydro.org\/fr\/wp-json\/wp\/v2\/comments?post=598"}],"version-history":[{"count":13,"href":"https:\/\/lowimpacthydro.org\/fr\/wp-json\/wp\/v2\/pages\/598\/revisions"}],"predecessor-version":[{"id":9699,"href":"https:\/\/lowimpacthydro.org\/fr\/wp-json\/wp\/v2\/pages\/598\/revisions\/9699"}],"wp:featuredmedia":[{"embeddable":true,"href":"https:\/\/lowimpacthydro.org\/fr\/wp-json\/"}],"wp:attachment":[{"href":"https:\/\/lowimpacthydro.org\/fr\/wp-json\/wp\/v2\/media?parent=598"}],"curies":[{"name":"wp","href":"https:\/\/api.w.org\/{rel}","templated":true}]}}