{"id":586,"date":"2020-07-15T23:48:25","date_gmt":"2020-07-16T03:48:25","guid":{"rendered":"https:\/\/lowimpacthydro.org\/new\/?page_id=586"},"modified":"2025-06-11T09:12:51","modified_gmt":"2025-06-11T13:12:51","slug":"lihi-certificate-162-hooksett-hydroelectric-project-new-hampshire","status":"publish","type":"page","link":"https:\/\/lowimpacthydro.org\/fr\/lihi-certificate-162-hooksett-hydroelectric-project-new-hampshire\/","title":{"rendered":"Projet Hooksett \u2013 Certificat LIHI #162, Merrimack River, NH"},"content":{"rendered":"<table class=\"alignright\" style=\"width: 351px; border: 2px; cellspacing: 2px; cellpadding: 2px; margin-left: 50px;\">\n<tbody>\n<tr>\n<td width=\"162\"><strong>Nom du projet<\/strong><\/td>\n<td width=\"165\">Hooksett<\/td>\n<\/tr>\n<tr>\n<td><strong>Num\u00e9ro de certificat LIHI<br \/>\n<\/strong><\/td>\n<td>162<\/td>\n<\/tr>\n<tr>\n<td><strong>Dur\u00e9e du certificat LIHI<\/strong><\/td>\n<td>17 mai 2019 \u2013 16 mai 2029<\/td>\n<\/tr>\n<tr>\n<td width=\"162\"><strong>Propri\u00e9taire<\/strong><\/td>\n<td width=\"165\">Central Rivers Power NH, LLC, une filiale de LS Power\/Patriot Hydro, LLC<\/td>\n<\/tr>\n<tr>\n<td width=\"162\"><strong>\u00c9tat<\/strong><\/td>\n<td width=\"165\">New Hampshire<\/td>\n<\/tr>\n<tr>\n<td width=\"162\"><strong>Emplacement<\/strong><\/td>\n<td width=\"165\">Mile 81,1 sur la rivi\u00e8re Merrimack<\/td>\n<\/tr>\n<tr>\n<td width=\"162\"><strong>Capacit\u00e9 install\u00e9e<\/strong><\/td>\n<td width=\"165\">1,6 MW<\/td>\n<\/tr>\n<tr>\n<td width=\"162\"><strong>G\u00e9n\u00e9ration annuelle moyenne<\/strong><\/td>\n<td width=\"165\">8 020 MWh<\/td>\n<\/tr>\n<tr>\n<td width=\"162\"><strong>Type d&#039;\u00e9tablissement<\/strong><\/td>\n<td width=\"165\">Au fil de l&#039;eau<\/td>\n<\/tr>\n<tr>\n<td width=\"162\"><strong><span class='tooltipsall tooltip_post_id_5565 classtoolTips152'>F\u00e9d\u00e9ration internationale de radio-t\u00e9l\u00e9vision (FERC)<\/span> Non.<\/strong><\/td>\n<td width=\"165\">P-1893 d\u00e9livr\u00e9 en 2007, expire le 30\/04\/2047<\/td>\n<\/tr>\n<\/tbody>\n<\/table>\n<p>Le projet Hooksett est l&#039;un des trois projets d&#039;am\u00e9nagement le long de la rivi\u00e8re Merrimack, qui forment ensemble le projet de la rivi\u00e8re Merrimack (FERC n\u00b0 1893). Situ\u00e9 dans les villes de Hooksett et Bow, dans le comt\u00e9 de Merrimack, au New Hampshire, le projet se trouve \u00e0 environ 13 km en amont du projet d&#039;Amoskeag et \u00e0 environ 9 km en aval de celui de Garvin Falls. Le projet a \u00e9t\u00e9 mis en service en 1927 pour alimenter la r\u00e9gion en \u00e9nergie.<\/p>\n<p>Le projet comprend : une <span class='tooltipsall tooltip_post_id_5545 classtoolTips158'>barrage<\/span>, deux <span class='tooltipsall tooltip_post_id_5651 classtoolTips116'>d\u00e9versoir<\/span> sections, <span class='tooltipsall tooltip_post_id_5537 classtoolTips143'>canal<\/span>, <span class='tooltipsall tooltip_post_id_5624 classtoolTips102'>centrale<\/span>, canal de fuite, bief contourn\u00e9 et turbine unique.<\/p>\n<p>Le barrage comporte deux sections de d\u00e9versoir. Une section en ma\u00e7onnerie de pierre, d&#039;environ 105 m\u00e8tres de long, s&#039;\u00e9tend depuis la rive ouest du fleuve. La seconde section, d&#039;environ 76 m\u00e8tres de long, est en b\u00e9ton. Cette section longe le fleuve longitudinalement, pr\u00e8s de la rive est, et forme un canal qui s&#039;\u00e9tend jusqu&#039;\u00e0 la centrale. Chaque section est surmont\u00e9e de piliers en bois de 60 cm de haut. <span class='tooltipsall tooltip_post_id_5569 classtoolTips79'>tableaux d&#039;affichage<\/span>Une soupape de d\u00e9charge Tainter en acier de 4 m\u00e8tres sur 6 m\u00e8tres est situ\u00e9e entre le deuxi\u00e8me d\u00e9versoir et la centrale. Un canal de transfert de 60 m\u00e8tres de long est am\u00e9nag\u00e9 \u00e0 l&#039;est du barrage. La centrale est \u00e9quip\u00e9e d&#039;une turbine-alternateur \u00e0 h\u00e9lice verticale unique d&#039;une puissance install\u00e9e de 1,6 MW. L&#039;am\u00e9nagement comprend un canal de fuite d&#039;environ 33 m\u00e8tres de long et un bief d\u00e9riv\u00e9 d&#039;environ 130 m\u00e8tres de long.<\/p>\n<p>Le bassin de retenue de Hooksett s&#039;\u00e9tend en amont sur environ 8,8 km et couvre une superficie de 140 hectares. Le projet est exploit\u00e9 dans un <span class='tooltipsall tooltip_post_id_5643 classtoolTips52'>au fil de l&#039;eau<\/span> Mode avec un d\u00e9bit minimum de 64 pi\u00b3\/s fourni en permanence dans le tron\u00e7on contourn\u00e9 pour la protection de la vie aquatique. Des manom\u00e8tres install\u00e9s permettent de d\u00e9tecter tout d\u00e9bordement du d\u00e9bit au-del\u00e0 de la capacit\u00e9 de production. Ce r\u00e9gime d&#039;\u00e9coulement est bas\u00e9 sur une \u00e9tude de d\u00e9monstration de d\u00e9bit bas\u00e9e sur l&#039;habitat, men\u00e9e en collaboration avec l&#039;USFWS, le D\u00e9partement de la p\u00eache et de la chasse du New Hampshire et le D\u00e9partement des services environnementaux du New Hampshire.<\/p>\n<p>La rivi\u00e8re Merrimack, \u00e0 proximit\u00e9 du projet, est class\u00e9e comme eau de classe B, particuli\u00e8rement adapt\u00e9e aux loisirs de contact primaire et aux habitats aquatiques. Cependant, ces eaux sont \u00e9galement class\u00e9es comme alt\u00e9r\u00e9es en oxyg\u00e8ne dissous (OD), en pH et en aluminium, avec les cons\u00e9quences associ\u00e9es. <span class='tooltipsall tooltip_post_id_5621 classtoolTips64'>source ponctuelle<\/span> Inconnu. Il est peu probable que les op\u00e9rations du projet contribuent \u00e0 la d\u00e9gradation de l&#039;OD en raison de son exploitation au fil de l&#039;eau. Le pH est naturellement bas dans de nombreuses eaux du New Hampshire et il est peu probable qu&#039;il soit caus\u00e9 par le projet.<\/p>\n<p>Les esp\u00e8ces de poissons migrateurs pr\u00e9sentes dans le p\u00e9rim\u00e8tre du projet comprennent l&#039;alose savoureuse, le gaspareau, le hareng d&#039;\u00e9t\u00e9, l&#039;\u00e9perlan arc-en-ciel, le saumon atlantique et l&#039;anguille d&#039;Am\u00e9rique. Des installations de passage en amont sont actuellement en cours de d\u00e9veloppement et devraient \u00eatre achev\u00e9es en novembre 2021. Un rocailleux naturel, situ\u00e9 au niveau du d\u00e9versoir, sera am\u00e9nag\u00e9 au large de l&#039;\u00eelot du canal de fuite, avec des marches naturelles qui resteront humides. Gr\u00e2ce \u00e0 une hauteur de barrage minimale, l&#039;anguille d&#039;Am\u00e9rique devrait pouvoir passer avec <span class='tooltipsall tooltip_post_id_5518 classtoolTips36'>poisson anadrome<\/span> esp\u00e8ces. Une vanne de d\u00e9rivation des poissons en aval est exploit\u00e9e entre le 1er avril et le 15 juillet et entre le 15 septembre et le 15 novembre.<\/p>\n<p>Le terrain du projet s&#039;\u00e9tend sur environ 20 hectares. Le littoral autour de la zone du projet est principalement constitu\u00e9 de zones r\u00e9sidentielles, commerciales et industrielles. Il n&#039;existe pratiquement aucune zone tampon entre les eaux du projet et les terres adjacentes. Le projet est r\u00e9gi par un plan de gestion du littoral qui pr\u00e9voit la surveillance du pygargue \u00e0 t\u00eate blanche. Bien que ce ne soit plus obligatoire, le projet maintient un examen au cas par cas des utilisations propos\u00e9es du littoral et n&#039;autorise aucune utilisation susceptible d&#039;affecter le pygargue \u00e0 t\u00eate blanche ou son habitat naturel. Des relev\u00e9s de terrain sont effectu\u00e9s environ tous les six ans afin d&#039;examiner toute utilisation non autoris\u00e9e dans la zone de gestion du littoral.<\/p>\n<p>Parmi les esp\u00e8ces menac\u00e9es ou en voie de disparition potentiellement pr\u00e9sentes \u00e0 proximit\u00e9 du projet figurent la chauve-souris nordique \u00e0 longues oreilles et l&#039;isotrie vertebr\u00e9e. En raison du d\u00e9veloppement de la zone, il est peu probable que la chauve-souris nordique \u00e0 longues oreilles trouve un habitat propice \u00e0 proximit\u00e9 du projet. Cependant, la zone pourrait \u00eatre utilis\u00e9e pour l&#039;alimentation et le transit. L&#039;isotrie vertebr\u00e9e pr\u00e9f\u00e8re les sites de haute altitude dans les for\u00eats mixtes de feuillus\/de feuillus et de conif\u00e8res en deuxi\u00e8me ou troisi\u00e8me stades de succession. Compte tenu de la nature lacustre et fluviatile de la zone du projet, sa pr\u00e9sence est tr\u00e8s improbable. Une consultation aupr\u00e8s du Bureau du patrimoine naturel du New Hampshire a confirm\u00e9 que les exploitations au fil de l&#039;eau att\u00e9nuent tout impact potentiel sur les esp\u00e8ces r\u00e9pertori\u00e9es.<\/p>\n<p>\u00c0 proximit\u00e9 du projet, on trouve sept sites arch\u00e9ologiques historiques, onze sites littoraux consid\u00e9r\u00e9s comme sensibles en raison de leurs ressources arch\u00e9ologiques pr\u00e9historiques intactes, et quatorze sites pr\u00e9sentant un potentiel plus que faible en mati\u00e8re de ressources arch\u00e9ologiques historiques intactes. Les installations du projet, notamment la centrale \u00e9lectrique, le barrage, le d\u00e9versoir et la porte de Tainter, sont admissibles \u00e0 l&#039;inscription sur la Liste du patrimoine mondial. <span class='tooltipsall tooltip_post_id_5606 classtoolTips1'>Registre national des lieux historiques<\/span>Ces sites sont surveill\u00e9s par le propri\u00e9taire du projet qui doit consulter le Bureau de pr\u00e9servation historique de l&#039;\u00c9tat avant de mener toute activit\u00e9 de perturbation du sol.<\/p>\n<p>La seule ressource officielle sur le territoire du projet est un portage pour cano\u00ebs au barrage. D&#039;autres ressources existent dans le cadre du projet de la rivi\u00e8re Merrimack, aux am\u00e9nagements de Garvin Falls et d&#039;Amoskeag. Les projets de la rivi\u00e8re Merrimack sont r\u00e9gis par un plan de gestion des loisirs \u00e9labor\u00e9 en consultation avec les organismes publics et les acteurs du secteur des loisirs. L&#039;acc\u00e8s public est gratuit.<\/p>\n<hr \/>\n<h3>\u00c9tat de conformit\u00e9<\/h3>\n<p><strong>Le certificat comprend la condition sp\u00e9cifique \u00e0 l&#039;\u00e9tablissement suivante :<\/strong><\/p>\n<p><strong>Condition 1 :<\/strong> Le propri\u00e9taire de l&#039;installation doit fournir des mises \u00e0 jour de statut au LIHI dans les soumissions annuelles de conformit\u00e9 sur : a) l&#039;amont <span class='tooltipsall tooltip_post_id_5566 classtoolTips59'>passage des poissons<\/span> Calendrier de consultation et de construction\u00a0; et b) sur les \u00e9tudes d&#039;efficacit\u00e9 du passage des anguilles en aval. Le rapport annuel doit inclure tous les dossiers de consultation de l&#039;agence et l&#039;accord sur les mesures finales et l&#039;efficacit\u00e9 du passage des poissons. Le LIHI se r\u00e9serve le droit de modifier la certification en fonction des r\u00e9sultats de l&#039;efficacit\u00e9 du passage.<\/p>\n<p><strong>2025:<\/strong> Aucun changement important ni probl\u00e8me de conformit\u00e9 n&#039;a \u00e9t\u00e9 identifi\u00e9. Le projet demeure conforme suite \u00e0 l&#039;examen annuel. Concernant la condition 1 a), le projet a indiqu\u00e9 que <span class='tooltipsall tooltip_post_id_5568 classtoolTips128'>passe \u00e0 poissons<\/span> la construction est en cours et la date d&#039;ach\u00e8vement est pr\u00e9vue en 2025. Pour la condition 1 b), le projet a signal\u00e9 ne pas effectuer d&#039;arr\u00eats nocturnes en raison de la construction de la passe \u00e0 poissons.<\/p>\n<p><strong>2024:<\/strong> Aucun changement important ni probl\u00e8me de conformit\u00e9 n&#039;a \u00e9t\u00e9 identifi\u00e9. Le projet demeure conforme suite \u00e0 l&#039;examen annuel. Concernant la condition 1 a), le projet a signal\u00e9 que la construction de la passe \u00e0 poissons a \u00e9t\u00e9 report\u00e9e en 2023 en raison de d\u00e9bits \u00e9lev\u00e9s, et que les travaux devraient commencer en 2024. Concernant la condition 1 b), le projet a signal\u00e9 des fermetures nocturnes continues.<\/p>\n<p><strong>2023:<\/strong> Aucun changement important ni probl\u00e8me de conformit\u00e9 n&#039;a \u00e9t\u00e9 identifi\u00e9. Le projet demeure conforme suite \u00e0 l&#039;examen annuel. Concernant la condition 1 a), le projet a d\u00e9pos\u00e9 les plans de construction d\u00e9finitifs de la passe \u00e0 poissons naturelle, dont la construction est pr\u00e9vue pour 2023. Concernant la condition 1 b), le projet a signal\u00e9 des fermetures nocturnes continues.<\/p>\n<p><strong>2022:<\/strong> Aucun changement important ni probl\u00e8me de conformit\u00e9 n&#039;a \u00e9t\u00e9 identifi\u00e9. Le projet demeure conforme suite \u00e0 l&#039;examen annuel. Concernant la condition 1 a), le projet a d\u00e9pos\u00e9 les plans de conception 90% pour la passe \u00e0 poissons naturelle, dont la construction est pr\u00e9vue en 2022. Concernant la condition 1 b), le projet a fait \u00e9tat d&#039;un accord pr\u00e9voyant des coupures partielles nocturnes provisoires (production r\u00e9duite de 50%) pour les anguilles lorsque des pr\u00e9cipitations de 0,25\u00a0po sont pr\u00e9vues entre le 15\u00a0ao\u00fbt et le 15\u00a0novembre.<\/p>\n<p><strong>2021:<\/strong> Aucun changement ni probl\u00e8me de conformit\u00e9 n&#039;a \u00e9t\u00e9 signal\u00e9. Le projet demeure conforme suite \u00e0 l&#039;examen annuel. Concernant la condition 1, le projet a fait \u00e9tat d&#039;une consultation continue avec les organismes responsables des ressources sur la conception finale du passage en amont.<\/p>\n<p><strong>2020:<\/strong> Aucun changement ni probl\u00e8me de conformit\u00e9 n&#039;a \u00e9t\u00e9 signal\u00e9. Le projet demeure conforme suite \u00e0 l&#039;examen annuel. Concernant la condition 1, le projet a fait \u00e9tat d&#039;une consultation avec les organismes de ressources sur la conception du passage en amont et de l&#039;ach\u00e8vement de l&#039;\u00e9tude de 2019 sur le passage de l&#039;anguille d&#039;Am\u00e9rique en aval.<\/p>\n<p><strong>2019:<\/strong> Le rapport annuel pour le certificat actuel n\u2019est pas encore entr\u00e9 en vigueur.<\/p>\n<hr \/>\n<h3>Historique des certifications<\/h3>\n<p><strong>1er janvier 2022 :<\/strong> La dur\u00e9e du certificat LIHI a \u00e9t\u00e9 prolong\u00e9e conform\u00e9ment \u00e0 la r\u00e9vision 2.05 du manuel de certification LIHI 2e \u00e9dition publi\u00e9 le 1er janvier 2022. Reportez-vous au tableau des \u00e9tablissements ci-dessus pour conna\u00eetre la nouvelle dur\u00e9e.<\/p>\n<p><strong>10 septembre 2019 :<\/strong> La d\u00e9cision de certifier le projet hydro\u00e9lectrique de Hooksett est d\u00e9finitive. Aucun appel n&#039;a \u00e9t\u00e9 re\u00e7u pendant la p\u00e9riode d&#039;appel, qui s&#039;est termin\u00e9e le 7 septembre 2019. La p\u00e9riode de certification du projet s&#039;\u00e9tend du 17 mai 2019 au 16 mai 2024.<\/p>\n<p><strong>8 ao\u00fbt 2019 : <\/strong>\u00a0Le Low Impact Hydropower Institute a approuv\u00e9 la certification \u00ab\u00a0faible impact\u00a0\u00bb pour le projet hydro\u00e9lectrique de Hooksett. Cette d\u00e9cision est provisoire, dans l&#039;attente d&#039;un d\u00e9lai d&#039;appel de 30\u00a0jours. Seuls les participants ayant comment\u00e9 la demande initiale pendant ce d\u00e9lai de 60\u00a0jours sont autoris\u00e9s \u00e0 d\u00e9poser un recours. Ce recours doit inclure une explication expliquant en quoi le projet ne r\u00e9pond pas aux crit\u00e8res du LIHI. Les demandes de recours peuvent \u00eatre soumises par courriel \u00e0 l&#039;adresse suivante\u00a0: <a href=\"mailto:comments@lowimpacthydro.org\">comments@lowimpacthydro.org<\/a> avec \u00ab\u00a0Projet hydro\u00e9lectrique de Hooksett\u00a0\u00bb en objet, ou par courrier adress\u00e9 au Low Impact Hydropower Institute, 329 Massachusetts Ave, Suite 6, Lexington, MA 02420. Toutes les demandes seront publi\u00e9es sur le site web. Le demandeur aura la possibilit\u00e9 de r\u00e9pondre, et toute r\u00e9ponse sera \u00e9galement publi\u00e9e. <strong>Les demandes doivent \u00eatre re\u00e7ues avant 17 h, heure de l\u2019Est, le 7 septembre 2019.\u00a0 <\/strong>Le dossier complet et le rapport des \u00e9valuateurs sont disponibles ci-dessous. Si aucune demande d&#039;appel n&#039;est re\u00e7ue et que la d\u00e9cision devient d\u00e9finitive, la certification du projet (LIHI #162) sera accord\u00e9e le 17 mai 2019 pour une dur\u00e9e de cinq (5) ans, jusqu&#039;au 16 mai 2024.<\/p>\n<p><strong>20 mai 2019 : <\/strong>Le Low Impact Hydropower Institute a re\u00e7u une demande compl\u00e8te de certification \u00e0 faible impact pour le projet hydro\u00e9lectrique de Hooksett. Le LIHI sollicite les commentaires du public sur cette demande. Plus pr\u00e9cis\u00e9ment, nous souhaitons savoir si, selon vous, le projet r\u00e9pond aux crit\u00e8res de certification \u00e0 faible impact du LIHI, tels que r\u00e9vis\u00e9s dans la 2e \u00e9dition du manuel. Veuillez consulter le programme et les crit\u00e8res dans la version r\u00e9vis\u00e9e du LIHI.\u00a0<a href=\"https:\/\/lowimpacthydro.org\/wp-content\/uploads\/2020\/07\/2nd-edition-handbook-20160315-rev2.02-7-20-16.pdf\">Manuel<\/a><a href=\"https:\/\/lowimpacthydro.org\/wp-content\/uploads\/2020\/07\/2nd-edition-handbook-20160315-rev2.02-7-20-16.pdf\">\u00a0<\/a>et consultez ensuite les documents de candidature du projet ci-dessous. Les commentaires directement li\u00e9s \u00e0 des crit\u00e8res sp\u00e9cifiques du LIHI (d\u00e9bits, qualit\u00e9 de l&#039;eau, passage des poissons, etc.) seront les plus utiles, mais tous les commentaires seront pris en compte. Les commentaires peuvent \u00eatre soumis \u00e0 l&#039;Institut par courrier \u00e9lectronique \u00e0 l&#039;adresse\u00a0<a href=\"mailto:comments@lowimpacthydro.org\">comments@lowimpacthydro.org<\/a>\u00a0avec \u00ab\u00a0Commentaires sur le projet Hooksett\u00a0\u00bb dans l&#039;objet, ou par courrier adress\u00e9 au Low Impact Hydropower Institute, 329 Massachusetts Avenue, Suite 6, Lexington, MA 02420.\u00a0 <strong>Les commentaires doivent \u00eatre re\u00e7us au plus tard \u00e0 17 heures, heure de l&#039;Est, le 19 juillet 2019.<\/strong>\u00a0\u00e0 prendre en consid\u00e9ration. Tous les commentaires seront publi\u00e9s sur le site Web et le candidat aura la possibilit\u00e9 d&#039;y r\u00e9pondre. Toute r\u00e9ponse sera \u00e9galement publi\u00e9e.<\/p>\n<hr \/>\n<h3>Dossiers de certification<\/h3>\n<h4>Certification 2019<\/h4>\n<ul style=\"color: black;\">\n<li><a href=\"https:\/\/lowimpacthydro.org\/wp-content\/uploads\/2020\/07\/Hookset_FullReview_2Aug2019_Final.pdf\">Rapport d&#039;examen de la certification Hooksett 2019<\/a><\/li>\n<li><a href=\"https:\/\/lowimpacthydro.org\/wp-content\/uploads\/2020\/07\/LIHI-Application-Hooksett-20190508-Reduced.pdf\">Demande de certification Hooksett 2019<\/a><\/li>\n<\/ul>\n<hr \/>\n<h3>Documents cl\u00e9s<\/h3>\n<ul>\n<li><a href=\"https:\/\/lowimpacthydro.org\/wp-content\/uploads\/2020\/12\/2007-Merrimack-River-Project-FERC-license-and-WQC.pdf\">Licence FERC et certificat de qualit\u00e9 de l&#039;eau du projet de la rivi\u00e8re Merrimack 2007<\/a><\/li>\n<li><a href=\"https:\/\/lowimpacthydro.org\/wp-content\/uploads\/2020\/12\/2006-Merrimack-River-Project-FERC-EA.pdf\">\u00c9valuation environnementale du projet de la rivi\u00e8re Merrimack (FERC) 2006<\/a><\/li>\n<\/ul>","protected":false},"excerpt":{"rendered":"<p>Project Name Hooksett LIHI Certificate No. 162 LIHI Certificate Term May 17, 2019 &#8211; May 16, 2029 Owner Central Rivers Power NH, LLC, a subsidiary of<span class=\"excerpt-hellip\"> [\u2026]<\/span><\/p>\n","protected":false},"author":3,"featured_media":-1,"parent":0,"menu_order":0,"comment_status":"closed","ping_status":"closed","template":"","meta":{"_coblocks_attr":"","_coblocks_dimensions":"","_coblocks_responsive_height":"","_coblocks_accordion_ie_support":"","om_disable_all_campaigns":false,"_monsterinsights_skip_tracking":false,"_monsterinsights_sitenote_active":false,"_monsterinsights_sitenote_note":"","_monsterinsights_sitenote_category":0,"footnotes":""},"class_list":["post-586","page","type-page","status-publish","has-post-thumbnail","hentry"],"aioseo_notices":[],"_links":{"self":[{"href":"https:\/\/lowimpacthydro.org\/fr\/wp-json\/wp\/v2\/pages\/586","targetHints":{"allow":["GET"]}}],"collection":[{"href":"https:\/\/lowimpacthydro.org\/fr\/wp-json\/wp\/v2\/pages"}],"about":[{"href":"https:\/\/lowimpacthydro.org\/fr\/wp-json\/wp\/v2\/types\/page"}],"author":[{"embeddable":true,"href":"https:\/\/lowimpacthydro.org\/fr\/wp-json\/wp\/v2\/users\/3"}],"replies":[{"embeddable":true,"href":"https:\/\/lowimpacthydro.org\/fr\/wp-json\/wp\/v2\/comments?post=586"}],"version-history":[{"count":12,"href":"https:\/\/lowimpacthydro.org\/fr\/wp-json\/wp\/v2\/pages\/586\/revisions"}],"predecessor-version":[{"id":9707,"href":"https:\/\/lowimpacthydro.org\/fr\/wp-json\/wp\/v2\/pages\/586\/revisions\/9707"}],"wp:featuredmedia":[{"embeddable":true,"href":"https:\/\/lowimpacthydro.org\/fr\/wp-json\/"}],"wp:attachment":[{"href":"https:\/\/lowimpacthydro.org\/fr\/wp-json\/wp\/v2\/media?parent=586"}],"curies":[{"name":"wp","href":"https:\/\/api.w.org\/{rel}","templated":true}]}}