{"id":574,"date":"2020-07-15T23:27:08","date_gmt":"2020-07-16T03:27:08","guid":{"rendered":"https:\/\/lowimpacthydro.org\/new\/?page_id=574"},"modified":"2025-06-11T15:04:55","modified_gmt":"2025-06-11T19:04:55","slug":"lihi-certificate-164-feeder-dam-hydroelectric-project-new-york","status":"publish","type":"page","link":"https:\/\/lowimpacthydro.org\/fr\/lihi-certificate-164-feeder-dam-hydroelectric-project-new-york\/","title":{"rendered":"Projet de barrage d&#039;alimentation, LIHI #164 \u2013 Rivi\u00e8re Hudson, NY"},"content":{"rendered":"<table class=\"alignright\" style=\"width: 351px; border: 2px; cellspacing: 2px; cellpadding: 2px; margin-left: 50px;\">\n<tbody>\n<tr>\n<td width=\"162\"><strong>Nom du projet<\/strong><\/td>\n<td width=\"165\">Mangeoire <span class='tooltipsall tooltip_post_id_5545 classtoolTips158'>Barrage<\/span><\/td>\n<\/tr>\n<tr>\n<td><strong>Num\u00e9ro de certificat LIHI<br \/>\n<\/strong><\/td>\n<td>164<\/td>\n<\/tr>\n<tr>\n<td><strong>Dur\u00e9e du certificat LIHI<br \/>\n<\/strong><\/td>\n<td>11 juin 2019 \u2013 10 juin 2032<\/td>\n<\/tr>\n<tr>\n<td width=\"162\"><strong>Propri\u00e9taire<\/strong><\/td>\n<td width=\"165\">Erie Boulevard Hydropower, LP, une filiale de Brookfield Renewable Energy Group<\/td>\n<\/tr>\n<tr>\n<td width=\"162\"><strong>\u00c9tat<\/strong><\/td>\n<td width=\"165\">New York<\/td>\n<\/tr>\n<tr>\n<td width=\"162\"><strong>Emplacement<\/strong><\/td>\n<td width=\"165\">Mile 203 sur la rivi\u00e8re Hudson<\/td>\n<\/tr>\n<tr>\n<td width=\"162\"><strong>Capacit\u00e9 install\u00e9e<\/strong><\/td>\n<td width=\"165\">6 MW<\/td>\n<\/tr>\n<tr>\n<td width=\"162\"><strong>G\u00e9n\u00e9ration annuelle moyenne<\/strong><\/td>\n<td width=\"165\">25 173 MWh<\/td>\n<\/tr>\n<tr>\n<td width=\"162\"><strong>Type d&#039;\u00e9tablissement<\/strong><\/td>\n<td width=\"165\">Pulsation<\/td>\n<\/tr>\n<tr>\n<td width=\"162\"><strong><span class='tooltipsall tooltip_post_id_5565 classtoolTips152'>F\u00e9d\u00e9ration internationale de radio-t\u00e9l\u00e9vision (FERC)<\/span> Non.<\/strong><\/td>\n<td width=\"165\">P-2554 d\u00e9livr\u00e9 en 2002, expire le 31\/08\/2042<\/td>\n<\/tr>\n<\/tbody>\n<\/table>\n<p>Le projet de barrage Feeder est situ\u00e9 sur le fleuve Hudson, dans les comt\u00e9s de Saratoga et de Warren, dans l&#039;\u00c9tat de New York. Construit en 1828, il a \u00e9t\u00e9 modifi\u00e9 pour la production hydro\u00e9lectrique en 1924. Quatre barrages se trouvent en amont, dont <a href=\"https:\/\/lowimpacthydro.org\/fr\/lihi-certificate-177-sherman-island-hydroelectric-project-new-york\/\">\u00cele Sherman (LIHI #177)<\/a>, et dix barrages se trouvent en aval du projet, dont <a href=\"https:\/\/lowimpacthydro.org\/fr\/glens-falls-project-lihi-certificate-172-new-york\/\">Glens Falls (LIHI #172)<\/a>Le projet de retenue est g\u00e9r\u00e9 par la New York State Thruway Authority pour assurer l&#039;approvisionnement en eau du Feeder <span class='tooltipsall tooltip_post_id_5537 classtoolTips143'>Canal<\/span> Ce projet soutient la navigation dans le canal Champlain entre Fort Edward et le lac Champlain. Il appartient \u00e0 Erie Boulevard Hydropower, LLC (Brookfield Renewable Energy Group).<\/p>\n<p>Le projet comprend un <span class='tooltipsall tooltip_post_id_5545 classtoolTips158'>barrage<\/span>, bief amont, <span class='tooltipsall tooltip_post_id_5651 classtoolTips116'>d\u00e9versoir<\/span>, ferm\u00e9 <span class='tooltipsall tooltip_post_id_5574 classtoolTips146'>buse<\/span>, <span class='tooltipsall tooltip_post_id_5624 classtoolTips102'>centrale<\/span>, et <span class='tooltipsall tooltip_post_id_5656 classtoolTips92'>sous-station<\/span>.<\/p>\n<p>Le barrage mesure 21 pieds de hauteur avec trois pieds de profondeur. <span class='tooltipsall tooltip_post_id_5569 classtoolTips79'>tableaux d&#039;affichage<\/span>. L&#039;eau est transport\u00e9e depuis le <span class='tooltipsall tooltip_post_id_5583 classtoolTips100'>source<\/span> \u00e9tang \u00e0 travers <span class='tooltipsall tooltip_post_id_5582 classtoolTips122'>portes de t\u00eate<\/span> Le bassin d&#039;admission, long de 76 m\u00e8tres, est ensuite achemin\u00e9 par un canal ferm\u00e9 jusqu&#039;aux groupes \u00e9lectrog\u00e8nes. La centrale est \u00e9quip\u00e9e de cinq turbines \u00e0 h\u00e9lice verticale d&#039;une puissance install\u00e9e totale de 6 MW. Le projet fonctionne avec une limite de fluctuation de retenue de 60 cm (2,0 pieds) lorsque le d\u00e9bit fluvial se situe dans la plage de fonctionnement des turbines. Cette limite est r\u00e9duite \u00e0 30 cm (1 pied) du 1er avril au 15 juin afin de faciliter la reproduction des poissons.<\/p>\n<p>Le projet fonctionne en mode puls\u00e9 en tant que projet de rer\u00e9gulation avec un r\u00e9servoir qui comprend environ 717 acres en bassin normal. <span class='tooltipsall tooltip_post_id_5588 classtoolTips83'>Mise en fourri\u00e8re<\/span> Les fluctuations sont saisonni\u00e8res et limit\u00e9es \u00e0 60 cm, sauf entre le 1er avril et le 15 juin, o\u00f9 elles sont limit\u00e9es \u00e0 30 cm. Le d\u00e9bit quotidien moyen minimal est de 5\u00a0200 m\u00b3\/s en aval du barrage et le d\u00e9bit instantan\u00e9 <span class='tooltipsall tooltip_post_id_5525 classtoolTips28'>d\u00e9bit de base<\/span> Un d\u00e9bit de 1\u00a0500 pi\u00b3\/s est assur\u00e9 en aval du barrage. Ce r\u00e9gime d&#039;\u00e9coulement a \u00e9t\u00e9 \u00e9labor\u00e9 en collaboration avec le D\u00e9partement de la protection de l&#039;environnement de l&#039;\u00c9tat de New York (NYSDEC).<\/p>\n<p>Les eaux situ\u00e9es dans la zone du projet sont class\u00e9es en classe B, habitat propice aux poissons et activit\u00e9s r\u00e9cr\u00e9atives de contact primaire. Elles sont \u00e9galement class\u00e9es comme pollu\u00e9es par des s\u00e9diments contamin\u00e9s aux PCB, bien que le NYSDEC ait confirm\u00e9 que cette pollution n&#039;est pas imputable au projet.<\/p>\n<p>Les barrages en amont et en aval du projet n&#039;ont pas <span class='tooltipsall tooltip_post_id_5566 classtoolTips59'>passage des poissons<\/span> Mesures et blocage de l&#039;acc\u00e8s aux esp\u00e8ces de poissons migrateurs. L&#039;anguille d&#039;Am\u00e9rique \u00e9tait d\u00e9j\u00e0 pr\u00e9sente dans la rivi\u00e8re et on a constat\u00e9 qu&#039;elle \u00e9tait capable de remonter les barrages en aval pour atteindre le projet, bien que seuls deux individus aient \u00e9t\u00e9 aper\u00e7us (en 1984). Les esp\u00e8ces de poissons r\u00e9sidentes comprennent l&#039;achigan \u00e0 petite bouche, la perchaude, le crapet-soleil, le crapet de roche, le s\u00e9baste, le fondule, le crapet-soleil, le raseux-de-terre gris, le brochet maill\u00e9 et la barbotte noire. <span class='tooltipsall tooltip_post_id_5667 classtoolTips107'>Poubelle<\/span> Les superpositions avec un espacement de 1 pouce et une d\u00e9charge continue de 25 pi\u00b3\/s r\u00e9duisent le risque de <span class='tooltipsall tooltip_post_id_5558 classtoolTips77'>entra\u00eenement<\/span> des esp\u00e8ces r\u00e9sidentes.<\/p>\n<p>Le terrain du projet s&#039;\u00e9tend sur 679 acres. Les terres environnantes sont en grande partie vierges, avec quelques zones r\u00e9sidentielles. Le littoral du bassin de retenue pr\u00e9sente des zones bois\u00e9es et \u00e9mergentes. <span class='tooltipsall tooltip_post_id_5670 classtoolTips125'>zones humides<\/span>.<\/p>\n<p><strong>PLUS-Standard:<\/strong> Le propri\u00e9taire du projet contribue chaque ann\u00e9e au Fonds de mise en valeur des rivi\u00e8res Hudson et Sacandaga afin de soutenir la restauration de l&#039;\u00e9cosyst\u00e8me, l&#039;empoissonnement et la gestion des ressources naturelles. Il contribue \u00e9galement au Fonds de mise en valeur du Grand Lac Sacandaga, qui soutient \u00e9galement la restauration de l&#039;\u00e9cosyst\u00e8me, l&#039;empoissonnement, la gestion et les loisirs dans le bassin. Des contributions sont \u00e9galement vers\u00e9es au Fonds de mise en valeur des p\u00eacheries pour des projets r\u00e9partis dans l&#039;\u00c9tat de New York, visant \u00e0 am\u00e9liorer l&#039;habitat des cours d&#039;eau, l&#039;acc\u00e8s \u00e0 la p\u00eache pour les personnes handicap\u00e9es, la restauration des esp\u00e8ces indig\u00e8nes et l&#039;acquisition de droits de p\u00eache publics.<\/p>\n<p>Les esp\u00e8ces menac\u00e9es ou en voie de disparition potentiellement pr\u00e9sentes \u00e0 proximit\u00e9 du projet comprennent la chauve-souris nordique \u00e0 longues oreilles, la chauve-souris de l&#039;Indiana, le papillon bleu m\u00e9lissa et le papillon lutin givr\u00e9. Une consultation avec le bureau local de l&#039;USFWS \u00e0 New York et le programme du patrimoine naturel du NYSDEC a conclu que le projet n&#039;est pas susceptible d&#039;avoir un impact sur les esp\u00e8ces r\u00e9pertori\u00e9es. Une \u00e9tude a \u00e9t\u00e9 men\u00e9e pour le papillon bleu m\u00e9lissa et le papillon lutin givr\u00e9, mais aucun n&#039;a \u00e9t\u00e9 observ\u00e9. Aucun habitat essentiel pour la chauve-souris de l&#039;Indiana n&#039;a \u00e9t\u00e9 d\u00e9couvert dans la zone du projet, et il n&#039;existe aucun habitat essentiel pour la chauve-souris nordique \u00e0 longues oreilles. Des individus migrateurs peuvent \u00eatre pr\u00e9sents et le projet planifie ses op\u00e9rations conform\u00e9ment \u00e0 la r\u00e8gle 4(d) de l&#039;USFWS pour la protection de la chauve-souris nordique \u00e0 longues oreilles. Cette r\u00e8gle d\u00e9crit les dispositions relatives \u00e0 la pr\u00e9servation de l&#039;habitat forestier de l&#039;esp\u00e8ce, notamment en ce qui concerne le d\u00e9boisement du 1er juin au 31 juillet.<\/p>\n<p>Les structures historiques concern\u00e9es par le projet comprennent le barrage, la centrale \u00e9lectrique et le canal d&#039;alimentation. Le projet est r\u00e9gi par un plan de gestion des ressources culturelles \u00e9labor\u00e9 en concertation avec le Bureau de pr\u00e9servation historique de l&#039;\u00c9tat. Ce plan contient des dispositions visant \u00e0 garantir une gestion ad\u00e9quate des ressources historiques du projet.<\/p>\n<p>Les installations r\u00e9cr\u00e9atives du projet comprennent un canot mis \u00e0 l&#039;eau en aval du barrage Feeder, 16 places de stationnement pour acc\u00e9der au canal Feeder, un parking pour la p\u00eache dans le canal de fuite, deux tables de pique-nique au parc Overlook, une rampe de mise \u00e0 l&#039;eau sur le toit d&#039;une voiture, ainsi qu&#039;un portage pour canot et un point de vente \u00e0 emporter. L&#039;acc\u00e8s public est gratuit, sauf pour des raisons de s\u00e9curit\u00e9 et de propri\u00e9t\u00e9 priv\u00e9e.<\/p>\n<hr \/>\n<h3>\u00c9tat de conformit\u00e9<\/h3>\n<p><strong>Il n&#039;existe aucune condition sp\u00e9cifique \u00e0 l&#039;\u00e9tablissement dans le certificat actuel<\/strong><\/p>\n<p><strong>2025: <\/strong>Aucun changement important ni probl\u00e8me de conformit\u00e9 n&#039;ont \u00e9t\u00e9 identifi\u00e9s. Le projet reste conforme sur la base de l&#039;examen annuel. <strong><br \/>\n<\/strong><\/p>\n<p><strong>2024: <\/strong>Aucun changement important ni probl\u00e8me de conformit\u00e9 n&#039;ont \u00e9t\u00e9 identifi\u00e9s. Le projet reste conforme sur la base de l&#039;examen annuel.<\/p>\n<p><strong>2023: <\/strong>Aucun changement important ni probl\u00e8me de conformit\u00e9 n&#039;ont \u00e9t\u00e9 identifi\u00e9s. Le projet reste conforme sur la base de l&#039;examen annuel.<\/p>\n<p><strong>2022: <\/strong>Aucun changement important ni probl\u00e8me de conformit\u00e9 n&#039;ont \u00e9t\u00e9 identifi\u00e9s. Le projet reste conforme sur la base de l&#039;examen annuel.<\/p>\n<p><strong>2021:<\/strong> Aucun changement ni probl\u00e8me de conformit\u00e9 n&#039;a \u00e9t\u00e9 signal\u00e9. Le projet reste conforme sur la base de l&#039;examen annuel.<\/p>\n<p><strong>2020:<\/strong> Aucun changement ni probl\u00e8me de conformit\u00e9 n&#039;a \u00e9t\u00e9 signal\u00e9. Le projet reste conforme sur la base de l&#039;examen annuel.<\/p>\n<p><strong>2019:<\/strong> Le rapport annuel pour le certificat actuel n\u2019est pas encore entr\u00e9 en vigueur.<\/p>\n<hr \/>\n<h3>Historique des certifications<\/h3>\n<p><strong>1er janvier 2022 :<\/strong> La dur\u00e9e du certificat LIHI a \u00e9t\u00e9 prolong\u00e9e conform\u00e9ment \u00e0 la r\u00e9vision 2.05 du manuel de certification LIHI 2e \u00e9dition publi\u00e9 le 1er janvier 2022. Reportez-vous au tableau des \u00e9tablissements ci-dessus pour conna\u00eetre la nouvelle dur\u00e9e.<\/p>\n<p><strong>14 octobre 2019 :<\/strong> La d\u00e9cision de certifier le projet de barrage d&#039;alimentation est d\u00e9finitive. Aucune demande d&#039;appel n&#039;a \u00e9t\u00e9 re\u00e7ue pendant la p\u00e9riode d&#039;appel qui s&#039;est termin\u00e9e le 12 octobre 2019. Le projet, dont le num\u00e9ro est LIHI #164, s&#039;\u00e9tend du 11 juin 2019 au 10 juin 2027.<\/p>\n<p><strong>12 septembre 2019 :<\/strong> Le Low Impact Hydropower Institute a approuv\u00e9 provisoirement la certification \u00ab\u00a0faible impact\u00a0\u00bb pour le projet hydro\u00e9lectrique du barrage d&#039;alimentation. Cette d\u00e9cision est provisoire, dans l&#039;attente d&#039;un d\u00e9lai d&#039;appel de 30\u00a0jours. Seuls les participants ayant comment\u00e9 la demande initiale pendant ce d\u00e9lai de 60\u00a0jours sont autoris\u00e9s \u00e0 d\u00e9poser un recours. Ce recours doit inclure une explication expliquant en quoi le projet ne r\u00e9pond pas aux crit\u00e8res du LIHI. Les demandes de recours peuvent \u00eatre soumises par courriel \u00e0 l&#039;adresse suivante\u00a0: <a href=\"mailto:comments@lowimpacthydro.org\">comments@lowimpacthydro.org<\/a> avec \u00ab\u00a0Projet hydro\u00e9lectrique de barrage d&#039;alimentation\u00a0\u00bb en objet, ou par courrier adress\u00e9 au Low Impact Hydropower Institute, 329 Massachusetts Ave, Suite 6, Lexington, MA 02420. Toutes les demandes seront publi\u00e9es sur le site web. Le demandeur aura la possibilit\u00e9 de r\u00e9pondre, et toute r\u00e9ponse sera \u00e9galement publi\u00e9e. <strong>Les demandes doivent \u00eatre re\u00e7ues avant 17 h, heure de l\u2019Est, le 12 octobre 2019.\u00a0 <\/strong>Le dossier complet et le rapport des \u00e9valuateurs sont disponibles ci-dessous. Si aucune demande d&#039;appel n&#039;est re\u00e7ue et que la d\u00e9cision devient d\u00e9finitive, la certification du projet (LIHI #164) sera accord\u00e9e le 11 juin 2019 pour une dur\u00e9e de huit (8) ans, jusqu&#039;au 10 juin 2027.<\/p>\n<p><strong>12 juin 2019 : <\/strong>Le Low Impact Hydropower Institute a re\u00e7u une demande compl\u00e8te de certification \u00e0 faible impact pour le projet hydro\u00e9lectrique du barrage d&#039;alimentation. Le LIHI sollicite les commentaires du public sur cette demande. Plus pr\u00e9cis\u00e9ment, nous souhaitons savoir si, selon vous, le projet r\u00e9pond aux crit\u00e8res de certification \u00e0 faible impact du LIHI, tels que r\u00e9vis\u00e9s dans la 2e \u00e9dition du manuel. Veuillez consulter le programme et les crit\u00e8res dans la version r\u00e9vis\u00e9e du LIHI.\u00a0<a href=\"https:\/\/lowimpacthydro.org\/wp-content\/uploads\/2020\/07\/2nd-edition-handbook-20160315-rev2.02-7-20-16.pdf\">Manuel<\/a><a href=\"https:\/\/lowimpacthydro.org\/wp-content\/uploads\/2020\/07\/2nd-edition-handbook-20160315-rev2.02-7-20-16.pdf\">\u00a0<\/a>et consultez ensuite les documents de candidature du projet ci-dessous. Les commentaires directement li\u00e9s \u00e0 des crit\u00e8res sp\u00e9cifiques du LIHI (d\u00e9bits, qualit\u00e9 de l&#039;eau, passage des poissons, etc.) seront les plus utiles, mais tous les commentaires seront pris en compte. Les commentaires peuvent \u00eatre soumis \u00e0 l&#039;Institut par courrier \u00e9lectronique \u00e0 l&#039;adresse\u00a0<a href=\"mailto:comments@lowimpacthydro.org\">comments@lowimpacthydro.org<\/a>\u00a0avec \u00ab Commentaires sur le projet de barrage d&#039;alimentation \u00bb dans la ligne d&#039;objet, ou par courrier adress\u00e9 au Low Impact Hydropower Institute, 329 Massachusetts Avenue, Suite 6, Lexington, MA 02420.\u00a0 <strong>Les commentaires doivent \u00eatre re\u00e7us au plus tard \u00e0 17 heures, heure de l&#039;Est, le 11 ao\u00fbt 2019.<\/strong>\u00a0\u00e0 prendre en consid\u00e9ration. Tous les commentaires seront publi\u00e9s sur le site Web et le candidat aura la possibilit\u00e9 d&#039;y r\u00e9pondre. Toute r\u00e9ponse sera \u00e9galement publi\u00e9e.<\/p>\n<hr \/>\n<h3>Dossiers de certification<\/h3>\n<h4>Certification 2020<\/h4>\n<ul style=\"color: black;\">\n<li><a href=\"https:\/\/lowimpacthydro.org\/wp-content\/uploads\/2020\/07\/FeederDam_FullReview_31Aug2019_V2.pdf\">Rapport d&#039;examen de la certification des barrages d&#039;alimentation 2019<\/a><\/li>\n<li><a href=\"https:\/\/lowimpacthydro.org\/wp-content\/uploads\/2020\/07\/Feeder-Dam-LIHI-Application_20190610.pdf\">Demande de certification de barrage d&#039;alimentation 2019<\/a><\/li>\n<\/ul>\n<hr \/>\n<h3>Documents cl\u00e9s<\/h3>\n<ul>\n<li><a href=\"https:\/\/lowimpacthydro.org\/wp-content\/uploads\/2020\/12\/2002-Feeder-Dam-FERC-license.pdf\">Barrage d&#039;alimentation - Licence FERC 2002<\/a><\/li>\n<li><a href=\"https:\/\/lowimpacthydro.org\/wp-content\/uploads\/2020\/12\/2002-Feeder-Dam-WQC.pdf\">Certificat de qualit\u00e9 de l&#039;eau du barrage d&#039;alimentation 2002<\/a><\/li>\n<li><a href=\"https:\/\/lowimpacthydro.org\/wp-content\/uploads\/2020\/12\/2001-Upper-Hudson-Sacandaga-Projects-FERC-FEIS.pdf\">Projets Sacandaga dans le Haut-Hudson\u00a0: D\u00e9claration finale d&#039;impact environnemental de la FERC 2001<\/a><\/li>\n<li><a href=\"https:\/\/lowimpacthydro.org\/wp-content\/uploads\/2020\/12\/2000-Upper-Hudson-Sacandaga-Projects-settlement-agreement.pdf\">Accord de r\u00e8glement de 2000 sur les projets Sacandaga dans le Haut-Hudson<\/a><\/li>\n<\/ul>","protected":false},"excerpt":{"rendered":"<p>Project Name Feeder Dam LIHI Certificate No. 164 LIHI Certificate Term June 11, 2019 &#8211; June 10, 2032 Owner Erie Boulevard Hydropower, LP, a subsidiary of<span class=\"excerpt-hellip\"> [\u2026]<\/span><\/p>\n","protected":false},"author":3,"featured_media":-1,"parent":0,"menu_order":0,"comment_status":"closed","ping_status":"closed","template":"","meta":{"_coblocks_attr":"","_coblocks_dimensions":"","_coblocks_responsive_height":"","_coblocks_accordion_ie_support":"","om_disable_all_campaigns":false,"_monsterinsights_skip_tracking":false,"_monsterinsights_sitenote_active":false,"_monsterinsights_sitenote_note":"","_monsterinsights_sitenote_category":0,"footnotes":""},"class_list":["post-574","page","type-page","status-publish","has-post-thumbnail","hentry"],"aioseo_notices":[],"_links":{"self":[{"href":"https:\/\/lowimpacthydro.org\/fr\/wp-json\/wp\/v2\/pages\/574","targetHints":{"allow":["GET"]}}],"collection":[{"href":"https:\/\/lowimpacthydro.org\/fr\/wp-json\/wp\/v2\/pages"}],"about":[{"href":"https:\/\/lowimpacthydro.org\/fr\/wp-json\/wp\/v2\/types\/page"}],"author":[{"embeddable":true,"href":"https:\/\/lowimpacthydro.org\/fr\/wp-json\/wp\/v2\/users\/3"}],"replies":[{"embeddable":true,"href":"https:\/\/lowimpacthydro.org\/fr\/wp-json\/wp\/v2\/comments?post=574"}],"version-history":[{"count":9,"href":"https:\/\/lowimpacthydro.org\/fr\/wp-json\/wp\/v2\/pages\/574\/revisions"}],"predecessor-version":[{"id":9715,"href":"https:\/\/lowimpacthydro.org\/fr\/wp-json\/wp\/v2\/pages\/574\/revisions\/9715"}],"wp:featuredmedia":[{"embeddable":true,"href":"https:\/\/lowimpacthydro.org\/fr\/wp-json\/"}],"wp:attachment":[{"href":"https:\/\/lowimpacthydro.org\/fr\/wp-json\/wp\/v2\/media?parent=574"}],"curies":[{"name":"wp","href":"https:\/\/api.w.org\/{rel}","templated":true}]}}