{"id":5174,"date":"2022-03-29T11:49:46","date_gmt":"2022-03-29T15:49:46","guid":{"rendered":"https:\/\/lowimpacthydro.org\/?page_id=5174"},"modified":"2022-05-17T11:34:01","modified_gmt":"2022-05-17T15:34:01","slug":"brassua-project-me","status":"publish","type":"page","link":"https:\/\/lowimpacthydro.org\/fr\/brassua-project-me\/","title":{"rendered":"Demande compl\u00e8te re\u00e7ue \u2013 Projet Brassua, ME"},"content":{"rendered":"<table class=\"alignright\" style=\"width: 351px; border: 2px; cellspacing: 2px; cellpadding: 2px; margin-left: 50px;\">\n<tbody>\n<tr>\n<td width=\"238\"><strong>Nom du projet<\/strong><\/td>\n<td width=\"234\">Brassua<\/td>\n<\/tr>\n<tr>\n<td width=\"238\"><strong>Num\u00e9ro de certificat LIHI<\/strong><\/td>\n<td width=\"234\">N \/ A<\/td>\n<\/tr>\n<tr>\n<td width=\"238\"><strong>Dur\u00e9e du certificat LIHI<\/strong><\/td>\n<td width=\"234\">N \/ A<\/td>\n<\/tr>\n<tr>\n<td width=\"238\"><strong>Propri\u00e9taire<\/strong><\/td>\n<td width=\"234\">Brookfield White Pine Hydro LLC, Merimil Limited Partnership et Eagle Creek Kennebec Hydro, LLC<\/td>\n<\/tr>\n<tr>\n<td width=\"238\"><strong>\u00c9tat<\/strong><\/td>\n<td width=\"234\">Maine<\/td>\n<\/tr>\n<tr>\n<td width=\"238\"><strong>Emplacement<\/strong><\/td>\n<td width=\"234\">Mile 3 de la rivi\u00e8re Moose<\/td>\n<\/tr>\n<tr>\n<td width=\"238\"><strong>Capacit\u00e9 install\u00e9e<\/strong><\/td>\n<td width=\"234\">4,18 MW<\/td>\n<\/tr>\n<tr>\n<td width=\"238\"><strong>G\u00e9n\u00e9ration annuelle moyenne<\/strong><\/td>\n<td width=\"234\">17 879 MWh<\/td>\n<\/tr>\n<tr>\n<td width=\"238\"><strong>Type d&#039;\u00e9tablissement<\/strong><\/td>\n<td width=\"234\">Stockage et <span class='tooltipsall tooltip_post_id_5617 classtoolTips132'>Point culminant<\/span><\/td>\n<\/tr>\n<tr>\n<td width=\"238\"><strong><span class='tooltipsall tooltip_post_id_5565 classtoolTips152'>F\u00e9d\u00e9ration internationale de radio-t\u00e9l\u00e9vision (FERC)<\/span> Non.<\/strong><\/td>\n<td width=\"234\">P-2615, d\u00e9livr\u00e9 le 1er avril 2020 et expirant le 30 avril 2060<\/td>\n<\/tr>\n<\/tbody>\n<\/table>\n<p>Le projet Brassua est situ\u00e9 sur la rivi\u00e8re Moose dans le comt\u00e9 de Somerset, dans le Maine. Le bassin hydrographique de la rivi\u00e8re Moose est situ\u00e9 dans le bassin de la rivi\u00e8re Kennebec, dans l&#039;ouest du Maine, principalement dans le comt\u00e9 de Somerset. La rivi\u00e8re Moose mesure environ 76 miles de long et poss\u00e8de une superficie totale de drainage d&#039;environ 716 miles carr\u00e9s. Le projet Brassua est situ\u00e9 \u00e0 environ 3 miles en amont de l&#039;entr\u00e9e du lac Moosehead et est le seul <span class='tooltipsall tooltip_post_id_5545 classtoolTips158'>barrage<\/span> sur la rivi\u00e8re Moose.<\/p>\n<p>Le projet a \u00e9t\u00e9 construit \u00e0 l&#039;origine comme un projet de stockage de r\u00e9servoir en 1927, est devenu op\u00e9rationnel en 1928 et a fourni des d\u00e9bits fluviaux stabilis\u00e9s \u00e0 d&#039;autres int\u00e9r\u00eats en aval depuis lors. La Federal Power Commission (FPC) a d\u00e9livr\u00e9 une licence originale pour le projet le 16 septembre 1977. La licence \u00e9tait valable pour une p\u00e9riode allant du 1er avril 1962 au 31 d\u00e9cembre 1993. Le projet Brassua est autoris\u00e9 par la Federal Energy Regulatory Commission (FERC) sous le num\u00e9ro de projet 2615.<\/p>\n<p>La licence du projet a \u00e9t\u00e9 modifi\u00e9e en 1987, ce qui a permis \u00e0 la FERC d&#039;approuver la construction des installations de production en 1989, telles qu&#039;elles existent aujourd&#039;hui. <span class='tooltipsall tooltip_post_id_5624 classtoolTips102'>centrale<\/span> a \u00e9t\u00e9 construite en 1989 et a commenc\u00e9 \u00e0 produire le 1er octobre 1989. Cette ordonnance a prolong\u00e9 la dur\u00e9e de la licence de 19 ans, l&#039;expiration de la licence \u00e9tant fix\u00e9e au 31 mars 2012. La FERC a d\u00e9livr\u00e9 une nouvelle licence pour le projet Brassua \u00e0 Brookfield White Pine Hydro LLC, Merimil Limited Partnership et Eagle Creek Kennebec Hydro, LLC (titulaires de licence) le 15 avril 2020 pour une p\u00e9riode de 40 ans, \u00e0 compter du 1er avril 2020.<\/p>\n<p>Le projet comprend le barrage, la centrale \u00e9lectrique, le r\u00e9servoir et les installations annexes. Il comprend un barrage de 1 789 pieds de long retenant un r\u00e9servoir de 9 400 acres (lac Brassua) ; un <span class='tooltipsall tooltip_post_id_5619 classtoolTips124'>conduite forc\u00e9e<\/span> Le projet est reli\u00e9 \u00e0 une centrale \u00e9lectrique contenant une seule turbine g\u00e9n\u00e9ratrice d&#039;une capacit\u00e9 install\u00e9e de 4,18 MW et une ligne de transport de 2 000 pieds de long et de 34,5 kilovolts. Le projet est exploit\u00e9 comme une installation de stockage et de production saisonni\u00e8re o\u00f9 les rejets de d\u00e9bit sont d\u00e9termin\u00e9s par les exigences minimales de d\u00e9bit du cours d&#039;eau et les demandes en aval pour la production hydro\u00e9lectrique dans la rivi\u00e8re Kennebec, ainsi que pour le contr\u00f4le des crues.<\/p>\n<p>Le Brassua <span class='tooltipsall tooltip_post_id_5545 classtoolTips158'>Barrage<\/span> comprend les sections suivantes :<\/p>\n<ul style= \"color:black\">\n<li>une section de remblai sud de 410 pieds de long avec un mur central en b\u00e9ton et surmont\u00e9e d&#039;une barri\u00e8re anti-vagues de 3,5 pieds de haut;<\/li>\n<li>une section de remblai en terre rev\u00eatue de b\u00e9ton de 342 pieds de long surmont\u00e9e d&#039;une barri\u00e8re anti-vagues de 3,5 pieds de haut\u00a0;<\/li>\n<li>un 284 pieds de long <span class='tooltipsall tooltip_post_id_5517 classtoolTips119'>Ambursen<\/span>- type dalle et contrefort <span class='tooltipsall tooltip_post_id_5651 classtoolTips116'>d\u00e9versoir<\/span> section avec cinq verticales <span class='tooltipsall tooltip_post_id_5649 classtoolTips91'>glisser <span class='tooltipsall tooltip_post_id_5578 classtoolTips153'>portes<\/span><\/span>, une vanne coulissante en acier pour \u00e9cluse \u00e0 rondins, dix en bois <span class='tooltipsall tooltip_post_id_5655 classtoolTips105'>journal d&#039;arr\u00eat<\/span> fentes, quatre portes profondes;<\/li>\n<li>une \u00e9l\u00e9vation de cr\u00eate de 1 074 pieds au niveau moyen de la mer (msl) au sommet des vannes coulissantes verticales\u00a0;<\/li>\n<li>une section de 19 pieds de long qui se compose d&#039;un b\u00e9ton inactif <span class='tooltipsall tooltip_post_id_5568 classtoolTips128'>passe \u00e0 poissons<\/span>;<\/li>\n<li>une section de remblai nord de 734 pieds de long avec un mur central en b\u00e9ton et surmont\u00e9e d&#039;une barri\u00e8re anti-vagues de 3,5 pieds de haut.<\/li>\n<\/ul>\n<p>La centrale \u00e9lectrique est situ\u00e9e pr\u00e8s du pied du barrage, du c\u00f4t\u00e9 aval du remblai sud. La centrale \u00e9lectrique contient un seul groupe \u00e9lectrog\u00e8ne \u00e0 arbre horizontal d&#039;une puissance nominale de 4 180 kW. La turbine existante est une unit\u00e9 Kaplan \u00e0 arbre horizontal Voith \u00e0 double r\u00e9gulation d&#039;une puissance nominale de 6 166 CV (4,6 MW). La capacit\u00e9 hydraulique nominale de l&#039;unit\u00e9 est de 1 600 pi3\/s \u00e0 une puissance nominale de 1 600 pi3\/s. <span class='tooltipsall tooltip_post_id_5581 classtoolTips154'>t\u00eate<\/span> de 30,1 pieds. La capacit\u00e9 hydraulique maximale des turbines est d&#039;environ 1 800 pi3\/s et la capacit\u00e9 minimale est d&#039;environ 240 pi3\/s.<\/p>\n<p>Depuis le lac Brassua, l&#039;eau p\u00e9n\u00e8tre dans une structure de prise d&#039;eau en b\u00e9ton \u00e9quip\u00e9e d&#039;un r\u00e2telier \u00e0 d\u00e9chets avec un espacement de barreaux de 3 pouces. L&#039;eau s&#039;\u00e9coule \u00e0 travers une conduite forc\u00e9e en b\u00e9ton de 108 pieds de long jusqu&#039;\u00e0 l&#039;unit\u00e9 turbine-g\u00e9n\u00e9rateur situ\u00e9e dans la centrale \u00e9lectrique. De la centrale \u00e9lectrique, l&#039;eau s&#039;\u00e9coule dans un canal de fuite de 40 pieds de large et de 60 pieds de long avant de se d\u00e9verser dans la rivi\u00e8re Moose. Les d\u00e9bits sont \u00e9galement achemin\u00e9s du bassin de retenue vers le tron\u00e7on aval de la rivi\u00e8re Moose par quatre tuyaux de sortie de 6 pieds de diam\u00e8tre situ\u00e9s \u00e0 la base de la section du d\u00e9versoir du barrage.<\/p>\n<p>Le r\u00e9servoir existant du projet, le lac Brassua, mesure environ 7,75 milles de long et couvre une superficie d&#039;environ 9 400 acres \u00e0 une altitude maximale normale de 1 074 pieds. Le long du bassin de retenue, la limite du projet suit une altitude de 1 076 pieds. La limite du projet englobe les travaux du projet et s&#039;\u00e9tend sur environ 650 pieds en aval du barrage1. L&#039;\u00e9l\u00e9vation normale de l&#039;eau aval du projet se situe entre 1 038 pieds et 1 040 pieds, selon le d\u00e9versoir et le d\u00e9bit de l&#039;unit\u00e9.<\/p>\n<hr>\n<h3>Fichiers:<\/h3>\n<h4>Certification 2022<\/h4>\n<ul style= \"color:black\">\n<li><a href=\"https:\/\/lowimpacthydro.org\/wp-content\/uploads\/2022\/03\/20211202-Brassua-LIHI-Initial-Application.pdf\">Demande de certification Brassua LIHI<\/a><\/li>\n<li><a href=\"https:\/\/lowimpacthydro.org\/wp-content\/uploads\/2022\/05\/Maine-Trout-Unlimited-Comment-Letter-Brassua-Application-2022.pdf\">Lettre de commentaires de Maine Trout Unlimited \u2013 Demande de candidature Brassua 2022<\/a><\/li>\n<\/ul>","protected":false},"excerpt":{"rendered":"<p>Project Name Brassua LIHI Certificate No. N\/A LIHI Certificate Term N\/A Owner Brookfield White Pine Hydro LLC; Merimil Limited Partnership; and Eagle Creek Kennebec Hydro, LLC<span class=\"excerpt-hellip\"> [\u2026]<\/span><\/p>\n","protected":false},"author":3,"featured_media":4088,"parent":0,"menu_order":0,"comment_status":"closed","ping_status":"closed","template":"","meta":{"_coblocks_attr":"","_coblocks_dimensions":"","_coblocks_responsive_height":"","_coblocks_accordion_ie_support":"","om_disable_all_campaigns":false,"_monsterinsights_skip_tracking":false,"_monsterinsights_sitenote_active":false,"_monsterinsights_sitenote_note":"","_monsterinsights_sitenote_category":0,"footnotes":""},"class_list":["post-5174","page","type-page","status-publish","has-post-thumbnail","hentry"],"aioseo_notices":[],"_links":{"self":[{"href":"https:\/\/lowimpacthydro.org\/fr\/wp-json\/wp\/v2\/pages\/5174","targetHints":{"allow":["GET"]}}],"collection":[{"href":"https:\/\/lowimpacthydro.org\/fr\/wp-json\/wp\/v2\/pages"}],"about":[{"href":"https:\/\/lowimpacthydro.org\/fr\/wp-json\/wp\/v2\/types\/page"}],"author":[{"embeddable":true,"href":"https:\/\/lowimpacthydro.org\/fr\/wp-json\/wp\/v2\/users\/3"}],"replies":[{"embeddable":true,"href":"https:\/\/lowimpacthydro.org\/fr\/wp-json\/wp\/v2\/comments?post=5174"}],"version-history":[{"count":5,"href":"https:\/\/lowimpacthydro.org\/fr\/wp-json\/wp\/v2\/pages\/5174\/revisions"}],"predecessor-version":[{"id":6048,"href":"https:\/\/lowimpacthydro.org\/fr\/wp-json\/wp\/v2\/pages\/5174\/revisions\/6048"}],"wp:featuredmedia":[{"embeddable":true,"href":"https:\/\/lowimpacthydro.org\/fr\/wp-json\/wp\/v2\/media\/4088"}],"wp:attachment":[{"href":"https:\/\/lowimpacthydro.org\/fr\/wp-json\/wp\/v2\/media?parent=5174"}],"curies":[{"name":"wp","href":"https:\/\/api.w.org\/{rel}","templated":true}]}}