{"id":5167,"date":"2022-03-29T11:15:07","date_gmt":"2022-03-29T15:15:07","guid":{"rendered":"https:\/\/lowimpacthydro.org\/?page_id=5167"},"modified":"2025-07-10T10:29:04","modified_gmt":"2025-07-10T14:29:04","slug":"lihi-certificate-190-braddock-locks-and-dam-pa","status":"publish","type":"page","link":"https:\/\/lowimpacthydro.org\/fr\/lihi-certificate-190-braddock-locks-and-dam-pa\/","title":{"rendered":"Certificat LIHI #190 \u2013 \u00c9cluses et barrage de Braddock, Pennsylvanie"},"content":{"rendered":"<p>&nbsp;<\/p>\n<table class=\"alignright\" style=\"width: 351px; border: 2px; cellspacing: 2px; cellpadding: 2px; margin-left: 50px;\">\n<tbody>\n<tr>\n<td width=\"238\"><strong>Nom du projet<\/strong><\/td>\n<td width=\"234\">\u00c9cluses de Braddock et <span class='tooltipsall tooltip_post_id_5545 classtoolTips158'>Barrage<\/span><\/td>\n<\/tr>\n<tr>\n<td width=\"238\"><strong>Num\u00e9ro de certificat LIHI<\/strong><\/td>\n<td width=\"234\">190<\/td>\n<\/tr>\n<tr>\n<td width=\"238\"><strong>Dur\u00e9e du certificat LIHI<\/strong><\/td>\n<td width=\"234\">\u00c0 d\u00e9terminer lorsque le projet deviendra op\u00e9rationnel<\/td>\n<\/tr>\n<tr>\n<td width=\"238\"><strong>Propri\u00e9taire<\/strong><\/td>\n<td width=\"234\">Fonds Lock+ Hydro Friends XLII, LLC<\/td>\n<\/tr>\n<tr>\n<td width=\"238\"><strong>\u00c9tat<\/strong><\/td>\n<td width=\"234\">Pennsylvanie<\/td>\n<\/tr>\n<tr>\n<td width=\"238\"><strong>Emplacement<\/strong><\/td>\n<td width=\"234\">Mile 11,2 sur la rivi\u00e8re Monongahela<\/td>\n<\/tr>\n<tr>\n<td width=\"238\"><strong>Capacit\u00e9 install\u00e9e<\/strong><\/td>\n<td width=\"234\">5,25 MW<\/td>\n<\/tr>\n<tr>\n<td width=\"238\"><strong>G\u00e9n\u00e9ration annuelle moyenne<\/strong><\/td>\n<td width=\"234\">32 263 MWh pr\u00e9vus<\/td>\n<\/tr>\n<tr>\n<td width=\"238\"><strong>Type d&#039;\u00e9tablissement<\/strong><\/td>\n<td width=\"234\"><span class='tooltipsall tooltip_post_id_5643 classtoolTips52'>Au fil de l&#039;eau<\/span><\/td>\n<\/tr>\n<tr>\n<td width=\"238\"><strong><span class='tooltipsall tooltip_post_id_5565 classtoolTips152'>F\u00e9d\u00e9ration internationale de radio-t\u00e9l\u00e9vision (FERC)<\/span> Non.<\/strong><\/td>\n<td width=\"234\">P-13739, d\u00e9livr\u00e9 en 2015, expire le 31\/05\/2065<\/td>\n<\/tr>\n<\/tbody>\n<\/table>\n<p>Le projet d&#039;\u00e9cluses et de barrage de Braddock est situ\u00e9 sur la rivi\u00e8re Monongahela, dans l&#039;arrondissement de West Mifflin et la ville de Duquesne, en Pennsylvanie. Situ\u00e9 dans un corps d&#039;ing\u00e9nieurs de l&#039;arm\u00e9e (ACOE) <span class='tooltipsall tooltip_post_id_5545 classtoolTips158'>barrage<\/span>Le projet hydro\u00e9lectrique devrait \u00eatre op\u00e9rationnel en 2026.<\/p>\n<p>Le barrage et les \u00e9cluses de Braddock de l&#039;ACOE sont l&#039;une des neuf structures de navigation qui composent le syst\u00e8me de navigation de la rivi\u00e8re Monongahela, autoris\u00e9 par le Congr\u00e8s \u00e0 assurer la navigation toute l&#039;ann\u00e9e sur la rivi\u00e8re Monongahela entre Pittsburgh, en Pennsylvanie, et Fairmont, en Virginie-Occidentale. Le site s&#039;appelait \u00e0 l&#039;origine barrage de Monongahela 2 et a \u00e9t\u00e9 construit en 1906. Il a \u00e9t\u00e9 reconstruit en 1953, puis d\u00e9moli et remplac\u00e9 en 2004 et rebaptis\u00e9 \u00e9cluses et barrage de Braddock. Les \u00e9cluses et barrages de Braddock sont le barrage le plus en aval de la rivi\u00e8re Monongahela et sont situ\u00e9s \u00e0 11,2 milles de rivi\u00e8re en amont de la confluence des rivi\u00e8res Monongahela et Allegheny qui se rejoignent pour former la rivi\u00e8re Ohio.<\/p>\n<p>Le projet est situ\u00e9 au niveau des \u00e9cluses et du barrage de 1 007 pieds de long qui comprennent :<\/p>\n<ul style=\"color: black;\">\n<li>une section ferm\u00e9e de 504 pieds de long (quatre baies ferm\u00e9es de 110 pieds de long)\u00a0;<\/li>\n<li>un d\u00e9versoir \u00e0 cr\u00eate fixe de 84 pieds de long;<\/li>\n<li>une \u00e9cluse c\u00f4t\u00e9 terre de 110 pieds de largeur sur 720 pieds de longueur et une \u00e9cluse c\u00f4t\u00e9 rivi\u00e8re de 56 pieds de largeur sur 360 pieds de longueur, qui fournissent une \u00e9l\u00e9vation verticale de 8,7 pieds;<\/li>\n<li>une droite de 55 pieds de long <span class='tooltipsall tooltip_post_id_5514 classtoolTips118'>pilier<\/span>; et<\/li>\n<li>un barrage de fermeture gauche de 133 pieds de long et de 52 pieds de large, construit en t\u00f4le cellulaire et en b\u00e9ton cellulaire fond\u00e9 sur le roc \u00e0 une altitude de 670,0 pieds <span class='tooltipsall tooltip_post_id_5605 classtoolTips2'>Syst\u00e8me national de r\u00e9f\u00e9rence verticale g\u00e9od\u00e9sique<\/span> (<span class='tooltipsall tooltip_post_id_5608 classtoolTips155'>NGVD<\/span>).<\/li>\n<\/ul>\n<p>Dans sa version actuelle, le projet hydro\u00e9lectrique de Braddock comprendra les nouvelles installations suivantes :<\/p>\n<ul style=\"color: black;\">\n<li>un acier de 105 pieds de large, 22 pieds de profondeur et 40 pieds de haut <span class='tooltipsall tooltip_post_id_5624 classtoolTips102'>centrale<\/span> ancr\u00e9 au barrage de fermeture gauche de l&#039;ACOE;<\/li>\n<li>des grilles \u00e0 d\u00e9chets aux prises d&#039;eau des centrales \u00e9lectriques, \u00e0 construire \u00e0 environ 10 pieds sous la surface de la rivi\u00e8re et mesurant environ 30 pieds de haut et 20 pieds de large pour chaque prise, avec un espacement de 6 pouces;<\/li>\n<li>sept bas-<span class='tooltipsall tooltip_post_id_5581 classtoolTips154'>t\u00eate<\/span>, unit\u00e9s turbine\/g\u00e9n\u00e9rateur modulaires horizontales \u00e0 bulbe, chacune d&#039;une capacit\u00e9 install\u00e9e de 0,75 MW, pour une capacit\u00e9 totale de 5,25 MW ;<\/li>\n<li>un canal d\u2019acc\u00e8s \u00e0 la centrale \u00e9lectrique;<\/li>\n<li>un canal de fuite renvoyant le d\u00e9bit vers la rivi\u00e8re Monongahela\u00a0;<\/li>\n<li>une ligne de transmission de 0,45 mile de long et de 23 kilovolts (kV) construite entre la centrale \u00e9lectrique et un chemin de fer Union existant <span class='tooltipsall tooltip_post_id_5656 classtoolTips92'>sous-station<\/span>;<\/li>\n<li>un poste de man\u0153uvre d&#039;environ 460 pieds carr\u00e9s;<\/li>\n<li>une barri\u00e8re de voie navigable install\u00e9e en amont du projet pour emp\u00eacher l&#039;entr\u00e9e de d\u00e9bris et de bateaux ; et<\/li>\n<li>installations annexes.<\/li>\n<\/ul>\n<p>Le projet fonctionnera en mode de largage. L&#039;ajout de la production hydro\u00e9lectrique \u00e0 ce barrage entra\u00eenera des d\u00e9bits plus \u00e9lev\u00e9s sur la rive ouest de la rivi\u00e8re. Ainsi, le propri\u00e9taire du projet a propos\u00e9 que l&#039;ACOE continue de lib\u00e9rer un minimum de 20% de d\u00e9bit disponible, jusqu&#039;\u00e0 un d\u00e9bit maximal de 9 440 pi3\/s, par la vanne environnementale. Le reste passerait par les turbines propos\u00e9es ou par l&#039;autre <span class='tooltipsall tooltip_post_id_5578 classtoolTips153'>portes<\/span>L&#039;ACOE a d\u00e9termin\u00e9 qu&#039;au lieu de modifier le d\u00e9bit, elle maintiendrait un d\u00e9bit minimum de 7 250 pi3\/s \u00e0 travers la vanne environnementale.<\/p>\n<p>Les eaux situ\u00e9es dans la zone d&#039;application du projet sont d\u00e9sign\u00e9es comme une p\u00eacherie d&#039;eau chaude avec une classification de cat\u00e9gorie 4a en raison d&#039;une alt\u00e9ration de la consommation de poisson caus\u00e9e par <span class='tooltipsall tooltip_post_id_5616 classtoolTips157'>biph\u00e9nyles polychlor\u00e9s<\/span> (<span class='tooltipsall tooltip_post_id_5616 classtoolTips157'>PCB<\/span>). Une d\u00e9gradation de cat\u00e9gorie 5 due \u00e0 la pr\u00e9sence d&#039;agents pathog\u00e8nes est \u00e9galement r\u00e9pertori\u00e9e pour ces eaux. Ces conditions sont pr\u00e9existantes et ne sont pas caus\u00e9es par le projet hydro\u00e9lectrique propos\u00e9.<\/p>\n<p>Historiquement, deux <span class='tooltipsall tooltip_post_id_5518 classtoolTips36'>poisson anadrome<\/span> Les esp\u00e8ces qui peuplent la rivi\u00e8re Monongahela sont le hareng listao et le spatulaire am\u00e9ricain. Bien qu&#039;elles ne soient pas pr\u00e9sentes dans le projet, la Pennsylvania Fish and Boat Commission (PFBC) a tent\u00e9 de r\u00e9tablir le spatulaire am\u00e9ricain gr\u00e2ce \u00e0 un programme de repeuplement en amont du projet. Le passage des esp\u00e8ces migratrices et r\u00e9sidentes se fait par les sas d&#039;\u00e9cluse pendant les \u00e9clusages programm\u00e9s, en particulier pendant la saison de frai printani\u00e8re. \u00c0 la fin de l&#039;hiver et au printemps, les vannes du barrage sont lev\u00e9es pour permettre un \u00e9coulement libre de la rivi\u00e8re pendant ces p\u00e9riodes de d\u00e9bit \u00e9lev\u00e9. Les esp\u00e8ces de poissons r\u00e9sidentes dans la zone du projet comprennent les esp\u00e8ces de vairons, l&#039;alose \u00e0 g\u00e9sier, le crapet arlequin, le poisson-chat de rivi\u00e8re, la carpe commune, le tambour d&#039;eau douce, le crapet de roche, l&#039;achigan \u00e0 petite bouche, l&#039;achigan tachet\u00e9 et le bar blanc. Certains poissons de sport sont ensemenc\u00e9s par la PFBC.<\/p>\n<p>Les terres du projet hydro\u00e9lectrique s&#039;\u00e9tendent sur environ 1,4 acres. Peu ou pas de terres d&#039;importance \u00e9cologique se trouvent dans les limites limit\u00e9es du projet en raison du d\u00e9veloppement industriel.<\/p>\n<p>Les esp\u00e8ces menac\u00e9es ou en voie de disparition potentiellement pr\u00e9sentes dans les environs du projet comprennent le grand-duc, l&#039;\u00e9pioblasme tricorne, le mulet rose, le pimpleback \u00e0 pied orange, le troglodyte et la moule \u00e0 nez de mouton. Des \u00e9tudes approfondies sur le terrain n&#039;ont pas permis de trouver ces esp\u00e8ces dans la zone du projet. La chauve-souris de l&#039;Indiana et la chauve-souris nordique \u00e0 longues oreilles sont toutes deux pr\u00e9sentes dans le comt\u00e9 d&#039;Allegheny. Cependant, le US Fish and Wildlife Service n&#039;a pas not\u00e9 que les activit\u00e9s de construction du projet \u00e9taient pr\u00e9occupantes pour ces esp\u00e8ces. Les esp\u00e8ces r\u00e9pertori\u00e9es par l&#039;\u00c9tat comprennent le crapet-soleil, le dard de sable oriental, le m\u00e9n\u00e9 fant\u00f4me et l&#039;esturgeon jaune. Une consultation avec le minist\u00e8re de la Conservation et des Ressources naturelles de Pennsylvanie a conclu qu&#039;aucun impact sur ces esp\u00e8ces n&#039;est pr\u00e9vu en raison de la construction du projet.<\/p>\n<p>Aucune ressource arch\u00e9ologique connue n&#039;a \u00e9t\u00e9 identifi\u00e9e dans la zone du projet. Les vestiges submerg\u00e9s de l&#039;\u00e9cluse et du barrage n\u00b0 2 de la Monongahela Navigation Company se trouvent \u00e0 plusieurs milliers de pieds en amont. D&#039;autres ressources se trouvent \u00e9galement \u00e0 proximit\u00e9, mais une consultation avec le Bureau de pr\u00e9servation historique de l&#039;\u00c9tat de Pennsylvanie a conclu que m\u00eame si des ressources historiques ont une forte probabilit\u00e9 d&#039;exister dans la zone du projet, les activit\u00e9s de construction n&#039;auront aucun effet sur aucun site.<\/p>\n<p>Il n&#039;existe pas de ressources r\u00e9cr\u00e9atives dans la zone du projet en raison de sa nature hautement industrialis\u00e9e. Plusieurs ressources r\u00e9cr\u00e9atives existent \u00e0 proximit\u00e9, notamment le sentier Steel Valley du Great Allegheny Passage, qui permet aux visiteurs d&#039;avoir une vue sur les installations du projet \u00e0 plusieurs centaines de pieds au nord du sentier. Dans le cadre de la construction du projet, une aire de repos pour les visiteurs du sentier sera incluse afin de fournir un r\u00e9pit aux visiteurs r\u00e9cr\u00e9atifs.<\/p>\n<hr \/>\n<h3>\u00c9tat de conformit\u00e9<\/h3>\n<p><strong>Le certificat comprend les conditions sp\u00e9cifiques suivantes \u00e0 l&#039;installation, en attente de construction et d&#039;exploitation :<\/strong><\/p>\n<p><strong>Condition 1 : <\/strong>Le propri\u00e9taire de l&#039;installation doit informer LIHI d\u00e8s que possible et au plus tard 30 jours apr\u00e8s le d\u00e9but de l&#039;exploitation commerciale. La p\u00e9riode de certification LIHI d\u00e9butera lorsque l&#039;installation commencera \u00e0 produire de l&#039;\u00e9lectricit\u00e9. LIHI se r\u00e9serve le droit de modifier, suspendre ou r\u00e9voquer la certification si les impacts op\u00e9rationnels de l&#039;installation entra\u00eenent le non-respect des crit\u00e8res LIHI.<\/p>\n<p><strong>Condition 2 :<\/strong> Le propri\u00e9taire de l&#039;\u00e9tablissement doit fournir des copies de l&#039;ACOE final <span class='tooltipsall tooltip_post_id_5602 classtoolTips160'>MOA<\/span>, le plan d&#039;exploitation requis par l&#039;ACOE et le plan de surveillance de la conformit\u00e9 des op\u00e9rations requis par la FERC une fois finalis\u00e9s afin de confirmer que les exigences de ces plans d\u00e9montrent la conformit\u00e9 avec le crit\u00e8re du r\u00e9gime de d\u00e9bit \u00e9cologique. Si une surveillance suppl\u00e9mentaire de la qualit\u00e9 de l&#039;eau est requise par l&#039;ACOE dans le MOA, le calendrier, les r\u00e9sultats et les commentaires de l&#039;agence doivent \u00eatre r\u00e9sum\u00e9s dans les soumissions annuelles de conformit\u00e9 au LIHI afin de confirmer la conformit\u00e9 avec le crit\u00e8re de qualit\u00e9 de l&#039;eau.<\/p>\n<p><strong>Condition 3 :<\/strong> Le propri\u00e9taire de l&#039;installation doit informer le LIHI dans les 60 jours suivant la d\u00e9couverte de toute ressource culturelle pendant la construction. L&#039;\u00e9tat des mesures prises, les copies de la correspondance avec le PA SHPO et tous les plans d\u00e9finitifs doivent \u00eatre fournis dans les soumissions annuelles de conformit\u00e9 au LIHI.<\/p>\n<p><strong>Condition 4 :<\/strong> Le propri\u00e9taire de l&#039;installation doit informer LIHI dans les 60 jours suivant l&#039;ach\u00e8vement des caract\u00e9ristiques r\u00e9cr\u00e9atives en suspens dans l&#039;aire de repos du Steel Valley Trail.<\/p>\n<p><strong>2025:<\/strong> Aucun changement important ni probl\u00e8me de conformit\u00e9 n&#039;a \u00e9t\u00e9 identifi\u00e9. Le projet demeure conforme suite \u00e0 l&#039;examen annuel. Pour toutes les conditions, le projet n&#039;a signal\u00e9 aucun changement de statut en attente d&#039;autorisation (Section 408 de l&#039;USACE).<\/p>\n<p><strong>2024:<\/strong> Aucun changement important ni probl\u00e8me de conformit\u00e9 n&#039;ont \u00e9t\u00e9 identifi\u00e9s. Le projet reste conforme sur la base de l&#039;examen annuel. Pour toutes les conditions, le projet n&#039;a signal\u00e9 aucun changement de statut.<\/p>\n<p><strong>2023:<\/strong> Aucun changement important ni probl\u00e8me de conformit\u00e9 n&#039;ont \u00e9t\u00e9 identifi\u00e9s. Le projet reste conforme sur la base de l&#039;examen annuel. Pour toutes les conditions, le projet n&#039;a signal\u00e9 aucun changement de statut en attente de l&#039;approbation de l&#039;ACOE et du d\u00e9but de la construction.<\/p>\n<p><strong>2022:\u00a0<\/strong> Le rapport annuel pour le certificat actuel n\u2019est pas encore entr\u00e9 en vigueur.<\/p>\n<hr \/>\n<h3>Historique des certifications<\/h3>\n<p><strong>28 juillet 2022 :<\/strong> La d\u00e9cision de certifier le projet d&#039;\u00e9cluses et de barrage de Braddock est devenue d\u00e9finitive apr\u00e8s la cl\u00f4ture de la p\u00e9riode d&#039;appel le 21 juillet 2022, aucun appel n&#039;ayant \u00e9t\u00e9 d\u00e9pos\u00e9. Le projet est certifi\u00e9 pour une dur\u00e9e de dix (10) ans qui d\u00e9butera une fois que le projet sera op\u00e9rationnel.<\/p>\n<p><strong>21 juin 2022 :\u00a0<\/strong> Le Low Impact Hydropower Institute (LIHI) a approuv\u00e9 de mani\u00e8re pr\u00e9liminaire la certification \u00e0 faible impact (en attente du LIHI #190) pour le projet hydro\u00e9lectrique Braddock Locks and Dam situ\u00e9 sur la rivi\u00e8re Monongahela en Pennsylvanie. La demande compl\u00e8te et le rapport de l&#039;examinateur sont disponibles ci-dessous. Cette d\u00e9cision est pr\u00e9liminaire en attendant la p\u00e9riode d&#039;appel de 30 jours. Seuls ceux qui ont comment\u00e9 la demande initiale pendant la p\u00e9riode de commentaires de 60 jours sont \u00e9ligibles pour d\u00e9poser un appel. Un tel appel doit inclure une explication sur la raison pour laquelle le projet ne r\u00e9pond pas aux crit\u00e8res du LIHI. Les demandes d&#039;appel peuvent \u00eatre soumises par courrier \u00e9lectronique \u00e0\u00a0<a href=\"mailto:comments@lowimpacthydro.org\">comments@lowimpacthydro.org<\/a>\u00a0avec \u00ab Braddock Project \u00bb dans l\u2019objet du message, ou par courrier adress\u00e9 au Low Impact Hydropower Institute, 1167 Massachusetts Ave, Office 407, Arlington, MA 02476. Toutes les demandes seront publi\u00e9es sur le site Web. Le demandeur aura la possibilit\u00e9 de r\u00e9pondre et toute r\u00e9ponse sera \u00e9galement publi\u00e9e.\u00a0<strong>Les demandes doivent \u00eatre re\u00e7ues avant 17 heures, heure de l&#039;Est, le 21 juillet 2022.<\/strong>Si aucune demande d\u2019appel n\u2019est re\u00e7ue, la p\u00e9riode de certification commencera lorsque le projet deviendra op\u00e9rationnel.<\/p>\n<p><strong>30 mars 2022 :<\/strong> Le Low Impact Hydropower Institute a re\u00e7u une demande compl\u00e8te de certification \u00e0 faible impact pour le projet non construit d&#039;\u00e9cluses et de barrages de Braddock. Le LIHI sollicite les commentaires du public sur cette demande. Plus pr\u00e9cis\u00e9ment, nous souhaitons savoir si vous pensez que le projet r\u00e9pond aux crit\u00e8res de certification \u00e0 faible impact du LIHI, tels que r\u00e9vis\u00e9s dans le manuel de 2e \u00e9dition. Veuillez consulter le programme et les crit\u00e8res dans le manuel r\u00e9vis\u00e9 du LIHI <a href=\"https:\/\/lowimpacthydro.org\/wp-content\/uploads\/2021\/12\/2nd-Edition-Handbook-Rev.-2.05-2022-01-01-1.pdf\">Manuel<\/a> et examinez ensuite les documents de candidature du projet ci-dessous. Les commentaires directement li\u00e9s \u00e0 des crit\u00e8res LIHI sp\u00e9cifiques (d\u00e9bits, qualit\u00e9 de l&#039;eau, <span class='tooltipsall tooltip_post_id_5566 classtoolTips59'>passage des poissons<\/span>, etc.) seront tr\u00e8s utiles, mais tous les commentaires seront pris en compte. Les commentaires peuvent \u00eatre soumis \u00e0 l&#039;Institut par courrier \u00e9lectronique \u00e0 l&#039;adresse <a>comments@lowimpacthydro.org<\/a> avec \u00ab Braddock Project Comments \u00bb dans la ligne d&#039;objet, ou par courrier adress\u00e9 au Low Impact Hydropower Institute, 1167 Massachusetts Avenue, Arlington, MA 02476. <strong>Les commentaires doivent \u00eatre re\u00e7us au plus tard \u00e0 17 heures, heure de l&#039;Est, le 29 mai 2022.<\/strong> \u00e0 prendre en consid\u00e9ration. Tous les commentaires seront publi\u00e9s sur le site Web et le candidat aura la possibilit\u00e9 d&#039;y r\u00e9pondre. Toute r\u00e9ponse sera \u00e9galement publi\u00e9e.<\/p>\n<hr \/>\n<h3>Dossiers de certification<\/h3>\n<h4>Certification 2022<\/h4>\n<ul style=\"color: black;\">\n<li><a href=\"https:\/\/lowimpacthydro.org\/wp-content\/uploads\/2023\/06\/Braddock-Certification-Report-060322-final-complete.pdf\">Rapport d&#039;examen de la certification des \u00e9cluses et barrages de Braddock 2022<\/a><\/li>\n<li><a href=\"https:\/\/lowimpacthydro.org\/wp-content\/uploads\/2022\/04\/20210601_Braddock-LIHI-Application.pdf\">Demande LIHI pour les \u00e9cluses et le barrage de Braddock<\/a><\/li>\n<li><a href=\"https:\/\/lowimpacthydro.org\/wp-content\/uploads\/2022\/03\/HGE-Braddock-LIHI-Supplemental-info-17MAR22-with-attachments.pdf\">Informations compl\u00e9mentaires sur les \u00e9cluses et le barrage de Braddock <\/a><\/li>\n<\/ul>\n<hr \/>\n<h3>Documents cl\u00e9s<\/h3>\n<ul>\n<li><a href=\"https:\/\/lowimpacthydro.org\/wp-content\/uploads\/2024\/05\/20150604-Braddock-FERC-license.pdf\">Licence FERC 2015<\/a><\/li>\n<li><a href=\"https:\/\/lowimpacthydro.org\/wp-content\/uploads\/2024\/05\/2015-WQC-Braddock.pdf\">Certification de la qualit\u00e9 de l&#039;eau 2015<\/a><\/li>\n<li><a href=\"https:\/\/lowimpacthydro.org\/wp-content\/uploads\/2024\/05\/20140613-FERC-EA-Braddock.pdf\">\u00c9valuation environnementale de la FERC 2014<\/a><\/li>\n<\/ul>","protected":false},"excerpt":{"rendered":"<p>&nbsp; Project Name Braddock Locks and Dam LIHI Certificate No. 190 LIHI Certificate Term TBD when project becomes operational Owner Lock+ Hydro Friends Fund XLII, LLC<span class=\"excerpt-hellip\"> [\u2026]<\/span><\/p>\n","protected":false},"author":3,"featured_media":-1,"parent":0,"menu_order":0,"comment_status":"closed","ping_status":"closed","template":"","meta":{"_coblocks_attr":"","_coblocks_dimensions":"","_coblocks_responsive_height":"","_coblocks_accordion_ie_support":"","om_disable_all_campaigns":false,"_monsterinsights_skip_tracking":false,"_monsterinsights_sitenote_active":false,"_monsterinsights_sitenote_note":"","_monsterinsights_sitenote_category":0,"footnotes":""},"class_list":["post-5167","page","type-page","status-publish","has-post-thumbnail","hentry"],"_links":{"self":[{"href":"https:\/\/lowimpacthydro.org\/fr\/wp-json\/wp\/v2\/pages\/5167","targetHints":{"allow":["GET"]}}],"collection":[{"href":"https:\/\/lowimpacthydro.org\/fr\/wp-json\/wp\/v2\/pages"}],"about":[{"href":"https:\/\/lowimpacthydro.org\/fr\/wp-json\/wp\/v2\/types\/page"}],"author":[{"embeddable":true,"href":"https:\/\/lowimpacthydro.org\/fr\/wp-json\/wp\/v2\/users\/3"}],"replies":[{"embeddable":true,"href":"https:\/\/lowimpacthydro.org\/fr\/wp-json\/wp\/v2\/comments?post=5167"}],"version-history":[{"count":15,"href":"https:\/\/lowimpacthydro.org\/fr\/wp-json\/wp\/v2\/pages\/5167\/revisions"}],"predecessor-version":[{"id":9790,"href":"https:\/\/lowimpacthydro.org\/fr\/wp-json\/wp\/v2\/pages\/5167\/revisions\/9790"}],"wp:featuredmedia":[{"embeddable":true,"href":"https:\/\/lowimpacthydro.org\/fr\/wp-json\/"}],"wp:attachment":[{"href":"https:\/\/lowimpacthydro.org\/fr\/wp-json\/wp\/v2\/media?parent=5167"}],"curies":[{"name":"wp","href":"https:\/\/api.w.org\/{rel}","templated":true}]}}