{"id":4853,"date":"2021-11-12T12:04:12","date_gmt":"2021-11-12T17:04:12","guid":{"rendered":"https:\/\/lowimpacthydro.org\/?page_id=4853"},"modified":"2025-08-06T15:11:36","modified_gmt":"2025-08-06T19:11:36","slug":"lihi-certificate-185-upper-lachute-project-new-york","status":"publish","type":"page","link":"https:\/\/lowimpacthydro.org\/fr\/lihi-certificate-185-upper-lachute-project-new-york\/","title":{"rendered":"Certificat LIHI #185 \u2013 Projet Upper La Chute, New York"},"content":{"rendered":"<table class=\"alignright\" style=\"width: 351px; border: 2px; cellspacing: 2px; cellpadding: 2px; margin-left: 50px;\">\n<tbody>\n<tr>\n<td style=\"width: 154px;\"><strong>Nom du projet<\/strong><\/td>\n<td style=\"width: 211px;\">Upper La Chute<\/td>\n<\/tr>\n<tr>\n<td style=\"width: 154px;\"><strong>Num\u00e9ro de certificat LIHI<\/strong><\/td>\n<td style=\"width: 211px;\">185<\/td>\n<\/tr>\n<tr>\n<td style=\"width: 154px;\"><strong>Dur\u00e9e du certificat LIHI<\/strong><\/td>\n<td style=\"width: 211px;\">5 ao\u00fbt 2021 \u2013 4 ao\u00fbt 2031<\/td>\n<\/tr>\n<tr>\n<td style=\"width: 154px;\"><strong>Propri\u00e9taire<\/strong><\/td>\n<td style=\"width: 211px;\">La Chute Hydro Company, LLC, une filiale de LS Power\/Patriot Hydro, LLC<\/td>\n<\/tr>\n<tr>\n<td style=\"width: 154px;\"><strong>\u00c9tat<\/strong><\/td>\n<td style=\"width: 211px;\">New York<\/td>\n<\/tr>\n<tr>\n<td style=\"width: 154px;\"><strong>Emplacement<\/strong><\/td>\n<td style=\"width: 211px;\">Situ\u00e9 au mile 3,3 sur la rivi\u00e8re La Chute \u00e0 Ticonderoga, comt\u00e9 d&#039;Essex, NY<\/td>\n<\/tr>\n<tr>\n<td style=\"width: 154px;\"><strong>Capacit\u00e9 install\u00e9e<\/strong><\/td>\n<td style=\"width: 211px;\">4,9 MW<\/td>\n<\/tr>\n<tr>\n<td style=\"width: 154px;\"><strong>G\u00e9n\u00e9ration annuelle moyenne<\/strong><\/td>\n<td style=\"width: 211px;\">19 000 MWh<\/td>\n<\/tr>\n<tr>\n<td style=\"width: 154px;\"><strong>Type d&#039;\u00e9tablissement<\/strong><\/td>\n<td style=\"width: 211px;\"><span class='tooltipsall tooltip_post_id_5643 classtoolTips52'>Au fil de l&#039;eau<\/span><\/td>\n<\/tr>\n<tr>\n<td style=\"width: 154px;\"><strong><span class='tooltipsall tooltip_post_id_5565 classtoolTips152'>F\u00e9d\u00e9ration internationale de radio-t\u00e9l\u00e9vision (FERC)<\/span> Non.<\/strong><\/td>\n<td style=\"width: 211px;\">P-5760 exempt\u00e9 1984<\/td>\n<\/tr>\n<\/tbody>\n<\/table>\n<p>Le projet Upper La Chute et le <a href=\"https:\/\/lowimpacthydro.org\/fr\/lihi-certificate-186-lower-lachute-project-new-york\/\">Projet hydro\u00e9lectrique de Lower La Chute (LIHI #186)<\/a> sont tous deux situ\u00e9s sur la rivi\u00e8re La Chute, dans le village de Ticonderoga, dans le comt\u00e9 d&#039;Essex, dans l&#039;\u00c9tat de New York. La rivi\u00e8re La Chute transporte son d\u00e9bit du lac George au lac Champlain et mesure environ 4 km de long.<\/p>\n<p>Le projet Upper La Chute comprend trois barrages, le moulin A <span class='tooltipsall tooltip_post_id_5545 classtoolTips158'>barrage<\/span> (Lac George <span class='tooltipsall tooltip_post_id_5612 classtoolTips141'>Sortie<\/span> barrage, l&#039;ouvrage de contr\u00f4le du niveau de surface de l&#039;eau du lac George dans la rivi\u00e8re La Chute), barrage Mill B et barrage Mill C. Upper La Chute utilise les eaux du lac George, un lac r\u00e9cr\u00e9atif de 44 miles carr\u00e9s dans le nord de l&#039;\u00c9tat de New York, comme <span class='tooltipsall tooltip_post_id_5583 classtoolTips100'>sources<\/span> pour le projet. Les rejets du lac George sont r\u00e9gis par la loi et les directives de l&#039;\u00c9tat de New York et sont r\u00e9glement\u00e9s par le D\u00e9partement de la protection de l&#039;environnement de l&#039;\u00c9tat de New York (NYSDEC). Les d\u00e9bits du lac George sont achemin\u00e9s \u00e0 700 m\u00e8tres en aval par une conduite en acier. <span class='tooltipsall tooltip_post_id_5619 classtoolTips124'>conduite forc\u00e9e<\/span> 9 pieds de diam\u00e8tre \u00e0 un <span class='tooltipsall tooltip_post_id_5624 classtoolTips102'>centrale<\/span> Situ\u00e9 pr\u00e8s du moulin C, le barrage forme un tron\u00e7on contourn\u00e9 d&#039;environ 1,6 km de long. La centrale est \u00e9quip\u00e9e d&#039;un seul groupe turbine-alternateur d&#039;une puissance nominale de 4\u00a0900 kilowatts.<\/p>\n<p>Le projet Upper La Chute op\u00e8re dans <span class='tooltipsall tooltip_post_id_5643 classtoolTips52'>au fil de l&#039;eau<\/span> Le mode et les apports d&#039;eau sont d\u00e9termin\u00e9s par les d\u00e9bits lib\u00e9r\u00e9s par le lac George. Plus pr\u00e9cis\u00e9ment, les op\u00e9rations sont d\u00e9taill\u00e9es dans le rapport de 1992 sur le lac George. <span class='tooltipsall tooltip_post_id_5545 classtoolTips158'>Barrage<\/span> Directives d&#039;exploitation du projet hydro\u00e9lectrique Upper La Chute, qui pr\u00e9voient d&#039;autres r\u00e9glementations pour la gestion des ressources en eau du lac George et du projet. Un d\u00e9bit minimal continu de 30 pi\u00b3\/s dans le tron\u00e7on contourn\u00e9 est pr\u00e9vu pour soutenir le biote aquatique r\u00e9sident.<\/p>\n<p>Les eaux situ\u00e9es dans le tron\u00e7on du projet sont class\u00e9es AA-S(TS) au lac George, C(TS) dans le tron\u00e7on contourn\u00e9 et C dans le tron\u00e7on aval. Le lac George est class\u00e9 comme pollu\u00e9 par les limons et les s\u00e9diments, en raison du ruissellement urbain et pluvial, ainsi que de l&#039;\u00e9rosion. La Lake George Watershed Association a pris de nombreuses mesures pour emp\u00eacher les eaux pollu\u00e9es de p\u00e9n\u00e9trer dans le lac. Les eaux de classe AA sont particuli\u00e8rement adapt\u00e9es \u00e0 l&#039;approvisionnement en eau potable, primaire ou secondaire. <span class='tooltipsall tooltip_post_id_5646 classtoolTips7'>loisirs de contact secondaire<\/span>et la p\u00eache. Les eaux de classe C sont particuli\u00e8rement adapt\u00e9es \u00e0 la p\u00eache. L&#039;application de la norme (TS) indique que les classifications favorisent les populations de truites.<\/p>\n<p>La rivi\u00e8re La Chute, \u00e0 proximit\u00e9 du projet, abrite une diversit\u00e9 d&#039;esp\u00e8ces de poissons d&#039;eau chaude et d&#039;eau froide. Parmi celles-ci, plusieurs esp\u00e8ces migratrices sont pr\u00e9sentes dans le projet, notamment le hareng d&#039;\u00e9t\u00e9, le gaspareau, l&#039;anguille d&#039;Am\u00e9rique, l&#039;esturgeon jaune, le saumon atlantique d&#039;eau douce et la lamproie marine. Le saumon atlantique est maintenu par empoissonnement, tout comme l&#039;anguille d&#039;Am\u00e9rique. Le hareng d&#039;\u00e9t\u00e9, le gaspareau et la lamproie marine sont consid\u00e9r\u00e9s comme non indig\u00e8nes ou envahissants et constituent donc une menace pour les esp\u00e8ces indig\u00e8nes, notamment la truite et le saumon. Leur passage est d\u00e9conseill\u00e9, car il pourrait nuire aux populations de poissons indig\u00e8nes du lac George. Le passage en aval est assur\u00e9 par une d\u00e9rivation en aval, comprenant une conduite enterr\u00e9e et une \u00e9cluse souterraine qui achemine les poissons jusqu&#039;au tron\u00e7on de d\u00e9rivation. Le passage en aval est \u00e9galement assur\u00e9 par le d\u00e9versoir \u00e0 d\u00e9bit minimal du cours sup\u00e9rieur de La Chute.<\/p>\n<p>Les terres du projet s&#039;\u00e9tendent sur un peu moins de 500 acres et englobent les projets Upper La Chute et Lower La Chute. Le littoral \u00e0 proximit\u00e9 du projet est un m\u00e9lange de for\u00eats \u00e0 feuilles caduques et \u00e0 feuilles persistantes avec des propri\u00e9t\u00e9s r\u00e9sidentielles et commerciales avec des gramin\u00e9es ornementales. Certains champs agraires et <span class='tooltipsall tooltip_post_id_5670 classtoolTips125'>zones humides<\/span> On en trouve \u00e9galement dans la r\u00e9gion. Les directives d&#039;exploitation du barrage du lac George de 1992 pour le projet hydro\u00e9lectrique Upper La Chute pr\u00e9voient des dispositions sp\u00e9cifiques concernant la gestion des niveaux d&#039;eau dans le bassin versant du lac George.<\/p>\n<p>Les esp\u00e8ces menac\u00e9es ou en voie de disparition potentiellement pr\u00e9sentes dans les environs du projet comprennent la chauve-souris de l&#039;Indiana et la chauve-souris nordique \u00e0 longues oreilles. Aucun habitat essentiel pour ces esp\u00e8ces ne se trouve dans les environs du projet. D&#039;autres esp\u00e8ces de plantes et d&#039;oiseaux r\u00e9pertori\u00e9es sont r\u00e9pertori\u00e9es comme potentiellement pr\u00e9sentes, bien que le projet ne soit pas exploit\u00e9 dans des zones o\u00f9 ces esp\u00e8ces peuvent \u00eatre pr\u00e9sentes.<\/p>\n<p>La consultation avec le Bureau de pr\u00e9servation historique de l\u2019\u00c9tat a conclu que les op\u00e9rations du projet n\u2019ont pas d\u2019impact n\u00e9gatif sur les ressources historiques ou culturelles de la r\u00e9gion.<\/p>\n<p>Les ressources r\u00e9cr\u00e9atives du projet comprennent la p\u00eache, la navigation de plaisance et l&#039;acc\u00e8s au camping au niveau du bassin sup\u00e9rieur. Un acc\u00e8s \u00e0 la p\u00eache est \u00e9galement pr\u00e9vu dans le tron\u00e7on de contournement. L&#039;acc\u00e8s public est gratuit.<\/p>\n<hr \/>\n<h3>\u00c9tat de conformit\u00e9<\/h3>\n<p><strong>Il n&#039;existe aucune condition sp\u00e9cifique \u00e0 l&#039;\u00e9tablissement dans le certificat actuel<\/strong><\/p>\n<p><strong>2025: <\/strong>Aucun changement important ni probl\u00e8me de conformit\u00e9 n&#039;ont \u00e9t\u00e9 identifi\u00e9s. Le projet reste conforme sur la base de l&#039;examen annuel. <strong><br \/>\n<\/strong><\/p>\n<p><strong>2024: <\/strong>Aucun changement important ni probl\u00e8me de conformit\u00e9 n&#039;ont \u00e9t\u00e9 identifi\u00e9s. Le projet reste conforme sur la base de l&#039;examen annuel.<\/p>\n<p><strong>2023: <\/strong>Aucun changement important ni probl\u00e8me de conformit\u00e9 n&#039;ont \u00e9t\u00e9 identifi\u00e9s. Le projet reste conforme sur la base de l&#039;examen annuel.<\/p>\n<p><strong>2022: <\/strong>Aucun changement important ni probl\u00e8me de conformit\u00e9 n&#039;ont \u00e9t\u00e9 identifi\u00e9s. Le projet reste conforme sur la base de l&#039;examen annuel.<\/p>\n<p><strong>2021:<\/strong> Le rapport annuel pour le certificat actuel n\u2019est pas encore entr\u00e9 en vigueur.<\/p>\n<hr \/>\n<h3>Historique des certifications<\/h3>\n<p><strong>1er janvier 2022 :<\/strong> La dur\u00e9e du certificat LIHI a \u00e9t\u00e9 prolong\u00e9e conform\u00e9ment \u00e0 la r\u00e9vision 2.05 du manuel de certification LIHI 2e \u00e9dition publi\u00e9 le 1er janvier 2022. Reportez-vous au tableau des \u00e9tablissements ci-dessus pour conna\u00eetre la nouvelle dur\u00e9e.<\/p>\n<p><strong>14 d\u00e9cembre 2021 :<\/strong> Le Low Impact Hydropower Institute a rendu sa d\u00e9cision finale concernant la certification du projet Upper La Chute. Le d\u00e9lai d&#039;appel de 30 jours s&#039;est termin\u00e9 le 4 d\u00e9cembre 2021 et aucun appel n&#039;a \u00e9t\u00e9 d\u00e9pos\u00e9. Par cons\u00e9quent, la d\u00e9cision de certification du projet est d\u00e9sormais d\u00e9finitive. La nouvelle p\u00e9riode d&#039;appel s&#039;\u00e9tend du 5 ao\u00fbt 2021 au 4 ao\u00fbt 2026.<\/p>\n<p><strong>4 novembre 2021 :<\/strong> Le Low Impact Hydropower Institute (LIHI) a approuv\u00e9 de mani\u00e8re pr\u00e9liminaire les projets Upper et Lower La Chute pour une dur\u00e9e de 5 ans de certification \u00e0 faible impact. Cette d\u00e9cision est pr\u00e9liminaire en attendant la p\u00e9riode d&#039;appel de 30 jours. Seuls ceux qui ont comment\u00e9 la demande initiale pendant la p\u00e9riode de commentaires de 60 jours sont \u00e9ligibles pour d\u00e9poser un appel. Un tel appel doit inclure une explication sur la raison pour laquelle le projet ne r\u00e9pond pas aux crit\u00e8res du LIHI. Les demandes d&#039;appel peuvent \u00eatre soumises par courrier \u00e9lectronique \u00e0 <a href=\"#\">comments@lowimpacthydro.org<\/a> avec \u00ab Upper and Lower La Chute Projects \u00bb dans la ligne d&#039;objet, ou par courrier adress\u00e9 au Low Impact Hydropower Institute, 1167 Massachusetts Ave, Office 407, Arlington, MA 02476. Toutes les demandes seront publi\u00e9es sur le site Web. Le demandeur aura la possibilit\u00e9 de r\u00e9pondre et toute r\u00e9ponse sera \u00e9galement publi\u00e9e. <strong>Les demandes doivent \u00eatre re\u00e7ues avant 17 heures, heure de l\u2019Est, le 4 d\u00e9cembre 2021. <\/strong>Le dossier complet et le rapport de l&#039;examinateur sont disponibles ci-dessous. Si aucune demande d&#039;appel n&#039;est re\u00e7ue et que la d\u00e9cision devient d\u00e9finitive, la p\u00e9riode de certification pour chaque projet sera du 5 ao\u00fbt 2021 au 4 ao\u00fbt 2026.<\/p>\n<p><strong>5 ao\u00fbt 2021 :<\/strong>Le Low Impact Hydropower Institute a re\u00e7u une demande compl\u00e8te de certification \u00e0 faible impact pour les projets La Chute Upper et Lower. Le LIHI sollicite les commentaires du public sur cette demande. Plus pr\u00e9cis\u00e9ment, nous souhaitons savoir si vous pensez que le projet r\u00e9pond aux crit\u00e8res de certification \u00e0 faible impact du LIHI, tels que r\u00e9vis\u00e9s dans le manuel de 2e \u00e9dition. Veuillez consulter le programme et les crit\u00e8res dans le manuel r\u00e9vis\u00e9 du LIHI <a href=\"https:\/\/lowimpacthydro.org\/wp-content\/uploads\/2020\/07\/2nd-Edition-Handbook-Rev.-2.04-2020-04-01.pdf\">Manuel<\/a> et examinez ensuite les documents de candidature du projet ci-dessous. Les commentaires directement li\u00e9s \u00e0 des crit\u00e8res LIHI sp\u00e9cifiques (d\u00e9bits, qualit\u00e9 de l&#039;eau, <span class='tooltipsall tooltip_post_id_5566 classtoolTips59'>passage des poissons<\/span>, etc.) seront tr\u00e8s utiles, mais tous les commentaires seront pris en compte. Les commentaires peuvent \u00eatre soumis \u00e0 l&#039;Institut par courrier \u00e9lectronique \u00e0 l&#039;adresse <a>comments@lowimpacthydro.org<\/a> avec \u00ab Commentaires sur le projet La Chute \u00bb dans l&#039;objet du message, ou par courrier adress\u00e9 au Low Impact Hydropower Institute, 1167 Massachusetts Avenue, Arlington, MA 02476. <strong>Les commentaires doivent \u00eatre re\u00e7us au plus tard \u00e0 17 heures, heure de l&#039;Est, le <strong>4 octobre 2021<\/strong> \u00e0 consid\u00e9rer.<\/strong> Tous les commentaires seront publi\u00e9s sur le site Web et le candidat aura la possibilit\u00e9 d&#039;y r\u00e9pondre. Toute r\u00e9ponse sera \u00e9galement publi\u00e9e.<\/p>\n<hr \/>\n<h3>Dossiers de certification<\/h3>\n<h4>Certification 2021<\/h4>\n<ul style=\"color: black;\">\n<li><a href=\"https:\/\/lowimpacthydro.org\/wp-content\/uploads\/2024\/05\/LaChute_Full-Review_final.pdf\">Rapport d&#039;examen de la certification des projets sup\u00e9rieurs et inf\u00e9rieurs de La Chute<\/a><\/li>\n<li><a href=\"https:\/\/lowimpacthydro.org\/wp-content\/uploads\/2021\/08\/Upper-and-Lower-Lachute-LIHI-Stage-1-Application-Final-05252021.pdf\">Demande de projet pour le projet sup\u00e9rieur et inf\u00e9rieur de La Chute 2021<\/a><\/li>\n<li><a href=\"https:\/\/lowimpacthydro.org\/wp-content\/uploads\/2021\/08\/LaChute-Agency-Contacts_20210806.pdf\">Agence La Chute et contacts des intervenants<\/a><\/li>\n<\/ul>\n<p>&nbsp;<\/p>\n<hr \/>\n<h3>Documents cl\u00e9s<\/h3>\n<ul>\n<li><a href=\"https:\/\/lowimpacthydro.org\/wp-content\/uploads\/2024\/05\/Upper-LaChute-NYSDEC-permit-WQC.pdf\">Certification de la qualit\u00e9 de l&#039;eau 1986<\/a><\/li>\n<li><a href=\"https:\/\/lowimpacthydro.org\/wp-content\/uploads\/2024\/05\/1984-FERC-Exemptions-Upper-and-Lower-LaChute.pdf\">Exemptions de la FERC de 1984 \u2013 Upper et Lower LaChute<\/a><\/li>\n<li><a href=\"https:\/\/lowimpacthydro.org\/wp-content\/uploads\/2024\/05\/Upper-Lower-LaChute-FERC-Exemptions.pdf\">1982 FERC <span class='tooltipsall tooltip_post_id_5562 classtoolTips113'>Exemption<\/span> applications \u2013 LaChute sup\u00e9rieure et inf\u00e9rieure<\/a><\/li>\n<\/ul>","protected":false},"excerpt":{"rendered":"<p>Project Name Upper La Chute LIHI Certificate No. 185 LIHI Certificate Term August 5, 2021 &#8211; August 4, 2031 Owner La Chute Hydro Company, LLC, a<span class=\"excerpt-hellip\"> [\u2026]<\/span><\/p>\n","protected":false},"author":3,"featured_media":-1,"parent":0,"menu_order":0,"comment_status":"closed","ping_status":"closed","template":"","meta":{"_coblocks_attr":"","_coblocks_dimensions":"","_coblocks_responsive_height":"","_coblocks_accordion_ie_support":"","om_disable_all_campaigns":false,"_monsterinsights_skip_tracking":false,"_monsterinsights_sitenote_active":false,"_monsterinsights_sitenote_note":"","_monsterinsights_sitenote_category":0,"footnotes":""},"class_list":["post-4853","page","type-page","status-publish","has-post-thumbnail","hentry"],"_links":{"self":[{"href":"https:\/\/lowimpacthydro.org\/fr\/wp-json\/wp\/v2\/pages\/4853","targetHints":{"allow":["GET"]}}],"collection":[{"href":"https:\/\/lowimpacthydro.org\/fr\/wp-json\/wp\/v2\/pages"}],"about":[{"href":"https:\/\/lowimpacthydro.org\/fr\/wp-json\/wp\/v2\/types\/page"}],"author":[{"embeddable":true,"href":"https:\/\/lowimpacthydro.org\/fr\/wp-json\/wp\/v2\/users\/3"}],"replies":[{"embeddable":true,"href":"https:\/\/lowimpacthydro.org\/fr\/wp-json\/wp\/v2\/comments?post=4853"}],"version-history":[{"count":16,"href":"https:\/\/lowimpacthydro.org\/fr\/wp-json\/wp\/v2\/pages\/4853\/revisions"}],"predecessor-version":[{"id":9888,"href":"https:\/\/lowimpacthydro.org\/fr\/wp-json\/wp\/v2\/pages\/4853\/revisions\/9888"}],"wp:featuredmedia":[{"embeddable":true,"href":"https:\/\/lowimpacthydro.org\/fr\/wp-json\/"}],"wp:attachment":[{"href":"https:\/\/lowimpacthydro.org\/fr\/wp-json\/wp\/v2\/media?parent=4853"}],"curies":[{"name":"wp","href":"https:\/\/api.w.org\/{rel}","templated":true}]}}