{"id":4743,"date":"2021-09-21T13:47:59","date_gmt":"2021-09-21T17:47:59","guid":{"rendered":"https:\/\/lowimpacthydro.org\/?page_id=4743"},"modified":"2025-08-07T13:07:35","modified_gmt":"2025-08-07T17:07:35","slug":"lihi-certificate-81-arrowrock-project-idaho","status":"publish","type":"page","link":"https:\/\/lowimpacthydro.org\/fr\/lihi-certificate-81-arrowrock-project-idaho\/","title":{"rendered":"Certificat LIHI #81 \u2013 Projet Arrowrock, Idaho"},"content":{"rendered":"<table class=\"alignright\" style=\"width: 351px; border: 2px; cellspacing: 2px; cellpadding: 2px; margin-left: 50px;\">\n<tbody>\n<tr style=\"height: 48px;\">\n<td style=\"height: 48px; width: 34.0708%;\" width=\"162\"><strong>Nom du projet<\/strong><\/td>\n<td style=\"height: 48px; width: 64.1593%;\" width=\"165\">Arrowrock<\/td>\n<\/tr>\n<tr style=\"height: 48px;\">\n<td style=\"height: 48px; width: 34.0708%;\" width=\"162\"><strong>Num\u00e9ro de certificat LIHI<\/strong><\/td>\n<td style=\"height: 48px; width: 64.1593%;\" width=\"165\">81<\/td>\n<\/tr>\n<tr style=\"height: 48px;\">\n<td style=\"height: 48px; width: 34.0708%;\" width=\"162\"><strong>Dur\u00e9e du certificat LIHI<\/strong><\/td>\n<td style=\"height: 48px; width: 64.1593%;\" width=\"165\">20 septembre 2021 \u2013 19 septembre 2031<\/td>\n<\/tr>\n<tr style=\"height: 48px;\">\n<td style=\"height: 48px; width: 34.0708%;\" width=\"162\"><strong>Propri\u00e9taire<\/strong><\/td>\n<td style=\"height: 48px; width: 64.1593%;\" width=\"165\">District d&#039;irrigation de Boise Kuna et autres<\/td>\n<\/tr>\n<tr style=\"height: 24px;\">\n<td style=\"height: 24px; width: 34.0708%;\" width=\"162\"><strong>\u00c9tat<\/strong><\/td>\n<td style=\"height: 24px; width: 64.1593%;\" width=\"165\">Idaho<\/td>\n<\/tr>\n<tr style=\"height: 48px;\">\n<td style=\"height: 48px; width: 34.0708%;\" width=\"162\"><strong>Emplacement<\/strong><\/td>\n<td style=\"height: 48px; width: 64.1593%;\" width=\"165\">Mile 75,7 sur la rivi\u00e8re Boise<\/td>\n<\/tr>\n<tr style=\"height: 48px;\">\n<td style=\"height: 48px; width: 34.0708%;\" width=\"162\"><strong>Capacit\u00e9 install\u00e9e<\/strong><\/td>\n<td style=\"height: 48px; width: 64.1593%;\" width=\"165\">15 MW<\/td>\n<\/tr>\n<tr style=\"height: 48px;\">\n<td style=\"height: 48px; width: 34.0708%;\" width=\"162\"><strong>G\u00e9n\u00e9ration annuelle moyenne<\/strong><\/td>\n<td style=\"height: 48px; width: 64.1593%;\" width=\"165\">70 541 MWh<\/td>\n<\/tr>\n<tr style=\"height: 24px;\">\n<td style=\"height: 24px; width: 34.0708%;\" width=\"162\"><strong>Type d&#039;\u00e9tablissement<\/strong><\/td>\n<td style=\"height: 24px; width: 64.1593%;\" width=\"165\">Sortie en s\u00e9rie<\/td>\n<\/tr>\n<tr style=\"height: 48px;\">\n<td style=\"height: 48px; width: 34.0708%;\" width=\"162\"><strong><span class='tooltipsall tooltip_post_id_5565 classtoolTips152'>F\u00e9d\u00e9ration internationale de radio-t\u00e9l\u00e9vision (FERC)<\/span> Non.<\/strong><\/td>\n<td style=\"height: 48px; width: 64.1593%;\" width=\"165\">P-4656, d\u00e9livr\u00e9 en 1989, expire le 28\/02\/2039.<\/td>\n<\/tr>\n<\/tbody>\n<\/table>\n<p>Le projet Arrowrock est situ\u00e9 sur la rivi\u00e8re Boise, dans le sud-ouest de l&#039;Idaho, \u00e0 environ 35 kilom\u00e8tres en amont de la ville de Boise, dans les comt\u00e9s d&#039;Elmore et d&#039;Ada. Il fait partie du r\u00e9seau de barrages du fleuve Columbia. <span class='tooltipsall tooltip_post_id_5545 classtoolTips158'>Barrage<\/span> a \u00e9t\u00e9 construit en 1915 et est d\u00e9tenu et exploit\u00e9 par le Bureau of Reclamation des \u00c9tats-Unis (USBR), l&#039;un des quatre organismes f\u00e9d\u00e9raux <span class='tooltipsall tooltip_post_id_5545 classtoolTips158'>barrage<\/span> D\u00e9veloppements dans le bassin versant sup\u00e9rieur de la rivi\u00e8re Boise. En amont se trouvent le barrage d&#039;Anderson Ranch et le projet hydro\u00e9lectrique construits en 1950 sur la fourche sud de la rivi\u00e8re Boise. \u00c0 environ 18 kilom\u00e8tres en aval d&#039;Arrowrock se trouve le barrage de Lucky Peak, construit en 1955 et d\u00e9tenu et exploit\u00e9 par le Corps des ing\u00e9nieurs de l&#039;arm\u00e9e am\u00e9ricaine (USACE). Le bassin de retenue de Lucky Peak se prolonge jusqu&#039;\u00e0 la base du barrage d&#039;Arrowrock. Plus en aval se trouve la rivi\u00e8re Boise. <span class='tooltipsall tooltip_post_id_5552 classtoolTips50'><span class='tooltipsall tooltip_post_id_5551 classtoolTips110'>D\u00e9rivation<\/span> Barrage<\/span> et un projet hydro\u00e9lectrique construit en 1909 et d\u00e9tenu et exploit\u00e9 par l&#039;USBR. Ce barrage d\u00e9tourne les eaux d&#039;irrigation vers l&#039;\u00c9tat de New York. <span class='tooltipsall tooltip_post_id_5537 classtoolTips143'>Canal<\/span> \u00e0 environ 14,2 milles en aval d&#039;Arrowrock.<\/p>\n<p>Arrowrock fait partie du \u00ab Projet Boise \u00bb de l&#039;USBR qui comprend cinq barrages de stockage, deux <span class='tooltipsall tooltip_post_id_5551 classtoolTips110'>d\u00e9rivation<\/span> Des barrages, trois centrales \u00e9lectriques, 1\u00a0165 kilom\u00e8tres de canaux, sept stations de pompage, 2\u00a0132 kilom\u00e8tres de canalisations lat\u00e9rales et 1\u00a0040 kilom\u00e8tres de drains. Le projet Boise alimente en eau d&#039;irrigation environ 160\u00a0000 hectares dans le sud-ouest de l&#039;Idaho et l&#039;est de l&#039;Oregon.<\/p>\n<p>La rivi\u00e8re Boise draine une superficie de 10\u00a0500 kilom\u00e8tres carr\u00e9s. Son cours principal est form\u00e9 par la convergence des fourches nord et centrale de la rivi\u00e8re Boise, au nord-est du r\u00e9servoir d&#039;Arrowrock. <span class='tooltipsall tooltip_post_id_5583 classtoolTips100'>sources<\/span> La rivi\u00e8re Boise prend sa source dans les monts Sawtooth, \u00e0 plus de 3\u00a0000 m\u00e8tres d&#039;altitude. Ses bifurcations s&#039;\u00e9coulent g\u00e9n\u00e9ralement vers le sud-ouest avant de se jeter, 164 kilom\u00e8tres plus loin, dans la rivi\u00e8re Snake, pr\u00e8s de Parma, dans l&#039;Idaho. La branche sud de la rivi\u00e8re Boise alimente \u00e9galement le r\u00e9servoir d&#039;Arrowrock. En aval de la confluence avec la branche sud, la rivi\u00e8re coule vers l&#039;ouest et est \u00e9galement aliment\u00e9e par le ruisseau Mores, un affluent majeur qui se jette dans le r\u00e9servoir de Lucky Peak. Le bassin versant du r\u00e9servoir d&#039;Arrowrock s&#039;\u00e9tend sur 5\u00a0600 kilom\u00e8tres carr\u00e9s, et tous les apports sont destin\u00e9s \u00e0 l&#039;irrigation et \u00e0 la lutte contre les inondations.<\/p>\n<p>Le barrage d&#039;Arrowrock a \u00e9t\u00e9 construit en 1915 et \u00e9tait \u00e0 l&#039;\u00e9poque le plus haut barrage du monde avec ses 106 m\u00e8tres. Il poss\u00e8de une <span class='tooltipsall tooltip_post_id_5651 classtoolTips116'>d\u00e9versoir<\/span> Le barrage mesure 345 m\u00e8tres de long et pr\u00e9sente une profondeur en amont de 78 m\u00e8tres. Lorsqu&#039;il est plein, le r\u00e9servoir couvre une superficie de 12\u00a0000 hectares et s&#039;\u00e9tend sur 20,6 kilom\u00e8tres. Deux s\u00e9ries de dix conduites de sortie traversent le barrage pour assurer l&#039;irrigation \u00e0 des altitudes m\u00e9dianes de 920 m\u00e8tres et 945 m\u00e8tres au-dessus du niveau de la mer\u00a0; le projet <span class='tooltipsall tooltip_post_id_5619 classtoolTips124'>conduites forc\u00e9es<\/span> sont reli\u00e9s \u00e0 deux conduits dans le niveau inf\u00e9rieur des deux niveaux. <span class='tooltipsall tooltip_post_id_5578 classtoolTips153'>portes<\/span> Des vannes install\u00e9es \u00e0 l&#039;extr\u00e9mit\u00e9 aval de chaque conduite permettent de contr\u00f4ler les rejets d&#039;eau du barrage. Un d\u00e9versoir lat\u00e9ral est \u00e9galement utilis\u00e9 occasionnellement pour \u00e9vacuer l&#039;eau et contr\u00f4ler les crues gr\u00e2ce \u00e0 six vannes \u00e0 tambour de 1,80 m de haut, dont le radier atteint 970 m au-dessus du niveau de la mer.<\/p>\n<p>Le projet hydro\u00e9lectrique a \u00e9t\u00e9 propos\u00e9 dans les ann\u00e9es 1980 par un groupe de districts d&#039;irrigation locaux, dont les districts de Boise-Kuna, de Nampa et Meridian, de New York, de Wilder et de Big Bend (les titulaires de permis). L&#039;installation hydro\u00e9lectrique est situ\u00e9e sur la rive sud du fleuve, directement en aval du barrage. <span class='tooltipsall tooltip_post_id_5624 classtoolTips102'>centrale<\/span> est enti\u00e8rement situ\u00e9 sur les terres de l&#039;USBR, bien qu&#039;Arrowrock <span class='tooltipsall tooltip_post_id_5633 classtoolTips103'>R\u00e9servoir<\/span> et l&#039;extr\u00e9mit\u00e9 sup\u00e9rieure du r\u00e9servoir de Lucky Peak sont situ\u00e9es dans la for\u00eat nationale de Boise. La centrale hydro\u00e9lectrique comprend deux conduites forc\u00e9es en acier de 1,57 m de diam\u00e8tre et 36 m de long, une centrale \u00e9lectrique et deux centrales de 7,5 MW. <span class='tooltipsall tooltip_post_id_5576 classtoolTips39'>Turbine Francis<\/span> unit\u00e9s de production, un canal de fuite de 55 pieds de large et de 125 pieds de long se d\u00e9versant dans le lac Lucky Peak, un d\u00e9versoir de contr\u00f4le situ\u00e9 \u00e0 l&#039;extr\u00e9mit\u00e9 aval du canal de fuite pour assurer <span class='tooltipsall tooltip_post_id_5554 classtoolTips97'>tube d&#039;aspiration<\/span> la submersion lors de l&#039;ass\u00e8chement du r\u00e9servoir de Lucky Peak, ainsi que les infrastructures de transport d&#039;\u00e9lectricit\u00e9. Les deux conduites forc\u00e9es d\u00e9tournent les d\u00e9bits aux bifurcations situ\u00e9es \u00e0 l&#039;extr\u00e9mit\u00e9 aval de deux des dix conduites de sortie du barrage (conduites n\u00b0 1 et n\u00b0 2). Les huit conduites de sortie restantes continuent de se d\u00e9verser directement dans le r\u00e9servoir de Lucky Peak lorsque les rejets quotidiens d\u00e9passent ceux qui transitent par la centrale.<\/p>\n<p>Le projet fonctionne en mode \u00ab\u00a0flux de production\u00a0\u00bb gr\u00e2ce au d\u00e9bit entrant disponible du r\u00e9servoir d&#039;Arrowrock. Ce r\u00e9servoir retient la majeure partie de la fonte des neiges en hiver et au d\u00e9but du printemps et est le premier \u00e0 \u00eatre exploit\u00e9 pour r\u00e9pondre aux besoins d&#039;irrigation de juillet \u00e0 septembre. Les d\u00e9bits utilis\u00e9s pour la production d&#039;\u00e9lectricit\u00e9 sont allou\u00e9s par l&#039;USBR et permettent des r\u00e9gulations quotidiennes de la puissance, qui suivent les variations horaires des besoins. Cela permet \u00e0 la centrale hydro\u00e9lectrique de produire pendant les p\u00e9riodes de pointe de la demande d&#039;\u00e9lectricit\u00e9, \u00e0 condition que le volume global d&#039;eau lib\u00e9r\u00e9 chaque jour reste dans les limites de l&#039;allocation journali\u00e8re et r\u00e9ponde aux besoins d&#039;irrigation et de lutte contre les inondations de l&#039;USBR. Les d\u00e9bits du projet d\u00e9passent la capacit\u00e9 des turbines entre avril et ao\u00fbt de chaque ann\u00e9e\u00a0; la r\u00e9gulation quotidienne n&#039;a donc g\u00e9n\u00e9ralement pas lieu pendant cette p\u00e9riode. De novembre \u00e0 mars, la r\u00e9gulation quotidienne du d\u00e9bit a lieu environ la moiti\u00e9 du temps. Du 1er mai au 30 juin, le projet n&#039;est pas autoris\u00e9 \u00e0 r\u00e9guler les d\u00e9bits afin de prot\u00e9ger l&#039;incubation et le frai de l&#039;achigan \u00e0 petite bouche. <span class='tooltipsall tooltip_post_id_5643 classtoolTips52'>Au fil de l&#039;eau<\/span> des op\u00e9rations sont mises en \u0153uvre en mai et juin pour att\u00e9nuer tout impact sur les populations de bars.<\/p>\n<p>Les eaux situ\u00e9es dans le p\u00e9rim\u00e8tre du projet sont class\u00e9es en cat\u00e9gorie 2, ce qui permet de soutenir pleinement les utilisations b\u00e9n\u00e9fiques \u00e9valu\u00e9es, notamment la biodiversit\u00e9 aquatique d&#039;eau froide, les loisirs de contact primaire et la fraie du saumon. Le ma\u00eetre d&#039;ouvrage surveille en permanence les concentrations d&#039;oxyg\u00e8ne dissous et a mis en place des proc\u00e9dures pour garantir que ces concentrations sont favorables \u00e0 la biodiversit\u00e9 aquatique. Plusieurs autres plans et proc\u00e9dures ont \u00e9t\u00e9 mis en \u0153uvre pour contr\u00f4ler l&#039;\u00e9rosion et la s\u00e9dimentation, ainsi que pour pr\u00e9venir la contamination de l&#039;eau.<\/p>\n<p>Historiquement, les esp\u00e8ces anadromes comme le saumon quinnat pouvaient acc\u00e9der aux eaux situ\u00e9es dans la zone du projet au milieu du XIXe si\u00e8cle. La construction de barrages en aval a emp\u00each\u00e9 l&#039;acc\u00e8s des esp\u00e8ces migratrices avant la construction du barrage d&#039;Arrowrock en 1915. Le barrage de Lucky Peak a \u00e9t\u00e9 construit par l&#039;USACE en 1955 comme une installation de contr\u00f4le des crues, imm\u00e9diatement en aval du barrage d&#039;Arrowrock, et ne poss\u00e8de pas de barrage en amont. <span class='tooltipsall tooltip_post_id_5566 classtoolTips59'>passage des poissons<\/span> Installations. Le r\u00e9servoir Arrowrock abrite une p\u00eacherie mixte compos\u00e9e de perchaudes, d&#039;achigans \u00e0 petite bouche, de m\u00e9nominis de montagnes, de truites arc-en-ciel, de truites sauvages \u00e0 bandes rouges et d&#039;ombles \u00e0 t\u00eate plate. Une p\u00eache c\u00f4ti\u00e8re en eaux chaudes est pratiqu\u00e9e le long des rives du lac Lucky Peak. L&#039;achigan \u00e0 petite bouche domine cette zone. La truite arc-en-ciel et le kokani, esp\u00e8ces d&#039;eau froide, sont \u00e9galement pr\u00e9sents dans le lac Lucky Peak gr\u00e2ce aux efforts d&#039;empoissonnement. Le Service am\u00e9ricain de la p\u00eache et de la faune sauvage (USFWS) a d\u00e9termin\u00e9 que le risque de mortalit\u00e9 des poissons par <span class='tooltipsall tooltip_post_id_5558 classtoolTips77'>entra\u00eenement<\/span> \u00e0 travers les turbines est faible.<\/p>\n<p>Le terrain du projet s&#039;\u00e9tend sur 2 hectares. Les terres environnantes sont domin\u00e9es par une v\u00e9g\u00e9tation de steppe arbustive. En altitude, la for\u00eat de conif\u00e8res se transforme. Les pentes abruptes sont pour la plupart non am\u00e9nag\u00e9es et leur propri\u00e9t\u00e9 rel\u00e8ve de la comp\u00e9tence f\u00e9d\u00e9rale. <span class='tooltipsall tooltip_post_id_5643 classtoolTips52'>au fil de l&#039;eau<\/span> les op\u00e9rations minimisent tout potentiel d\u2019impact n\u00e9gatif du projet.<\/p>\n<p>Parmi les esp\u00e8ces menac\u00e9es ou en voie de disparition potentiellement pr\u00e9sentes \u00e0 proximit\u00e9 du projet figure l&#039;omble \u00e0 t\u00eate plate. Cette esp\u00e8ce est pr\u00e9sente dans les r\u00e9servoirs d&#039;Arrowrock et de Lucky Peak, ainsi qu&#039;en amont du r\u00e9servoir d&#039;Arrowrock. Une consultation aupr\u00e8s de l&#039;USFWS a conclu que le risque d&#039;entra\u00eenement de cette esp\u00e8ce n&#039;est pas aggrav\u00e9 par les activit\u00e9s du projet.<\/p>\n<p>Le barrage d&#039;Arrowrock est r\u00e9pertori\u00e9 sur la <span class='tooltipsall tooltip_post_id_5606 classtoolTips1'>Registre national des lieux historiques<\/span>Hormis le barrage lui-m\u00eame, aucun autre site n&#039;a \u00e9t\u00e9 r\u00e9pertori\u00e9 comme potentiellement impact\u00e9 par la construction ou l&#039;exploitation du projet hydro\u00e9lectrique. La centrale a \u00e9t\u00e9 construite en harmonie avec le barrage existant afin de pr\u00e9server son int\u00e9grit\u00e9 historique, et des proc\u00e9dures ont \u00e9t\u00e9 adopt\u00e9es au cas o\u00f9 d&#039;autres ressources historiques ou culturelles seraient identifi\u00e9es.<\/p>\n<p>Aucune ressource r\u00e9cr\u00e9ative n&#039;est associ\u00e9e au projet, bien que des ressources soient disponibles \u00e0 proximit\u00e9. Le r\u00e9servoir d&#039;Arrowrock offre un acc\u00e8s pour la p\u00eache, la descente en bou\u00e9e, le camping, les pique-niques, la randonn\u00e9e et la chasse. En aval du projet, des activit\u00e9s de loisirs sont propos\u00e9es au public\u00a0: ski nautique, navigation de plaisance, p\u00eache, baignade et pique-nique. Une consultation aupr\u00e8s du Service des for\u00eats des \u00c9tats-Unis a conclu que les activit\u00e9s du projet n&#039;entravent pas l&#039;acc\u00e8s aux loisirs ni la pr\u00e9servation des ressources naturelles environnantes. L&#039;acc\u00e8s public est gratuit.<\/p>\n<hr \/>\n<h3>\u00c9tat de conformit\u00e9<\/h3>\n<p><strong>Il n\u2019y a pas de conditions sp\u00e9cifiques \u00e0 l\u2019\u00e9tablissement dans le certificat actuel.<\/strong><\/p>\n<p><strong>2025:<\/strong> Aucun changement important ni probl\u00e8me de conformit\u00e9 n&#039;ont \u00e9t\u00e9 identifi\u00e9s. Le projet reste conforme sur la base de l&#039;examen annuel. <strong><br \/>\n<\/strong><\/p>\n<p><strong>2024:<\/strong> Aucun changement important ni probl\u00e8me de conformit\u00e9 n&#039;ont \u00e9t\u00e9 identifi\u00e9s. Le projet reste conforme sur la base de l&#039;examen annuel.<\/p>\n<p><strong>2023:<\/strong> Aucun changement important ni probl\u00e8me de conformit\u00e9 n&#039;ont \u00e9t\u00e9 identifi\u00e9s. Le projet reste conforme sur la base de l&#039;examen annuel.<\/p>\n<p><strong>2022:<\/strong> Aucun changement important ni probl\u00e8me de conformit\u00e9 n&#039;ont \u00e9t\u00e9 identifi\u00e9s. Le projet reste conforme sur la base de l&#039;examen annuel.<\/p>\n<p><strong>2021:<\/strong> Le rapport annuel pour le certificat actuel n\u2019est pas encore entr\u00e9 en vigueur.<\/p>\n<hr \/>\n<h3>Historique des certifications<\/h3>\n<p><strong>5 janvier 2022 :<\/strong> Le Low Impact Hydropower Institute a rendu sa d\u00e9cision finale concernant la certification du projet Arrowrock, pr\u00e9c\u00e9demment certifi\u00e9. Le d\u00e9lai d&#039;appel de 30 jours s&#039;est cl\u00f4tur\u00e9 le 31 d\u00e9cembre 2021 et aucun appel n&#039;a \u00e9t\u00e9 d\u00e9pos\u00e9. Par cons\u00e9quent, la d\u00e9cision de recertifier le projet est d\u00e9sormais d\u00e9finitive. La nouvelle p\u00e9riode de validit\u00e9 s&#039;\u00e9tend du 20 septembre 2021 au 19 septembre 2031, refl\u00e9tant la prolongation des certificats entr\u00e9e en vigueur le 1er janvier 2022.<\/p>\n<p><strong>29 novembre 2021 :<\/strong> Le Low Impact Hydropower Institute (LIHI) a approuv\u00e9 le projet Arrowrock pour une certification \u00e0 faible impact d&#039;une dur\u00e9e de cinq ans. Cette d\u00e9cision est provisoire, dans l&#039;attente d&#039;un d\u00e9lai d&#039;appel de 30 jours. Seuls les participants ayant comment\u00e9 la demande initiale pendant ce d\u00e9lai de 60 jours sont autoris\u00e9s \u00e0 d\u00e9poser un recours. Ce recours doit inclure une explication expliquant en quoi le projet ne r\u00e9pond pas aux crit\u00e8res du LIHI. Les demandes de recours peuvent \u00eatre soumises par courriel \u00e0 l&#039;adresse suivante\u00a0: <a href=\"#\">comments@lowimpacthydro.org<\/a> avec \u00ab Arrowrock Project \u00bb dans l\u2019objet du message, ou par courrier adress\u00e9 au Low Impact Hydropower Institute, 1167 Massachusetts Ave, Office 407, Arlington, MA 02476. Toutes les demandes seront publi\u00e9es sur le site Web. Le demandeur aura la possibilit\u00e9 de r\u00e9pondre et toute r\u00e9ponse sera \u00e9galement publi\u00e9e. <strong>Les demandes doivent \u00eatre re\u00e7ues avant 17 heures, heure de l\u2019Est, le 29 d\u00e9cembre 2021.<\/strong> Le dossier complet et le rapport d&#039;\u00e9valuation sont disponibles ci-dessous. Si aucune demande d&#039;appel n&#039;est re\u00e7ue et que la d\u00e9cision devient d\u00e9finitive, la p\u00e9riode de certification du projet s&#039;\u00e9tendra du 20 septembre 2021 au 19 septembre 2026.<\/p>\n<p><strong>22 septembre 2021 :<\/strong>Le Low Impact Hydropower Institute a re\u00e7u une demande compl\u00e8te de remise en \u00e9tat \u00e0 faible impact du projet Arrowrock (anciennement LIHI #81). Le LIHI sollicite les commentaires du public sur cette demande. Plus pr\u00e9cis\u00e9ment, nous souhaitons savoir si, selon vous, le projet r\u00e9pond aux crit\u00e8res de certification \u00e0 faible impact du LIHI, tels que r\u00e9vis\u00e9s dans la 2e \u00e9dition du manuel. Veuillez consulter le programme et les crit\u00e8res dans la version r\u00e9vis\u00e9e du LIHI. <a href=\"https:\/\/lowimpacthydro.org\/wp-content\/uploads\/2020\/07\/2nd-Edition-Handbook-Rev.-2.04-2020-04-01.pdf\">Manuel<\/a> Consultez ensuite les documents de candidature ci-dessous. Les commentaires directement li\u00e9s aux crit\u00e8res sp\u00e9cifiques du LIHI (d\u00e9bits, qualit\u00e9 de l&#039;eau, passage des poissons, etc.) seront les plus utiles, mais tous les commentaires seront pris en compte. Vous pouvez adresser vos commentaires \u00e0 l&#039;Institut par courriel \u00e0 l&#039;adresse suivante\u00a0: <a>comments@lowimpacthydro.org<\/a> avec \u00ab Commentaires sur le projet Arrowrock \u00bb dans la ligne d&#039;objet, ou par courrier adress\u00e9 au Low Impact Hydropower Institute, 1167 Massachusetts Avenue, Arlington, MA 02476. <strong>Les commentaires doivent \u00eatre re\u00e7us au plus tard \u00e0 17 heures, heure de l&#039;Est, le <strong>20 novembre 2021<\/strong> \u00e0 consid\u00e9rer.<\/strong> Tous les commentaires seront publi\u00e9s sur le site Web et le candidat aura la possibilit\u00e9 d&#039;y r\u00e9pondre. Toute r\u00e9ponse sera \u00e9galement publi\u00e9e.<\/p>\n<hr \/>\n<h3>Fichiers:<\/h3>\n<ul style=\"color: black;\">\n<li><a href=\"https:\/\/lowimpacthydro.org\/wp-content\/uploads\/2021\/11\/Arrowrock-Stage-II-LIHI-report-2021.pdf\">Rapport d&#039;\u00e9valuation de la certification Arrowrock 2021<\/a><\/li>\n<li><a href=\"https:\/\/lowimpacthydro.org\/wp-content\/uploads\/2021\/11\/Arrowrock-LIHI-Application-Sept-2021.pdf\">Candidature Arrowrock 2021<\/a><\/li>\n<\/ul>","protected":false},"excerpt":{"rendered":"<p>Project Name Arrowrock LIHI Certificate No. 81 LIHI Certificate Term September 20, 2021 &#8211; September 19, 2031 Owner Boise Kuna Irrigation District et al State Idaho<span class=\"excerpt-hellip\"> [\u2026]<\/span><\/p>\n","protected":false},"author":3,"featured_media":-1,"parent":0,"menu_order":0,"comment_status":"closed","ping_status":"closed","template":"","meta":{"_coblocks_attr":"","_coblocks_dimensions":"","_coblocks_responsive_height":"","_coblocks_accordion_ie_support":"","om_disable_all_campaigns":false,"_monsterinsights_skip_tracking":false,"_monsterinsights_sitenote_active":false,"_monsterinsights_sitenote_note":"","_monsterinsights_sitenote_category":0,"footnotes":""},"class_list":["post-4743","page","type-page","status-publish","has-post-thumbnail","hentry"],"aioseo_notices":[],"_links":{"self":[{"href":"https:\/\/lowimpacthydro.org\/fr\/wp-json\/wp\/v2\/pages\/4743","targetHints":{"allow":["GET"]}}],"collection":[{"href":"https:\/\/lowimpacthydro.org\/fr\/wp-json\/wp\/v2\/pages"}],"about":[{"href":"https:\/\/lowimpacthydro.org\/fr\/wp-json\/wp\/v2\/types\/page"}],"author":[{"embeddable":true,"href":"https:\/\/lowimpacthydro.org\/fr\/wp-json\/wp\/v2\/users\/3"}],"replies":[{"embeddable":true,"href":"https:\/\/lowimpacthydro.org\/fr\/wp-json\/wp\/v2\/comments?post=4743"}],"version-history":[{"count":10,"href":"https:\/\/lowimpacthydro.org\/fr\/wp-json\/wp\/v2\/pages\/4743\/revisions"}],"predecessor-version":[{"id":9893,"href":"https:\/\/lowimpacthydro.org\/fr\/wp-json\/wp\/v2\/pages\/4743\/revisions\/9893"}],"wp:featuredmedia":[{"embeddable":true,"href":"https:\/\/lowimpacthydro.org\/fr\/wp-json\/"}],"wp:attachment":[{"href":"https:\/\/lowimpacthydro.org\/fr\/wp-json\/wp\/v2\/media?parent=4743"}],"curies":[{"name":"wp","href":"https:\/\/api.w.org\/{rel}","templated":true}]}}