{"id":4646,"date":"2021-08-03T11:13:10","date_gmt":"2021-08-03T15:13:10","guid":{"rendered":"https:\/\/lowimpacthydro.org\/?page_id=4646"},"modified":"2025-06-16T15:49:39","modified_gmt":"2025-06-16T19:49:39","slug":"lihi-certificate-180-white-river-lock-and-dam-no-2-hydroelectric-project-arkansas","status":"publish","type":"page","link":"https:\/\/lowimpacthydro.org\/fr\/lihi-certificate-180-white-river-lock-and-dam-no-2-hydroelectric-project-arkansas\/","title":{"rendered":"Projet hydro\u00e9lectrique de l&#039;\u00e9cluse et du barrage n\u00b0 2 de White River \u2013 LIHI #180, Arkansas"},"content":{"rendered":"<table class=\"alignright\" style=\"width: 351px; border: 2px; cellspacing: 2px; cellpadding: 2px; margin-left: 50px;\">\n<tbody>\n<tr style=\"height: 24px;\">\n<td style=\"height: 11px;\" width=\"162\"><strong>Nom du projet<\/strong><\/td>\n<td style=\"height: 11px;\" width=\"165\">\u00c9cluse de White River et <span class='tooltipsall tooltip_post_id_5545 classtoolTips158'>Barrage<\/span> N\u00b0 2<\/td>\n<\/tr>\n<tr style=\"height: 56px;\">\n<td style=\"height: 12px;\"><strong>Num\u00e9ro de certificat LIHI<\/strong><\/td>\n<td style=\"height: 12px;\">180<\/td>\n<\/tr>\n<tr style=\"height: 80px;\">\n<td style=\"height: 36px;\"><strong>Dur\u00e9e du certificat LIHI<\/strong><\/td>\n<td style=\"height: 36px;\">9 juin 2021 \u2013 8 juin 2031 (option de prolongation jusqu&#039;au 8 juin 2034)<\/td>\n<\/tr>\n<tr style=\"height: 80px;\">\n<td style=\"height: 10px;\" width=\"162\"><strong>Propri\u00e9taire<\/strong><\/td>\n<td style=\"height: 10px;\" width=\"165\">Comt\u00e9 d&#039;Independence, Arkansas<\/td>\n<\/tr>\n<tr style=\"height: 56px;\">\n<td style=\"height: 10px;\" width=\"162\"><strong>\u00c9tat<\/strong><\/td>\n<td style=\"height: 10px;\" width=\"165\">Arkansas<\/td>\n<\/tr>\n<tr style=\"height: 104px;\">\n<td style=\"height: 26px;\" width=\"162\"><strong>Emplacement<\/strong><\/td>\n<td style=\"height: 26px;\" width=\"165\">Mille 308,3 sur la rivi\u00e8re White<\/td>\n<\/tr>\n<tr style=\"height: 56px;\">\n<td style=\"height: 21px;\" width=\"162\"><strong>Capacit\u00e9 install\u00e9e<\/strong><\/td>\n<td style=\"height: 21px;\" width=\"165\">3,9 MW<\/td>\n<\/tr>\n<tr style=\"height: 80px;\">\n<td style=\"height: 36px;\" width=\"162\"><strong>G\u00e9n\u00e9ration annuelle moyenne<\/strong><\/td>\n<td style=\"height: 36px;\" width=\"165\">15 423 MWh<\/td>\n<\/tr>\n<tr style=\"height: 56px;\">\n<td style=\"height: 23px;\" width=\"162\"><strong>Type d&#039;\u00e9tablissement<\/strong><\/td>\n<td style=\"height: 23px;\" width=\"165\">Au fil de l&#039;eau<\/td>\n<\/tr>\n<tr style=\"height: 56px;\">\n<td style=\"height: 17px;\" width=\"162\"><strong><span class='tooltipsall tooltip_post_id_5565 classtoolTips152'>F\u00e9d\u00e9ration internationale de radio-t\u00e9l\u00e9vision (FERC)<\/span> Non.<\/strong><\/td>\n<td style=\"height: 17px;\" width=\"165\">P-4660, d\u00e9livr\u00e9 en 1985, expire le 31\/10\/2035.<\/td>\n<\/tr>\n<\/tbody>\n<\/table>\n<p><a href=\"https:\/\/lowimpacthydro.org\/fr\/lihi-certifcate-179-white-river-lock-and-dam-no-1-hydroelectric-project-arkansas\/\">\u00c9cluse et barrage n\u00b0 1 de White River (LIHI #179)<\/a>, \u00c9cluse et barrage n\u00b0 2, et le\u00a0 <a href=\"https:\/\/lowimpacthydro.org\/fr\/lihi-certificate-181-white-river-lock-and-dam-no-3-hydroelectric-project-arkansas\/\">\u00c9cluse et barrage n\u00b0 3 \u00ab\u00a0Shelby M. Knight\u00a0\u00bb (LIHI #181)<\/a> (par exemple, LD1, LD2, LD3) Les projets hydro\u00e9lectriques sont collectivement connus sous le nom de \u00ab Projet hydro\u00e9lectrique de la rivi\u00e8re White \u00bb et sont situ\u00e9s sur la rivi\u00e8re White, dans le centre-nord de l&#039;Arkansas. La rivi\u00e8re prend sa source dans le nord-ouest de l&#039;Arkansas, dans les montagnes de Boston, et coule vers l&#039;est en direction de Fayetteville, o\u00f9 elle bifurque ensuite vers le nord. La rivi\u00e8re entre dans le Missouri pr\u00e8s d&#039;Eureka Springs. Elle coule ensuite vers le sud-est pour retourner dans l&#039;Arkansas en passant par Bull Shoals, Mountain Home et Calico Rock. \u00c0 Batesville, la deuxi\u00e8me section de la rivi\u00e8re, connue sous le nom de Lower White, commence. De Batesville, la rivi\u00e8re coule vers le sud sur 475 kilom\u00e8tres \u00e0 travers la r\u00e9gion du delta de l&#039;Arkansas avant de se jeter dans le fleuve Mississippi. La rivi\u00e8re traverse plusieurs lacs cr\u00e9\u00e9s par huit barrages de l&#039;USACE. Six lacs sont exploit\u00e9s conjointement afin de r\u00e9duire la fr\u00e9quence et la gravit\u00e9 des inondations.<\/p>\n<p>Entre 1900 et 1908, l&#039;USACE a construit les trois barrages et \u00e9cluses \u00e0 caissons en bois et en b\u00e9ton associ\u00e9s aux projets. Ces \u00e9cluses servaient \u00e0 la navigation, d\u00e9pla\u00e7ant des bateaux transportant du bois, du coton et des produits miniers tels que le calcaire et la silice. Au milieu des ann\u00e9es 1950, le train avait remplac\u00e9 les bateaux comme principal moyen de transport de ces produits. L&#039;USACE a mis hors service les \u00e9cluses et vendu les propri\u00e9t\u00e9s. Le d\u00e9veloppement de cette nouvelle capacit\u00e9 hydro\u00e9lectrique a mobilis\u00e9 une compagnie d&#039;\u00e9lectricit\u00e9, une universit\u00e9, une ville, un comt\u00e9, le Congr\u00e8s am\u00e9ricain, 27 ans de travail, une multitude d&#039;ing\u00e9nieurs et d&#039;avocats, ainsi que la t\u00e9nacit\u00e9 et la pers\u00e9v\u00e9rance d&#039;un groupe de personnes d\u00e9vou\u00e9es. La construction du projet a d\u00e9but\u00e9 en 2003 et les projets ont \u00e9t\u00e9 mis en service en 2006-2007. LD2 est situ\u00e9 dans le comt\u00e9 d&#039;Independence, en Arkansas, au mile 308,3, entre LD1 et LD3.<\/p>\n<p>LD2 comprend un b\u00e9ton et <span class='tooltipsall tooltip_post_id_5543 classtoolTips76'>cr\u00e8che en bois<\/span> <span class='tooltipsall tooltip_post_id_5545 classtoolTips158'>barrage<\/span> D&#039;environ 200 m\u00e8tres de long et 9 m\u00e8tres de haut, il comprend une \u00e9cluse de navigation int\u00e9gr\u00e9e d&#039;environ 53 m\u00e8tres de long et 11 m\u00e8tres de large, situ\u00e9e sur le c\u00f4t\u00e9 droit du barrage. Une prise d&#039;eau \u00e0 plusieurs niveaux <span class='tooltipsall tooltip_post_id_5574 classtoolTips146'>buse<\/span>, d&#039;environ 120 pieds de long et 100 pieds de large, est situ\u00e9 \u00e0 l&#039;int\u00e9rieur de la structure de l&#039;\u00e9cluse.<\/p>\n<p>Le barrage cr\u00e9e un bassin de retenue d&#039;une superficie d&#039;environ 1 072 acres \u00e0 la hauteur maximale du bassin. <span class='tooltipsall tooltip_post_id_5624 classtoolTips102'>centrale<\/span> Le projet comprend une turbine Kaplan verticale unique et un groupe \u00e9lectrog\u00e8ne d&#039;une capacit\u00e9 de 3,9 MW et d&#039;un d\u00e9bit nominal de 3\u00a0180 pi\u00b3\/s. La production annuelle moyenne est d&#039;environ 15\u00a0400 MWh. Un canal de fuite \u00e0 canal ouvert, d&#039;environ 36 m\u00e8tres de long, renvoie l&#039;eau vers la rivi\u00e8re. Le p\u00e9rim\u00e8tre du projet englobe la laisse de crue et environ 4 hectares de terrain autour des structures du projet.<\/p>\n<p>Le projet est exploit\u00e9 de mani\u00e8re instantan\u00e9e <span class='tooltipsall tooltip_post_id_5643 classtoolTips52'>au fil de l&#039;eau<\/span> mode. Les d\u00e9bits entrants pour LD1, LD2 et LD3 d\u00e9pendent du d\u00e9bit sortant des barrages USACE en amont de Bull Shoals sur la rivi\u00e8re White et du lac Norfolk sur la rivi\u00e8re North Fork, ainsi que d&#039;autres affluents. Il n&#039;y a pas <span class='tooltipsall tooltip_post_id_5651 classtoolTips116'>d\u00e9versoir<\/span> <span class='tooltipsall tooltip_post_id_5578 classtoolTips153'>portes<\/span> \u00e0 aucun des barrages. Les capacit\u00e9s de d\u00e9bit des usines sont faibles par rapport au d\u00e9bit du fleuve et les niveaux de retenue descendent rarement au-dessus ou en dessous du niveau maximal. <span class='tooltipsall tooltip_post_id_5651 classtoolTips116'>d\u00e9versoirs<\/span>. <span class='tooltipsall tooltip_post_id_5643 classtoolTips52'>Au fil de l&#039;eau<\/span> le fonctionnement et les d\u00e9bits sont surveill\u00e9s sur la base de la jauge USGS le long de la rivi\u00e8re White \u00e0 Batesville, AR.<\/p>\n<p>Les eaux \u00e0 port\u00e9e des trois installations sont r\u00e9pertori\u00e9es comme favorisant la propagation des poissons et de la faune, les ressources primaires et <span class='tooltipsall tooltip_post_id_5646 classtoolTips7'>loisirs de contact secondaire<\/span>, ainsi que pour l&#039;approvisionnement en eau domestique, agricole et industrielle. Une surveillance de la qualit\u00e9 de l&#039;eau a \u00e9t\u00e9 men\u00e9e de 2014 \u00e0 2019 afin de garantir que les installations n&#039;avaient pas d&#039;impact n\u00e9gatif sur l&#039;oxyg\u00e8ne dissous et la temp\u00e9rature de l&#039;eau dans le secteur du projet.<\/p>\n<p>La construction originale des installations d&#039;\u00e9cluse et de barrage comprenait <span class='tooltipsall tooltip_post_id_5566 classtoolTips59'>passage des poissons<\/span> \u00e9chelles ou <span class='tooltipsall tooltip_post_id_5568 classtoolTips128'>passes \u00e0 poissons<\/span>. Cependant, il ne reste actuellement que des vestiges de ces installations. Des d\u00e9bits \u00e9lev\u00e9s et des inondations dans la zone du projet an\u00e9antiraient certainement toute tentative d&#039;am\u00e9nager un passage permanent pour les poissons. La Commission de la p\u00eache et de la chasse de l&#039;Arkansas et le ma\u00eetre d&#039;ouvrage ont pris contact pour discuter de la possibilit\u00e9 d&#039;am\u00e9nager des passages saisonniers pour les poissons, mais aucune recommandation ni prescription officielle n&#039;a \u00e9t\u00e9 fournie. Les esp\u00e8ces de poissons r\u00e9sidentes comprennent la truite arc-en-ciel et la truite fard\u00e9e (ensemenc\u00e9es chaque ann\u00e9e dans le lac Bull Shoals), le crapet, l&#039;achigan noir, l&#039;achigan blanc, le poisson-chat, l&#039;omble de fontaine, l&#039;alose et le dor\u00e9 jaune. La truite n&#039;est pas indig\u00e8ne \u00e0 l&#039;Arkansas, mais il a \u00e9t\u00e9 constat\u00e9 que la p\u00eache est due au rejet d&#039;eau froide des barrages de l&#039;USACE le long de la rivi\u00e8re White.<\/p>\n<p>Le terrain du projet s&#039;\u00e9tend sur environ 4 hectares. La propri\u00e9t\u00e9 entourant LD2 est principalement constitu\u00e9e de terres foresti\u00e8res et agricoles non am\u00e9nag\u00e9es. Un plan de contr\u00f4le de l&#039;\u00e9rosion et de la s\u00e9dimentation, un plan de gestion de la faune et de la v\u00e9g\u00e9tation et <span class='tooltipsall tooltip_post_id_5670 classtoolTips125'>Zone humide<\/span>\/<span class='tooltipsall tooltip_post_id_5572 classtoolTips80'>Plaine inondable<\/span> Le plan de gestion et le plan de protection des rapaces ont \u00e9t\u00e9 mis en \u0153uvre dans le cadre des projets. Ces plans ont \u00e9t\u00e9 examin\u00e9s par l&#039;US Fish and Wildlife Service (USFWS) et l&#039;AGFC, sans aucun commentaire.<\/p>\n<p>Les esp\u00e8ces menac\u00e9es et en voie de disparition potentiellement pr\u00e9sentes dans la zone du projet comprennent le vespertilion nordique, la chauve-souris de l&#039;Indiana, la chauve-souris grise, le r\u00e2le noir de l&#039;Est, le pluvier siffleur, le b\u00e9casseau maub\u00e8che, le hellebender des Ozarks, le vespertilion du Missouri et le tr\u00e8fle bison. Aucun habitat essentiel pour ces esp\u00e8ces n&#039;est pr\u00e9sent dans la zone du projet et les op\u00e9rations du projet n&#039;ont aucun impact sur elles.<\/p>\n<p>Les \u00e9cluses et les barrages ont \u00e9t\u00e9 jug\u00e9s \u00e9ligibles \u00e0 l&#039;inscription sur la liste <span class='tooltipsall tooltip_post_id_5606 classtoolTips1'>Registre national des lieux historiques<\/span> La construction des centrales hydro\u00e9lectriques n\u00e9cessiterait la d\u00e9molition de certaines parties des structures existantes de l&#039;\u00e9cluse et du barrage. \u00c0 l&#039;\u00e9poque, le responsable de la pr\u00e9servation historique de l&#039;\u00c9tat de l&#039;Arkansas (SHPO) avait constat\u00e9 que cela aurait un impact n\u00e9gatif sur les propri\u00e9t\u00e9s \u00e9ligibles et avait recommand\u00e9 la documentation des projets avant leur d\u00e9molition. LD2 a exig\u00e9 une coordination avec le SHPO de l&#039;Arkansas pour recenser tout ou partie de l&#039;\u00e9cluse et du barrage n\u00b0 2 et \u00e9tablir une carte \u00e0 l&#039;\u00e9chelle montrant la relation de l&#039;\u00e9cluse et du barrage avec d&#039;autres complexes historiques de la rivi\u00e8re White. Le ma\u00eetre d&#039;ouvrage s&#039;est conform\u00e9 \u00e0 cette demande et a produit ces documents pour les archives historiques.<\/p>\n<p>Les ressources r\u00e9cr\u00e9atives du projet comprennent l&#039;acc\u00e8s \u00e0 la navigation, des aires de camping informelles et un acc\u00e8s \u00e0 la p\u00eache en aval du barrage. La centrale \u00e9lectrique et l&#039;\u00e9cluse sont cl\u00f4tur\u00e9es pour des raisons de s\u00e9curit\u00e9. L&#039;acc\u00e8s public est gratuit, sous r\u00e9serve de conditions de s\u00e9curit\u00e9 et de propri\u00e9t\u00e9 priv\u00e9e.<\/p>\n<hr \/>\n<h3>\u00c9tat de conformit\u00e9<\/h3>\n<p><strong>Le certificat comprend les conditions sp\u00e9cifiques \u00e0 l&#039;\u00e9tablissement suivantes :<\/strong><\/p>\n<p><strong>Condition 1 :<\/strong> Si le propri\u00e9taire de l&#039;installation re\u00e7oit une notification pendant la dur\u00e9e de cette certification LIHI de l&#039;USFWS ou de l&#039;AGFC indiquant que le passage en amont et\/ou en aval pour les poissons anadromes ou <span class='tooltipsall tooltip_post_id_5538 classtoolTips75'>catadrome<\/span> Si du poisson est requis dans l&#039;une des installations, le propri\u00e9taire doit transmettre \u00e0 LIHI une copie de cette notification ainsi qu&#039;un r\u00e9sum\u00e9 des plans et un calendrier pour lancer la consultation et mettre en \u0153uvre le passage ; et doit fournir une mise \u00e0 jour de l&#039;\u00e9tat d&#039;avancement de la mise en \u0153uvre dans les d\u00e9clarations de conformit\u00e9 annuelles.<\/p>\n<p><strong>Condition 2 (facultatif) :<\/strong> si, \u00e0 tout moment avant six mois avant l&#039;expiration des conditions de certification pour chaque projet, le propri\u00e9taire met volontairement en \u0153uvre un passage saisonnier des anguilles en amont dans un ou plusieurs des projets en l&#039;absence d&#039;une recommandation de l&#039;agence dans la condition 1, LIHI examinera ces informations et d\u00e9terminera s&#039;il convient ou non d&#039;attribuer une norme PLUS et de prolonger la dur\u00e9e du certificat de trois ann\u00e9es suppl\u00e9mentaires.<\/p>\n<p><strong>2025:<\/strong> Aucun changement important ni probl\u00e8me de conformit\u00e9 n&#039;a \u00e9t\u00e9 identifi\u00e9. Le projet demeure conforme suite \u00e0 l&#039;examen annuel. Aucun changement d&#039;\u00e9tat n&#039;a \u00e9t\u00e9 signal\u00e9.<\/p>\n<p><strong>2024:<\/strong> Aucun changement important ni probl\u00e8me de conformit\u00e9 n&#039;a \u00e9t\u00e9 identifi\u00e9. Le projet demeure conforme suite \u00e0 l&#039;examen annuel. Aucun changement d&#039;\u00e9tat n&#039;a \u00e9t\u00e9 signal\u00e9. <strong><br \/>\n<\/strong><\/p>\n<p><strong>2023:<\/strong> Aucun changement important ni probl\u00e8me de conformit\u00e9 n&#039;a \u00e9t\u00e9 identifi\u00e9. Le projet demeure conforme suite \u00e0 l&#039;examen annuel. Aucun changement d&#039;\u00e9tat n&#039;a \u00e9t\u00e9 signal\u00e9.<\/p>\n<p><strong>2022:<\/strong> Aucun changement important ni probl\u00e8me de conformit\u00e9 n&#039;a \u00e9t\u00e9 identifi\u00e9. Le projet demeure conforme suite \u00e0 l&#039;examen annuel. Aucun changement d&#039;\u00e9tat n&#039;a \u00e9t\u00e9 signal\u00e9.<\/p>\n<p><strong>2021:<\/strong>\u00a0 Le rapport annuel pour le certificat actuel n\u2019est pas encore entr\u00e9 en vigueur.<\/p>\n<hr \/>\n<h3>Historique des certifications<\/h3>\n<p><strong>1er janvier 2022 :<\/strong> La dur\u00e9e du certificat LIHI a \u00e9t\u00e9 prolong\u00e9e conform\u00e9ment \u00e0 la r\u00e9vision 2.05 du manuel de certification LIHI 2e \u00e9dition publi\u00e9 le 1er janvier 2022. Reportez-vous au tableau des \u00e9tablissements ci-dessus pour conna\u00eetre la nouvelle dur\u00e9e.<\/p>\n<p><strong> 3 ao\u00fbt 2021 :<\/strong> Le Low Impact Hydropower Institute a rendu sa d\u00e9cision finale concernant la certification du projet d&#039;\u00e9cluse et de barrage n\u00b0 2 de White River, situ\u00e9 sur la rivi\u00e8re White, en Arkansas. Le d\u00e9lai d&#039;appel de 30 jours s&#039;est termin\u00e9 le 31 juillet 2021 et aucun appel n&#039;a \u00e9t\u00e9 d\u00e9pos\u00e9. Par cons\u00e9quent, la d\u00e9cision de certification du projet est d\u00e9sormais d\u00e9finitive. La nouvelle p\u00e9riode d&#039;appel s&#039;\u00e9tend du 9 juin 2021 au 8 juin 2026.<\/p>\n<p><strong>1er juillet 2021 :<\/strong> Le Low Impact Hydropower Institute (LIHI) a approuv\u00e9 la certification \u00e0 faible impact (LIHI #179, #180, #181) pour les projets hydro\u00e9lectriques n\u00b0 1, n\u00b0 2 et n\u00b0 3 de l&#039;\u00e9cluse et du barrage de White River, situ\u00e9s sur la rivi\u00e8re White, en Arkansas. Cette d\u00e9cision est provisoire, dans l&#039;attente d&#039;un d\u00e9lai d&#039;appel de 30 jours. Seuls les participants ayant comment\u00e9 la demande initiale pendant ce d\u00e9lai de 60 jours sont autoris\u00e9s \u00e0 d\u00e9poser un recours. Ce recours doit inclure une explication expliquant en quoi le projet ne r\u00e9pond pas aux crit\u00e8res du LIHI. Les demandes de recours peuvent \u00eatre soumises par courriel \u00e0 l&#039;adresse suivante\u00a0: <a href=\"#\">comments@lowimpacthydro.org<\/a> avec \u00ab\u00a0White River Project\u00a0\u00bb en objet, ou par courrier adress\u00e9 au Low Impact Hydropower Institute, 1167 Massachusetts Ave, Arlington, MA 02476. Toutes les demandes seront publi\u00e9es sur le site web. Le demandeur aura la possibilit\u00e9 de r\u00e9pondre, et toute r\u00e9ponse sera \u00e9galement publi\u00e9e. <strong>Les demandes doivent \u00eatre re\u00e7ues avant 17 h, heure de l\u2019Est, le 31 juillet 2021. <\/strong>Le dossier complet et le rapport d&#039;\u00e9valuation sont disponibles ci-dessous. En l&#039;absence de recours, la p\u00e9riode de certification pour chaque projet sera du 9 juin 2021 au 8 juin 2026, sauf prolongation conform\u00e9ment \u00e0 la condition 2.<\/p>\n<p><strong>27 avril 2021 :<\/strong>\u00a0Le Low Impact Hydropower Institute a re\u00e7u une demande compl\u00e8te de certification \u00e0 faible impact pour le projet hydro\u00e9lectrique de White River. Le LIHI sollicite les commentaires du public sur cette demande. Plus pr\u00e9cis\u00e9ment, nous souhaitons savoir si, selon vous, le projet r\u00e9pond aux crit\u00e8res de certification \u00e0 faible impact du LIHI, tels que r\u00e9vis\u00e9s dans la 2e \u00e9dition du manuel. Veuillez consulter le programme et les crit\u00e8res dans la version r\u00e9vis\u00e9e du LIHI.\u00a0<a href=\"https:\/\/lowimpacthydro.org\/fr\/handbook-review\/\">Manuel<\/a>\u00a0et consultez ensuite les documents de candidature du projet ci-dessous. Les commentaires directement li\u00e9s \u00e0 des crit\u00e8res sp\u00e9cifiques du LIHI (d\u00e9bits, qualit\u00e9 de l&#039;eau, passage des poissons, etc.) seront les plus utiles, mais tous les commentaires seront pris en compte. Les commentaires peuvent \u00eatre soumis \u00e0 l&#039;Institut par courrier \u00e9lectronique \u00e0 l&#039;adresse\u00a0<a href=\"mailto:comments@lowimpacthydro.org\">comments@lowimpacthydro.org<\/a>\u00a0avec \u00ab Commentaires sur le projet White River \u00bb dans la ligne d&#039;objet, ou par courrier adress\u00e9 au Low Impact Hydropower Institute, 1167 Massachusetts Avenue, Arlington, MA 02476.<strong>\u00a0Les commentaires doivent \u00eatre re\u00e7us au plus tard \u00e0 17 h, heure de l&#039;Est, le 26 juin 2021.<\/strong>\u00a0\u00e0 prendre en consid\u00e9ration. Tous les commentaires seront publi\u00e9s sur le site Web et le candidat aura la possibilit\u00e9 d&#039;y r\u00e9pondre. Toute r\u00e9ponse sera \u00e9galement publi\u00e9e.<\/p>\n<hr \/>\n<h3>Dossiers de certification<\/h3>\n<h4>Certification 2021<\/h4>\n<ul style=\"color: black;\">\n<li><a href=\"https:\/\/lowimpacthydro.org\/wp-content\/uploads\/2021\/07\/White-River-Hydro-Review-Report-2021-06-29.pdf\">Rapport d&#039;\u00e9valuation de White River<\/a><\/li>\n<li><a href=\"https:\/\/lowimpacthydro.org\/wp-content\/uploads\/2021\/04\/White-River-LD1-3-LIHI-Application_03.10.21.pdf\">Demande d&#039;autorisation d&#039;installation de White River LD1-3 LIHI_03.10.21<\/a><\/li>\n<\/ul>\n<hr \/>\n<h3>Documents cl\u00e9s<\/h3>\n<ul>\n<li><a href=\"https:\/\/lowimpacthydro.org\/wp-content\/uploads\/2024\/05\/20021113-FERC-amendment-transmission-line-White-River-Dam-2.pdf\">Amendement de la FERC de 2002 \u2013 changement de ligne de transmission<\/a><\/li>\n<li><a href=\"https:\/\/lowimpacthydro.org\/wp-content\/uploads\/2024\/05\/20021122-FERC-amendment-errata-White-River-Dam-2.pdf\">Amendement FERC 2002 \u2013 errata<\/a><\/li>\n<li><a href=\"https:\/\/lowimpacthydro.org\/wp-content\/uploads\/2024\/05\/2002-EA-of-White-River-projects-amendments.pdf\">\u00c9valuation environnementale de la FERC de 2002 pour le changement de ligne de transmission<\/a><\/li>\n<li><a href=\"https:\/\/lowimpacthydro.org\/wp-content\/uploads\/2024\/05\/20010830-FERC-amendment-capacity-White-River-Dam-2.pdf\">Amendement de la FERC de 2001 \u2013 capacit\u00e9<\/a><\/li>\n<li><a href=\"https:\/\/lowimpacthydro.org\/wp-content\/uploads\/2024\/05\/20010124-FERC-Amendment-of-License-Term-White-River-projects.pdf\">Amendement de la FERC de 2001 \u2013 prolongation du mandat<\/a><\/li>\n<li><a href=\"https:\/\/lowimpacthydro.org\/wp-content\/uploads\/2024\/05\/1985-FERC-License-White-River-Dam-2.pdf\">Licence FERC 1985<\/a><\/li>\n<li>Certification de la qualit\u00e9 de l&#039;eau de 1983 \u2013 non disponible<\/li>\n<\/ul>","protected":false},"excerpt":{"rendered":"<p>Project Name White River Lock and Dam No. 2 LIHI Certificate No. 180 LIHI Certificate Term June 9, 2021 &#8211; June 8, 2031 (option to extend<span class=\"excerpt-hellip\"> [\u2026]<\/span><\/p>\n","protected":false},"author":3,"featured_media":-1,"parent":0,"menu_order":0,"comment_status":"closed","ping_status":"closed","template":"","meta":{"_coblocks_attr":"","_coblocks_dimensions":"","_coblocks_responsive_height":"","_coblocks_accordion_ie_support":"","om_disable_all_campaigns":false,"_monsterinsights_skip_tracking":false,"_monsterinsights_sitenote_active":false,"_monsterinsights_sitenote_note":"","_monsterinsights_sitenote_category":0,"footnotes":""},"class_list":["post-4646","page","type-page","status-publish","has-post-thumbnail","hentry"],"_links":{"self":[{"href":"https:\/\/lowimpacthydro.org\/fr\/wp-json\/wp\/v2\/pages\/4646","targetHints":{"allow":["GET"]}}],"collection":[{"href":"https:\/\/lowimpacthydro.org\/fr\/wp-json\/wp\/v2\/pages"}],"about":[{"href":"https:\/\/lowimpacthydro.org\/fr\/wp-json\/wp\/v2\/types\/page"}],"author":[{"embeddable":true,"href":"https:\/\/lowimpacthydro.org\/fr\/wp-json\/wp\/v2\/users\/3"}],"replies":[{"embeddable":true,"href":"https:\/\/lowimpacthydro.org\/fr\/wp-json\/wp\/v2\/comments?post=4646"}],"version-history":[{"count":16,"href":"https:\/\/lowimpacthydro.org\/fr\/wp-json\/wp\/v2\/pages\/4646\/revisions"}],"predecessor-version":[{"id":9729,"href":"https:\/\/lowimpacthydro.org\/fr\/wp-json\/wp\/v2\/pages\/4646\/revisions\/9729"}],"wp:featuredmedia":[{"embeddable":true,"href":"https:\/\/lowimpacthydro.org\/fr\/wp-json\/"}],"wp:attachment":[{"href":"https:\/\/lowimpacthydro.org\/fr\/wp-json\/wp\/v2\/media?parent=4646"}],"curies":[{"name":"wp","href":"https:\/\/api.w.org\/{rel}","templated":true}]}}