{"id":4545,"date":"2021-06-28T09:16:06","date_gmt":"2021-06-28T13:16:06","guid":{"rendered":"https:\/\/lowimpacthydro.org\/?page_id=4545"},"modified":"2025-06-11T15:45:53","modified_gmt":"2025-06-11T19:45:53","slug":"lihi-certificate-184-narrows-road-project-massachusetts","status":"publish","type":"page","link":"https:\/\/lowimpacthydro.org\/fr\/lihi-certificate-184-narrows-road-project-massachusetts\/","title":{"rendered":"Certificat LIHI #184 \u2013 Projet de station de r\u00e9duction de pression de Narrows Road, MA"},"content":{"rendered":"<table class=\"alignright\" style=\"width: 351px; border: 2px; cellspacing: 2px; cellpadding: 2px; margin-left: 50px;\">\n<tbody>\n<tr>\n<td style=\"width: 194px;\"><strong>Nom du projet<\/strong><\/td>\n<td style=\"width: 197px;\">Projet de station de r\u00e9duction de pression de Narrows Road<\/td>\n<\/tr>\n<tr>\n<td style=\"width: 194px;\"><strong>Num\u00e9ro de certificat LIHI<\/strong><\/td>\n<td style=\"width: 197px;\">184<\/td>\n<\/tr>\n<tr>\n<td style=\"width: 194px;\"><strong>Dur\u00e9e du certificat LIHI<br \/>\n<\/strong><\/td>\n<td style=\"width: 197px;\">25 juin 2021 \u2013 24 juin 2036<\/td>\n<\/tr>\n<tr>\n<td style=\"width: 194px;\"><strong>Propri\u00e9taire<\/strong><\/td>\n<td style=\"width: 197px;\">Ville de Fitchburg, MA<\/td>\n<\/tr>\n<tr>\n<td style=\"width: 194px;\"><strong>\u00c9tat<\/strong><\/td>\n<td style=\"width: 197px;\">Massachusetts<\/td>\n<\/tr>\n<tr>\n<td style=\"width: 194px;\"><strong>Emplacement<\/strong><\/td>\n<td style=\"width: 197px;\">Situ\u00e9 dans le bassin versant de la rivi\u00e8re Nashua dans la ville de Fitchburg, Massachusetts.<\/td>\n<\/tr>\n<tr>\n<td style=\"width: 194px;\"><strong>Capacit\u00e9 install\u00e9e<\/strong><\/td>\n<td style=\"width: 197px;\">0,010 MW<\/td>\n<\/tr>\n<tr>\n<td style=\"width: 194px;\"><strong>G\u00e9n\u00e9ration annuelle moyenne<\/strong><\/td>\n<td style=\"width: 197px;\">65,37 MWh<\/td>\n<\/tr>\n<tr>\n<td style=\"width: 194px;\"><strong>Type d&#039;\u00e9tablissement<\/strong><\/td>\n<td style=\"width: 197px;\">Conduit<\/td>\n<\/tr>\n<tr>\n<td style=\"width: 194px;\"><strong><span class='tooltipsall tooltip_post_id_5565 classtoolTips152'>F\u00e9d\u00e9ration internationale de radio-t\u00e9l\u00e9vision (FERC)<\/span> Non.<\/strong><\/td>\n<td style=\"width: 197px;\">CD18-3, Conduit qualifi\u00e9 <span class='tooltipsall tooltip_post_id_5562 classtoolTips113'>Exemption<\/span>, 2018<\/td>\n<\/tr>\n<\/tbody>\n<\/table>\n<p>La station de r\u00e9duction de pression de Narrows Road est une installation de canalisation situ\u00e9e dans la ville de Fitchburg, entre la station r\u00e9gionale de traitement des eaux de Falulah et le r\u00e9seau de distribution d&#039;eau de la ville. Cette installation ne re\u00e7oit en aucun cas directement les eaux de surface et est consid\u00e9r\u00e9e comme un r\u00e9seau d&#039;eau ferm\u00e9.<\/p>\n<p>L&#039;eau pr\u00e9sente dans l&#039;installation n&#039;affecte pas la qualit\u00e9 de l&#039;eau en aval, autour ou au-dessus de l&#039;installation. L&#039;eau provient de l&#039;usine de traitement des eaux de Falulah, traverse l&#039;installation, puis continue de s&#039;\u00e9couler vers le r\u00e9seau de distribution de la ville de Fitchburg.<\/p>\n<p>Historiquement, l&#039;usine de traitement des eaux re\u00e7oit l&#039;eau de nombreux r\u00e9servoirs, notamment ceux de Falulah, Lovell, Ashby et Bickford. Apr\u00e8s consultation de la Division des p\u00eaches et de la faune du Massachusetts, aucun impact n&#039;est pr\u00e9vu sur les esp\u00e8ces de poissons migrateurs pr\u00e9sentes dans l&#039;usine de Narrows Road.<\/p>\n<p>Une grande vari\u00e9t\u00e9 de poissons peut \u00eatre trouv\u00e9e dans les r\u00e9servoirs \u00e9num\u00e9r\u00e9s ci-dessus, notamment : la truite arc-en-ciel, l&#039;achigan \u00e0 grande bouche, l&#039;achigan \u00e0 petite bouche, le brochet maill\u00e9 et la perchaude.<\/p>\n<p>Le site comprend une petite salle d&#039;instrumentation en briques et la station de pompage adjacente en b\u00e9ton abritant la turbine hydro\u00e9lectrique, situ\u00e9e le long de Narrows Road, \u00e0 Westminster, dans le Massachusetts. Il n&#039;y a donc aucun impact sur le littoral ni sur les bassins versants.<\/p>\n<p>Suite \u00e0 une correspondance avec la Division des p\u00eaches et de la faune du Massachusetts, cette derni\u00e8re a d\u00e9termin\u00e9 que le projet ne se situe pas dans l&#039;habitat estim\u00e9 d&#039;esp\u00e8ces rares ou prioritaires, comme indiqu\u00e9 dans l&#039;Atlas du patrimoine naturel du Massachusetts. Apr\u00e8s examen du rapport IPaC du Service am\u00e9ricain de la p\u00eache et de la faune pour les esp\u00e8ces inscrites au niveau f\u00e9d\u00e9ral, l&#039;ensemble du Massachusetts est consid\u00e9r\u00e9 comme un territoire de repos pour le vespertilion nordique. Cependant, aucun arbre ne se trouve autour de la station de pompage et ce projet est situ\u00e9 \u00e0 l&#039;int\u00e9rieur de la vo\u00fbte de la station.<\/p>\n<p>Ce tr\u00e8s petit chantier est situ\u00e9 sur un terrain appartenant \u00e0 la Ville de Fitchburg, qui l&#039;exploite. Aucune ressource culturelle ou historique n&#039;est connue sur la propri\u00e9t\u00e9. Aucun creusement ni perturbation du terrain n&#039;a \u00e9t\u00e9 effectu\u00e9 pendant la construction, et tous les travaux ont \u00e9t\u00e9 r\u00e9alis\u00e9s dans la chambre de pompage pr\u00e9existante.<\/p>\n<p>L&#039;installation est un espace s\u00e9curis\u00e9 et ferm\u00e9, sans acc\u00e8s public. Bien que la parcelle environnante puisse \u00eatre utilis\u00e9e \u00e0 des fins r\u00e9cr\u00e9atives par les voisins, l&#039;acc\u00e8s \u00e0 l&#039;installation est strictement contr\u00f4l\u00e9, car il s&#039;agit d&#039;une infrastructure essentielle pour la ville de Fitchburg.<\/p>\n<hr \/>\n<h3>\u00c9tat de conformit\u00e9<\/h3>\n<p><strong>Il n&#039;existe aucune condition sp\u00e9cifique \u00e0 l&#039;\u00e9tablissement dans le certificat actuel<\/strong><\/p>\n<p><strong>2025:<\/strong> Aucun changement important ni probl\u00e8me de conformit\u00e9 n&#039;ont \u00e9t\u00e9 identifi\u00e9s. Le projet reste conforme sur la base de l&#039;examen annuel. <strong><br \/>\n<\/strong><\/p>\n<p><strong>2024:<\/strong> Aucun changement important ni probl\u00e8me de conformit\u00e9 n&#039;ont \u00e9t\u00e9 identifi\u00e9s. Le projet reste conforme sur la base de l&#039;examen annuel.<\/p>\n<p><strong>2023:<\/strong> Aucun changement important ni probl\u00e8me de conformit\u00e9 n&#039;ont \u00e9t\u00e9 identifi\u00e9s. Le projet reste conforme sur la base de l&#039;examen annuel.<\/p>\n<p><strong>2022:<\/strong> Aucun changement important ni probl\u00e8me de conformit\u00e9 n&#039;ont \u00e9t\u00e9 identifi\u00e9s. Le projet reste conforme sur la base de l&#039;examen annuel.<\/p>\n<p><strong>2021:<\/strong> Le rapport annuel pour le certificat actuel n\u2019est pas encore entr\u00e9 en vigueur.<\/p>\n<hr \/>\n<h3>Historique des certifications<\/h3>\n<p><strong>1er janvier 2022 :<\/strong> La dur\u00e9e du certificat LIHI a \u00e9t\u00e9 prolong\u00e9e conform\u00e9ment \u00e0 la r\u00e9vision 2.05 du manuel de certification LIHI 2e \u00e9dition publi\u00e9 le 1er janvier 2022. Reportez-vous au tableau des \u00e9tablissements ci-dessus pour conna\u00eetre la nouvelle dur\u00e9e.<\/p>\n<p><strong>25 octobre 2021 : <\/strong>Le Low Impact Hydropower Institute a rendu sa d\u00e9cision finale concernant la certification du projet de station de r\u00e9duction de pression de Narrows Road. Le d\u00e9lai d&#039;appel de 30 jours s&#039;est termin\u00e9 le 2 octobre 2021 et aucun appel n&#039;a \u00e9t\u00e9 d\u00e9pos\u00e9. Par cons\u00e9quent, la d\u00e9cision de certification du projet est d\u00e9sormais d\u00e9finitive. La validit\u00e9 du certificat s&#039;\u00e9tend du 25 juin 2021 au 24 juin 2031.<\/p>\n<p><strong>2 septembre 2021 :<\/strong> Le Low Impact Hydropower Institute (LIHI) a approuv\u00e9 \u00e0 titre pr\u00e9liminaire le projet de PRV de Narrows Road pour une dur\u00e9e de 10 ans. Cette d\u00e9cision est provisoire, dans l&#039;attente d&#039;un d\u00e9lai d&#039;appel de 30 jours. Seuls les participants ayant comment\u00e9 la demande initiale pendant ce d\u00e9lai de 60 jours sont autoris\u00e9s \u00e0 d\u00e9poser un recours. Ce recours doit inclure une explication expliquant en quoi le projet ne r\u00e9pond pas aux crit\u00e8res du LIHI. Les demandes de recours peuvent \u00eatre soumises par courriel \u00e0 l&#039;adresse suivante\u00a0: <a href=\"#\">comments@lowimpacthydro.org<\/a> avec \u00ab\u00a0Projet de vannes de r\u00e9gulation de pression de Narrows Road\u00a0\u00bb en objet, ou par courrier adress\u00e9 au Low Impact Hydropower Institute, 1167 Massachusetts Ave, bureau 407, Arlington, MA 02476. Toutes les demandes seront publi\u00e9es sur le site web. Le demandeur aura la possibilit\u00e9 de r\u00e9pondre, et toute r\u00e9ponse sera \u00e9galement publi\u00e9e. <strong>Les demandes doivent \u00eatre re\u00e7ues avant 17 h, heure de l\u2019Est, le 2 octobre 2021. <\/strong>Le dossier complet et le rapport d&#039;\u00e9valuation sont disponibles ci-dessous. Si aucune demande d&#039;appel n&#039;est re\u00e7ue et que la d\u00e9cision devient d\u00e9finitive, la p\u00e9riode de certification du projet s&#039;\u00e9tendra du 25 juin 2021 au 24 juin 2031.<\/p>\n<p><strong>28 juin 2021 :<\/strong>Le Low Impact Hydropower Institute a re\u00e7u une demande compl\u00e8te de certification \u00e0 faible impact pour le projet Narrows Road. Le LIHI sollicite les commentaires du public sur cette demande. Plus pr\u00e9cis\u00e9ment, nous souhaitons savoir si, selon vous, le projet r\u00e9pond aux crit\u00e8res de certification \u00e0 faible impact du LIHI, tels que r\u00e9vis\u00e9s dans la 2e \u00e9dition du manuel. Veuillez consulter le programme et les crit\u00e8res dans la version r\u00e9vis\u00e9e du LIHI. <a href=\"https:\/\/lowimpacthydro.org\/wp-content\/uploads\/2020\/07\/2nd-Edition-Handbook-Rev.-2.04-2020-04-01.pdf\">Manuel<\/a> et examinez ensuite les documents de candidature du projet ci-dessous. Les commentaires directement li\u00e9s \u00e0 des crit\u00e8res LIHI sp\u00e9cifiques (d\u00e9bits, qualit\u00e9 de l&#039;eau, <span class='tooltipsall tooltip_post_id_5566 classtoolTips59'>passage des poissons<\/span>, etc.) seront tr\u00e8s utiles, mais tous les commentaires seront pris en compte. Les commentaires peuvent \u00eatre soumis \u00e0 l&#039;Institut par courrier \u00e9lectronique \u00e0 l&#039;adresse <a>comments@lowimpacthydro.org<\/a> avec \u00ab Narrows Road Project Comments \u00bb dans la ligne d&#039;objet, ou par courrier adress\u00e9 au Low Impact Hydropower Institute, 1167 Massachusetts Avenue, Arlington, MA 02476. <strong>Les commentaires doivent \u00eatre re\u00e7us au plus tard \u00e0 17 heures, heure de l&#039;Est, le <strong>27 ao\u00fbt 2021<\/strong> \u00e0 consid\u00e9rer.<\/strong> Tous les commentaires seront publi\u00e9s sur le site Web et le candidat aura la possibilit\u00e9 d&#039;y r\u00e9pondre. Toute r\u00e9ponse sera \u00e9galement publi\u00e9e.<\/p>\n<hr \/>\n<h3>Dossiers de certification<\/h3>\n<h4>Certification 2021<\/h4>\n<ul style=\"color: black;\">\n<li><a href=\"https:\/\/lowimpacthydro.org\/wp-content\/uploads\/2021\/09\/Narrows-Road-PRV-Review-Report_2021_08_30.pdf\">Rapport d&#039;\u00e9valuation de Narrows Road<\/a><\/li>\n<li><a href=\"https:\/\/lowimpacthydro.org\/wp-content\/uploads\/2021\/06\/Narrows-Road-Pressure-Reduction-Valve-Station-LIHI-Application.pdf\">Demande de certification de la station de r\u00e9duction de pression de Narrows Road<\/a><\/li>\n<\/ul>\n<hr \/>\n<h3>Documents cl\u00e9s<\/h3>\n<ul>\n<li><a href=\"https:\/\/lowimpacthydro.org\/wp-content\/uploads\/2024\/05\/20180123-FERC-conduit-exemption-Narrows-Road.pdf\">Exemption de la FERC pour les conduits de 2018<\/a><\/li>\n<li><a href=\"https:\/\/lowimpacthydro.org\/wp-content\/uploads\/2024\/05\/20171201-5134_Narrows-Road-Pump-Station-Fitchburg-FERC-NOI-Conduit-application.pdf\">Demande de permis de conduire 2017<\/a><\/li>\n<\/ul>","protected":false},"excerpt":{"rendered":"<p>Project Name Narrows Road Pressure Reduction Valve Station Project LIHI Certificate No. 184 LIHI Certificate Term June 25, 2021 &#8211; June 24, 2036 Owner City of<span class=\"excerpt-hellip\"> [\u2026]<\/span><\/p>\n","protected":false},"author":3,"featured_media":-1,"parent":0,"menu_order":0,"comment_status":"closed","ping_status":"closed","template":"","meta":{"_coblocks_attr":"","_coblocks_dimensions":"","_coblocks_responsive_height":"","_coblocks_accordion_ie_support":"","om_disable_all_campaigns":false,"_monsterinsights_skip_tracking":false,"_monsterinsights_sitenote_active":false,"_monsterinsights_sitenote_note":"","_monsterinsights_sitenote_category":0,"footnotes":""},"class_list":["post-4545","page","type-page","status-publish","has-post-thumbnail","hentry"],"aioseo_notices":[],"_links":{"self":[{"href":"https:\/\/lowimpacthydro.org\/fr\/wp-json\/wp\/v2\/pages\/4545","targetHints":{"allow":["GET"]}}],"collection":[{"href":"https:\/\/lowimpacthydro.org\/fr\/wp-json\/wp\/v2\/pages"}],"about":[{"href":"https:\/\/lowimpacthydro.org\/fr\/wp-json\/wp\/v2\/types\/page"}],"author":[{"embeddable":true,"href":"https:\/\/lowimpacthydro.org\/fr\/wp-json\/wp\/v2\/users\/3"}],"replies":[{"embeddable":true,"href":"https:\/\/lowimpacthydro.org\/fr\/wp-json\/wp\/v2\/comments?post=4545"}],"version-history":[{"count":9,"href":"https:\/\/lowimpacthydro.org\/fr\/wp-json\/wp\/v2\/pages\/4545\/revisions"}],"predecessor-version":[{"id":9717,"href":"https:\/\/lowimpacthydro.org\/fr\/wp-json\/wp\/v2\/pages\/4545\/revisions\/9717"}],"wp:featuredmedia":[{"embeddable":true,"href":"https:\/\/lowimpacthydro.org\/fr\/wp-json\/"}],"wp:attachment":[{"href":"https:\/\/lowimpacthydro.org\/fr\/wp-json\/wp\/v2\/media?parent=4545"}],"curies":[{"name":"wp","href":"https:\/\/api.w.org\/{rel}","templated":true}]}}