{"id":4028,"date":"2021-01-08T14:53:26","date_gmt":"2021-01-08T19:53:26","guid":{"rendered":"https:\/\/lowimpacthydro.org\/?page_id=4028"},"modified":"2026-03-23T15:13:14","modified_gmt":"2026-03-23T19:13:14","slug":"lihi-certificate-182-bonny-eagle-project-maine","status":"publish","type":"page","link":"https:\/\/lowimpacthydro.org\/fr\/lihi-certificate-182-bonny-eagle-project-maine\/","title":{"rendered":"Certificat LIHI #182 \u2013 Projet Bonny Eagle, Maine"},"content":{"rendered":"<table class=\"alignright\" style=\"width: 351px; border: 2px; cellspacing: 2px; cellpadding: 2px; margin-left: 50px;\">\n<tbody>\n<tr style=\"height: 48px;\">\n<td style=\"height: 48px; width: 34.0708%;\" width=\"162\"><strong>Nom du projet<\/strong><\/td>\n<td style=\"height: 48px; width: 64.1593%;\" width=\"165\">Bonny Eagle<\/td>\n<\/tr>\n<tr style=\"height: 48px;\">\n<td style=\"height: 48px; width: 34.0708%;\" width=\"162\"><strong>Num\u00e9ro de certificat LIHI<\/strong><\/td>\n<td style=\"height: 48px; width: 64.1593%;\" width=\"165\">182<\/td>\n<\/tr>\n<tr style=\"height: 48px;\">\n<td style=\"height: 48px; width: 34.0708%;\" width=\"162\"><strong>Dur\u00e9e du certificat LIHI<\/strong><\/td>\n<td style=\"height: 48px; width: 64.1593%;\" width=\"165\">2 avril 2021 \u2013 1 avril 2031<\/td>\n<\/tr>\n<tr style=\"height: 48px;\">\n<td style=\"height: 48px; width: 34.0708%;\" width=\"162\"><strong>Propri\u00e9taire<\/strong><\/td>\n<td style=\"height: 48px; width: 64.1593%;\" width=\"165\">Brookfield White Pine Hydro, LLC, une filiale de Brookfield Renewable Energy Group<\/td>\n<\/tr>\n<tr style=\"height: 24px;\">\n<td style=\"height: 24px; width: 34.0708%;\" width=\"162\"><strong>\u00c9tat<\/strong><\/td>\n<td style=\"height: 24px; width: 64.1593%;\" width=\"165\">Maine<\/td>\n<\/tr>\n<tr style=\"height: 96px;\">\n<td style=\"height: 96px; width: 34.0708%;\" width=\"162\"><strong>Emplacement<\/strong><\/td>\n<td style=\"height: 96px; width: 64.1593%;\" width=\"165\">Entre les miles fluviaux 26 et 32,6, rivi\u00e8re Saco<\/td>\n<\/tr>\n<tr style=\"height: 136px;\">\n<td style=\"height: 136px; width: 34.0708%;\" width=\"162\"><strong>Capacit\u00e9 install\u00e9e<\/strong><\/td>\n<td style=\"height: 136px; width: 64.1593%;\" width=\"165\">7,2 MW<\/td>\n<\/tr>\n<tr style=\"height: 136px;\">\n<td style=\"height: 136px; width: 34.0708%;\" width=\"162\"><strong>G\u00e9n\u00e9ration annuelle moyenne<\/strong><\/td>\n<td style=\"height: 136px; width: 64.1593%;\" width=\"165\">39 067 MWh<\/td>\n<\/tr>\n<tr style=\"height: 24px;\">\n<td style=\"height: 24px; width: 34.0708%;\" width=\"162\"><strong>Type d&#039;\u00e9tablissement<\/strong><\/td>\n<td style=\"height: 24px; width: 64.1593%;\" width=\"165\">Intermittent <span class='tooltipsall tooltip_post_id_5617 classtoolTips132'>culminant<\/span>, saisonnier <span class='tooltipsall tooltip_post_id_5643 classtoolTips52'>au fil de l&#039;eau<\/span><\/td>\n<\/tr>\n<tr style=\"height: 123px;\">\n<td style=\"height: 123px; width: 34.0708%;\" width=\"162\"><strong><span class='tooltipsall tooltip_post_id_5565 classtoolTips152'>F\u00e9d\u00e9ration internationale de radio-t\u00e9l\u00e9vision (FERC)<\/span> Non.<\/strong><\/td>\n<td style=\"height: 123px; width: 64.1593%;\" width=\"165\">P-2529 d\u00e9livr\u00e9 en 1998, expire le 31\/01\/2038<\/td>\n<\/tr>\n<\/tbody>\n<\/table>\n<p>Le projet Bonny Eagle est situ\u00e9 dans les comt\u00e9s de York et de Cumberland, sur la rivi\u00e8re Saco, dans le Maine. Les barrages et la centrale hydro\u00e9lectrique du projet sont situ\u00e9s dans les villes de Hollis et de Standish, et le canal de fuite s&#039;\u00e9tend jusqu&#039;\u00e0 Buxton. Le bassin de retenue est situ\u00e9 \u00e0 Hollis, Standish et Limington. Bonny Eagle est le cinqui\u00e8me projet en amont des sept centrales hydro\u00e9lectriques sur le cours principal de la rivi\u00e8re Saco, dont la <a href=\"https:\/\/lowimpacthydro.org\/fr\/lihi-certificate-169-cataract-hydroelectric-project-maine\/\">Projet Cataracte (LIHI #169)<\/a>Le projet a commenc\u00e9 ses op\u00e9rations en 1955.<\/p>\n<p>Le projet consiste en un tunnel de 350 pieds de long <span class='tooltipsall tooltip_post_id_5551 classtoolTips110'>d\u00e9rivation<\/span> <span class='tooltipsall tooltip_post_id_5545 classtoolTips158'>barrage<\/span>, un barrage de 164 pieds de long (constituant la prise d&#039;eau) et deux remblais de terre sur le lit principal de la rivi\u00e8re, un <span class='tooltipsall tooltip_post_id_5624 classtoolTips102'>centrale<\/span> contenant six arbres horizontaux <span class='tooltipsall tooltip_post_id_5576 classtoolTips39'>Turbine Francis<\/span>\/unit\u00e9s de production d&#039;une puissance install\u00e9e totale de 7,2 MW, un bassin de retenue de 347 acres et les installations annexes. Le barrage de d\u00e9rivation est situ\u00e9 sur le \u00ab\u00a0chenal de la New River\u00a0\u00bb, tandis que la prise d&#039;eau et les digues en terre sont situ\u00e9es dans une gorge \u00e9troite du chenal principal\u00a0; une \u00eele relativement grande (l&#039;\u00eele Bonny Eagle) s\u00e9pare les deux chenaux. Les barrages cr\u00e9ent un bassin de retenue fluvial s&#039;\u00e9tendant sur environ 10,6\u00a0km en amont et un tron\u00e7on contourn\u00e9 d&#039;environ 1,1\u00a0km de long. Huit <span class='tooltipsall tooltip_post_id_5619 classtoolTips124'>conduite forc\u00e9e<\/span> Les entr\u00e9es sont situ\u00e9es dans la prise d&#039;air avec des grilles \u00e0 d\u00e9chets en acier de 3\/8 po avec un espacement libre de 2 po. Six des <span class='tooltipsall tooltip_post_id_5619 classtoolTips124'>conduites forc\u00e9es<\/span> Desservent les principales turbines\/g\u00e9n\u00e9rateurs (les deux autres sont hors service). La centrale se trouve \u00e0 environ 10,6 m\u00e8tres en aval de la prise d&#039;eau. Les eaux d&#039;aval sont g\u00e9n\u00e9ralement partiellement retenues par le bassin de retenue du projet West Buxton, en aval.<\/p>\n<p>Le projet fonctionne comme une installation de pointe intermittente avec une capacit\u00e9 saisonni\u00e8re <span class='tooltipsall tooltip_post_id_5643 classtoolTips52'>au fil de l&#039;eau<\/span> Exploitation. Du 1er avril au 30 juin, le projet est exploit\u00e9 au fil de l&#039;eau avec une fluctuation de 30 cm par rapport au niveau normal du bassin et un d\u00e9bit minimal de 7,3 m\/s dans le tron\u00e7on de d\u00e9rivation. Du 1er juillet au 30 septembre, une fluctuation de 1,3 m par rapport au niveau normal du bassin est autoris\u00e9e, avec un d\u00e9bit minimal total, incluant au moins 7,3 m\/s dans le tron\u00e7on de d\u00e9rivation, de 1,2 m\/s. Du 1er octobre au 15 novembre, la m\u00eame fluctuation du r\u00e9servoir est autoris\u00e9e, mais un d\u00e9bit minimal total de 1,8 m\/s est requis, incluant le d\u00e9bit minimal de 7,3 m\/s dans le tron\u00e7on de d\u00e9rivation. Pour le reste de l&#039;ann\u00e9e, une fluctuation de 1,3 m par rapport au niveau normal du bassin est autoris\u00e9e, avec un d\u00e9bit minimal de 7,3 m\/s, incluant le d\u00e9bit minimal de 7,3 m\/s dans le tron\u00e7on de d\u00e9rivation.<\/p>\n<p>Les eaux situ\u00e9es dans le p\u00e9rim\u00e8tre du projet sont class\u00e9es en classe A, particuli\u00e8rement adapt\u00e9es \u00e0 l&#039;habitat du biote aquatique et aux loisirs de contact. Le D\u00e9partement de la protection de l&#039;environnement du Maine a confirm\u00e9 que le projet n&#039;a pas d&#039;impact sur la qualit\u00e9 de l&#039;eau et qu&#039;aucune d\u00e9gradation n&#039;est constat\u00e9e dans le p\u00e9rim\u00e8tre du projet.<\/p>\n<p>La rivi\u00e8re Saco abrite <span class='tooltipsall tooltip_post_id_5549 classtoolTips96'>diadrome<\/span> Esp\u00e8ces de poissons, dont l&#039;anguille d&#039;Am\u00e9rique, le saumon atlantique, l&#039;alose savoureuse, le gaspareau, le hareng d&#039;\u00e9t\u00e9, l&#039;\u00e9perlan arc-en-ciel, le poulamon atlantique, le choquemort, l&#039;\u00e9pinoche \u00e0 trois \u00e9pines, l&#039;\u00e9pinoche \u00e0 neuf \u00e9pines et le bar ray\u00e9. Seuls le saumon atlantique, le gaspareau et l&#039;alose savoureuse ont \u00e9t\u00e9 observ\u00e9s dans les environs du projet.<\/p>\n<p>Le projet pr\u00e9voit un passage en aval principalement pour les saumoneaux de l&#039;Atlantique et des installations de passage en amont pour l&#039;anguille d&#039;Am\u00e9rique. <span class='tooltipsall tooltip_post_id_5556 classtoolTips98'>\u00e9chelle \u00e0 anguilles<\/span> La d\u00e9rivation \u00e0 poissons en aval, une vanne \u00e0 abaissement par le haut d&#039;un d\u00e9bit de 200 pi\u00b3\/s, est situ\u00e9e \u00e0 la centrale, dans l&#039;\u00e9cluse \u00e0 billes existante, qui m\u00e8ne \u00e0 une goulotte dans le canal de fuite, avec des grilles \u00e0 d\u00e9chets espac\u00e9es de 3 pouces. Elle est g\u00e9n\u00e9ralement ouverte du 1er avril au 31 d\u00e9cembre, selon les conditions.<\/p>\n<p>Les terres du projet s&#039;\u00e9tendent sur 45 acres. <span class='tooltipsall tooltip_post_id_5670 classtoolTips125'>zones humides<\/span> Un plan d&#039;am\u00e9lioration et de protection a \u00e9t\u00e9 mis en \u0153uvre, pr\u00e9voyant des mesures de rev\u00e9g\u00e9talisation des zones perturb\u00e9es dans la bande tampon de 100 pieds autour des zones humides, la cessation des baux \u00e0 des fins agricoles dans la zone tampon, l&#039;installation de cl\u00f4tures sur les zones \u00e0 l&#039;int\u00e9rieur des limites du projet et une surveillance continue. <span class='tooltipsall tooltip_post_id_5635 classtoolTips115'>riverain<\/span> les zones le long de la rivi\u00e8re sont fortement v\u00e9g\u00e9talis\u00e9es et ne sont pas sujettes \u00e0 l&#039;\u00e9rosion.<\/p>\n<p>Parmi les esp\u00e8ces menac\u00e9es ou en voie de disparition potentiellement pr\u00e9sentes \u00e0 proximit\u00e9 du projet figurent la petite isotrie verticill\u00e9e, la chauve-souris nordique, la chauve-souris pygm\u00e9e et la tortue mouchet\u00e9e. Le Service am\u00e9ricain de la p\u00eache et de la faune sauvage (US Fish and Wildlife Service) n&#039;a identifi\u00e9 aucun habitat essentiel dans la zone du projet pour la pogonie ou la chauve-souris \u00e0 longues oreilles, qui, comme d&#039;autres esp\u00e8ces de chauves-souris, sont potentiellement de passage dans la r\u00e9gion. La tortue mouchet\u00e9e est potentiellement pr\u00e9sente dans les zones humides avoisinantes, et le D\u00e9partement des p\u00eaches et de la faune du Maine a recommand\u00e9 une consultation avant d&#039;entreprendre toute activit\u00e9 susceptible de perturber cet habitat.<\/p>\n<p>La centrale \u00e9lectrique et les structures du barrage de Bonny Eagle sont \u00e9ligibles pour \u00eatre incluses dans le <span class='tooltipsall tooltip_post_id_5606 classtoolTips1'>Registre national des lieux historiques<\/span>L&#039;installation t\u00e9moigne des d\u00e9buts du d\u00e9veloppement de la production hydro\u00e9lectrique. L&#039;int\u00e9rieur de la centrale, intact, abrite une collection de machines de production hydro\u00e9lectrique du d\u00e9but du XXe si\u00e8cle.<\/p>\n<p>Les ressources r\u00e9cr\u00e9atives du projet comprennent une aire de pique-nique et de fr\u00e9quentation diurne, ainsi qu&#039;un sentier de portage pour canots. L&#039;acc\u00e8s public est gratuit.<\/p>\n<hr \/>\n<h3>\u00c9tat de conformit\u00e9<\/h3>\n<p><strong>Le certificat comprend les conditions sp\u00e9cifiques \u00e0 l&#039;\u00e9tablissement suivantes :<\/strong><\/p>\n<p><strong><em>Condition satisfaite en 2025<\/em>, Condition 1 :<\/strong> Le propri\u00e9taire de l&#039;installation doit mettre \u00e0 jour les <span class='tooltipsall tooltip_post_id_5601 classtoolTips62'>D\u00e9bit minimum<\/span> et le plan de surveillance du niveau des \u00e9tangs, refl\u00e9tant les conditions actuelles et les caract\u00e9ristiques de surveillance du projet, en consultation avec l&#039;USF&amp;WS, le MDEP et le MDIF&amp;W, et devra le soumettre \u00e0 la FERC pour approbation d\u00e8s r\u00e9ception de l&#039;approbation de l&#039;organisme responsable. Le propri\u00e9taire devra fournir \u00e0 LIHI une copie de la lettre d&#039;accompagnement de la soumission \u00e0 la FERC et une copie de l&#039;approbation du plan par la FERC.<\/p>\n<p><strong>Condition 2;<\/strong> Dans les d\u00e9clarations annuelles de conformit\u00e9, le propri\u00e9taire de l&#039;installation doit fournir des mises \u00e0 jour sur l&#039;\u00e9tat d&#039;avancement du d\u00e9classement propos\u00e9 du projet Bar Mills en ce qui concerne les changements potentiels en amont ou en aval. <span class='tooltipsall tooltip_post_id_5566 classtoolTips59'>passage des poissons<\/span> exigences ou le calendrier de mise en \u0153uvre chez Bonny Eagle. Si le <span class='tooltipsall tooltip_post_id_5566 classtoolTips59'>Passage des poissons<\/span> Si l&#039;accord est modifi\u00e9 pendant la dur\u00e9e de la certification LIHI, le propri\u00e9taire doit fournir une copie de la ou des modifications \u00e0 LIHI avec un r\u00e9sum\u00e9 des modifications li\u00e9es \u00e0 Bonny Eagle.<\/p>\n<p><strong>Condition 3 :<\/strong> Dans ses d\u00e9clarations annuelles de conformit\u00e9, le propri\u00e9taire de l&#039;installation doit documenter la consultation avec le MDIF&amp;W et la mise en \u0153uvre des mesures d&#039;att\u00e9nuation recommand\u00e9es, si une perturbation du sol des zones humides du projet ou l&#039;abattage d&#039;arbres sur le site s&#039;av\u00e8re n\u00e9cessaire. Cette consultation est requise en raison de la pr\u00e9sence possible de chauves-souris prot\u00e9g\u00e9es et de la tortue mouchet\u00e9e, une esp\u00e8ce menac\u00e9e.<\/p>\n<p><strong>2026:<\/strong> Aucun changement important ni probl\u00e8me de conformit\u00e9 n&#039;ont \u00e9t\u00e9 relev\u00e9s. Le projet demeure conforme suite \u00e0 l&#039;examen annuel. Concernant la condition 2, le projet indique que la demande de cession de Bar Mills devrait \u00eatre soumise en 2026. Concernant la condition 3, aucune activit\u00e9 n&#039;a \u00e9t\u00e9 signal\u00e9e.<\/p>\n<p><strong>2025:<\/strong> Aucun changement important ni probl\u00e8me de conformit\u00e9 n&#039;a \u00e9t\u00e9 identifi\u00e9. Le projet demeure conforme \u00e0 l&#039;examen annuel. Concernant la condition 1, le projet a indiqu\u00e9 que la FERC avait approuv\u00e9 le plan, satisfaisant ainsi pleinement \u00e0 la condition. Concernant la condition 2, le projet a signal\u00e9 des retards dans la demande de cession de Bar Mills, dont le d\u00e9p\u00f4t est d\u00e9sormais pr\u00e9vu pour 2025. Concernant la condition 3, le projet n&#039;a signal\u00e9 aucune activit\u00e9.<\/p>\n<p><strong>2024:<\/strong> Aucun changement important ni probl\u00e8me de conformit\u00e9 n&#039;a \u00e9t\u00e9 identifi\u00e9. Le projet demeure conforme suite \u00e0 l&#039;examen annuel. Concernant la condition 1, le projet a indiqu\u00e9 que le plan avait \u00e9t\u00e9 soumis \u00e0 la FERC, satisfaisant ainsi partiellement \u00e0 la condition. Concernant la condition 2, le projet a signal\u00e9 des retards dans la demande de cession et les \u00e9tudes de Bar Mills en raison des crues. La demande de cession est d\u00e9sormais attendue pour 2024. Concernant la condition 3, le projet n&#039;a signal\u00e9 aucune activit\u00e9.<\/p>\n<p><strong>2023:<\/strong> Aucun changement important ni probl\u00e8me de conformit\u00e9 n&#039;a \u00e9t\u00e9 identifi\u00e9. Le projet demeure conforme suite \u00e0 l&#039;examen annuel. Concernant la condition 1, le projet a indiqu\u00e9 que le plan \u00e9tait en cours d&#039;examen par les organismes responsables. Concernant la condition 2, le projet a indiqu\u00e9 que des consultations avec les organismes responsables \u00e9taient en cours pour le d\u00e9classement de Bar Mills, une demande de cession et un projet de plan d&#039;\u00e9tude \u00e9tant attendus en 2023. Concernant la condition 3, le projet n&#039;a signal\u00e9 aucune activit\u00e9.<\/p>\n<p><strong>2022:<\/strong> Aucun changement important ni probl\u00e8me de conformit\u00e9 n&#039;a \u00e9t\u00e9 identifi\u00e9. Le projet demeure conforme suite \u00e0 l&#039;examen annuel. Concernant la condition 1, le projet a indiqu\u00e9 que le plan \u00e9tait en cours de r\u00e9vision. Concernant la condition 2, le projet a indiqu\u00e9 que des consultations avec l&#039;agence \u00e9taient en cours pour le d\u00e9mant\u00e8lement de Bar Mills. Concernant la condition 3, le projet a indiqu\u00e9 avoir obtenu une d\u00e9rogation de la FERC pour l&#039;abattage d&#039;arbres hors saison et un permis d&#039;exploitation des voies navigables de l&#039;\u00c9tat pour l&#039;installation d&#039;un syst\u00e8me de stockage d&#039;\u00e9nergie par batterie, dont l&#039;ach\u00e8vement est pr\u00e9vu en 2022.<\/p>\n<p><strong>2021:<\/strong> Le rapport annuel pour le certificat actuel n\u2019est pas encore entr\u00e9 en vigueur.<\/p>\n<hr \/>\n<h3>Historique des certifications<\/h3>\n<p><strong>1er janvier 2022 :<\/strong> La dur\u00e9e du certificat LIHI a \u00e9t\u00e9 prolong\u00e9e conform\u00e9ment \u00e0 la r\u00e9vision 2.05 du manuel de certification LIHI 2e \u00e9dition publi\u00e9 le 1er janvier 2022. Reportez-vous au tableau des \u00e9tablissements ci-dessus pour conna\u00eetre la nouvelle dur\u00e9e.<\/p>\n<p><strong>19 ao\u00fbt 2021 :<\/strong> Le Low Impact Hydropower Institute a rendu sa d\u00e9cision finale concernant la certification du projet Bonny Eagle, situ\u00e9 sur la rivi\u00e8re Saco, dans le Maine. Le d\u00e9lai d&#039;appel de 30 jours s&#039;est termin\u00e9 le 18 ao\u00fbt 2021 et aucun appel n&#039;a \u00e9t\u00e9 d\u00e9pos\u00e9. Par cons\u00e9quent, la d\u00e9cision de certification du projet est d\u00e9sormais d\u00e9finitive. La validit\u00e9 du certificat s&#039;\u00e9tend du 2 avril 2021 au 1er avril 2026.<\/p>\n<p><strong>19 juillet 2021 :<\/strong> Le Low Impact Hydropower Institute (LIHI) a approuv\u00e9 \u00e0 titre pr\u00e9liminaire le projet Bonny Eagle pour une certification \u00e0 faible impact d&#039;une dur\u00e9e de cinq ans. Cette d\u00e9cision est provisoire, dans l&#039;attente d&#039;un d\u00e9lai d&#039;appel de 30 jours. Seuls les participants ayant comment\u00e9 la demande initiale pendant ce d\u00e9lai de 60 jours sont autoris\u00e9s \u00e0 d\u00e9poser un recours. Ce recours doit inclure une explication expliquant en quoi le projet ne r\u00e9pond pas aux crit\u00e8res du LIHI. Les demandes de recours peuvent \u00eatre soumises par courriel \u00e0 l&#039;adresse suivante\u00a0: <a href=\"#\">comments@lowimpacthydro.org<\/a> avec \u00ab\u00a0Projet Bonny Eagle\u00a0\u00bb en objet, ou par courrier adress\u00e9 au Low Impact Hydropower Institute, 1167 Massachusetts Ave, bureau 407, Arlington, MA 02476. Toutes les demandes seront publi\u00e9es sur le site web. Le demandeur aura la possibilit\u00e9 de r\u00e9pondre, et toute r\u00e9ponse sera \u00e9galement publi\u00e9e. <strong>Les demandes doivent \u00eatre re\u00e7ues avant 17 h, heure de l\u2019Est, le 18 ao\u00fbt 2021. <\/strong>Le dossier complet et le rapport d&#039;\u00e9valuation sont disponibles ci-dessous. Si aucune demande d&#039;appel n&#039;est re\u00e7ue et que la d\u00e9cision devient d\u00e9finitive, la p\u00e9riode de certification du projet s&#039;\u00e9tendra du 2 avril 2021 au 1er avril 2026.<\/p>\n<p><strong>11 janvier 2021 :<\/strong> Le Low Impact Hydropower Institute a re\u00e7u une demande compl\u00e8te de certification \u00e0 faible impact pour le projet hydro\u00e9lectrique de Bonny Eagle. Le LIHI sollicite les commentaires du public sur cette demande. Plus pr\u00e9cis\u00e9ment, nous souhaitons savoir si, selon vous, le projet r\u00e9pond aux crit\u00e8res de certification \u00e0 faible impact du LIHI, tels que r\u00e9vis\u00e9s dans la 2e \u00e9dition du manuel. Veuillez consulter le programme et les crit\u00e8res dans la version r\u00e9vis\u00e9e du LIHI. <a href=\"https:\/\/lowimpacthydro.org\/wp-content\/uploads\/2020\/07\/2nd-Edition-Handbook-Rev.-2.04-2020-04-01.pdf\">Manuel<\/a> Consultez ensuite les documents de candidature ci-dessous. Les commentaires directement li\u00e9s aux crit\u00e8res sp\u00e9cifiques du LIHI (d\u00e9bits, qualit\u00e9 de l&#039;eau, passage des poissons, etc.) seront les plus utiles, mais tous les commentaires seront pris en compte. Vous pouvez adresser vos commentaires \u00e0 l&#039;Institut par courriel \u00e0 l&#039;adresse suivante\u00a0: <a>comments@lowimpacthydro.org<\/a> avec \u00ab Commentaires sur le projet Bonny Eagle \u00bb dans la ligne d&#039;objet, ou par courrier adress\u00e9 au Low Impact Hydropower Institute, 1167 Massachusetts Avenue, Arlington, MA 02476. <strong>Les commentaires doivent \u00eatre re\u00e7us au plus tard \u00e0 17 h, heure de l\u2019Est, le 12 mars 2021 pour \u00eatre pris en compte.<\/strong> Tous les commentaires seront publi\u00e9s sur le site Web et le candidat aura la possibilit\u00e9 d&#039;y r\u00e9pondre. Toute r\u00e9ponse sera \u00e9galement publi\u00e9e.<\/p>\n<hr \/>\n<h3>Dossiers de certification<\/h3>\n<h4>Certification 2021<\/h4>\n<ul style=\"color: black;\">\n<li><a href=\"https:\/\/lowimpacthydro.org\/wp-content\/uploads\/2021\/07\/Final-Bonny-Eagle-Certification-Report-062821.pdf\">Rapport d&#039;\u00e9valuation de Bonny Eagle<\/a><\/li>\n<li><a href=\"https:\/\/lowimpacthydro.org\/wp-content\/uploads\/2021\/01\/20210108-Bonny-Eagle-Revised-LIHI-Certification-Application.pdf\">Demande de certification LIHI r\u00e9vis\u00e9e Bonny Eagle 2021<\/a><\/li>\n<li><a href=\"https:\/\/lowimpacthydro.org\/wp-content\/uploads\/2021\/01\/MDMR-Bonny-Eagle-Comments.pdf\">Commentaires sur la candidature MDMR Bonny Eagle<\/a><\/li>\n<li><a href=\"https:\/\/lowimpacthydro.org\/wp-content\/uploads\/2021\/01\/Sebago-TU-Comments-on-Bonney-Eagle-LIHI-Application-FINAL.pdf\">Commentaires de Sebago Trout Unlimited sur la candidature de Bonny Eagle LIHI<\/a><\/li>\n<\/ul>\n<hr \/>\n<h3>Documents cl\u00e9s<\/h3>\n<ul>\n<li><a href=\"https:\/\/lowimpacthydro.org\/wp-content\/uploads\/2024\/05\/20070326_Saco-River-Fisheries-Assessment-Agreement.pdf\">Accord d&#039;\u00e9valuation des p\u00eaches de la rivi\u00e8re Saco de 2019 \u2013 Modification<\/a><\/li>\n<li><a href=\"https:\/\/lowimpacthydro.org\/wp-content\/uploads\/2024\/05\/20070326_Saco-River-Fisheries-Assessment-Agreement.pdf\">Accord d&#039;\u00e9valuation des p\u00eaches de la rivi\u00e8re Saco de 2007<\/a><\/li>\n<li><a href=\"https:\/\/lowimpacthydro.org\/wp-content\/uploads\/2024\/05\/19980303-Bonny-Eagle-FERC-license.pdf\">Licence FERC 1998<\/a><\/li>\n<li><a href=\"https:\/\/lowimpacthydro.org\/wp-content\/uploads\/2024\/05\/1997-instream-flow-settlement-agreement-Bonny-Eagle.pdf\">Accord de r\u00e8glement sur le d\u00e9bit r\u00e9serv\u00e9 de 1997<\/a><\/li>\n<li><a href=\"https:\/\/lowimpacthydro.org\/wp-content\/uploads\/2024\/05\/19970902-Bonny-Eagle-WQC.pdf\">Certification de la qualit\u00e9 de l&#039;eau 1997<\/a><\/li>\n<li><a href=\"https:\/\/lowimpacthydro.org\/wp-content\/uploads\/2024\/05\/19961003-Bonny-Eagle-FERC-FEIS.pdf\">D\u00e9claration d&#039;impact environnemental de la FERC de 1996<\/a><\/li>\n<\/ul>","protected":false},"excerpt":{"rendered":"<p>Project Name Bonny Eagle LIHI Certificate No. 182 LIHI Certificate Term April 2, 2021 &#8211; April 1, 2031 Owner Brookfield White Pine Hydro, LLC, a subsidiary<span class=\"excerpt-hellip\"> [\u2026]<\/span><\/p>\n","protected":false},"author":3,"featured_media":-1,"parent":0,"menu_order":0,"comment_status":"closed","ping_status":"closed","template":"","meta":{"_coblocks_attr":"","_coblocks_dimensions":"","_coblocks_responsive_height":"","_coblocks_accordion_ie_support":"","om_disable_all_campaigns":false,"_monsterinsights_skip_tracking":false,"_monsterinsights_sitenote_active":false,"_monsterinsights_sitenote_note":"","_monsterinsights_sitenote_category":0,"footnotes":""},"class_list":["post-4028","page","type-page","status-publish","has-post-thumbnail","hentry"],"aioseo_notices":[],"_links":{"self":[{"href":"https:\/\/lowimpacthydro.org\/fr\/wp-json\/wp\/v2\/pages\/4028","targetHints":{"allow":["GET"]}}],"collection":[{"href":"https:\/\/lowimpacthydro.org\/fr\/wp-json\/wp\/v2\/pages"}],"about":[{"href":"https:\/\/lowimpacthydro.org\/fr\/wp-json\/wp\/v2\/types\/page"}],"author":[{"embeddable":true,"href":"https:\/\/lowimpacthydro.org\/fr\/wp-json\/wp\/v2\/users\/3"}],"replies":[{"embeddable":true,"href":"https:\/\/lowimpacthydro.org\/fr\/wp-json\/wp\/v2\/comments?post=4028"}],"version-history":[{"count":13,"href":"https:\/\/lowimpacthydro.org\/fr\/wp-json\/wp\/v2\/pages\/4028\/revisions"}],"predecessor-version":[{"id":10447,"href":"https:\/\/lowimpacthydro.org\/fr\/wp-json\/wp\/v2\/pages\/4028\/revisions\/10447"}],"wp:featuredmedia":[{"embeddable":true,"href":"https:\/\/lowimpacthydro.org\/fr\/wp-json\/"}],"wp:attachment":[{"href":"https:\/\/lowimpacthydro.org\/fr\/wp-json\/wp\/v2\/media?parent=4028"}],"curies":[{"name":"wp","href":"https:\/\/api.w.org\/{rel}","templated":true}]}}