{"id":3746,"date":"2020-11-25T09:45:59","date_gmt":"2020-11-25T14:45:59","guid":{"rendered":"https:\/\/lowimpacthydro.org\/?page_id=3746"},"modified":"2025-08-05T13:53:00","modified_gmt":"2025-08-05T17:53:00","slug":"lihi-certificate-174-cross-power-hydroelectric-project-new-hampshire","status":"publish","type":"page","link":"https:\/\/lowimpacthydro.org\/fr\/lihi-certificate-174-cross-power-hydroelectric-project-new-hampshire\/","title":{"rendered":"Certificat LIHI #174 \u2013 Projet hydro\u00e9lectrique Cross Power, New Hampshire"},"content":{"rendered":"<table class=\"alignright\" style=\"width: 351px; border: 2px; cellspacing: 2px; cellpadding: 2px; margin-left: 50px;\">\n<tbody>\n<tr>\n<td width=\"162\"><strong>Nom du projet<\/strong><\/td>\n<td width=\"165\">Puissance crois\u00e9e<\/td>\n<\/tr>\n<tr>\n<td width=\"162\"><strong>Num\u00e9ro de certificat LIHI<\/strong><\/td>\n<td width=\"165\">174<\/td>\n<\/tr>\n<tr>\n<td width=\"162\"><strong>Dur\u00e9e du certificat LIHI<\/strong><\/td>\n<td width=\"165\">31 ao\u00fbt 2020 \u2013 30 ao\u00fbt 2030<\/td>\n<\/tr>\n<tr>\n<td><strong>Propri\u00e9taire<\/strong><\/td>\n<td>Great Lakes Hydro America, LLC, une filiale de Brookfield Renewable Energy Group<\/td>\n<\/tr>\n<tr>\n<td><strong>\u00c9tat<\/strong><\/td>\n<td>New Hampshire<\/td>\n<\/tr>\n<tr>\n<td><strong>Emplacement<\/strong><\/td>\n<td>Rivi\u00e8re Mile 136,9 \u2013 Rivi\u00e8re Androscoggin<\/td>\n<\/tr>\n<tr>\n<td><strong>Capacit\u00e9 install\u00e9e<\/strong><\/td>\n<td>3,22 MW<\/td>\n<\/tr>\n<tr>\n<td><strong>G\u00e9n\u00e9ration annuelle moyenne<\/strong><\/td>\n<td>15 025 MWh<\/td>\n<\/tr>\n<tr>\n<td><strong>Type d&#039;\u00e9tablissement<\/strong><\/td>\n<td>Au fil de l&#039;eau<\/td>\n<\/tr>\n<tr>\n<td><strong><span class='tooltipsall tooltip_post_id_5565 classtoolTips152'>F\u00e9d\u00e9ration internationale de radio-t\u00e9l\u00e9vision (FERC)<\/span> Non.<\/strong><\/td>\n<td>Cross Power P-2326<\/p>\n<p>D\u00e9livr\u00e9 en 1994, expire le 31\/07\/2024<\/td>\n<\/tr>\n<\/tbody>\n<\/table>\n<p>Le projet Cross Power est situ\u00e9 sur la rivi\u00e8re Androscoggin, dans le comt\u00e9 de Coos, au nord du New Hampshire. La rivi\u00e8re Androscoggin traverse les \u00c9tats du New Hampshire et du Maine. Elle rejoint la rivi\u00e8re Kennebec \u00e0 Merrymeeting Bay, dans le Maine, avant de se jeter dans le golfe du Maine, puis dans l&#039;oc\u00e9an Atlantique. Le bassin versant de la rivi\u00e8re Androscoggin abrite 19 projets hydro\u00e9lectriques situ\u00e9s le long de ses 286 kilom\u00e8tres de long.<\/p>\n<p>Le projet est l&#039;un des nombreux projets hydro\u00e9lectriques dans un rayon de 11 miles de la rivi\u00e8re Androscoggin entre Berlin et Shelburne, dans le New Hampshire, y compris la partie en amont <a href=\"https:\/\/lowimpacthydro.org\/fr\/lihi-certificate-173-sawmill-hydroelectric-project-new-hampshire\/\">Projet de scierie (LIHI #173)<\/a> et projets en aval : <a href=\"https:\/\/lowimpacthydro.org\/fr\/lihi-certificate-188-cascade-project-new-hampshire\/\">Cascade (LIHI #188)<\/a>, <a href=\"https:\/\/lowimpacthydro.org\/fr\/lihi-certificate-175-upper-gorham-hydroelectric-project-new-hampshire\/\">Upper Gorham (LIHI #175)<\/a>, <a href=\"https:\/\/lowimpacthydro.org\/fr\/lihi-certificate-153-gorham-hydroelectric-project-new-hampshire\/\">Gorham (LIHI #153)<\/a>, et <a href=\"https:\/\/lowimpacthydro.org\/fr\/lihi-certificate-176-shelburne-hydroelectric-project-new-hampshire\/\">Shelburne (LIHI #176)<\/a>.<\/p>\n<p>La puissance de la croix <span class='tooltipsall tooltip_post_id_5545 classtoolTips158'>barrage<\/span> a \u00e9t\u00e9 construit \u00e0 l&#039;origine en 1903. Il mesure 566 pieds de long avec une hauteur maximale de 20 pieds et est compos\u00e9 de :<\/p>\n<ul style=\"color: black;\">\n<li>Sections en b\u00e9ton sans d\u00e9bordement, attenantes \u00e0 un affleurement de corniche. Une section comporte une ouverture pour poutrelle servant \u00e0 \u00e9vacuer les d\u00e9bris accumul\u00e9s. L&#039;autre section est situ\u00e9e de l&#039;affleurement jusqu&#039;\u00e0 la <span class='tooltipsall tooltip_post_id_5651 classtoolTips116'>d\u00e9versoir<\/span>.<\/li>\n<li>Une section de d\u00e9versoir de 276 pieds de long avec une hauteur de 42 pouces nouvellement con\u00e7ue <span class='tooltipsall tooltip_post_id_5569 classtoolTips79'>tableaux d&#039;affichage<\/span> install\u00e9 \u00e0 l&#039;automne 2020.<\/li>\n<li>Un corps de garde de 5,8 m\u00e8tres de large sur 38 m\u00e8tres de long, compos\u00e9 de cinq trav\u00e9es. Chaque trav\u00e9e contient des casiers \u00e0 d\u00e9chets de 6,6 m\u00e8tres de large sur 5,6 m\u00e8tres de haut, espac\u00e9s de 7,6 cm.<\/li>\n<li>Un mur de sout\u00e8nement en b\u00e9ton s&#039;\u00e9tendant de la gu\u00e9rite jusqu&#039;\u00e0 la berge de la rivi\u00e8re.<\/li>\n<\/ul>\n<p>Le <span class='tooltipsall tooltip_post_id_5624 classtoolTips102'>centrale<\/span> La centrale est situ\u00e9e \u00e0 13,4 m\u00e8tres en aval de la gu\u00e9rite. Elle est constitu\u00e9e d&#039;une sous-structure en b\u00e9ton et d&#039;une superstructure en briques, avec une annexe c\u00f4t\u00e9 rive, contenant cinq turbines \u00e0 h\u00e9lice horizontale d&#039;une puissance install\u00e9e totale de 3,22 MW.<\/p>\n<p>Le projet fonctionne en quasi-<span class='tooltipsall tooltip_post_id_5643 classtoolTips52'>au fil de l&#039;eau<\/span> Le mode de fonctionnement du barrage et la retenue d&#039;eau constituent un r\u00e9servoir de 22 acres. Le niveau de retenue peut fluctuer sur une plage de 6 pouces. La d\u00e9rivation \u00e9tant tr\u00e8s courte, la centrale est pratiquement int\u00e9gr\u00e9e au barrage. En raison du reflux des eaux provenant du projet Cascade en aval, aucun d\u00e9bit minimal n&#039;est sp\u00e9cifi\u00e9. Le r\u00e9gime d&#039;\u00e9coulement a \u00e9t\u00e9 \u00e9labor\u00e9 en consultation avec le Service am\u00e9ricain de la p\u00eache et de la faune sauvage (USFWS) et le D\u00e9partement des services environnementaux du New Hampshire.<\/p>\n<p>Les eaux situ\u00e9es dans le p\u00e9rim\u00e8tre du projet sont class\u00e9es classe B, adapt\u00e9es \u00e0 la p\u00eache, aux loisirs de contact primaire et \u00e0 l&#039;approvisionnement en eau apr\u00e8s traitement. Les eaux du projet sont class\u00e9es comme d\u00e9grad\u00e9es en raison des rejets ant\u00e9rieurs de plusieurs usines de papier. Compte tenu de l&#039;exploitation au fil de l&#039;eau, le projet est peu susceptible d&#039;avoir un impact n\u00e9gatif sur la qualit\u00e9 de l&#039;eau.<\/p>\n<p>La rivi\u00e8re Androscoggin n&#039;est pas accessible aux <span class='tooltipsall tooltip_post_id_5549 classtoolTips96'>diadrome<\/span> Esp\u00e8ces de poissons pr\u00e9sentes dans le secteur du projet. Des esp\u00e8ces comme le gaspareau, le hareng d&#039;\u00e9t\u00e9, le bar ray\u00e9, la lamproie marine et l&#039;alose savoureuse sont absentes de la zone en raison des chutes naturelles en aval \u2013 les chutes Lewiston et Rumford. L&#039;anguille d&#039;Am\u00e9rique est pr\u00e9sente dans le cours inf\u00e9rieur de la rivi\u00e8re Androscoggin, bien qu&#039;aucune n&#039;ait historiquement atteint le cours sup\u00e9rieur de la rivi\u00e8re. La zone du projet abrite un habitat de p\u00eache en eaux froides. Le D\u00e9partement de la p\u00eache et de la chasse du New Hampshire empoissonne chaque ann\u00e9e des truites de ruisseau, des truites arc-en-ciel et des truites brunes en amont du projet. Les esp\u00e8ces riveraines r\u00e9sidentes comprennent la m\u00e9rou, l&#039;achigan \u00e0 petite bouche, le meunier noir, le naseux des rapides, le m\u00e9n\u00e9 \u00e0 t\u00eate noire, le m\u00e9n\u00e9 \u00e0 queue \u00e0 tache noire et la perchaude. Le passage vers l&#039;aval peut se faire gr\u00e2ce au d\u00e9bit du d\u00e9versoir, aux ouvertures des vannes \u00e0 bas niveau et au d\u00e9bit de la prise d&#039;eau \u00e0 travers les grilles \u00e0 d\u00e9bris. Le projet n&#039;entrave pas le bon d\u00e9roulement du cycle biologique des poissons r\u00e9sidents.<\/p>\n<p>Les terres du projet se limitent \u00e0 la zone occup\u00e9e par les infrastructures. L&#039;exploitation au fil de l&#039;eau et la faible fluctuation des retenues d&#039;eau assurent la protection des zones riveraines.<\/p>\n<p>Les esp\u00e8ces menac\u00e9es ou en voie de disparition potentiellement pr\u00e9sentes \u00e0 proximit\u00e9 du projet comprennent le vespertilion nordique, le lynx du Canada, le vespertilion pygm\u00e9e, la petite chauve-souris brune, la pipistrelle de l&#039;Est, le pygargue \u00e0 t\u00eate blanche, la paruline tigr\u00e9e, le gros-bec errant, le quiscale rouilleux, la grive des bois, la tortue des bois, la martre d&#039;Am\u00e9rique, le faucon p\u00e8lerin et l&#039;engoulevent d&#039;Am\u00e9rique. Les esp\u00e8ces v\u00e9g\u00e9tales comprennent le liparis \u00e0 oreillettes, le myrtillier des montagnes, l&#039;\u00e9lichryse ovo\u00efde, le carex parasol, le sphinx rose, la tonnelle pourpre, l&#039;orchis \u00e0 feuilles rondes, la foug\u00e8re des falaises lisse, le bleuet nain, la dryopt\u00e9ride odorante, le liparis \u00e0 feuilles cord\u00e9es et l&#039;\u00e9pilobe de Hornemann.<\/p>\n<p>Les esp\u00e8ces de chauves-souris r\u00e9pertori\u00e9es ne sont pas susceptibles d&#039;\u00eatre affect\u00e9es par les op\u00e9rations du projet, car il n&#039;y a g\u00e9n\u00e9ralement pas d&#039;activit\u00e9s de d\u00e9boisement ni d&#039;entretien des corridors. Des op\u00e9rations d&#039;enl\u00e8vement et d&#039;entretien de la v\u00e9g\u00e9tation sont effectu\u00e9es pour assurer la s\u00e9curit\u00e9 du barrage, mais ces activit\u00e9s respectent la r\u00e8gle 4(d) de l&#039;USFWS concernant la protection de l&#039;habitat des esp\u00e8ces de chauves-souris. La plupart des autres esp\u00e8ces r\u00e9pertori\u00e9es ont \u00e9t\u00e9 observ\u00e9es \u00e0 proximit\u00e9 du projet, mais les op\u00e9rations au fil de l&#039;eau et les limites de fluctuation des retenues att\u00e9nuent tout impact sur ces esp\u00e8ces.<\/p>\n<p>La zone du projet ne comprend aucune ressource historique ou culturelle connue. Cependant, le projet est r\u00e9gi par un accord programmatique (AP), conclu en concertation avec le Bureau de pr\u00e9servation historique de l&#039;\u00c9tat. Cet accord pr\u00e9voit des dispositions d\u00e9taill\u00e9es concernant le suivi et le reporting annuels des travaux de r\u00e9paration et d&#039;am\u00e9lioration r\u00e9alis\u00e9s, ainsi que des activit\u00e9s pr\u00e9vues pour l&#039;ann\u00e9e \u00e0 venir.<\/p>\n<p>Les ressources r\u00e9cr\u00e9atives du projet comprennent une zone de p\u00eache en aval. L&#039;acc\u00e8s public est gratuit.<\/p>\n<hr \/>\n<h3>\u00c9tat de conformit\u00e9<\/h3>\n<p><strong>Le certificat comprend la condition sp\u00e9cifique \u00e0 l&#039;\u00e9tablissement suivante :<\/strong><\/p>\n<p><strong>Condition 1 :<\/strong> Le propri\u00e9taire de l&#039;installation devra informer le LIHI de l&#039;\u00e9tat d&#039;avancement du renouvellement de licence du projet, notamment des \u00e9tudes, des dossiers d\u00e9pos\u00e9s aupr\u00e8s de la FERC, des consultations des organismes de ressources, des prescriptions et recommandations, ainsi que des commentaires des organismes sur les r\u00e9sultats des \u00e9tudes. Le LIHI se r\u00e9serve le droit de modifier le certificat ou les conditions en fonction des r\u00e9sultats du renouvellement de licence.<\/p>\n<p><strong>2025:<\/strong> Aucun changement important ni probl\u00e8me de conformit\u00e9 n&#039;a \u00e9t\u00e9 identifi\u00e9. Le projet demeure conforme suite \u00e0 l&#039;examen annuel. Concernant la condition 1, le projet a fourni un \u00e9tat d&#039;avancement et des liens vers les documents de renouvellement de licence. La FERC a publi\u00e9 son \u00e9valuation environnementale finale le 7 octobre 2024 et le NHDES a d\u00e9livr\u00e9 une certification de qualit\u00e9 de l&#039;eau le 19 septembre 2024.<\/p>\n<p><strong>2024:<\/strong> Aucun changement important ni probl\u00e8me de conformit\u00e9 n&#039;a \u00e9t\u00e9 identifi\u00e9. Le projet demeure conforme suite \u00e0 l&#039;examen annuel. Concernant la condition 1, le projet a fourni un \u00e9tat d&#039;avancement et des liens vers les documents de renouvellement de licence. La FERC a publi\u00e9 son projet d&#039;\u00e9valuation environnementale le 23 mai 2024. Le projet a signal\u00e9 deux \u00e9carts par rapport au bassin d&#039;amont, et non des violations de la FERC.<\/p>\n<p><strong>2023:<\/strong> Aucun changement important ni probl\u00e8me de conformit\u00e9 n&#039;a \u00e9t\u00e9 identifi\u00e9. Le projet demeure conforme suite \u00e0 l&#039;examen annuel. Concernant la condition 1, le projet n&#039;a signal\u00e9 aucun changement de statut.<\/p>\n<p><strong>2022:<\/strong> Aucun changement important ni probl\u00e8me de conformit\u00e9 n&#039;a \u00e9t\u00e9 identifi\u00e9. Le projet demeure conforme suite \u00e0 l&#039;examen annuel. Concernant la condition 1, le projet a d\u00e9clar\u00e9 avoir d\u00e9pos\u00e9 sa demande finale de renouvellement de licence aupr\u00e8s de la FERC le 29 ao\u00fbt 2022.<\/p>\n<p><strong>2021:\u00a0<\/strong> Aucun changement n&#039;a \u00e9t\u00e9 signal\u00e9. Le projet a signal\u00e9 une br\u00e8ve d\u00e9viation du d\u00e9bit due \u00e0 un d\u00e9clenchement de la station, ce qui ne constituait pas une infraction \u00e0 la FERC. Le projet demeure conforme suite \u00e0 l&#039;examen annuel. Concernant la condition 1, le projet a d\u00e9clar\u00e9 avoir d\u00e9pos\u00e9 le rapport d&#039;\u00e9tude initial de renouvellement de licence.<\/p>\n<p><strong>2020:<\/strong> Le rapport annuel pour le certificat actuel n\u2019est pas encore entr\u00e9 en vigueur.<\/p>\n<hr \/>\n<h3>Historique des certifications<\/h3>\n<p><strong>1er janvier 2022 :<\/strong> La dur\u00e9e du certificat LIHI a \u00e9t\u00e9 prolong\u00e9e conform\u00e9ment \u00e0 la r\u00e9vision 2.05 du manuel de certification LIHI 2e \u00e9dition publi\u00e9 le 1er janvier 2022. Reportez-vous au tableau des \u00e9tablissements ci-dessus pour conna\u00eetre la nouvelle dur\u00e9e.<\/p>\n<p><strong>30 novembre 2020 :<\/strong> La d\u00e9cision de certification du projet Cross Power est devenue d\u00e9finitive apr\u00e8s la cl\u00f4ture de la p\u00e9riode d&#039;appel, le 27 novembre 2020, sans qu&#039;aucun appel n&#039;ait \u00e9t\u00e9 d\u00e9pos\u00e9. La p\u00e9riode de certification s&#039;\u00e9tend du 31 ao\u00fbt 2020 au 30 ao\u00fbt 2025.<\/p>\n<p><strong>27 octobre 2020 :<\/strong>Le Low Impact Hydropower Institute (LIHI) a approuv\u00e9 la certification \u00ab\u00a0faible impact\u00a0\u00bb pour les projets hydro\u00e9lectriques Sawmill, Cross Power, Upper Gorham et Shelburne, situ\u00e9s sur la rivi\u00e8re Androscoggin, dans le New Hampshire. Cette d\u00e9cision est provisoire et attend la fin du d\u00e9lai d&#039;appel de 30\u00a0jours. Seuls les intervenants ayant comment\u00e9 la demande initiale pendant ce d\u00e9lai de 60\u00a0jours sont autoris\u00e9s \u00e0 d\u00e9poser un recours. Ce recours doit inclure une explication expliquant en quoi le projet ne r\u00e9pond pas aux crit\u00e8res du LIHI. Les demandes de recours pour un ou plusieurs de ces projets peuvent \u00eatre soumises par courriel \u00e0 l&#039;adresse suivante\u00a0: <a href=\"mailto:comments@lowimpacthydro.org\">comments@lowimpacthydro.org<\/a> avec \u00ab\u00a0Projets sur la rivi\u00e8re Androscoggin-NH\u00a0\u00bb en objet, ou par courrier adress\u00e9 au Low Impact Hydropower Institute, 329 Massachusetts Ave, Suite 6, Lexington, MA 02420. Toutes les demandes seront publi\u00e9es sur le site web. Le demandeur aura la possibilit\u00e9 de r\u00e9pondre, et toute r\u00e9ponse sera \u00e9galement publi\u00e9e. <strong>Les demandes doivent \u00eatre re\u00e7ues avant 17 heures, heure de l\u2019Est, le 27 novembre 2020.<\/strong>Le dossier de candidature complet et le rapport d&#039;\u00e9valuation sont disponibles ci-dessous. Si aucune demande d&#039;appel n&#039;est re\u00e7ue, la p\u00e9riode de certification pour chaque projet sera du 31 ao\u00fbt 2020 au 30 ao\u00fbt 2025.<\/p>\n<p><strong>13 ao\u00fbt 2020 :<\/strong> Le Low Impact Hydropower Institute a re\u00e7u une demande compl\u00e8te de certification \u00e0 faible impact pour les projets hydro\u00e9lectriques Sawmill, Cross Power, Upper Gorham et Shelburne, situ\u00e9s sur la rivi\u00e8re Androscoggin, dans le New Hampshire. Le LIHI sollicite les commentaires du public sur cette demande. Plus pr\u00e9cis\u00e9ment, nous souhaitons savoir si, selon vous, les projets r\u00e9pondent aux crit\u00e8res de certification \u00e0 faible impact du LIHI, tels que r\u00e9vis\u00e9s dans la 2e \u00e9dition du manuel. La demande est disponible ci-dessous. Les commentaires directement li\u00e9s \u00e0 des crit\u00e8res sp\u00e9cifiques du LIHI (d\u00e9bits, qualit\u00e9 de l&#039;eau, etc.) <span class='tooltipsall tooltip_post_id_5566 classtoolTips59'>passage des poissons<\/span>, etc.) seront tr\u00e8s utiles, mais tous les commentaires seront pris en compte. Les commentaires peuvent \u00eatre soumis \u00e0 l&#039;Institut par courrier \u00e9lectronique \u00e0 l&#039;adresse <a href=\"mailto:comments@lowimpacthydro.org\">comments@lowimpacthydro.org<\/a> avec \u00ab Commentaires sur le projet Androscoggin River-NH \u00bb dans la ligne d&#039;objet, ou par courrier adress\u00e9 au Low Impact Hydropower Institute, 329 Massachusetts Avenue, Suite 6, Lexington, MA 02420. <strong>Les commentaires doivent \u00eatre re\u00e7us au plus tard \u00e0 17 h, heure de l\u2019Est, le 12 octobre 2020 pour \u00eatre pris en compte.<\/strong> Tous les commentaires seront publi\u00e9s sur le site Web et le candidat aura la possibilit\u00e9 d&#039;y r\u00e9pondre. Toute r\u00e9ponse sera \u00e9galement publi\u00e9e.<\/p>\n<hr \/>\n<h3>Dossiers de certification<\/h3>\n<h4>Certification 2020<\/h4>\n<ul style=\"color: black;\">\n<li><a href=\"https:\/\/lowimpacthydro.org\/wp-content\/uploads\/2020\/11\/Berlin-NH-Projects-Certification-Review-2020.pdf\">Examen de la certification des projets Berlin NH 2020<\/a><\/li>\n<li><a href=\"https:\/\/lowimpacthydro.org\/wp-content\/uploads\/2020\/12\/20200831-Berlin-NH-Revised-LIHI-Application.pdf\">Demande de certification des projets NH de Berlin 2020<\/a><\/li>\n<\/ul>\n<hr \/>\n<h3>Documents cl\u00e9s<\/h3>\n<ul>\n<li><a href=\"https:\/\/lowimpacthydro.org\/wp-content\/uploads\/2020\/12\/1994-Cross-license.pdf\">Licence FERC Cross Power 1994<\/a><\/li>\n<li><a href=\"https:\/\/lowimpacthydro.org\/wp-content\/uploads\/2020\/12\/1993-Upper-Androscoggin-Basin-FERC-EIS.pdf\">\u00c9tude d&#039;impact environnemental de la FERC de 1993 sur le bassin sup\u00e9rieur d&#039;Androscoggin<\/a><\/li>\n<li><a href=\"https:\/\/lowimpacthydro.org\/wp-content\/uploads\/2020\/12\/1991-Cross-WQC.pdf\">Certificat de qualit\u00e9 de l&#039;eau Cross Power 1991<\/a><\/li>\n<\/ul>","protected":false},"excerpt":{"rendered":"<p>Project Name Cross Power LIHI Certificate No. 174 LIHI Certificate Term August 31, 2020 &#8211; August 30, 2030 Owner Great Lakes Hydro America, LLC, a subsidiary<span class=\"excerpt-hellip\"> [\u2026]<\/span><\/p>\n","protected":false},"author":3,"featured_media":-1,"parent":0,"menu_order":0,"comment_status":"closed","ping_status":"closed","template":"","meta":{"_coblocks_attr":"","_coblocks_dimensions":"","_coblocks_responsive_height":"","_coblocks_accordion_ie_support":"","om_disable_all_campaigns":false,"_monsterinsights_skip_tracking":false,"_monsterinsights_sitenote_active":false,"_monsterinsights_sitenote_note":"","_monsterinsights_sitenote_category":0,"footnotes":""},"class_list":["post-3746","page","type-page","status-publish","has-post-thumbnail","hentry"],"aioseo_notices":[],"_links":{"self":[{"href":"https:\/\/lowimpacthydro.org\/fr\/wp-json\/wp\/v2\/pages\/3746","targetHints":{"allow":["GET"]}}],"collection":[{"href":"https:\/\/lowimpacthydro.org\/fr\/wp-json\/wp\/v2\/pages"}],"about":[{"href":"https:\/\/lowimpacthydro.org\/fr\/wp-json\/wp\/v2\/types\/page"}],"author":[{"embeddable":true,"href":"https:\/\/lowimpacthydro.org\/fr\/wp-json\/wp\/v2\/users\/3"}],"replies":[{"embeddable":true,"href":"https:\/\/lowimpacthydro.org\/fr\/wp-json\/wp\/v2\/comments?post=3746"}],"version-history":[{"count":13,"href":"https:\/\/lowimpacthydro.org\/fr\/wp-json\/wp\/v2\/pages\/3746\/revisions"}],"predecessor-version":[{"id":9874,"href":"https:\/\/lowimpacthydro.org\/fr\/wp-json\/wp\/v2\/pages\/3746\/revisions\/9874"}],"wp:featuredmedia":[{"embeddable":true,"href":"https:\/\/lowimpacthydro.org\/fr\/wp-json\/"}],"wp:attachment":[{"href":"https:\/\/lowimpacthydro.org\/fr\/wp-json\/wp\/v2\/media?parent=3746"}],"curies":[{"name":"wp","href":"https:\/\/api.w.org\/{rel}","templated":true}]}}