{"id":3712,"date":"2020-11-09T09:29:00","date_gmt":"2020-11-09T14:29:00","guid":{"rendered":"https:\/\/lowimpacthydro.org\/?page_id=3712"},"modified":"2025-12-01T10:33:38","modified_gmt":"2025-12-01T15:33:38","slug":"lihi-certificate-178-freedom-falls-project-maine","status":"publish","type":"page","link":"https:\/\/lowimpacthydro.org\/fr\/lihi-certificate-178-freedom-falls-project-maine\/","title":{"rendered":"Certificat LIHI #178 \u2013 Projet hydro\u00e9lectrique de Freedom Falls, Maine"},"content":{"rendered":"<table class=\"alignright\" style=\"width: 351px; border: 2px; cellspacing: 2px; cellpadding: 2px; margin-left: 50px;\">\n<tbody>\n<tr style=\"height: 48px;\">\n<td style=\"height: 48px; width: 34.0708%;\" width=\"162\"><strong>Nom du projet<\/strong><\/td>\n<td style=\"height: 48px; width: 64.1593%;\" width=\"165\">Chutes de la libert\u00e9<\/td>\n<\/tr>\n<tr style=\"height: 48px;\">\n<td style=\"height: 48px; width: 34.0708%;\" width=\"162\"><strong>Num\u00e9ro de certificat LIHI<\/strong><\/td>\n<td style=\"height: 48px; width: 64.1593%;\" width=\"165\">178<\/td>\n<\/tr>\n<tr style=\"height: 48px;\">\n<td style=\"height: 48px; width: 34.0708%;\" width=\"162\"><strong>Dur\u00e9e du certificat LIHI<\/strong><\/td>\n<td style=\"height: 48px; width: 64.1593%;\" width=\"165\">3 novembre 2020 \u2013 2 novembre 2035<\/td>\n<\/tr>\n<tr style=\"height: 48px;\">\n<td style=\"height: 48px; width: 34.0708%;\" width=\"162\"><strong>Propri\u00e9taire<\/strong><\/td>\n<td style=\"height: 48px; width: 64.1593%;\" width=\"165\">Freedom Falls, LLC<\/td>\n<\/tr>\n<tr style=\"height: 24px;\">\n<td style=\"height: 24px; width: 34.0708%;\" width=\"162\"><strong>\u00c9tat<\/strong><\/td>\n<td style=\"height: 24px; width: 64.1593%;\" width=\"165\">Maine<\/td>\n<\/tr>\n<tr style=\"height: 96px;\">\n<td style=\"height: 96px; width: 34.0708%;\" width=\"162\"><strong>Emplacement<\/strong><\/td>\n<td style=\"height: 96px; width: 64.1593%;\" width=\"165\">Rivi\u00e8re Mile 10, ruisseau Sandy<\/td>\n<\/tr>\n<tr style=\"height: 136px;\">\n<td style=\"height: 136px; width: 34.0708%;\" width=\"162\"><strong>Capacit\u00e9 install\u00e9e<\/strong><\/td>\n<td style=\"height: 136px; width: 64.1593%;\" width=\"165\">35 kW<\/td>\n<\/tr>\n<tr style=\"height: 136px;\">\n<td style=\"height: 136px; width: 34.0708%;\" width=\"162\"><strong>G\u00e9n\u00e9ration annuelle moyenne<\/strong><\/td>\n<td style=\"height: 136px; width: 64.1593%;\" width=\"165\">65 MWh<\/td>\n<\/tr>\n<tr style=\"height: 24px;\">\n<td style=\"height: 24px; width: 34.0708%;\" width=\"162\"><strong>Type d&#039;\u00e9tablissement<\/strong><\/td>\n<td style=\"height: 24px; width: 64.1593%;\" width=\"165\">Au fil de l&#039;eau<\/td>\n<\/tr>\n<tr style=\"height: 123px;\">\n<td style=\"height: 123px; width: 34.0708%;\" width=\"162\"><strong><span class='tooltipsall tooltip_post_id_5565 classtoolTips152'>F\u00e9d\u00e9ration internationale de radio-t\u00e9l\u00e9vision (FERC)<\/span> Non.<\/strong><\/td>\n<td style=\"height: 123px; width: 64.1593%;\" width=\"165\">P-14421, exon\u00e9r\u00e9 2013<\/td>\n<\/tr>\n<\/tbody>\n<\/table>\n<p>Le projet Freedom Falls est situ\u00e9 sur le ruisseau Sandy \u00e0 Freedom, dans le Maine, une petite ville rurale du centre et du centre de la c\u00f4te du Maine, au nord-est d&#039;Augusta, dans le comt\u00e9 de Waldo. Le site abrite \u00e9galement l&#039;\u00e9cole The Mill et le restaurant The Lost Kitchen. L&#039;original <span class='tooltipsall tooltip_post_id_5545 classtoolTips158'>barrage<\/span> La structure remonte \u00e0 1834, ann\u00e9e de la construction d&#039;un moulin \u00e0 farine sur le ruisseau Sandy. La propri\u00e9t\u00e9 a \u00e9t\u00e9 exploit\u00e9e comme moulin \u00e0 farine de 1834 \u00e0 1894 environ, puis comme usine de tournage sur bois de 1894 \u00e0 1967 environ. De 1967 \u00e0 2012, le moulin de Freedom Falls a \u00e9t\u00e9 abandonn\u00e9. En 2012, le moulin a \u00e9t\u00e9 rachet\u00e9 et sa r\u00e9habilitation achev\u00e9e en 2013, avec notamment l&#039;ajout d&#039;une centrale hydro\u00e9lectrique. Deux barrages se trouvent en amont du projet\u00a0: l&#039;\u00e9tang Sandy #2, un barrage rompu appartenant au ma\u00eetre d&#039;ouvrage, et l&#039;\u00e9tang Sandy #3, propri\u00e9t\u00e9 de la ville de Freedom. Aucun barrage n&#039;est situ\u00e9 en aval du projet avant que le ruisseau Sandy, puis le ruisseau 25-Mile, ne rejoignent la rivi\u00e8re Sebasticook, un affluent de la rivi\u00e8re Kennebec.<\/p>\n<p>Le projet comprend un barrage, <span class='tooltipsall tooltip_post_id_5619 classtoolTips124'>conduite forc\u00e9e<\/span>, <span class='tooltipsall tooltip_post_id_5624 classtoolTips102'>centrale<\/span>, une turbine et un court tron\u00e7on contourn\u00e9.<\/p>\n<p>Le barrage est une structure en ma\u00e7onnerie de pierre recouverte de b\u00e9ton, haute de 3,6 m\u00e8tres et longue de 27 m\u00e8tres. Il n&#039;y a pas <span class='tooltipsall tooltip_post_id_5569 classtoolTips79'>tableaux d&#039;affichage<\/span>L&#039;eau est achemin\u00e9e du barrage \u00e0 la centrale par une conduite forc\u00e9e de 18 m\u00e8tres de long qui cr\u00e9e un court tron\u00e7on contourn\u00e9 dans le ruisseau Sandy. La centrale est \u00e9quip\u00e9e d&#039;une turbine d&#039;une puissance install\u00e9e de 0,35 MW. Cette turbine \u00e0 h\u00e9lice, con\u00e7ue par Natel Energy, est sans danger pour les poissons. <a href=\"https:\/\/www.natelenergy.com\/turbines\/\">Restauration d&#039;une turbine hydro\u00e9lectrique<\/a>, a \u00e9t\u00e9 install\u00e9 en d\u00e9cembre 2019 en remplacement de l&#039;ancienne machine Pelton lin\u00e9aire Natel install\u00e9e en 2017. Natel souhaitait installer sa conception la plus r\u00e9cente, la plus efficace, la plus s\u00fbre et la plus fiable pour les poissons sur ce site \u2013 son site de d\u00e9monstration sur la c\u00f4te est. Ce projet comprend des installations de passage en amont et en aval pour l&#039;anguille d&#039;Am\u00e9rique. La production annuelle moyenne est d&#039;environ 65 MWh.<\/p>\n<p>Le projet op\u00e8re dans <span class='tooltipsall tooltip_post_id_5643 classtoolTips52'>au fil de l&#039;eau<\/span> Le barrage est en mode \u00ab\u00a0mode\u00a0\u00bb et retient un bassin de 1,6\u00a0acre en aval de Sandy Pond. Des capteurs de niveau situ\u00e9s en amont du barrage transmettent les relev\u00e9s \u00e0 un syst\u00e8me de contr\u00f4le de turbine qui assure un fonctionnement instantan\u00e9 au fil de l&#039;eau. Le projet pr\u00e9voit une capacit\u00e9 de 3\u00a0pi\u00b3\/s. <span class='tooltipsall tooltip_post_id_5651 classtoolTips116'>d\u00e9versoir<\/span> Le d\u00e9bit doit pr\u00e9server l&#039;esth\u00e9tique du d\u00e9versoir et assurer l&#039;arrosage du cours d&#039;eau d\u00e9riv\u00e9. Ce r\u00e9gime d&#039;\u00e9coulement est bas\u00e9 sur les conditions stipul\u00e9es par le minist\u00e8re de l&#039;Int\u00e9rieur des \u00c9tats-Unis dans le cadre de la licence FERC pour le projet.<\/p>\n<p>Les eaux situ\u00e9es dans la zone du projet ne sont pas class\u00e9es comme d\u00e9grad\u00e9es par l&#039;\u00c9tat du Maine. L&#039;\u00e9tang Sandy est consid\u00e9r\u00e9 comme eutrophe en raison de ses concentrations en chlorophylle-a et en phosphore, mais l&#039;exploitation au fil de l&#039;eau et les d\u00e9bits minimaux du projet garantissent que les op\u00e9rations n&#039;alt\u00e8rent pas la qualit\u00e9 de l&#039;eau.<\/p>\n<p>Il n\u2019existe aucune trace historique de <span class='tooltipsall tooltip_post_id_5549 classtoolTips96'>diadrome<\/span> poissons, autres que l&#039;anguille d&#039;Am\u00e9rique, dans le ruisseau Sandy. La Division des ressources marines du Maine entreprend une <span class='tooltipsall tooltip_post_id_5518 classtoolTips36'>poisson anadrome<\/span> Plan de restauration du bassin de la rivi\u00e8re Kennebec, bien que les barrages en aval emp\u00eachent actuellement l&#039;acc\u00e8s au ruisseau Sandy. Le projet a \u00e9t\u00e9 men\u00e9 en collaboration active avec le Service am\u00e9ricain de la p\u00eache et de la faune sauvage (USFWS) afin de concevoir des installations de passage en amont pour l&#039;anguille d&#039;Am\u00e9rique. L&#039;installation a eu lieu le 1er mai 2021. \u00c9tang Sandy (ci-dessus). <span class='tooltipsall tooltip_post_id_5545 classtoolTips158'>Barrage<\/span> La zone #3 mentionn\u00e9e ci-dessus est une p\u00eacherie d&#039;eau chaude abritant des esp\u00e8ces de poissons r\u00e9sidentes, notamment l&#039;achigan \u00e0 grande bouche, le meunier noir, la barbotte brune, le brochet maill\u00e9, le m\u00e9n\u00e9 jaune, le baret blanc et la perchaude. Les grilles \u00e0 d\u00e9chets du barrage Mill, espac\u00e9es de 1,9 cm, att\u00e9nuent le risque de <span class='tooltipsall tooltip_post_id_5558 classtoolTips77'>entra\u00eenement<\/span>Le passage des anguilles en aval est assur\u00e9 par une conduite de d\u00e9rivation adjacente et proche du fond de la prise d&#039;eau de la turbine. Cette conduite est exploit\u00e9e du coucher au lever du soleil, du 1er ao\u00fbt au 15 octobre, chaque ann\u00e9e, lorsque les conditions de l&#039;eau le permettent.<\/p>\n<p><strong>PLUS-Standard:<\/strong> Le projet accueille la premi\u00e8re turbine hydro\u00e9lectrique Natel de restauration (RHT) commercialement op\u00e9rationnelle. La RHT MS D55 install\u00e9e \u00e0 Freedom Falls fait partie d&#039;une famille de turbines de taille r\u00e9elle (plus d&#039;un m\u00e8tre de diam\u00e8tre) capables de franchir en toute s\u00e9curit\u00e9 de gros poissons \u00e0 basse altitude. <span class='tooltipsall tooltip_post_id_5581 classtoolTips154'>t\u00eate<\/span> Projets hydro\u00e9lectriques. Pour les poissons susceptibles de traverser le d\u00e9versoir et d&#039;\u00eatre entra\u00een\u00e9s, le RHT minimise les blessures et la mortalit\u00e9 gr\u00e2ce \u00e0 sa conception unique. Le taux de survie a \u00e9t\u00e9 test\u00e9 en laboratoire et atteint 99% ou plus.<\/p>\n<p>Les terres du projet couvrent une superficie de 0,25 acre, ainsi qu&#039;une superficie suppl\u00e9mentaire de 2,5 acres jouxtant le bassin de retenue, propri\u00e9t\u00e9 du projet. Cette zone est g\u00e9n\u00e9ralement constitu\u00e9e d&#039;une vaste zone foresti\u00e8re, avec quelques zones bois\u00e9es. <span class='tooltipsall tooltip_post_id_5670 classtoolTips125'>zones humides<\/span>, et les terres sont utilis\u00e9es par l&#039;\u00e9cole The Mill pour des ressources \u00e9ducatives de plein air. La zone riveraine en amont, autour de Sandy Pond, a \u00e9t\u00e9 am\u00e9nag\u00e9e en terrains de camping, camps saisonniers et quelques r\u00e9sidences. Aucune terre de valeur \u00e9cologique significative n&#039;existe dans la zone du projet.<\/p>\n<p>Les esp\u00e8ces menac\u00e9es ou en voie de disparition potentiellement pr\u00e9sentes \u00e0 proximit\u00e9 du projet comprennent la chauve-souris nordique, la petite chauve-souris brune, la chauve-souris pygm\u00e9e, la grande chauve-souris brune, la chauve-souris rousse, la chauve-souris cendr\u00e9e, la chauve-souris argent\u00e9e et la chauve-souris de l&#039;Est. Une consultation avec la Division des p\u00eaches et de la faune du Maine (MDIFW) a r\u00e9v\u00e9l\u00e9 l&#039;existence de deux habitats fauniques importants pour la sauvagine et les \u00e9chassiers en amont, pr\u00e8s de Sandy Pond. Ces habitats sont situ\u00e9s bien en dehors de la zone du projet, comme l&#039;a indiqu\u00e9 le MDIFW, et le Programme des zones naturelles du Maine et le D\u00e9partement de la conservation ont indiqu\u00e9 qu&#039;aucune caract\u00e9ristique botanique rare ne serait perturb\u00e9e sur le site du projet. Le projet ne n\u00e9cessite g\u00e9n\u00e9ralement pas d&#039;abattage d&#039;arbres, mais si n\u00e9cessaire, le ma\u00eetre d&#039;ouvrage s&#039;est engag\u00e9 \u00e0 respecter la r\u00e8gle 4(d) de l&#039;USFWS concernant la protection des habitats de repos des chauves-souris. <span class='tooltipsall tooltip_post_id_5643 classtoolTips52'>Au fil de l&#039;eau<\/span> Les op\u00e9rations et la faible empreinte du projet indiquent qu&#039;il est peu probable qu&#039;il ait un impact sur les esp\u00e8ces r\u00e9pertori\u00e9es.<\/p>\n<p>Les ressources culturelles de la zone du projet comprennent le moulin de Freedom Falls. Construit par John True en 1834, il s&#039;agissait d&#039;un moulin \u00e0 grains utilisant l&#039;\u00e9nergie hydrom\u00e9canique du ruisseau pour produire environ 8\u00a0000 boisseaux de c\u00e9r\u00e9ales par an. Vers 1894, le b\u00e2timent fut transform\u00e9 en une usine de tournage sur bois fabriquant des manches d&#039;outils, des chevilles, etc. Pour r\u00e9pondre aux besoins de cette activit\u00e9 en pleine expansion, divers agrandissements, notamment pour la manutention et l&#039;exp\u00e9dition, furent construits au fil des ans. Cette entreprise ferma ses portes en 1967 et le moulin fut alors abandonn\u00e9. Le b\u00e2timent du moulin fut class\u00e9 au patrimoine mondial. <span class='tooltipsall tooltip_post_id_5606 classtoolTips1'>Registre national des lieux historiques<\/span> en 20212 en raison de son statut de d\u00e9monstration exemplaire de la construction pr\u00e9coce de moulins et de son r\u00f4le dans l&#039;histoire \u00e9conomique de la ville de Freedom aux XIXe et d\u00e9but du XXe si\u00e8cle.<\/p>\n<p><strong>PLUS-Standard:<\/strong> Le b\u00e2timent du moulin a \u00e9t\u00e9 enti\u00e8rement restaur\u00e9. Cette r\u00e9habilitation a \u00e9t\u00e9 r\u00e9alis\u00e9e en collaboration avec le Bureau de pr\u00e9servation historique de l&#039;\u00c9tat du Maine et conform\u00e9ment aux normes du Service des parcs nationaux, afin de lui permettre de b\u00e9n\u00e9ficier des cr\u00e9dits d&#039;imp\u00f4ts f\u00e9d\u00e9raux et \u00e9tatiques pour le patrimoine historique. Cette r\u00e9habilitation comprenait la reconstruction des murs de fondation, la r\u00e9paration de la charpente en bois, le remplacement des fen\u00eatres, la restauration de l&#039;ext\u00e9rieur et des extensions, ainsi que la mise en place d&#039;\u00e9quipements modernes tout en pr\u00e9servant le caract\u00e8re historique du b\u00e2timent. Le b\u00e2timent abrite actuellement un restaurant, un mus\u00e9e\/cave \u00e0 vin, l&#039;\u00e9cole du moulin, ainsi que la centrale hydro\u00e9lectrique. Cette restauration a fait l&#039;objet d&#039;un film. <a href=\"https:\/\/www.compasslight.com\/production\/reviving-freedom-mill\">Faire revivre le moulin de la libert\u00e9<\/a>Maine Preservation a \u00e9galement d\u00e9cern\u00e9 un prix d&#039;honneur 2013 pour l&#039;utilisation adaptative du moulin de Freedom Falls pour \u00ab le travail de r\u00e9alisation du potentiel du joyau cach\u00e9 de la ville, le financement et la gestion de sa restauration, et la collaboration avec la communaut\u00e9 pour partager le triomphe. \u00bb<\/p>\n<p>Les ressources r\u00e9cr\u00e9atives sont limit\u00e9es en raison de l&#039;inaccessibilit\u00e9 g\u00e9n\u00e9rale de la zone, des berges abruptes et des cl\u00f4tures de s\u00e9curit\u00e9. Le tron\u00e7on de six kilom\u00e8tres, de l&#039;aval du barrage \u00e0 l&#039;\u00e9tang Unity, est class\u00e9 par American Whitewater comme un rapide de classe II et III. L&#039;\u00e9tang Sandy est utilis\u00e9 pour la navigation de plaisance, la p\u00eache et la motoneige. Une rampe de mise \u00e0 l&#039;eau publique permet d&#039;y acc\u00e9der. L&#039;acc\u00e8s public est gratuit lorsqu&#039;un acc\u00e8s direct est disponible et ne traverse pas d&#039;autres terrains priv\u00e9s.<\/p>\n<hr \/>\n<h3>\u00c9tat de conformit\u00e9<\/h3>\n<p><strong>Le certificat comprend la condition sp\u00e9cifique \u00e0 l&#039;\u00e9tablissement suivante :<\/strong><\/p>\n<p><strong><em>Condition satisfaite en 2021.<\/em> Condition 1 :<\/strong> Le propri\u00e9taire de l&#039;installation doit informer LIHI dans les 60 jours suivant l&#039;ach\u00e8vement du passage \u00e0 anguilles en amont qui devrait \u00eatre install\u00e9 d&#039;ici le 1er mai 2021. La notification doit inclure des copies de toutes les approbations re\u00e7ues du DOI et\/ou du Maine DMR concernant la conception et l&#039;installation finales.<\/p>\n<p><strong>2025:<\/strong> Aucun changement important ni probl\u00e8me de conformit\u00e9 n&#039;ont \u00e9t\u00e9 identifi\u00e9s. Le projet reste conforme sur la base de l&#039;examen annuel.<\/p>\n<p><strong>2024:<\/strong> Aucun changement important ni probl\u00e8me de conformit\u00e9 n&#039;ont \u00e9t\u00e9 identifi\u00e9s. Le projet reste conforme sur la base de l&#039;examen annuel.<\/p>\n<p><strong>2023:<\/strong> Aucun changement important ni probl\u00e8me de conformit\u00e9 n&#039;ont \u00e9t\u00e9 identifi\u00e9s. Le projet reste conforme sur la base de l&#039;examen annuel.<\/p>\n<p><strong>2022:<\/strong> Aucun changement important ni probl\u00e8me de conformit\u00e9 n&#039;ont \u00e9t\u00e9 identifi\u00e9s. Le projet reste conforme sur la base de l&#039;examen annuel.<\/p>\n<p><strong>2021:<\/strong> Aucun changement ni probl\u00e8me de conformit\u00e9 n&#039;a \u00e9t\u00e9 signal\u00e9. Le projet demeure conforme suite \u00e0 l&#039;examen annuel. Concernant la condition 1, le projet a confirm\u00e9 l&#039;installation de la partie amont. <span class='tooltipsall tooltip_post_id_5556 classtoolTips98'>\u00e9chelle \u00e0 anguilles<\/span> satisfaisant ainsi la condition. Aucune contribution suppl\u00e9mentaire des organismes de ressources n&#039;a \u00e9t\u00e9 re\u00e7ue.<\/p>\n<p><strong>2020:<\/strong> Le rapport annuel pour le certificat actuel n\u2019est pas encore entr\u00e9 en vigueur.<\/p>\n<hr \/>\n<h3>Historique des certifications<\/h3>\n<p><strong>1er janvier 2022 :<\/strong> La dur\u00e9e du certificat LIHI a \u00e9t\u00e9 prolong\u00e9e conform\u00e9ment \u00e0 la r\u00e9vision 2.05 du manuel de certification LIHI 2e \u00e9dition publi\u00e9 le 1er janvier 2022. Reportez-vous au tableau des installations ci-dessus pour la nouvelle dur\u00e9e de 15 ans.<\/p>\n<p><strong>23 f\u00e9vrier 2021 :<\/strong> Le Low Impact Hydropower Institute a rendu sa d\u00e9cision finale concernant la certification du projet hydro\u00e9lectrique de Freedom Falls. Ce projet est situ\u00e9 sur le Sandy Stream, dans le Maine. Le projet est d\u00e9sormais consid\u00e9r\u00e9 comme certifi\u00e9 par le LIHI. La certification entrera en vigueur le 3 novembre 2020 pour une dur\u00e9e de dix (10) ans, qui expirera le 2 novembre 2030.<\/p>\n<p><strong>21 janvier 2021 :<\/strong> Le Low Impact Hydropower Institute (LIHI) a approuv\u00e9 la certification \u00ab\u00a0faible impact\u00a0\u00bb (LIHI #178) pour le projet hydro\u00e9lectrique Freedom Falls, situ\u00e9 sur le ruisseau Sandy, dans le Maine. Cette d\u00e9cision est provisoire, dans l&#039;attente d&#039;un d\u00e9lai d&#039;appel de 30 jours. Seuls les intervenants ayant comment\u00e9 la demande initiale pendant ce d\u00e9lai de 60 jours peuvent interjeter appel. Ce recours doit inclure une explication expliquant en quoi le projet ne r\u00e9pond pas aux crit\u00e8res du LIHI. Les demandes d&#039;appel peuvent \u00eatre soumises par courriel \u00e0 l&#039;adresse suivante\u00a0: <a href=\"mailto:comments@lowimpacthydro.org\">comments@lowimpacthydro.org<\/a> avec \u00ab\u00a0Projet Freedom Falls\u00a0\u00bb dans l&#039;objet, ou par courrier adress\u00e9 au Low Impact Hydropower Institute, 329 Massachusetts Ave, Suite 6, Lexington, MA 02420. Toutes les demandes seront publi\u00e9es sur le site web. Le demandeur aura la possibilit\u00e9 de r\u00e9pondre et toute r\u00e9ponse sera \u00e9galement publi\u00e9e. Les demandes doivent \u00eatre re\u00e7ues avant 17\u00a0h (heure de l&#039;Est) le 19\u00a0f\u00e9vrier\u00a02021. Le dossier complet et le rapport d&#039;examen sont disponibles ci-dessous. En l&#039;absence de demande d&#039;appel, la p\u00e9riode de certification s&#039;\u00e9tendra du 3\u00a0novembre\u00a02020 au 2\u00a0novembre\u00a02030.<\/p>\n<p><strong>9 novembre 2020 :<\/strong> Le Low Impact Hydropower Institute a re\u00e7u une demande compl\u00e8te de certification \u00e0 faible impact pour le projet hydro\u00e9lectrique de Freedom Falls. Le LIHI sollicite les commentaires du public sur cette demande. Plus pr\u00e9cis\u00e9ment, nous souhaitons savoir si, selon vous, le projet r\u00e9pond aux crit\u00e8res de certification \u00e0 faible impact du LIHI, tels que r\u00e9vis\u00e9s dans la 2e \u00e9dition du manuel. Veuillez consulter le programme et les crit\u00e8res dans la version r\u00e9vis\u00e9e du LIHI. <a href=\"https:\/\/lowimpacthydro.org\/wp-content\/uploads\/2020\/07\/2nd-Edition-Handbook-Rev.-2.04-2020-04-01.pdf\">Manuel<\/a> et examinez ensuite les documents de candidature du projet ci-dessous. Les commentaires directement li\u00e9s \u00e0 des crit\u00e8res LIHI sp\u00e9cifiques (d\u00e9bits, qualit\u00e9 de l&#039;eau, <span class='tooltipsall tooltip_post_id_5566 classtoolTips59'>passage des poissons<\/span>, etc.) seront tr\u00e8s utiles, mais tous les commentaires seront pris en compte. Les commentaires peuvent \u00eatre soumis \u00e0 l&#039;Institut par courrier \u00e9lectronique \u00e0 l&#039;adresse <a>comments@lowimpacthydro.org<\/a> avec \u00ab Commentaires sur le projet Freedom Falls \u00bb dans l&#039;objet, ou par courrier adress\u00e9 au Low Impact Hydropower Institute, 1167 Massachusetts Avenue, Arlington, MA 02476. <strong>Les commentaires doivent \u00eatre re\u00e7us au plus tard \u00e0 17 h, heure de l\u2019Est, le 8 janvier 2021 pour \u00eatre pris en compte.<\/strong> Tous les commentaires seront publi\u00e9s sur le site Web et le candidat aura la possibilit\u00e9 d&#039;y r\u00e9pondre. Toute r\u00e9ponse sera \u00e9galement publi\u00e9e.<\/p>\n<hr \/>\n<h3>Dossiers de certification<\/h3>\n<h4>Certification 2020<\/h4>\n<ul style=\"color: black;\">\n<li><a href=\"https:\/\/lowimpacthydro.org\/wp-content\/uploads\/2021\/07\/FreedomFalls-Certification-Review-2021-01-13.pdf\">Examen de la certification Freedom Falls 2021<\/a><\/li>\n<li><a href=\"https:\/\/lowimpacthydro.org\/wp-content\/uploads\/2020\/11\/Freedom-Falls-LIHI-Application-2020-Final.pdf\">Candidature pour Freedom Falls 2020<\/a><\/li>\n<\/ul>\n<hr \/>\n<h3>Documents cl\u00e9s<\/h3>\n<ul>\n<li><a href=\"https:\/\/lowimpacthydro.org\/wp-content\/uploads\/2024\/05\/20130325-FERC-exemption-Freedom-Falls.pdf\">FERC 2013 <span class='tooltipsall tooltip_post_id_5562 classtoolTips113'>Exemption<\/span><\/a><\/li>\n<li><a href=\"https:\/\/lowimpacthydro.org\/wp-content\/uploads\/2024\/05\/20130325-FERC-EA-Freedom-Falls.pdf\">\u00c9valuation environnementale de la FERC 2013<\/a><\/li>\n<\/ul>","protected":false},"excerpt":{"rendered":"<p>Project Name Freedom Falls LIHI Certificate No. 178 LIHI Certificate Term November 3, 2020 &#8211; November 2, 2035 Owner Freedom Falls, LLC State Maine Location River<span class=\"excerpt-hellip\"> [\u2026]<\/span><\/p>\n","protected":false},"author":3,"featured_media":-1,"parent":0,"menu_order":0,"comment_status":"closed","ping_status":"closed","template":"","meta":{"_coblocks_attr":"","_coblocks_dimensions":"","_coblocks_responsive_height":"","_coblocks_accordion_ie_support":"","om_disable_all_campaigns":false,"_monsterinsights_skip_tracking":false,"_monsterinsights_sitenote_active":false,"_monsterinsights_sitenote_note":"","_monsterinsights_sitenote_category":0,"footnotes":""},"class_list":["post-3712","page","type-page","status-publish","has-post-thumbnail","hentry"],"aioseo_notices":[],"_links":{"self":[{"href":"https:\/\/lowimpacthydro.org\/fr\/wp-json\/wp\/v2\/pages\/3712","targetHints":{"allow":["GET"]}}],"collection":[{"href":"https:\/\/lowimpacthydro.org\/fr\/wp-json\/wp\/v2\/pages"}],"about":[{"href":"https:\/\/lowimpacthydro.org\/fr\/wp-json\/wp\/v2\/types\/page"}],"author":[{"embeddable":true,"href":"https:\/\/lowimpacthydro.org\/fr\/wp-json\/wp\/v2\/users\/3"}],"replies":[{"embeddable":true,"href":"https:\/\/lowimpacthydro.org\/fr\/wp-json\/wp\/v2\/comments?post=3712"}],"version-history":[{"count":19,"href":"https:\/\/lowimpacthydro.org\/fr\/wp-json\/wp\/v2\/pages\/3712\/revisions"}],"predecessor-version":[{"id":10184,"href":"https:\/\/lowimpacthydro.org\/fr\/wp-json\/wp\/v2\/pages\/3712\/revisions\/10184"}],"wp:featuredmedia":[{"embeddable":true,"href":"https:\/\/lowimpacthydro.org\/fr\/wp-json\/"}],"wp:attachment":[{"href":"https:\/\/lowimpacthydro.org\/fr\/wp-json\/wp\/v2\/media?parent=3712"}],"curies":[{"name":"wp","href":"https:\/\/api.w.org\/{rel}","templated":true}]}}