{"id":2601,"date":"2020-08-12T14:34:32","date_gmt":"2020-08-12T18:34:32","guid":{"rendered":"https:\/\/lowimpacthydro.org\/?page_id=2601"},"modified":"2025-11-10T10:55:20","modified_gmt":"2025-11-10T15:55:20","slug":"lihi-certificate-20-salmon-river-hydroelectric-project-new-york","status":"publish","type":"page","link":"https:\/\/lowimpacthydro.org\/fr\/lihi-certificate-20-salmon-river-hydroelectric-project-new-york\/","title":{"rendered":"Certificat LIHI #20 \u2013 Projet hydro\u00e9lectrique de la rivi\u00e8re Salmon, New York"},"content":{"rendered":"<table class=\"alignright\" style=\"width: 351px; border: 2px; cellspacing: 2px; cellpadding: 2px; margin-left: 50px;\">\n<tbody>\n<tr>\n<td style=\"width: 39.382%;\" width=\"238\"><strong>Nom du projet<\/strong><\/td>\n<td style=\"width: 58.848%;\" width=\"264\">Rivi\u00e8re au Saumon<\/td>\n<\/tr>\n<tr>\n<td style=\"width: 39.382%;\" width=\"238\"><strong>Num\u00e9ro de certificat LIHI<\/strong><\/td>\n<td style=\"width: 58.848%;\" width=\"264\">20<\/td>\n<\/tr>\n<tr>\n<td style=\"width: 39.382%;\" width=\"238\"><strong>Dur\u00e9e du certificat LIHI<\/strong><\/td>\n<td style=\"width: 58.848%;\" width=\"264\">14 novembre 2021 \u2013 13 novembre 2034<\/td>\n<\/tr>\n<tr>\n<td style=\"width: 39.382%;\" width=\"238\"><strong>Propri\u00e9taire<\/strong><\/td>\n<td style=\"width: 58.848%;\" width=\"264\">Erie Boulevard Hydropower, LP, une filiale de Brookfield Renewable Energy Group<\/td>\n<\/tr>\n<tr>\n<td style=\"width: 39.382%;\" width=\"238\"><strong>\u00c9tat<\/strong><\/td>\n<td style=\"width: 58.848%;\" width=\"264\">New York<\/td>\n<\/tr>\n<tr>\n<td style=\"width: 39.382%;\" width=\"238\"><strong>Emplacement<\/strong><\/td>\n<td style=\"width: 58.848%;\" width=\"264\">Situ\u00e9 entre les milles 13,8 et 18 de la rivi\u00e8re Salmon dans les villes de Redfield et Orwell, Oswego, New York.<\/td>\n<\/tr>\n<tr>\n<td style=\"width: 39.382%;\" width=\"238\"><strong>Capacit\u00e9 install\u00e9e<\/strong><\/td>\n<td style=\"width: 58.848%;\" width=\"264\"><strong>Total : 36,25 MW<\/strong><br \/>\nPont de Bennett : 28,75 MW<br \/>\nColline du Phare : 7,5 MW<\/td>\n<\/tr>\n<tr>\n<td style=\"width: 39.382%;\" width=\"238\"><strong>G\u00e9n\u00e9ration annuelle moyenne<\/strong><\/td>\n<td style=\"width: 58.848%;\" width=\"264\">116 354 MWh<\/td>\n<\/tr>\n<tr>\n<td style=\"width: 39.382%;\" width=\"238\"><strong>Type d&#039;\u00e9tablissement<\/strong><\/td>\n<td style=\"width: 58.848%;\" width=\"264\"><em>Pont de Bennett<\/em>: Magasin saisonnier et sortie qui fonctionne dans un <span class='tooltipsall tooltip_post_id_5617 classtoolTips132'>culminant<\/span> mode.<br \/>\n<em>Colline du phare<\/em>: Stockage et lib\u00e9ration qui fonctionne en mode de re-r\u00e9gulation.<\/td>\n<\/tr>\n<tr>\n<td style=\"width: 39.382%;\" width=\"238\"><strong><span class='tooltipsall tooltip_post_id_5565 classtoolTips152'>F\u00e9d\u00e9ration internationale de radio-t\u00e9l\u00e9vision (FERC)<\/span> Non.<\/strong><\/td>\n<td style=\"width: 58.848%;\" width=\"264\">P-11408 d\u00e9livr\u00e9 en 1996, expire le 31\/01\/2036<\/td>\n<\/tr>\n<\/tbody>\n<\/table>\n<p>Le projet Salmon River comprend deux projets d&#039;am\u00e9nagement le long de la rivi\u00e8re Salmon, dans les villes de Redfield, Orwell et Oswego, dans l&#039;\u00c9tat de New York. La rivi\u00e8re Salmon poss\u00e8de un bassin versant de 740 kilom\u00e8tres carr\u00e9s situ\u00e9 dans le centre-nord de l&#039;\u00c9tat et se d\u00e9verse dans le lac Ontario \u00e0 Port Ontario, dans le comt\u00e9 d&#039;Oswego. Le plan op\u00e9rationnel du projet a \u00e9t\u00e9 \u00e9labor\u00e9 dans le cadre de l&#039;offre de r\u00e8glement du projet Salmon River (SRPSO), en consultation avec le D\u00e9partement de la conservation de l&#039;environnement de l&#039;\u00c9tat de New York (NYSDEC), New York Rivers United, l&#039;Adirondack Mountain Club et Trout Unlimited. L&#039;offre de r\u00e8glement a \u00e9t\u00e9 con\u00e7ue pour assurer la continuit\u00e9 de l&#039;exploitation du projet, avec des mesures de protection environnementale \u00e0 long terme et un \u00e9quilibre entre les valeurs de pouvoir et les valeurs non li\u00e9es au pouvoir dans la r\u00e9gion de Salmon. <span class='tooltipsall tooltip_post_id_5636 classtoolTips65'>Bassin fluvial<\/span>.<\/p>\n<p>Le projet comprend deux d\u00e9veloppements :<\/p>\n<ul style=\"color: black;\">\n<li>D\u00e9veloppement du pont Bennett : Le <span class='tooltipsall tooltip_post_id_5545 classtoolTips158'>barrage<\/span> est un b\u00e2timent en b\u00e9ton de 607 pieds de long et 45 pieds de haut <span class='tooltipsall tooltip_post_id_5580 classtoolTips81'>barrage-poids<\/span> Dot\u00e9 d&#039;une structure de prise d&#039;eau en b\u00e9ton arm\u00e9 de 28 m\u00e8tres de long, 12 m\u00e8tres de large et 16 m\u00e8tres de haut, le barrage comprend une section sans d\u00e9bordement de 32 m\u00e8tres de long et une section sans vanne de 75 m\u00e8tres de long. <span class='tooltipsall tooltip_post_id_5651 classtoolTips116'>d\u00e9versoir<\/span> section \u00e9quip\u00e9e de 2 pieds de haut <span class='tooltipsall tooltip_post_id_5569 classtoolTips79'>tableaux d&#039;affichage<\/span>, et une section de d\u00e9versoir ferm\u00e9e de 256 pieds de long avec onze Tainter de 11,5 pieds de haut sur 20 pieds de large <span class='tooltipsall tooltip_post_id_5578 classtoolTips153'>portes<\/span>Le barrage retient un r\u00e9servoir d&#039;une superficie maximale de 3\u00a0550 acres, cr\u00e9ant ainsi une d\u00e9rivation de 3,5 miles de long. Trois digues en terre de 100 pieds, 1\u00a0330 pieds et 695 pieds de long sont situ\u00e9es le long de la rive sud du r\u00e9servoir. Le syst\u00e8me de canalisations de 10\u00a0000 pieds de long comprend\u00a0: un tunnel en b\u00e9ton de 650 pieds de long et 12 pieds de diam\u00e8tre\u00a0; un pipeline en plastique renforc\u00e9 de 7\u00a0790 pieds de long et 12 pieds de diam\u00e8tre\u00a0; un pipeline en acier de 1\u00a0200 pieds de long et 11,5 pieds de diam\u00e8tre\u00a0; un r\u00e9servoir tampon de 105 pieds de haut\u00a0; un distributeur en acier de 200 pieds de long et 12 pieds de diam\u00e8tre\u00a0; et quatre conduites en acier. <span class='tooltipsall tooltip_post_id_5619 classtoolTips124'>conduites forc\u00e9es<\/span>, chacun mesurant 330 pieds de long et 8 pieds de diam\u00e8tre, avec vannes d&#039;arr\u00eat et d&#039;air associ\u00e9es. <span class='tooltipsall tooltip_post_id_5624 classtoolTips102'>centrale<\/span> est fait de b\u00e9ton, de brique et d&#039;acier et contient quatre <span class='tooltipsall tooltip_post_id_5576 classtoolTips39'>Turbine Francis<\/span>-unit\u00e9s de production d&#039;\u00e9lectricit\u00e9 d&#039;une capacit\u00e9 combin\u00e9e de 28,75 MW.<\/li>\n<li>Am\u00e9nagement de Lighthouse Hill\u00a0: Le barrage-poids en b\u00e9ton de 116\u00a0m\u00e8tres de long comprend une section sans d\u00e9bordement de 47\u00a0m\u00e8tres de long et 18\u00a0m\u00e8tres de haut, une section de d\u00e9versoir sans vanne de 13\u00a0m\u00e8tres de long et 16\u00a0m\u00e8tres de haut, contr\u00f4l\u00e9e par des panneaux de rive de 30\u00a0m\u00e8tres de haut, et une section de d\u00e9versoir de 56\u00a0m\u00e8tres de long et 14\u00a0m\u00e8tres de haut, ferm\u00e9e par huit vannes Tainter de 6\u00a0m\u00e8tres de large sur 2\u00a0m\u00e8tres de haut, \u00e9quip\u00e9es de panneaux de rive de 30\u00a0m\u00e8tres de haut. Le barrage retient un r\u00e9servoir d&#039;une superficie maximale de 72\u00a0hectares, cr\u00e9ant ainsi une d\u00e9rivation de 0,9\u00a0mile de long. La digue en terre mesure 99\u00a0m\u00e8tres de long et 12\u00a0m\u00e8tres de haut. L&#039;am\u00e9nagement comprend trois conduites forc\u00e9es en b\u00e9ton de 5\u00a0m\u00e8tres de large sur 2\u00a0m\u00e8tres de haut et 18\u00a0m\u00e8tres de long, ainsi qu&#039;une section de vannes de 4,5\u00a0m\u00e8tres de long menant \u00e0 la centrale. La centrale est construite en b\u00e9ton, brique et acier. Elle comprend une structure d&#039;admission d&#039;eau, deux groupes turbines-alternateurs Francis verticaux et un groupe turbine-alternateur \u00e0 flux environnemental. La puissance totale de l&#039;ensemble des groupes est de 7,5 MW. Le groupe turbine-alternateur \u00e0 flux environnemental est exploit\u00e9 en continu toute l&#039;ann\u00e9e. <span class='tooltipsall tooltip_post_id_5525 classtoolTips28'>d\u00e9bits de base<\/span>Le canal de fuite mesure 40 pieds de large et 2 800 pieds de long.<\/li>\n<\/ul>\n<p>Le projet fonctionne comme une installation saisonni\u00e8re de stockage et de remise \u00e0 l&#039;eau en mode de pointe pour le projet de Bennett&#039;s Bridge et comme une installation de stockage et de remise \u00e0 l&#039;eau en mode de rer\u00e9gulation pour le projet de Lighthouse Hill. Les d\u00e9bits sont d\u00e9termin\u00e9s par le SRPSO et une \u00e9quipe consultative de gestion des d\u00e9bits est charg\u00e9e d&#039;\u00e9valuer les changements de conditions susceptibles d&#039;affecter les d\u00e9bits fluviaux et, par cons\u00e9quent, de modifier les op\u00e9rations de gestion des d\u00e9bits du projet. Cette \u00e9quipe est compos\u00e9e du NYSDEC, du US Fish and Wildlife Service (USFWS), du National Park Service, du NYS Office of Parks, Recreation, and Historic Preservation, d&#039;American Whitewater, de New York Rivers United, de Trout Unlimited, de l&#039;Adirondack Mountain Club, des guides fluviaux du comt\u00e9 d&#039;Oswego, de la F\u00e9d\u00e9ration des clubs de sports du comt\u00e9 d&#039;Oswego, des l\u00e9gislateurs du comt\u00e9 d&#039;Oswego, du maire du village de Pulaski, du l\u00e9gislateur du comt\u00e9 d&#039;Albion, de la ville superviseure de Redfield, de la Chambre de commerce de Pulaski\/Eastern Shore, du Comit\u00e9 des p\u00eacheries de la rivi\u00e8re Salmon et du ma\u00eetre d&#039;ouvrage.<\/p>\n<p>L&#039;am\u00e9nagement du pont Bennett assure un d\u00e9bit minimal continu de 20 pi\u00b3\/s du 1er juillet au 30 septembre et de 7 pi\u00b3\/s le reste de l&#039;ann\u00e9e dans le tron\u00e7on de d\u00e9rivation, avec des restrictions de rampe de retenue variant en fonction du d\u00e9bit entrant. L&#039;am\u00e9nagement de Lighthouse Hill est exploit\u00e9 selon un <span class='tooltipsall tooltip_post_id_5642 classtoolTips89'>courbe de r\u00e8gle<\/span> Afin de prot\u00e9ger et d&#039;am\u00e9liorer les ressources aquatiques, la qualit\u00e9 de l&#039;eau, les ressources halieutiques, les ressources esth\u00e9tiques et les ressources r\u00e9cr\u00e9atives, l&#039;am\u00e9nagement fournit un d\u00e9bit de 22 pi\u00b3\/s directement \u00e0 l&#039;\u00e9closerie de Salmon River.<\/p>\n<p>Les eaux situ\u00e9es dans le secteur du projet sont d\u00e9sign\u00e9es comme zone de p\u00eache en eaux froides propice \u00e0 la truite. Ces eaux sont particuli\u00e8rement adapt\u00e9es \u00e0 la p\u00eache et \u00e0 toutes autres utilisations, sauf comme source d&#039;approvisionnement en eau potable, \u00e0 des fins culinaires ou de transformation des aliments, et comme ressource principale pour les loisirs de contact. Le tron\u00e7on de la rivi\u00e8re est \u00e9galement class\u00e9 comme d\u00e9grad\u00e9 pour <span class='tooltipsall tooltip_post_id_5616 classtoolTips157'>PCB<\/span> et Mirex, s\u00e9diments contamin\u00e9s. Le NYSDEC a d\u00e9termin\u00e9 que le projet ne contribue pas \u00e0 cette d\u00e9gradation, ni ne la provoque.<\/p>\n<p>Le passage des poissons \u00e0 proximit\u00e9 du projet a toujours \u00e9t\u00e9 bloqu\u00e9 par les chutes naturelles de la rivi\u00e8re Salmon, hautes de 33 m\u00e8tres, situ\u00e9es \u00e0 environ 1,6 km en aval du pont Bennett. Les organismes de gestion des ressources n&#039;ont prescrit aucune installation de passage pour le projet. Des grilles \u00e0 d\u00e9chets sont install\u00e9es aux abords des projets Lighthouse Hill et Bennett&#039;s Bridge, avec des espacements respectifs de 2,5 cm et 3,8 cm.<\/p>\n<p>Les terres du projet sont principalement constitu\u00e9es de for\u00eats domaniales, d\u00e9tenues et g\u00e9r\u00e9es par l&#039;\u00c9tat de New York. Les retenues d&#039;eau du projet disposent de zones tampons d\u00e9di\u00e9es \u00e0 des fins de conservation.<\/p>\n<p><strong>PLUS-Standard:<\/strong> Gr\u00e2ce \u00e0 des efforts volontaires, le ma\u00eetre d&#039;ouvrage a collabor\u00e9 avec l&#039;\u00c9tat pour \u00e9laborer des pratiques d&#039;am\u00e9nagement du territoire compatibles avec les propri\u00e9t\u00e9s domaniales adjacentes. Un plan d&#039;am\u00e9nagement du territoire (LUMP) a \u00e9t\u00e9 \u00e9labor\u00e9 avec le NYSDEC. Il pr\u00e9voit des dispositions de gestion des berges et prot\u00e8ge les propri\u00e9t\u00e9s non am\u00e9nag\u00e9es de la zone. Le ma\u00eetre d&#039;ouvrage a \u00e9galement cr\u00e9\u00e9 et financ\u00e9 le Fonds de mise en valeur de la rivi\u00e8re Salmon, qui soutient les efforts d\u00e9ploy\u00e9s dans le cadre du LUMP pour la rivi\u00e8re Salmon.<\/p>\n<p>Parmi les esp\u00e8ces menac\u00e9es ou en voie de disparition potentiellement pr\u00e9sentes \u00e0 proximit\u00e9 du projet figurent le pygargue \u00e0 t\u00eate blanche, le gr\u00e8be \u00e0 bec bigarr\u00e9, le vespertilion nordique et la chauve-souris de l&#039;Indiana. Le pygargue \u00e0 t\u00eate blanche est une esp\u00e8ce de passage occasionnelle dans la zone, mais il n&#039;est pas affect\u00e9 par les op\u00e9rations du projet. Toute activit\u00e9 susceptible d&#039;avoir un impact sur les esp\u00e8ces r\u00e9pertori\u00e9es, comme l&#039;exploitation foresti\u00e8re, doit \u00eatre pr\u00e9alablement approuv\u00e9e et consult\u00e9e par l&#039;USFWS.<\/p>\n<p>Les ressources historiques du projet comprennent la centrale \u00e9lectrique, le barrage et le r\u00e9servoir tampon de Bennett&#039;s Bridge. Un plan de gestion des biens historiques a \u00e9t\u00e9 mis en \u0153uvre sur le site du projet et pr\u00e9voit la soumission de rapports annuels sur les activit\u00e9s men\u00e9es au Bureau de pr\u00e9servation historique de l&#039;\u00c9tat.<\/p>\n<p>Les ressources r\u00e9cr\u00e9atives du projet comprennent des aires de pique-nique, des acc\u00e8s \u00e0 la p\u00eache, des rampes de mise \u00e0 l&#039;eau, un camping, des panneaux d&#039;interpr\u00e9tation et des sentiers de randonn\u00e9e. De plus, le ma\u00eetre d&#039;ouvrage assure la mise \u00e0 l&#039;eau des bateaux en eau vive au moins cinq week-ends par an. Les d\u00e9bits d&#039;eau vive sont les suivants\u00a0: un week-end de juin\u00a0: 1\u00a0130\u00a0m\u00b3\/s\u00a0; deux week-ends de juillet\u00a0: 2\u00a0240\u00a0m\u00b3\/s\u00a0; le premier week-end complet d&#039;ao\u00fbt\u00a0: 2\u00a0240\u00a0m\u00b3\/s\u00a0; et le premier week-end de septembre\u00a0: 2\u00a0240\u00a0m\u00b3\/s. Les horaires de d\u00e9bit sont disponibles \u00e0 l&#039;adresse suivante\u00a0: <a href=\"https:\/\/safewaters.com\/facility\/lighthouse-hill\">https:\/\/safewaters.com\/facility\/lighthouse-hill<\/a>L&#039;acc\u00e8s public est gratuit.<\/p>\n<hr \/>\n<h3>\u00c9tat de conformit\u00e9<\/h3>\n<p><strong>Il n\u2019y a pas de conditions sp\u00e9cifiques \u00e0 l\u2019\u00e9tablissement dans le certificat actuel.<\/strong><\/p>\n<p><strong>2025:<\/strong> Aucun changement important ni probl\u00e8me de conformit\u00e9 n&#039;ont \u00e9t\u00e9 identifi\u00e9s. Le projet reste conforme sur la base de l&#039;examen annuel.<\/p>\n<p><strong>2024:<\/strong> Aucun changement important ni probl\u00e8me de conformit\u00e9 n&#039;ont \u00e9t\u00e9 identifi\u00e9s. Le projet reste conforme sur la base de l&#039;examen annuel.<\/p>\n<p><strong>2023:<\/strong> Aucun changement important ni probl\u00e8me de conformit\u00e9 n&#039;ont \u00e9t\u00e9 identifi\u00e9s. Le projet reste conforme sur la base de l&#039;examen annuel.<\/p>\n<p><strong>2022:<\/strong> Aucun changement important ni probl\u00e8me de conformit\u00e9 n&#039;ont \u00e9t\u00e9 identifi\u00e9s. Le projet reste conforme sur la base de l&#039;examen annuel.<\/p>\n<p><strong>2021:<\/strong> Le rapport annuel pour le certificat actuel n&#039;est pas encore entr\u00e9 en vigueur.<\/p>\n<hr \/>\n<h3>Historique des certifications<\/h3>\n<p><strong>9 mars 2022 : <\/strong>Le Low Impact Hydropower Institute a rendu sa d\u00e9cision finale concernant la recertification du projet Salmon River. Le d\u00e9lai d&#039;appel de 30 jours s&#039;est termin\u00e9 le 19 f\u00e9vrier 2022 et aucun appel n&#039;a \u00e9t\u00e9 d\u00e9pos\u00e9. Par cons\u00e9quent, la d\u00e9cision de recertifier le projet est d\u00e9sormais d\u00e9finitive. La nouvelle p\u00e9riode de validit\u00e9 est du 14 novembre 2021 au 13 novembre 2034, conform\u00e9ment \u00e0 la prolongation entr\u00e9e en vigueur le 1er janvier 2022 dans la r\u00e9vision 2.05 du manuel de certification (2e \u00e9dition) du LIHI.<\/p>\n<p><strong>20 janvier 2022 :<\/strong> Le Low Impact Hydropower Institute (LIHI) a approuv\u00e9 provisoirement le projet Salmon River pour une nouvelle p\u00e9riode de 13 ans de certification \u00e0 faible impact. Cette d\u00e9cision est provisoire, dans l&#039;attente d&#039;un d\u00e9lai d&#039;appel de 30 jours. Seuls les participants ayant comment\u00e9 la demande initiale pendant ce d\u00e9lai de 60 jours sont autoris\u00e9s \u00e0 d\u00e9poser un recours. Ce recours doit inclure une explication expliquant en quoi le projet ne r\u00e9pond pas aux crit\u00e8res du LIHI. Les demandes de recours peuvent \u00eatre soumises par courriel \u00e0 l&#039;adresse suivante\u00a0: <a href=\"#\">comments@lowimpacthydro.org<\/a> avec \u00ab\u00a0Projet Rivi\u00e8re Salmon\u00a0\u00bb en objet, ou par courrier adress\u00e9 au Low Impact Hydropower Institute, 1167 Massachusetts Ave, bureau 407, Arlington, MA 02476. Toutes les demandes seront publi\u00e9es sur le site web. Le demandeur aura la possibilit\u00e9 de r\u00e9pondre, et toute r\u00e9ponse sera \u00e9galement publi\u00e9e. <strong>Les demandes doivent \u00eatre re\u00e7ues avant 17 h, heure de l\u2019Est, le 19 f\u00e9vrier 2022.<\/strong> Le dossier complet et le rapport d&#039;\u00e9valuation sont disponibles ci-dessous. Si aucune demande d&#039;appel n&#039;est re\u00e7ue et que la d\u00e9cision devient d\u00e9finitive, la p\u00e9riode de certification du projet s&#039;\u00e9tendra du 14 novembre 2021 au 13 novembre 2034.<\/p>\n<p><strong>27 octobre 2021 :<\/strong> Le Low Impact Hydropower Institute (LIHI) a re\u00e7u une demande compl\u00e8te de recertification de la part d&#039;Erie Boulevard Hydropower, LP pour le projet Salmon River. Le LIHI sollicite des commentaires sur cette demande. Les commentaires directement li\u00e9s \u00e0 ses crit\u00e8res sp\u00e9cifiques (d\u00e9bits, qualit\u00e9 de l&#039;eau, etc.) <span class='tooltipsall tooltip_post_id_5566 classtoolTips59'>passage des poissons<\/span>, etc.) seront tr\u00e8s utiles, mais tous les commentaires seront pris en compte. Les commentaires peuvent \u00eatre envoy\u00e9s au LIHI par courrier \u00e9lectronique \u00e0 l&#039;adresse <a href=\"#\">comments@lowimpacthydro.org<\/a> avec \u00ab Commentaires sur le projet Salmon River \u00bb dans la ligne d&#039;objet, ou par courrier adress\u00e9 au Low Impact Hydropower Institute, 1167 Massachusetts Avenue, Bureau 407, Arlington, MA 02476. <strong>Les commentaires doivent \u00eatre re\u00e7us \u00e0 l\u2019Institut au plus tard \u00e0 17 heures, heure de l\u2019Est, le 26 d\u00e9cembre 2021 pour \u00eatre pris en compte. <\/strong>Tous les commentaires seront publi\u00e9s sur le site Web et le candidat aura la possibilit\u00e9 d&#039;y r\u00e9pondre. Toute r\u00e9ponse sera \u00e9galement publi\u00e9e. Le dossier de candidature complet se trouve ci-dessous.<\/p>\n<p><strong>8 d\u00e9cembre 2014 :<\/strong>\u00a0Le directeur ex\u00e9cutif, Michael J. Sale, a jug\u00e9 que le projet hydro\u00e9lectrique de la rivi\u00e8re Salmon (FERC n\u00b0 11408), certificat LIHI n\u00b0 20, satisfait aux exigences du programme de certification du Low Impact Hydropower Institute (LIHI). La certification du projet hydro\u00e9lectrique de la rivi\u00e8re Salmon est valable pour une dur\u00e9e de huit ans, \u00e0 compter du 14 novembre 2013 et jusqu&#039;au 14 novembre 2021.<\/p>\n<p><strong>18 novembre 2013 :<\/strong> Erie Boulevard Hydropower, LP a d\u00e9pos\u00e9 une demande de renouvellement de certification pour le projet Salmon River. En raison d&#039;un retard administratif, le certificat actuel a \u00e9t\u00e9 prolong\u00e9 de trois mois apr\u00e8s sa date d&#039;expiration, fix\u00e9e au 14 novembre 2013.<\/p>\n<p><strong>28 mars 2006 :<\/strong> Le projet hydro\u00e9lectrique de la rivi\u00e8re Salmon a \u00e9t\u00e9 certifi\u00e9 comme \u00e9tant \u00e0 faible impact pour une dur\u00e9e de huit ans, \u00e0 compter du 14 novembre 2005 et expirant le 14 novembre 2013.<\/p>\n<p><strong>14 novembre 2005 :<\/strong> Une demande de certification du projet hydro\u00e9lectrique de la rivi\u00e8re Salmon a \u00e9t\u00e9 d\u00e9pos\u00e9e.<\/p>\n<hr \/>\n<h3>Dossiers de certification<\/h3>\n<h4>Recertification 2021<\/h4>\n<ul style=\"color: black;\">\n<li><a href=\"https:\/\/lowimpacthydro.org\/wp-content\/uploads\/2022\/01\/Salmon-River-Stage-II-Recertification-Review-2021.pdf\"> Rapport d&#039;examen de recertification de la rivi\u00e8re Salmon 2021<\/a><\/li>\n<li><a href=\"https:\/\/lowimpacthydro.org\/wp-content\/uploads\/2021\/12\/Salmon-River-LIHI-Application_Stage-II_FINAL.pdf\"> Demande de recertification de la rivi\u00e8re Salmon 2021<\/a><\/li>\n<\/ul>\n<h4>Recertification 2013<\/h4>\n<ul style=\"color: black;\">\n<li><a href=\"https:\/\/lowimpacthydro.org\/wp-content\/uploads\/2020\/08\/Recertification-Review-FL.pdf\">Rapport d&#039;examen de recertification de la rivi\u00e8re Salmon<\/a><\/li>\n<li><a href=\"https:\/\/lowimpacthydro.org\/wp-content\/uploads\/2023\/05\/Salmon-River-LIHI-Questionnaire-2013.doc\">Questionnaire sur la rivi\u00e8re Salmon<\/a><\/li>\n<li><a href=\"https:\/\/lowimpacthydro.org\/wp-content\/uploads\/2020\/08\/Brookfield-Response-to-Petition-20131031.pdf\">R\u00e9ponse de Brookfield \u00e0 la p\u00e9tition 20131031<\/a><\/li>\n<li><a href=\"https:\/\/lowimpacthydro.org\/wp-content\/uploads\/2020\/08\/Pape-Salmon-River-Comments12212013.pdf\">Commentaires sur la rivi\u00e8re Pape Salmon 2013<\/a><\/li>\n<li><a href=\"https:\/\/lowimpacthydro.org\/wp-content\/uploads\/2020\/08\/ReservoirUsersPetition10182013.pdf\"><span class='tooltipsall tooltip_post_id_5633 classtoolTips103'>R\u00e9servoir<\/span> P\u00e9tition des utilisateurs 2013<\/a><\/li>\n<\/ul>\n<h4>Certification 2005<\/h4>\n<ul style=\"color: black;\">\n<li><a href=\"https:\/\/lowimpacthydro.org\/wp-content\/uploads\/2020\/08\/Salmon-River-Review-Report-2-06-revised-3-23-06.doc\">Rapport d&#039;examen de la certification de la rivi\u00e8re Salmon<\/a><\/li>\n<li><a href=\"https:\/\/lowimpacthydro.org\/wp-content\/uploads\/2020\/08\/Salmon-River-LIHI-Questionairre-11-14-05.pdf\">Questionnaire sur la rivi\u00e8re Salmon<\/a><\/li>\n<li><a href=\"https:\/\/lowimpacthydro.org\/wp-content\/uploads\/2020\/08\/NY-General-land-Use-Policy.pdf\">Politique g\u00e9n\u00e9rale d&#039;utilisation des terres de l&#039;\u00c9tat de New York<\/a><\/li>\n<\/ul>\n<hr \/>\n<h3>Documents cl\u00e9s<\/h3>\n<ul>\n<li><a href=\"https:\/\/lowimpacthydro.org\/wp-content\/uploads\/2023\/05\/FERC-License-EA-and-settlement-Salmon-River.pdf\">Licence FERC, \u00e9valuation environnementale et accord de r\u00e8glement pour la rivi\u00e8re Salmon<\/a><\/li>\n<li><a href=\"https:\/\/lowimpacthydro.org\/wp-content\/uploads\/2020\/08\/11408_Salmon_WQC.pdf\">Certificat de qualit\u00e9 de l&#039;eau de la rivi\u00e8re Salmon<\/a><\/li>\n<\/ul>","protected":false},"excerpt":{"rendered":"<p>Project Name Salmon River LIHI Certificate No. 20 LIHI Certificate Term November 14, 2021 &#8211; November 13, 2034 Owner Erie Boulevard Hydropower, LP, a subsidiary of<span class=\"excerpt-hellip\"> [\u2026]<\/span><\/p>\n","protected":false},"author":3,"featured_media":-1,"parent":0,"menu_order":0,"comment_status":"closed","ping_status":"closed","template":"","meta":{"_coblocks_attr":"","_coblocks_dimensions":"","_coblocks_responsive_height":"","_coblocks_accordion_ie_support":"","om_disable_all_campaigns":false,"_monsterinsights_skip_tracking":false,"_monsterinsights_sitenote_active":false,"_monsterinsights_sitenote_note":"","_monsterinsights_sitenote_category":0,"footnotes":""},"class_list":["post-2601","page","type-page","status-publish","has-post-thumbnail","hentry"],"aioseo_notices":[],"_links":{"self":[{"href":"https:\/\/lowimpacthydro.org\/fr\/wp-json\/wp\/v2\/pages\/2601","targetHints":{"allow":["GET"]}}],"collection":[{"href":"https:\/\/lowimpacthydro.org\/fr\/wp-json\/wp\/v2\/pages"}],"about":[{"href":"https:\/\/lowimpacthydro.org\/fr\/wp-json\/wp\/v2\/types\/page"}],"author":[{"embeddable":true,"href":"https:\/\/lowimpacthydro.org\/fr\/wp-json\/wp\/v2\/users\/3"}],"replies":[{"embeddable":true,"href":"https:\/\/lowimpacthydro.org\/fr\/wp-json\/wp\/v2\/comments?post=2601"}],"version-history":[{"count":15,"href":"https:\/\/lowimpacthydro.org\/fr\/wp-json\/wp\/v2\/pages\/2601\/revisions"}],"predecessor-version":[{"id":10155,"href":"https:\/\/lowimpacthydro.org\/fr\/wp-json\/wp\/v2\/pages\/2601\/revisions\/10155"}],"wp:featuredmedia":[{"embeddable":true,"href":"https:\/\/lowimpacthydro.org\/fr\/wp-json\/"}],"wp:attachment":[{"href":"https:\/\/lowimpacthydro.org\/fr\/wp-json\/wp\/v2\/media?parent=2601"}],"curies":[{"name":"wp","href":"https:\/\/api.w.org\/{rel}","templated":true}]}}