{"id":2469,"date":"2020-07-29T12:50:18","date_gmt":"2020-07-29T16:50:18","guid":{"rendered":"https:\/\/lowimpacthydro.org\/?page_id=2469"},"modified":"2026-03-12T13:34:23","modified_gmt":"2026-03-12T17:34:23","slug":"lihi-certificate-3-putnam-hydropower-project-connecticut","status":"publish","type":"page","link":"https:\/\/lowimpacthydro.org\/fr\/lihi-certificate-3-putnam-hydropower-project-connecticut\/","title":{"rendered":"Certificat LIHI #3 \u2013 Projet hydro\u00e9lectrique de Putnam, Connecticut"},"content":{"rendered":"<table class=\"alignright\" style=\"width: 351px; border: 2px; cellspacing: 2px; cellpadding: 2px; margin-left: 50px;\">\n<tbody>\n<tr>\n<td width=\"238\"><strong>Nom du projet<\/strong><\/td>\n<td width=\"234\">Putnam<\/td>\n<\/tr>\n<tr>\n<td width=\"238\"><strong>Num\u00e9ro de certificat LIHI<\/strong><\/td>\n<td width=\"234\">3<\/td>\n<\/tr>\n<tr>\n<td width=\"238\"><strong>Dur\u00e9e du certificat LIHI<\/strong><\/td>\n<td width=\"234\">10 avril 2017 \u2013 10 avril 2027<\/td>\n<\/tr>\n<tr>\n<td width=\"238\"><strong>Propri\u00e9taire<\/strong><\/td>\n<td width=\"234\">Putnam Hydropower Inc.<\/td>\n<\/tr>\n<tr>\n<td width=\"238\"><strong>\u00c9tat<\/strong><\/td>\n<td width=\"234\">Connecticut<\/td>\n<\/tr>\n<tr>\n<td width=\"238\"><strong>Emplacement<\/strong><\/td>\n<td width=\"234\">Situ\u00e9 au mille 38,4 de la rivi\u00e8re Quinebaug, dans le coin nord-est du Connecticut.<\/td>\n<\/tr>\n<tr>\n<td width=\"238\"><strong>Capacit\u00e9 install\u00e9e<\/strong><\/td>\n<td width=\"234\">0,6 MW<\/td>\n<\/tr>\n<tr>\n<td width=\"238\"><strong>G\u00e9n\u00e9ration annuelle moyenne<\/strong><\/td>\n<td width=\"234\">2 750 MWh<\/td>\n<\/tr>\n<tr>\n<td width=\"238\"><strong>Type d&#039;\u00e9tablissement<\/strong><\/td>\n<td width=\"234\"><span class='tooltipsall tooltip_post_id_5643 classtoolTips52'>Au fil de l&#039;eau<\/span><\/td>\n<\/tr>\n<tr>\n<td width=\"238\"><strong><span class='tooltipsall tooltip_post_id_5565 classtoolTips152'>F\u00e9d\u00e9ration internationale de radio-t\u00e9l\u00e9vision (FERC)<\/span> Non.<\/strong><\/td>\n<td width=\"234\">P-5645 exempt\u00e9 1982<\/td>\n<\/tr>\n<\/tbody>\n<\/table>\n<p>Le projet Putnam est situ\u00e9 dans le coin nord-est du Connecticut, dans la ville de Putnam, sur la rivi\u00e8re Quinebaug. <span class='tooltipsall tooltip_post_id_5545 classtoolTips158'>barrage<\/span> remonte \u00e0 l&#039;\u00e9poque d&#039;avant la guerre civile, vers 1830, et <span class='tooltipsall tooltip_post_id_5624 classtoolTips102'>centrale<\/span> Construit en 1919, le projet hydro\u00e9lectrique a \u00e9t\u00e9 mis en service en octobre 1987, apr\u00e8s une longue interruption et des travaux de r\u00e9novation. Il se situe entre le projet hydro\u00e9lectrique MSC en amont et celui des chutes Cargill en aval. Parmi les autres projets \u00e0 proximit\u00e9, on compte\u00a0: <a href=\"https:\/\/lowimpacthydro.org\/fr\/lihi-certificate-74-mechanicsville-hydro-connecticut\/\">Projet Mechanicsville (LIHI #74)<\/a> en amont sur la rivi\u00e8re des Fran\u00e7ais et la <a href=\"https:\/\/lowimpacthydro.org\/fr\/lihi-certificate-166-quinebaug-five-mile-pond-hydroelectric-project-connecticut\/\">D\u00e9veloppement de Quinebaug (partie de LIHI #166)<\/a> en aval sur la rivi\u00e8re Quinebaug Le projet comprend un barrage, une centrale \u00e9lectrique, <span class='tooltipsall tooltip_post_id_5651 classtoolTips116'>d\u00e9versoir<\/span>, et deux <span class='tooltipsall tooltip_post_id_5576 classtoolTips39'>Turbines Francis<\/span>.<\/p>\n<p>Le barrage, construit en blocs de pierre, mesure 4,4 m\u00e8tres de haut et 44,8 m\u00e8tres de long. La centrale \u00e9lectrique est situ\u00e9e sur le barrage ouest. <span class='tooltipsall tooltip_post_id_5514 classtoolTips118'>pilier<\/span> avec un ouvert <span class='tooltipsall tooltip_post_id_5574 classtoolTips146'>buse<\/span> qui achemine l&#039;eau vers deux turbines Francis identiques \u00e0 axe vertical. Aucun tron\u00e7on contourn\u00e9 n&#039;existe dans la zone du projet, la centrale \u00e9tant adjacente au barrage. Le projet est exploit\u00e9 dans un <span class='tooltipsall tooltip_post_id_5643 classtoolTips52'>au fil de l&#039;eau<\/span> et met en eau un r\u00e9servoir de 2 acres. Le projet pr\u00e9voit un d\u00e9bit minimal de 144 pi\u00b3\/s dans le tron\u00e7on aval de la rivi\u00e8re. Ce r\u00e9gime d&#039;\u00e9coulement a \u00e9t\u00e9 \u00e9labor\u00e9 en consultation avec le Service am\u00e9ricain de la p\u00eache et de la faune sauvage. L&#039;exploitation au fil de l&#039;eau est assur\u00e9e par un syst\u00e8me de gestion des eaux us\u00e9es. <span class='tooltipsall tooltip_post_id_5626 classtoolTips6'>contr\u00f4leur logique programmable<\/span> Syst\u00e8me assurant \u00e9galement un niveau de retenue stable. Les op\u00e9rations de lutte contre les inondations du Corps des ing\u00e9nieurs de l&#039;arm\u00e9e en amont \u00e0 West Thompson <span class='tooltipsall tooltip_post_id_5545 classtoolTips158'>Barrage<\/span> sur la rivi\u00e8re des Fran\u00e7ais r\u00e9gulent les d\u00e9bits de cette section de la rivi\u00e8re Quinebaug.<\/p>\n<p>Les eaux situ\u00e9es dans la zone du projet sont d\u00e9grad\u00e9es par la non-conformit\u00e9 aux usages r\u00e9cr\u00e9atifs primaires d\u00e9sign\u00e9s. Ce non-respect des normes de qualit\u00e9 de l&#039;eau est probablement d\u00fb aux rejets industriels et municipaux en amont, au ruissellement urbain et \u00e0 la r\u00e9gulation des d\u00e9bits par les autres installations hydro\u00e9lectriques, les barrages de contr\u00f4le des crues et <span class='tooltipsall tooltip_post_id_5541 classtoolTips5'>pr\u00e9l\u00e8vements d&#039;eau \u00e0 des fins de consommation<\/span>Les probl\u00e8mes de charge en nutriments et de pr\u00e9l\u00e8vement d&#039;eau ne sont pas caus\u00e9s par le projet, comme l&#039;a conclu le D\u00e9partement de l&#039;\u00e9nergie et de la protection de l&#039;environnement du Connecticut (CTDEEP).<\/p>\n<p>Historiquement, le saumon atlantique \u00e9tait pr\u00e9sent dans le bassin versant du projet. Cependant, la construction de barrages en aval a entra\u00een\u00e9 <span class='tooltipsall tooltip_post_id_5561 classtoolTips99'>extirp\u00e9<\/span> l&#039;esp\u00e8ce. De plus, aucun <span class='tooltipsall tooltip_post_id_5518 classtoolTips36'>poisson anadrome<\/span> Les esp\u00e8ces ont pu migrer en amont de la rivi\u00e8re jusqu&#039;\u00e0 la zone du projet gr\u00e2ce aux chutes Cargill en aval, des chutes naturelles qui emp\u00eachent l&#039;acc\u00e8s \u00e0 la zone du projet. Cependant, <span class='tooltipsall tooltip_post_id_5538 classtoolTips75'>catadrome<\/span> L&#039;anguille d&#039;Am\u00e9rique est pr\u00e9sente dans la zone du projet. Le ma\u00eetre d&#039;ouvrage a volontairement install\u00e9 un passage \u00e0 anguilles en amont et mis en place un r\u00e9gime d&#039;exploitation volontaire qui comprend l&#039;arr\u00eat de la production d&#039;\u00e9lectricit\u00e9 pendant les nuits pluvieuses entre le 1er septembre et le 15 novembre afin de favoriser le passage efficace des anguilles en aval. Les esp\u00e8ces de poissons r\u00e9sidentes comprennent le crapet arlequin, l&#039;achigan \u00e0 grande bouche, l&#039;achigan \u00e0 petite bouche, la carpe, le brochet maill\u00e9, l&#039;omble de fontaine, la truite brune, la truite arc-en-ciel, le m\u00e9n\u00e9 jaune, le crapet-soleil, le meunier noir et la barbotte brune.<\/p>\n<p>Le terrain du projet couvre moins d&#039;un acre. La zone environnante est urbanis\u00e9e et le rivage du r\u00e9servoir est escarp\u00e9 et rocheux, avec des murs aux abords. En raison de sa situation urbaine et de sa tr\u00e8s faible emprise au sol, il n&#039;existe aucune terre pr\u00e9sentant une valeur \u00e9cologique significative dans la zone du projet.<\/p>\n<p>Aucune esp\u00e8ce menac\u00e9e ou en voie de disparition n&#039;est potentiellement pr\u00e9sente \u00e0 proximit\u00e9 du projet. La consultation du CTDEEP a confirm\u00e9 l&#039;absence d&#039;esp\u00e8ces r\u00e9pertori\u00e9es, et il est peu probable que des esp\u00e8ces transitoires soient pr\u00e9sentes dans la zone du projet en raison de sa situation urbaine.<\/p>\n<p>Apr\u00e8s consultation avec le Bureau de pr\u00e9servation historique de l&#039;\u00c9tat, il a \u00e9t\u00e9 d\u00e9termin\u00e9 que le projet n&#039;a aucun impact sur les ressources culturelles ou historiques.<\/p>\n<p>Les ressources r\u00e9cr\u00e9atives du projet comprennent un acc\u00e8s informel \u00e0 la p\u00eache. La zone du projet est tr\u00e8s petite et entour\u00e9e de zones urbanis\u00e9es. L&#039;acc\u00e8s public est gratuit.<\/p>\n<hr \/>\n<h3>\u00c9tat de conformit\u00e9<\/h3>\n<p><strong>Il n&#039;existe aucune condition sp\u00e9cifique \u00e0 l&#039;\u00e9tablissement dans le certificat actuel<\/strong><\/p>\n<p><strong>2026:<\/strong> Aucun changement important ni probl\u00e8me de conformit\u00e9 n&#039;ont \u00e9t\u00e9 identifi\u00e9s. Le projet reste conforme sur la base de l&#039;examen annuel.<\/p>\n<p><strong>2025:<\/strong> Aucun changement important ni probl\u00e8me de conformit\u00e9 n&#039;ont \u00e9t\u00e9 identifi\u00e9s. Le projet reste conforme sur la base de l&#039;examen annuel.<\/p>\n<p><strong>2024:<\/strong> Aucun changement important ni probl\u00e8me de conformit\u00e9 n&#039;ont \u00e9t\u00e9 identifi\u00e9s. Le projet reste conforme sur la base de l&#039;examen annuel.<\/p>\n<p><strong>2023:<\/strong> Aucun changement important ni probl\u00e8me de conformit\u00e9 n&#039;ont \u00e9t\u00e9 identifi\u00e9s. Le projet reste conforme sur la base de l&#039;examen annuel.<\/p>\n<p><strong>2022:<\/strong> Aucun changement important ni probl\u00e8me de conformit\u00e9 n&#039;ont \u00e9t\u00e9 identifi\u00e9s. Le projet reste conforme sur la base de l&#039;examen annuel.<\/p>\n<p><strong>2021:<\/strong> Aucun changement ni probl\u00e8me de conformit\u00e9 n&#039;a \u00e9t\u00e9 signal\u00e9. Le projet reste conforme sur la base de l&#039;examen annuel.<\/p>\n<p><strong>2020:<\/strong> Aucun changement ni probl\u00e8me de conformit\u00e9 n&#039;a \u00e9t\u00e9 signal\u00e9. Le projet reste conforme sur la base de l&#039;examen annuel.<\/p>\n<p><strong>2019:<\/strong> Aucun changement ni probl\u00e8me de conformit\u00e9 n&#039;a \u00e9t\u00e9 signal\u00e9. Le projet reste conforme sur la base de l&#039;examen annuel.<\/p>\n<p><strong>2018:<\/strong> Aucun changement ni probl\u00e8me de conformit\u00e9 n&#039;a \u00e9t\u00e9 signal\u00e9. Le projet reste conforme sur la base de l&#039;examen annuel.<\/p>\n<p><strong>2017:<\/strong> Le rapport annuel pour le certificat actuel n\u2019est pas encore entr\u00e9 en vigueur.<\/p>\n<hr \/>\n<h3>Historique des certifications<\/h3>\n<p><strong>1er janvier 2022 :<\/strong> La dur\u00e9e du certificat LIHI a \u00e9t\u00e9 prolong\u00e9e conform\u00e9ment \u00e0 la r\u00e9vision 2.05 du manuel de certification LIHI 2e \u00e9dition publi\u00e9 le 1er janvier 2022. Reportez-vous au tableau des \u00e9tablissements ci-dessus pour conna\u00eetre la nouvelle dur\u00e9e.<\/p>\n<p><strong>21 juin 2017 :<\/strong>\u00a0N&#039;ayant re\u00e7u aucune demande d&#039;appel de la d\u00e9cision de certification pr\u00e9liminaire pour le projet hydro\u00e9lectrique Putnam, le projet a re\u00e7u la certification finale le 17 juin 2017.<\/p>\n<p><strong>17 mai 2017 :<\/strong> Le Low Impact Hydropower Institute a rendu une d\u00e9cision de certification pr\u00e9liminaire selon laquelle le projet hydro\u00e9lectrique de Putnam (FERC n\u00b0 P-5645) continue de satisfaire aux crit\u00e8res de certification du LIHI. Conform\u00e9ment \u00e0 la section 4.2.5 du LIHI 2,<sup>nd<\/sup> Le manuel de l&#039;\u00e9dition, la d\u00e9cision pr\u00e9liminaire de certification, ainsi que le rapport de l&#039;examinateur de la demande et (le cas \u00e9ch\u00e9ant) celui du directeur g\u00e9n\u00e9ral, seront publi\u00e9s sur le site web de l&#039;Institut pendant 30 jours. Un avis de publication sera envoy\u00e9 \u00e0 toutes les personnes ou organisations ayant comment\u00e9 le dossier de demande initial. Tout commentateur peut adresser une lettre au directeur g\u00e9n\u00e9ral pour demander un appel dans ce d\u00e9lai de 30 jours. La demande d&#039;appel doit pr\u00e9ciser les raisons pour lesquelles l&#039;installation hydro\u00e9lectrique aurait d\u00fb \u00e9chouer \u00e0 un ou plusieurs crit\u00e8res. Seules les personnes ou organisations ayant comment\u00e9 le dossier de demande initial peuvent d\u00e9poser un appel. De plus amples informations sur la proc\u00e9dure d&#039;appel du LIHI sont disponibles dans le manuel du LIHI, \u00e0 l&#039;adresse suivante\u00a0: <a href=\"https:\/\/lowimpacthydro.org\/fr\/certification-program-html\/\">https:\/\/lowimpacthydro.org\/certification-program-html\/<\/a>Si aucun appel n&#039;est interjet\u00e9 dans le d\u00e9lai de 30 jours, le directeur ex\u00e9cutif d\u00e9livrera la certification LIHI pour l&#039;\u00e9tablissement et publiera un avis de certification sur le site web de l&#039;Institut. Une fois la certification d\u00e9finitive, la date d&#039;entr\u00e9e en vigueur du projet Putnam est le 10 avril 2017, pour une dur\u00e9e de cinq (5) ans, qui expirera le 10 avril 2022.<\/p>\n<p><strong>13 mars 2017 :<\/strong> Le Low Impact Hydropower Institute a re\u00e7u une demande compl\u00e8te de nouvelle certification \u00e0 faible impact pour le projet hydro\u00e9lectrique de Putnam. Les documents de candidature sont disponibles dans la section \u00ab\u00a0Fichiers\u00a0\u00bb ci-dessous. Le LIHI sollicite les commentaires du public sur cette demande. Plus pr\u00e9cis\u00e9ment, nous souhaitons savoir si, selon vous, le projet Putnam r\u00e9pond aux crit\u00e8res de certification \u00e0 faible impact du LIHI, tels que r\u00e9vis\u00e9s dans la 2e \u00e9dition du manuel publi\u00e9 en mars 2016. Veuillez consulter le programme et les crit\u00e8res dans la version r\u00e9vis\u00e9e du LIHI.\u00a0<a href=\"https:\/\/lowimpacthydro.org\/wp-content\/uploads\/2014\/08\/2nd-edition-handbook-20160307-FINAL-CLEAN.pdf\" target=\"_blank\" rel=\"noopener noreferrer\">Manuel <\/a>et examinez ensuite les documents de candidature 2016 du projet publi\u00e9s sur la page du projet. Les commentaires directement li\u00e9s \u00e0 des crit\u00e8res LIHI sp\u00e9cifiques (d\u00e9bits, qualit\u00e9 de l&#039;eau, <span class='tooltipsall tooltip_post_id_5566 classtoolTips59'>passage des poissons<\/span>, etc.) seront tr\u00e8s utiles, mais tous les commentaires seront pris en compte. Les commentaires peuvent \u00eatre soumis \u00e0 l&#039;Institut par courrier \u00e9lectronique \u00e0 l&#039;adresse <a href=\"mailto:comments@lowimpacthydro.org\" target=\"_blank\" rel=\"noopener noreferrer\" data-cke-saved-href=\"mailto:dhall@lowimpacthydro.org?subject=Raquette%20Project%20Comments\">comments@lowimpacthydro.org<\/a>\u00a0avec \u00ab Commentaires sur le projet Putnam \u00bb dans la ligne d&#039;objet, ou par courrier adress\u00e9 au Low Impact Hydropower Institute, PO Box 194, Harrington Park, New Jersey 07640.\u00a0 <strong>Les commentaires doivent \u00eatre re\u00e7us \u00e0 l&#039;Institut au plus tard \u00e0 17 heures, heure de l&#039;Est, le 12 mai 2017.<\/strong>\u00a0\u00e0 prendre en consid\u00e9ration. Tous les commentaires seront publi\u00e9s sur le site Web et le candidat aura la possibilit\u00e9 d&#039;y r\u00e9pondre. Toute r\u00e9ponse sera \u00e9galement publi\u00e9e.<\/p>\n<p><strong>1er mars 2017 :<\/strong>\u00a0Le projet hydro\u00e9lectrique Putnam a obtenu une prolongation de la dur\u00e9e actuelle du certificat. La nouvelle date d&#039;expiration est le 30 juin 2017. Voir la lettre de prolongation pour plus d&#039;explications ci-dessous.<\/p>\n<p><strong>9 ao\u00fbt 2012 :<\/strong> Le projet hydro\u00e9lectrique de Putnam a \u00e9t\u00e9 certifi\u00e9 pour un troisi\u00e8me mandat de cinq ans, \u00e0 compter du 10 avril 2012 et expirant le 10 avril 2017.<\/p>\n<p><strong>10 avril 2007 :<\/strong> Le projet hydro\u00e9lectrique de Putnam continue de r\u00e9pondre aux crit\u00e8res de certification du LIHI et a \u00e9t\u00e9 certifi\u00e9 pour une deuxi\u00e8me p\u00e9riode de cinq ans, \u00e0 compter du 10 avril 2007 et expirant le 10 avril 2012.<\/p>\n<p><strong>10 avril 2002 :<\/strong> Le projet hydro\u00e9lectrique de Putnam est le premier barrage hydro\u00e9lectrique de Nouvelle-Angleterre \u00e0 obtenir la certification \u00ab\u00a0faible impact\u00a0\u00bb, r\u00e9pondant ainsi \u00e0 tous les crit\u00e8res environnementaux rigoureux du LIHI. Cette certification est entr\u00e9e en vigueur le 10 avril 2002 pour une dur\u00e9e de cinq ans, expirant le 10 avril 2007.<\/p>\n<hr \/>\n<h3>Dossiers de certification<\/h3>\n<h4>Recertification 2017<\/h4>\n<ul style=\"color: black;\">\n<li><a href=\"https:\/\/lowimpacthydro.org\/wp-content\/uploads\/2020\/07\/Putnam-Recert.-Stage-II-Review_FINAL-5-9-17mjs.pdf\">Rapport d&#039;examen de recertification Putnam 2017<\/a><\/li>\n<li><a href=\"https:\/\/lowimpacthydro.org\/wp-content\/uploads\/2020\/07\/Putnam-Recertification-stage-1-application-12-29-16.pdf\">Demande de recertification Putnam 2016<\/a><\/li>\n<\/ul>\n<h4>Recertification 2012<\/h4>\n<ul style=\"color: black;\">\n<li><a href=\"https:\/\/lowimpacthydro.org\/wp-content\/uploads\/2020\/07\/LIHI-Questionnaire1.doc\">Questionnaire de recertification Putnam 2012<\/a><\/li>\n<li><a href=\"https:\/\/lowimpacthydro.org\/wp-content\/uploads\/2020\/07\/Putnam-Recertification-Report_072012_Rev1.pdf\">Rapport d&#039;examen de recertification Putnam 2012<\/a><\/li>\n<\/ul>\n<h4>Recertification 2007<\/h4>\n<ul style=\"color: black;\">\n<li><a href=\"https:\/\/lowimpacthydro.org\/wp-content\/uploads\/2020\/07\/Recert-App-Putnam-February-08-2007.pdf\">Demande de recertification Putnam 2007<\/a><\/li>\n<li><a href=\"https:\/\/lowimpacthydro.org\/wp-content\/uploads\/2020\/07\/ReCertification-letter-5-1-07.doc\">Lettre de recertification Putnam 2007<\/a><\/li>\n<\/ul>\n<h4>Certification 2002<\/h4>\n<ul style=\"color: black;\">\n<li><a href=\"https:\/\/lowimpacthydro.org\/wp-content\/uploads\/2020\/07\/Application-Reviewer-report.pdf\">Rapport d&#039;examen de la certification Putnam<\/a><\/li>\n<li><a href=\"https:\/\/lowimpacthydro.org\/wp-content\/uploads\/2020\/07\/LIHI-Questionnaire1.pdf\">Questionnaire de certification Putnam<\/a><\/li>\n<\/ul>\n<hr \/>\n<h3>Documents cl\u00e9s<\/h3>\n<ul>\n<li><a href=\"https:\/\/lowimpacthydro.org\/wp-content\/uploads\/2023\/05\/FERC-exemption-Putnam.pdf\">Putnam FERC <span class='tooltipsall tooltip_post_id_5562 classtoolTips113'>Exemption<\/span><\/a><\/li>\n<\/ul>","protected":false},"excerpt":{"rendered":"<p>Project Name Putnam LIHI Certificate No. 3 LIHI Certificate Term April 10, 2017 &#8211; April 10, 2027 Owner Putnam Hydropower Inc. State Connecticut Location Located at<span class=\"excerpt-hellip\"> [\u2026]<\/span><\/p>\n","protected":false},"author":3,"featured_media":-1,"parent":0,"menu_order":0,"comment_status":"closed","ping_status":"closed","template":"","meta":{"_coblocks_attr":"","_coblocks_dimensions":"","_coblocks_responsive_height":"","_coblocks_accordion_ie_support":"","om_disable_all_campaigns":false,"_monsterinsights_skip_tracking":false,"_monsterinsights_sitenote_active":false,"_monsterinsights_sitenote_note":"","_monsterinsights_sitenote_category":0,"footnotes":""},"class_list":["post-2469","page","type-page","status-publish","has-post-thumbnail","hentry"],"aioseo_notices":[],"_links":{"self":[{"href":"https:\/\/lowimpacthydro.org\/fr\/wp-json\/wp\/v2\/pages\/2469","targetHints":{"allow":["GET"]}}],"collection":[{"href":"https:\/\/lowimpacthydro.org\/fr\/wp-json\/wp\/v2\/pages"}],"about":[{"href":"https:\/\/lowimpacthydro.org\/fr\/wp-json\/wp\/v2\/types\/page"}],"author":[{"embeddable":true,"href":"https:\/\/lowimpacthydro.org\/fr\/wp-json\/wp\/v2\/users\/3"}],"replies":[{"embeddable":true,"href":"https:\/\/lowimpacthydro.org\/fr\/wp-json\/wp\/v2\/comments?post=2469"}],"version-history":[{"count":14,"href":"https:\/\/lowimpacthydro.org\/fr\/wp-json\/wp\/v2\/pages\/2469\/revisions"}],"predecessor-version":[{"id":10418,"href":"https:\/\/lowimpacthydro.org\/fr\/wp-json\/wp\/v2\/pages\/2469\/revisions\/10418"}],"wp:featuredmedia":[{"embeddable":true,"href":"https:\/\/lowimpacthydro.org\/fr\/wp-json\/"}],"wp:attachment":[{"href":"https:\/\/lowimpacthydro.org\/fr\/wp-json\/wp\/v2\/media?parent=2469"}],"curies":[{"name":"wp","href":"https:\/\/api.w.org\/{rel}","templated":true}]}}