{"id":2413,"date":"2020-07-29T11:58:59","date_gmt":"2020-07-29T15:58:59","guid":{"rendered":"https:\/\/lowimpacthydro.org\/?page_id=2413"},"modified":"2026-04-09T12:29:20","modified_gmt":"2026-04-09T16:29:20","slug":"lihi-certificate-8-nisqually-project-washington","status":"publish","type":"page","link":"https:\/\/lowimpacthydro.org\/fr\/lihi-certificate-8-nisqually-project-washington\/","title":{"rendered":"Certificat LIHI # 8 \u2013 Projet Nisqually, Washington"},"content":{"rendered":"<table class=\"alignright\" style=\"width: 351px; border: 2px; cellspacing: 2px; cellpadding: 2px; margin-left: 50px;\">\n<tbody>\n<tr>\n<td style=\"width: 42.4779%;\" width=\"238\"><strong>Nom du projet<\/strong><\/td>\n<td style=\"width: 55.7522%;\" width=\"246\">Nisqually<\/td>\n<\/tr>\n<tr>\n<td style=\"width: 42.4779%;\" width=\"238\"><strong>Num\u00e9ro de certificat LIHI<\/strong><\/td>\n<td style=\"width: 55.7522%;\" width=\"246\">8<\/td>\n<\/tr>\n<tr>\n<td style=\"width: 42.4779%;\" width=\"238\"><strong>Dur\u00e9e du certificat LIHI<\/strong><\/td>\n<td style=\"width: 55.7522%;\" width=\"246\">15 avril 2018 \u2013 14 avril 2028<\/td>\n<\/tr>\n<tr>\n<td style=\"width: 42.4779%;\" width=\"238\"><strong>Propri\u00e9taire<\/strong><\/td>\n<td style=\"width: 55.7522%;\" width=\"246\">Ville de Tacoma<\/td>\n<\/tr>\n<tr>\n<td style=\"width: 42.4779%;\" width=\"238\"><strong>\u00c9tat<\/strong><\/td>\n<td style=\"width: 55.7522%;\" width=\"246\">Washington<\/td>\n<\/tr>\n<tr>\n<td style=\"width: 42.4779%;\" width=\"238\"><strong>Emplacement<\/strong><\/td>\n<td style=\"width: 55.7522%;\" width=\"246\">Situ\u00e9 entre les milles 42,5 et 44,2 sur la rivi\u00e8re Nisqually dans les comt\u00e9s de Pierce, Thurston et Lewis, Washington.<\/td>\n<\/tr>\n<tr>\n<td style=\"width: 42.4779%;\" width=\"238\"><strong>Capacit\u00e9 install\u00e9e<\/strong><\/td>\n<td style=\"width: 55.7522%;\" width=\"246\"><strong>Total : 116,6 MW<\/strong><br \/>\nAulne : 52,6 MW<br \/>\nLaGrande : 64 MW<\/td>\n<\/tr>\n<tr>\n<td style=\"width: 42.4779%;\" width=\"238\"><strong>G\u00e9n\u00e9ration annuelle moyenne<\/strong><\/td>\n<td style=\"width: 55.7522%;\" width=\"246\"><strong>Total : 530 851 MWh<\/strong><\/p>\n<p>Aulne : 202 660 MWh<br \/>\nLaGrande : 328 191 MWh<\/td>\n<\/tr>\n<tr>\n<td style=\"width: 42.4779%;\" width=\"238\"><strong>Type d&#039;\u00e9tablissement<\/strong><\/td>\n<td style=\"width: 55.7522%;\" width=\"246\">LaGrande : <span class='tooltipsall tooltip_post_id_5643 classtoolTips52'>Au fil de l&#039;eau<\/span><br \/>\nAulne: <span class='tooltipsall tooltip_post_id_5617 classtoolTips132'>Point culminant<\/span><\/td>\n<\/tr>\n<tr>\n<td style=\"width: 42.4779%;\" width=\"238\"><strong><span class='tooltipsall tooltip_post_id_5565 classtoolTips152'>F\u00e9d\u00e9ration internationale de radio-t\u00e9l\u00e9vision (FERC)<\/span> Non.<\/strong><\/td>\n<td style=\"width: 55.7522%;\" width=\"246\">P-1862 d\u00e9livr\u00e9 en 1997, expire le 28\/02\/2037<\/td>\n<\/tr>\n<\/tbody>\n<\/table>\n<p>Le projet Nisqually est situ\u00e9 sur la rivi\u00e8re Nisqually, dans le sud-ouest de l&#039;\u00c9tat de Washington, et s&#039;\u00e9tend sur trois comt\u00e9s\u00a0: Pierce, Thurston et Lewis. La rivi\u00e8re Nisqually prend sa source dans le glacier Nisqually, sur le mont Rainier, et coule sur environ 130\u00a0km vers l&#039;ouest jusqu&#039;au Puget Sound. Le projet est partiellement situ\u00e9 dans la for\u00eat nationale du mont Baker-Snoqualmie. Il comprend deux installations\u00a0: le projet LaGrande et le projet Alder. <span class='tooltipsall tooltip_post_id_5545 classtoolTips158'>Barrage<\/span> Le d\u00e9veloppement de LaGrande a \u00e9t\u00e9 achev\u00e9 et a commenc\u00e9 \u00e0 fonctionner en 1912 et le barrage Alder a \u00e9t\u00e9 achev\u00e9 et a commenc\u00e9 \u00e0 fonctionner en 1945.<\/p>\n<p>Le ma\u00eetre d&#039;ouvrage entretient une collaboration active avec les agences \u00e9tatiques et f\u00e9d\u00e9rales, ainsi qu&#039;avec la tribu Nisqually, pour la gestion de la rivi\u00e8re Nisqually. En 1978, le Comit\u00e9 de coordination de la rivi\u00e8re Nisqually (NRCC) a \u00e9t\u00e9 cr\u00e9\u00e9. Ce comit\u00e9 est compos\u00e9 de la ville de Centralia, de la tribu Nisqually, du D\u00e9partement de la p\u00eache et de la faune de l&#039;\u00c9tat de Washington (WDFW), du Service national des p\u00eaches maritimes (NMFS) et du Service am\u00e9ricain de la p\u00eache et de la faune sauvage (USFWS). Le ma\u00eetre d&#039;ouvrage consulte r\u00e9guli\u00e8rement le NRCC dans le cadre de la mise en \u0153uvre de sa licence FERC actuelle.<\/p>\n<p>Le projet comprend deux installations hydro\u00e9lectriques. Chaque installation comprend une <span class='tooltipsall tooltip_post_id_5545 classtoolTips158'>barrage<\/span>, r\u00e9servoir, conduite d&#039;\u00e9coulement, <span class='tooltipsall tooltip_post_id_5624 classtoolTips102'>centrale<\/span>, et un poste de commutation de transmission d&#039;\u00e9nergie associ\u00e9.<\/p>\n<p>L&#039;installation d&#039;Alder comprend un barrage-vo\u00fbte en b\u00e9ton de 87 m\u00e8tres de haut qui retient le lac Alder, un r\u00e9servoir de stockage de 12 kilom\u00e8tres de long et d&#039;une superficie maximale de 12\u00a0200 hectares. Adjacent au barrage principal se trouve un barrage en b\u00e9ton arm\u00e9. <span class='tooltipsall tooltip_post_id_5651 classtoolTips116'>d\u00e9versoir<\/span> Canal d&#039;une capacit\u00e9 de d\u00e9bit totale de 80\u00a0000 pieds cubes par seconde (pi\u00b3\/s). La centrale d&#039;Alder est situ\u00e9e au pied du barrage. Elle comprend deux groupes \u00e9lectrog\u00e8nes d&#039;une puissance install\u00e9e de 52,6 MW.<\/p>\n<p>L&#039;installation de LaGrande se compose d&#039;un b\u00e2timent en b\u00e9ton de 192 pieds de haut <span class='tooltipsall tooltip_post_id_5580 classtoolTips81'>barrage-poids<\/span> Mise en eau du r\u00e9servoir LaGrande, d&#039;une superficie de 18 hectares. Ce r\u00e9servoir est situ\u00e9 dans un canyon profond et escarp\u00e9, s&#039;\u00e9tendant sur 2,4 km jusqu&#039;\u00e0 la base du barrage Alder. Le barrage LaGrande est dot\u00e9 d&#039;un grand d\u00e9versoir en b\u00e9ton arm\u00e9 d&#039;une capacit\u00e9 de 2\u00a0280 m\u00b3\/s.<\/p>\n<p>Le barrage d\u00e9tourne les flux dans un tunnel souterrain de 6 400 pieds de long, qui se termine par une structure en acier. <span class='tooltipsall tooltip_post_id_5619 classtoolTips124'>conduite forc\u00e9e<\/span> conduisant \u00e0 une structure multiple desservant cinq individus <span class='tooltipsall tooltip_post_id_5619 classtoolTips124'>conduites forc\u00e9es<\/span> pour chacune des cinq unit\u00e9s de production de la centrale de LaGrande. La puissance install\u00e9e totale est de 64 MW. Le tron\u00e7on contourn\u00e9 de LaGrande, long de 2,7 km, est situ\u00e9 dans une gorge profonde entre le barrage de LaGrande et la centrale.<\/p>\n<p>Les d\u00e9veloppements du projet fonctionnent selon des modes distincts. L&#039;installation d&#039;Alder fonctionne comme <span class='tooltipsall tooltip_post_id_5617 classtoolTips132'>culminant<\/span> projet et l&#039;installation de LaGrande fonctionne dans un <span class='tooltipsall tooltip_post_id_5643 classtoolTips52'>au fil de l&#039;eau<\/span> Mode de fonctionnement, qui laisse passer tous les apports du bassin d&#039;Alder. L&#039;installation d&#039;Alder assure \u00e9galement le stockage des eaux pour soutenir les d\u00e9bits critiques de fin d&#039;\u00e9t\u00e9 dans les tron\u00e7ons aval. De plus, les d\u00e9bits de l&#039;installation de LaGrande augmentent la temp\u00e9rature de l&#039;eau pour soutenir les salmonid\u00e9s du tron\u00e7on aval en puisant l&#039;eau froide des profondeurs du bassin de LaGrande. Le projet fournit un d\u00e9bit continu de 30 pi\u00b3\/s dans le tron\u00e7on contourn\u00e9 afin d&#039;am\u00e9liorer l&#039;habitat de croissance et de frai des salmonid\u00e9s. Ce r\u00e9gime d&#039;\u00e9coulement a \u00e9t\u00e9 \u00e9labor\u00e9 par le NRCC pour am\u00e9liorer les d\u00e9bits fluviaux et l&#039;habitat aquatique.<\/p>\n<p>Les eaux situ\u00e9es dans le p\u00e9rim\u00e8tre du projet sont d\u00e9sign\u00e9es comme propices \u00e0 toutes les utilisations de la vie aquatique, aux loisirs de contact primaire, \u00e0 l&#039;approvisionnement en eau et \u00e0 l&#039;esth\u00e9tique. L&#039;embouchure de la rivi\u00e8re Nisqually est class\u00e9e comme alt\u00e9r\u00e9e en raison de la hausse de la temp\u00e9rature de l&#039;eau. Le D\u00e9partement de l&#039;\u00c9cologie de l&#039;\u00c9tat de Washington a conclu que le projet ne contribuait pas \u00e0 cette alt\u00e9ration, car les retenues profondes contribuent \u00e0 alimenter en eau fra\u00eeche les tron\u00e7ons en aval affect\u00e9s. M\u00eame en cas de faible enneigement, le projet permet d&#039;att\u00e9nuer les risques d&#039;augmentation de la temp\u00e9rature de l&#039;eau gr\u00e2ce aux rejets d&#039;eau fra\u00eeche du bassin d&#039;Alder. Cela offre un habitat propice aux salmonid\u00e9s et autres esp\u00e8ces aquatiques qui, autrement, pourraient \u00eatre affect\u00e9s par la hausse de la temp\u00e9rature de l&#039;eau. Cette att\u00e9nuation a \u00e9t\u00e9 dict\u00e9e par le NRCC, qui s&#039;est r\u00e9uni fr\u00e9quemment en 2015-2016 pour assurer une gestion ad\u00e9quate de la qualit\u00e9 de l&#039;eau.<\/p>\n<p>Historiquement, plusieurs obstacles naturels dans la rivi\u00e8re ont emp\u00each\u00e9 les esp\u00e8ces de poissons migrateurs d&#039;acc\u00e9der au passage en amont. Ces obstacles sont principalement des chutes et des cascades naturelles qui emp\u00eachent l&#039;acc\u00e8s aux tron\u00e7ons amont du projet. Des \u00e9tudes men\u00e9es par le WDFW et le NRCC ont conclu que la raret\u00e9 des habitats propices et la pr\u00e9sence d&#039;obstacles naturels limitent le besoin d&#039;installations de passage en amont. De m\u00eame, le passage en aval est bloqu\u00e9 par des obstacles naturels et des populations de poissons distinctes sont pr\u00e9sentes en amont et en aval du projet. Les esp\u00e8ces pr\u00e9sentes en aval du projet b\u00e9n\u00e9ficient de l&#039;augmentation des d\u00e9bits due au projet, et les mesures d&#039;att\u00e9nuation des temp\u00e9ratures \u00e9voqu\u00e9es pr\u00e9c\u00e9demment contribuent \u00e0 soutenir les populations de poissons et leur habitat. Les esp\u00e8ces pr\u00e9sentes en aval comprennent le saumon quinnat, le saumon coho et le saumon rose, la truite arc-en-ciel et la truite fard\u00e9e. Les esp\u00e8ces pr\u00e9sentes dans le bassin de retenue d&#039;Alder comprennent le kokani, la truite arc-en-ciel, la truite fard\u00e9e, l&#039;achigan \u00e0 grande bouche et l&#039;achigan \u00e0 petite bouche, la perchaude, la marigane noire et blanche et la barbue de rivi\u00e8re.<\/p>\n<p>Le terrain du projet s&#039;\u00e9tend sur environ 7\u00a0600 acres. Il comprend plus de 3\u00a0350 acres acquis et r\u00e9serv\u00e9s par le ma\u00eetre d&#039;ouvrage, d\u00e9sign\u00e9 comme zone de gestion de la faune de Nisqually. Un plan de gestion de la faune a \u00e9t\u00e9 \u00e9labor\u00e9 en consultation avec le WDFW, l&#039;USFWS et la tribu Nisqually afin de prot\u00e9ger, att\u00e9nuer et am\u00e9liorer le littoral autour du projet. Ce plan comprend la description des parcelles de la zone de gestion, des prescriptions pour la gestion de l&#039;habitat faunique, le suivi et l&#039;\u00e9valuation de l&#039;efficacit\u00e9 des mesures, ainsi qu&#039;un calendrier de r\u00e9vision et de mise en \u0153uvre. Chaque ann\u00e9e, le ma\u00eetre d&#039;ouvrage pr\u00e9pare un rapport annuel pr\u00e9sentant l&#039;\u00e9tat d&#039;avancement des mesures et des activit\u00e9s du plan r\u00e9alis\u00e9es au cours de l&#039;ann\u00e9e pr\u00e9c\u00e9dente. Le ma\u00eetre d&#039;ouvrage s&#039;associe au South Puget Sound Salmon Enhancement Group et \u00e0 la tribu indienne Nisqually pour fournir gratuitement des d\u00e9bris ligneux de grande taille (DLG) issus des op\u00e9rations de nettoyage des r\u00e9servoirs, afin de contribuer aux projets de restauration de la rivi\u00e8re Mashel et du ruisseau Ohop, deux importants affluents \u00e0 saumon de la rivi\u00e8re Nisqually inf\u00e9rieure, en aval du projet. Le propri\u00e9taire du projet s&#039;associe \u00e9galement \u00e0 la tribu indienne Nisqually en finan\u00e7ant des plantations de conif\u00e8res sur 87 acres de <span class='tooltipsall tooltip_post_id_5635 classtoolTips115'>riverain<\/span> Habitat sur les terres fauniques. Les plantations couvrent environ 6 hectares par an pendant six ans. Elles devraient constituer une future source de recrutement de DLT dans la rivi\u00e8re Nisqually afin de contribuer au maintien et \u00e0 l&#039;am\u00e9lioration de l&#039;habitat des poissons. En grandissant et en m\u00fbrissant, ces plantations de sous-bois de conif\u00e8res accroissent \u00e9galement la diversit\u00e9 des habitats, ce qui profite \u00e0 long terme \u00e0 diverses esp\u00e8ces terrestres.<\/p>\n<p>Les esp\u00e8ces menac\u00e9es ou en voie de disparition potentiellement pr\u00e9sentes \u00e0 proximit\u00e9 du projet comprennent le saumon quinnat, la truite arc-en-ciel, le loup gris, le grizzli, la chouette tachet\u00e9e du Nord et le guillemot marbr\u00e9. Les seules esp\u00e8ces pr\u00e9sentes dans la zone du projet sont le saumon quinnat et la truite arc-en-ciel. Aucune autre esp\u00e8ce r\u00e9pertori\u00e9e n&#039;a \u00e9t\u00e9 observ\u00e9e dans la zone du projet ou \u00e0 proximit\u00e9, bien que tous les habitats terrestres propices soient prot\u00e9g\u00e9s par le plan de gestion de la faune du projet mentionn\u00e9 ci-dessus. Le projet pr\u00e9voit des d\u00e9bits minimaux pour soutenir l&#039;habitat des salmonid\u00e9s en aval et fournit du poisson-chat pour les projets de restauration des affluents de la rivi\u00e8re Nisqually.<\/p>\n<p>Le ma\u00eetre d&#039;ouvrage a consult\u00e9 le Bureau de pr\u00e9servation historique de l&#039;\u00c9tat (SHPO) afin de d\u00e9terminer si des ressources culturelles ou historiques pourraient \u00eatre d\u00e9couvertes dans la zone du projet. Le SHPO a conclu qu&#039;aucun site de ressources culturelles pr\u00e9historiques, b\u00e2timent ou structure historique n&#039;est actuellement pr\u00e9sent sur le terrain du projet. Le ma\u00eetre d&#039;ouvrage consulte le SHPO avant toute activit\u00e9 de perturbation du sol.<\/p>\n<p>Les ressources r\u00e9cr\u00e9atives du projet comprennent un acc\u00e8s non motoris\u00e9 au bassin d&#039;Aulne. L&#039;empoissonnement de kokanis y est pratiqu\u00e9 \u00e0 des fins r\u00e9cr\u00e9atives, et toutes les installations r\u00e9cr\u00e9atives officielles y sont situ\u00e9es. Les autres zones du projet sont difficilement accessibles au public en raison de leur isolement relatif et de leur terrain escarp\u00e9. L&#039;acc\u00e8s public est gratuit dans les zones s\u00e9curis\u00e9es.<\/p>\n<hr \/>\n<h3>\u00c9tat de conformit\u00e9<\/h3>\n<p><strong>Il n\u2019y a pas de conditions sp\u00e9cifiques \u00e0 l\u2019\u00e9tablissement dans le certificat actuel.<\/strong><\/p>\n<p><strong>2026:<\/strong> Aucun changement important ni probl\u00e8me de conformit\u00e9 n&#039;ont \u00e9t\u00e9 identifi\u00e9s. Le projet reste conforme sur la base de l&#039;examen annuel.<\/p>\n<p><strong>2025:<\/strong> Aucun changement important ni probl\u00e8me de conformit\u00e9 n&#039;ont \u00e9t\u00e9 identifi\u00e9s. Le projet reste conforme sur la base de l&#039;examen annuel.<\/p>\n<p><strong>2024:<\/strong> Aucun changement important ni probl\u00e8me de conformit\u00e9 n&#039;ont \u00e9t\u00e9 identifi\u00e9s. Le projet reste conforme sur la base de l&#039;examen annuel.<\/p>\n<p><strong>2023:<\/strong> Aucun changement important ni probl\u00e8me de conformit\u00e9 n&#039;ont \u00e9t\u00e9 identifi\u00e9s. Le projet reste conforme sur la base de l&#039;examen annuel.<\/p>\n<p><strong>2022:<\/strong> Aucun changement important ni probl\u00e8me de conformit\u00e9 n&#039;ont \u00e9t\u00e9 identifi\u00e9s. Le projet reste conforme sur la base de l&#039;examen annuel.<\/p>\n<p><strong>2021:<\/strong> Aucun changement ni probl\u00e8me de conformit\u00e9 n&#039;a \u00e9t\u00e9 signal\u00e9. Le projet reste conforme sur la base de l&#039;examen annuel.<\/p>\n<p><strong>2020:<\/strong> Aucun changement ni probl\u00e8me de conformit\u00e9 n&#039;a \u00e9t\u00e9 signal\u00e9. Le projet reste conforme sur la base de l&#039;examen annuel.<\/p>\n<p><strong>2019:<\/strong> Aucun changement ni probl\u00e8me de conformit\u00e9 n&#039;a \u00e9t\u00e9 signal\u00e9. Le projet reste conforme sur la base de l&#039;examen annuel.<\/p>\n<p><strong>2018:<\/strong> Le rapport annuel pour le certificat actuel n\u2019est pas encore entr\u00e9 en vigueur.<\/p>\n<hr \/>\n<h3>Historique des certifications<\/h3>\n<p><strong>1er janvier 2022 :<\/strong> La dur\u00e9e du certificat LIHI a \u00e9t\u00e9 prolong\u00e9e conform\u00e9ment \u00e0 la r\u00e9vision 2.05 du manuel de certification LIHI 2e \u00e9dition publi\u00e9 le 1er janvier 2022. Reportez-vous au tableau des \u00e9tablissements ci-dessus pour conna\u00eetre la nouvelle dur\u00e9e.<\/p>\n<p><strong>8 ao\u00fbt 2019 :<\/strong> La d\u00e9cision de recertifier le projet hydro\u00e9lectrique de Nisqually est d\u00e9finitive. Aucun appel n&#039;a \u00e9t\u00e9 re\u00e7u pendant la p\u00e9riode d&#039;appel, cl\u00f4tur\u00e9e le 11 mai 2019. La p\u00e9riode de certification du projet s&#039;\u00e9tend du 15 avril 2018 au 14 avril 2023.<\/p>\n<p><strong>10 avril 2019 : <\/strong>Le Low Impact Hydropower Institute (LIHI) a approuv\u00e9 de mani\u00e8re pr\u00e9liminaire la certification \u00e0 faible impact pour le projet hydro\u00e9lectrique de la rivi\u00e8re Nisqually, le certificat LIHI #8 pour une nouvelle dur\u00e9e de 5 ans.<\/p>\n<p>Cette d\u00e9cision est pr\u00e9liminaire en attendant la p\u00e9riode d&#039;appel de 30 jours. Seuls ceux qui ont comment\u00e9 la demande initiale pendant la p\u00e9riode de commentaires de 60 jours sont \u00e9ligibles pour d\u00e9poser un appel. Un tel appel doit inclure une explication sur la raison pour laquelle le projet ne r\u00e9pond pas aux crit\u00e8res du LIHI. Les demandes d&#039;appel peuvent \u00eatre soumises par courrier \u00e9lectronique \u00e0 <a href=\"mailto:comments@lowimpacthydro.org\">comments@lowimpacthydro.org<\/a> avec \u00ab\u00a0Projet hydro\u00e9lectrique Nisqually\u00a0\u00bb en objet, ou par courrier adress\u00e9 au Low Impact Hydropower Institute, 329 Massachusetts Ave, Suite 6, Lexington, MA 02420. Toutes les demandes seront publi\u00e9es sur le site web. Le demandeur aura la possibilit\u00e9 de r\u00e9pondre, et toute r\u00e9ponse sera \u00e9galement publi\u00e9e. <strong>Les demandes doivent \u00eatre re\u00e7ues avant 17 heures, heure de l\u2019Est, le 11 mai 2019.\u00a0 <\/strong>Le dossier complet et le rapport des \u00e9valuateurs sont disponibles ci-dessous.<\/p>\n<p><strong>10 d\u00e9cembre 2018 : <\/strong>Le Low Impact Hydropower Institute a re\u00e7u une demande compl\u00e8te de recertification \u00e0 faible impact pour le projet hydro\u00e9lectrique de Nisqually. Le LIHI sollicite les commentaires du public sur cette demande. Plus pr\u00e9cis\u00e9ment, nous souhaitons savoir si, selon vous, le projet r\u00e9pond aux crit\u00e8res de certification \u00e0 faible impact du LIHI, tels que r\u00e9vis\u00e9s dans la 2e \u00e9dition du manuel. Veuillez consulter le programme et les crit\u00e8res dans la version r\u00e9vis\u00e9e du LIHI.\u00a0<a href=\"https:\/\/lowimpacthydro.org\/wp-content\/uploads\/2016\/03\/2nd-edition-handbook-20160315-rev2.02-7-20-16.pdf\">Manuel<\/a><a href=\"https:\/\/lowimpacthydro.org\/wp-content\/uploads\/2014\/08\/2nd-edition-handbook-20160307-FINAL-CLEAN.pdf\">\u00a0<\/a>et examinez ensuite les documents de candidature du projet ci-dessous. Les commentaires directement li\u00e9s \u00e0 des crit\u00e8res LIHI sp\u00e9cifiques (d\u00e9bits, qualit\u00e9 de l&#039;eau, <span class='tooltipsall tooltip_post_id_5566 classtoolTips59'>passage des poissons<\/span>, etc.) seront tr\u00e8s utiles, mais tous les commentaires seront pris en compte. Les commentaires peuvent \u00eatre soumis \u00e0 l&#039;Institut par courrier \u00e9lectronique \u00e0 l&#039;adresse\u00a0<a href=\"mailto:comments@lowimpacthydro.org\">comments@lowimpacthydro.org<\/a>\u00a0avec \u00ab Commentaires sur le projet Nisqually \u00bb dans la ligne d&#039;objet, ou par courrier adress\u00e9 au Low Impact Hydropower Institute, 329 Massachusetts Avenue, Suite 2, Lexington, MA 02420.\u00a0 <strong>Les commentaires doivent \u00eatre re\u00e7us au plus tard \u00e0 17 heures, heure de l&#039;Est, le 8 f\u00e9vrier 2019.<\/strong>\u00a0\u00e0 prendre en consid\u00e9ration. Tous les commentaires seront publi\u00e9s sur le site Web et le candidat aura la possibilit\u00e9 d&#039;y r\u00e9pondre. Toute r\u00e9ponse sera \u00e9galement publi\u00e9e.<\/p>\n<p><strong>12 mars 2014 :<\/strong> Le projet hydro\u00e9lectrique de la rivi\u00e8re Nisqually de la ville de Tacoma a \u00e9t\u00e9 renouvel\u00e9 pour une troisi\u00e8me p\u00e9riode de cinq ans, avec une certification \u00e0 faible impact. La certification entrera en vigueur le 15 avril 2013 et expirera le 15 avril 2018.<\/p>\n<p><strong>15 mai 2013 :<\/strong> Le LIHI a re\u00e7u une demande de recertification du projet hydro\u00e9lectrique de la rivi\u00e8re Nisqually. La demande est disponible ci-dessous dans la section \u00ab\u00a0Dossiers\u00a0\u00bb.<\/p>\n<p><strong>28 ao\u00fbt 2008 :<\/strong> Le projet hydro\u00e9lectrique de la rivi\u00e8re Nisqually a \u00e9t\u00e9 recertifi\u00e9 pour un deuxi\u00e8me mandat de cinq ans de certification \u00e0 faible impact, car il continue de r\u00e9pondre \u00e0 l&#039;ensemble des huit crit\u00e8res environnementaux rigoureux du LIHI concernant le d\u00e9bit des rivi\u00e8res, la qualit\u00e9 de l&#039;eau, le passage et la protection des poissons, la sant\u00e9 des bassins versants, la protection des esp\u00e8ces menac\u00e9es, les ressources culturelles, l&#039;utilisation et l&#039;acc\u00e8s aux loisirs, et si le barrage lui-m\u00eame a \u00e9t\u00e9 recommand\u00e9 ou non pour \u00eatre supprim\u00e9.<\/p>\n<p><strong>19 avril 2008 :<\/strong> Le Low Impact Hydropower Institute a re\u00e7u une demande de recertification du projet hydro\u00e9lectrique de la rivi\u00e8re Nisqually, situ\u00e9 sur la rivi\u00e8re Nisqually \u00e0 Washington.<\/p>\n<p><strong>17 septembre 2003 :<\/strong> Le projet hydro\u00e9lectrique de la rivi\u00e8re Nisqually a \u00e9t\u00e9 certifi\u00e9 \u00e0 faible impact pour une dur\u00e9e de cinq ans, \u00e0 compter du 15 avril 2003 et expirant le 15 avril 2008. Il s&#039;agit de la troisi\u00e8me installation hydro\u00e9lectrique \u00e0 obtenir la certification LIHI dans l&#039;\u00c9tat de Washington et de la huiti\u00e8me \u00e0 l&#039;\u00e9chelle nationale.<\/p>\n<hr \/>\n<h3>Dossiers de certification<\/h3>\n<h4>Renouvellement de certification 2018-2019<\/h4>\n<ul style=\"color: black;\">\n<li><a href=\"https:\/\/lowimpacthydro.org\/wp-content\/uploads\/2020\/07\/Nisqually-Review-Report-Final-2019-04-04.pdf\">Rapport de recertification de Nisqually 2019<\/a><\/li>\n<li><a href=\"https:\/\/lowimpacthydro.org\/wp-content\/uploads\/2020\/07\/Nisqually-2018-LIHI-Recertification-Application-27July2018.pdf\">Demande de recertification Nisqually 2018<\/a><\/li>\n<\/ul>\n<h4>Recertification 2013<\/h4>\n<ul style=\"color: black;\">\n<li><a href=\"https:\/\/lowimpacthydro.org\/wp-content\/uploads\/2020\/07\/Recertification-Review-FL-10-30-13.pdf\">Rapport de r\u00e9vision de recertification de Nisqually<\/a><\/li>\n<li><a href=\"https:\/\/lowimpacthydro.org\/wp-content\/uploads\/2020\/07\/Nisqually-LIHI-Application-for-Recertification.pdf\">Demande de recertification Nisqually<\/a><\/li>\n<\/ul>\n<h4>Recertification 2008<\/h4>\n<ul style=\"color: black;\">\n<li><a href=\"https:\/\/lowimpacthydro.org\/wp-content\/uploads\/2020\/07\/Nisqually-Re-Cert-Reviewer-Report-July-2008.pdf\">Rapport d&#039;examen de recertification de Nisqually 2008<\/a><\/li>\n<li><a href=\"https:\/\/lowimpacthydro.org\/wp-content\/uploads\/2023\/05\/2008_LIHI_Recert-Application-Nisqually.pdf\">Demande de recertification Nisqually<\/a><\/li>\n<\/ul>\n<h4>Certification 2003<\/h4>\n<ul style=\"color: black;\">\n<li><a href=\"https:\/\/lowimpacthydro.org\/wp-content\/uploads\/2020\/07\/Nisqually-final-report.pdf\">Rapport d&#039;examen de la certification Nisqually<\/a><\/li>\n<li><a href=\"https:\/\/lowimpacthydro.org\/wp-content\/uploads\/2020\/07\/nisqually-LIHI-final-submission.pdf\">Demande de certification Nisqually<\/a><\/li>\n<\/ul>\n<hr \/>\n<h3>Documents cl\u00e9s<\/h3>\n<ul>\n<li><a href=\"https:\/\/lowimpacthydro.org\/wp-content\/uploads\/2023\/05\/1997-FERC-license-and-WQC.pdf\">Licence FERC de Nisqually et certification de la qualit\u00e9 de l&#039;eau<\/a><\/li>\n<li><a href=\"https:\/\/lowimpacthydro.org\/wp-content\/uploads\/2023\/05\/1996-FERC-EIS-Nisqually.pdf\">D\u00e9claration d&#039;impact environnemental de la FERC de Nisqually<\/a><\/li>\n<\/ul>","protected":false},"excerpt":{"rendered":"<p>Project Name Nisqually LIHI Certificate No. 8 LIHI Certificate Term April 15, 2018 &#8211; April 14, 2028 Owner City of Tacoma State Washington Location Located between<span class=\"excerpt-hellip\"> [\u2026]<\/span><\/p>\n","protected":false},"author":3,"featured_media":-1,"parent":0,"menu_order":0,"comment_status":"closed","ping_status":"closed","template":"","meta":{"_coblocks_attr":"","_coblocks_dimensions":"","_coblocks_responsive_height":"","_coblocks_accordion_ie_support":"","om_disable_all_campaigns":false,"_monsterinsights_skip_tracking":false,"_monsterinsights_sitenote_active":false,"_monsterinsights_sitenote_note":"","_monsterinsights_sitenote_category":0,"footnotes":""},"class_list":["post-2413","page","type-page","status-publish","has-post-thumbnail","hentry"],"aioseo_notices":[],"_links":{"self":[{"href":"https:\/\/lowimpacthydro.org\/fr\/wp-json\/wp\/v2\/pages\/2413","targetHints":{"allow":["GET"]}}],"collection":[{"href":"https:\/\/lowimpacthydro.org\/fr\/wp-json\/wp\/v2\/pages"}],"about":[{"href":"https:\/\/lowimpacthydro.org\/fr\/wp-json\/wp\/v2\/types\/page"}],"author":[{"embeddable":true,"href":"https:\/\/lowimpacthydro.org\/fr\/wp-json\/wp\/v2\/users\/3"}],"replies":[{"embeddable":true,"href":"https:\/\/lowimpacthydro.org\/fr\/wp-json\/wp\/v2\/comments?post=2413"}],"version-history":[{"count":15,"href":"https:\/\/lowimpacthydro.org\/fr\/wp-json\/wp\/v2\/pages\/2413\/revisions"}],"predecessor-version":[{"id":10475,"href":"https:\/\/lowimpacthydro.org\/fr\/wp-json\/wp\/v2\/pages\/2413\/revisions\/10475"}],"wp:featuredmedia":[{"embeddable":true,"href":"https:\/\/lowimpacthydro.org\/fr\/wp-json\/"}],"wp:attachment":[{"href":"https:\/\/lowimpacthydro.org\/fr\/wp-json\/wp\/v2\/media?parent=2413"}],"curies":[{"name":"wp","href":"https:\/\/api.w.org\/{rel}","templated":true}]}}