{"id":2321,"date":"2020-07-29T09:31:37","date_gmt":"2020-07-29T13:31:37","guid":{"rendered":"https:\/\/lowimpacthydro.org\/?page_id=2321"},"modified":"2025-08-01T11:35:26","modified_gmt":"2025-08-01T15:35:26","slug":"lihi-certificate-16-winooski-one-chace-mill-hydroelectric-project-vermont","status":"publish","type":"page","link":"https:\/\/lowimpacthydro.org\/fr\/lihi-certificate-16-winooski-one-chace-mill-hydroelectric-project-vermont\/","title":{"rendered":"Certificat LIHI #16 \u2013 Projet hydro\u00e9lectrique Winooski One\/Chace Mill, Vermont"},"content":{"rendered":"<table class=\"alignright\" style=\"width: 351px; border: 2px; cellspacing: 2px; cellpadding: 2px; margin-left: 50px;\">\n<tbody>\n<tr style=\"height: 39px;\">\n<td style=\"height: 39px;\" width=\"238\"><strong>Nom du projet<\/strong><\/td>\n<td style=\"height: 39px;\" width=\"246\">Winooski One\/Chace Mill<\/td>\n<\/tr>\n<tr style=\"height: 39px;\">\n<td style=\"height: 39px;\" width=\"238\"><strong>Num\u00e9ro de certificat LIHI<\/strong><\/td>\n<td style=\"height: 39px;\" width=\"246\">16<\/td>\n<\/tr>\n<tr style=\"height: 86px;\">\n<td style=\"height: 86px;\" width=\"238\"><strong>Dur\u00e9e du certificat LIHI<\/strong><\/td>\n<td style=\"height: 86px;\" width=\"246\">29 juillet 2019 \u2013 28 juillet 2032<\/td>\n<\/tr>\n<tr style=\"height: 39px;\">\n<td style=\"height: 39px;\" width=\"238\"><strong>Propri\u00e9taire<\/strong><\/td>\n<td style=\"height: 39px;\" width=\"246\">Service d&#039;\u00e9lectricit\u00e9 de Burlington<\/td>\n<\/tr>\n<tr style=\"height: 39px;\">\n<td style=\"height: 39px;\" width=\"238\"><strong>\u00c9tat<\/strong><\/td>\n<td style=\"height: 39px;\" width=\"246\">Vermont<\/td>\n<\/tr>\n<tr style=\"height: 79px;\">\n<td style=\"height: 79px;\" width=\"238\"><strong>Emplacement<\/strong><\/td>\n<td style=\"height: 79px;\" width=\"246\">Situ\u00e9 au mile 10 de la rivi\u00e8re, aux chutes inf\u00e9rieures de Winooski, sur la rivi\u00e8re Winooski<\/td>\n<\/tr>\n<tr style=\"height: 39px;\">\n<td style=\"height: 39px;\" width=\"238\"><strong>Capacit\u00e9 install\u00e9e<\/strong><\/td>\n<td style=\"height: 39px;\" width=\"246\">7,455 MW<\/td>\n<\/tr>\n<tr style=\"height: 61px;\">\n<td style=\"height: 61px;\" width=\"238\"><strong>G\u00e9n\u00e9ration annuelle moyenne<\/strong><\/td>\n<td style=\"height: 61px;\" width=\"246\">30 000 MWh<\/td>\n<\/tr>\n<tr style=\"height: 39px;\">\n<td style=\"height: 39px;\" width=\"238\"><strong>Type d&#039;\u00e9tablissement<\/strong><\/td>\n<td style=\"height: 39px;\" width=\"246\"><span class='tooltipsall tooltip_post_id_5643 classtoolTips52'>Au fil de l&#039;eau<\/span><\/td>\n<\/tr>\n<tr style=\"height: 59px;\">\n<td style=\"height: 59px;\" width=\"238\"><strong><span class='tooltipsall tooltip_post_id_5565 classtoolTips152'>F\u00e9d\u00e9ration internationale de radio-t\u00e9l\u00e9vision (FERC)<\/span> Non.<\/strong><\/td>\n<td style=\"height: 59px;\" width=\"246\">P-2756 d\u00e9livr\u00e9 en 1988, expire le 31\/10\/2028<\/td>\n<\/tr>\n<\/tbody>\n<\/table>\n<p>Le projet Winooski One\/Chace Mill est situ\u00e9 \u00e0 la partie inf\u00e9rieure des chutes Winooski, sur la rivi\u00e8re Winooski, \u00e0 16 kilom\u00e8tres en amont de sa confluence avec le lac Champlain, entre la ville de Winooski, sur la rive nord, et la ville de Burlington, sur la rive sud. Le projet a \u00e9t\u00e9 construit de 1990 \u00e0 1993 et le propri\u00e9taire du projet loue le site et les droits d&#039;utilisation de l&#039;eau \u00e0 la ville de Burlington. La ville de Burlington a une option d&#039;achat pour l&#039;installation au cours de la 20e ann\u00e9e de la licence\u00a0; celle-ci est d\u00e9tenue conjointement par Winooski One Partners et la ville. Le projet est situ\u00e9 en aval du projet hydro\u00e9lectrique Gorge n\u00b0\u00a018. <a href=\"https:\/\/lowimpacthydro.org\/fr\/lihi-certificate-146-essex-19-hydroelectric-project-vermont\/\">Projet hydro\u00e9lectrique Essex n\u00b0 19 (LIHI #146)<\/a>, et le projet hydro\u00e9lectrique de Bolton Falls.<\/p>\n<p>Le projet comprend une structure en b\u00e9ton arm\u00e9 de 200 pieds de long et de 35 pieds de haut. <span class='tooltipsall tooltip_post_id_5545 classtoolTips158'>barrage<\/span>, situ\u00e9 imm\u00e9diatement en aval et \u00e0 c\u00f4t\u00e9 d&#039;un site historique <span class='tooltipsall tooltip_post_id_5543 classtoolTips76'>cr\u00e8che en bois<\/span> barrage construit en 1876 ; un barrage basculant de 100 pieds de long et de 8 pieds de haut <span class='tooltipsall tooltip_post_id_5542 classtoolTips95'>porte de cr\u00eate<\/span>, install\u00e9 au sommet du barrage ; une structure de prise d&#039;eau en b\u00e9ton de 70 pieds de long, qui dirige le d\u00e9bit de la rivi\u00e8re dans le <span class='tooltipsall tooltip_post_id_5624 classtoolTips102'>centrale<\/span> permettant <span class='tooltipsall tooltip_post_id_5643 classtoolTips52'>au fil de l&#039;eau<\/span> op\u00e9ration; une vanne basculante de 36 pieds de long entre la structure d&#039;admission et la droite <span class='tooltipsall tooltip_post_id_5514 classtoolTips118'>pilier<\/span> de la porte de cr\u00eate basculante principale; une centrale \u00e9lectrique en b\u00e9ton arm\u00e9 compos\u00e9e de trois turbines et g\u00e9n\u00e9rateurs Kaplan identiques d&#039;une capacit\u00e9 combin\u00e9e de 7,455 MW; une installation de pi\u00e8ge \u00e0 poissons en b\u00e9ton arm\u00e9; et un canal de fuite de 45 pieds de large et de 125 pieds de long creus\u00e9 dans la roche de corniche.<\/p>\n<p>Le projet fonctionne en mode de fonctionnement instantan\u00e9 au fil de l&#039;eau et retient un r\u00e9servoir de 2,2 hectares. Il assure un d\u00e9bit minimal continu de 71 m\u00b3\/s dans le tron\u00e7on de d\u00e9rivation de 80 m de long. Le r\u00e9gime d&#039;\u00e9coulement a \u00e9t\u00e9 \u00e9labor\u00e9 en consultation avec l&#039;US Fish and Wildlife Service (USWFS) et l&#039;Agence des ressources naturelles du Vermont (VANR) et vise \u00e0 att\u00e9nuer les impacts du projet sur les ressources halieutiques et fauniques. Le principal probl\u00e8me abord\u00e9 par le r\u00e9gime d&#039;\u00e9coulement est la faible teneur en oxyg\u00e8ne dissous, att\u00e9nu\u00e9e par la r\u00e9a\u00e9ration associ\u00e9e au d\u00e9bit minimal.<\/p>\n<p>Les eaux situ\u00e9es dans le p\u00e9rim\u00e8tre du projet sont class\u00e9es en classe B. Elles sont g\u00e9r\u00e9es de mani\u00e8re \u00e0 maintenir un niveau de qualit\u00e9 permettant de pr\u00e9server pleinement le biote aquatique, la faune et l&#039;habitat aquatiques\u00a0; l&#039;esth\u00e9tique\u00a0; l&#039;approvisionnement public en eau\u00a0; l&#039;irrigation\u00a0; la baignade\u00a0; la navigation de plaisance, la p\u00eache et d&#039;autres activit\u00e9s r\u00e9cr\u00e9atives. Les eaux sont contamin\u00e9es par E. coli par les d\u00e9bordements d&#039;eaux us\u00e9es des stations d&#039;\u00e9puration. Le projet n&#039;est pas responsable de cette d\u00e9gradation, comme l&#039;a confirm\u00e9 le D\u00e9partement de la protection de l&#039;environnement du Vermont (VDEC).<\/p>\n<p>La rivi\u00e8re Winooski est une p\u00eacherie fondamentale du Vermont, abritant truites, achigans, perches, crapets, dor\u00e9s, ouananiches et bien d&#039;autres esp\u00e8ces de poissons. <span class='tooltipsall tooltip_post_id_5566 classtoolTips59'>passage des poissons<\/span> La p\u00eache est facilit\u00e9e par un \u00e9l\u00e9vateur \u00e0 poissons, en service du 15 mars au 1er mai et du 1er octobre au 15 novembre. Les poissons collect\u00e9s sont transport\u00e9s par camion en amont du projet, et certains plus en amont du projet Essex 19. Ce dispositif de passage \u00e0 poissons est un \u00e9l\u00e9ment cl\u00e9 du programme de restauration des salmonid\u00e9s de la Coop\u00e9rative de la faune et de la p\u00eache du lac Champlain, car il permet aux saumons d&#039;acc\u00e9der \u00e0 d&#039;importantes zones de frai et de croissance. Le D\u00e9partement de la faune et de la p\u00eache du Vermont (VDFW) confirme que ces installations de passage soutiennent efficacement les objectifs de p\u00eache. Le passage des poissons en aval est facilit\u00e9 par deux points d&#039;entr\u00e9e au barrage, ainsi que par le <span class='tooltipsall tooltip_post_id_5651 classtoolTips116'>d\u00e9versoir<\/span> qui se d\u00e9verse pendant une grande partie de la migration printani\u00e8re. Le passage est exploit\u00e9 en coop\u00e9ration avec l&#039;USFWS et le VDFW.<\/p>\n<p>La propri\u00e9t\u00e9 du projet s&#039;\u00e9tend sur 50 acres. La zone du projet ne pr\u00e9sente aucune valeur \u00e9cologique significative en raison du caract\u00e8re urbain et urbanis\u00e9 des terrains environnants. Le permis de projet exige la pr\u00e9sentation d&#039;un plan d&#039;att\u00e9nuation des impacts de toute activit\u00e9 de d\u00e9frichage ou de perturbation 60 jours avant le d\u00e9but de ces activit\u00e9s. Ce plan doit inclure des mesures visant \u00e0 minimiser l&#039;incompatibilit\u00e9 visuelle de toutes les structures du projet avec le paysage environnant et les structures adjacentes.<\/p>\n<p>Les esp\u00e8ces menac\u00e9es et en voie de disparition potentiellement pr\u00e9sentes \u00e0 proximit\u00e9 du projet comprennent\u00a0: le vespertilion nordique, le pygargue \u00e0 t\u00eate blanche (migrateur), l\u2019esturgeon jaune, le dard de sable, la lamproie de l\u2019Est, le fouille-roche gris, la moule \u00e0 portefeuille, la coquille cannel\u00e9e, la coquille-papier fragile, le fendeur de talon rose, l\u2019an\u00e9mone g\u00e9ante, l\u2019an\u00e9mone \u00e0 feuilles coup\u00e9es et le carex de Garber. Les consultations avec le VDEC ont confirm\u00e9 que le projet n\u2019affecte pas les organismes aquatiques pendant les op\u00e9rations normales. Bien que la zone du projet soit incluse dans l\u2019habitat du vespertilion nordique, la faible empreinte urbaine du projet rend tr\u00e8s peu probable qu\u2019il affecte cette esp\u00e8ce de chauve-souris.<\/p>\n<p><strong>PLUS-Standard:<\/strong> Le ma\u00eetre d&#039;ouvrage a volontairement conclu un accord avec le VDFW afin de participer activement aux efforts de r\u00e9tablissement de l&#039;esp\u00e8ce Anemone multifidi (an\u00e9mone \u00e0 feuilles coup\u00e9es) sur le site, derni\u00e8re population de cette esp\u00e8ce dans l&#039;\u00c9tat du Vermont. Cet accord comprend un suivi annuel et un financement annuel des mesures d&#039;att\u00e9nuation prises par l&#039;\u00c9tat.<\/p>\n<p>Le projet lui-m\u00eame constitue une ressource culturelle au sein du district de Winooski Falls Mill. Un plan de gestion des ressources culturelles a \u00e9t\u00e9 \u00e9labor\u00e9 pour le projet en consultation avec le responsable de la pr\u00e9servation historique de l&#039;\u00c9tat du Vermont (SHPO) et le Historic American Engineering Record du minist\u00e8re de l&#039;Int\u00e9rieur des \u00c9tats-Unis. Le ma\u00eetre d&#039;ouvrage s&#039;est efforc\u00e9 de sensibiliser le public \u00e0 l&#039;importance culturelle du projet hydro\u00e9lectrique et a men\u00e9 des actions de sensibilisation culturelle avec le Heritage Winooski Mill Museum. Le projet propose une exposition sur l&#039;\u00e9nergie hydraulique contenant des informations et des illustrations concernant la centrale hydro\u00e9lectrique et l&#039;\u00e9l\u00e9vateur \u00e0 poissons. De plus, le ma\u00eetre d&#039;ouvrage propose des visites de l&#039;\u00e9l\u00e9vateur \u00e0 poissons et de ses installations \u00e0 un groupe scolaire local. Le ma\u00eetre d&#039;ouvrage doit consulter le SHPO avant toute activit\u00e9 de d\u00e9frichage ou de perturbation du sol dans la zone du projet.<\/p>\n<p>La zone du projet est exigu\u00eb et, pour des raisons de s\u00e9curit\u00e9, il est interdit d&#039;y installer des installations de loisirs. Cependant, le ma\u00eetre d&#039;ouvrage finance la construction d&#039;une promenade dans la zone et en a d\u00e9j\u00e0 construit une autre. L&#039;acc\u00e8s public est gratuit et de nombreuses activit\u00e9s de loisirs, hors projet, sont disponibles \u00e0 proximit\u00e9 du projet, notamment une zone de p\u00eache, plusieurs parcs riverains et un r\u00e9seau de sentiers de randonn\u00e9e et de sentiers de d\u00e9couverte de la nature.<\/p>\n<hr \/>\n<h3>\u00c9tat de conformit\u00e9<\/h3>\n<p>Le certificat comprend la condition sp\u00e9cifique \u00e0 l&#039;\u00e9tablissement suivante :<\/p>\n<ul style=\"color: black;\">\n<li><strong><em>Condition 1 : <\/em><\/strong>\u00c9tant donn\u00e9 que le renouvellement des licences du projet d\u00e9butera au cours de la nouvelle p\u00e9riode de certification du LIHI, le propri\u00e9taire de l&#039;installation devra fournir au LIHI, dans le cadre de son rapport annuel de conformit\u00e9, un rapport d&#039;\u00e9tape sur l&#039;avancement des proc\u00e9dures de licence de la FERC, r\u00e9pertoriant les interactions importantes entre les organismes au cours de l&#039;ann\u00e9e \u00e9coul\u00e9e et pertinentes pour les crit\u00e8res du LIHI, et soulignant les principaux points d&#039;accord ou de d\u00e9saccord. Le LIHI se r\u00e9serve le droit de demander des pr\u00e9cisions suppl\u00e9mentaires si les points mis en \u00e9vidence sont pertinents pour les crit\u00e8res du LIHI et leurs objectifs. Le LIHI se r\u00e9serve \u00e9galement le droit de modifier \u00e0 nouveau les conditions du certificat si n\u00e9cessaire.<\/li>\n<\/ul>\n<p><strong>2025:<\/strong> Aucun changement important ni probl\u00e8me de conformit\u00e9 n&#039;a \u00e9t\u00e9 identifi\u00e9. Le projet demeure conforme suite \u00e0 l&#039;examen annuel. Concernant la condition 1, le projet a indiqu\u00e9 \u00eatre en phase d&#039;\u00e9tude pour le renouvellement de sa licence. Le projet continue d&#039;arroser volontairement l&#039;an\u00e9mone \u00e0 feuilles coup\u00e9es (Anemone multifida), inscrite sur la liste de l&#039;\u00c9tat, chaque semaine pendant l&#039;\u00e9t\u00e9, selon les besoins, afin de favoriser la survie des graines.<\/p>\n<p><strong>2024:<\/strong> Aucun changement important ni probl\u00e8me de conformit\u00e9 n&#039;a \u00e9t\u00e9 identifi\u00e9. Le projet demeure conforme suite \u00e0 l&#039;examen annuel. Concernant la condition 1, le projet a d\u00e9clar\u00e9 avoir d\u00e9pos\u00e9 l&#039;avis d&#039;intention de renouvellement de licence et le PAD le 31 octobre 2023, ainsi que le plan d&#039;\u00e9tude propos\u00e9 le 12 avril 2024. Le projet continue d&#039;arroser volontairement l&#039;an\u00e9mone \u00e0 feuilles coup\u00e9es (Anemone multifida), inscrite sur la liste de l&#039;\u00c9tat, chaque semaine pendant l&#039;\u00e9t\u00e9, selon les besoins, afin de favoriser la survie des graines.<\/p>\n<p><strong>2023:<\/strong> Aucun changement important ni probl\u00e8me de conformit\u00e9 n&#039;a \u00e9t\u00e9 identifi\u00e9. Le projet demeure conforme suite \u00e0 l&#039;examen annuel. Concernant la condition 1, le projet n&#039;a signal\u00e9 aucune activit\u00e9 de renouvellement de licence. Le projet continue d&#039;arroser volontairement l&#039;an\u00e9mone \u00e0 feuilles coup\u00e9es (Anemone multifida), une esp\u00e8ce inscrite sur la liste de l&#039;\u00c9tat, chaque semaine pendant l&#039;\u00e9t\u00e9, selon les besoins, afin de favoriser la survie des graines.<\/p>\n<p><strong>2022:<\/strong> Aucun changement important ni probl\u00e8me de conformit\u00e9 n&#039;a \u00e9t\u00e9 identifi\u00e9. Le projet demeure conforme suite \u00e0 l&#039;examen annuel. Concernant la condition 1, le projet n&#039;a signal\u00e9 aucune activit\u00e9 de renouvellement de licence. Il a d\u00e9clar\u00e9 avoir volontairement arros\u00e9 l&#039;an\u00e9mone \u00e0 feuilles coup\u00e9es (Anemone multifida), une esp\u00e8ce inscrite sur la liste de l&#039;\u00c9tat, chaque semaine pendant l&#039;\u00e9t\u00e9, selon les besoins, afin de favoriser la survie des graines.<\/p>\n<p><strong>2021:<\/strong>\u00a0\u00a0 Aucun probl\u00e8me de conformit\u00e9 n&#039;a \u00e9t\u00e9 signal\u00e9. Le projet a fait \u00e9tat de l&#039;installation d&#039;un nouveau syst\u00e8me de contr\u00f4le pour am\u00e9liorer les op\u00e9rations. Le projet demeure conforme suite \u00e0 l&#039;examen annuel. Concernant la condition 1, le projet n&#039;a signal\u00e9 aucune activit\u00e9 de renouvellement de licence.<\/p>\n<p><strong>2020:\u00a0<\/strong> Aucun changement ni probl\u00e8me de conformit\u00e9 n&#039;a \u00e9t\u00e9 signal\u00e9. Le projet demeure conforme suite \u00e0 l&#039;examen annuel. Concernant la condition 1, le projet n&#039;a signal\u00e9 aucune activit\u00e9 de renouvellement de licence.<\/p>\n<p><strong>2019:<\/strong>\u00a0 Le rapport annuel pour le certificat actuel n\u2019est pas encore entr\u00e9 en vigueur.<\/p>\n<hr \/>\n<h3>Historique des certifications<\/h3>\n<p><strong>1er janvier 2022 :<\/strong> La dur\u00e9e du certificat LIHI a \u00e9t\u00e9 prolong\u00e9e conform\u00e9ment \u00e0 la r\u00e9vision 2.05 du manuel de certification LIHI 2e \u00e9dition publi\u00e9 le 1er janvier 2022. Reportez-vous au tableau des \u00e9tablissements ci-dessus pour conna\u00eetre la nouvelle dur\u00e9e.<\/p>\n<p><strong>26 f\u00e9vrier 2020 :\u00a0<\/strong> La d\u00e9cision de recertifier le projet Winooski One\/Chace Mill est devenue d\u00e9finitive apr\u00e8s la cl\u00f4ture de la p\u00e9riode d&#039;appel, le 7 f\u00e9vrier 2020, sans qu&#039;aucun appel n&#039;ait \u00e9t\u00e9 d\u00e9pos\u00e9. La p\u00e9riode de certification s&#039;\u00e9tend du 29 juillet 2019 au 28 juillet 2027.<\/p>\n<p><strong>8 janvier 2020 :<\/strong> Le Low Impact Hydropower Institute a approuv\u00e9 provisoirement la recertification \u00ab\u00a0faible impact\u00a0\u00bb du projet hydro\u00e9lectrique Winooski One\/Chace Mill, LIHI #16. Cette d\u00e9cision est provisoire, dans l&#039;attente d&#039;un d\u00e9lai d&#039;appel de 30\u00a0jours. Seuls les participants ayant comment\u00e9 la demande initiale pendant ce d\u00e9lai de 60\u00a0jours sont autoris\u00e9s \u00e0 d\u00e9poser un recours. Ce recours doit inclure une explication expliquant en quoi le projet ne r\u00e9pond pas aux crit\u00e8res du LIHI. Les demandes de recours peuvent \u00eatre soumises par courriel \u00e0 l&#039;adresse suivante\u00a0: <a href=\"mailto:comments@lowimpacthydro.org\">comments@lowimpacthydro.org<\/a> avec \u00ab\u00a0Projet hydro\u00e9lectrique Winooski One\/Chace Mill\u00a0\u00bb en objet, ou par courrier adress\u00e9 au Low Impact Hydropower Institute, 329 Massachusetts Ave, Suite 6, Lexington, MA 02420. Toutes les demandes seront publi\u00e9es sur le site web. Le demandeur aura la possibilit\u00e9 de r\u00e9pondre, et toute r\u00e9ponse sera \u00e9galement publi\u00e9e. <strong>Les demandes doivent \u00eatre re\u00e7ues avant 17 h, heure de l\u2019Est, le 7 f\u00e9vrier 2020.\u00a0 <\/strong>Le dossier complet et le rapport des \u00e9valuateurs sont disponibles ci-dessous. Si aucune demande d&#039;appel n&#039;est re\u00e7ue et que la d\u00e9cision devient d\u00e9finitive, la p\u00e9riode de certification du projet s&#039;\u00e9tendra du 29 juillet 2019 au 5 ao\u00fbt 2027.<\/p>\n<p><strong>21 octobre 2019 :<\/strong> Le Low Impact Hydropower Institute a re\u00e7u une demande compl\u00e8te de recertification \u00e0 faible impact pour le projet hydro\u00e9lectrique Winooski One. Le LIHI sollicite les commentaires du public sur cette demande. Plus pr\u00e9cis\u00e9ment, nous souhaitons savoir si, selon vous, le projet r\u00e9pond aux crit\u00e8res de certification \u00e0 faible impact du LIHI, tels que r\u00e9vis\u00e9s dans la 2e \u00e9dition du manuel. Veuillez consulter le programme et les crit\u00e8res dans la version r\u00e9vis\u00e9e du LIHI. <a href=\"https:\/\/lowimpacthydro.org\/wp-content\/uploads\/2016\/03\/2nd-edition-handbook-20160315-rev2.02-7-20-16.pdf\">Manuel<\/a><a href=\"https:\/\/lowimpacthydro.org\/wp-content\/uploads\/2014\/08\/2nd-edition-handbook-20160307-FINAL-CLEAN.pdf\">\u00a0<\/a>et consultez ensuite les documents de candidature du projet ci-dessous. Les commentaires directement li\u00e9s \u00e0 des crit\u00e8res sp\u00e9cifiques du LIHI (d\u00e9bits, qualit\u00e9 de l&#039;eau, passage des poissons, etc.) seront les plus utiles, mais tous les commentaires seront pris en compte. Les commentaires peuvent \u00eatre soumis \u00e0 l&#039;Institut par courrier \u00e9lectronique \u00e0 l&#039;adresse\u00a0<a href=\"mailto:comments@lowimpacthydro.org\">comments@lowimpacthydro.org<\/a>\u00a0avec \u00ab Winooski One Project Comments \u00bb dans la ligne d&#039;objet, ou par courrier adress\u00e9 au Low Impact Hydropower Institute, 329 Massachusetts Avenue, Suite 6, Lexington, MA 02420.\u00a0 <strong>Les commentaires doivent \u00eatre re\u00e7us au plus tard \u00e0 17 heures, heure de l&#039;Est, le 20 d\u00e9cembre 2019.<\/strong>\u00a0\u00e0 prendre en consid\u00e9ration. Tous les commentaires seront publi\u00e9s sur le site Web et le candidat aura la possibilit\u00e9 d&#039;y r\u00e9pondre. Toute r\u00e9ponse sera \u00e9galement publi\u00e9e.<\/p>\n<p><strong>27 ao\u00fbt 2014 :<\/strong> Le conseil d&#039;administration du LIHI a d\u00e9termin\u00e9 que le projet Winooski One continue de r\u00e9pondre aux crit\u00e8res de certification du LIHI, avec une date de certification effective du 29 juillet 2014. Il s&#039;agit d&#039;un mandat de cinq ans qui expirera le 29 juillet 2019.<\/p>\n<p><strong>17 avril 2014 :<\/strong> Le Low Impact Hydropower Institute a re\u00e7u une demande de recertification pour le projet Winooski One. La p\u00e9riode actuelle expire le 29 juillet 2014. La demande de 2014 est disponible dans la section \u00ab\u00a0Dossiers\u00a0\u00bb ci-dessous.<\/p>\n<p><strong>19 novembre 2009 :<\/strong> Le conseil d&#039;administration du LIHI a d\u00e9termin\u00e9 que le projet hydro\u00e9lectrique Winooski One continue de r\u00e9pondre aux crit\u00e8res de certification et a \u00e9t\u00e9 recertifi\u00e9 pour une p\u00e9riode de cinq ans, \u00e0 compter du 29 juillet 2009 et expirant le 29 juillet 2014.<\/p>\n<p><strong>1er juin 2009 :<\/strong> Le partenariat Winooski One a d\u00e9pos\u00e9 une demande de renouvellement de certification pour le projet hydro\u00e9lectrique Winooski One, situ\u00e9 dans les villes de Burlington et Winooski, dans le comt\u00e9 de Chittenden, au Vermont. La certification initiale expire le 29 juillet 2009.<\/p>\n<p><strong>21 octobre 2004 :<\/strong> Le projet Winooski One a \u00e9t\u00e9 certifi\u00e9 \u00e0 faible impact pour une dur\u00e9e de cinq ans, \u00e0 compter du 29 juillet 2004 et expirant le 29 juillet 2009.<\/p>\n<hr \/>\n<h3>Dossiers de certification<\/h3>\n<h4>Recertification 2019<\/h4>\n<ul style=\"color: black;\">\n<li><a href=\"https:\/\/lowimpacthydro.org\/wp-content\/uploads\/2020\/07\/Final-Winooski-One-Stage-II-report.pdf\">Rapport de recertification de Winooski One\/Chace Mill 2019<\/a><\/li>\n<li><a href=\"https:\/\/lowimpacthydro.org\/wp-content\/uploads\/2020\/07\/BED-Winooski-One-LIHI-Recertification-Application.pdf\">Demande de recertification de Winooski One\/Chace Mill 2019<\/a><\/li>\n<\/ul>\n<h4>Recertification 2015<\/h4>\n<ul style=\"color: black;\">\n<li><a href=\"https:\/\/lowimpacthydro.org\/wp-content\/uploads\/2020\/07\/2014-04-17-Recertification-Review_WinnoskiOne_Dh.pdf\">Rapport de recertification de Winooski One\/Chace Mill 2014<\/a><\/li>\n<li><a href=\"https:\/\/lowimpacthydro.org\/wp-content\/uploads\/2020\/07\/WinooskiOne2014Application.pdf\">Demande de recertification de Winooski One\/Chace Mill<\/a><\/li>\n<li><a href=\"https:\/\/lowimpacthydro.org\/wp-content\/uploads\/2020\/07\/WinooskiOne2014ApplicationAttachments.pdf\">Pi\u00e8ces jointes \u00e0 la demande de recertification de Winooski One\/Chace Mill 2014<\/a><\/li>\n<li><a href=\"https:\/\/lowimpacthydro.org\/wp-content\/uploads\/2020\/07\/CityWinooskiComment06132014.pdf\">Lettre de commentaires de la ville de Winooski \u2013 Recertification de Winooski One\/Chace Mill<\/a><\/li>\n<li><a href=\"https:\/\/lowimpacthydro.org\/wp-content\/uploads\/2020\/07\/MDworkinLetter2014.pdf\">Lettre de commentaires de Dworkin \u2013 Recertification de Winooski One\/Chace Mill<\/a><\/li>\n<li><a href=\"https:\/\/lowimpacthydro.org\/wp-content\/uploads\/2020\/07\/USFWS_06-11-2014.pdf\">Correspondance du Service am\u00e9ricain de la p\u00eache et de la faune sauvage<\/a><\/li>\n<li><a href=\"https:\/\/lowimpacthydro.org\/wp-content\/uploads\/2020\/07\/In-Vermont-a-milestone-...pdf\">Article sur Winooski One\/Chace Mill<\/a><\/li>\n<\/ul>\n<h4>Recertification 2009<\/h4>\n<ul style=\"color: black;\">\n<li><a href=\"https:\/\/lowimpacthydro.org\/wp-content\/uploads\/2020\/07\/Winoosk-re-cert-Review-Report-Update-10-15-09.doc\">Rapport d&#039;examen de recertification de Winooski One\/Chace Mill 2009<\/a><\/li>\n<li><a href=\"https:\/\/lowimpacthydro.org\/wp-content\/uploads\/2020\/07\/2009-June-17-Comments-from-state-of-Vermont.pdf\">Lettre de commentaires du D\u00e9partement de la conservation de l&#039;environnement du Vermont \u2013 Recertification de Winooski One\/Chace Mill<\/a><\/li>\n<\/ul>\n<h4>Certification 2004<\/h4>\n<ul style=\"color: black;\">\n<li><a href=\"https:\/\/lowimpacthydro.org\/wp-content\/uploads\/2020\/07\/Winooski-Final-Report-2004.pdf\">Rapport d&#039;examen de la certification de Winooski One\/Chace Mill 2004<\/a><\/li>\n<li><a href=\"https:\/\/lowimpacthydro.org\/wp-content\/uploads\/2020\/07\/2004-questionnaire-winooski-modified.pdf\">Questionnaire de certification Winooski One\/Chace Mill<\/a><\/li>\n<\/ul>\n<hr \/>\n<h3>Documents cl\u00e9s<\/h3>\n<ul>\n<li><a href=\"https:\/\/lowimpacthydro.org\/wp-content\/uploads\/2020\/07\/FERC_order.pdf\">Licence FERC et \u00e9valuation environnementale de Winooski One\/Chace Mill<\/a><\/li>\n<li><a href=\"https:\/\/lowimpacthydro.org\/wp-content\/uploads\/2020\/07\/401cert.pdf\">Certificat de qualit\u00e9 de l&#039;eau de Winooski One\/Chace Mill<\/a><\/li>\n<\/ul>","protected":false},"excerpt":{"rendered":"<p>Project Name Winooski One\/Chace Mill LIHI Certificate No. 16 LIHI Certificate Term July 29, 2019 &#8211; July 28, 2032 Owner Burlington Electric Dept. State Vermont Location<span class=\"excerpt-hellip\"> [\u2026]<\/span><\/p>\n","protected":false},"author":3,"featured_media":-1,"parent":0,"menu_order":0,"comment_status":"closed","ping_status":"closed","template":"","meta":{"_coblocks_attr":"","_coblocks_dimensions":"","_coblocks_responsive_height":"","_coblocks_accordion_ie_support":"","om_disable_all_campaigns":false,"_monsterinsights_skip_tracking":false,"_monsterinsights_sitenote_active":false,"_monsterinsights_sitenote_note":"","_monsterinsights_sitenote_category":0,"footnotes":""},"class_list":["post-2321","page","type-page","status-publish","has-post-thumbnail","hentry"],"aioseo_notices":[],"_links":{"self":[{"href":"https:\/\/lowimpacthydro.org\/fr\/wp-json\/wp\/v2\/pages\/2321","targetHints":{"allow":["GET"]}}],"collection":[{"href":"https:\/\/lowimpacthydro.org\/fr\/wp-json\/wp\/v2\/pages"}],"about":[{"href":"https:\/\/lowimpacthydro.org\/fr\/wp-json\/wp\/v2\/types\/page"}],"author":[{"embeddable":true,"href":"https:\/\/lowimpacthydro.org\/fr\/wp-json\/wp\/v2\/users\/3"}],"replies":[{"embeddable":true,"href":"https:\/\/lowimpacthydro.org\/fr\/wp-json\/wp\/v2\/comments?post=2321"}],"version-history":[{"count":13,"href":"https:\/\/lowimpacthydro.org\/fr\/wp-json\/wp\/v2\/pages\/2321\/revisions"}],"predecessor-version":[{"id":9869,"href":"https:\/\/lowimpacthydro.org\/fr\/wp-json\/wp\/v2\/pages\/2321\/revisions\/9869"}],"wp:featuredmedia":[{"embeddable":true,"href":"https:\/\/lowimpacthydro.org\/fr\/wp-json\/"}],"wp:attachment":[{"href":"https:\/\/lowimpacthydro.org\/fr\/wp-json\/wp\/v2\/media?parent=2321"}],"curies":[{"name":"wp","href":"https:\/\/api.w.org\/{rel}","templated":true}]}}