{"id":2210,"date":"2020-07-28T18:08:55","date_gmt":"2020-07-28T22:08:55","guid":{"rendered":"https:\/\/lowimpacthydro.org\/?page_id=2210"},"modified":"2025-05-02T11:31:51","modified_gmt":"2025-05-02T15:31:51","slug":"lihi-certificate-191-american-tissue-project-maine","status":"publish","type":"page","link":"https:\/\/lowimpacthydro.org\/fr\/lihi-certificate-191-american-tissue-project-maine\/","title":{"rendered":"Projet am\u00e9ricain sur les tissus, LIHI #191, Maine"},"content":{"rendered":"<table class=\"alignright\" style=\"width: 351px; border: 2px; cellspacing: 2px; cellpadding: 2px; margin-left: 50px;\">\n<tbody>\n<tr>\n<td width=\"162\"><strong>Nom du projet<\/strong><\/td>\n<td width=\"165\">Tissu am\u00e9ricain<\/td>\n<\/tr>\n<tr>\n<td style=\"width: 154px;\"><strong>Num\u00e9ro de certificat LIHI<\/strong><\/td>\n<td style=\"width: 211px;\">191<\/td>\n<\/tr>\n<tr>\n<td style=\"width: 154px;\"><strong>Dur\u00e9e du certificat LIHI<\/strong><\/td>\n<td style=\"width: 211px;\">26 avril 2022 \u2013 25 avril 2032<\/td>\n<\/tr>\n<tr>\n<td width=\"162\"><strong>Propri\u00e9taire<\/strong><\/td>\n<td width=\"165\">KEI (Maine) Power Management (III) LLC<\/td>\n<\/tr>\n<tr>\n<td width=\"162\"><strong>\u00c9tat<\/strong><\/td>\n<td width=\"165\">Maine<\/td>\n<\/tr>\n<tr>\n<td width=\"162\"><strong>Emplacement<\/strong><\/td>\n<td width=\"165\">Rivi\u00e8re Mile 1.2 sur le ruisseau Cobbosseecontee<\/td>\n<\/tr>\n<tr>\n<td width=\"162\"><strong>Capacit\u00e9 install\u00e9e<\/strong><\/td>\n<td width=\"165\">1,0 MW<\/td>\n<\/tr>\n<tr>\n<td width=\"162\"><strong>G\u00e9n\u00e9ration annuelle moyenne<\/strong><\/td>\n<td width=\"165\">5 430 MWh<\/td>\n<\/tr>\n<tr>\n<td width=\"162\"><strong>Type d&#039;\u00e9tablissement<\/strong><\/td>\n<td width=\"165\">Au fil de l&#039;eau<\/td>\n<\/tr>\n<tr>\n<td width=\"162\"><strong><span class='tooltipsall tooltip_post_id_5565 classtoolTips152'>F\u00e9d\u00e9ration internationale de radio-t\u00e9l\u00e9vision (FERC)<\/span> Non.<\/strong><\/td>\n<td width=\"165\">P-2809, d\u00e9livr\u00e9 en 2019, expire le 30\/04\/2059<\/td>\n<\/tr>\n<\/tbody>\n<\/table>\n<p>Le projet American Tissue est situ\u00e9 sur le ruisseau Cobbosseecontee \u00e0 Gardiner, dans le comt\u00e9 de Kennebec, dans le Maine. Des cinq barrages situ\u00e9s sur ce ruisseau de 18 kilom\u00e8tres, ce projet est le seul. <span class='tooltipsall tooltip_post_id_5545 classtoolTips158'>barrage<\/span> utilis\u00e9 pour la production d&#039;hydro\u00e9lectricit\u00e9.<\/p>\n<p>Le barrage du projet a \u00e9t\u00e9 construit en 1900 et exploit\u00e9 comme un <span class='tooltipsall tooltip_post_id_5643 classtoolTips52'>au fil de l&#039;eau<\/span> installation jusqu&#039;\u00e0 ce que le <span class='tooltipsall tooltip_post_id_5624 classtoolTips102'>centrale<\/span> a \u00e9t\u00e9 d\u00e9truit par un incendie en 1970. Le projet a \u00e9t\u00e9 r\u00e9autoris\u00e9 le 9 mai 1979 et a commenc\u00e9 \u00e0 fonctionner une fois la reconstruction termin\u00e9e en 1983.<\/p>\n<p>Le projet comprend un <span class='tooltipsall tooltip_post_id_5580 classtoolTips81'>barrage-poids<\/span> compos\u00e9 de :<\/p>\n<ul style=\"color: black;\">\n<li>un 61 pieds de long, 26 pieds de haut et 7 pieds de large \u00e0 l&#039;ouest <span class='tooltipsall tooltip_post_id_5514 classtoolTips118'>pilier<\/span> avec 2 pieds de haut <span class='tooltipsall tooltip_post_id_5569 classtoolTips79'>tableaux d&#039;affichage<\/span>;<\/li>\n<li>un 100 pieds de long <span class='tooltipsall tooltip_post_id_5651 classtoolTips116'>d\u00e9versoir<\/span> Sa hauteur varie de 5,8 \u00e0 7,1 m\u00e8tres, avec des planches de 30 cm de haut, culminant \u00e0 une altitude de 38,1 m (123,3 pi\u00b3\/s). Le d\u00e9versoir a une capacit\u00e9 de d\u00e9charge de 2\u00a0800 m\u00b3\/s (8\u00a0700 pi\u00b3\/s) \u00e0 une altitude de 39,7 m (128,7 pi\u00b3\/s).<\/li>\n<li>une cul\u00e9e est de 95 pieds de long, 27 pieds de haut et 10 pieds de large ;<\/li>\n<\/ul>\n<p>Les autres composantes du projet comprennent :<\/p>\n<ul style=\"color: black;\">\n<li>trois tuyaux de 4,67 pieds de diam\u00e8tre avec de l&#039;acier <span class='tooltipsall tooltip_post_id_5649 classtoolTips91'>glisser <span class='tooltipsall tooltip_post_id_5578 classtoolTips153'>portes<\/span><\/span> situ\u00e9 \u00e0 la base du barrage<\/li>\n<li>en aval <span class='tooltipsall tooltip_post_id_5568 classtoolTips128'>passe \u00e0 poissons<\/span> avec <span class='tooltipsall tooltip_post_id_5620 classtoolTips86'>piscine de plong\u00e9e<\/span>;<\/li>\n<li>un amont <span class='tooltipsall tooltip_post_id_5556 classtoolTips98'>\u00e9chelle \u00e0 anguilles<\/span>;<\/li>\n<li>une prise d&#039;eau avec des grilles \u00e0 d\u00e9chets espac\u00e9es de 2 pouces qui font passer l&#039;eau dans une canalisation souterraine en acier de 280 pieds de long sur 7 pieds de diam\u00e8tre <span class='tooltipsall tooltip_post_id_5619 classtoolTips124'>conduite forc\u00e9e<\/span> Du 1er juin au 15 novembre, le ma\u00eetre d&#039;ouvrage installe un syst\u00e8me complet de grille \u00e0 d\u00e9chets pour r\u00e9duire l&#039;espace libre \u00e0 2,2 cm.<\/li>\n<li>une centrale \u00e9lectrique contenant une turbine\/alternateur Kaplan de 1,0 MW. La turbine<br \/>\npeut fonctionner \u00e0 des d\u00e9bits hydrauliques allant de 100 CFS \u00e0 360 CFS\u00a0;<\/li>\n<li>un canal de fuite;<\/li>\n<li>une ligne de transmission de 12 kilovolts (kV) de 250 pieds de long avec \u00e9l\u00e9vateur <span class='tooltipsall tooltip_post_id_5665 classtoolTips70'>transformateur<\/span>.<\/li>\n<\/ul>\n<p>Le projet fonctionne au fil de l&#039;eau et retient un r\u00e9servoir de 5,5 acres, cr\u00e9ant ainsi un tron\u00e7on de d\u00e9rivation de 345 pieds de long. Un d\u00e9bit minimal de d\u00e9rivation de 10 pi\u00b3\/s est assur\u00e9 du 1er d\u00e9cembre au 31 mai et de 29 pi\u00b3\/s du 1er juin au 30 novembre. Apr\u00e8s la lib\u00e9ration du d\u00e9bit minimal, si le d\u00e9bit restant est inf\u00e9rieur \u00e0 100 pi\u00b3\/s, la turbine est arr\u00eat\u00e9e et le d\u00e9bit restant est d\u00e9vers\u00e9 par le d\u00e9versoir. <span class='tooltipsall tooltip_post_id_5591 classtoolTips139'>Afflux<\/span> Un d\u00e9bit de 100 \u00e0 360 pi\u00b3\/s est achemin\u00e9 par la turbine tout en maintenant le niveau normal du bassin d&#039;amont. Un d\u00e9bit entrant sup\u00e9rieur \u00e0 360 pi\u00b3\/s est achemin\u00e9 par le d\u00e9versoir. Ce r\u00e9gime d&#039;\u00e9coulement a \u00e9t\u00e9 \u00e9labor\u00e9 en collaboration avec le Service am\u00e9ricain de la p\u00eache et de la faune sauvage (US Fish and Wildlife Service).<\/p>\n<p>Les eaux situ\u00e9es dans le p\u00e9rim\u00e8tre du projet sont class\u00e9es en classe B et accueillent des usages sp\u00e9cifiques, notamment l&#039;habitat du biote aquatique, l&#039;approvisionnement en eau potable apr\u00e8s traitement, la p\u00eache \u00e0 la ligne, les loisirs aquatiques et la production d&#039;hydro\u00e9lectricit\u00e9. Des analyses de la qualit\u00e9 de l&#039;eau ont \u00e9t\u00e9 r\u00e9alis\u00e9es sur le p\u00e9rim\u00e8tre du projet de juin \u00e0 octobre 2015. Les r\u00e9sultats ont \u00e9t\u00e9 confirm\u00e9s par le D\u00e9partement de la protection de l&#039;environnement du Maine (MDEP) comme \u00e9tant conformes aux normes de classe B pour l&#039;oxyg\u00e8ne dissous. Cependant, en raison de la charge en nutriments provenant de sources en amont, les normes de classe B pour la vie aquatique n&#039;\u00e9taient pas respect\u00e9es. Selon le MDEP, le projet ne cause ni ne contribue \u00e0 l&#039;enrichissement en nutriments.<\/p>\n<p>Le ruisseau Cobbosseecontee a historiquement soutenu les migrations de sept esp\u00e8ces indig\u00e8nes <span class='tooltipsall tooltip_post_id_5549 classtoolTips96'>diadrome<\/span> poisson. \u00c0 commencer par le carton Gardiner <span class='tooltipsall tooltip_post_id_5545 classtoolTips158'>Barrage<\/span>, l&#039;introduction de barrages sans <span class='tooltipsall tooltip_post_id_5568 classtoolTips128'>passes \u00e0 poissons<\/span> s\u00e9v\u00e8rement r\u00e9duit ou <span class='tooltipsall tooltip_post_id_5561 classtoolTips99'>extirp\u00e9<\/span> Ces esp\u00e8ces ont \u00e9t\u00e9 repouss\u00e9es du cours d&#039;eau. Le gaspareau, l&#039;alose savoureuse, le saumon atlantique, le hareng d&#039;\u00e9t\u00e9, l&#039;\u00e9perlan arc-en-ciel et le bar ray\u00e9 ont tous \u00e9t\u00e9 emp\u00each\u00e9s de remonter le courant. Le barrage du projet a \u00e9t\u00e9 construit en 1879, plus de 100 ans apr\u00e8s la construction du barrage le plus bas, le barrage Gardiner Paperboard n\u00b0 5 (en 1761). Le gaspareau a \u00e9t\u00e9 r\u00e9introduit dans la rivi\u00e8re pour attirer la p\u00eache sportive, une strat\u00e9gie efficace mise en \u0153uvre par le D\u00e9partement des ressources marines du Maine (MDMR). Le ma\u00eetre d&#039;ouvrage a consult\u00e9 le MDEP, le MDMR, le Maine Inland Fisheries and Wildlife et le National Marine Fisheries Service pour concevoir et mettre en place des installations permanentes de passage en amont pour l&#039;anguille d&#039;Am\u00e9rique. La passe \u00e0 anguilles est en service du 1er juin au 15 septembre, ou selon les recommandations des organismes de gestion des ressources en fonction des conditions du site. En aval <span class='tooltipsall tooltip_post_id_5566 classtoolTips59'>passage des poissons<\/span> Les installations sont ouvertes du 1er juin au 30 novembre, ou selon les recommandations des organismes de gestion des ressources en fonction des conditions du site. Le passage de l&#039;anguille d&#039;Am\u00e9rique en aval est ouvert du 15 ao\u00fbt au 15 novembre.<\/p>\n<p>Le terrain du projet s&#039;\u00e9tend sur environ 7 acres. Le bassin versant de Cobbosseecontee pr\u00e9sente un relief principalement vallonn\u00e9, compos\u00e9 de collines et de vall\u00e9es de faible altitude. La zone du projet est principalement bois\u00e9e en altitude, avec des for\u00eats de feuillus et mixtes bordant le rivage.<\/p>\n<p>Les esp\u00e8ces menac\u00e9es ou en voie de disparition potentiellement pr\u00e9sentes \u00e0 proximit\u00e9 du projet comprennent la chauve-souris nordique \u00e0 longues oreilles, la petite chauve-souris brune, la chauve-souris pygm\u00e9e de l&#039;Est, la grande chauve-souris brune, la chauve-souris rousse, la chauve-souris cendr\u00e9e, la chauve-souris argent\u00e9e et la chauve-souris de l&#039;Est. La zone du projet ne pr\u00e9sente pas d&#039;habitat essentiel pour ces esp\u00e8ces. De plus, compte tenu de sa faible empreinte, le projet est peu susceptible d&#039;avoir un impact n\u00e9gatif sur les esp\u00e8ces r\u00e9pertori\u00e9es.<\/p>\n<p>La zone du projet abrite les vestiges du moulin Gardiner, situ\u00e9s sous le bassin de retenue et expos\u00e9s bri\u00e8vement lors des op\u00e9rations d&#039;ass\u00e8chement programm\u00e9es. On sait peu de choses sur l&#039;int\u00e9grit\u00e9 de ces vestiges et sur leur \u00e9ligibilit\u00e9 \u00e0 l&#039;inscription sur la Liste du patrimoine mondial. <span class='tooltipsall tooltip_post_id_5606 classtoolTips1'>Registre national des lieux historiques<\/span>Une consultation avec le responsable de la pr\u00e9servation historique de l&#039;\u00c9tat doit avoir lieu avant les retraits afin de prescrire des mesures de protection pour aider \u00e0 pr\u00e9server toute propri\u00e9t\u00e9 historique qui pourrait \u00eatre expos\u00e9e.<\/p>\n<p>Les ressources r\u00e9cr\u00e9atives \u00e0 proximit\u00e9 du projet comprennent un parc municipal pr\u00e8s du bassin de retenue. L&#039;acc\u00e8s aux terrains du projet est g\u00e9n\u00e9ralement restreint en raison du relief bois\u00e9 escarp\u00e9 et des activit\u00e9s industrielles et commerciales sur la rive sud. Un itin\u00e9raire de portage informel en canot est accessible depuis le bassin de retenue jusqu&#039;\u00e0 une rampe de mise \u00e0 l&#039;eau pour bateaux \u00e0 main en aval du barrage Gardiner Paperboard.<\/p>\n<hr \/>\n<h3>\u00c9tat de conformit\u00e9<\/h3>\n<p><strong>Le certificat comprend les conditions sp\u00e9cifiques \u00e0 l&#039;\u00e9tablissement suivantes :<\/strong><\/p>\n<p><strong>Condition 1 :<\/strong> Dans les rapports annuels de conformit\u00e9 soumis au LIHI, le propri\u00e9taire de l&#039;installation doit fournir des copies de tous les rapports annuels sur les passes \u00e0 poissons en amont et en aval, ainsi que les r\u00e9sultats du suivi de l&#039;efficacit\u00e9. Un r\u00e9sum\u00e9 des commentaires et\/ou recommandations de l&#039;agence concernant l&#039;am\u00e9lioration des passes \u00e0 poissons, ainsi qu&#039;un plan et un calendrier de mise en \u0153uvre de ces modifications, doivent \u00e9galement \u00eatre fournis.<\/p>\n<p><strong>Condition 2 :<\/strong> Devrait en amont <span class='tooltipsall tooltip_post_id_5518 classtoolTips36'>poisson anadrome<\/span> Si le passage est requis pendant la p\u00e9riode de certification LIHI, le propri\u00e9taire de l&#039;\u00e9tablissement doit en informer LIHI dans les 60 jours suivant le d\u00e9but de la consultation de l&#039;agence et doit r\u00e9sumer les progr\u00e8s r\u00e9alis\u00e9s vers l&#039;ach\u00e8vement des installations de passage dans les soumissions annuelles de conformit\u00e9 au LIHI.<\/p>\n<p><strong>Condition 3 :<\/strong> Dans les soumissions annuelles de conformit\u00e9 au LIHI, le propri\u00e9taire de l&#039;installation doit indiquer si des baisses de niveau de retenue ont eu lieu qui d\u00e9clencheraient une consultation du SHPO et doit confirmer que des enqu\u00eates appropri\u00e9es de consultation, de reconnaissance et d&#039;\u00e9ligibilit\u00e9 ont \u00e9t\u00e9 r\u00e9alis\u00e9es.<\/p>\n<p><strong>2025:<\/strong> Aucun changement important ni probl\u00e8me de conformit\u00e9 n&#039;a \u00e9t\u00e9 identifi\u00e9. Le projet demeure conforme suite \u00e0 l&#039;examen annuel. Concernant la condition 1, le projet a indiqu\u00e9 qu&#039;il attendait toujours les commentaires de l&#039;agence sur les rapports annuels 2023 et 2024. Concernant les conditions 2 et 3, le projet n&#039;a signal\u00e9 aucune activit\u00e9.<\/p>\n<p><strong>2024:<\/strong> Aucun changement important ni probl\u00e8me de conformit\u00e9 n&#039;a \u00e9t\u00e9 identifi\u00e9. Le projet demeure conforme suite \u00e0 l&#039;examen annuel. Concernant la condition 1, le projet a indiqu\u00e9 attendre les commentaires des organismes sur le projet de rapport 2023. Concernant la condition 2, le projet n&#039;a signal\u00e9 aucune demande de passage de poissons. Concernant la condition 3, le projet n&#039;a signal\u00e9 aucun rabattement.<\/p>\n<p><strong>2023:<\/strong> Aucun changement important ni probl\u00e8me de conformit\u00e9 n&#039;a \u00e9t\u00e9 identifi\u00e9. Le projet demeure conforme suite \u00e0 l&#039;examen annuel. Concernant la condition 1, le projet a indiqu\u00e9 qu&#039;un projet de rapport annuel est en cours d&#039;examen par les organismes. Concernant la condition 2, le projet n&#039;a signal\u00e9 aucune demande de passage de poissons. Concernant la condition 3, le projet n&#039;a signal\u00e9 aucun rabattement.<\/p>\n<p><strong>2022:<\/strong> Le rapport annuel pour le certificat actuel n\u2019est pas encore entr\u00e9 en vigueur.<\/p>\n<hr \/>\n<h3>Historique des certifications<\/h3>\n<p><strong>9 ao\u00fbt 2022 :<\/strong> La d\u00e9cision de certifier l&#039;American Tissue Project est devenue d\u00e9finitive apr\u00e8s la cl\u00f4ture de la p\u00e9riode d&#039;appel, le 4 ao\u00fbt 2022, sans qu&#039;aucun appel n&#039;ait \u00e9t\u00e9 d\u00e9pos\u00e9. La p\u00e9riode de certification s&#039;\u00e9tend du 26 avril 2022 au 25 avril 2032.<\/p>\n<p><strong>5 juillet 2022 :\u00a0<\/strong> Le Low Impact Hydropower Institute (LIHI) a approuv\u00e9 la certification \u00e0 faible impact (LIHI #191 en attente) pour le projet hydro\u00e9lectrique American Tissue. La demande compl\u00e8te et le rapport d&#039;\u00e9valuation sont disponibles ci-dessous. Cette d\u00e9cision est pr\u00e9liminaire, dans l&#039;attente d&#039;un d\u00e9lai d&#039;appel de 30 jours. Seuls les participants ayant comment\u00e9 la demande initiale pendant ce d\u00e9lai de 60 jours peuvent d\u00e9poser un recours. Ce recours doit inclure une explication expliquant en quoi le projet ne r\u00e9pond pas aux crit\u00e8res du LIHI. Les demandes de recours peuvent \u00eatre soumises par courriel \u00e0 l&#039;adresse suivante\u00a0:\u00a0<a href=\"mailto:comments@lowimpacthydro.org\">comments@lowimpacthydro.org<\/a>\u00a0avec \u00ab\u00a0American Tissue Project\u00a0\u00bb dans l&#039;objet, ou par courrier adress\u00e9 au Low Impact Hydropower Institute, 1167 Massachusetts Ave, bureau 407, Arlington, MA 02476. Toutes les demandes seront publi\u00e9es sur le site web. Le demandeur aura la possibilit\u00e9 de r\u00e9pondre, et toute r\u00e9ponse sera \u00e9galement publi\u00e9e.\u00a0<strong>Les demandes doivent \u00eatre re\u00e7ues avant 17 h, heure de l&#039;Est, le 4 ao\u00fbt 2022.<\/strong>Si aucune demande d\u2019appel n\u2019est re\u00e7ue, la p\u00e9riode de certification sera du 26 avril 2022 au 25 avril 2032.<\/p>\n<p><strong>13 novembre 2019 : <\/strong>Le Low Impact Hydropower Institute a re\u00e7u une demande compl\u00e8te de certification \u00e0 faible impact pour le projet hydro\u00e9lectrique American Tissue. Le LIHI sollicite les commentaires du public sur cette demande. Plus pr\u00e9cis\u00e9ment, nous souhaitons savoir si, selon vous, le projet r\u00e9pond aux crit\u00e8res de certification \u00e0 faible impact du LIHI, tels que r\u00e9vis\u00e9s dans la 2e \u00e9dition du manuel. Les documents de candidature sont disponibles ci-dessous. Les commentaires directement li\u00e9s \u00e0 des crit\u00e8res sp\u00e9cifiques du LIHI (d\u00e9bits, qualit\u00e9 de l&#039;eau, passage des poissons, etc.) seront les plus utiles, mais tous les commentaires seront pris en compte. Vous pouvez envoyer vos commentaires \u00e0 l&#039;Institut par courriel \u00e0 l&#039;adresse suivante\u00a0:\u00a0<a href=\"mailto:comments@lowimpacthydro.org\">comments@lowimpacthydro.org<\/a>\u00a0avec \u00ab Commentaires sur le projet American Tissue \u00bb dans l&#039;objet, ou par courrier adress\u00e9 au Low Impact Hydropower Institute, 329 Massachusetts Avenue, Suite 6, Lexington, MA 02420.\u00a0 <strong>Les commentaires doivent \u00eatre re\u00e7us au plus tard \u00e0 17 heures, heure de l&#039;Est, le 12 janvier 2020.<\/strong>\u00a0\u00e0 prendre en consid\u00e9ration. Tous les commentaires seront publi\u00e9s sur le site Web et le candidat aura la possibilit\u00e9 d&#039;y r\u00e9pondre. Toute r\u00e9ponse sera \u00e9galement publi\u00e9e.<\/p>\n<hr \/>\n<h3>Dossiers de certification<\/h3>\n<h4>Certification 2022<\/h4>\n<ul style=\"color: black;\">\n<li><a href=\"https:\/\/lowimpacthydro.org\/wp-content\/uploads\/2022\/06\/American-Tissue-Certification-Review_2022-final.pdf\">Rapport de l&#039;American Tissue Review 2022<\/a><\/li>\n<li><a href=\"https:\/\/lowimpacthydro.org\/wp-content\/uploads\/2020\/07\/American-Tissue_LIHI-Application_Final_11-5-2019.pdf\">Candidature LIHI 2019 pour l&#039;American Tissue<\/a><\/li>\n<li><a href=\"https:\/\/lowimpacthydro.org\/wp-content\/uploads\/2020\/07\/USFWS-American-Tissue-Comment.pdf\">Lettre de commentaires du Service am\u00e9ricain de la p\u00eache et de la faune sauvage \u2013 American Tissue 2020<\/a><\/li>\n<li><a href=\"https:\/\/lowimpacthydro.org\/wp-content\/uploads\/2020\/07\/NMFS-American-Tissue-Project-Comments.pdf\">Lettre de commentaires du NMFS \u2013 American Tissue 2020<\/a><\/li>\n<li><a href=\"https:\/\/lowimpacthydro.org\/wp-content\/uploads\/2020\/07\/ME-Marine-Resources-American-Tissue-2020-01-06-LIHI-comments.pdf\">Lettre de commentaires sur les ressources marines du Maine \u2013 American Tissue 2020<\/a><\/li>\n<li><a href=\"https:\/\/lowimpacthydro.org\/wp-content\/uploads\/2020\/07\/Maine-Rivers-American-Tissue-Project-Comments.pdf\">Lettre de commentaires sur les rivi\u00e8res du Maine \u2013 American Tissue 2020<\/a><\/li>\n<li><a href=\"https:\/\/lowimpacthydro.org\/wp-content\/uploads\/2020\/07\/J-Wells-comment-letter-American-Tissue.pdf\">Lettre de commentaires de Wells \u2013 American Tissue 2020<\/a><\/li>\n<li><a href=\"https:\/\/lowimpacthydro.org\/wp-content\/uploads\/2020\/07\/2019-11-18-American-Tissue-LIHI-comment-Maine-Department-of-Environmental-Protection.pdf\">Lettre de commentaires du MDEP \u2013 American Tissue 2020<\/a><\/li>\n<li><a href=\"https:\/\/lowimpacthydro.org\/wp-content\/uploads\/2020\/07\/Upstream-Comments.pdf\">Lettre de commentaires en amont \u2013 American Tissue 2020<\/a><\/li>\n<\/ul>\n<hr \/>\n<h3>Documents cl\u00e9s<\/h3>\n<ul>\n<li><a href=\"https:\/\/lowimpacthydro.org\/wp-content\/uploads\/2024\/05\/20190430-FERC-license-American-Tissue.pdf\">Licence FERC 2019<\/a><\/li>\n<li><a href=\"https:\/\/lowimpacthydro.org\/wp-content\/uploads\/2024\/05\/2018-WQC-American-Tissue.pdf\">Certification de la qualit\u00e9 de l&#039;eau 2018<\/a><\/li>\n<li><a href=\"https:\/\/lowimpacthydro.org\/wp-content\/uploads\/2024\/05\/2018-FERC-EA-American-Tissue.pdf\">\u00c9valuation environnementale de la FERC 2018<\/a><\/li>\n<\/ul>","protected":false},"excerpt":{"rendered":"<p>Project Name American Tissue LIHI Certificate No. 191 LIHI Certificate Term April 26, 2022 &#8211; April 25, 2032 Owner KEI (Maine) Power Management (III) LLC State<span class=\"excerpt-hellip\"> [\u2026]<\/span><\/p>\n","protected":false},"author":3,"featured_media":4088,"parent":0,"menu_order":0,"comment_status":"closed","ping_status":"closed","template":"","meta":{"_coblocks_attr":"","_coblocks_dimensions":"","_coblocks_responsive_height":"","_coblocks_accordion_ie_support":"","om_disable_all_campaigns":false,"_monsterinsights_skip_tracking":false,"_monsterinsights_sitenote_active":false,"_monsterinsights_sitenote_note":"","_monsterinsights_sitenote_category":0,"footnotes":""},"class_list":["post-2210","page","type-page","status-publish","has-post-thumbnail","hentry"],"aioseo_notices":[],"_links":{"self":[{"href":"https:\/\/lowimpacthydro.org\/fr\/wp-json\/wp\/v2\/pages\/2210","targetHints":{"allow":["GET"]}}],"collection":[{"href":"https:\/\/lowimpacthydro.org\/fr\/wp-json\/wp\/v2\/pages"}],"about":[{"href":"https:\/\/lowimpacthydro.org\/fr\/wp-json\/wp\/v2\/types\/page"}],"author":[{"embeddable":true,"href":"https:\/\/lowimpacthydro.org\/fr\/wp-json\/wp\/v2\/users\/3"}],"replies":[{"embeddable":true,"href":"https:\/\/lowimpacthydro.org\/fr\/wp-json\/wp\/v2\/comments?post=2210"}],"version-history":[{"count":15,"href":"https:\/\/lowimpacthydro.org\/fr\/wp-json\/wp\/v2\/pages\/2210\/revisions"}],"predecessor-version":[{"id":9597,"href":"https:\/\/lowimpacthydro.org\/fr\/wp-json\/wp\/v2\/pages\/2210\/revisions\/9597"}],"wp:featuredmedia":[{"embeddable":true,"href":"https:\/\/lowimpacthydro.org\/fr\/wp-json\/wp\/v2\/media\/4088"}],"wp:attachment":[{"href":"https:\/\/lowimpacthydro.org\/fr\/wp-json\/wp\/v2\/media?parent=2210"}],"curies":[{"name":"wp","href":"https:\/\/api.w.org\/{rel}","templated":true}]}}