{"id":2195,"date":"2020-07-28T09:07:41","date_gmt":"2020-07-28T13:07:41","guid":{"rendered":"https:\/\/lowimpacthydro.org\/?page_id=2195"},"modified":"2025-10-13T12:21:29","modified_gmt":"2025-10-13T16:21:29","slug":"lihi-certificate-21-buffalo-river-hydroelectric-project-idaho","status":"publish","type":"page","link":"https:\/\/lowimpacthydro.org\/fr\/lihi-certificate-21-buffalo-river-hydroelectric-project-idaho\/","title":{"rendered":"Certificat LIHI #21 \u2013 Projet hydro\u00e9lectrique de la rivi\u00e8re Buffalo, Idaho"},"content":{"rendered":"<table class=\"alignright\" style=\"width: 351px; border: 2px; cellspacing: 2px; cellpadding: 2px; margin-left: 50px;\">\n<tbody>\n<tr>\n<td style=\"width: 39.1593%;\"><strong>Nom du projet<\/strong><\/td>\n<td style=\"width: 59.0708%;\">Rivi\u00e8re Buffalo<\/td>\n<\/tr>\n<tr>\n<td style=\"width: 39.1593%;\"><strong>Num\u00e9ro de certificat LIHI<\/strong><\/td>\n<td style=\"width: 59.0708%;\">21<\/td>\n<\/tr>\n<tr>\n<td style=\"width: 39.1593%;\"><strong>Dur\u00e9e du certificat LIHI<br \/>\n<\/strong><\/td>\n<td style=\"width: 59.0708%;\">28 novembre 2021 \u2013 27 novembre 2031<\/td>\n<\/tr>\n<tr>\n<td style=\"width: 39.1593%;\"><strong>Propri\u00e9taire<\/strong><\/td>\n<td style=\"width: 59.0708%;\">Coop\u00e9rative \u00e9lectrique rurale de Fall River Inc.<\/td>\n<\/tr>\n<tr>\n<td style=\"width: 39.1593%;\"><strong>\u00c9tat<\/strong><\/td>\n<td style=\"width: 59.0708%;\">Idaho<\/td>\n<\/tr>\n<tr>\n<td style=\"width: 39.1593%;\"><strong>Emplacement<\/strong><\/td>\n<td style=\"width: 59.0708%;\">Situ\u00e9 au mile 1 de la rivi\u00e8re Buffalo, \u00e0 environ 200 m\u00e8tres en amont de la confluence de la rivi\u00e8re Buffalo avec la rivi\u00e8re Henry&#039;s Fork, et \u00e0 environ 39 miles au nord d&#039;Ashton, dans le pays de Fremont, dans l&#039;Idaho.<\/td>\n<\/tr>\n<tr>\n<td style=\"width: 39.1593%;\"><strong>Capacit\u00e9 install\u00e9e<\/strong><\/td>\n<td style=\"width: 59.0708%;\">0,25 MW<\/td>\n<\/tr>\n<tr>\n<td style=\"width: 39.1593%;\"><strong>G\u00e9n\u00e9ration annuelle moyenne<\/strong><\/td>\n<td style=\"width: 59.0708%;\">1 647 MWh<\/td>\n<\/tr>\n<tr>\n<td style=\"width: 39.1593%;\"><strong>Type d&#039;\u00e9tablissement<\/strong><\/td>\n<td style=\"width: 59.0708%;\"><span class='tooltipsall tooltip_post_id_5643 classtoolTips52'>Au fil de l&#039;eau<\/span><\/td>\n<\/tr>\n<tr>\n<td style=\"width: 39.1593%;\"><strong><span class='tooltipsall tooltip_post_id_5565 classtoolTips152'>F\u00e9d\u00e9ration internationale de radio-t\u00e9l\u00e9vision (FERC)<\/span> Non.<\/strong><\/td>\n<td style=\"width: 59.0708%;\">P-1413 d\u00e9livr\u00e9 en 2004, expire le 31\/10\/2044<\/td>\n<\/tr>\n<\/tbody>\n<\/table>\n<p>Le projet Buffalo River est situ\u00e9 dans la for\u00eat nationale de Targhee, au nord d&#039;Ashton, dans le comt\u00e9 de Fremont, dans l&#039;Idaho. Le projet est le seul <span class='tooltipsall tooltip_post_id_5545 classtoolTips158'>barrage<\/span> situ\u00e9 sur la rivi\u00e8re Buffalo, pr\u00e8s de sa confluence avec la Henry&#039;s Fork de la rivi\u00e8re Snake. Le barrage a \u00e9t\u00e9 construit en 1936 pour g\u00e9n\u00e9rer de l&#039;\u00e9nergie hydro\u00e9lectrique pour la construction du US Bureau of Reclamation <a href=\"https:\/\/lowimpacthydro.org\/fr\/lihi-certificate-2-island-park-hydroelectric-project-idaho\/\">Parc de l&#039;\u00eele <span class='tooltipsall tooltip_post_id_5545 classtoolTips158'>Barrage<\/span> (LIHI-#2)<\/a> et <span class='tooltipsall tooltip_post_id_5633 classtoolTips103'>R\u00e9servoir<\/span>, une partie du projet Minidoka, qui fournit de l&#039;eau pour irriguer les terres agricoles de la plaine de la rivi\u00e8re Snake, dans l&#039;Idaho. L&#039;installation a ensuite \u00e9t\u00e9 acquise par Ponds Lodge, un complexe h\u00f4telier situ\u00e9 en amont de la rivi\u00e8re Buffalo, dans la ville d&#039;Island Park. Elle a fourni de l&#039;\u00e9lectricit\u00e9 au lodge jusqu&#039;\u00e0 la fin de la guerre. <span class='tooltipsall tooltip_post_id_5624 classtoolTips102'>centrale<\/span> La centrale hydro\u00e9lectrique de Fall River a \u00e9t\u00e9 frapp\u00e9e par la foudre et a br\u00fbl\u00e9 en 1986. Buffalo Hydro, Inc. a acquis une nouvelle licence pour le projet en 1989 et a reconstruit la centrale, reprenant l&#039;exploitation hydro\u00e9lectrique en 1994. En 1997, Buffalo Hydro, Inc. a vendu le projet au propri\u00e9taire actuel, Fall River Rural Electric Cooperative Inc.<\/p>\n<p>Le barrage du projet est un barrage en bois rempli de roches de 142 pieds de long sur 12 pieds de haut. <span class='tooltipsall tooltip_post_id_5551 classtoolTips110'>d\u00e9rivation<\/span> barrage avec une dalle de b\u00e9ton de 40 pieds de long sur 3 pieds de haut <span class='tooltipsall tooltip_post_id_5651 classtoolTips116'>d\u00e9versoir<\/span> avec <span class='tooltipsall tooltip_post_id_5655 classtoolTips105'>b\u00fbches d&#039;arr\u00eat<\/span>. La structure d&#039;admission en b\u00e9ton contient une vanne coulissante en acier de 5 pieds. <span class='tooltipsall tooltip_post_id_5619 classtoolTips124'>conduite forc\u00e9e<\/span> est un tuyau en acier recouvert de b\u00e9ton de 52 pieds de long sur 5 pieds de diam\u00e8tre. La structure d&#039;admission comprend <span class='tooltipsall tooltip_post_id_5567 classtoolTips78'>\u00e9crans \u00e0 poissons<\/span> et un nettoyeur d&#039;\u00e9cran m\u00e9canique ayant des ouvertures de 0,25 pouce. <span class='tooltipsall tooltip_post_id_5568 classtoolTips128'>passe \u00e0 poissons<\/span> La centrale \u00e9lectrique mesure 270 pieds de long et pr\u00e9sente un angle de 45 degr\u00e9s. La centrale en blocs de ma\u00e7onnerie est \u00e9quip\u00e9e d&#039;une seule turbine \u00e0 arbre inclin\u00e9 Bouvier Kaplan d&#039;une capacit\u00e9 de 0,25 MW. Le projet comprend une ligne de transport souterraine de 1 800 pieds de long.<\/p>\n<p>Le projet op\u00e8re dans un <span class='tooltipsall tooltip_post_id_5643 classtoolTips52'>au fil de l&#039;eau<\/span> Le projet consiste \u00e0 d\u00e9tourner un d\u00e9bit fixe de 100 pi3\/s de la rivi\u00e8re Buffalo tout au long de l&#039;ann\u00e9e.\u00a0 <span class='tooltipsall tooltip_post_id_5591 classtoolTips139'>Afflux<\/span> plus de 100 pi3\/s sont transmis par le barrage et le d\u00e9versoir. Les d\u00e9bits de base dans le tron\u00e7on contourn\u00e9 sont en moyenne d&#039;environ 100 pi3\/s de juin \u00e0 mars et d\u00e9passent 200 pi3\/s en avril et mai, ce qui est sup\u00e9rieur \u00e0 la recommandation de d\u00e9bit du D\u00e9partement de la p\u00eache et de la chasse de l&#039;Idaho de 50 pi3\/s<\/p>\n<p>Les eaux situ\u00e9es dans la zone de projet sont destin\u00e9es \u00e0 la vie aquatique (frai des salmonid\u00e9s), aux loisirs de contact primaire et \u00e0 l&#039;approvisionnement en eau domestique. La d\u00e9signation de frai des salmonid\u00e9s comprend des crit\u00e8res plus stricts en mati\u00e8re de temp\u00e9rature et d&#039;oxyg\u00e8ne dissous. Le D\u00e9partement de la qualit\u00e9 environnementale de l&#039;Idaho a conclu que le projet n&#039;a pas d&#039;effet n\u00e9gatif sur ces d\u00e9signations.<\/p>\n<p>Dans les ann\u00e9es 1930, la construction du barrage de la rivi\u00e8re Buffalo a bloqu\u00e9 le cours d&#039;eau en amont <span class='tooltipsall tooltip_post_id_5566 classtoolTips59'>passage des poissons<\/span> jusqu&#039;\u00e0 la rivi\u00e8re Buffalo, le seul grand affluent de la Henry&#039;s Fork entre le barrage d&#039;Island Park et les chutes Mesa, deux barri\u00e8res qui isolent ce tron\u00e7on de la Henry&#039;s Fork. En 1996, un groupe de travail du Henry&#039;s Fork Watershed Council a r\u00e9alis\u00e9 l&#039;objectif de r\u00e9tablir la migration des poissons de la Henry&#039;s Fork vers la rivi\u00e8re Buffalo en achevant une \u00e9chelle \u00e0 poissons au barrage de la rivi\u00e8re Buffalo, rempla\u00e7ant celle construite dans les ann\u00e9es 1930. L&#039;\u00e9chelle \u00e0 poissons a \u00e9t\u00e9 am\u00e9lior\u00e9e en 2006 pour permettre aux truites arc-en-ciel et aux truites de ruisseau juv\u00e9niles d&#039;acc\u00e9der \u00e0 l&#039;habitat hivernal et pour augmenter le nombre de truites reproductrices migrant en amont dans l&#039;espoir d&#039;augmenter le recrutement pour la p\u00eacherie de la Henry&#039;s Fork. Le projet exploite une passe \u00e0 poissons de 270 pieds de long qui offre un passage en amont pour la truite arc-en-ciel. Le tron\u00e7on du projet abrite \u00e9galement le cor\u00e9gone des montagnes et plusieurs esp\u00e8ces non p\u00each\u00e9es. <span class='tooltipsall tooltip_post_id_5594 classtoolTips140'>Admission<\/span> un tamisage avec un espacement de 1\/4 pouce avec une vitesse d&#039;approche maximale de 0,8 pied par seconde minimise les poissons <span class='tooltipsall tooltip_post_id_5558 classtoolTips77'>entra\u00eenement<\/span>.\u00a0 <span class='tooltipsall tooltip_post_id_5549 classtoolTips96'>Diadrome<\/span> la migration des poissons n&#039;a jamais eu lieu dans le cadre du projet en raison des barri\u00e8res naturelles en aval.<\/p>\n<p>Les terres du projet s&#039;\u00e9tendent sur environ 10 acres dans la for\u00eat nationale de Targhee, dont moins d&#039;un acre est utilis\u00e9 pour les installations du projet. Le littoral et les terres environnantes appartiennent principalement au gouvernement f\u00e9d\u00e9ral, et le projet n&#039;a aucun contr\u00f4le sur la gestion des terres. Le projet fonctionne selon un plan de gestion de la v\u00e9g\u00e9tation qui prescrit des mesures pour le contr\u00f4le et l&#039;entretien des mauvaises herbes envahissantes dans la zone du projet ainsi que le r\u00e9tablissement des esp\u00e8ces v\u00e9g\u00e9tales indig\u00e8nes dans les zones potentiellement perturb\u00e9es afin de pr\u00e9venir l&#039;\u00e9rosion des sols.<\/p>\n<p>Les esp\u00e8ces menac\u00e9es ou en voie de disparition potentiellement pr\u00e9sentes dans les environs du projet comprennent l&#039;ours grizzli et le lynx du Canada. Des plans de r\u00e9tablissement ont \u00e9t\u00e9 \u00e9labor\u00e9s et mis en \u0153uvre pour l&#039;ours grizzli et le lynx du Canada. L&#039;USFWS a confirm\u00e9 que les op\u00e9rations au fil de l&#039;eau du projet n&#039;interf\u00e8rent pas avec les plans de r\u00e9tablissement des esp\u00e8ces r\u00e9pertori\u00e9es.<\/p>\n<p>Aucune ressource culturelle ou historique n&#039;a \u00e9t\u00e9 identifi\u00e9e dans le cadre du projet. Le projet est ex\u00e9cut\u00e9 conform\u00e9ment \u00e0 un plan de protection des ressources patrimoniales qui traite de la protection et de l&#039;att\u00e9nuation des ressources culturelles dans les terres foresti\u00e8res nationales. Le projet est tenu d&#039;informer le Service forestier des \u00c9tats-Unis et de cesser les travaux si des ressources culturelles sont identifi\u00e9es.<\/p>\n<p>Les ressources r\u00e9cr\u00e9atives du projet comprennent des sentiers de randonn\u00e9e, un acc\u00e8s \u00e0 la p\u00eache en bord de mer et une signalisation associ\u00e9e fournie dans le cadre du plan de gestion des loisirs du projet et d&#039;un plan d&#039;affichage interpr\u00e9tatif. L&#039;acc\u00e8s public est gratuit.<\/p>\n<hr \/>\n<h3>\u00c9tat de conformit\u00e9<\/h3>\n<p><strong>Le certificat comprend la condition sp\u00e9cifique \u00e0 l&#039;\u00e9tablissement suivante :<\/strong><\/p>\n<p><strong><em>Condition partiellement satisfaite en 2022.<\/em> Condition 1 :<\/strong> Dans les d\u00e9clarations annuelles de conformit\u00e9, le propri\u00e9taire de l&#039;installation doit informer le LIHI de l&#039;\u00e9tat d&#039;avancement du projet d&#039;installation du transducteur et de l&#039;\u00e9chelle de mesure, ainsi que de l&#039;\u00e9tat des mises \u00e0 jour du plan de surveillance de la conformit\u00e9 op\u00e9rationnelle afin de refl\u00e9ter les proc\u00e9dures actuelles de surveillance des d\u00e9bits des cours d&#039;eau. Il est pr\u00e9vu que cela soit termin\u00e9 en 2023. Une fois termin\u00e9, le LIHI recevra une copie de l&#039;approbation du plan par la FERC.<\/p>\n<p><strong>2025:<\/strong> Aucun changement important ni probl\u00e8me de conformit\u00e9 n&#039;ont \u00e9t\u00e9 identifi\u00e9s. Le projet reste conforme sur la base de l&#039;examen annuel. Pour la condition 1, le projet a d\u00e9clar\u00e9 continuer \u00e0 utiliser son calibre de fil.<\/p>\n<p><strong>2024:<\/strong> Aucun changement important ni probl\u00e8me de conformit\u00e9 n&#039;ont \u00e9t\u00e9 identifi\u00e9s. Le projet reste conforme sur la base de l&#039;examen annuel. Pour la condition 1, le projet a d\u00e9clar\u00e9 continuer \u00e0 utiliser son calibre de fil.<\/p>\n<p><strong>2023:<\/strong> Aucun changement important ni probl\u00e8me de conformit\u00e9 n&#039;a \u00e9t\u00e9 identifi\u00e9. Le projet reste conforme sur la base de l&#039;examen annuel. Pour la condition 1, le projet a indiqu\u00e9 qu&#039;il continuait \u00e0 travailler avec les parties prenantes pour mettre \u00e0 jour le plan de surveillance de la conformit\u00e9.<\/p>\n<p><strong>2022:<\/strong> Aucun changement important ni probl\u00e8me de conformit\u00e9 n&#039;ont \u00e9t\u00e9 identifi\u00e9s. Le projet reste conforme sur la base de l&#039;examen annuel. Pour la condition 1, le projet a d\u00e9clar\u00e9 avoir termin\u00e9 l&#039;installation du transducteur et de la jauge, satisfaisant ainsi partiellement \u00e0 la condition.<\/p>\n<p><strong>2021:<\/strong> Le rapport annuel pour le certificat actuel n\u2019est pas encore entr\u00e9 en vigueur.<\/p>\n<hr \/>\n<h3>Historique des certifications<\/h3>\n<p><strong>23 mars 2022 :<\/strong> Le Low Impact Hydropower Institute a rendu une d\u00e9cision finale sur la recertification du projet Buffalo River. La p\u00e9riode d&#039;appel de 30 jours s&#039;est cl\u00f4tur\u00e9e le 18 mars 2022 et aucun appel n&#039;a \u00e9t\u00e9 d\u00e9pos\u00e9. Par cons\u00e9quent, la d\u00e9cision de recertifier le projet est d\u00e9sormais d\u00e9finitive. La nouvelle p\u00e9riode s&#039;\u00e9tend du 28 novembre 2021 au 27 novembre 2031.<\/p>\n<p><strong>15 f\u00e9vrier 2022 :<\/strong> Le Low Impact Hydropower Institute (LIHI) a approuv\u00e9 de mani\u00e8re pr\u00e9liminaire le projet Buffalo River pour une nouvelle p\u00e9riode de 10 ans de certification \u00e0 faible impact. La demande compl\u00e8te et le rapport de l&#039;examinateur sont disponibles ci-dessous. Cette d\u00e9cision est pr\u00e9liminaire en attendant la p\u00e9riode d&#039;appel de 30 jours. Seuls ceux qui ont comment\u00e9 la demande initiale pendant la p\u00e9riode de commentaires de 60 jours sont \u00e9ligibles pour d\u00e9poser un appel. Un tel appel doit inclure une explication sur la raison pour laquelle le projet ne r\u00e9pond pas aux crit\u00e8res du LIHI. Les demandes d&#039;appel peuvent \u00eatre soumises par courrier \u00e9lectronique \u00e0 <a href=\"#\">comments@lowimpacthydro.org<\/a> avec \u00ab Buffalo River Project \u00bb dans l\u2019objet du message, ou par courrier adress\u00e9 au Low Impact Hydropower Institute, 1167 Massachusetts Ave, Office 407, Arlington, MA 02476. Toutes les demandes seront publi\u00e9es sur le site Web. Le demandeur aura la possibilit\u00e9 de r\u00e9pondre et toute r\u00e9ponse sera \u00e9galement publi\u00e9e. <strong>Les demandes doivent \u00eatre re\u00e7ues avant 17 heures, heure de l\u2019Est, le 18 mars 2022. <\/strong>Si aucune demande d\u2019appel n\u2019est re\u00e7ue et que la d\u00e9cision devient d\u00e9finitive, la p\u00e9riode de certification du projet sera du 28 novembre 2021 au 27 novembre 2031.<\/p>\n<p><strong>8 d\u00e9cembre 2021 :<\/strong> Le Low Impact Hydropower Institute a re\u00e7u une demande de recertification compl\u00e8te de la Fall River Rural Electric Cooperative pour le projet Buffalo River. Le LIHI sollicite des commentaires sur cette demande. Les commentaires directement li\u00e9s \u00e0 des crit\u00e8res sp\u00e9cifiques du LIHI (d\u00e9bits, qualit\u00e9 de l&#039;eau, passage des poissons, etc.) seront les plus utiles, mais tous les commentaires seront pris en compte. Les commentaires peuvent \u00eatre envoy\u00e9s au LIHI par courrier \u00e9lectronique \u00e0 l&#039;adresse <a href=\"#\">comments@lowimpacthydro.org<\/a> avec \u00ab Buffalo River Project Comments \u00bb dans la ligne d&#039;objet, ou par courrier adress\u00e9 au Low Impact Hydropower Institute, 1167 Massachusetts Avenue, Office 407, Arlington, MA 02476. <strong>Les commentaires doivent \u00eatre re\u00e7us \u00e0 l\u2019Institut au plus tard \u00e0 17 heures, heure de l\u2019Est, le 6 f\u00e9vrier 2022 pour \u00eatre pris en compte.<\/strong> Tous les commentaires seront publi\u00e9s sur le site Web et le candidat aura la possibilit\u00e9 d&#039;y r\u00e9pondre. Toute r\u00e9ponse sera \u00e9galement publi\u00e9e. Le dossier de candidature complet se trouve ci-dessous.<\/p>\n<p><strong>11 avril 2017 :\u00a0<\/strong>Le 8 mars 2017, la directrice ex\u00e9cutive du LIHI, Shannon Ames, a annonc\u00e9 une certification pr\u00e9liminaire selon laquelle le projet hydro\u00e9lectrique de Buffalo River r\u00e9pond aux crit\u00e8res de certification du LIHI. La certification de Buffalo River comprend la condition suivante :<\/p>\n<ul style=\"color: black;\">\n<li><strong><em>Condition satisfaite 2017.<\/em> Condition 1.<\/strong> Le propri\u00e9taire doit consulter l&#039;USGS et le HFF sur la meilleure fa\u00e7on d&#039;ajuster les enregistrements de d\u00e9bit de mani\u00e8re continue afin de garantir leur exactitude. Dans les 90 jours suivant la r\u00e9ception de la certification LIHI, le propri\u00e9taire doit fournir la preuve de la consultation et une description des mesures qui ont \u00e9t\u00e9 prises pour corriger le probl\u00e8me.<\/li>\n<\/ul>\n<p>Cette demande a \u00e9t\u00e9 trait\u00e9e conform\u00e9ment \u00e0 l&#039;\u00e9dition 2014 du manuel du LIHI, car les documents de demande ont \u00e9t\u00e9 re\u00e7us avant 2016. Comme le pr\u00e9voit la section 2.14 du manuel de l&#039;\u00e9dition 2014 du LIHI, la d\u00e9cision de certification pr\u00e9liminaire a \u00e9t\u00e9 publi\u00e9e sur le site Web de l&#039;Institut et envoy\u00e9e \u00e0 une liste de diffusion par courrier \u00e9lectronique des parties prenantes le 8 mars 2017. Une p\u00e9riode de 30 jours a \u00e9t\u00e9 accord\u00e9e \u00e0 toute personne ayant comment\u00e9 la demande initiale pour demander un appel, et aucune demande d&#039;appel n&#039;a \u00e9t\u00e9 re\u00e7ue. Le projet hydro\u00e9lectrique de Buffalo River est d\u00e9sormais r\u00e9put\u00e9 certifi\u00e9 par le LIHI pour une dur\u00e9e de cinq ans. La date d&#039;entr\u00e9e en vigueur de la certification du projet Buffalo River est le 28 novembre 2016 et expire le 28 novembre 2021.<\/p>\n<p><strong>28 novembre 2016 :<\/strong> Le 28 novembre 2016, le Low Impact Hydropower Institute a re\u00e7u une demande compl\u00e8te de la Fall River Rural Electric Cooperative, Inc., pour la certification \u00e0 faible impact du projet hydro\u00e9lectrique de la rivi\u00e8re Buffalo dans l&#039;Idaho. Le projet de la rivi\u00e8re Buffalo avait d\u00e9j\u00e0 \u00e9t\u00e9 certifi\u00e9 \u00e0 faible impact par le LIHI pour une p\u00e9riode de cinq ans, du 11 ao\u00fbt 2006 au 11 ao\u00fbt 2011. Le LIHI sollicite les commentaires du public sur cette demande. Plus pr\u00e9cis\u00e9ment, nous souhaitons savoir si vous pensez que le projet de la rivi\u00e8re Buffalo r\u00e9pond aux crit\u00e8res de certification \u00e0 faible impact du LIHI. La demande de la rivi\u00e8re Buffalo est soumise \u00e0 un examen \u00e0 l&#039;aide des crit\u00e8res du manuel de certification du LIHI de 2014. Les commentaires directement li\u00e9s \u00e0 des crit\u00e8res sp\u00e9cifiques du LIHI (d\u00e9bits, qualit\u00e9 de l&#039;eau, passage des poissons, etc.) seront les plus utiles, mais tous les commentaires seront pris en compte. Les commentaires peuvent \u00eatre soumis \u00e0 l&#039;Institut par courrier \u00e9lectronique \u00e0 l&#039;adresse suivante :\u00a0<a href=\"mailto:comments@lowimpacthydro.org\" target=\"_blank\" rel=\"noopener noreferrer\" data-cke-saved-href=\"mailto:dhall@lowimpacthydro.org?subject=Raquette%20Project%20Comments\">comments@lowimpacthydro.org<\/a> avec \u00ab Buffalo River Project Comments \u00bb dans la ligne d&#039;objet, ou par courrier adress\u00e9 au Low Impact Hydropower Institute, PO Box 194, Harrington Park, New Jersey 07640. La p\u00e9riode de commentaires publics de 60 jours commence le 28 novembre 2016. <strong>Les commentaires doivent \u00eatre re\u00e7us \u00e0 l&#039;Institut au plus tard \u00e0 17 heures, heure de l&#039;Est, le 27 janvier 2016.<\/strong>\u00a0\u00e0 prendre en consid\u00e9ration. Tous les commentaires seront publi\u00e9s sur le site Web et le candidat aura la possibilit\u00e9 d&#039;y r\u00e9pondre. Toute r\u00e9ponse sera \u00e9galement publi\u00e9e.<\/p>\n<hr \/>\n<h3>Dossiers de certification<\/h3>\n<h4>Recertification 2021<\/h4>\n<ul style=\"color: black;\">\n<li><a href=\"https:\/\/lowimpacthydro.org\/wp-content\/uploads\/2023\/05\/Buffalo-River-Recertification-Report-020822_final.pdf\">Rapport de r\u00e9vision de la recertification de Buffalo River 2022<\/a><\/li>\n<li><a href=\"https:\/\/lowimpacthydro.org\/wp-content\/uploads\/2021\/12\/Buffalo-River-Recertification-Application.pdf\"> Demande de recertification LIHI de Buffalo River 2021<\/a><\/li>\n<li><a href=\"https:\/\/lowimpacthydro.org\/wp-content\/uploads\/2021\/12\/Buffalo-River-IDEQ-WQC-response-2021.pdf\">R\u00e9ponse IDEQ 2021 de Buffalo River<\/a><\/li>\n<li><a href=\"https:\/\/lowimpacthydro.org\/wp-content\/uploads\/2021\/12\/Buffalo-River-Henrys-Fork-email-2021.pdf\">R\u00e9ponse de la Fondation Henrys Fork 2021<\/a><\/li>\n<li><a href=\"https:\/\/lowimpacthydro.org\/wp-content\/uploads\/2022\/01\/Forest-Service-Comments-Buffalo-River-Recertification-2021.pdf\">Commentaire du Service des for\u00eats des \u00c9tats-Unis sur la rivi\u00e8re Buffalo 2021<\/a><\/li>\n<\/ul>\n<h4>Recertification 2016<\/h4>\n<ul style=\"color: black;\">\n<li><a href=\"https:\/\/lowimpacthydro.org\/wp-content\/uploads\/2020\/07\/BuffaloRiverIDFinal22Feb2017.pdf\">Rapport de r\u00e9vision de la recertification de Buffalo River 2017<\/a><\/li>\n<li><a href=\"https:\/\/lowimpacthydro.org\/wp-content\/uploads\/2020\/07\/001-Buffalo-River-LIHI-Application_FINAL_-11_11_2016.pdf\">Demande de recertification de Buffalo River 2016<\/a><\/li>\n<\/ul>\n<h4>Certification 2006<\/h4>\n<ul style=\"color: black;\">\n<li><a href=\"https:\/\/lowimpacthydro.org\/wp-content\/uploads\/2020\/07\/Certificate-narrative-BuffaloRiver-8-10-06.doc\">R\u00e9cit du certificat de Buffalo River<\/a><\/li>\n<li><a href=\"https:\/\/lowimpacthydro.org\/wp-content\/uploads\/2023\/05\/Low_Impact_Application_Buffalo.pdf\">Demande de permis pour la rivi\u00e8re Buffalo<\/a><\/li>\n<li><a href=\"https:\/\/lowimpacthydro.org\/wp-content\/uploads\/2020\/07\/USFWS-Letter-7-28-04.pdf\">Lettre du Service am\u00e9ricain de la p\u00eache et de la faune sauvage<\/a><\/li>\n<li><a href=\"https:\/\/lowimpacthydro.org\/wp-content\/uploads\/2021\/10\/20050517-Buffalo-River-Various-license-plans.pdf\"> Divers plans li\u00e9s aux licences<\/a><\/li>\n<li><a href=\"https:\/\/lowimpacthydro.org\/wp-content\/uploads\/2021\/10\/20050727-Buffalo-River-recreation-and-scenery-plan.pdf\"> Plan de gestion des loisirs et du paysage<\/a><\/li>\n<\/ul>\n<hr \/>\n<h3>Documents cl\u00e9s<\/h3>\n<ul>\n<li><a href=\"https:\/\/lowimpacthydro.org\/wp-content\/uploads\/2023\/05\/Buffalo_License.doc\">Licence FERC de Buffalo River<\/a><\/li>\n<li><a href=\"https:\/\/lowimpacthydro.org\/wp-content\/uploads\/2023\/05\/20040702-FERC-EA.doc\">\u00c9valuation environnementale de la FERC de la rivi\u00e8re Buffalo<\/a><\/li>\n<li><a href=\"https:\/\/lowimpacthydro.org\/wp-content\/uploads\/2020\/07\/Idaho-401-cert.pdf\">Certificat de qualit\u00e9 de l&#039;eau de l&#039;Idaho<\/a><\/li>\n<li><a href=\"https:\/\/lowimpacthydro.org\/wp-content\/uploads\/2023\/05\/20050810-License-amendment-for-Art-402-buffalo-river.doc\">Modification de la licence de 2005<\/a><\/li>\n<li><a href=\"https:\/\/lowimpacthydro.org\/wp-content\/uploads\/2023\/05\/20161011-License-amendment-for-article-407-buffalo-river.doc\">Modification de la licence 2016<\/a><\/li>\n<\/ul>","protected":false},"excerpt":{"rendered":"<p>Project Name Buffalo River LIHI Certificate No. 21 LIHI Certificate Term November 28, 2021 &#8211; November 27, 2031 Owner Fall River Rural Electric Cooperative Inc. State<span class=\"excerpt-hellip\"> [\u2026]<\/span><\/p>\n","protected":false},"author":3,"featured_media":-1,"parent":0,"menu_order":0,"comment_status":"closed","ping_status":"closed","template":"","meta":{"_coblocks_attr":"","_coblocks_dimensions":"","_coblocks_responsive_height":"","_coblocks_accordion_ie_support":"","om_disable_all_campaigns":false,"_monsterinsights_skip_tracking":false,"_monsterinsights_sitenote_active":false,"_monsterinsights_sitenote_note":"","_monsterinsights_sitenote_category":0,"footnotes":""},"class_list":["post-2195","page","type-page","status-publish","has-post-thumbnail","hentry"],"aioseo_notices":[],"_links":{"self":[{"href":"https:\/\/lowimpacthydro.org\/fr\/wp-json\/wp\/v2\/pages\/2195","targetHints":{"allow":["GET"]}}],"collection":[{"href":"https:\/\/lowimpacthydro.org\/fr\/wp-json\/wp\/v2\/pages"}],"about":[{"href":"https:\/\/lowimpacthydro.org\/fr\/wp-json\/wp\/v2\/types\/page"}],"author":[{"embeddable":true,"href":"https:\/\/lowimpacthydro.org\/fr\/wp-json\/wp\/v2\/users\/3"}],"replies":[{"embeddable":true,"href":"https:\/\/lowimpacthydro.org\/fr\/wp-json\/wp\/v2\/comments?post=2195"}],"version-history":[{"count":17,"href":"https:\/\/lowimpacthydro.org\/fr\/wp-json\/wp\/v2\/pages\/2195\/revisions"}],"predecessor-version":[{"id":10129,"href":"https:\/\/lowimpacthydro.org\/fr\/wp-json\/wp\/v2\/pages\/2195\/revisions\/10129"}],"wp:featuredmedia":[{"embeddable":true,"href":"https:\/\/lowimpacthydro.org\/fr\/wp-json\/"}],"wp:attachment":[{"href":"https:\/\/lowimpacthydro.org\/fr\/wp-json\/wp\/v2\/media?parent=2195"}],"curies":[{"name":"wp","href":"https:\/\/api.w.org\/{rel}","templated":true}]}}