{"id":2156,"date":"2020-07-28T08:37:49","date_gmt":"2020-07-28T12:37:49","guid":{"rendered":"https:\/\/lowimpacthydro.org\/?page_id=2156"},"modified":"2025-07-14T14:38:32","modified_gmt":"2025-07-14T18:38:32","slug":"lihi-certificate-23-raystown-hydroelectric-project-pennsylvania","status":"publish","type":"page","link":"https:\/\/lowimpacthydro.org\/fr\/lihi-certificate-23-raystown-hydroelectric-project-pennsylvania\/","title":{"rendered":"Certificat LIHI #23 \u2013 Projet hydro\u00e9lectrique de Raystown, Pennsylvanie"},"content":{"rendered":"<table class=\"alignright\" style=\"width: 351px; border: 2px; cellspacing: 2px; cellpadding: 2px; margin-left: 50px;\">\n<tbody>\n<tr>\n<td style=\"width: 40.708%;\" width=\"238\"><strong>Nom du projet<\/strong><\/td>\n<td style=\"width: 57.3009%;\" width=\"246\">Raystown<\/td>\n<\/tr>\n<tr>\n<td style=\"width: 40.708%;\" width=\"238\"><strong>Num\u00e9ro de certificat LIHI<\/strong><\/td>\n<td style=\"width: 57.3009%;\" width=\"246\">23<\/td>\n<\/tr>\n<tr>\n<td style=\"width: 40.708%;\" width=\"238\"><strong>Dur\u00e9e du certificat LIHI<\/strong><\/td>\n<td style=\"width: 57.3009%;\" width=\"246\">11 ao\u00fbt 2022 \u2013 10 ao\u00fbt 2032<\/td>\n<\/tr>\n<tr>\n<td style=\"width: 40.708%;\" width=\"238\"><strong>Propri\u00e9taire<\/strong><\/td>\n<td style=\"width: 57.3009%;\" width=\"246\">Coop\u00e9rative \u00e9lectrique d&#039;Allegheny<\/td>\n<\/tr>\n<tr>\n<td style=\"width: 40.708%;\" width=\"238\"><strong>\u00c9tat<\/strong><\/td>\n<td style=\"width: 57.3009%;\" width=\"246\">Pennsylvanie<\/td>\n<\/tr>\n<tr>\n<td style=\"width: 40.708%;\" width=\"238\"><strong>Emplacement<\/strong><\/td>\n<td style=\"width: 57.3009%;\" width=\"246\">Situ\u00e9 au mile 5,5 de la rivi\u00e8re sur la branche Raystown de la rivi\u00e8re Juniata, dans le comt\u00e9 de Huntingdon, dans le centre-sud de la Pennsylvanie.<\/td>\n<\/tr>\n<tr>\n<td style=\"width: 40.708%;\" width=\"238\"><strong>Capacit\u00e9 install\u00e9e<\/strong><\/td>\n<td style=\"width: 57.3009%;\" width=\"246\">21 MW<\/td>\n<\/tr>\n<tr>\n<td style=\"width: 40.708%;\" width=\"238\"><strong>G\u00e9n\u00e9ration annuelle moyenne<\/strong><\/td>\n<td style=\"width: 57.3009%;\" width=\"246\">87 889 MWh<\/td>\n<\/tr>\n<tr>\n<td style=\"width: 40.708%;\" width=\"238\"><strong>Type d&#039;\u00e9tablissement<\/strong><\/td>\n<td style=\"width: 57.3009%;\" width=\"246\">s\u00e9rie de diffusion<\/td>\n<\/tr>\n<tr>\n<td style=\"width: 40.708%;\" width=\"238\"><strong><span class='tooltipsall tooltip_post_id_5565 classtoolTips152'>F\u00e9d\u00e9ration internationale de radio-t\u00e9l\u00e9vision (FERC)<\/span> Non.<\/strong><\/td>\n<td style=\"width: 57.3009%;\" width=\"246\">P-2769 d\u00e9livr\u00e9 en 1982, expire le 31\/10\/2032<\/td>\n<\/tr>\n<\/tbody>\n<\/table>\n<p>Raystown <span class='tooltipsall tooltip_post_id_5545 classtoolTips158'>Barrage<\/span>, g\u00e9r\u00e9 par le Corps des ing\u00e9nieurs de l&#039;arm\u00e9e am\u00e9ricaine (USACE), est situ\u00e9 sur la branche Raystown de la rivi\u00e8re Juniata, en amont de sa confluence avec la rivi\u00e8re Juniata et plus en amont de sa confluence avec la rivi\u00e8re Susquehanna. Le barrage et le lac Raystown sont situ\u00e9s dans le centre-sud de la Pennsylvanie, dans le comt\u00e9 de Huntingdon, pr\u00e8s de l&#039;arrondissement de Huntingdon. Construction du <span class='tooltipsall tooltip_post_id_5545 classtoolTips158'>barrage<\/span> a commenc\u00e9 en octobre 1968 et s&#039;est achev\u00e9 en octobre 1973.<\/p>\n<p>L&#039;Allegheny Electric Cooperative (AEC) exploite le projet hydro\u00e9lectrique de Raystown (\u00e9galement appel\u00e9 centrale William F. Matson). Achev\u00e9e en 1988, la centrale hydro\u00e9lectrique est situ\u00e9e au pied du barrage de Raystown et est exploit\u00e9e en \u00e9troite collaboration avec l&#039;USACE, qui donne toutes les instructions de r\u00e9gulation du d\u00e9bit et de la temp\u00e9rature \u00e0 l&#039;AEC. Les d\u00e9bits sont ajust\u00e9s quotidiennement afin de minimiser les fluctuations du cours d&#039;eau en aval.<\/p>\n<p>Le projet comprend une tour d&#039;admission, un tunnel d&#039;admission, <span class='tooltipsall tooltip_post_id_5619 classtoolTips124'>conduite forc\u00e9e<\/span>, <span class='tooltipsall tooltip_post_id_5624 classtoolTips102'>centrale<\/span>, deux groupes \u00e9lectrog\u00e8nes et une vanne \u00e0 roue. Les installations hydro\u00e9lectriques sont ind\u00e9pendantes du barrage appartenant \u00e0 l&#039;USACE.<\/p>\n<p>Le barrage de Raystown, d&#039;une hauteur de 225 pieds, est constitu\u00e9 d&#039;un remblai en terre roul\u00e9e et en enrochement avec une vanne. <span class='tooltipsall tooltip_post_id_5651 classtoolTips116'>d\u00e9versoir<\/span> \u00e0 droite <span class='tooltipsall tooltip_post_id_5514 classtoolTips118'>pilier<\/span>Les 1,15 m sup\u00e9rieurs du d\u00e9versoir non ferm\u00e9 sont constitu\u00e9s d&#039;un bouchon fusible en mat\u00e9riau de remblai \u00e9rodable. Le d\u00e9versoir ferm\u00e9 est contr\u00f4l\u00e9 par deux Tainter de 45 pieds carr\u00e9s. <span class='tooltipsall tooltip_post_id_5578 classtoolTips153'>portes<\/span> Il est \u00e9quip\u00e9 d&#039;un syst\u00e8me de sortie d&#039;eau chaude avec une vanne coulissante de 1,45 m sur 2 m, desservie par des orifices d&#039;entr\u00e9e \u00e0 trois niveaux. Il y a un tunnel de sortie \u00e0 faible niveau avec deux vannes de 1,75 m sur 3 m.<\/p>\n<p>La tour de prise d&#039;eau de la centrale hydro\u00e9lectrique a la capacit\u00e9 de pr\u00e9lever de l&#039;eau \u00e0 diff\u00e9rents niveaux du lac pour contr\u00f4ler la temp\u00e9rature en aval. <span class='tooltipsall tooltip_post_id_5594 classtoolTips140'>Admission<\/span> L&#039;espacement entre les grilles \u00e0 d\u00e9chets est de 7,6 cm. Le tunnel en b\u00e9ton reliant la tour de prise d&#039;eau \u00e0 la centrale mesure 3,6 m\u00e8tres de diam\u00e8tre, est rev\u00eatu d&#039;acier et mesure 280 m\u00e8tres de long. La conduite forc\u00e9e en acier mesure 3,6 m\u00e8tres de diam\u00e8tre et 168 m\u00e8tres de long. La centrale comprend deux groupes \u00e9lectrog\u00e8nes, d&#039;une capacit\u00e9 combin\u00e9e de 21 MW. Vingt-deux unit\u00e9s de production d&#039;\u00e9lectricit\u00e9 sont r\u00e9glables. <span class='tooltipsall tooltip_post_id_5672 classtoolTips55'>portillons<\/span> Le d\u00e9bit de chaque unit\u00e9 est contr\u00f4l\u00e9. Il est \u00e9galement r\u00e9gul\u00e9 par la fermeture de deux vannes d&#039;arr\u00eat de turbine situ\u00e9es en amont des groupes \u00e9lectrog\u00e8nes. Le d\u00e9bit dans le tunnel, la conduite forc\u00e9e et la centrale peut \u00eatre r\u00e9gul\u00e9 par la fermeture d&#039;une vanne \u00e0 roue de 3,6 m\u00e8tres carr\u00e9s (12 pieds carr\u00e9s) situ\u00e9e dans la structure d&#039;admission.<\/p>\n<p>Le projet fonctionne selon un mode de d\u00e9bit variable. Les d\u00e9bits sont contr\u00f4l\u00e9s par l&#039;USACE et le projet \u00e9vacue les eaux en fonction des disponibilit\u00e9s. L&#039;USACE assure un d\u00e9bit minimum saisonnier de 200 pi\u00b3\/s de mai \u00e0 novembre et de 480 pi\u00b3\/s de d\u00e9cembre \u00e0 avril. La r\u00e9duction du d\u00e9bit minimum de mai \u00e0 novembre est n\u00e9cessaire pour \u00e9viter un abaissement important du niveau du lac pendant l&#039;\u00e9t\u00e9 et l&#039;automne. Ce r\u00e9gime d&#039;\u00e9coulement a \u00e9t\u00e9 \u00e9labor\u00e9 par l&#039;USACE et approuv\u00e9 par la Pennsylvania Fish and Boat Commission (PFBC) afin de prot\u00e9ger les poissons, la faune et la qualit\u00e9 de l&#039;eau.<\/p>\n<p>Les eaux situ\u00e9es dans le p\u00e9rim\u00e8tre du projet ne sont pas class\u00e9es comme d\u00e9grad\u00e9es par l&#039;\u00c9tat. Le suivi de la qualit\u00e9 de l&#039;eau effectu\u00e9 par l&#039;USACE et l&#039;AEC indique que les normes de qualit\u00e9 de l&#039;eau sont respect\u00e9es dans le lac et le tron\u00e7on aval. L&#039;AEC exploite \u00e9galement des vannes de r\u00e9gulation de la temp\u00e9rature de l&#039;eau pour maintenir la p\u00eache r\u00e9cr\u00e9ative en eaux chaudes en aval afin d&#039;atteindre les objectifs saisonniers de temp\u00e9rature de rejet, et effectue un suivi de la temp\u00e9rature de l&#039;eau du lac et du canal de fuite tout au long de l&#039;ann\u00e9e pour v\u00e9rifier ces objectifs.<\/p>\n<p>Historiquement, la rivi\u00e8re Juniata abritait des populations d&#039;alose savoureuse et d&#039;anguille d&#039;Am\u00e9rique. La construction de quatre barrages hydro\u00e9lectriques sur la rivi\u00e8re Susquehanna au d\u00e9but du XXe si\u00e8cle a entra\u00een\u00e9 la disparition de ces esp\u00e8ces. <span class='tooltipsall tooltip_post_id_5561 classtoolTips99'>extirp\u00e9<\/span> de la zone environ 15 ans avant l&#039;ach\u00e8vement du projet. Les efforts de restauration <span class='tooltipsall tooltip_post_id_5566 classtoolTips59'>passage des poissons<\/span> Des travaux sont en cours \u00e0 plusieurs barrages de la rivi\u00e8re Susquehanna. Le lac abrite du maskinong\u00e9, du maskinong\u00e9 tigr\u00e9, de l&#039;achigan \u00e0 grande bouche, du dor\u00e9 jaune, de la marigane noire et blanche, du crapet arlequin, du bar ray\u00e9, de la perchaude, de la barbue de rivi\u00e8re et de la barbotte brune. On y trouve \u00e9galement du crapet-soleil, de la carpe, du meunier noir, du crapet de roche et plusieurs esp\u00e8ces de m\u00e9n\u00e9s. Le tron\u00e7on aval est ensemenc\u00e9 de truites brunes et arc-en-ciel. La FERC a d\u00e9termin\u00e9, sur la base d&#039;une \u00e9tude men\u00e9e pour l&#039;obtention du permis de projet, que la mortalit\u00e9 des poissons du r\u00e9servoir serait moindre avec le projet hydro\u00e9lectrique qu&#039;en son absence, en raison de la forte baisse de la vitesse, qui est pass\u00e9e d&#039;environ 6 m\u00e8tres par seconde avant le projet hydro\u00e9lectrique \u00e0 90 centim\u00e8tres par seconde avec le projet.<\/p>\n<p>Le terrain du projet s&#039;\u00e9tend sur environ 11,5 acres autour de la centrale. Aucune terre pr\u00e9sentant une valeur \u00e9cologique significative n&#039;est pr\u00e9sente dans la zone du projet. L&#039;USACE g\u00e8re les rives du lac Raystown dans le cadre de son plan directeur, avec une zone tampon de conservation de 91 m\u00e8tres autour du lac.<\/p>\n<p>Les esp\u00e8ces menac\u00e9es ou en voie de disparition potentiellement pr\u00e9sentes dans la zone du r\u00e9servoir comprennent plusieurs esp\u00e8ces r\u00e9pertori\u00e9es et pr\u00e9occupantes, notamment des chauves-souris, des papillons de nuit, des libellules et des demoiselles, ainsi que des plantes, telles qu&#039;identifi\u00e9es par l&#039;USACE dans son plan directeur. Les op\u00e9rations du projet n&#039;affectent pas ces esp\u00e8ces. En aval, la chauve-souris de l&#039;Indiana, la petite chauve-souris brune, le vespertilion nordique, le pygargue \u00e0 t\u00eate blanche, le scirpe du Nord-Est et la mauve de Virginie pourraient \u00eatre pr\u00e9sents. Les op\u00e9rations du projet ne sont pas susceptibles d&#039;affecter ces esp\u00e8ces, et l&#039;AEC a collabor\u00e9 avec l&#039;USACE pour fournir des emplacements pour deux nichoirs \u00e0 chauves-souris, plusieurs hectares de plantations pour pollinisateurs et la protection d&#039;un <span class='tooltipsall tooltip_post_id_5670 classtoolTips125'>zone humide<\/span> adjacent au stationnement du Projet.<\/p>\n<p>Bien qu&#039;aucune ressource culturelle ou historique ne soit connue associ\u00e9e au projet, l&#039;AEC consulte le Bureau de pr\u00e9servation historique de l&#039;\u00c9tat avant toute activit\u00e9 de construction ou de perturbation du sol.<\/p>\n<p>Les ressources r\u00e9cr\u00e9atives du projet comprennent un quai de p\u00eache accessible aux personnes handicap\u00e9es (Americans with Disabilities Act) et un parking dans le canal de fuite. D&#039;autres installations r\u00e9cr\u00e9atives sont pr\u00e9sentes, mais g\u00e9r\u00e9es par l&#039;USACE, et non par le projet. L&#039;acc\u00e8s public est gratuit.<\/p>\n<hr \/>\n<h3>\u00c9tat de conformit\u00e9<\/h3>\n<p><strong>Il n\u2019y a pas de conditions sp\u00e9cifiques \u00e0 l\u2019\u00e9tablissement dans le certificat actuel.<\/strong><\/p>\n<p><strong>2025:<\/strong> Aucun changement important ni probl\u00e8me de conformit\u00e9 n&#039;ont \u00e9t\u00e9 identifi\u00e9s. Le projet reste conforme sur la base de l&#039;examen annuel.<\/p>\n<p><strong>2024:<\/strong> Aucun changement important ni probl\u00e8me de conformit\u00e9 n&#039;ont \u00e9t\u00e9 identifi\u00e9s. Le projet reste conforme sur la base de l&#039;examen annuel.<\/p>\n<p><strong>2023:<\/strong> Aucun changement important ni probl\u00e8me de conformit\u00e9 n&#039;ont \u00e9t\u00e9 identifi\u00e9s. Le projet reste conforme sur la base de l&#039;examen annuel.<\/p>\n<p><strong>2022:<\/strong> Le rapport annuel pour le certificat actuel n\u2019est pas encore entr\u00e9 en vigueur.<\/p>\n<hr \/>\n<h3>Historique des certifications<\/h3>\n<p><strong>19 avril 2023 :<\/strong> Le Low Impact Hydropower Institute a rendu sa d\u00e9cision finale concernant la recertification du projet hydro\u00e9lectrique de Raystown. La p\u00e9riode de certification s&#039;\u00e9tend du 11 ao\u00fbt 2022 au 10 ao\u00fbt 2032.<\/p>\n<p><strong>22 f\u00e9vrier 2023 :<\/strong> Le Low Impact Hydropower Institute (LIHI) a approuv\u00e9 provisoirement le projet Raystown (LIHI #23) pour une nouvelle p\u00e9riode de 10 ans de certification \u00e0 faible impact. La demande compl\u00e8te et le rapport d&#039;\u00e9valuation sont disponibles ci-dessous. Cette d\u00e9cision est provisoire, dans l&#039;attente d&#039;un d\u00e9lai d&#039;appel de 30 jours. Seuls les participants ayant comment\u00e9 la demande initiale pendant ce d\u00e9lai de 60 jours peuvent d\u00e9poser un recours. Ce recours doit inclure une explication expliquant en quoi le projet ne r\u00e9pond pas aux crit\u00e8res du LIHI. Les demandes de recours peuvent \u00eatre soumises par courriel \u00e0 l&#039;adresse suivante\u00a0: <a href=\"mailto:comments@lowimpacthydro.org\">comments@lowimpacthydro.org<\/a> avec \u00ab\u00a0Projet Raystown\u00a0\u00bb en objet, ou par courrier adress\u00e9 au Low Impact Hydropower Institute, 1167 Massachusetts Ave, Arlington, MA 02476. Toutes les demandes seront publi\u00e9es sur le site web. Le demandeur aura la possibilit\u00e9 de r\u00e9pondre, et toute r\u00e9ponse sera \u00e9galement publi\u00e9e. <strong>Les demandes doivent \u00eatre re\u00e7ues avant 17 h, heure de l\u2019Est, le 24 mars 2023. <\/strong>Si aucune demande d\u2019appel n\u2019est re\u00e7ue et que la d\u00e9cision devient d\u00e9finitive, la p\u00e9riode de certification du projet sera du 11 ao\u00fbt 2022 au 10 ao\u00fbt 2032.<\/p>\n<p><strong>6 d\u00e9cembre 2022 : <\/strong>Le Low Impact Hydropower Institute (LIHI) a re\u00e7u une demande compl\u00e8te de recertification de la part d&#039;Allegheny Electric Cooperative, Inc. pour le projet Raystown. Le dossier complet est disponible ci-dessous. Le LIHI sollicite des commentaires sur cette demande. Les commentaires directement li\u00e9s \u00e0 ses crit\u00e8res sp\u00e9cifiques (d\u00e9bits, qualit\u00e9 de l&#039;eau, passage des poissons, etc.) seront les plus utiles, mais tous les commentaires seront pris en compte. Vous pouvez envoyer vos commentaires au LIHI par courriel \u00e0 l&#039;adresse suivante\u00a0: <a href=\"https:\/\/lowimpacthydro.org\/fr\/lihi-certificate-39-fifteen-mile-falls-project-vermont-and-new-hampshire\/\">comments@lowimpacthydro.org<\/a> avec \u00ab\u00a0Commentaires sur le projet Raystown\u00a0\u00bb dans l&#039;objet, ou par courrier adress\u00e9 au Low Impact Hydropower Institute, 1167 Massachusetts Avenue Arlington, MA 02476. <strong>Les commentaires doivent \u00eatre re\u00e7us \u00e0 l\u2019Institut au plus tard \u00e0 17 heures, heure de l\u2019Est, le 4 f\u00e9vrier 2023 pour \u00eatre pris en compte.<\/strong> Tous les commentaires seront publi\u00e9s sur le site Web et le candidat aura la possibilit\u00e9 d&#039;y r\u00e9pondre. Toute r\u00e9ponse sera \u00e9galement publi\u00e9e.<\/p>\n<p><strong>20 f\u00e9vrier 2015 :\u00a0<\/strong>Le directeur ex\u00e9cutif, Michael J. Sale, a jug\u00e9 que le projet hydro\u00e9lectrique de Raystown (FERC n\u00b0 2769), certificat n\u00b0 23 du LIHI, continue de satisfaire aux exigences du programme de certification du Low Impact Hydropower Institute (LIHI). Pour d\u00e9livrer cette certification, le directeur ex\u00e9cutif de l&#039;Institut a exerc\u00e9 les pouvoirs d\u00e9l\u00e9gu\u00e9s par le conseil d&#039;administration du LIHI et s&#039;est fond\u00e9 sur la recommandation unanime du comit\u00e9 technique du conseil d&#039;administration, issue d&#039;un examen complet du rapport de l&#039;examinateur de la demande, ainsi que de tous les commentaires publics et documents compl\u00e9mentaires fournis par le demandeur. La d\u00e9cision de recertifier le projet hydro\u00e9lectrique de Raystown Creek est valable pour une dur\u00e9e de huit ans, \u00e0 compter du 11 ao\u00fbt 2014 et jusqu&#039;au 11 ao\u00fbt 2022, sous r\u00e9serve des conditions suivantes\u00a0:<\/p>\n<ul style=\"color: black;\">\n<li><strong>Condition 1 :<\/strong> Outre sa lettre de conformit\u00e9 annuelle, l&#039;AEC devra inclure une mise \u00e0 jour sur toute modification des objectifs de gestion des p\u00eaches en aval de la PFBC intervenue ou ayant fait l&#039;objet de discussions au cours de l&#039;ann\u00e9e \u00e9coul\u00e9e. L&#039;AEC devra coop\u00e9rer avec la PFBC sur toute \u00e9tude relative \u00e0 une nouvelle gestion des p\u00eaches en eau froide en aval de l&#039;installation, \u00e9tant entendu que le Corps des ing\u00e9nieurs aura le dernier mot sur les modifications structurelles ou op\u00e9rationnelles de son barrage. L&#039;AEC devra tenir le LIHI inform\u00e9 chaque ann\u00e9e de l&#039;\u00e9volution de la situation dans ce domaine.<\/li>\n<\/ul>\n<p><strong>4 juin 2014 :<\/strong> Le Low Impact Hydropower Institute a re\u00e7u une demande de deuxi\u00e8me certification pour le projet hydro\u00e9lectrique de Raystown. La dur\u00e9e actuelle du certificat devait expirer le 11 ao\u00fbt 2014, mais a \u00e9t\u00e9 prolong\u00e9e jusqu&#039;au 31 mars 2015 afin de permettre l&#039;examen interne de la demande pour une p\u00e9riode suppl\u00e9mentaire. Les documents de candidature sont disponibles dans la section \u00ab\u00a0Dossiers\u00a0\u00bb ci-dessous.<\/p>\n<p><strong>22 janvier 2007 :<\/strong> Le projet hydro\u00e9lectrique de Raystown a \u00e9t\u00e9 certifi\u00e9 \u00e0 faible impact pour une dur\u00e9e de huit ans, \u00e0 compter du 11 ao\u00fbt 2006 et expirant le 11 ao\u00fbt 2014.<\/p>\n<p><strong>11 ao\u00fbt 2006 :<\/strong> Allegheny Electric Cooperative a soumis une demande de certification du projet hydro\u00e9lectrique de Raystown.<\/p>\n<hr \/>\n<h3>Dossiers de certification<\/h3>\n<h4>Recertification 2022<\/h4>\n<ul>\n<li><a href=\"https:\/\/lowimpacthydro.org\/wp-content\/uploads\/2023\/04\/Raystown-Recertification-Report-2023.pdf\">Rapport de recertification de Raystown 2023<\/a><\/li>\n<li><a href=\"https:\/\/lowimpacthydro.org\/wp-content\/uploads\/2022\/12\/2022-Raystown-LIHI-Recertification-Application-July-2022-complete.pdf\">Demande de recertification \u00e0 Raystown 2022<\/a><\/li>\n<\/ul>\n<h4>Recertification 2015<\/h4>\n<ul style=\"color: black;\">\n<li><a href=\"https:\/\/lowimpacthydro.org\/wp-content\/uploads\/2020\/07\/20150125_Recertification-Review_Raystown.pdf\">Rapport de recertification de Raystown 2015<\/a><\/li>\n<li><a href=\"https:\/\/lowimpacthydro.org\/wp-content\/uploads\/2023\/05\/Application-questionnaire-Raystown.pdf\">Questionnaire de recertification de Raystown<\/a><\/li>\n<li><a href=\"https:\/\/lowimpacthydro.org\/wp-content\/uploads\/2020\/07\/Attachment-B.pdf\">Pi\u00e8ce jointe \u00e0 la demande \u2013 Contacts de l&#039;agence<\/a><\/li>\n<li><a href=\"https:\/\/lowimpacthydro.org\/wp-content\/uploads\/2020\/07\/Attachment-D-PA-Fish-Game-Commission.pdf\">Pi\u00e8ce jointe \u00e0 la demande \u2013 Commission de la p\u00eache et du gibier de Pennsylvanie<\/a><\/li>\n<li><a href=\"https:\/\/lowimpacthydro.org\/wp-content\/uploads\/2020\/07\/Attachment-E.pdf\">Pi\u00e8ce jointe \u00e0 la demande \u2013 Description du projet<\/a><\/li>\n<li><a href=\"https:\/\/lowimpacthydro.org\/wp-content\/uploads\/2020\/07\/Attachment-F-Raystown-Lake-Map.pdf\">Pi\u00e8ce jointe \u00e0 la demande \u2013 Carte du lac Raystown<\/a><\/li>\n<li><a href=\"https:\/\/lowimpacthydro.org\/wp-content\/uploads\/2020\/07\/Attachment-G-Raystown-Pictures.pdf\">Pi\u00e8ce jointe \u00e0 la demande \u2013 Raystown Pictures<\/a><\/li>\n<\/ul>\n<h4>Certification 2006<\/h4>\n<ul style=\"color: black;\">\n<li><a href=\"https:\/\/lowimpacthydro.org\/wp-content\/uploads\/2022\/02\/Raystown-Review-Report-2006.pdf&quot;\"> Rapport d&#039;\u00e9valuation de Raystown 2006<\/a><\/li>\n<li><a href=\"https:\/\/lowimpacthydro.org\/wp-content\/uploads\/2020\/07\/Final-Raystown-23-Questionnaire-2006.pdf\">Questionnaire de certification de Raystown 2006<\/a><\/li>\n<li><a href=\"https:\/\/lowimpacthydro.org\/wp-content\/uploads\/2020\/07\/Attachment-B_Resource-Agency-Contact-Information.pdf\">Pi\u00e8ce jointe \u00e0 la demande \u2013 Coordonn\u00e9es de l&#039;organisme de ressources<\/a><\/li>\n<li><a href=\"https:\/\/lowimpacthydro.org\/wp-content\/uploads\/2020\/07\/Attachment-E_Description-of-the-Facility.pdf\">Pi\u00e8ce jointe \u00e0 la demande \u2013 Description de l&#039;installation<\/a><\/li>\n<li><a href=\"https:\/\/lowimpacthydro.org\/wp-content\/uploads\/2020\/07\/Attachment-I_Montana-Tennant-Analysis.pdf\">Annexe I_Analyse Montana-Tennant<\/a><\/li>\n<li><a href=\"https:\/\/lowimpacthydro.org\/wp-content\/uploads\/2020\/07\/DEP-Letter-in-Support-of-Low-Impact-Certification.pdf\">Lettre du D\u00e9partement de la protection de l&#039;environnement de Pennsylvanie en faveur de la certification \u00e0 faible impact<\/a><\/li>\n<li><a href=\"https:\/\/lowimpacthydro.org\/wp-content\/uploads\/2020\/07\/Raystown-Fish-Passage-Memo.doc\">Raystown <span class='tooltipsall tooltip_post_id_5566 classtoolTips59'>Passage des poissons<\/span> Note<\/a><\/li>\n<\/ul>\n<hr \/>\n<h3>Documents cl\u00e9s<\/h3>\n<ul>\n<li><a href=\"https:\/\/lowimpacthydro.org\/wp-content\/uploads\/2020\/07\/Attachment-A_Raystown-Hydro-FERC-License-Order.pdf\">Licence FERC de Raystown et modifications<\/a><\/li>\n<li><a href=\"https:\/\/lowimpacthydro.org\/wp-content\/uploads\/2020\/07\/Attachment-J.pdf\">Certificat de qualit\u00e9 de l&#039;eau<\/a><\/li>\n<\/ul>","protected":false},"excerpt":{"rendered":"<p>Project Name Raystown LIHI Certificate No. 23 LIHI Certificate Term August 11, 2022 &#8211; August 10, 2032 Owner Allegheny Electric Cooperative State Pennsylvania Location Located at<span class=\"excerpt-hellip\"> [\u2026]<\/span><\/p>\n","protected":false},"author":3,"featured_media":-1,"parent":0,"menu_order":0,"comment_status":"closed","ping_status":"closed","template":"","meta":{"_coblocks_attr":"","_coblocks_dimensions":"","_coblocks_responsive_height":"","_coblocks_accordion_ie_support":"","om_disable_all_campaigns":false,"_monsterinsights_skip_tracking":false,"_monsterinsights_sitenote_active":false,"_monsterinsights_sitenote_note":"","_monsterinsights_sitenote_category":0,"footnotes":""},"class_list":["post-2156","page","type-page","status-publish","has-post-thumbnail","hentry"],"aioseo_notices":[],"_links":{"self":[{"href":"https:\/\/lowimpacthydro.org\/fr\/wp-json\/wp\/v2\/pages\/2156","targetHints":{"allow":["GET"]}}],"collection":[{"href":"https:\/\/lowimpacthydro.org\/fr\/wp-json\/wp\/v2\/pages"}],"about":[{"href":"https:\/\/lowimpacthydro.org\/fr\/wp-json\/wp\/v2\/types\/page"}],"author":[{"embeddable":true,"href":"https:\/\/lowimpacthydro.org\/fr\/wp-json\/wp\/v2\/users\/3"}],"replies":[{"embeddable":true,"href":"https:\/\/lowimpacthydro.org\/fr\/wp-json\/wp\/v2\/comments?post=2156"}],"version-history":[{"count":19,"href":"https:\/\/lowimpacthydro.org\/fr\/wp-json\/wp\/v2\/pages\/2156\/revisions"}],"predecessor-version":[{"id":9806,"href":"https:\/\/lowimpacthydro.org\/fr\/wp-json\/wp\/v2\/pages\/2156\/revisions\/9806"}],"wp:featuredmedia":[{"embeddable":true,"href":"https:\/\/lowimpacthydro.org\/fr\/wp-json\/"}],"wp:attachment":[{"href":"https:\/\/lowimpacthydro.org\/fr\/wp-json\/wp\/v2\/media?parent=2156"}],"curies":[{"name":"wp","href":"https:\/\/api.w.org\/{rel}","templated":true}]}}