{"id":2115,"date":"2020-07-28T07:59:59","date_gmt":"2020-07-28T11:59:59","guid":{"rendered":"https:\/\/lowimpacthydro.org\/?page_id=2115"},"modified":"2025-10-15T13:04:16","modified_gmt":"2025-10-15T17:04:16","slug":"lihi-certificate-26-goat-lake-hydroelectric-project-alaska","status":"publish","type":"page","link":"https:\/\/lowimpacthydro.org\/fr\/lihi-certificate-26-goat-lake-hydroelectric-project-alaska\/","title":{"rendered":"Certificat LIHI #26 \u2013 Projet Goat Lake, Alaska"},"content":{"rendered":"<table class=\"alignright\" style=\"width: 351px; border: 2px; cellspacing: 2px; cellpadding: 2px; margin-left: 50px;\">\n<tbody>\n<tr>\n<td style=\"width: 38.4956%;\"><strong>Nom du projet<\/strong><\/td>\n<td style=\"width: 59.7345%;\">Lac de la Ch\u00e8vre<\/td>\n<\/tr>\n<tr>\n<td style=\"width: 38.4956%;\"><strong>Num\u00e9ro de certificat LIHI<\/strong><\/td>\n<td style=\"width: 59.7345%;\">26<\/td>\n<\/tr>\n<tr>\n<td style=\"width: 38.4956%;\"><strong>Dur\u00e9e du certificat LIHI<\/strong><\/td>\n<td style=\"width: 59.7345%;\">23 octobre 2021 \u2013 22 octobre 2031<\/td>\n<\/tr>\n<tr>\n<td style=\"width: 38.4956%;\"><strong>Propri\u00e9taire<\/strong><\/td>\n<td style=\"width: 59.7345%;\">Compagnie d&#039;\u00e9lectricit\u00e9 et de t\u00e9l\u00e9phone de l&#039;Alaska<\/td>\n<\/tr>\n<tr>\n<td style=\"width: 38.4956%;\"><strong>\u00c9tat<\/strong><\/td>\n<td style=\"width: 59.7345%;\">Alaska<\/td>\n<\/tr>\n<tr>\n<td style=\"width: 38.4956%;\"><strong>Emplacement<\/strong><\/td>\n<td style=\"width: 59.7345%;\">Situ\u00e9 au mile 8,5 de la rivi\u00e8re sur le ruisseau Pitfork Falls<\/td>\n<\/tr>\n<tr>\n<td style=\"width: 38.4956%;\"><strong>Capacit\u00e9 install\u00e9e<\/strong><\/td>\n<td style=\"width: 59.7345%;\">4 MW<\/td>\n<\/tr>\n<tr>\n<td style=\"width: 38.4956%;\"><strong>G\u00e9n\u00e9ration annuelle moyenne<\/strong><\/td>\n<td style=\"width: 59.7345%;\">15 388 MWh<\/td>\n<\/tr>\n<tr>\n<td style=\"width: 38.4956%;\"><strong>Type d&#039;\u00e9tablissement<\/strong><\/td>\n<td style=\"width: 59.7345%;\">Projet de stockage ; bloc charg\u00e9, parfois charge suivante.<\/td>\n<\/tr>\n<tr>\n<td style=\"width: 38.4956%;\"><strong><span class='tooltipsall tooltip_post_id_5565 classtoolTips152'>F\u00e9d\u00e9ration internationale de radio-t\u00e9l\u00e9vision (FERC)<\/span> Non.<\/strong><\/td>\n<td style=\"width: 59.7345%;\">P-11077 d\u00e9livr\u00e9 en 1996, expire le 30\/06\/2046<\/td>\n<\/tr>\n<\/tbody>\n<\/table>\n<p>Le projet Goat Lake est situ\u00e9 \u00e0 10,5 kilom\u00e8tres au nord-est de Skagway, en Alaska. Le lac est situ\u00e9 dans une vall\u00e9e de cirque perch\u00e9e, au sud-est de la rivi\u00e8re Skagway. Il est aliment\u00e9 par un glacier \u00e0 son extr\u00e9mit\u00e9 sud. Ce glacier se termine pr\u00e8s de l&#039;extr\u00e9mit\u00e9 sud du lac par une moraine de gravats grossiers, principalement constitu\u00e9e de gros blocs granitiques anguleux.<\/p>\n<p>L&#039;embouchure du lac, situ\u00e9e \u00e0 environ 90 m\u00e8tres au nord de l&#039;extr\u00e9mit\u00e9 de la moraine, traverse une entaille rocheuse et contribue \u00e0 la majeure partie du d\u00e9bit du ruisseau Pitchfork Falls. Les chutes Pitchfork Falls sont une cascade de 600 m\u00e8tres se jetant dans la rivi\u00e8re Skagway, visible depuis la route du Klondike, entre Skagway, en Alaska, et la fronti\u00e8re avec la Colombie-Britannique. Elles passent sous un pont ferroviaire de la ligne de chemin de fer White Pass and Yukon.<\/p>\n<p>Apr\u00e8s les chutes, cette m\u00eame eau rejoint la rivi\u00e8re Skagway. Le lac est utilis\u00e9 comme r\u00e9servoir naturel sans aucun <span class='tooltipsall tooltip_post_id_5545 classtoolTips158'>barrage<\/span>Le projet a \u00e9t\u00e9 autoris\u00e9 \u00e0 fonctionner en 1996 et a \u00e9t\u00e9 d\u00e9velopp\u00e9 en 1997 et occupe des terres dans la for\u00eat nationale de Tongass.<\/p>\n<p>Le projet comprend le lac qui continue d&#039;avoir un niveau d&#039;eau incontr\u00f4l\u00e9 <span class='tooltipsall tooltip_post_id_5651 classtoolTips116'>d\u00e9versoir<\/span> En utilisant la sortie d&#039;origine. Une prise d&#039;eau par siphon s&#039;\u00e9tend horizontalement dans le lac sur 112 m\u00e8tres, pour une immersion de 56 m\u00e8tres. Cette prise, constitu\u00e9e d&#039;un tamis m\u00e9tallique en forme de V, est reli\u00e9e \u00e0 la pompe par un tuyau en poly\u00e9thyl\u00e8ne haute densit\u00e9 (PEHD) de 76 cm de diam\u00e8tre. <span class='tooltipsall tooltip_post_id_5619 classtoolTips124'>conduite forc\u00e9e<\/span> La pompe siphon est reli\u00e9e \u00e0 une vanne par une conduite forc\u00e9e en acier de 71 cm de diam\u00e8tre, environ 25 m\u00e8tres avant le poste de pompage. La pompe siphon est reli\u00e9e \u00e0 un poste de vannes par une conduite forc\u00e9e en PEHD de 74 cm de long et 76 cm de diam\u00e8tre. Un bassin collecteur capte les eaux de ruissellement de la moraine glaciaire qui contourne le lac. Ce bassin collecteur est reli\u00e9 \u00e0 un poste de pompage par une conduite forc\u00e9e en PEHD de 46 cm de diam\u00e8tre. Ce poste de pompage pr\u00e9l\u00e8ve l&#039;eau du bassin collecteur et la refoule vers le lac par une conduite forc\u00e9e en PEHD de 40 cm de diam\u00e8tre et 195 m\u00e8tres de long, gr\u00e2ce \u00e0 quatre pompes de puissance variable. Le poste de vannes est \u00e9galement \u00e9quip\u00e9 d&#039;une conduite de d\u00e9rivation de 40 cm, permettant d&#039;alimenter le ruisseau Pitchfork Falls en eau suppl\u00e9mentaire \u00e0 certaines p\u00e9riodes de l&#039;ann\u00e9e. La salle des vannes dispose \u00e9galement d&#039;une conduite forc\u00e9e en PEHD de 28 pouces de diam\u00e8tre jusqu&#039;\u00e0 environ 2 610 pieds d&#039;altitude, l\u00e0 o\u00f9 la conduite forc\u00e9e se transforme en un tuyau en acier de 24 pouces de diam\u00e8tre jusqu&#039;\u00e0 <span class='tooltipsall tooltip_post_id_5624 classtoolTips102'>centrale<\/span>\u00c0 une altitude de 300 m\u00e8tres, la conduite forc\u00e9e passe sous le chemin de fer historique White Pass &amp; Yukon Route Railroad par une conduite d&#039;environ 12 m\u00e8tres de long. \u00c0 une altitude de 237 m\u00e8tres, la conduite forc\u00e9e traverse la rivi\u00e8re Skagway par une conduite de 122 cm de diam\u00e8tre, jusqu&#039;\u00e0 la rive ouest et la centrale, \u00e0 232 m\u00e8tres au-dessus du niveau de la mer.<\/p>\n<p>La centrale comprend une turbine Pelton \u00e0 arbre horizontal et un g\u00e9n\u00e9rateur synchrone associ\u00e9, pour une puissance install\u00e9e totale de 4,0 MW. Le canal de fuite transporte le refoulement de la turbine sur environ 21 m\u00e8tres jusqu&#039;\u00e0 la rivi\u00e8re Skagway. Un petit <span class='tooltipsall tooltip_post_id_5656 classtoolTips92'>sous-station<\/span> est situ\u00e9e \u00e0 c\u00f4t\u00e9 de la centrale. Une ligne de transport de 34,5 kV mont\u00e9e sur poteau part du poste et longe la rivi\u00e8re Skagway, longeant sa rive ouest sur environ 1\u00a0480 m\u00e8tres jusqu&#039;\u00e0 un point en face de Clifton, puis remonte jusqu&#039;\u00e0 la ligne de distribution de Skagway desservant le poste frontalier des douanes am\u00e9ricaines sur la route du Klondike.<\/p>\n<p>Le projet fonctionne selon un mode de stockage et de rejet, et le lac de 204 acres ne comporte pas de barrage. Il n&#039;alimente pas le tron\u00e7on de d\u00e9rivation de 1,81 km de long. Le D\u00e9partement de la p\u00eache et de la chasse de l&#039;Alaska (ADFG) n&#039;a formul\u00e9 aucune recommandation concernant le r\u00e9gime d&#039;\u00e9coulement, car le tron\u00e7on de d\u00e9rivation ne pr\u00e9sente aucun habitat aquatique utilisable lorsqu&#039;il est mouill\u00e9 et est gel\u00e9 en hiver. Un d\u00e9bit de d\u00e9rivation minimal saisonnier de 8,5 pi\u00b3\/s est pr\u00e9vu \u00e0 des fins esth\u00e9tiques du 1er juin au 30 septembre, pendant 12 heures par jour.<\/p>\n<p>Les eaux situ\u00e9es dans la zone d&#039;application du projet sont consid\u00e9r\u00e9es comme vierges et les tests de qualit\u00e9 de l&#039;eau effectu\u00e9s lors de l&#039;octroi de l&#039;autorisation n&#039;ont r\u00e9v\u00e9l\u00e9 aucun impact n\u00e9gatif significatif sur la qualit\u00e9 de l&#039;eau d\u00fb au projet.<\/p>\n<p>Les esp\u00e8ces migratrices n&#039;ont jamais \u00e9t\u00e9 pr\u00e9sentes dans la zone du projet. Un obstacle en aval, pr\u00e9sent sur la rivi\u00e8re Skagway, emp\u00eache l&#039;acc\u00e8s des esp\u00e8ces de poissons migrateurs. L&#039;USFWS et l&#039;ADFG ont conclu que les eaux de la zone du projet n&#039;avaient qu&#039;une valeur limit\u00e9e, voire nulle, pour la survie des poissons dans des conditions de d\u00e9bit naturel. L&#039;ADFG a lanc\u00e9 un programme d&#039;empoissonnement d&#039;ombres en 1994 afin d&#039;\u00e9tablir une p\u00eache sportive dans le lac Goat. Des relev\u00e9s des populations et des habitats ont \u00e9t\u00e9 r\u00e9alis\u00e9s afin de d\u00e9terminer les impacts du rabattement du niveau d&#039;eau sur l&#039;acc\u00e8s aux fray\u00e8res. Achev\u00e9es en 2007, les \u00e9tudes ont indiqu\u00e9 que le rabattement n&#039;avait pas eu d&#039;impact significatif. En raison de la faible teneur en nutriments et de la temp\u00e9rature du plan d&#039;eau, l&#039;effort d&#039;empoissonnement a \u00e9t\u00e9 jug\u00e9 infructueux par l&#039;ADFG.<\/p>\n<p>Le projet est situ\u00e9 sur des terres appartenant au Service des for\u00eats des \u00c9tats-Unis et au D\u00e9partement des ressources naturelles de l&#039;Alaska. Aucune terre pr\u00e9sentant une valeur \u00e9cologique significative n&#039;est concern\u00e9e par le projet.<\/p>\n<p>Les ressources culturelles \u00e0 proximit\u00e9 du projet comprennent le quartier historique de Skagway, le site historique national de White Pass, la Brackett Wagon Road et une ligne t\u00e9l\u00e9graphique et t\u00e9l\u00e9phonique historique datant de la Seconde Guerre mondiale. Aucune de ces ressources n&#039;est situ\u00e9e dans la zone du projet et aucun impact n&#039;est attendu de son exploitation.<\/p>\n<p>Le projet ne propose aucune ressource r\u00e9cr\u00e9ative et a \u00e9t\u00e9 volontairement laiss\u00e9 \u00e0 l&#039;abandon par le Service des for\u00eats des \u00c9tats-Unis afin de pr\u00e9server son caract\u00e8re sauvage et sans routes. Des activit\u00e9s de loisirs hors projet sont disponibles \u00e0 proximit\u00e9.<\/p>\n<hr \/>\n<h3>\u00c9tat de conformit\u00e9<\/h3>\n<p><strong>Il n\u2019y a pas de conditions sp\u00e9cifiques \u00e0 l\u2019\u00e9tablissement dans le certificat actuel.<\/strong><\/p>\n<p><strong>2025<\/strong>Aucun changement important ni probl\u00e8me de conformit\u00e9 n&#039;a \u00e9t\u00e9 identifi\u00e9. Le projet demeure conforme \u00e0 la r\u00e9glementation suite \u00e0 l&#039;examen annuel.<\/p>\n<p><strong>2024<\/strong>Aucun changement important ni probl\u00e8me de conformit\u00e9 n&#039;a \u00e9t\u00e9 identifi\u00e9. Le projet demeure conforme \u00e0 la r\u00e9glementation suite \u00e0 l&#039;examen annuel.<\/p>\n<p><strong>2023<\/strong>Aucun changement important ni probl\u00e8me de conformit\u00e9 n&#039;a \u00e9t\u00e9 identifi\u00e9. Le projet demeure conforme \u00e0 la r\u00e9glementation suite \u00e0 l&#039;examen annuel.<\/p>\n<p><strong>2022<\/strong>Aucun changement important ni probl\u00e8me de conformit\u00e9 n&#039;a \u00e9t\u00e9 identifi\u00e9. Le projet demeure conforme \u00e0 la r\u00e9glementation suite \u00e0 l&#039;examen annuel.<\/p>\n<p><strong>2021:<\/strong> Le rapport annuel pour le certificat actuel n\u2019est pas encore entr\u00e9 en vigueur.<\/p>\n<hr \/>\n<h3>Historique des certifications<\/h3>\n<p><strong>5 janvier 2022 :<\/strong> Le Low Impact Hydropower Institute a rendu sa d\u00e9cision finale concernant la recertification du projet Goat Lake. La p\u00e9riode d&#039;appel de 30 jours s&#039;est termin\u00e9e le 30 d\u00e9cembre 2021 et aucun appel n&#039;a \u00e9t\u00e9 d\u00e9pos\u00e9. Par cons\u00e9quent, la d\u00e9cision de recertifier le projet est d\u00e9sormais d\u00e9finitive. La nouvelle p\u00e9riode de validit\u00e9 s&#039;\u00e9tend du 23 octobre 2021 au 22 octobre 2031, refl\u00e9tant la prolongation des certificats entr\u00e9e en vigueur le 1er janvier 2022.<\/p>\n<p><strong>30 novembre 2021 :<\/strong> Le Low Impact Hydropower Institute (LIHI) a approuv\u00e9 \u00e0 titre pr\u00e9liminaire le projet Goat Lake pour une certification \u00e0 faible impact d&#039;une dur\u00e9e de cinq ans. Cette d\u00e9cision est provisoire, dans l&#039;attente d&#039;un d\u00e9lai d&#039;appel de 30 jours. Seuls les participants ayant comment\u00e9 la demande initiale pendant ce d\u00e9lai de 60 jours sont autoris\u00e9s \u00e0 d\u00e9poser un recours. Ce recours doit inclure une explication expliquant en quoi le projet ne r\u00e9pond pas aux crit\u00e8res du LIHI. Les demandes de recours peuvent \u00eatre soumises par courriel \u00e0 l&#039;adresse suivante\u00a0: <a href=\"#\">comments@lowimpacthydro.org<\/a> avec \u00ab\u00a0Projet Goat Lake\u00a0\u00bb en objet, ou par courrier adress\u00e9 au Low Impact Hydropower Institute, 1167 Massachusetts Ave, bureau 407, Arlington, MA 02476. Toutes les demandes seront publi\u00e9es sur le site web. Le demandeur aura la possibilit\u00e9 de r\u00e9pondre, et toute r\u00e9ponse sera \u00e9galement publi\u00e9e. <strong>Les demandes doivent \u00eatre re\u00e7ues avant 17 h, heure de l\u2019Est, le 30 d\u00e9cembre 2021.<\/strong> Le dossier complet et le rapport d&#039;\u00e9valuation sont disponibles ci-dessous. Si aucune demande d&#039;appel n&#039;est re\u00e7ue et que la d\u00e9cision devient d\u00e9finitive, la p\u00e9riode de certification du projet s&#039;\u00e9tendra du 23 octobre 2021 au 22 octobre 2026.<\/p>\n<p><strong>29 septembre 2021 :<\/strong> Le Low Impact Hydropower Institute (LIHI) a re\u00e7u une demande de recertification compl\u00e8te de la part d&#039;Alaska Power and Telephone Co. pour le projet Goat Lake, situ\u00e9 sur le ruisseau Pitchfork Falls, en Alaska. C&#039;est la deuxi\u00e8me fois que le projet est examin\u00e9 \u00e0 l&#039;aide de la 2e \u00e9dition du manuel du LIHI. Le LIHI a \u00e9labor\u00e9 un format de demande simplifi\u00e9 pour ce type de projets afin de faciliter l&#039;examen conform\u00e9ment \u00e0 la section 6.1 de la 2e \u00e9dition du manuel. Ce processus d&#039;examen v\u00e9rifie les informations soumises, prend en compte les commentaires du public re\u00e7us une fois la demande jug\u00e9e compl\u00e8te et \u00e9value si des modifications importantes ont \u00e9t\u00e9 apport\u00e9es \u00e0 l&#039;installation ou au manuel du LIHI, affectant la conformit\u00e9 aux crit\u00e8res du LIHI. Le LIHI sollicite des commentaires sur cette demande. Les commentaires directement li\u00e9s \u00e0 des crit\u00e8res sp\u00e9cifiques du LIHI (d\u00e9bits, qualit\u00e9 de l&#039;eau, etc.) <span class='tooltipsall tooltip_post_id_5566 classtoolTips59'>passage des poissons<\/span>, etc.) seront tr\u00e8s utiles, mais tous les commentaires seront pris en compte. Les commentaires peuvent \u00eatre envoy\u00e9s au LIHI par courrier \u00e9lectronique \u00e0 l&#039;adresse <a href=\"#\">comments@lowimpacthydro.org<\/a> avec \u00ab\u00a0Commentaires sur le projet Goat Lake\u00a0\u00bb dans l&#039;objet, ou par courrier adress\u00e9 au Low Impact Hydropower Institute, 1167 Massachusetts Avenue, Bureau 407, Arlington, MA 02476. <strong>Les commentaires doivent \u00eatre re\u00e7us \u00e0 l&#039;Institut au plus tard \u00e0 17 heures, heure de l&#039;Est, le 28 novembre 2021 pour \u00eatre pris en compte.<\/strong>Tous les commentaires seront publi\u00e9s sur le site web et le candidat aura la possibilit\u00e9 d&#039;y r\u00e9pondre. Toute r\u00e9ponse sera \u00e9galement publi\u00e9e. Le dossier de candidature complet est disponible ci-dessous.<\/p>\n<p><strong>8 mars 2017 : \u00a0<\/strong>Le projet hydro\u00e9lectrique de Goat Lake est d\u00e9sormais certifi\u00e9 par LIHI pour une dur\u00e9e de cinq ans. La date d&#039;entr\u00e9e en vigueur de la certification est le 23 octobre 2016 et expire le 23 octobre 2021.<\/p>\n<p><strong>10 f\u00e9vrier 2017 :<\/strong> Le 8 f\u00e9vrier 2017, Shannon Ames, directrice g\u00e9n\u00e9rale du LIHI, a annonc\u00e9 une d\u00e9cision de certification pr\u00e9liminaire selon laquelle le projet hydro\u00e9lectrique de Goat Lake, certificat LIHI n\u00b0 26 (FERC n\u00b0 P-11077), continue de satisfaire aux crit\u00e8res de certification du LIHI. Une fois finalis\u00e9e, la certification du projet de Goat Lake entrera en vigueur le 23 octobre 2016 pour une dur\u00e9e de cinq (5) ans, qui expirera le 23 octobre 2021. Conform\u00e9ment \u00e0 la section 4.2.5 du LIHI 2<sup>nd<\/sup> Le manuel de l&#039;\u00e9dition, la d\u00e9cision pr\u00e9liminaire de certification, ainsi que le rapport de l&#039;examinateur de la demande et (le cas \u00e9ch\u00e9ant) celui du directeur g\u00e9n\u00e9ral, seront publi\u00e9s sur le site web de l&#039;Institut pendant 30 jours. Un avis de publication sera envoy\u00e9 \u00e0 toutes les personnes ou organisations ayant comment\u00e9 le dossier de demande initial. Tout commentateur peut adresser une lettre au directeur g\u00e9n\u00e9ral pour demander un appel dans ce d\u00e9lai de 30 jours. La demande d&#039;appel doit pr\u00e9ciser les raisons pour lesquelles l&#039;installation hydro\u00e9lectrique aurait d\u00fb \u00e9chouer \u00e0 un ou plusieurs crit\u00e8res. Seules les personnes ou organisations ayant comment\u00e9 le dossier de demande initial peuvent d\u00e9poser un appel. De plus amples informations sur la proc\u00e9dure d&#039;appel du LIHI sont disponibles dans le manuel du LIHI, \u00e0 l&#039;adresse suivante\u00a0: <a href=\"https:\/\/lowimpacthydro.org\/fr\/certification-program-html\/\">https:\/\/lowimpacthydro.org\/certification-program-html\/<\/a>Si aucun appel n&#039;est demand\u00e9 dans le d\u00e9lai de 30 jours, qui commence le 10 f\u00e9vrier et se termine le 10 mars, le directeur ex\u00e9cutif d\u00e9livrera la certification LIHI finale pour l&#039;\u00e9tablissement et publiera une notification de certification sur le site Web de l&#039;Institut.<\/p>\n<p><strong>16 d\u00e9cembre 2016 :<\/strong>\u00a0Le certificat Goat Lake a b\u00e9n\u00e9fici\u00e9 d&#039;une prolongation suppl\u00e9mentaire. La nouvelle date d&#039;expiration est fix\u00e9e au 31 mars 2017. Voir la lettre de prolongation pour plus d&#039;explications ci-dessous.<\/p>\n<p><strong>12 septembre 2016 : <\/strong>\u00a0Le certificat Goat Lake a b\u00e9n\u00e9fici\u00e9 d&#039;une prolongation de sa validit\u00e9. La nouvelle date d&#039;expiration est fix\u00e9e au 31 d\u00e9cembre 2016. Voir la lettre de prolongation pour plus d&#039;explications ci-dessous.<\/p>\n<p><strong>5 ao\u00fbt 2016 :<\/strong> Le 11 juillet 2016, le Low Impact Hydropower Institute a re\u00e7u une demande compl\u00e8te de renouvellement de la certification \u00e0 faible impact pour le projet hydro\u00e9lectrique de Goat Lake. Les documents de candidature sont disponibles dans la section \u00ab\u00a0Fichiers\u00a0\u00bb ci-dessous. Le LIHI sollicite les commentaires du public sur cette demande. Plus pr\u00e9cis\u00e9ment, nous souhaitons savoir si, selon vous, le projet de Goat Lake continue de r\u00e9pondre aux crit\u00e8res de certification \u00e0 faible impact du LIHI. Veuillez consulter le programme et les crit\u00e8res dans la version r\u00e9vis\u00e9e du LIHI.\u00a0<a href=\"https:\/\/lowimpacthydro.org\/wp-content\/uploads\/2014\/08\/2nd-edition-handbook-20160307-FINAL-CLEAN.pdf\" target=\"_blank\" rel=\"noopener noreferrer\">Manuel <\/a>Consultez ensuite les documents de candidature 2016 publi\u00e9s sur la page du projet. Les commentaires directement li\u00e9s aux crit\u00e8res sp\u00e9cifiques du LIHI (d\u00e9bits, qualit\u00e9 de l&#039;eau, passage des poissons, etc.) seront les plus utiles, mais tous les commentaires seront pris en compte. Vous pouvez envoyer vos commentaires \u00e0 l&#039;Institut par courriel \u00e0 l&#039;adresse suivante\u00a0:\u00a0<a href=\"mailto:comments@lowimpacthydro.org\" target=\"_blank\" rel=\"noopener noreferrer\" data-cke-saved-href=\"mailto:dhall@lowimpacthydro.org?subject=Raquette%20Project%20Comments\">comments@lowimpacthydro.org<\/a>\u00a0avec \u00ab\u00a0Commentaires sur le projet Goat Lake\u00a0\u00bb dans l&#039;objet, ou par courrier adress\u00e9 au Low Impact Hydropower Institute, PO Box 194, Harrington Park, New Jersey 07640.\u00a0 <strong>Les commentaires doivent \u00eatre re\u00e7us \u00e0 l&#039;Institut au plus tard \u00e0 17 heures, heure de l&#039;Est, le 5 octobre 2016.<\/strong>\u00a0\u00e0 prendre en consid\u00e9ration. Tous les commentaires seront publi\u00e9s sur le site Web et le candidat aura la possibilit\u00e9 d&#039;y r\u00e9pondre. Toute r\u00e9ponse sera \u00e9galement publi\u00e9e.<\/p>\n<p><strong>17 juillet 2012 :<\/strong> Le projet hydro\u00e9lectrique de Goat Lake a \u00e9t\u00e9 recertifi\u00e9 comme \u00e9tant \u00e0 faible impact pour une p\u00e9riode de cinq ans, \u00e0 compter du 23 octobre 2011 et expirant le 23 octobre 2016.<\/p>\n<p><strong>15 f\u00e9vrier 2012 :<\/strong> Alaska Power and Telephone a d\u00e9pos\u00e9 une demande de renouvellement de certification pour le projet Goat Lake. La certification initiale de LIHI a expir\u00e9 le 23 octobre 2011.<\/p>\n<p><strong>2 avril 2007 :<\/strong> Le projet Goat Lake a \u00e9t\u00e9 certifi\u00e9 \u00e0 faible impact pour une p\u00e9riode de cinq ans, \u00e0 compter du 23 octobre 2006 et expirant le 23 octobre 2011.<\/p>\n<p><strong>23 octobre 2006 :<\/strong> Alaska Power and Telephone a soumis une demande de certification du projet hydro\u00e9lectrique de Goat Lake.<\/p>\n<hr \/>\n<h3>Dossiers de certification<\/h3>\n<h4>Recertification 2021<\/h4>\n<ul style=\"color: black;\">\n<li><a href=\"https:\/\/lowimpacthydro.org\/wp-content\/uploads\/2021\/11\/Goat-Lake-Recertification-Report-112921.pdf\">Rapport de recertification de Goat Lake 2021<\/a><\/li>\n<li><a href=\"https:\/\/lowimpacthydro.org\/wp-content\/uploads\/2021\/09\/2021-8-11-Goat-Lake-Recertification-Application-signed.pdf\">Demande de recertification de Goat Lake 2021<\/a><\/li>\n<\/ul>\n<h4>Recertification 2016<\/h4>\n<ul style=\"color: black;\">\n<li><a href=\"https:\/\/lowimpacthydro.org\/wp-content\/uploads\/2020\/07\/RecertificationReportGoatLakeAK-_2017Feb2.pdf\">Rapport de recertification de Goat Lake<\/a><\/li>\n<li><a href=\"https:\/\/lowimpacthydro.org\/wp-content\/uploads\/2020\/07\/GLH-LIHI-2016-application-revised.pdf\">Demande de recertification de Goat Lake<\/a><\/li>\n<li><a href=\"https:\/\/lowimpacthydro.org\/wp-content\/uploads\/2020\/07\/GLH-LIHI-2016-Application-Appendices-revised.pdf\">Annexes \u00e0 la demande de permis de Goat Lake 2016 <\/a><\/li>\n<\/ul>\n<h4>Recertification 2011<\/h4>\n<ul style=\"color: black;\">\n<li><a href=\"https:\/\/lowimpacthydro.org\/wp-content\/uploads\/2020\/07\/4-25-2012-Letter-Recommending-Recertification.pdf\">Lettre de recommandation de recertification<\/a><\/li>\n<li><a href=\"https:\/\/lowimpacthydro.org\/wp-content\/uploads\/2023\/05\/Goat-Lake-Recertification-App-2011.pdf\">Demande de recertification de Goat Lake<\/a><\/li>\n<\/ul>\n<h4>Certification 2006<\/h4>\n<ul style=\"color: black;\">\n<li><a href=\"https:\/\/lowimpacthydro.org\/wp-content\/uploads\/2020\/07\/Goat-Lake-Hydro-Review-2-07.pdf\">Rapport d&#039;examen de la certification de Goat Lake<\/a><\/li>\n<li><a href=\"https:\/\/lowimpacthydro.org\/wp-content\/uploads\/2020\/07\/Goat-Lake-LIHI-Application.pdf\">Demande de certification de Goat Lake<\/a><\/li>\n<li><a href=\"https:\/\/lowimpacthydro.org\/wp-content\/uploads\/2020\/07\/Goat_Lake_2005Questionnaire.pdf\">Questionnaire de certification de Goat Lake<\/a><\/li>\n<li><a href=\"https:\/\/lowimpacthydro.org\/wp-content\/uploads\/2020\/07\/Project-Description.pdf\">Annexe de la demande \u2013 Description du projet<\/a><\/li>\n<\/ul>\n<hr \/>\n<h3>Documents cl\u00e9s<\/h3>\n<ul>\n<li><a href=\"https:\/\/lowimpacthydro.org\/wp-content\/uploads\/2023\/05\/FERC-Order-and-EA-1996-Goat-Lake.pdf\">Licence FERC et \u00e9valuation environnementale de Goat Lake<\/a><\/li>\n<li><a href=\"https:\/\/lowimpacthydro.org\/wp-content\/uploads\/2023\/05\/Goat-Lake-Alaska-waiver-of-WQC.pdf\">D\u00e9rogation \u00e0 la certification de la qualit\u00e9 de l&#039;eau en Alaska<\/a><\/li>\n<\/ul>","protected":false},"excerpt":{"rendered":"<p>Project Name Goat Lake LIHI Certificate No. 26 LIHI Certificate Term October 23, 2021 &#8211; October 22, 2031 Owner Alaska Power and Telephone Company State Alaska<span class=\"excerpt-hellip\"> [\u2026]<\/span><\/p>\n","protected":false},"author":3,"featured_media":-1,"parent":0,"menu_order":0,"comment_status":"closed","ping_status":"closed","template":"","meta":{"_coblocks_attr":"","_coblocks_dimensions":"","_coblocks_responsive_height":"","_coblocks_accordion_ie_support":"","om_disable_all_campaigns":false,"_monsterinsights_skip_tracking":false,"_monsterinsights_sitenote_active":false,"_monsterinsights_sitenote_note":"","_monsterinsights_sitenote_category":0,"footnotes":""},"class_list":["post-2115","page","type-page","status-publish","has-post-thumbnail","hentry"],"aioseo_notices":[],"_links":{"self":[{"href":"https:\/\/lowimpacthydro.org\/fr\/wp-json\/wp\/v2\/pages\/2115","targetHints":{"allow":["GET"]}}],"collection":[{"href":"https:\/\/lowimpacthydro.org\/fr\/wp-json\/wp\/v2\/pages"}],"about":[{"href":"https:\/\/lowimpacthydro.org\/fr\/wp-json\/wp\/v2\/types\/page"}],"author":[{"embeddable":true,"href":"https:\/\/lowimpacthydro.org\/fr\/wp-json\/wp\/v2\/users\/3"}],"replies":[{"embeddable":true,"href":"https:\/\/lowimpacthydro.org\/fr\/wp-json\/wp\/v2\/comments?post=2115"}],"version-history":[{"count":11,"href":"https:\/\/lowimpacthydro.org\/fr\/wp-json\/wp\/v2\/pages\/2115\/revisions"}],"predecessor-version":[{"id":10133,"href":"https:\/\/lowimpacthydro.org\/fr\/wp-json\/wp\/v2\/pages\/2115\/revisions\/10133"}],"wp:featuredmedia":[{"embeddable":true,"href":"https:\/\/lowimpacthydro.org\/fr\/wp-json\/"}],"wp:attachment":[{"href":"https:\/\/lowimpacthydro.org\/fr\/wp-json\/wp\/v2\/media?parent=2115"}],"curies":[{"name":"wp","href":"https:\/\/api.w.org\/{rel}","templated":true}]}}