{"id":1811,"date":"2020-07-26T15:20:46","date_gmt":"2020-07-26T19:20:46","guid":{"rendered":"https:\/\/lowimpacthydro.org\/?page_id=1811"},"modified":"2026-03-24T15:01:34","modified_gmt":"2026-03-24T19:01:34","slug":"lihi-certificate-55-cosgrove-hydroelectric-project-massachusetts","status":"publish","type":"page","link":"https:\/\/lowimpacthydro.org\/fr\/lihi-certificate-55-cosgrove-hydroelectric-project-massachusetts\/","title":{"rendered":"Certificat LIHI #55 \u2013 Projet hydro\u00e9lectrique de Cosgrove, Massachusetts"},"content":{"rendered":"<table class=\"alignright\" style=\"width: 351px; border: 2px; cellspacing: 2px; cellpadding: 2px; margin-left: 50px;\">\n<tbody>\n<tr>\n<td style=\"width: 41.8142%;\" width=\"238\"><strong>Nom du projet<\/strong><\/td>\n<td style=\"width: 56.1947%;\" width=\"210\">Cosgrove<\/td>\n<\/tr>\n<tr>\n<td style=\"width: 41.8142%;\" width=\"238\"><strong>Num\u00e9ro de certificat LIHI<\/strong><\/td>\n<td style=\"width: 56.1947%;\" width=\"210\">55<\/td>\n<\/tr>\n<tr>\n<td style=\"width: 41.8142%;\" width=\"238\"><strong>Dur\u00e9e du certificat LIHI<\/strong><\/td>\n<td style=\"width: 56.1947%;\" width=\"210\">14 avril 2023 \u2013 13 avril 2038<\/td>\n<\/tr>\n<tr>\n<td style=\"width: 41.8142%;\" width=\"238\"><strong>Propri\u00e9taire<\/strong><\/td>\n<td style=\"width: 56.1947%;\" width=\"210\">Autorit\u00e9 des ressources en eau du Massachusetts<\/td>\n<\/tr>\n<tr>\n<td style=\"width: 41.8142%;\" width=\"238\"><strong>\u00c9tat<\/strong><\/td>\n<td style=\"width: 56.1947%;\" width=\"210\">Massachusetts<\/td>\n<\/tr>\n<tr>\n<td style=\"width: 41.8142%;\" width=\"238\"><strong>Emplacement<\/strong><\/td>\n<td style=\"width: 56.1947%;\" width=\"210\">Situ\u00e9 au Cosgrove <span class='tooltipsall tooltip_post_id_5594 classtoolTips140'>Admission<\/span> dans l&#039;aqueduc de Cosgrove<\/td>\n<\/tr>\n<tr>\n<td style=\"width: 41.8142%;\" width=\"238\"><strong>Capacit\u00e9 install\u00e9e<\/strong><\/td>\n<td style=\"width: 56.1947%;\" width=\"210\">2,4 MW<\/td>\n<\/tr>\n<tr>\n<td style=\"width: 41.8142%;\" width=\"238\"><strong>G\u00e9n\u00e9ration annuelle moyenne<\/strong><\/td>\n<td style=\"width: 56.1947%;\" width=\"210\">4 623 MWh<\/td>\n<\/tr>\n<tr>\n<td style=\"width: 41.8142%;\" width=\"238\"><strong>Type d&#039;\u00e9tablissement<\/strong><\/td>\n<td style=\"width: 56.1947%;\" width=\"210\">conduit<\/td>\n<\/tr>\n<tr>\n<td style=\"width: 41.8142%;\" width=\"238\"><strong><span class='tooltipsall tooltip_post_id_5565 classtoolTips152'>F\u00e9d\u00e9ration internationale de radio-t\u00e9l\u00e9vision (FERC)<\/span> Non.<\/strong><\/td>\n<td style=\"width: 56.1947%;\" width=\"210\">P-10688 exempt\u00e9 1990<\/td>\n<\/tr>\n<\/tbody>\n<\/table>\n<p>Le projet Cosgrove est situ\u00e9 \u00e0 la prise d&#039;eau de Cosgrove. La prise d&#039;eau de Cosgrove et l&#039;installation hydro\u00e9lectrique r\u00e9gulent le d\u00e9bit de la rivi\u00e8re Wachusett. <span class='tooltipsall tooltip_post_id_5633 classtoolTips103'>R\u00e9servoir<\/span> dans l&#039;aqueduc de Cosgrove, qui est une \u00e9tape importante de transmission dans l&#039;approvisionnement en eau de la r\u00e9gion m\u00e9tropolitaine de Boston.<\/p>\n<p>Le r\u00e9seau de transport d&#039;eau de la Massachusetts Water Resources Authority (MWRA) comprend plus de 160 kilom\u00e8tres de tunnels et d&#039;aqueducs qui transportent l&#039;eau, principalement par gravit\u00e9, jusqu&#039;aux points de distribution situ\u00e9s dans la zone desservie par la MWRA. Ce r\u00e9seau de transport d&#039;eau abrite des installations hydro\u00e9lectriques \u00e0 trois endroits\u00a0: <a href=\"https:\/\/lowimpacthydro.org\/fr\/lihi-certificate-57-oakdale-hydroelectric-project-massachusetts\/\">Oakdale (LIHI #57)<\/a> \u00e0 la fin de l&#039;aqueduc de Quabbin; la prise d&#039;eau de Cosgrove vers l&#039;aqueduc de Cosgrove; et le <a href=\"https:\/\/lowimpacthydro.org\/fr\/lihi-certificate-56-loring-road-hydroelectric-project-massachusetts\/\">Installation de stockage couverte de Loring Road (LIHI #56)<\/a>.<\/p>\n<p>La centrale hydro\u00e9lectrique produit de l&#039;\u00e9lectricit\u00e9 \u00e0 partir de l&#039;eau potable transf\u00e9r\u00e9e du r\u00e9servoir de Wachusett vers le tunnel MetroWest, en vue de sa distribution sur l&#039;ensemble du territoire desservi par la MWRA. Le projet comprend deux sections\u00a0: les prises d&#039;eau nord et sud, chacune \u00e9quip\u00e9e d&#039;une turbine hydraulique et de deux conduites de d\u00e9rivation. Chaque prise d&#039;eau comporte trois canaux avec des \u00e9crans mobiles. Chaque prise d&#039;eau est \u00e9galement \u00e9quip\u00e9e d&#039;une vanne de prise sup\u00e9rieure et d&#039;une vanne de prise inf\u00e9rieure, offrant une flexibilit\u00e9 op\u00e9rationnelle pour pr\u00e9lever l&#039;eau \u00e0 diff\u00e9rents niveaux du r\u00e9servoir. \u00c0 la prise d&#039;eau nord, apr\u00e8s cette vanne, l&#039;eau p\u00e9n\u00e8tre dans un puits d&#039;eau commun, d&#039;o\u00f9 le d\u00e9bit est dirig\u00e9 vers le turbog\u00e9n\u00e9rateur 1, la conduite de d\u00e9rivation 1, la conduite de d\u00e9rivation 2, ou une combinaison des deux. Chacune des conduites de d\u00e9rivation est \u00e9quip\u00e9e d&#039;une vanne \u00e0 manchon con\u00e7ue pour r\u00e9guler le d\u00e9bit du r\u00e9seau de distribution d&#039;eau sur une plage de d\u00e9bits. La prise d&#039;eau sud est configur\u00e9e parall\u00e8lement \u00e0 la prise d&#039;eau nord et les d\u00e9bits entrant dans la prise d&#039;eau sud sont dirig\u00e9s vers le turbog\u00e9n\u00e9rateur 2, la conduite de d\u00e9rivation 3 ou la conduite de d\u00e9rivation 4.<\/p>\n<p>Les turbines sont de type Kaplan, \u00e0 orientation verticale, et \u00e9quip\u00e9es de six pales r\u00e9glables. Les turbog\u00e9n\u00e9rateurs, mis en service en 1969, ont r\u00e9cemment \u00e9t\u00e9 r\u00e9nov\u00e9s et modernis\u00e9s, pour une puissance install\u00e9e totale de 2,4 MW. Ces modernisations \u00e9taient n\u00e9cessaires pour int\u00e9grer le fonctionnement de la turbine \u00e0 un syst\u00e8me d&#039;approvisionnement en eau nouvellement configur\u00e9. L&#039;\u00e9lectricit\u00e9 est consomm\u00e9e sur place et export\u00e9e vers le r\u00e9seau \u00e9lectrique r\u00e9gional, g\u00e9n\u00e9rant des revenus pour la MWRA.<\/p>\n<p>Le projet fonctionne comme une installation de canalisation et est situ\u00e9 sur un aqueduc de transfert d&#039;eau. Les eaux sont transf\u00e9r\u00e9es d&#039;un r\u00e9servoir d&#039;approvisionnement en eau \u00e0 un autre et ne se d\u00e9versent pas dans une rivi\u00e8re.<\/p>\n<p>Les eaux \u00e0 port\u00e9e du projet sont trait\u00e9es et utilis\u00e9es \u00e0 des fins d\u2019approvisionnement en eau et sont donc de haute qualit\u00e9 et potables.<\/p>\n<p>Le passage des poissons n\u2019est ni n\u00e9cessaire ni r\u00e9alisable en raison de la nature du projet.<\/p>\n<p>L&#039;installation est situ\u00e9e dans un r\u00e9seau de distribution d&#039;eau et la Division de l&#039;approvisionnement en eau du D\u00e9partement de la conservation et des loisirs du Massachusetts (DCR) est responsable de la protection du littoral. La MWRA entretient un partenariat avec la Division de la protection de l&#039;approvisionnement en eau du D\u00e9partement de la conservation et des loisirs du Massachusetts, qui est charg\u00e9e de g\u00e9rer les activit\u00e9s au sein du bassin versant financ\u00e9es par la MWRA.<\/p>\n<p>Il n\u2019y a aucune esp\u00e8ce menac\u00e9e ou en voie de disparition qui pourrait \u00eatre affect\u00e9e par le projet qui se situe \u00e0 l\u2019int\u00e9rieur d\u2019un b\u00e2timent.<\/p>\n<p>Aucune ressource culturelle ou historique n\u2019existe sur le site du projet hydro\u00e9lectrique.<\/p>\n<p>Le projet est situ\u00e9 \u00e0 proximit\u00e9 d&#039;un approvisionnement en eau public qui restreint l&#039;acc\u00e8s du public aux installations du projet, bien que le r\u00e9servoir de Wachusett offre des possibilit\u00e9s de loisirs.<\/p>\n<hr \/>\n<h3>\u00c9tat de conformit\u00e9<\/h3>\n<p><strong>Il n&#039;existe aucune condition sp\u00e9cifique \u00e0 l&#039;\u00e9tablissement dans le certificat actuel<\/strong><\/p>\n<p><strong>2026:<\/strong> Aucun changement important ni probl\u00e8me de conformit\u00e9 n&#039;ont \u00e9t\u00e9 identifi\u00e9s. Le projet reste conforme sur la base de l&#039;examen annuel.<\/p>\n<p><strong>2025:<\/strong> Aucun changement important ni probl\u00e8me de conformit\u00e9 n&#039;ont \u00e9t\u00e9 identifi\u00e9s. Le projet reste conforme sur la base de l&#039;examen annuel.<\/p>\n<p><strong>2024:<\/strong> Aucun changement important ni probl\u00e8me de conformit\u00e9 n&#039;ont \u00e9t\u00e9 identifi\u00e9s. Le projet reste conforme sur la base de l&#039;examen annuel.<\/p>\n<p><strong>2023:\u00a0<\/strong> Le rapport annuel pour le certificat actuel n\u2019est pas encore entr\u00e9 en vigueur.<\/p>\n<hr \/>\n<h3>Historique des certifications<\/h3>\n<p><strong>21 d\u00e9cembre 2023 : <\/strong>Le Low Impact Hydropower Institute a rendu une d\u00e9cision finale sur la recertification du projet hydro\u00e9lectrique de Cosgrove. La p\u00e9riode de certification est du 14 avril 2023 au 13 avril 2038.<\/p>\n<p><strong>17 novembre 2023 :<\/strong> Le Low Impact Hydropower Institute a approuv\u00e9 provisoirement la recertification \u00ab\u00a0faible impact\u00a0\u00bb du projet hydro\u00e9lectrique de Cosgrove (LIHI #55), situ\u00e9 sur l&#039;aqueduc de Cosgrove, dans le Massachusetts. La demande compl\u00e8te et le rapport d&#039;\u00e9valuation sont disponibles ci-dessous. Cette d\u00e9cision est provisoire, dans l&#039;attente d&#039;un d\u00e9lai d&#039;appel de 30 jours. Seuls les participants ayant comment\u00e9 la demande initiale pendant ce d\u00e9lai de 60 jours peuvent d\u00e9poser un recours. Ce recours doit inclure une explication expliquant en quoi le projet ne r\u00e9pond pas aux crit\u00e8res du LIHI. Les demandes de recours peuvent \u00eatre soumises par courriel \u00e0 l&#039;adresse suivante\u00a0: <a href=\"mailto:comments@lowimpacthydro.org\">comments@lowimpacthydro.org<\/a> avec \u00ab\u00a0Projet Cosgrove\u00a0\u00bb en objet, ou par courrier adress\u00e9 au Low Impact Hydropower Institute, 1167 Massachusetts Ave, Arlington, MA 02476. Toutes les demandes seront publi\u00e9es sur le site web. Le demandeur aura la possibilit\u00e9 de r\u00e9pondre, et toute r\u00e9ponse sera \u00e9galement publi\u00e9e. <strong>Les demandes doivent \u00eatre re\u00e7ues avant 17 h, heure de l\u2019Est, le 17 d\u00e9cembre 2023. <\/strong>Si aucune demande d\u2019appel n\u2019est re\u00e7ue, la p\u00e9riode de certification sera du 14 avril 2023 au 13 avril 2038.<\/p>\n<p><strong>5 septembre 2023 :<\/strong> Le Low Impact Hydropower Institute (LIHI) a re\u00e7u une demande compl\u00e8te de recertification de la part de la Massachusetts Water Resource Authority pour le projet Cosgrove. Le LIHI sollicite des commentaires sur cette demande. Les commentaires directement li\u00e9s \u00e0 ses crit\u00e8res sp\u00e9cifiques (d\u00e9bits, qualit\u00e9 de l&#039;eau, etc.) <span class='tooltipsall tooltip_post_id_5566 classtoolTips59'>passage des poissons<\/span>, etc.) seront tr\u00e8s utiles, mais tous les commentaires seront pris en compte. Les commentaires peuvent \u00eatre envoy\u00e9s au LIHI par courrier \u00e9lectronique \u00e0 l&#039;adresse <a href=\"mailto:comments@lowimpacthydro.org\">comments@lowimpacthydro.org<\/a> avec \u00ab\u00a0Commentaires sur le projet Cosgrove\u00a0\u00bb dans l&#039;objet du message, ou par courrier adress\u00e9 au Low Impact Hydropower Institute, 1167 Massachusetts Avenue, Arlington, MA 02476. <strong>Les commentaires doivent \u00eatre re\u00e7us \u00e0 l\u2019Institut au plus tard \u00e0 17 heures, heure de l\u2019Est, le 6 novembre 2023 pour \u00eatre pris en compte.<\/strong> Tous les commentaires seront publi\u00e9s sur le site web et le candidat aura la possibilit\u00e9 d&#039;y r\u00e9pondre. Toute r\u00e9ponse sera \u00e9galement publi\u00e9e. Le dossier de candidature complet est disponible ci-dessous.<\/p>\n<p><strong>13 janvier 2016 :<\/strong> Michael J. Sale, directeur ex\u00e9cutif du LIHI, s&#039;appuyant sur les pouvoirs d\u00e9l\u00e9gu\u00e9s par le conseil d&#039;administration du LIHI, a certifi\u00e9 que le projet hydro\u00e9lectrique Cosgrove (n\u00b0 FERC P-10689) continue de satisfaire aux crit\u00e8res de certification du LIHI. Une d\u00e9cision pr\u00e9liminaire a \u00e9t\u00e9 annonc\u00e9e le 14 d\u00e9cembre 2015, et une p\u00e9riode d&#039;appel de 30 jours \u00e9tait ouverte jusqu&#039;au 14 janvier 2016. Aucune demande d&#039;appel n&#039;a \u00e9t\u00e9 re\u00e7ue. La certification du projet Cosgrove entrera en vigueur le 14 avril 2015 pour une dur\u00e9e de huit (8) ans, qui expirera le 14 avril 2023.<\/p>\n<p><strong>22 octobre 2015 : \u00a0<\/strong>Le projet hydro\u00e9lectrique de Cosgrove a obtenu une prolongation suppl\u00e9mentaire ; la nouvelle date d&#039;expiration est le 31 d\u00e9cembre 2015.<\/p>\n<p><strong>30 septembre 2015 \u2013<\/strong> Le Low Impact Hydropower Institute a re\u00e7u une demande compl\u00e8te pour un nouveau mandat de certification \u00e0 faible impact pour le projet hydro\u00e9lectrique de Cosgrove le 21 septembre 2015. Les documents de candidature se trouvent dans la section Fichiers ci-dessous.<\/p>\n<p>La p\u00e9riode de commentaires publics pour cette demande a pris fin le 30 novembre 2015.<\/p>\n<p><strong>19 juin 2015 :<\/strong>\u00a0Le projet hydro\u00e9lectrique de Cosgrove a b\u00e9n\u00e9fici\u00e9 d&#039;une prolongation de la dur\u00e9e de validit\u00e9 de son certificat. La nouvelle date d&#039;expiration est fix\u00e9e au 31 d\u00e9cembre 2015. Voir la lettre d&#039;extension 2015Recert pour plus d&#039;informations.<\/p>\n<p><strong>21 juillet 2010 :<\/strong> Le projet hydro\u00e9lectrique de Cosgrove a \u00e9t\u00e9 certifi\u00e9 \u00e0 faible impact pour une dur\u00e9e de cinq ans, \u00e0 compter du 14 avril 2010 et expirant le 14 avril 2015.<\/p>\n<p><strong>14 juin 2010 :<\/strong> La p\u00e9riode de commentaires publics sur la demande de certification est termin\u00e9e.<\/p>\n<p><strong>9 juin 2010 :<\/strong> Le LIHI a re\u00e7u une lettre de commentaires de l&#039;USFWS concernant le projet Cosgrove. Vous pouvez la consulter dans la section \u00ab\u00a0Fichiers\u00a0\u00bb ci-dessous.<\/p>\n<p><strong>14 avril 2010 :<\/strong> La Massachusetts Resource Water Authority a d\u00e9pos\u00e9 une demande de certification pour le projet hydro\u00e9lectrique de Cosgrove. Une p\u00e9riode de consultation publique sera ouverte pendant 60 jours.<\/p>\n<hr \/>\n<h3>Dossiers de certification<\/h3>\n<h4>Recertification 2023<\/h4>\n<ul>\n<li><a href=\"https:\/\/lowimpacthydro.org\/wp-content\/uploads\/2023\/11\/Cosgrove-Certification-Review_11032023_Final-Report.pdf\">Rapport de recertification Cosgrove 2023<\/a><\/li>\n<li><a href=\"https:\/\/lowimpacthydro.org\/wp-content\/uploads\/2023\/09\/Cosgrove-Complete-submittal-for-LIHI-recertification-signed-2023.pdf\">Demande de recertification Cosgrove 2023<\/a><\/li>\n<\/ul>\n<h4>Recertification 2015<\/h4>\n<ul style=\"color: black;\">\n<li><a href=\"https:\/\/lowimpacthydro.org\/wp-content\/uploads\/2020\/07\/Cosgrove-Recertification-Report_PD-final-12-4-15.pdf\">Rapport de recertification de Cosgrove 2015<\/a><\/li>\n<li><a href=\"https:\/\/lowimpacthydro.org\/wp-content\/uploads\/2020\/07\/CosgroveLIHI2015application.pdf\">Demande de recertification Cosgrove<\/a><\/li>\n<li><a href=\"https:\/\/lowimpacthydro.org\/wp-content\/uploads\/2020\/07\/Cosgrove-LIHI-comments.pdf\">Lettre de commentaires de la Division des p\u00eaches et de la faune du Massachusetts \u2013 Recertification de Cosgrove<\/a><\/li>\n<\/ul>\n<h4>Certification 2010<\/h4>\n<ul style=\"color: black;\">\n<li><a href=\"https:\/\/lowimpacthydro.org\/wp-content\/uploads\/2020\/09\/MWRA_Final_Cert_Report.doc\">Rapport d&#039;examen de la certification Cosgrove<\/a><\/li>\n<li><a href=\"https:\/\/lowimpacthydro.org\/wp-content\/uploads\/2020\/09\/LIHI-PENDING-APPLICATION-Cosgrove-4-15-10.doc\">Demande de certification Cosgrove<\/a><\/li>\n<li><a href=\"https:\/\/lowimpacthydro.org\/wp-content\/uploads\/2020\/09\/USFWS_Melissa-Grader_comment-on-2010-cert.pdf\">Lettre de commentaires du Service am\u00e9ricain de la p\u00eache et de la faune sauvage \u2013 Certification Cosgrove<\/a><\/li>\n<li><a href=\"https:\/\/lowimpacthydro.org\/wp-content\/uploads\/2023\/09\/Mass-DEP-WQ-letter-2010-Cosgrove-Loring-Rd-Oakdale.pdf\">Lettre de commentaires du DEP du Massachusetts 2010<\/a><\/li>\n<\/ul>\n<hr \/>\n<h3>Documents cl\u00e9s<\/h3>\n<ul>\n<li><a href=\"https:\/\/lowimpacthydro.org\/wp-content\/uploads\/2023\/06\/19900125-Cosgrove-exemption.pdf\">Conduite FERC 1990 <span class='tooltipsall tooltip_post_id_5562 classtoolTips113'>Exemption<\/span><\/a><\/li>\n<li><a href=\"https:\/\/lowimpacthydro.org\/wp-content\/uploads\/2023\/06\/19881112-Cosgrove-exemption-application.pdf\">Demande d&#039;exemption<\/a><\/li>\n<\/ul>","protected":false},"excerpt":{"rendered":"<p>Project Name Cosgrove LIHI Certificate No. 55 LIHI Certificate Term April 14, 2023 &#8211; April 13, 2038 Owner Massachusetts Water Resource Authority State Massachusetts Location Located<span class=\"excerpt-hellip\"> [\u2026]<\/span><\/p>\n","protected":false},"author":3,"featured_media":-1,"parent":0,"menu_order":0,"comment_status":"closed","ping_status":"closed","template":"","meta":{"_coblocks_attr":"","_coblocks_dimensions":"","_coblocks_responsive_height":"","_coblocks_accordion_ie_support":"","om_disable_all_campaigns":false,"_monsterinsights_skip_tracking":false,"_monsterinsights_sitenote_active":false,"_monsterinsights_sitenote_note":"","_monsterinsights_sitenote_category":0,"footnotes":""},"class_list":["post-1811","page","type-page","status-publish","has-post-thumbnail","hentry"],"aioseo_notices":[],"_links":{"self":[{"href":"https:\/\/lowimpacthydro.org\/fr\/wp-json\/wp\/v2\/pages\/1811","targetHints":{"allow":["GET"]}}],"collection":[{"href":"https:\/\/lowimpacthydro.org\/fr\/wp-json\/wp\/v2\/pages"}],"about":[{"href":"https:\/\/lowimpacthydro.org\/fr\/wp-json\/wp\/v2\/types\/page"}],"author":[{"embeddable":true,"href":"https:\/\/lowimpacthydro.org\/fr\/wp-json\/wp\/v2\/users\/3"}],"replies":[{"embeddable":true,"href":"https:\/\/lowimpacthydro.org\/fr\/wp-json\/wp\/v2\/comments?post=1811"}],"version-history":[{"count":23,"href":"https:\/\/lowimpacthydro.org\/fr\/wp-json\/wp\/v2\/pages\/1811\/revisions"}],"predecessor-version":[{"id":10448,"href":"https:\/\/lowimpacthydro.org\/fr\/wp-json\/wp\/v2\/pages\/1811\/revisions\/10448"}],"wp:featuredmedia":[{"embeddable":true,"href":"https:\/\/lowimpacthydro.org\/fr\/wp-json\/"}],"wp:attachment":[{"href":"https:\/\/lowimpacthydro.org\/fr\/wp-json\/wp\/v2\/media?parent=1811"}],"curies":[{"name":"wp","href":"https:\/\/api.w.org\/{rel}","templated":true}]}}