{"id":1802,"date":"2020-07-26T15:09:45","date_gmt":"2020-07-26T19:09:45","guid":{"rendered":"https:\/\/lowimpacthydro.org\/?page_id=1802"},"modified":"2026-03-24T15:18:41","modified_gmt":"2026-03-24T19:18:41","slug":"lihi-certificate-56-loring-road-hydroelectric-project-massachusetts","status":"publish","type":"page","link":"https:\/\/lowimpacthydro.org\/fr\/lihi-certificate-56-loring-road-hydroelectric-project-massachusetts\/","title":{"rendered":"Certificat LIHI #56 \u2013 Projet hydro\u00e9lectrique de Loring Road, Massachusetts"},"content":{"rendered":"<table class=\"alignright\" style=\"width: 351px; border: 2px; cellspacing: 2px; cellpadding: 2px; margin-left: 50px;\">\n<tbody>\n<tr style=\"height: 24px;\">\n<td style=\"width: 161px; height: 24px;\"><strong>Nom du projet<\/strong><\/td>\n<td style=\"width: 234px; height: 24px;\">Route de Loring<\/td>\n<\/tr>\n<tr style=\"height: 48px;\">\n<td style=\"width: 161px; height: 48px;\"><strong>Num\u00e9ro de certificat LIHI<\/strong><\/td>\n<td style=\"width: 234px; height: 48px;\">56<\/td>\n<\/tr>\n<tr style=\"height: 48px;\">\n<td style=\"width: 161px; height: 48px;\"><strong>Dur\u00e9e du certificat LIHI<\/strong><\/td>\n<td style=\"width: 234px; height: 48px;\">14 avril 2023 \u2013 13 avril 2038<\/td>\n<\/tr>\n<tr style=\"height: 48px;\">\n<td style=\"width: 161px; height: 48px;\"><strong>Propri\u00e9taire<\/strong><\/td>\n<td style=\"width: 234px; height: 48px;\">Autorit\u00e9 des ressources en eau du Massachusetts<\/td>\n<\/tr>\n<tr style=\"height: 24px;\">\n<td style=\"width: 161px; height: 24px;\"><strong>\u00c9tat<\/strong><\/td>\n<td style=\"width: 234px; height: 24px;\">Massachusetts<\/td>\n<\/tr>\n<tr style=\"height: 96px;\">\n<td style=\"width: 161px; height: 96px;\"><strong>Emplacement<\/strong><\/td>\n<td style=\"width: 234px; height: 96px;\">Situ\u00e9 dans une chambre de vannes de l&#039;installation de stockage couverte de Loring Road \u00e0 Weston, Massachusetts.<\/td>\n<\/tr>\n<tr style=\"height: 24px;\">\n<td style=\"width: 161px; height: 24px;\"><strong>Capacit\u00e9 install\u00e9e<\/strong><\/td>\n<td style=\"width: 234px; height: 24px;\">0,2 MW<\/td>\n<\/tr>\n<tr style=\"height: 48px;\">\n<td style=\"width: 161px; height: 48px;\"><strong>G\u00e9n\u00e9ration annuelle moyenne<\/strong><\/td>\n<td style=\"width: 234px; height: 48px;\">836 MWH<\/td>\n<\/tr>\n<tr style=\"height: 18px;\">\n<td style=\"width: 161px; height: 18px;\"><strong>Type d&#039;\u00e9tablissement<\/strong><\/td>\n<td style=\"width: 234px; height: 18px;\">conduit<\/td>\n<\/tr>\n<tr style=\"height: 24px;\">\n<td style=\"width: 161px; height: 24px;\"><strong><span class='tooltipsall tooltip_post_id_5565 classtoolTips152'>F\u00e9d\u00e9ration internationale de radio-t\u00e9l\u00e9vision (FERC)<\/span> Non.<\/strong><\/td>\n<td style=\"width: 234px; height: 24px;\">P-13400 exempt\u00e9 2009<\/td>\n<\/tr>\n<\/tbody>\n<\/table>\n<p>Le projet Loring Road est situ\u00e9 dans une chambre de vannes du centre de stockage couvert de Loring Road de la Massachusetts Water Resources Authority (MWRA) \u00e0 Weston, dans le Massachusetts. La MWRA approvisionne en eau en gros les services des eaux locaux de 50 communes, principalement dans l&#039;agglom\u00e9ration de Boston. L&#039;eau de la MWRA provient du fleuve Quabbin. <span class='tooltipsall tooltip_post_id_5633 classtoolTips103'>R\u00e9servoir<\/span>, \u00e0 environ 105 kilom\u00e8tres \u00e0 l&#039;ouest de Boston, et le r\u00e9servoir de Wachusett, \u00e0 environ 56 kilom\u00e8tres \u00e0 l&#039;ouest de Boston. Les r\u00e9servoirs de Quabbin et de Wachusett sont tous deux des r\u00e9servoirs artificiels, construits pour l&#039;approvisionnement en eau. Le projet de canalisation hydro\u00e9lectrique a \u00e9t\u00e9 achev\u00e9 et est devenu op\u00e9rationnel en 2010.<\/p>\n<p>Le r\u00e9seau de transport d&#039;eau de la MWRA comprend plus de 160 kilom\u00e8tres de tunnels et d&#039;aqueducs qui transportent l&#039;eau principalement par gravit\u00e9 jusqu&#039;aux points de distribution situ\u00e9s dans la zone desservie par la MWRA. Ce r\u00e9seau abrite des installations hydro\u00e9lectriques \u00e0 trois endroits\u00a0: <a href=\"https:\/\/lowimpacthydro.org\/fr\/lihi-certificate-57-oakdale-hydroelectric-project-massachusetts\/\">Installation d&#039;Oakdale (LIHI #57)<\/a> au bout de l&#039;aqueduc de Quabbin ; le Cosgrove <span class='tooltipsall tooltip_post_id_5594 classtoolTips140'>Admission<\/span> au <a href=\"https:\/\/lowimpacthydro.org\/fr\/lihi-certificate-55-cosgrove-hydroelectric-project-massachusetts\/\"> Aqueduc de Cosgrove (LIHI #55)<\/a>; et l&#039;installation de stockage couverte de Loring Road.<\/p>\n<p>La centrale hydro\u00e9lectrique produit de l&#039;\u00e9lectricit\u00e9 \u00e0 partir d&#039;eau potable enti\u00e8rement trait\u00e9e, achemin\u00e9e par canalisation d&#039;un r\u00e9servoir de stockage couvert du r\u00e9seau de distribution d&#039;eau de la MWRA (Norumbega) vers un autre r\u00e9servoir couvert (Loring Road). Son exploitation est r\u00e9gie par la demande en eau de la zone de faible desserte de la MWRA et n&#039;influence pas les pr\u00e9l\u00e8vements dans les r\u00e9servoirs de la MWRA situ\u00e9s \u00e0 plus de 48 kilom\u00e8tres.<\/p>\n<p>Le r\u00e9servoir couvert de Loring Road \u00e9tablit la ligne de niveau hydraulique de la zone de service basse de la MWRA (zones de faible altitude au sein de la zone de service de la MWRA). L&#039;eau atteint Loring Road \u00e0 une ligne de niveau hydraulique d&#039;environ 86 m\u00e8tres. \u00c0 Loring Road, le d\u00e9bit est divis\u00e9\u00a0: une partie est dirig\u00e9e vers une canalisation d&#039;alimentation desservant le r\u00e9seau de service \u00e9lev\u00e9 de la MWRA, tandis que l&#039;autre est dirig\u00e9e vers des r\u00e9ducteurs de pression situ\u00e9s \u00e0 l&#039;int\u00e9rieur de la chambre de vannes n\u00b0\u00a01, une chambre de vannes souterraine. La turbine hydraulique, les vannes \u00e0 manchon, ou les deux en cas de forte demande en eau, permettent de r\u00e9duire la ligne de niveau \u00e0 environ 61 m\u00e8tres.<\/p>\n<p>Apr\u00e8s la turbine hydraulique ou les d\u00e9tendeurs, l&#039;eau est achemin\u00e9e par une canalisation vers une deuxi\u00e8me chambre de vannes qui dirige le d\u00e9bit vers le r\u00e9servoir de stockage n\u00b0 1 ou n\u00b0 2 de Loring Road. Un d\u00e9bit constant de 20 millions de gallons par jour peut \u00eatre d\u00e9vers\u00e9 de la chambre de vannes n\u00b0 1 dans les r\u00e9servoirs de mani\u00e8re quasi constante. De ces r\u00e9servoirs, le d\u00e9bit est \u00e9vacu\u00e9 vers les canalisations en aval (r\u00e9seaux d&#039;alimentation de l&#039;aqueduc de Weston) desservant la zone de faible consommation de la MWRA. Le g\u00e9n\u00e9rateur de 200 kW entra\u00een\u00e9 par une turbine hydraulique assure la r\u00e9cup\u00e9ration d&#039;\u00e9nergie et, parall\u00e8lement \u00e0 l&#039;objectif principal de l&#039;installation de Loring Road, r\u00e9guler le d\u00e9bit et fournir une alimentation en eau \u00e0 pression constante au r\u00e9seau de faible consommation. L&#039;installation de stockage de Loring Road fonctionne 24h\/24 et 7j\/7, et la centrale hydro\u00e9lectrique est int\u00e9gr\u00e9e aux op\u00e9rations existantes. L&#039;\u00e9lectricit\u00e9 produite est distribu\u00e9e au r\u00e9seau \u00e9lectrique et g\u00e9n\u00e8re des revenus pour la MWRA.<\/p>\n<p>Le projet fonctionne comme une installation de canalisation. Les eaux sont transf\u00e9r\u00e9es d&#039;un r\u00e9servoir d&#039;approvisionnement \u00e0 un autre et ne sont pas rejet\u00e9es dans une rivi\u00e8re.<\/p>\n<p>Les eaux situ\u00e9es dans la zone d\u2019intervention du projet sont utilis\u00e9es \u00e0 des fins d\u2019approvisionnement en eau et sont donc de haute qualit\u00e9 et potables.<\/p>\n<p>Le passage des poissons n\u2019est ni n\u00e9cessaire ni r\u00e9alisable en raison de la nature du projet.<\/p>\n<p>L&#039;installation est situ\u00e9e dans une installation de distribution d&#039;eau et la Division de l&#039;approvisionnement en eau du DCR est responsable de la protection du littoral.<\/p>\n<p>La centrale hydro\u00e9lectrique est enti\u00e8rement situ\u00e9e au sein du r\u00e9seau d&#039;approvisionnement en eau et est enti\u00e8rement souterraine. Elle n&#039;a donc aucun impact sur les rives ni sur le bassin versant. La MWRA entretient un partenariat avec la Division de la protection de l&#039;approvisionnement en eau du DCR, charg\u00e9e de g\u00e9rer les activit\u00e9s financ\u00e9es par la MWRA dans le bassin versant.<\/p>\n<p>Aucune esp\u00e8ce menac\u00e9e ou en voie de disparition n&#039;est potentiellement pr\u00e9sente dans le projet. De m\u00eame, le projet hydro\u00e9lectrique ne pr\u00e9sente aucune ressource culturelle ou historique.<\/p>\n<p>Le projet est situ\u00e9 dans une installation de transfert d\u2019approvisionnement en eau publique, ce qui restreint l\u2019acc\u00e8s du public \u00e0 la zone du projet.<\/p>\n<hr \/>\n<h3>\u00c9tat de conformit\u00e9<\/h3>\n<p><strong>Il n\u2019y a pas de conditions sp\u00e9cifiques \u00e0 l\u2019\u00e9tablissement dans le certificat actuel.<\/strong><\/p>\n<p><strong>2026:<\/strong> Aucun changement important ni probl\u00e8me de conformit\u00e9 n&#039;ont \u00e9t\u00e9 identifi\u00e9s. Le projet reste conforme sur la base de l&#039;examen annuel.<\/p>\n<p><strong>2025:<\/strong> Aucun changement important ni probl\u00e8me de conformit\u00e9 n&#039;ont \u00e9t\u00e9 identifi\u00e9s. Le projet reste conforme sur la base de l&#039;examen annuel.<\/p>\n<p><strong>2024:<\/strong> Aucun changement important ni probl\u00e8me de conformit\u00e9 n&#039;ont \u00e9t\u00e9 identifi\u00e9s. Le projet reste conforme sur la base de l&#039;examen annuel.<\/p>\n<p><strong>2023:\u00a0<\/strong> Le rapport annuel pour le certificat actuel n\u2019est pas encore entr\u00e9 en vigueur.<\/p>\n<hr \/>\n<h3>Historique des certifications<\/h3>\n<p><strong>6 f\u00e9vrier 2024 :<\/strong> Le Low Impact Hydropower Institute a rendu sa d\u00e9cision finale concernant la recertification du projet hydro\u00e9lectrique de Loring Road. La nouvelle p\u00e9riode de certification s&#039;\u00e9tend du 14 avril 2023 au 13 avril 2038.<\/p>\n<p><strong>3 janvier 2024 :<\/strong> Le Low Impact Hydropower Institute a approuv\u00e9 provisoirement la recertification \u00ab\u00a0faible impact\u00a0\u00bb du projet hydro\u00e9lectrique de Loring Road. La demande compl\u00e8te et le rapport d&#039;\u00e9valuation sont disponibles ci-dessous. Cette d\u00e9cision est provisoire, dans l&#039;attente d&#039;un d\u00e9lai d&#039;appel de 30\u00a0jours. Seuls les participants ayant comment\u00e9 la demande initiale pendant ce d\u00e9lai de 60\u00a0jours peuvent d\u00e9poser un recours. Ce recours doit inclure une explication expliquant en quoi le projet ne r\u00e9pond pas aux crit\u00e8res du LIHI. Les demandes de recours peuvent \u00eatre soumises par courriel \u00e0 l&#039;adresse suivante\u00a0: <a href=\"mailto:comments@lowimpacthydro.org\">comments@lowimpacthydro.org<\/a> avec \u00ab\u00a0Projet Loring Road\u00a0\u00bb en objet, ou par courrier adress\u00e9 au Low Impact Hydropower Institute, 1167 Massachusetts Ave, Arlington, MA 02476. Toutes les demandes seront publi\u00e9es sur le site web. Le demandeur aura la possibilit\u00e9 de r\u00e9pondre, et toute r\u00e9ponse sera \u00e9galement publi\u00e9e. <strong>Les demandes doivent \u00eatre re\u00e7ues avant 17 h, heure de l\u2019Est, le 2 f\u00e9vrier 2024. <\/strong>Si aucune demande d\u2019appel n\u2019est re\u00e7ue, la p\u00e9riode de certification sera du 14 avril 2023 au 13 avril 2038.<\/p>\n<p><strong>24 octobre 2023 :<\/strong> Le Low Impact Hydropower Institute (LIHI) a re\u00e7u une demande compl\u00e8te de recertification de la part de la Massachusetts Water Resource Authority pour le projet Loring Road. Le LIHI sollicite des commentaires sur cette demande. Les commentaires directement li\u00e9s \u00e0 ses crit\u00e8res sp\u00e9cifiques (d\u00e9bits, qualit\u00e9 de l&#039;eau, etc.) <span class='tooltipsall tooltip_post_id_5566 classtoolTips59'>passage des poissons<\/span>, etc.) seront tr\u00e8s utiles, mais tous les commentaires seront pris en compte. Les commentaires peuvent \u00eatre envoy\u00e9s au LIHI par courrier \u00e9lectronique \u00e0 l&#039;adresse <a href=\"mailto:comments@lowimpacthydro.org\">comments@lowimpacthydro.org<\/a> avec \u00ab Commentaires sur le projet Loring Road \u00bb dans la ligne d&#039;objet, ou par courrier adress\u00e9 au Low Impact Hydropower Institute, 1167 Massachusetts Avenue, Arlington, MA 02476. <strong>Les commentaires doivent \u00eatre re\u00e7us \u00e0 l\u2019Institut au plus tard \u00e0 17 h, heure de l\u2019Est, le 23 d\u00e9cembre 2023 pour \u00eatre pris en compte.<\/strong> Tous les commentaires seront publi\u00e9s sur le site web et le candidat aura la possibilit\u00e9 d&#039;y r\u00e9pondre. Toute r\u00e9ponse sera \u00e9galement publi\u00e9e. La description du projet et le dossier de candidature complet sont disponibles ci-dessous.<\/p>\n<p><strong>7 d\u00e9cembre 2015 :<\/strong> Michael J. Sale, directeur ex\u00e9cutif du LIHI, s&#039;appuyant sur les pouvoirs d\u00e9l\u00e9gu\u00e9s par le conseil d&#039;administration du LIHI, a certifi\u00e9 que le projet hydro\u00e9lectrique de Loring Road (FERC n\u00b0 P-13400) continue de satisfaire aux crit\u00e8res de certification du LIHI. Une d\u00e9cision pr\u00e9liminaire a \u00e9t\u00e9 annonc\u00e9e le 14 d\u00e9cembre 2015, et une p\u00e9riode d&#039;appel de 30 jours \u00e9tait ouverte jusqu&#039;au 14 janvier 2016. Aucune demande d&#039;appel n&#039;a \u00e9t\u00e9 re\u00e7ue. La certification du projet de Loring Road entre en vigueur le 14 avril 2015 pour une dur\u00e9e de huit (8) ans, qui expirera le 14 avril 2023.<\/p>\n<p><strong>22 octobre 2015 : \u00a0<\/strong>Le projet hydro\u00e9lectrique de Loring Road a obtenu une prolongation suppl\u00e9mentaire ; la nouvelle date d&#039;expiration est le 31 d\u00e9cembre 2015.<\/p>\n<p><strong>30 septembre 2015 \u2013<\/strong> Le Low Impact Hydropower Institute a re\u00e7u le 21 septembre 2015 une demande compl\u00e8te de renouvellement de la certification \u00ab\u00a0faible impact\u00a0\u00bb pour le projet hydro\u00e9lectrique de Loring Road. Les documents de candidature sont disponibles dans la section \u00ab\u00a0Documents\u00a0\u00bb ci-dessous. La p\u00e9riode de consultation publique pour cette demande a pris fin le 30 novembre 2015.<\/p>\n<p><strong>19 juin 2015 :<\/strong>\u00a0Le projet hydro\u00e9lectrique de Loring Road a b\u00e9n\u00e9fici\u00e9 d&#039;une prolongation de la dur\u00e9e de validit\u00e9 de son certificat. La nouvelle date d&#039;expiration est fix\u00e9e au 11 octobre 2015. Voir la lettre d&#039;extension 2015Recert pour plus d&#039;informations.<\/p>\n<p><strong>21 juillet 2010 :<\/strong> Le projet hydro\u00e9lectrique de Loring Road a \u00e9t\u00e9 certifi\u00e9 \u00e0 faible impact. La construction de l&#039;installation de Loring Road ne devant pas \u00eatre achev\u00e9e avant l&#039;automne 2010, la certification du LIHI est accord\u00e9e pour une dur\u00e9e de 18 mois \u00e0 compter du 14 avril 2010, et sera prolong\u00e9e de 42 mois suppl\u00e9mentaires si le demandeur d\u00e9montre au LIHI qu&#039;il a respect\u00e9 les conditions de la FERC. <span class='tooltipsall tooltip_post_id_5562 classtoolTips113'>exemption<\/span>.<\/p>\n<p><strong>14 juin 2010 :<\/strong> La p\u00e9riode de commentaires publics sur la demande de certification est termin\u00e9e.<\/p>\n<p><strong>9 juin 2010 :<\/strong> Le LIHI a re\u00e7u une lettre de commentaires de l&#039;USFWS concernant le projet de Loring Road. Vous pouvez la consulter dans la section \u00ab\u00a0Dossiers\u00a0\u00bb ci-dessous.<\/p>\n<p><strong>4 mai 2010 :<\/strong> Le LIHI a re\u00e7u un commentaire du Dr David Westerling, enseignant-chercheur du d\u00e9partement de g\u00e9nie civil du Merrimack College. Ce commentaire est disponible dans la section \u00ab\u00a0Documents\u00a0\u00bb ci-dessous.<\/p>\n<p><strong>14 avril 2010 :<\/strong> La Massachusetts Water Resources Authority a d\u00e9pos\u00e9 une demande de certification pour le projet hydro\u00e9lectrique de Loring Road. Une p\u00e9riode de consultation publique sera ouverte pendant 60 jours.<\/p>\n<hr \/>\n<h3>Dossiers de certification<\/h3>\n<h4>Recertification 2023<\/h4>\n<ul>\n<li><a href=\"https:\/\/lowimpacthydro.org\/wp-content\/uploads\/2024\/01\/Loring-Rd.-Certification-Review_12122023_Final-Report.pdf\">Rapport d&#039;examen de recertification de Loring Road 2023<\/a><\/li>\n<li><a href=\"https:\/\/lowimpacthydro.org\/wp-content\/uploads\/2023\/10\/Loring-Road-LIHI-Application-2023.pdf\">Demande de recertification de Loring Road 2023<\/a><\/li>\n<\/ul>\n<h4>Recertification 2015<\/h4>\n<ul style=\"color: black;\">\n<li><a href=\"https:\/\/lowimpacthydro.org\/wp-content\/uploads\/2020\/07\/Loring-Rd-Recertification-Report_PD-final-12-4-15.pdf\">Rapport d&#039;examen de recertification de Loring Road 2015<\/a><\/li>\n<li><a href=\"https:\/\/lowimpacthydro.org\/wp-content\/uploads\/2020\/07\/Loring-Road-LIHI-comments.pdf\">Lettre de commentaires de la Division des p\u00eaches et de la faune du Massachusetts \u2013 Recertification de Loring Road<\/a><\/li>\n<li><a href=\"https:\/\/lowimpacthydro.org\/wp-content\/uploads\/2020\/07\/LoringRoadLIHI2015application.pdf\">Demande de recertification de Loring Road<\/a><\/li>\n<\/ul>\n<h4>Certification 2010<\/h4>\n<ul style=\"color: black;\">\n<li><a href=\"https:\/\/lowimpacthydro.org\/wp-content\/uploads\/2020\/07\/MWRA_Final_Cert_Report-1.pdf\">Rapport d&#039;examen de la certification de Loring Road<\/a><\/li>\n<li><a href=\"https:\/\/lowimpacthydro.org\/wp-content\/uploads\/2020\/07\/LoringRddescription.pdf\">Description de la route de Loring<\/a><\/li>\n<li><a href=\"https:\/\/lowimpacthydro.org\/wp-content\/uploads\/2020\/09\/questionnaireLoringRoad-1-05.doc\">Questionnaire de certification de Loring Road<\/a><\/li>\n<li><a href=\"https:\/\/lowimpacthydro.org\/wp-content\/uploads\/2020\/09\/David-Westerling-comment-letter_2010.pdf\">Lettre de commentaires de David Westerling \u2013 Certification de Loring Road<\/a><\/li>\n<li><a href=\"https:\/\/lowimpacthydro.org\/wp-content\/uploads\/2020\/09\/USFWS_Melissa-Grader_comment-letter-2010.pdf\">Lettre de commentaires du Service am\u00e9ricain de la p\u00eache et de la faune sauvage \u2013 Certification de la route de Loring<\/a><\/li>\n<li><a href=\"https:\/\/lowimpacthydro.org\/wp-content\/uploads\/2023\/09\/Mass-DEP-WQ-letter-2010-Cosgrove-Loring-Rd-Oakdale.pdf\">Lettre de commentaires du DEP du Massachusetts 2010<\/a><\/li>\n<\/ul>\n<hr \/>\n<h3>Documents cl\u00e9s<\/h3>\n<ul>\n<li><a href=\"https:\/\/lowimpacthydro.org\/wp-content\/uploads\/2020\/09\/Loring-Road-FERC-exemption.pdf\">Route de Loring FERC <span class='tooltipsall tooltip_post_id_5562 classtoolTips113'>Exemption<\/span><\/a><\/li>\n<li><a href=\"https:\/\/lowimpacthydro.org\/wp-content\/uploads\/2023\/06\/20090318-Loring-Rd-exemption-application.pdf\">Demande d&#039;exemption de Loring Road<\/a><\/li>\n<\/ul>\n<p>&nbsp;<\/p>","protected":false},"excerpt":{"rendered":"<p>Project Name Loring Road LIHI Certificate No. 56 LIHI Certificate Term April 14, 2023 &#8211; April 13, 2038 Owner Massachusetts Water Resource Authority State Massachusetts Location<span class=\"excerpt-hellip\"> [\u2026]<\/span><\/p>\n","protected":false},"author":3,"featured_media":-1,"parent":0,"menu_order":0,"comment_status":"closed","ping_status":"closed","template":"","meta":{"_coblocks_attr":"","_coblocks_dimensions":"","_coblocks_responsive_height":"","_coblocks_accordion_ie_support":"","om_disable_all_campaigns":false,"_monsterinsights_skip_tracking":false,"_monsterinsights_sitenote_active":false,"_monsterinsights_sitenote_note":"","_monsterinsights_sitenote_category":0,"footnotes":""},"class_list":["post-1802","page","type-page","status-publish","has-post-thumbnail","hentry"],"aioseo_notices":[],"_links":{"self":[{"href":"https:\/\/lowimpacthydro.org\/fr\/wp-json\/wp\/v2\/pages\/1802","targetHints":{"allow":["GET"]}}],"collection":[{"href":"https:\/\/lowimpacthydro.org\/fr\/wp-json\/wp\/v2\/pages"}],"about":[{"href":"https:\/\/lowimpacthydro.org\/fr\/wp-json\/wp\/v2\/types\/page"}],"author":[{"embeddable":true,"href":"https:\/\/lowimpacthydro.org\/fr\/wp-json\/wp\/v2\/users\/3"}],"replies":[{"embeddable":true,"href":"https:\/\/lowimpacthydro.org\/fr\/wp-json\/wp\/v2\/comments?post=1802"}],"version-history":[{"count":22,"href":"https:\/\/lowimpacthydro.org\/fr\/wp-json\/wp\/v2\/pages\/1802\/revisions"}],"predecessor-version":[{"id":10449,"href":"https:\/\/lowimpacthydro.org\/fr\/wp-json\/wp\/v2\/pages\/1802\/revisions\/10449"}],"wp:featuredmedia":[{"embeddable":true,"href":"https:\/\/lowimpacthydro.org\/fr\/wp-json\/"}],"wp:attachment":[{"href":"https:\/\/lowimpacthydro.org\/fr\/wp-json\/wp\/v2\/media?parent=1802"}],"curies":[{"name":"wp","href":"https:\/\/api.w.org\/{rel}","templated":true}]}}