{"id":1795,"date":"2020-07-26T15:00:24","date_gmt":"2020-07-26T19:00:24","guid":{"rendered":"https:\/\/lowimpacthydro.org\/?page_id=1795"},"modified":"2026-03-24T15:19:55","modified_gmt":"2026-03-24T19:19:55","slug":"lihi-certificate-57-oakdale-hydroelectric-project-massachusetts","status":"publish","type":"page","link":"https:\/\/lowimpacthydro.org\/fr\/lihi-certificate-57-oakdale-hydroelectric-project-massachusetts\/","title":{"rendered":"Certificat LIHI #57 \u2013 Projet hydro\u00e9lectrique d&#039;Oakdale, Massachusetts"},"content":{"rendered":"<p>&nbsp;<\/p>\n<p>&nbsp;<\/p>\n<p>&nbsp;<\/p>\n<table class=\"alignright\" style=\"width: 351px; border: 2px; cellspacing: 2px; cellpadding: 2px; margin-left: 50px;\">\n<tbody>\n<tr>\n<td style=\"width: 164px;\"><strong>Nom du projet<\/strong><\/td>\n<td style=\"width: 213px;\">Oakdale<\/td>\n<\/tr>\n<tr>\n<td style=\"width: 164px;\"><strong>Num\u00e9ro de certificat LIHI<\/strong><\/td>\n<td style=\"width: 213px;\">57<\/td>\n<\/tr>\n<tr>\n<td style=\"width: 164px;\"><strong>Dur\u00e9e du certificat LIHI<\/strong><\/td>\n<td style=\"width: 213px;\">14 avril 2023 \u2013 13 avril 2038<\/td>\n<\/tr>\n<tr>\n<td style=\"width: 164px;\"><strong>Propri\u00e9taire<\/strong><\/td>\n<td style=\"width: 213px;\">Autorit\u00e9 des ressources en eau du Massachusetts<\/td>\n<\/tr>\n<tr>\n<td style=\"width: 164px;\"><strong>\u00c9tat<\/strong><\/td>\n<td style=\"width: 213px;\">Massachusetts<\/td>\n<\/tr>\n<tr>\n<td style=\"width: 164px;\"><strong>Emplacement<\/strong><\/td>\n<td style=\"width: 213px;\">Situ\u00e9 \u00e0 la sortie de l&#039;aqueduc de Quabbin, juste en amont de Wachusett <span class='tooltipsall tooltip_post_id_5633 classtoolTips103'>R\u00e9servoir<\/span> et pr\u00e8s de l&#039;embouchure de la rivi\u00e8re Quinepoxet dans l&#039;aqueduc de Quabbin<\/td>\n<\/tr>\n<tr>\n<td style=\"width: 164px;\"><strong>Capacit\u00e9 install\u00e9e<\/strong><\/td>\n<td style=\"width: 213px;\">3,5 MW<\/td>\n<\/tr>\n<tr>\n<td style=\"width: 164px;\"><strong>G\u00e9n\u00e9ration annuelle moyenne<\/strong><\/td>\n<td style=\"width: 213px;\">10 418 MWh<\/td>\n<\/tr>\n<tr>\n<td style=\"width: 164px;\"><strong>Type d&#039;\u00e9tablissement<\/strong><\/td>\n<td style=\"width: 213px;\">conduit<\/td>\n<\/tr>\n<tr>\n<td style=\"width: 164px;\"><strong><span class='tooltipsall tooltip_post_id_5565 classtoolTips152'>F\u00e9d\u00e9ration internationale de radio-t\u00e9l\u00e9vision (FERC)<\/span> Non.<\/strong><\/td>\n<td style=\"width: 213px;\">P-10689 exempt\u00e9 1990<\/td>\n<\/tr>\n<\/tbody>\n<\/table>\n<p>Le projet Oakdale est situ\u00e9 \u00e0 la sortie de l&#039;aqueduc de Quabbin, juste en amont du r\u00e9servoir de Wachusett, \u00e0 West Boylston, dans le Massachusetts. La Massachusetts Water Resources Authority (MWRA) approvisionne en eau en gros les services des eaux locaux de 50 communes, principalement dans l&#039;agglom\u00e9ration de Boston. L&#039;eau de la MWRA provient des r\u00e9servoirs de Quabbin, situ\u00e9s \u00e0 environ 105 km \u00e0 l&#039;ouest de Boston, et de Wachusett, situ\u00e9s \u00e0 environ 56 km \u00e0 l&#039;ouest de Boston. Les r\u00e9servoirs de Quabbin et de Wachusett sont tous deux artificiels et construits pour l&#039;approvisionnement en eau.<\/p>\n<p>Le r\u00e9seau de transport d&#039;eau de la MWRA comprend plus de 160 kilom\u00e8tres de tunnels et d&#039;aqueducs qui transportent l&#039;eau, principalement par gravit\u00e9, jusqu&#039;aux points de distribution situ\u00e9s dans la zone desservie par la MWRA. Ce r\u00e9seau abrite des installations hydro\u00e9lectriques \u00e0 trois endroits\u00a0: Oakdale, \u00e0 l&#039;extr\u00e9mit\u00e9 de l&#039;aqueduc de Quabbin\u00a0; Cosgrove. <span class='tooltipsall tooltip_post_id_5594 classtoolTips140'>Admission<\/span> au <a href=\"https:\/\/lowimpacthydro.org\/fr\/lihi-certificate-55-cosgrove-hydroelectric-project-massachusetts\/\">Aqueduc de Cosgrove (LIHI #55)<\/a>; et le <a href=\"https:\/\/lowimpacthydro.org\/fr\/lihi-certificate-56-loring-road-hydroelectric-project-massachusetts\/\">Installation de stockage couverte de Loring Road (LIHI #56)<\/a>.<\/p>\n<p>L&#039;installation d&#039;Oakdale a \u00e9t\u00e9 construite en 1929 pour servir de d\u00e9versoir au tunnel de Quabbin et servait initialement uniquement de station de transfert d&#039;eau. En 1949, une centrale hydro\u00e9lectrique y a \u00e9t\u00e9 ajout\u00e9e.<\/p>\n<p>L&#039;hydro\u00e9lectricit\u00e9 produite est vendue \u00e0 l&#039;entreprise de distribution locale, National Grid. Les revenus de la vente d&#039;\u00e9lectricit\u00e9 \u00e0 NGRID servent \u00e0 compenser les co\u00fbts de fonctionnement de la division de protection des bassins versants du D\u00e9partement de la conservation et des loisirs du Massachusetts (DCR). Le DCR et la MWRA sont partenaires dans la protection des bassins versants, et les contribuables de la MWRA financent la division de protection des bassins versants du DCR.<\/p>\n<p>L&#039;aqueduc de Quabbin est un tunnel rocheux profond. L&#039;eau p\u00e9n\u00e8tre dans l&#039;aqueduc par la prise d&#039;eau de Quabbin, puits 12, et parcourt plus de 38 kilom\u00e8tres jusqu&#039;\u00e0 son terminus, la station de transfert d&#039;Oakdale, \u00e0 West Boylston, dans le Massachusetts. C&#039;est l&#039;un des points du r\u00e9seau de transport d&#039;eau o\u00f9 la MWRA capte l&#039;\u00e9nergie de l&#039;eau qui tombe, transport\u00e9e des altitudes \u00e9lev\u00e9es de la partie ouest du r\u00e9seau (r\u00e9servoir de Quabbin) vers les altitudes plus basses de la zone de distribution. La production d&#039;hydro\u00e9lectricit\u00e9 est secondaire par rapport \u00e0 l&#039;objectif principal de la MWRA, l&#039;approvisionnement en eau, et est juridiquement subordonn\u00e9e \u00e0 son obligation de fournir une eau potable de qualit\u00e9.<\/p>\n<p>Le projet fonctionne comme une installation de canalisation et est situ\u00e9 sur un aqueduc de transfert d&#039;eau. Le projet n&#039;est pas associ\u00e9 \u00e0 un <span class='tooltipsall tooltip_post_id_5545 classtoolTips158'>barrage<\/span>, tron\u00e7on de d\u00e9rivation ou programme de rejet du d\u00e9bit. Les eaux sont transf\u00e9r\u00e9es d&#039;un r\u00e9servoir d&#039;approvisionnement en eau \u00e0 un autre et ne se d\u00e9versent pas dans une rivi\u00e8re.<\/p>\n<p>Les eaux situ\u00e9es dans la zone d\u2019intervention du projet sont utilis\u00e9es \u00e0 des fins d\u2019approvisionnement en eau et sont donc de haute qualit\u00e9 et potables.<\/p>\n<p>Le passage des poissons n\u2019est ni n\u00e9cessaire ni r\u00e9alisable en raison de la nature du projet.<\/p>\n<p>L&#039;installation est situ\u00e9e dans un r\u00e9seau de distribution d&#039;eau et la Division de l&#039;approvisionnement en eau du D\u00e9partement de la conservation et des loisirs du Massachusetts (DCR) est responsable de la protection du littoral. La MWRA entretient un partenariat avec la Division de la protection de l&#039;approvisionnement en eau du D\u00e9partement de la conservation et des loisirs du Massachusetts, qui est charg\u00e9e de g\u00e9rer les activit\u00e9s au sein du bassin versant financ\u00e9es par la MWRA.<\/p>\n<p>Aucune esp\u00e8ce menac\u00e9e ou en voie de disparition n&#039;est potentiellement pr\u00e9sente sur le site du projet et pourrait \u00eatre affect\u00e9e par l&#039;exploitation hydro\u00e9lectrique. De m\u00eame, le site ne poss\u00e8de aucune ressource culturelle ou historique.<\/p>\n<p>Le projet est situ\u00e9 \u00e0 proximit\u00e9 d&#039;un r\u00e9seau d&#039;approvisionnement en eau public, ce qui restreint l&#039;acc\u00e8s du public aux installations du projet. Un plan d&#039;acc\u00e8s public a \u00e9t\u00e9 \u00e9labor\u00e9 pour permettre la pratique de loisirs tels que la p\u00eache c\u00f4ti\u00e8re, la randonn\u00e9e, l&#039;observation des oiseaux et la raquette autour du r\u00e9servoir. Ce plan d\u00e9limite les zones o\u00f9 ces activit\u00e9s sont autoris\u00e9es et restreint l&#039;acc\u00e8s des bateaux au r\u00e9servoir.<\/p>\n<hr \/>\n<h3>\u00c9tat de conformit\u00e9<\/h3>\n<p><strong>Il n&#039;existe aucune condition sp\u00e9cifique \u00e0 l&#039;\u00e9tablissement dans le certificat actuel<\/strong><\/p>\n<p><strong>2026:<\/strong> Aucun changement important ni probl\u00e8me de conformit\u00e9 n&#039;ont \u00e9t\u00e9 identifi\u00e9s. Le projet reste conforme sur la base de l&#039;examen annuel.<\/p>\n<p><strong>2025:<\/strong> Aucun changement important ni probl\u00e8me de conformit\u00e9 n&#039;ont \u00e9t\u00e9 identifi\u00e9s. Le projet reste conforme sur la base de l&#039;examen annuel.<\/p>\n<p><strong>2024:<\/strong> Aucun changement important ni probl\u00e8me de conformit\u00e9 n&#039;ont \u00e9t\u00e9 identifi\u00e9s. Le projet reste conforme sur la base de l&#039;examen annuel.<\/p>\n<p><strong>2023:\u00a0<\/strong> Le rapport annuel pour le certificat actuel n\u2019est pas encore entr\u00e9 en vigueur.<\/p>\n<hr \/>\n<h3>Historique des certifications<\/h3>\n<p><strong>1er mars 2024 :<\/strong> Le Low Impact Hydropower Institute a rendu une d\u00e9cision finale sur la recertification du projet hydro\u00e9lectrique d&#039;Oakdale. La p\u00e9riode de certification est du 14 avril 2023 au 13 avril 2038.<\/p>\n<p><strong>30 janvier 2024 :<\/strong> Le Low Impact Hydropower Institute a approuv\u00e9 provisoirement la recertification \u00ab\u00a0faible impact\u00a0\u00bb du projet hydro\u00e9lectrique d&#039;Oakdale. La demande compl\u00e8te et le rapport d&#039;\u00e9valuation sont disponibles ci-dessous. Cette d\u00e9cision est provisoire, dans l&#039;attente d&#039;un d\u00e9lai d&#039;appel de 30 jours. Seuls les participants ayant comment\u00e9 la demande initiale pendant ce d\u00e9lai de 60 jours peuvent d\u00e9poser un recours. Ce recours doit inclure une explication expliquant en quoi le projet ne r\u00e9pond pas aux crit\u00e8res du LIHI. Les demandes de recours peuvent \u00eatre soumises par courriel \u00e0 l&#039;adresse suivante\u00a0: <a href=\"mailto:comments@lowimpacthydro.org\">comments@lowimpacthydro.org<\/a> avec \u00ab\u00a0Projet Oakdale\u00a0\u00bb en objet, ou par courrier adress\u00e9 au Low Impact Hydropower Institute, 1167 Massachusetts Ave, Arlington, MA 02476. Toutes les demandes seront publi\u00e9es sur le site web. Le demandeur aura la possibilit\u00e9 de r\u00e9pondre, et toute r\u00e9ponse sera \u00e9galement publi\u00e9e. <strong>Les demandes doivent \u00eatre re\u00e7ues avant 17 h, heure de l\u2019Est, le 29 f\u00e9vrier 2024. <\/strong>Si aucune demande d\u2019appel n\u2019est re\u00e7ue, la p\u00e9riode de certification sera du 14 avril 2023 au 13 avril 2038.<\/p>\n<p><strong>20 novembre 2023 :<\/strong> Le Low Impact Hydropower Institute (LIHI) a re\u00e7u une demande compl\u00e8te de recertification de la part de la Massachusetts Water Resource Authority pour le projet Oakdale, situ\u00e9 sur l&#039;aqueduc de Quabbin, \u00e0 West Boylston, dans le Massachusetts. La demande compl\u00e8te est disponible ci-dessous. Le LIHI sollicite des commentaires sur cette demande. Les commentaires directement li\u00e9s \u00e0 ses crit\u00e8res sp\u00e9cifiques (d\u00e9bits, qualit\u00e9 de l&#039;eau, etc.) <span class='tooltipsall tooltip_post_id_5566 classtoolTips59'>passage des poissons<\/span>, etc.) seront tr\u00e8s utiles, mais tous les commentaires seront pris en compte. Les commentaires peuvent \u00eatre envoy\u00e9s au LIHI par courrier \u00e9lectronique \u00e0 l&#039;adresse <a href=\"mailto:comments@lowimpacthydro.org\">comments@lowimpacthydro.org<\/a> avec \u00ab\u00a0Commentaires sur le projet Oakdale\u00a0\u00bb dans la ligne d&#039;objet, ou par courrier adress\u00e9 au Low Impact Hydropower Institute, 1167 Massachusetts Avenue, Arlington, MA 02476. <strong>Les commentaires doivent \u00eatre re\u00e7us \u00e0 l\u2019Institut au plus tard \u00e0 17 h, heure de l\u2019Est, le 19 janvier 2024 pour \u00eatre pris en compte.<\/strong> Tous les commentaires seront publi\u00e9s sur le site Web et le candidat aura la possibilit\u00e9 d&#039;y r\u00e9pondre. Toute r\u00e9ponse sera \u00e9galement publi\u00e9e.<\/p>\n<p><strong>7 d\u00e9cembre 2015 :<\/strong> Michael J. Sale, directeur ex\u00e9cutif du LIHI, exer\u00e7ant les pouvoirs d\u00e9l\u00e9gu\u00e9s par le conseil d&#039;administration du LIHI, a rendu une d\u00e9cision de certification pr\u00e9liminaire attestant que le projet hydro\u00e9lectrique d&#039;Oakdale (FERC n\u00b0 P-10689) continue de satisfaire aux crit\u00e8res de certification du LIHI. Une d\u00e9cision pr\u00e9liminaire a \u00e9t\u00e9 annonc\u00e9e le 14 d\u00e9cembre 2015 et un d\u00e9lai d&#039;appel de 30 jours \u00e9tait ouvert jusqu&#039;au 14 janvier 2016. Aucune demande d&#039;appel n&#039;a \u00e9t\u00e9 re\u00e7ue. La certification du projet d&#039;Oakdale entrera en vigueur le 14 avril 2015 pour une dur\u00e9e de huit (8) ans, qui expirera le 14 avril 2023.<\/p>\n<p><strong>22 octobre 2015 : \u00a0<\/strong>Le projet hydro\u00e9lectrique d&#039;Oakdale a obtenu une prolongation suppl\u00e9mentaire, la nouvelle date d&#039;expiration est le 31 d\u00e9cembre 2015.<\/p>\n<p><strong>30 septembre 2015 \u2013<\/strong> Le Low Impact Hydropower Institute a re\u00e7u le 21 septembre 2015 une demande compl\u00e8te de renouvellement de la certification \u00ab\u00a0faible impact\u00a0\u00bb pour le projet hydro\u00e9lectrique d&#039;Oakdale. Les documents de candidature sont disponibles dans la section \u00ab\u00a0Documents\u00a0\u00bb ci-dessous. La p\u00e9riode de consultation publique pour cette demande a pris fin le 30 novembre 2015.<\/p>\n<p><strong>19 juin 2015 :<\/strong>\u00a0Le projet hydro\u00e9lectrique d&#039;Oakdale a obtenu une prolongation de la dur\u00e9e actuelle du certificat. La nouvelle date d&#039;expiration est le 11 octobre 2015.<\/p>\n<p><strong>21 juillet 2010 :<\/strong> Le projet hydro\u00e9lectrique d&#039;Oakdale a \u00e9t\u00e9 certifi\u00e9 \u00e0 faible impact pour une p\u00e9riode de cinq ans, \u00e0 compter du 14 avril 2010 et expirant le 14 avril 2015. La certification comprend la condition suivante :<\/p>\n<ul style=\"color: black;\">\n<li><strong><em>Condition satisfaite en 2010<\/em> Condition 1 :<\/strong> <span class='tooltipsall tooltip_post_id_5567 classtoolTips78'>\u00c9cran \u00e0 poissons<\/span> Maintenance \u2013 D\u2019ici le 31 d\u00e9cembre 2010, fournir au LIHI une copie des proc\u00e9dures et du protocole de maintenance du MWRA pour le projet <span class='tooltipsall tooltip_post_id_5567 classtoolTips78'>\u00e9crans \u00e0 poissons<\/span>.<\/li>\n<\/ul>\n<p><strong>14 juin 2010 :<\/strong> La p\u00e9riode de commentaires publics pour la demande de certification est termin\u00e9e.<\/p>\n<p><strong>9 juin 2010 :<\/strong> Le LIHI a re\u00e7u la lettre de commentaires suivante de l&#039;USFWS concernant le projet Oakdale. Vous la trouverez dans la section \u00ab\u00a0Fichiers\u00a0\u00bb ci-dessous.<\/p>\n<p><strong>14 avril 2010 :<\/strong> La Massachusetts Water Resources Authority (MWRA) a d\u00e9pos\u00e9 une demande de certification pour le projet hydro\u00e9lectrique d&#039;Oakdale. Une p\u00e9riode de consultation publique sera ouverte pendant 60 jours.<\/p>\n<hr \/>\n<h3>Dossiers de certification<\/h3>\n<h4>Recertification 2023<\/h4>\n<ul>\n<li><a href=\"https:\/\/lowimpacthydro.org\/wp-content\/uploads\/2024\/01\/Oakdale-Certification-Review_01252024_Final-Report.pdf\">Rapport de recertification d&#039;Oakdale 2024<\/a><\/li>\n<li><a href=\"https:\/\/lowimpacthydro.org\/wp-content\/uploads\/2023\/11\/Oakdale-recertification-application-2023-09-19.pdf\">Demande de recertification d&#039;Oakdale 2023<\/a><\/li>\n<\/ul>\n<h4>Recertification 2015<\/h4>\n<ul style=\"color: black;\">\n<li><a href=\"https:\/\/lowimpacthydro.org\/wp-content\/uploads\/2020\/07\/Oakdale-Recertification-Report_PD-final-12-4-15.pdf\">Rapport de recertification d&#039;Oakdale 2015<\/a><\/li>\n<li><a href=\"https:\/\/lowimpacthydro.org\/wp-content\/uploads\/2020\/07\/OakdaleLIHI2015application.pdf\">Demande de recertification d&#039;Oakdale 2015<\/a><\/li>\n<li><a href=\"https:\/\/lowimpacthydro.org\/wp-content\/uploads\/2020\/07\/Oakdale-LIHI-comments.pdf\">Lettre de commentaires de la Division des p\u00eaches et de la faune du Massachusetts \u2013 Recertification d&#039;Oakdale<\/a><\/li>\n<\/ul>\n<h4>Certification 2010<\/h4>\n<ul style=\"color: black;\">\n<li><a href=\"https:\/\/lowimpacthydro.org\/wp-content\/uploads\/2020\/07\/MWRA_Final_Cert_Report.pdf\">Rapport d&#039;examen de la certification d&#039;Oakdale<\/a><\/li>\n<li><a href=\"https:\/\/lowimpacthydro.org\/wp-content\/uploads\/2020\/09\/LIHI-Pending-Application-Oakdale-4-15-10.doc\">Demande de certification Oakdale<\/a><\/li>\n<li><a href=\"https:\/\/lowimpacthydro.org\/wp-content\/uploads\/2020\/09\/USFWS_Melissa-Grader_comment-letter_Oakdale-cert.pdf\">Lettre de commentaires du US Fish and Wildlife Service \u2013 Certification Oakdale<\/a><\/li>\n<li><a href=\"https:\/\/lowimpacthydro.org\/wp-content\/uploads\/2023\/09\/Mass-DEP-WQ-letter-2010-Cosgrove-Loring-Rd-Oakdale.pdf\">Lettre de commentaires du DEP du Massachusetts 2010<\/a><\/li>\n<\/ul>\n<hr \/>\n<h3>Documents cl\u00e9s<\/h3>\n<ul>\n<li><a href=\"https:\/\/lowimpacthydro.org\/wp-content\/uploads\/2023\/06\/19900125-Oakdale-FERC-exemption.pdf\">Oakdale FERC <span class='tooltipsall tooltip_post_id_5562 classtoolTips113'>Exemption<\/span><\/a><\/li>\n<li><a href=\"https:\/\/lowimpacthydro.org\/wp-content\/uploads\/2023\/06\/19881112-Oakdale-FERC-exemption-application.pdf\">Demande d&#039;exemption d&#039;Oakdale<\/a><\/li>\n<\/ul>","protected":false},"excerpt":{"rendered":"<p>&nbsp; &nbsp; &nbsp; Project Name Oakdale LIHI Certificate No. 57 LIHI Certificate Term April 14, 2023 &#8211; April 13, 2038 Owner Massachusetts Water Resource Authority State<span class=\"excerpt-hellip\"> [\u2026]<\/span><\/p>\n","protected":false},"author":3,"featured_media":-1,"parent":0,"menu_order":0,"comment_status":"closed","ping_status":"closed","template":"","meta":{"_coblocks_attr":"","_coblocks_dimensions":"","_coblocks_responsive_height":"","_coblocks_accordion_ie_support":"","om_disable_all_campaigns":false,"_monsterinsights_skip_tracking":false,"_monsterinsights_sitenote_active":false,"_monsterinsights_sitenote_note":"","_monsterinsights_sitenote_category":0,"footnotes":""},"class_list":["post-1795","page","type-page","status-publish","has-post-thumbnail","hentry"],"aioseo_notices":[],"_links":{"self":[{"href":"https:\/\/lowimpacthydro.org\/fr\/wp-json\/wp\/v2\/pages\/1795","targetHints":{"allow":["GET"]}}],"collection":[{"href":"https:\/\/lowimpacthydro.org\/fr\/wp-json\/wp\/v2\/pages"}],"about":[{"href":"https:\/\/lowimpacthydro.org\/fr\/wp-json\/wp\/v2\/types\/page"}],"author":[{"embeddable":true,"href":"https:\/\/lowimpacthydro.org\/fr\/wp-json\/wp\/v2\/users\/3"}],"replies":[{"embeddable":true,"href":"https:\/\/lowimpacthydro.org\/fr\/wp-json\/wp\/v2\/comments?post=1795"}],"version-history":[{"count":22,"href":"https:\/\/lowimpacthydro.org\/fr\/wp-json\/wp\/v2\/pages\/1795\/revisions"}],"predecessor-version":[{"id":10450,"href":"https:\/\/lowimpacthydro.org\/fr\/wp-json\/wp\/v2\/pages\/1795\/revisions\/10450"}],"wp:featuredmedia":[{"embeddable":true,"href":"https:\/\/lowimpacthydro.org\/fr\/wp-json\/"}],"wp:attachment":[{"href":"https:\/\/lowimpacthydro.org\/fr\/wp-json\/wp\/v2\/media?parent=1795"}],"curies":[{"name":"wp","href":"https:\/\/api.w.org\/{rel}","templated":true}]}}